{"id":8509,"date":"2024-11-05T19:28:59","date_gmt":"2024-11-05T18:28:59","guid":{"rendered":"https:\/\/familienhoerbuch.de\/?page_id=8509"},"modified":"2025-05-22T11:13:05","modified_gmt":"2025-05-22T09:13:05","slug":"unsere-schirmherrin","status":"publish","type":"page","link":"https:\/\/familienhoerbuch.de\/sv\/unsere-schirmherrin\/","title":{"rendered":"V\u00e5r beskyddare"},"content":{"rendered":"<div data-elementor-type=\"wp-page\" data-elementor-id=\"8509\" class=\"elementor elementor-8509\" data-elementor-post-type=\"page\">\n\t\t\t\t<div class=\"elementor-element elementor-element-c4d303e e-grid e-con-boxed e-con e-parent\" data-id=\"c4d303e\" data-element_type=\"container\" data-e-type=\"container\">\n\t\t\t\t\t<div class=\"e-con-inner\">\n\t\t<div class=\"elementor-element elementor-element-c26cc83 e-con-full e-flex e-con e-child\" data-id=\"c26cc83\" data-element_type=\"container\" data-e-type=\"container\">\n\t\t\t\t<div class=\"elementor-element elementor-element-95244d6 elementor-widget elementor-widget-heading\" data-id=\"95244d6\" data-element_type=\"widget\" data-e-type=\"widget\" data-widget_type=\"heading.default\">\n\t\t\t\t<div class=\"elementor-widget-container\">\n\t\t\t\t\t<h5 class=\"elementor-heading-title elementor-size-default\">V\u00e5r beskyddare <\/h5>\t\t\t\t<\/div>\n\t\t\t\t<\/div>\n\t\t\t\t<div class=\"elementor-element elementor-element-e30189c elementor-widget elementor-widget-heading\" data-id=\"e30189c\" data-element_type=\"widget\" data-e-type=\"widget\" data-widget_type=\"heading.default\">\n\t\t\t\t<div class=\"elementor-widget-container\">\n\t\t\t\t\t<h2 class=\"elementor-heading-title elementor-size-default\">R\u00f6sten finns kvar<\/h2>\t\t\t\t<\/div>\n\t\t\t\t<\/div>\n\t\t\t\t<div class=\"elementor-element elementor-element-4bbc04d elementor-widget elementor-widget-text-editor\" data-id=\"4bbc04d\" data-element_type=\"widget\" data-e-type=\"widget\" data-widget_type=\"text-editor.default\">\n\t\t\t\t<div class=\"elementor-widget-container\">\n\t\t\t\t\t\t\t\t\t<p>Elena Uhlig, sk\u00e5despelerska, f\u00f6rfattare och presentat\u00f6r, har varit volont\u00e4r som beskyddare med mycket hj\u00e4rta och empati f\u00f6r familjens ljudbok sedan november 2024. \u00c4ven mamma till fyra minder\u00e5riga barn vet om vikten och effekten av en s\u00e5dan ljudbiografi och \u00e4r d\u00e4rf\u00f6r ocks\u00e5 engagerad i v\u00e5ra \u00e4mnen i hennes n\u00e4tverk.<\/p>\t\t\t\t\t\t\t\t<\/div>\n\t\t\t\t<\/div>\n\t\t\t\t<\/div>\n\t\t<div class=\"elementor-element elementor-element-7c1c99a e-con-full e-flex e-con e-child\" data-id=\"7c1c99a\" data-element_type=\"container\" data-e-type=\"container\">\n\t\t\t\t<div class=\"elementor-element elementor-element-2cbbac3 elementor-widget elementor-widget-image\" data-id=\"2cbbac3\" data-element_type=\"widget\" data-e-type=\"widget\" data-widget_type=\"image.default\">\n\t\t\t\t<div class=\"elementor-widget-container\">\n\t\t\t\t\t\t\t\t\t\t\t\t\t\t\t<img fetchpriority=\"high\" decoding=\"async\" width=\"800\" height=\"534\" src=\"https:\/\/familienhoerbuch.de\/wp-content\/uploads\/2024\/11\/12b61a48-7665-4141-a09b-0fb41fce99e9-1024x683.jpg\" class=\"attachment-large size-large wp-image-8512\" alt=\"\" srcset=\"https:\/\/familienhoerbuch.de\/wp-content\/uploads\/2024\/11\/12b61a48-7665-4141-a09b-0fb41fce99e9-1024x683.jpg 1024w, https:\/\/familienhoerbuch.de\/wp-content\/uploads\/2024\/11\/12b61a48-7665-4141-a09b-0fb41fce99e9-300x200.jpg 300w, https:\/\/familienhoerbuch.de\/wp-content\/uploads\/2024\/11\/12b61a48-7665-4141-a09b-0fb41fce99e9-768x512.jpg 768w, https:\/\/familienhoerbuch.de\/wp-content\/uploads\/2024\/11\/12b61a48-7665-4141-a09b-0fb41fce99e9.jpg 1200w\" sizes=\"(max-width: 800px) 100vw, 800px\" \/>\t\t\t\t\t\t\t\t\t\t\t\t\t\t\t<\/div>\n\t\t\t\t<\/div>\n\t\t\t\t<\/div>\n\t\t\t\t\t<\/div>\n\t\t\t\t<\/div>\n\t\t<div class=\"elementor-element elementor-element-c68c4eb e-flex e-con-boxed e-con e-parent\" data-id=\"c68c4eb\" data-element_type=\"container\" data-e-type=\"container\" data-settings=\"{&quot;background_background&quot;:&quot;classic&quot;}\">\n\t\t\t\t\t<div class=\"e-con-inner\">\n\t\t<div class=\"elementor-element elementor-element-c2ac0ce e-con-full e-flex e-con e-child\" data-id=\"c2ac0ce\" data-element_type=\"container\" data-e-type=\"container\">\n\t\t\t\t<div class=\"elementor-element elementor-element-799a011 elementor-blockquote--skin-clean elementor-blockquote--align-left elementor-widget__width-initial elementor-widget elementor-widget-blockquote\" data-id=\"799a011\" data-element_type=\"widget\" data-e-type=\"widget\" data-widget_type=\"blockquote.default\">\n\t\t\t\t<div class=\"elementor-widget-container\">\n\t\t\t\t\t\t\t<blockquote class=\"elementor-blockquote\">\n\t\t\t<p class=\"elementor-blockquote__content\">\n\t\t\t\t\u201dUnder 2021 dog en mycket god v\u00e4n till mig, han var d\u00f6dligt sjuk i cancer och hade en son som d\u00e5 var 13 \u00e5r gammal. Jag har ofta pratat med honom om huruvida han inte vill skriva brev eller liknande f\u00f6r sitt barn, s\u00e5 att n\u00e4r han inte l\u00e4ngre \u00e4r d\u00e4r, kommer hans son att ha ett minne av honom. Tyv\u00e4rr har vi aldrig genomf\u00f6rt denna plan. Idag t\u00e4nker jag fortfarande mycket p\u00e5 det och kanske borde jag ha st\u00f6ttat honom mer. Tyv\u00e4rr k\u00e4nde jag inte till familjens ljudbok p\u00e5 den tiden.\n<br><br>\nSom fyrabarnsmamma t\u00e4nker jag naturligtvis p\u00e5 vad som h\u00e4nder n\u00e4r jag blir allvarligt sjuk och d\u00f6r? Vad l\u00e4mnar jag till mina barn av mina minnen och tankar? Vad kan jag ge dem n\u00e4r jag \u00e4r borta?\n<br><br>\nJag \u00e4r mycket r\u00f6rd av familjens ljudbok, eftersom det ger drabbade familjer m\u00f6jlighet att ge sina barn n\u00e5got som kommer att f\u00f6lja dem p\u00e5 deras fortsatta livsv\u00e4g.\t\t\t<\/p>\n\t\t\t\t\t<\/blockquote>\n\t\t\t\t\t\t<\/div>\n\t\t\t\t<\/div>\n\t\t\t\t<\/div>\n\t\t\t\t\t<\/div>\n\t\t\t\t<\/div>\n\t\t<div class=\"elementor-element elementor-element-a0001d5 e-grid e-con-boxed e-con e-parent\" data-id=\"a0001d5\" data-element_type=\"container\" data-e-type=\"container\">\n\t\t\t\t\t<div class=\"e-con-inner\">\n\t\t<div class=\"elementor-element elementor-element-e93fb82 e-con-full e-flex e-con e-child\" data-id=\"e93fb82\" data-element_type=\"container\" data-e-type=\"container\">\n\t\t\t\t<div class=\"elementor-element elementor-element-a14750e elementor-widget elementor-widget-video\" data-id=\"a14750e\" data-element_type=\"widget\" data-e-type=\"widget\" data-settings=\"{&quot;youtube_url&quot;:&quot;https:\\\/\\\/www.youtube.com\\\/watch?v=elmR155QpyU&quot;,&quot;video_type&quot;:&quot;youtube&quot;,&quot;controls&quot;:&quot;yes&quot;}\" data-widget_type=\"video.default\">\n\t\t\t\t<div class=\"elementor-widget-container\">\n\t\t\t\t\t\t\t<div class=\"elementor-wrapper elementor-open-inline\">\n\t\t\t<div class=\"elementor-video\"><\/div>\t\t<\/div>\n\t\t\t\t\t\t<\/div>\n\t\t\t\t<\/div>\n\t\t\t\t<\/div>\n\t\t<div class=\"elementor-element elementor-element-40fab9f e-con-full e-flex e-con e-child\" data-id=\"40fab9f\" data-element_type=\"container\" data-e-type=\"container\">\n\t\t\t\t<div class=\"elementor-element elementor-element-fea99cd elementor-widget elementor-widget-heading\" data-id=\"fea99cd\" data-element_type=\"widget\" data-e-type=\"widget\" data-widget_type=\"heading.default\">\n\t\t\t\t<div class=\"elementor-widget-container\">\n\t\t\t\t\t<h2 class=\"elementor-heading-title elementor-size-default\">F\u00f6r en projektdeltagare<\/h2>\t\t\t\t<\/div>\n\t\t\t\t<\/div>\n\t\t\t\t<div class=\"elementor-element elementor-element-b041d1d elementor-widget elementor-widget-text-editor\" data-id=\"b041d1d\" data-element_type=\"widget\" data-e-type=\"widget\" data-widget_type=\"text-editor.default\">\n\t\t\t\t<div class=\"elementor-widget-container\">\n\t\t\t\t\t\t\t\t\t<p>Elena Uhlig tr\u00e4ffar Thomas och hans fru. Han skrev en familjeljudbok f\u00f6r sina barn. I dialog med k\u00e4ndisarna blir det tydligt hur mycket projektet r\u00f6r alla inblandade.<\/p><p>Det \u00e4r en g\u00e5va f\u00f6r framtiden f\u00f6r flera generationer. Kostnadsfri. Det \u00e4r \u00e4kta. Ledsagad av experter.<\/p><p>Den andra delen av videon har ocks\u00e5 en ljudbiografi som talar om inspelningsdagarna.<\/p>\t\t\t\t\t\t\t\t<\/div>\n\t\t\t\t<\/div>\n\t\t\t\t<\/div>\n\t\t\t\t\t<\/div>\n\t\t\t\t<\/div>\n\t\t<div class=\"elementor-element elementor-element-d4242fa e-grid e-con-boxed e-con e-parent\" data-id=\"d4242fa\" data-element_type=\"container\" data-e-type=\"container\" data-settings=\"{&quot;background_background&quot;:&quot;classic&quot;}\">\n\t\t\t\t\t<div class=\"e-con-inner\">\n\t\t<div class=\"elementor-element elementor-element-c052585 e-con-full e-flex e-con e-child\" data-id=\"c052585\" data-element_type=\"container\" data-e-type=\"container\">\n\t\t\t\t<div class=\"elementor-element elementor-element-a9c2357 elementor-widget elementor-widget-heading\" data-id=\"a9c2357\" data-element_type=\"widget\" data-e-type=\"widget\" data-widget_type=\"heading.default\">\n\t\t\t\t<div class=\"elementor-widget-container\">\n\t\t\t\t\t<h5 class=\"elementor-heading-title elementor-size-default\">Grundare Judith Gr\u00fcmmer:<\/h5>\t\t\t\t<\/div>\n\t\t\t\t<\/div>\n\t\t\t\t<div class=\"elementor-element elementor-element-9a95bfe elementor-widget elementor-widget-text-editor\" data-id=\"9a95bfe\" data-element_type=\"widget\" data-e-type=\"widget\" data-widget_type=\"text-editor.default\">\n\t\t\t\t<div class=\"elementor-widget-container\">\n\t\t\t\t\t\t\t\t\t<p><em>\u201dN\u00e4r beh\u00f6ver du ett paraply? Varje g\u00e5ng det regnar?\u00a0<br \/><\/em><em style=\"text-align: var(--text-align); font-weight: var( --e-global-typography-text-font-weight ); font-size: 1rem; font-family: var( --e-global-typography-text-font-family ), Sans-serif; color: var( --e-global-color-text );\">Som en ideell organisation \u00e5tnjuter vi skydd av en patroness \u00e5ret runt. I den grunda vinden av en v\u00e5rvind, n\u00e4r solen brinner p\u00e5 sommaren, n\u00e4r dagarna blir kortare och dimma kommer upp, p\u00e5 vintern, s\u00e5 snart fru Holle skakar s\u00e4ngarna. Elena \u00e4r v\u00e5rt skyddshelgon som delar sitt ljus med oss. Det \u00f6ppnar \u00e4nnu fler d\u00f6rrar f\u00f6r m\u00e4nniskor som vill dela det sociala ansvaret och g\u00f6ra det m\u00f6jligt f\u00f6r sv\u00e5rt sjuka f\u00f6r\u00e4ldrar att l\u00e4mna n\u00e5got till sina n\u00e4ra och k\u00e4ra.<\/em><\/p>\t\t\t\t\t\t\t\t<\/div>\n\t\t\t\t<\/div>\n\t\t\t\t<\/div>\n\t\t<div class=\"elementor-element elementor-element-05b330b e-con-full e-flex e-con e-child\" data-id=\"05b330b\" data-element_type=\"container\" data-e-type=\"container\">\n\t\t\t\t<div class=\"elementor-element elementor-element-95f8c81 elementor-widget elementor-widget-image\" data-id=\"95f8c81\" data-element_type=\"widget\" data-e-type=\"widget\" data-widget_type=\"image.default\">\n\t\t\t\t<div class=\"elementor-widget-container\">\n\t\t\t\t\t\t\t\t\t\t\t\t<figure class=\"wp-caption\">\n\t\t\t\t\t\t\t\t\t\t<img decoding=\"async\" width=\"800\" height=\"573\" src=\"https:\/\/familienhoerbuch.de\/wp-content\/uploads\/2024\/11\/CreditSELINAPFRUENER_JudithGruemmer_Projektinitiatorin1-1-1024x733.jpg\" class=\"attachment-large size-large wp-image-8578\" alt=\"\" srcset=\"https:\/\/familienhoerbuch.de\/wp-content\/uploads\/2024\/11\/CreditSELINAPFRUENER_JudithGruemmer_Projektinitiatorin1-1-1024x733.jpg 1024w, https:\/\/familienhoerbuch.de\/wp-content\/uploads\/2024\/11\/CreditSELINAPFRUENER_JudithGruemmer_Projektinitiatorin1-1-300x215.jpg 300w, https:\/\/familienhoerbuch.de\/wp-content\/uploads\/2024\/11\/CreditSELINAPFRUENER_JudithGruemmer_Projektinitiatorin1-1-768x550.jpg 768w, https:\/\/familienhoerbuch.de\/wp-content\/uploads\/2024\/11\/CreditSELINAPFRUENER_JudithGruemmer_Projektinitiatorin1-1.jpg 1200w\" sizes=\"(max-width: 800px) 100vw, 800px\" \/>\t\t\t\t\t\t\t\t\t\t\t<figcaption class=\"widget-image-caption wp-caption-text\">Kredit: Selina Pfr\u00fcner<\/figcaption>\n\t\t\t\t\t\t\t\t\t\t<\/figure>\n\t\t\t\t\t\t\t\t\t<\/div>\n\t\t\t\t<\/div>\n\t\t\t\t<\/div>\n\t\t\t\t\t<\/div>\n\t\t\t\t<\/div>\n\t\t<div class=\"elementor-element elementor-element-db86e6f e-flex e-con-boxed e-con e-parent\" data-id=\"db86e6f\" data-element_type=\"container\" data-e-type=\"container\">\n\t\t\t\t\t<div class=\"e-con-inner\">\n\t\t\t\t<div class=\"elementor-element elementor-element-41efae6 elementor-widget elementor-widget-text-editor\" data-id=\"41efae6\" data-element_type=\"widget\" data-e-type=\"widget\" data-widget_type=\"text-editor.default\">\n\t\t\t\t<div class=\"elementor-widget-container\">\n\t\t\t\t\t\t\t\t\t<p>Vi \u00e4r undertecknare av Transparent Civil Society Initiative, medlem av den tyska insamlingsf\u00f6reningen och innehavare av Fairness First Seal.<\/p>\t\t\t\t\t\t\t\t<\/div>\n\t\t\t\t<\/div>\n\t\t<div class=\"elementor-element elementor-element-c08e838 e-con-full e-flex e-con e-child\" data-id=\"c08e838\" data-element_type=\"container\" data-e-type=\"container\">\n\t\t<div class=\"elementor-element elementor-element-9c635a3 e-grid e-con-full e-con e-child\" data-id=\"9c635a3\" data-element_type=\"container\" data-e-type=\"container\">\n\t\t\t\t<div class=\"elementor-element elementor-element-dfdfcf0 elementor-widget elementor-widget-image\" data-id=\"dfdfcf0\" data-element_type=\"widget\" data-e-type=\"widget\" data-widget_type=\"image.default\">\n\t\t\t\t<div class=\"elementor-widget-container\">\n\t\t\t\t\t\t\t\t\t\t\t\t\t\t\t<img decoding=\"async\" width=\"735\" height=\"200\" src=\"https:\/\/familienhoerbuch.de\/wp-content\/uploads\/2024\/09\/Transparente_ZivilgesellschaftPNG.png\" class=\"attachment-large size-large wp-image-266\" alt=\"\" srcset=\"https:\/\/familienhoerbuch.de\/wp-content\/uploads\/2024\/09\/Transparente_ZivilgesellschaftPNG.png 735w, https:\/\/familienhoerbuch.de\/wp-content\/uploads\/2024\/09\/Transparente_ZivilgesellschaftPNG-300x82.png 300w\" sizes=\"(max-width: 735px) 100vw, 735px\" \/>\t\t\t\t\t\t\t\t\t\t\t\t\t\t\t<\/div>\n\t\t\t\t<\/div>\n\t\t\t\t<div class=\"elementor-element elementor-element-babff7f elementor-widget elementor-widget-image\" data-id=\"babff7f\" data-element_type=\"widget\" data-e-type=\"widget\" data-widget_type=\"image.default\">\n\t\t\t\t<div class=\"elementor-widget-container\">\n\t\t\t\t\t\t\t\t\t\t\t\t\t\t\t<img loading=\"lazy\" decoding=\"async\" width=\"300\" height=\"300\" src=\"https:\/\/familienhoerbuch.de\/wp-content\/uploads\/2024\/09\/DFRV-signet_4c1.png\" class=\"attachment-large size-large wp-image-322\" alt=\"\" srcset=\"https:\/\/familienhoerbuch.de\/wp-content\/uploads\/2024\/09\/DFRV-signet_4c1.png 300w, https:\/\/familienhoerbuch.de\/wp-content\/uploads\/2024\/09\/DFRV-signet_4c1-150x150.png 150w\" sizes=\"(max-width: 300px) 100vw, 300px\" \/>\t\t\t\t\t\t\t\t\t\t\t\t\t\t\t<\/div>\n\t\t\t\t<\/div>\n\t\t\t\t<div class=\"elementor-element elementor-element-94bed5e elementor-widget elementor-widget-image\" data-id=\"94bed5e\" data-element_type=\"widget\" data-e-type=\"widget\" data-widget_type=\"image.default\">\n\t\t\t\t<div class=\"elementor-widget-container\">\n\t\t\t\t\t\t\t\t\t\t\t\t\t\t\t<img loading=\"lazy\" decoding=\"async\" width=\"707\" height=\"1024\" src=\"https:\/\/familienhoerbuch.de\/wp-content\/uploads\/2024\/08\/FF-Siegel-Familienhoerbuch-gGmbH-707x1024.png\" class=\"attachment-large size-large wp-image-17\" alt=\"\" srcset=\"https:\/\/familienhoerbuch.de\/wp-content\/uploads\/2024\/08\/FF-Siegel-Familienhoerbuch-gGmbH-707x1024.png 707w, https:\/\/familienhoerbuch.de\/wp-content\/uploads\/2024\/08\/FF-Siegel-Familienhoerbuch-gGmbH-207x300.png 207w, https:\/\/familienhoerbuch.de\/wp-content\/uploads\/2024\/08\/FF-Siegel-Familienhoerbuch-gGmbH-768x1112.png 768w, https:\/\/familienhoerbuch.de\/wp-content\/uploads\/2024\/08\/FF-Siegel-Familienhoerbuch-gGmbH-1061x1536.png 1061w, https:\/\/familienhoerbuch.de\/wp-content\/uploads\/2024\/08\/FF-Siegel-Familienhoerbuch-gGmbH-1415x2048.png 1415w\" sizes=\"(max-width: 707px) 100vw, 707px\" \/>\t\t\t\t\t\t\t\t\t\t\t\t\t\t\t<\/div>\n\t\t\t\t<\/div>\n\t\t\t\t<\/div>\n\t\t\t\t<\/div>\n\t\t\t\t\t<\/div>\n\t\t\t\t<\/div>\n\t\t\t\t<\/div>","protected":false},"excerpt":{"rendered":"<p>V\u00e5r beskyddare The Voice f\u00f6rblir Elena Uhlig, sk\u00e5despelerska, f\u00f6rfattare och presentat\u00f6r, har varit volont\u00e4r sedan november 2024 som en beskyddare med mycket hj\u00e4rta och empati f\u00f6r familjens ljudbok. \u00c4ven mor till fyra minder\u00e5riga barn vet om vikten och effekten av en s\u00e5dan audiobiografi och st\u00f6der d\u00e4rf\u00f6r [\u2026] i sitt n\u00e4tverk.<\/p>","protected":false},"author":1,"featured_media":0,"parent":0,"menu_order":0,"comment_status":"closed","ping_status":"closed","template":"","meta":{"_acf_changed":false,"footnotes":""},"class_list":["post-8509","page","type-page","status-publish","hentry"],"acf":[],"_links":{"self":[{"href":"https:\/\/familienhoerbuch.de\/sv\/wp-json\/wp\/v2\/pages\/8509","targetHints":{"allow":["GET"]}}],"collection":[{"href":"https:\/\/familienhoerbuch.de\/sv\/wp-json\/wp\/v2\/pages"}],"about":[{"href":"https:\/\/familienhoerbuch.de\/sv\/wp-json\/wp\/v2\/types\/page"}],"author":[{"embeddable":true,"href":"https:\/\/familienhoerbuch.de\/sv\/wp-json\/wp\/v2\/users\/1"}],"replies":[{"embeddable":true,"href":"https:\/\/familienhoerbuch.de\/sv\/wp-json\/wp\/v2\/comments?post=8509"}],"version-history":[{"count":0,"href":"https:\/\/familienhoerbuch.de\/sv\/wp-json\/wp\/v2\/pages\/8509\/revisions"}],"wp:attachment":[{"href":"https:\/\/familienhoerbuch.de\/sv\/wp-json\/wp\/v2\/media?parent=8509"}],"curies":[{"name":"wp","href":"https:\/\/api.w.org\/{rel}","templated":true}]}}