{"id":356,"date":"2024-09-06T14:08:52","date_gmt":"2024-09-06T12:08:52","guid":{"rendered":"https:\/\/websplash.familienhoerbuch.de\/?page_id=356"},"modified":"2025-09-01T15:00:24","modified_gmt":"2025-09-01T13:00:24","slug":"datenschutz","status":"publish","type":"page","link":"https:\/\/familienhoerbuch.de\/sv\/datenschutz\/","title":{"rendered":"sekretess"},"content":{"rendered":"<div data-elementor-type=\"wp-page\" data-elementor-id=\"356\" class=\"elementor elementor-356\" data-elementor-post-type=\"page\">\n\t\t\t\t<div class=\"elementor-element elementor-element-103a542 e-flex e-con-boxed e-con e-parent\" data-id=\"103a542\" data-element_type=\"container\" data-e-type=\"container\">\n\t\t\t\t\t<div class=\"e-con-inner\">\n\t\t\t\t<div class=\"elementor-element elementor-element-c8ab292 elementor-widget elementor-widget-heading\" data-id=\"c8ab292\" data-element_type=\"widget\" data-e-type=\"widget\" data-widget_type=\"heading.default\">\n\t\t\t\t<div class=\"elementor-widget-container\">\n\t\t\t\t\t<h5 class=\"elementor-heading-title elementor-size-default\">sekretess<\/h5>\t\t\t\t<\/div>\n\t\t\t\t<\/div>\n\t\t\t\t<div class=\"elementor-element elementor-element-d3b127a elementor-widget elementor-widget-heading\" data-id=\"d3b127a\" data-element_type=\"widget\" data-e-type=\"widget\" data-widget_type=\"heading.default\">\n\t\t\t\t<div class=\"elementor-widget-container\">\n\t\t\t\t\t<h5 class=\"elementor-heading-title elementor-size-default\">Ansvarigt organ<\/h5>\t\t\t\t<\/div>\n\t\t\t\t<\/div>\n\t\t\t\t<div class=\"elementor-element elementor-element-f547ff9 elementor-widget elementor-widget-text-editor\" data-id=\"f547ff9\" data-element_type=\"widget\" data-e-type=\"widget\" data-widget_type=\"text-editor.default\">\n\t\t\t\t<div class=\"elementor-widget-container\">\n\t\t\t\t\t\t\t\t\t<p>Familj ljudbok gGmbH<br \/>Oberl\u00e4ndermuren 24<br \/>50678 K\u00f6ln, Tyskland<\/p>\t\t\t\t\t\t\t\t<\/div>\n\t\t\t\t<\/div>\n\t\t\t\t<div class=\"elementor-element elementor-element-dcb2735 elementor-widget elementor-widget-heading\" data-id=\"dcb2735\" data-element_type=\"widget\" data-e-type=\"widget\" data-widget_type=\"heading.default\">\n\t\t\t\t<div class=\"elementor-widget-container\">\n\t\t\t\t\t<h5 class=\"elementor-heading-title elementor-size-default\">Dataskyddsombud<\/h5>\t\t\t\t<\/div>\n\t\t\t\t<\/div>\n\t\t\t\t<div class=\"elementor-element elementor-element-4d091a4 elementor-widget elementor-widget-text-editor\" data-id=\"4d091a4\" data-element_type=\"widget\" data-e-type=\"widget\" data-widget_type=\"text-editor.default\">\n\t\t\t\t<div class=\"elementor-widget-container\">\n\t\t\t\t\t\t\t\t\t<p>Christopher Schroer<br \/>firstbyte digital konsultation e.K.<\/p>\t\t\t\t\t\t\t\t<\/div>\n\t\t\t\t<\/div>\n\t\t\t\t<div class=\"elementor-element elementor-element-94b4818 elementor-widget elementor-widget-heading\" data-id=\"94b4818\" data-element_type=\"widget\" data-e-type=\"widget\" data-widget_type=\"heading.default\">\n\t\t\t\t<div class=\"elementor-widget-container\">\n\t\t\t\t\t<h5 class=\"elementor-heading-title elementor-size-default\">sekretess<\/h5>\t\t\t\t<\/div>\n\t\t\t\t<\/div>\n\t\t\t\t<div class=\"elementor-element elementor-element-d48c74c elementor-widget elementor-widget-text-editor\" data-id=\"d48c74c\" data-element_type=\"widget\" data-e-type=\"widget\" data-widget_type=\"text-editor.default\">\n\t\t\t\t<div class=\"elementor-widget-container\">\n\t\t\t\t\t\t\t\t\t<p>Familienh\u00f6rbuch gGmbH tar skyddet av dina personuppgifter p\u00e5 st\u00f6rsta allvar. Vi behandlar dina personuppgifter konfidentiellt och i enlighet med lagstadgade dataskyddsbest\u00e4mmelser och denna dataskyddsinformation.<\/p><p>Anv\u00e4ndningen av v\u00e5r webbplats \u00e4r vanligtvis m\u00f6jlig utan att l\u00e4mna personuppgifter. I den m\u00e5n personuppgifter (t.ex. namn, adress eller e-postadresser) samlas in p\u00e5 dessa sidor sker detta alltid p\u00e5 frivillig basis s\u00e5 l\u00e5ngt det \u00e4r m\u00f6jligt. Dessa uppgifter kommer aldrig att vidarebefordras till tredje part utan ditt uttryckliga samtycke. Vi vill p\u00e5peka att data\u00f6verf\u00f6ring p\u00e5 Internet (t.ex. vid kommunikation via e-post) kan ha s\u00e4kerhetsluckor. Ett fullst\u00e4ndigt skydd av uppgifterna mot \u00e5tkomst av tredje part \u00e4r inte m\u00f6jligt.<\/p>\t\t\t\t\t\t\t\t<\/div>\n\t\t\t\t<\/div>\n\t\t\t\t<div class=\"elementor-element elementor-element-4c1853b elementor-widget elementor-widget-heading\" data-id=\"4c1853b\" data-element_type=\"widget\" data-e-type=\"widget\" data-widget_type=\"heading.default\">\n\t\t\t\t<div class=\"elementor-widget-container\">\n\t\t\t\t\t<h5 class=\"elementor-heading-title elementor-size-default\">Serverloggfiler<\/h5>\t\t\t\t<\/div>\n\t\t\t\t<\/div>\n\t\t\t\t<div class=\"elementor-element elementor-element-9718884 elementor-widget elementor-widget-text-editor\" data-id=\"9718884\" data-element_type=\"widget\" data-e-type=\"widget\" data-widget_type=\"text-editor.default\">\n\t\t\t\t<div class=\"elementor-widget-container\">\n\t\t\t\t\t\t\t\t\t<p>V\u00e5r leverant\u00f6r (dogado GmbH) samlar automatiskt in och lagrar information i s\u00e5 kallade serverloggfiler, som din webbl\u00e4sare automatiskt \u00f6verf\u00f6r till dem. Det r\u00f6r sig om f\u00f6ljande:<\/p><ul><li>Kunddom\u00e4n<\/li><li>Anonymiserad klient-IP<\/li><li>Tidsst\u00e4mpel<\/li><li>Ans\u00f6kningsrad<\/li><li>Statuskod<\/li><li>Svarsorganens storlek<\/li><li>H\u00e4nvisare skickad av kunden<\/li><li>Anv\u00e4ndaragent som skickas av klienten<\/li><li>Fj\u00e4rranv\u00e4ndare<\/li><\/ul><p><br \/>Dessa uppgifter ska inte ordnas f\u00f6r specifika personer. Dessa data sl\u00e5s inte samman med andra datak\u00e4llor. Vi f\u00f6rbeh\u00e5ller oss r\u00e4tten att kontrollera dessa uppgifter i efterhand om vi f\u00e5r k\u00e4nnedom om konkreta indikationer p\u00e5 olaglig anv\u00e4ndning.<\/p><p>Dessa uppgifter samlas in och behandlas f\u00f6r att garantera att webbplatsen fungerar korrekt och utg\u00f6r d\u00e4rmed det ber\u00e4ttigade intresset enligt artikel 6.1 f.<\/p>\t\t\t\t\t\t\t\t<\/div>\n\t\t\t\t<\/div>\n\t\t\t\t<div class=\"elementor-element elementor-element-e9e5618 elementor-widget elementor-widget-heading\" data-id=\"e9e5618\" data-element_type=\"widget\" data-e-type=\"widget\" data-widget_type=\"heading.default\">\n\t\t\t\t<div class=\"elementor-widget-container\">\n\t\t\t\t\t<h5 class=\"elementor-heading-title elementor-size-default\">Kontaktformul\u00e4r<\/h5>\t\t\t\t<\/div>\n\t\t\t\t<\/div>\n\t\t\t\t<div class=\"elementor-element elementor-element-16f3b4a elementor-widget elementor-widget-text-editor\" data-id=\"16f3b4a\" data-element_type=\"widget\" data-e-type=\"widget\" data-widget_type=\"text-editor.default\">\n\t\t\t\t<div class=\"elementor-widget-container\">\n\t\t\t\t\t\t\t\t\t<p>Om du skickar oss f\u00f6rfr\u00e5gningar via kontaktformul\u00e4ret kommer dina uppgifter fr\u00e5n kontaktformul\u00e4ret, inklusive de kontaktuppgifter du anger d\u00e4r, att lagras av oss i syfte att behandla f\u00f6rfr\u00e5gan och i h\u00e4ndelse av uppf\u00f6ljningsfr\u00e5gor. Vi kommer inte att vidarebefordra dessa uppgifter utan ditt samtycke. R\u00e4ttslig grund: Artikel 6.1 a i dataskyddsf\u00f6rordningen.<\/p>\t\t\t\t\t\t\t\t<\/div>\n\t\t\t\t<\/div>\n\t\t\t\t<div class=\"elementor-element elementor-element-22b93cf elementor-widget elementor-widget-heading\" data-id=\"22b93cf\" data-element_type=\"widget\" data-e-type=\"widget\" data-widget_type=\"heading.default\">\n\t\t\t\t<div class=\"elementor-widget-container\">\n\t\t\t\t\t<h5 class=\"elementor-heading-title elementor-size-default\">Anv\u00e4ndning av knappar f\u00f6r sociala medier<\/h5>\t\t\t\t<\/div>\n\t\t\t\t<\/div>\n\t\t\t\t<div class=\"elementor-element elementor-element-461cb75 elementor-widget elementor-widget-text-editor\" data-id=\"461cb75\" data-element_type=\"widget\" data-e-type=\"widget\" data-widget_type=\"text-editor.default\">\n\t\t\t\t<div class=\"elementor-widget-container\">\n\t\t\t\t\t\t\t\t\t<p>P\u00e5 v\u00e5r webbplats vill vi undvika en omfattande registrering och utv\u00e4rdering av ditt bes\u00f6k av leverant\u00f6rer av sociala n\u00e4tverk \/ delningsfunktioner i sociala n\u00e4tverk. F\u00f6r detta \u00e4ndam\u00e5l ers\u00e4tter vi de vanliga knapparna p\u00e5 de sociala n\u00e4tverken och skyddar d\u00e4rmed ditt anv\u00e4ndarbeteende. Knapparna p\u00e5 de sociala n\u00e4tverk som anges nedan \u00e4r endast integrerade i v\u00e5r webbplats som grafik. Grafiken inneh\u00e5ller en l\u00e4nk till motsvarande sociala n\u00e4tverk.<br>P\u00e5 v\u00e5r hemsida integrerar vi f\u00f6ljande sociala n\u00e4tverk via l\u00e4nk:<br>Facebook (Facebook, Inc., 1601 S. California Ave, Palo Alto, CA 94304, USA)<br>Instagram (Instagram LLC, f\u00f6retr\u00e4tt av Kevin Systrom och Mike Krieger, 1601 Willow Rd, Menlo Park CA 94025, USA)<br>YouTube (YouTube LLC, 901 Cherry Ave., San Bruno, CA 94066, USA)<br>Syftet med och omfattningen av datainsamlingen och leverant\u00f6rernas vidare behandling och anv\u00e4ndning av uppgifterna p\u00e5 sina sidor samt dina r\u00e4ttigheter i detta avseende och inst\u00e4llningsalternativ f\u00f6r skydd av din integritet finns i leverant\u00f6rernas dataskyddsinformation.<\/p>\n<ul>\n<li><a href=\"http:\/\/www.facebook.com\/policy.php\" target=\"_blank\" rel=\"noopener\">Facebook<\/a><\/li>\n<li><a href=\"https:\/\/help.instagram.com\/155833707900388\/?helpref=hc_fnav&amp;bc[0]=Instagram-Hilfe&amp;bc[1]=Datenschutz%20und%20Sicherheitsbereich\" target=\"_blank\" rel=\"noopener\">Instagram<\/a><\/li>\n<li><a href=\"https:\/\/policies.google.com\/privacy\" target=\"_blank\" rel=\"noopener\">Google<\/a><\/li>\n<\/ul>\n<p>(Google sekretesspolicy g\u00e4ller lika f\u00f6r YouTube)<\/p>\t\t\t\t\t\t\t\t<\/div>\n\t\t\t\t<\/div>\n\t\t\t\t<div class=\"elementor-element elementor-element-ca63f7d elementor-widget elementor-widget-heading\" data-id=\"ca63f7d\" data-element_type=\"widget\" data-e-type=\"widget\" data-widget_type=\"heading.default\">\n\t\t\t\t<div class=\"elementor-widget-container\">\n\t\t\t\t\t<h5 class=\"elementor-heading-title elementor-size-default\">nyhetsbrev<\/h5>\t\t\t\t<\/div>\n\t\t\t\t<\/div>\n\t\t\t\t<div class=\"elementor-element elementor-element-6d3e155 elementor-widget elementor-widget-text-editor\" data-id=\"6d3e155\" data-element_type=\"widget\" data-e-type=\"widget\" data-widget_type=\"text-editor.default\">\n\t\t\t\t<div class=\"elementor-widget-container\">\n\t\t\t\t\t\t\t\t\t<p>Vi anv\u00e4nder listleverant\u00f6ren MailChimp f\u00f6r v\u00e5rt nyhetsbrev. MailChimp \u00e4r ett erbjudande fr\u00e5n The Rocket Science Group, LLC, 512 Means Street, Ste 404 Atlanta, GA 30318.<br \/>MailChimp erbjuder omfattande analys av hur v\u00e5ra e-postmeddelanden \u00f6ppnas och anv\u00e4nds. Mer information om MailChimp och dataskydd p\u00e5 MailChimp hittar du h\u00e4r <a href=\"https:\/\/mailchimp.com\/legal\/privacy\/\">h\u00e4r<\/a>.<\/p><p>Du kan n\u00e4r som helst \u00e5terkalla ditt samtycke till anv\u00e4ndning av din e-postadress i Mailchimp. \u00c5terkallandet kan g\u00f6ras via en l\u00e4nk i sj\u00e4lva e-postmeddelandena.<\/p>\t\t\t\t\t\t\t\t<\/div>\n\t\t\t\t<\/div>\n\t\t\t\t<div class=\"elementor-element elementor-element-4e73ceb elementor-widget elementor-widget-heading\" data-id=\"4e73ceb\" data-element_type=\"widget\" data-e-type=\"widget\" data-widget_type=\"heading.default\">\n\t\t\t\t<div class=\"elementor-widget-container\">\n\t\t\t\t\t<h5 class=\"elementor-heading-title elementor-size-default\">Dina r\u00e4ttigheter som registrerad<\/h5>\t\t\t\t<\/div>\n\t\t\t\t<\/div>\n\t\t\t\t<div class=\"elementor-element elementor-element-02cebf2 elementor-widget elementor-widget-text-editor\" data-id=\"02cebf2\" data-element_type=\"widget\" data-e-type=\"widget\" data-widget_type=\"text-editor.default\">\n\t\t\t\t<div class=\"elementor-widget-container\">\n\t\t\t\t\t\t\t\t\t<p>Vi lagrar de uppgifter som erh\u00e5lls via v\u00e5r webbplats i h\u00f6gst 24 m\u00e5nader. D\u00e4refter raderas de automatiskt.<\/p><p>Du har r\u00e4tt till information om huruvida vi och hur vi har behandlat personuppgifter om dig (artikel 15 GDPR). Du har ocks\u00e5 r\u00e4tt att korrigera felaktiga uppgifter (artikel 16 GDPR), r\u00e4tt till radering (\"r\u00e4tten att bli bortgl\u00f6md\") av dina uppgifter (artikel 17 GDPR), r\u00e4tt till begr\u00e4nsning av behandling (artikel 18 GDPR) och r\u00e4tt till dataportabilitet (artikel 20 GDPR).<\/p><p>I h\u00e4ndelse av r\u00e4ttelse, begr\u00e4nsning eller radering kommer vi att informera dig om de mottagare till vilka personuppgifter har l\u00e4mnats ut om ut\u00f6vandet av din r\u00e4tt enligt artikel 15-18 GDPR. Vi informerar dig ocks\u00e5 g\u00e4rna om mottagarna i enlighet med artikel 19 GDPR.<\/p><p>Dessutom har du r\u00e4tt till dataportabilitet (artikel 20 i GDPR), dvs. du f\u00e5r fr\u00e5n oss uppgifter som du har l\u00e4mnat till oss i ett strukturerat, vanligt och maskinl\u00e4sbart format.<\/p>\t\t\t\t\t\t\t\t<\/div>\n\t\t\t\t<\/div>\n\t\t\t\t<div class=\"elementor-element elementor-element-77e1205 elementor-widget elementor-widget-heading\" data-id=\"77e1205\" data-element_type=\"widget\" data-e-type=\"widget\" data-widget_type=\"heading.default\">\n\t\t\t\t<div class=\"elementor-widget-container\">\n\t\t\t\t\t<h5 class=\"elementor-heading-title elementor-size-default\">R\u00e4tt att \u00f6verklaga och \u00f6verklagandeinstans<\/h5>\t\t\t\t<\/div>\n\t\t\t\t<\/div>\n\t\t\t\t<div class=\"elementor-element elementor-element-f0fd6a2 elementor-widget elementor-widget-text-editor\" data-id=\"f0fd6a2\" data-element_type=\"widget\" data-e-type=\"widget\" data-widget_type=\"text-editor.default\">\n\t\t\t\t<div class=\"elementor-widget-container\">\n\t\t\t\t\t\t\t\t\t<p>I h\u00e4ndelse av brott mot dataskyddet har du r\u00e4tt att l\u00e4mna in ett klagom\u00e5l till den beh\u00f6riga tillsynsmyndigheten. Beh\u00f6rig tillsynsmyndighet i dataskyddsr\u00e4ttsliga fr\u00e5gor \u00e4r:<\/p><p>Statskommission\u00e4r med ansvar f\u00f6r dataskydd<br \/>och informationsfrihet Nordrhein-Westfalen<br \/>Kavalleriestr. 2-4<br \/>40213 D\u00fcsseldorf<br \/>Telefonnummer 02 11 \/ 3 84 24-0<br \/>Fax 0211 \/ 3 84 24-10<br \/><a href=\"mailto:poststelle@ldi.nrw.de\">poststelle@ldi.nrw.de<\/a><\/p><p>Du \u00e4r naturligtvis fri att l\u00e4mna in ditt klagom\u00e5l till n\u00e5gon <a href=\"https:\/\/firstbyte.digital\/aufsichtsbehoerden\/\">annan tillsynsmyndighet<\/a> att d\u00f6ma.<\/p>\t\t\t\t\t\t\t\t<\/div>\n\t\t\t\t<\/div>\n\t\t\t\t<div class=\"elementor-element elementor-element-2f3d224 elementor-widget elementor-widget-heading\" data-id=\"2f3d224\" data-element_type=\"widget\" data-e-type=\"widget\" data-widget_type=\"heading.default\">\n\t\t\t\t<div class=\"elementor-widget-container\">\n\t\t\t\t\t<h5 class=\"elementor-heading-title elementor-size-default\">Din r\u00e4tt att inv\u00e4nda<\/h5>\t\t\t\t<\/div>\n\t\t\t\t<\/div>\n\t\t\t\t<div class=\"elementor-element elementor-element-2f08103 elementor-widget elementor-widget-text-editor\" data-id=\"2f08103\" data-element_type=\"widget\" data-e-type=\"widget\" data-widget_type=\"text-editor.default\">\n\t\t\t\t<div class=\"elementor-widget-container\">\n\t\t\t\t\t\t\t\t\t<p>Vi vill ocks\u00e5 p\u00e5peka att du n\u00e4r som helst kan inv\u00e4nda mot den framtida behandlingen av dina personuppgifter i enlighet med de r\u00e4ttsliga kraven enligt artikel 21 GDPR. Inv\u00e4ndningen kan framf\u00f6r allt riktas mot behandlingen f\u00f6r direkt marknadsf\u00f6ring.<\/p>\t\t\t\t\t\t\t\t<\/div>\n\t\t\t\t<\/div>\n\t\t\t\t<div class=\"elementor-element elementor-element-39f275d elementor-widget elementor-widget-heading\" data-id=\"39f275d\" data-element_type=\"widget\" data-e-type=\"widget\" data-widget_type=\"heading.default\">\n\t\t\t\t<div class=\"elementor-widget-container\">\n\t\t\t\t\t<h5 class=\"elementor-heading-title elementor-size-default\">V\u00e5r inv\u00e4ndning mot reklam e-post<\/h5>\t\t\t\t<\/div>\n\t\t\t\t<\/div>\n\t\t\t\t<div class=\"elementor-element elementor-element-df69086 elementor-widget elementor-widget-text-editor\" data-id=\"df69086\" data-element_type=\"widget\" data-e-type=\"widget\" data-widget_type=\"text-editor.default\">\n\t\t\t\t<div class=\"elementor-widget-container\">\n\t\t\t\t\t\t\t\t\t<p>anv\u00e4ndning inom ramen f\u00f6r <a href=\"https:\/\/familienhoerbuch.de\/sv\/impressum\/\">Skyldighet att l\u00e4mna avtryck<\/a> Publicerade kontaktuppgifter f\u00f6r att skicka o\u00f6nskad reklam och informationsmaterial inv\u00e4nds h\u00e4rmed mot. Vi f\u00f6rbeh\u00e5ller oss uttryckligen r\u00e4tten att vidta r\u00e4ttsliga \u00e5tg\u00e4rder i h\u00e4ndelse av o\u00f6nskad s\u00e4ndning av reklaminformation, s\u00e5som spam e-post.<\/p><p>Status f\u00f6r denna dataskyddsinformation: 01.02.2023<\/p>\t\t\t\t\t\t\t\t<\/div>\n\t\t\t\t<\/div>\n\t\t\t\t<div class=\"elementor-element elementor-element-8cd2314 elementor-widget elementor-widget-heading\" data-id=\"8cd2314\" data-element_type=\"widget\" data-e-type=\"widget\" data-widget_type=\"heading.default\">\n\t\t\t\t<div class=\"elementor-widget-container\">\n\t\t\t\t\t<h5 class=\"elementor-heading-title elementor-size-default\">Sp\u00e5rning av anv\u00e4ndardata<\/h5>\t\t\t\t<\/div>\n\t\t\t\t<\/div>\n\t\t\t\t<div class=\"elementor-element elementor-element-02fa5bf elementor-widget elementor-widget-text-editor\" data-id=\"02fa5bf\" data-element_type=\"widget\" data-e-type=\"widget\" data-widget_type=\"text-editor.default\">\n\t\t\t\t<div class=\"elementor-widget-container\">\n\t\t\t\t\t\t\t\t\t<p>V\u00e5r webbplats anv\u00e4nder Matomo, en integritetsv\u00e4nlig webbanalysplattform som finns p\u00e5 v\u00e5r server. Din IP-adress \u00e4r anonymiserad och uppgifterna anv\u00e4nds uteslutande f\u00f6r optimering av v\u00e5r webbplats. Du kan n\u00e4r som helst inv\u00e4nda mot insamlingen av dina uppgifter genom att anv\u00e4nda opt-out-funktionen nedan:<\/p>\t\t\t\t\t\t\t\t<\/div>\n\t\t\t\t<\/div>\n\t\t\t\t<div class=\"elementor-element elementor-element-bfed17f elementor-widget elementor-widget-shortcode\" data-id=\"bfed17f\" data-element_type=\"widget\" data-e-type=\"widget\" data-widget_type=\"shortcode.default\">\n\t\t\t\t<div class=\"elementor-widget-container\">\n\t\t\t\t\t\t\t<div class=\"elementor-shortcode\"><p id=\"matomo_opted_out_intro\" style=\"display:none;\">Opt-out slutf\u00f6rd. Dina bes\u00f6k p\u00e5 denna webbplats registreras inte av webbanalysverktyget. Observera att Matomo-inaktiveringscookien p\u00e5 denna webbplats ocks\u00e5 kommer att raderas om du tar bort de cookies som lagras i din webbl\u00e4sare. Dessutom, om du anv\u00e4nder en annan dator eller webbl\u00e4sare, m\u00e5ste du slutf\u00f6ra avaktiveringsproceduren igen.<\/p><p id=\"matomo_opted_in_intro\" >Du har m\u00f6jlighet att f\u00f6rhindra att \u00e5tg\u00e4rder som vidtas av dig h\u00e4r analyseras och l\u00e4nkas. Detta kommer att skydda din integritet, men kommer ocks\u00e5 att hindra \u00e4garen fr\u00e5n att l\u00e4ra av dina handlingar och f\u00f6rb\u00e4ttra anv\u00e4ndbarheten f\u00f6r dig och andra anv\u00e4ndare.<\/p><form action=\"\">\n        <input type=\"checkbox\" id=\"matomo_optout_checkbox\" checked=\"checked\"\/>\n        <label for=\"matomo_optout_checkbox\"><strong>\n        <span id=\"matomo_opted_in_label\" >Ditt bes\u00f6k p\u00e5 denna webbplats registreras f\u00f6r n\u00e4rvarande av Matomo Web Analytics. Avmarkera den h\u00e4r rutan f\u00f6r opt-out.<\/span>\n\t\t<span id=\"matomo_opted_out_label\" style=\"display:none;\">Ditt bes\u00f6k p\u00e5 denna webbplats registreras f\u00f6r n\u00e4rvarande inte av Matomo Web Analytics. Aktivera den h\u00e4r kryssrutan f\u00f6r opt-in.<\/span>\n        <\/strong><\/label><input type=\"hidden\" name=\"etm-form-language\" value=\"sv\"\/><\/form><noscript><p><strong style=\"color: #ff0000;\">Denna opt-out-funktion kr\u00e4ver JavaScript.<\/strong><\/p><\/noscript><p id=\"matomo_outout_err_cookies\" style=\"display: none;\"><strong>Sp\u00e5rningsfunktionen opt-out kr\u00e4ver aktiverade cookies.<\/strong><\/p><\/div>\n\t\t\t\t\t\t<\/div>\n\t\t\t\t<\/div>\n\t\t\t\t\t<\/div>\n\t\t\t\t<\/div>\n\t\t\t\t<\/div>","protected":false},"excerpt":{"rendered":"<p>Datenschutz Verantwortliche Stelle Familienh\u00f6rbuch gGmbHOberl\u00e4nder Wall 2450678 K\u00f6ln Datenschutzbeauftragter Herr Christopher Schroerfirstbyte digital consulting e.K. Datenschutz Die Familienh\u00f6rbuch gGmbH nimmt den Schutz Ihrer pers\u00f6nlichen Daten sehr ernst. Wir behandeln Ihre personenbezogenen Daten vertraulich und entsprechend der gesetzlichen Datenschutzvorschriften sowie gem\u00e4\u00df dieser Datenschutzinformation. Die Nutzung unserer Website ist in der Regel ohne Angabe personenbezogener Daten m\u00f6glich. [&hellip;]<\/p>","protected":false},"author":1,"featured_media":0,"parent":0,"menu_order":0,"comment_status":"closed","ping_status":"closed","template":"","meta":{"_acf_changed":false,"footnotes":""},"class_list":["post-356","page","type-page","status-publish","hentry"],"acf":[],"_links":{"self":[{"href":"https:\/\/familienhoerbuch.de\/sv\/wp-json\/wp\/v2\/pages\/356","targetHints":{"allow":["GET"]}}],"collection":[{"href":"https:\/\/familienhoerbuch.de\/sv\/wp-json\/wp\/v2\/pages"}],"about":[{"href":"https:\/\/familienhoerbuch.de\/sv\/wp-json\/wp\/v2\/types\/page"}],"author":[{"embeddable":true,"href":"https:\/\/familienhoerbuch.de\/sv\/wp-json\/wp\/v2\/users\/1"}],"replies":[{"embeddable":true,"href":"https:\/\/familienhoerbuch.de\/sv\/wp-json\/wp\/v2\/comments?post=356"}],"version-history":[{"count":0,"href":"https:\/\/familienhoerbuch.de\/sv\/wp-json\/wp\/v2\/pages\/356\/revisions"}],"wp:attachment":[{"href":"https:\/\/familienhoerbuch.de\/sv\/wp-json\/wp\/v2\/media?parent=356"}],"curies":[{"name":"wp","href":"https:\/\/api.w.org\/{rel}","templated":true}]}}