{"id":354,"date":"2024-09-06T14:08:37","date_gmt":"2024-09-06T12:08:37","guid":{"rendered":"https:\/\/websplash.familienhoerbuch.de\/?page_id=354"},"modified":"2025-09-01T14:59:17","modified_gmt":"2025-09-01T12:59:17","slug":"impressum","status":"publish","type":"page","link":"https:\/\/familienhoerbuch.de\/sv\/impressum\/","title":{"rendered":"Friskrivningsklausul"},"content":{"rendered":"<div data-elementor-type=\"wp-page\" data-elementor-id=\"354\" class=\"elementor elementor-354\" data-elementor-post-type=\"page\">\n\t\t\t\t<div class=\"elementor-element elementor-element-2193d8e e-flex e-con-boxed e-con e-parent\" data-id=\"2193d8e\" data-element_type=\"container\" data-e-type=\"container\">\n\t\t\t\t\t<div class=\"e-con-inner\">\n\t\t\t\t<div class=\"elementor-element elementor-element-4d87463 elementor-widget elementor-widget-heading\" data-id=\"4d87463\" data-element_type=\"widget\" data-e-type=\"widget\" data-widget_type=\"heading.default\">\n\t\t\t\t<div class=\"elementor-widget-container\">\n\t\t\t\t\t<h5 class=\"elementor-heading-title elementor-size-default\">Friskrivningsklausul<\/h5>\t\t\t\t<\/div>\n\t\t\t\t<\/div>\n\t\t\t\t<div class=\"elementor-element elementor-element-fbaf783 elementor-widget elementor-widget-heading\" data-id=\"fbaf783\" data-element_type=\"widget\" data-e-type=\"widget\" data-widget_type=\"heading.default\">\n\t\t\t\t<div class=\"elementor-widget-container\">\n\t\t\t\t\t<h5 class=\"elementor-heading-title elementor-size-default\">kontakt<\/h5>\t\t\t\t<\/div>\n\t\t\t\t<\/div>\n\t\t\t\t<div class=\"elementor-element elementor-element-b64bbff elementor-widget elementor-widget-text-editor\" data-id=\"b64bbff\" data-element_type=\"widget\" data-e-type=\"widget\" data-widget_type=\"text-editor.default\">\n\t\t\t\t<div class=\"elementor-widget-container\">\n\t\t\t\t\t\t\t\t\t<p>Familj ljudbok gGmbH<br \/>Oberl\u00e4nder Wall 24, 50678 K\u00f6ln, Tyskland<\/p>\t\t\t\t\t\t\t\t<\/div>\n\t\t\t\t<\/div>\n\t\t\t\t<div class=\"elementor-element elementor-element-b318eb7 elementor-widget elementor-widget-text-editor\" data-id=\"b318eb7\" data-element_type=\"widget\" data-e-type=\"widget\" data-widget_type=\"text-editor.default\">\n\t\t\t\t<div class=\"elementor-widget-container\">\n\t\t\t\t\t\t\t\t\t<p>Telefonnummer:\u00a0<a href=\"tel:+492219349301\">0221 \/ 9349301<\/a><br \/>E-postadress:\u00a0<a href=\"mailto:kontakt@familienhoerbuch.de\">kontakt@familienhoerbuch.de<\/a><\/p>\t\t\t\t\t\t\t\t<\/div>\n\t\t\t\t<\/div>\n\t\t\t\t<div class=\"elementor-element elementor-element-e5fa479 elementor-widget elementor-widget-heading\" data-id=\"e5fa479\" data-element_type=\"widget\" data-e-type=\"widget\" data-widget_type=\"heading.default\">\n\t\t\t\t<div class=\"elementor-widget-container\">\n\t\t\t\t\t<h5 class=\"elementor-heading-title elementor-size-default\">Inv\u00e4ndning mot e-postreklam<\/h5>\t\t\t\t<\/div>\n\t\t\t\t<\/div>\n\t\t\t\t<div class=\"elementor-element elementor-element-81e901a elementor-widget elementor-widget-text-editor\" data-id=\"81e901a\" data-element_type=\"widget\" data-e-type=\"widget\" data-widget_type=\"text-editor.default\">\n\t\t\t\t<div class=\"elementor-widget-container\">\n\t\t\t\t\t\t\t\t\t<p>Anv\u00e4ndningen av kontaktuppgifter som publicerats inom ramen f\u00f6r avtrycksskyldigheten f\u00f6r att skicka o\u00f6nskat reklam- och informationsmaterial inv\u00e4nds h\u00e4rmed mot. Vi f\u00f6rbeh\u00e5ller oss uttryckligen r\u00e4tten att vidta r\u00e4ttsliga \u00e5tg\u00e4rder i h\u00e4ndelse av o\u00f6nskad s\u00e4ndning av reklaminformation, s\u00e5som spam e-post.<\/p>\t\t\t\t\t\t\t\t<\/div>\n\t\t\t\t<\/div>\n\t\t\t\t<div class=\"elementor-element elementor-element-f302cae elementor-widget elementor-widget-heading\" data-id=\"f302cae\" data-element_type=\"widget\" data-e-type=\"widget\" data-widget_type=\"heading.default\">\n\t\t\t\t<div class=\"elementor-widget-container\">\n\t\t\t\t\t<h5 class=\"elementor-heading-title elementor-size-default\">f\u00f6rvaltning<\/h5>\t\t\t\t<\/div>\n\t\t\t\t<\/div>\n\t\t\t\t<div class=\"elementor-element elementor-element-7acbd26 elementor-widget elementor-widget-text-editor\" data-id=\"7acbd26\" data-element_type=\"widget\" data-e-type=\"widget\" data-widget_type=\"text-editor.default\">\n\t\t\t\t<div class=\"elementor-widget-container\">\n\t\t\t\t\t\t\t\t\t<p>Judith Gr\u00fcmmer och Anne Braasch<\/p>\t\t\t\t\t\t\t\t<\/div>\n\t\t\t\t<\/div>\n\t\t\t\t<div class=\"elementor-element elementor-element-ffdc4e0 elementor-widget elementor-widget-heading\" data-id=\"ffdc4e0\" data-element_type=\"widget\" data-e-type=\"widget\" data-widget_type=\"heading.default\">\n\t\t\t\t<div class=\"elementor-widget-container\">\n\t\t\t\t\t<h5 class=\"elementor-heading-title elementor-size-default\">Registreringsnummer<\/h5>\t\t\t\t<\/div>\n\t\t\t\t<\/div>\n\t\t\t\t<div class=\"elementor-element elementor-element-69ded5b elementor-widget elementor-widget-text-editor\" data-id=\"69ded5b\" data-element_type=\"widget\" data-e-type=\"widget\" data-widget_type=\"text-editor.default\">\n\t\t\t\t<div class=\"elementor-widget-container\">\n\t\t\t\t\t\t\t\t\t<p>HRB 99727<\/p>\t\t\t\t\t\t\t\t<\/div>\n\t\t\t\t<\/div>\n\t\t\t\t<div class=\"elementor-element elementor-element-2714778 elementor-widget elementor-widget-heading\" data-id=\"2714778\" data-element_type=\"widget\" data-e-type=\"widget\" data-widget_type=\"heading.default\">\n\t\t\t\t<div class=\"elementor-widget-container\">\n\t\t\t\t\t<h5 class=\"elementor-heading-title elementor-size-default\">Registreringsdomstol<\/h5>\t\t\t\t<\/div>\n\t\t\t\t<\/div>\n\t\t\t\t<div class=\"elementor-element elementor-element-8968b58 elementor-widget elementor-widget-text-editor\" data-id=\"8968b58\" data-element_type=\"widget\" data-e-type=\"widget\" data-widget_type=\"text-editor.default\">\n\t\t\t\t<div class=\"elementor-widget-container\">\n\t\t\t\t\t\t\t\t\t<p>K\u00f6lns distriktsdomstol<\/p>\t\t\t\t\t\t\t\t<\/div>\n\t\t\t\t<\/div>\n\t\t\t\t<div class=\"elementor-element elementor-element-aa85ad9 elementor-widget elementor-widget-heading\" data-id=\"aa85ad9\" data-element_type=\"widget\" data-e-type=\"widget\" data-widget_type=\"heading.default\">\n\t\t\t\t<div class=\"elementor-widget-container\">\n\t\t\t\t\t<h5 class=\"elementor-heading-title elementor-size-default\">F\u00f6retagets s\u00e4te<\/h5>\t\t\t\t<\/div>\n\t\t\t\t<\/div>\n\t\t\t\t<div class=\"elementor-element elementor-element-f1191a6 elementor-widget elementor-widget-text-editor\" data-id=\"f1191a6\" data-element_type=\"widget\" data-e-type=\"widget\" data-widget_type=\"text-editor.default\">\n\t\t\t\t<div class=\"elementor-widget-container\">\n\t\t\t\t\t\t\t\t\t<p>K\u00f6ln<\/p>\t\t\t\t\t\t\t\t<\/div>\n\t\t\t\t<\/div>\n\t\t\t\t<div class=\"elementor-element elementor-element-33a8164 elementor-widget elementor-widget-heading\" data-id=\"33a8164\" data-element_type=\"widget\" data-e-type=\"widget\" data-widget_type=\"heading.default\">\n\t\t\t\t<div class=\"elementor-widget-container\">\n\t\t\t\t\t<h5 class=\"elementor-heading-title elementor-size-default\">Skattenummer<\/h5>\t\t\t\t<\/div>\n\t\t\t\t<\/div>\n\t\t\t\t<div class=\"elementor-element elementor-element-f72379b elementor-widget elementor-widget-text-editor\" data-id=\"f72379b\" data-element_type=\"widget\" data-e-type=\"widget\" data-widget_type=\"text-editor.default\">\n\t\t\t\t<div class=\"elementor-widget-container\">\n\t\t\t\t\t\t\t\t\t<p>214\/5855\/2466<\/p>\t\t\t\t\t\t\t\t<\/div>\n\t\t\t\t<\/div>\n\t\t\t\t<div class=\"elementor-element elementor-element-62e0d33 elementor-widget elementor-widget-heading\" data-id=\"62e0d33\" data-element_type=\"widget\" data-e-type=\"widget\" data-widget_type=\"heading.default\">\n\t\t\t\t<div class=\"elementor-widget-container\">\n\t\t\t\t\t<h5 class=\"elementor-heading-title elementor-size-default\">Tvistl\u00f6sning<\/h5>\t\t\t\t<\/div>\n\t\t\t\t<\/div>\n\t\t\t\t<div class=\"elementor-element elementor-element-c3f76a6 elementor-widget elementor-widget-text-editor\" data-id=\"c3f76a6\" data-element_type=\"widget\" data-e-type=\"widget\" data-widget_type=\"text-editor.default\">\n\t\t\t\t<div class=\"elementor-widget-container\">\n\t\t\t\t\t\t\t\t\t<p>Europeiska kommissionen tillhandah\u00e5ller en onlineplattform f\u00f6r tvistl\u00f6sning:<br \/><a href=\"https:\/\/ec.europa.eu\/consumers\/odr\" target=\"_blank\" rel=\"noopener\">https:\/\/ec.europa.eu\/consumers\/odr<\/a><\/p><p>V\u00e5r e-postadress hittar du ovan i avtrycket. Vi \u00e4r inte villiga eller skyldiga att delta i tvistl\u00f6sningsf\u00f6rfaranden inf\u00f6r en konsumentskiljen\u00e4mnd.<\/p>\t\t\t\t\t\t\t\t<\/div>\n\t\t\t\t<\/div>\n\t\t\t\t<div class=\"elementor-element elementor-element-1b9dbe2 elementor-widget elementor-widget-heading\" data-id=\"1b9dbe2\" data-element_type=\"widget\" data-e-type=\"widget\" data-widget_type=\"heading.default\">\n\t\t\t\t<div class=\"elementor-widget-container\">\n\t\t\t\t\t<h5 class=\"elementor-heading-title elementor-size-default\">Ansvar f\u00f6r inneh\u00e5ll<\/h5>\t\t\t\t<\/div>\n\t\t\t\t<\/div>\n\t\t\t\t<div class=\"elementor-element elementor-element-933b6ef elementor-widget elementor-widget-text-editor\" data-id=\"933b6ef\" data-element_type=\"widget\" data-e-type=\"widget\" data-widget_type=\"text-editor.default\">\n\t\t\t\t<div class=\"elementor-widget-container\">\n\t\t\t\t\t\t\t\t\t<p>Som tj\u00e4nsteleverant\u00f6r ansvarar vi f\u00f6r v\u00e5rt eget inneh\u00e5ll p\u00e5 dessa sidor i enlighet med allm\u00e4nna lagar. Som tj\u00e4nsteleverant\u00f6r \u00e4r vi dock inte skyldiga att \u00f6vervaka \u00f6verf\u00f6rd eller lagrad information fr\u00e5n tredje part eller att unders\u00f6ka omst\u00e4ndigheter som tyder p\u00e5 olaglig verksamhet. Skyldigheter att ta bort eller blockera anv\u00e4ndningen av information enligt de allm\u00e4nna lagarna f\u00f6rblir op\u00e5verkade. Ansvar i detta avseende \u00e4r dock endast m\u00f6jligt fr\u00e5n och med den tidpunkt d\u00e5 man f\u00e5r k\u00e4nnedom om en specifik \u00f6vertr\u00e4delse. Om vi f\u00e5r k\u00e4nnedom om motsvarande lag\u00f6vertr\u00e4delser kommer vi omedelbart att ta bort detta inneh\u00e5ll.<\/p>\t\t\t\t\t\t\t\t<\/div>\n\t\t\t\t<\/div>\n\t\t\t\t<div class=\"elementor-element elementor-element-0c8e1ad elementor-widget elementor-widget-heading\" data-id=\"0c8e1ad\" data-element_type=\"widget\" data-e-type=\"widget\" data-widget_type=\"heading.default\">\n\t\t\t\t<div class=\"elementor-widget-container\">\n\t\t\t\t\t<h5 class=\"elementor-heading-title elementor-size-default\">Ansvar f\u00f6r l\u00e4nkar<\/h5>\t\t\t\t<\/div>\n\t\t\t\t<\/div>\n\t\t\t\t<div class=\"elementor-element elementor-element-e667475 elementor-widget elementor-widget-text-editor\" data-id=\"e667475\" data-element_type=\"widget\" data-e-type=\"widget\" data-widget_type=\"text-editor.default\">\n\t\t\t\t<div class=\"elementor-widget-container\">\n\t\t\t\t\t\t\t\t\t<p>V\u00e5rt erbjudande inneh\u00e5ller l\u00e4nkar till externa webbplatser fr\u00e5n tredje part \u00f6ver vars inneh\u00e5ll vi inte har n\u00e5got inflytande. D\u00e4rf\u00f6r kan vi inte ta n\u00e5got ansvar f\u00f6r detta externa inneh\u00e5ll. Respektive leverant\u00f6r eller operat\u00f6r av sidorna \u00e4r alltid ansvarig f\u00f6r inneh\u00e5llet p\u00e5 de l\u00e4nkade sidorna. De l\u00e4nkade sidorna kontrollerades f\u00f6r eventuella juridiska \u00f6vertr\u00e4delser vid tidpunkten f\u00f6r l\u00e4nkningen. Olagligt inneh\u00e5ll kunde inte identifieras vid tidpunkten f\u00f6r l\u00e4nkningen. En permanent inneh\u00e5llskontroll av de l\u00e4nkade sidorna \u00e4r dock inte rimlig utan konkreta indikationer p\u00e5 en lag\u00f6vertr\u00e4delse. Vid k\u00e4nnedom om lag\u00f6vertr\u00e4delser kommer vi omedelbart att ta bort s\u00e5dana l\u00e4nkar.<\/p>\t\t\t\t\t\t\t\t<\/div>\n\t\t\t\t<\/div>\n\t\t\t\t<div class=\"elementor-element elementor-element-eb0be77 elementor-widget elementor-widget-heading\" data-id=\"eb0be77\" data-element_type=\"widget\" data-e-type=\"widget\" data-widget_type=\"heading.default\">\n\t\t\t\t<div class=\"elementor-widget-container\">\n\t\t\t\t\t<h5 class=\"elementor-heading-title elementor-size-default\">upphovsr\u00e4tt<\/h5>\t\t\t\t<\/div>\n\t\t\t\t<\/div>\n\t\t\t\t<div class=\"elementor-element elementor-element-0ab4d46 elementor-widget elementor-widget-text-editor\" data-id=\"0ab4d46\" data-element_type=\"widget\" data-e-type=\"widget\" data-widget_type=\"text-editor.default\">\n\t\t\t\t<div class=\"elementor-widget-container\">\n\t\t\t\t\t\t\t\t\t<p>Inneh\u00e5llet och verken som skapas av webbplatsoperat\u00f6rerna p\u00e5 dessa sidor omfattas av tysk upphovsr\u00e4ttslagstiftning. Reproduktion, bearbetning, distribution och n\u00e5gon form av utnyttjande utanf\u00f6r gr\u00e4nserna f\u00f6r upphovsr\u00e4tten kr\u00e4ver skriftligt samtycke fr\u00e5n respektive f\u00f6rfattare eller skapare. Nedladdningar och kopior av denna webbplats \u00e4r endast till\u00e5tna f\u00f6r privat, icke-kommersiellt bruk.<\/p>\n<p>I den m\u00e5n inneh\u00e5llet p\u00e5 denna sida inte har skapats av operat\u00f6ren, iakttas tredje parts upphovsr\u00e4tt. I synnerhet \u00e4r inneh\u00e5ll fr\u00e5n tredje part markerat som s\u00e5dant. Skulle du \u00e4nd\u00e5 f\u00e5 k\u00e4nnedom om ett upphovsr\u00e4ttsintr\u00e5ng ber vi om ett motsvarande meddelande. Vid k\u00e4nnedom om lag\u00f6vertr\u00e4delser kommer vi omedelbart att ta bort s\u00e5dant inneh\u00e5ll.<\/p>\t\t\t\t\t\t\t\t<\/div>\n\t\t\t\t<\/div>\n\t\t\t\t<div class=\"elementor-element elementor-element-4dcbf2d elementor-widget elementor-widget-heading\" data-id=\"4dcbf2d\" data-element_type=\"widget\" data-e-type=\"widget\" data-widget_type=\"heading.default\">\n\t\t\t\t<div class=\"elementor-widget-container\">\n\t\t\t\t\t<h5 class=\"elementor-heading-title elementor-size-default\">Upphovsr\u00e4tt<\/h5>\t\t\t\t<\/div>\n\t\t\t\t<\/div>\n\t\t\t\t<div class=\"elementor-element elementor-element-98d16d9 elementor-widget elementor-widget-text-editor\" data-id=\"98d16d9\" data-element_type=\"widget\" data-e-type=\"widget\" data-widget_type=\"text-editor.default\">\n\t\t\t\t<div class=\"elementor-widget-container\">\n\t\t\t\t\t\t\t\t\t<p>Alla r\u00e4ttigheter f\u00f6rbeh\u00e5llna. Inneh\u00e5llet som tillhandah\u00e5lls h\u00e4r \u00e4r endast f\u00f6r personlig information. All kopiering eller publicering \u00e4r f\u00f6rbjuden om inte annat anges p\u00e5 respektive plats.<\/p><p>\u00a9 Foton \u201dHem\u201d och \u201dMin v\u00e4g till familjens ljudbok\u201d: <a href=\"https:\/\/www.selinapfruener.de\/\">Selina Pfr\u00fcner K\u00f6ln<\/a><\/p><p>\u00a9 Teamportr\u00e4tt med svart bakgrund: <a href=\"https:\/\/www.fahrisarimese.com\/\">Fahri S. Sarimese av K\u00f6ln<\/a><\/p><p>Kompletterande bilder: Canva<\/p><p>Status f\u00f6r avtryck: 01.07.2025<\/p>\t\t\t\t\t\t\t\t<\/div>\n\t\t\t\t<\/div>\n\t\t\t\t\t<\/div>\n\t\t\t\t<\/div>\n\t\t\t\t<\/div>","protected":false},"excerpt":{"rendered":"<p>Imprint Kontakt Familj ljudbok gGmbHOberl\u00e4nder Wall 24, 50678 K\u00f6ln Telefon:\u00a00221 \/ 9349301E-post:\u00a0kontakt@familienhoerbuch.de Inv\u00e4ndning mot reklammeddelanden Anv\u00e4ndningen av kontaktuppgifter som publiceras inom ramen f\u00f6r avtrycksskyldigheten f\u00f6r att skicka o\u00f6nskat reklam- och informationsmaterial inv\u00e4nds h\u00e4rmed mot. Vi f\u00f6rbeh\u00e5ller oss uttryckligen r\u00e4tten att vidta r\u00e4ttsliga \u00e5tg\u00e4rder i h\u00e4ndelse av o\u00f6nskad s\u00e4ndning av reklaminformation, s\u00e5som spam e-post. F\u00f6rvaltning Judith Gr\u00fcmmer, [\u2026]<\/p>","protected":false},"author":1,"featured_media":0,"parent":0,"menu_order":0,"comment_status":"closed","ping_status":"closed","template":"","meta":{"_acf_changed":false,"footnotes":""},"class_list":["post-354","page","type-page","status-publish","hentry"],"acf":[],"_links":{"self":[{"href":"https:\/\/familienhoerbuch.de\/sv\/wp-json\/wp\/v2\/pages\/354","targetHints":{"allow":["GET"]}}],"collection":[{"href":"https:\/\/familienhoerbuch.de\/sv\/wp-json\/wp\/v2\/pages"}],"about":[{"href":"https:\/\/familienhoerbuch.de\/sv\/wp-json\/wp\/v2\/types\/page"}],"author":[{"embeddable":true,"href":"https:\/\/familienhoerbuch.de\/sv\/wp-json\/wp\/v2\/users\/1"}],"replies":[{"embeddable":true,"href":"https:\/\/familienhoerbuch.de\/sv\/wp-json\/wp\/v2\/comments?post=354"}],"version-history":[{"count":0,"href":"https:\/\/familienhoerbuch.de\/sv\/wp-json\/wp\/v2\/pages\/354\/revisions"}],"wp:attachment":[{"href":"https:\/\/familienhoerbuch.de\/sv\/wp-json\/wp\/v2\/media?parent=354"}],"curies":[{"name":"wp","href":"https:\/\/api.w.org\/{rel}","templated":true}]}}