{"id":14714,"date":"2026-03-25T17:13:42","date_gmt":"2026-03-25T16:13:42","guid":{"rendered":"https:\/\/familienhoerbuch.de\/?page_id=14714"},"modified":"2026-03-26T10:50:41","modified_gmt":"2026-03-26T09:50:41","slug":"werte","status":"publish","type":"page","link":"https:\/\/familienhoerbuch.de\/sv\/werte\/","title":{"rendered":"V\u00e4rderingar och uppdragsbeskrivning"},"content":{"rendered":"<div data-elementor-type=\"wp-page\" data-elementor-id=\"14714\" class=\"elementor elementor-14714\" data-elementor-post-type=\"page\">\n\t\t\t\t<div class=\"elementor-element elementor-element-44eee89 e-flex e-con-boxed e-con e-parent\" data-id=\"44eee89\" data-element_type=\"container\" data-e-type=\"container\">\n\t\t\t\t\t<div class=\"e-con-inner\">\n\t\t\t\t<div class=\"elementor-element elementor-element-3df6e87 elementor-widget elementor-widget-heading\" data-id=\"3df6e87\" data-element_type=\"widget\" data-e-type=\"widget\" data-widget_type=\"heading.default\">\n\t\t\t\t<div class=\"elementor-widget-container\">\n\t\t\t\t\t<h2 class=\"elementor-heading-title elementor-size-default\">Vad vi st\u00e5r f\u00f6r<\/h2>\t\t\t\t<\/div>\n\t\t\t\t<\/div>\n\t\t\t\t\t<\/div>\n\t\t\t\t<\/div>\n\t\t<div class=\"elementor-element elementor-element-b1ba08f e-flex e-con-boxed e-con e-parent\" data-id=\"b1ba08f\" data-element_type=\"container\" data-e-type=\"container\">\n\t\t\t\t\t<div class=\"e-con-inner\">\n\t\t<div class=\"elementor-element elementor-element-8702167 e-con-full e-flex e-con e-child\" data-id=\"8702167\" data-element_type=\"container\" data-e-type=\"container\">\n\t\t\t\t<div class=\"elementor-element elementor-element-cb8cbdf elementor-widget elementor-widget-heading\" data-id=\"cb8cbdf\" data-element_type=\"widget\" data-e-type=\"widget\" data-widget_type=\"heading.default\">\n\t\t\t\t<div class=\"elementor-widget-container\">\n\t\t\t\t\t<h4 class=\"elementor-heading-title elementor-size-default\">Familjens ljudbok<\/h4>\t\t\t\t<\/div>\n\t\t\t\t<\/div>\n\t\t\t\t<div class=\"elementor-element elementor-element-aae8114 elementor-widget elementor-widget-text-editor\" data-id=\"aae8114\" data-element_type=\"widget\" data-e-type=\"widget\" data-widget_type=\"text-editor.default\">\n\t\t\t\t<div class=\"elementor-widget-container\">\n\t\t\t\t\t\t\t\t\t<p>Familienh\u00f6rbuch gGmbH \u00e4r en oberoende och ideell organisation baserad i K\u00f6ln. Sedan 2019 har vi producerat professionella biografiska ljudb\u00f6cker f\u00f6r allvarligt sjuka f\u00f6r\u00e4ldrar med minder\u00e5riga barn. En familj ljudbok \u00e4r en framtida g\u00e5va f\u00f6r barn som f\u00f6r\u00e4ldral\u00f6sa tidigt. N\u00e4r en f\u00f6r\u00e4lder blir allvarligt sjuk och farv\u00e4l blir oundvikligt, \u00e4r barn och familjer under h\u00f6g k\u00e4nslom\u00e4ssig belastning. I den h\u00e4r situationen g\u00f6r vi det m\u00f6jligt f\u00f6r mammor och pappor att ber\u00e4tta sin livshistoria som en professionellt producerad ljudbok. Detta skapar ett best\u00e5ende minne f\u00f6r barnen.<br \/><br \/>Fokus ligger p\u00e5 det biografiska arbetet. F\u00f6r\u00e4ldrar l\u00e4mnar efter sig sin livshistoria, formativa upplevelser, v\u00e4rderingar och personliga budskap. Ljudboken bevaras permanent som en autentisk r\u00f6st. Mammor och pappor \u00e5tf\u00f6ljs av professionella ljudbiografier och designfoto: Selina Pfr\u00fcner Familjen ljudbok f\u00f6r barn till allvarligt sjuka f\u00f6r\u00e4ldrar hennes ljudbok individuellt. Du v\u00e4ljer minnen, musik eller texter och kan tala eller sjunga p\u00e5 olika spr\u00e5k. Ursprungsspr\u00e5k och familjespr\u00e5ksvanor \u00e4r fortfarande h\u00f6rbara och hj\u00e4lper barn att beh\u00e5lla sin kulturella identitet och familjeidentitet.<\/p>\t\t\t\t\t\t\t\t<\/div>\n\t\t\t\t<\/div>\n\t\t\t\t<\/div>\n\t\t<div class=\"elementor-element elementor-element-3f4c26b e-con-full e-flex e-con e-child\" data-id=\"3f4c26b\" data-element_type=\"container\" data-e-type=\"container\">\n\t\t\t\t<div class=\"elementor-element elementor-element-d9e4c04 elementor-widget elementor-widget-image\" data-id=\"d9e4c04\" data-element_type=\"widget\" data-e-type=\"widget\" data-widget_type=\"image.default\">\n\t\t\t\t<div class=\"elementor-widget-container\">\n\t\t\t\t\t\t\t\t\t\t\t\t\t\t\t\t<a href=\"https:\/\/familienhoerbuch.de\/wp-content\/uploads\/2026\/03\/Familienhoerbuch-20250213-Lena-045.jpg\" data-elementor-open-lightbox=\"no\">\n\t\t\t\t\t\t\t<img fetchpriority=\"high\" decoding=\"async\" width=\"500\" height=\"749\" src=\"https:\/\/familienhoerbuch.de\/wp-content\/uploads\/2026\/03\/Familienhoerbuch-20250213-Lena-045.jpg\" class=\"attachment-large size-large wp-image-14677\" alt=\"\" srcset=\"https:\/\/familienhoerbuch.de\/wp-content\/uploads\/2026\/03\/Familienhoerbuch-20250213-Lena-045.jpg 500w, https:\/\/familienhoerbuch.de\/wp-content\/uploads\/2026\/03\/Familienhoerbuch-20250213-Lena-045-200x300.jpg 200w\" sizes=\"(max-width: 500px) 100vw, 500px\" \/>\t\t\t\t\t\t\t\t<\/a>\n\t\t\t\t\t\t\t\t\t\t\t\t\t\t\t<\/div>\n\t\t\t\t<\/div>\n\t\t\t\t<\/div>\n\t\t\t\t\t<\/div>\n\t\t\t\t<\/div>\n\t\t<div class=\"elementor-element elementor-element-96a3776 e-flex e-con-boxed e-con e-parent\" data-id=\"96a3776\" data-element_type=\"container\" data-e-type=\"container\">\n\t\t\t\t\t<div class=\"e-con-inner\">\n\t\t<div class=\"elementor-element elementor-element-bd751ff e-con-full e-flex e-con e-child\" data-id=\"bd751ff\" data-element_type=\"container\" data-e-type=\"container\">\n\t\t\t\t<div class=\"elementor-element elementor-element-1eb6f5e elementor-position-left elementor-vertical-align-middle elementor-position-top elementor-widget elementor-widget-image-box\" data-id=\"1eb6f5e\" data-element_type=\"widget\" data-e-type=\"widget\" data-widget_type=\"image-box.default\">\n\t\t\t\t<div class=\"elementor-widget-container\">\n\t\t\t\t\t<div class=\"elementor-image-box-wrapper\"><figure class=\"elementor-image-box-img\"><img decoding=\"async\" width=\"249\" height=\"277\" src=\"https:\/\/familienhoerbuch.de\/wp-content\/uploads\/2026\/03\/Mikrophon.png\" class=\"attachment-full size-full wp-image-14678\" alt=\"\" \/><\/figure><div class=\"elementor-image-box-content\"><p class=\"elementor-image-box-description\">Vi arbetar med utbildade ljudbiografier och professionella ljuddesigners. Diskussionerna \u00e4r journalistiskt strukturerade, professionellt ackompanjerade och implementerade i h\u00f6gkvalitativ ljudteknik. Historieber\u00e4ttaren best\u00e4mmer vad de vill dela med sig av. Tolkningsmakten ligger uteslutande hos deltagarna. Produktionen sker individuellt och \u00e4r inriktad p\u00e5 barnets och familjens livsmilj\u00f6.<\/p><\/div><\/div>\t\t\t\t<\/div>\n\t\t\t\t<\/div>\n\t\t\t\t<div class=\"elementor-element elementor-element-d21e6ae elementor-position-left elementor-vertical-align-middle elementor-position-top elementor-widget elementor-widget-image-box\" data-id=\"d21e6ae\" data-element_type=\"widget\" data-e-type=\"widget\" data-widget_type=\"image-box.default\">\n\t\t\t\t<div class=\"elementor-widget-container\">\n\t\t\t\t\t<div class=\"elementor-image-box-wrapper\"><figure class=\"elementor-image-box-img\"><img decoding=\"async\" width=\"232\" height=\"196\" src=\"https:\/\/familienhoerbuch.de\/wp-content\/uploads\/2026\/03\/Herz-4.png\" class=\"attachment-full size-full wp-image-14641\" alt=\"\" \/><\/figure><div class=\"elementor-image-box-content\"><p class=\"elementor-image-box-description\">Erbjudandet \u00e4r gratis och finansieras uteslutande genom donationer. Detta ger tillg\u00e5ng till alla familjer, oavsett ursprung, inkomst eller social situation.<\/p><\/div><\/div>\t\t\t\t<\/div>\n\t\t\t\t<\/div>\n\t\t\t\t<\/div>\n\t\t\t\t\t<\/div>\n\t\t\t\t<\/div>\n\t\t\t\t<\/div>","protected":false},"excerpt":{"rendered":"<p>Wof\u00fcr wir stehen Das Familienh\u00f6rbuch Die Familienh\u00f6rbuch gGmbH ist eine unabh\u00e4ngige und gemeinnu\u0308tzige Organisation mit Sitz in K\u00f6ln. Seit 2019 produzieren wir professionelle biografische H\u00f6rbu\u0308cher fu\u0308r schwer erkrankte Eltern mit minderj\u00e4hrigen Kindern. Ein Familienh\u00f6rbuch ist ein Zukunftsgeschenk fu\u0308r Kinder, die fru\u0308h verwaisen. Wenn ein Elternteil schwer erkrankt und der Abschied unausweichlich wird, stehen Kinder und [&hellip;]<\/p>","protected":false},"author":7,"featured_media":0,"parent":0,"menu_order":0,"comment_status":"closed","ping_status":"closed","template":"","meta":{"_acf_changed":false,"footnotes":""},"class_list":["post-14714","page","type-page","status-publish","hentry"],"acf":[],"_links":{"self":[{"href":"https:\/\/familienhoerbuch.de\/sv\/wp-json\/wp\/v2\/pages\/14714","targetHints":{"allow":["GET"]}}],"collection":[{"href":"https:\/\/familienhoerbuch.de\/sv\/wp-json\/wp\/v2\/pages"}],"about":[{"href":"https:\/\/familienhoerbuch.de\/sv\/wp-json\/wp\/v2\/types\/page"}],"author":[{"embeddable":true,"href":"https:\/\/familienhoerbuch.de\/sv\/wp-json\/wp\/v2\/users\/7"}],"replies":[{"embeddable":true,"href":"https:\/\/familienhoerbuch.de\/sv\/wp-json\/wp\/v2\/comments?post=14714"}],"version-history":[{"count":0,"href":"https:\/\/familienhoerbuch.de\/sv\/wp-json\/wp\/v2\/pages\/14714\/revisions"}],"wp:attachment":[{"href":"https:\/\/familienhoerbuch.de\/sv\/wp-json\/wp\/v2\/media?parent=14714"}],"curies":[{"name":"wp","href":"https:\/\/api.w.org\/{rel}","templated":true}]}}