{"id":13777,"date":"2026-01-05T09:28:38","date_gmt":"2026-01-05T08:28:38","guid":{"rendered":"https:\/\/familienhoerbuch.de\/?page_id=13777"},"modified":"2026-02-26T10:11:45","modified_gmt":"2026-02-26T09:11:45","slug":"unternehmenspartnerschaft","status":"publish","type":"page","link":"https:\/\/familienhoerbuch.de\/sv\/unternehmenspartnerschaft\/","title":{"rendered":"F\u00f6retagspartnerskap"},"content":{"rendered":"<div data-elementor-type=\"wp-page\" data-elementor-id=\"13777\" class=\"elementor elementor-13777\" data-elementor-post-type=\"page\">\n\t\t\t\t<div class=\"elementor-element elementor-element-37f1059 e-flex e-con-boxed e-con e-parent\" data-id=\"37f1059\" data-element_type=\"container\" data-e-type=\"container\">\n\t\t\t\t\t<div class=\"e-con-inner\">\n\t\t<div class=\"elementor-element elementor-element-c250b07 e-con-full e-flex e-con e-child\" data-id=\"c250b07\" data-element_type=\"container\" data-e-type=\"container\">\n\t\t\t\t<div class=\"elementor-element elementor-element-4f0c0b7 elementor-widget elementor-widget-heading\" data-id=\"4f0c0b7\" data-element_type=\"widget\" data-e-type=\"widget\" data-widget_type=\"heading.default\">\n\t\t\t\t<div class=\"elementor-widget-container\">\n\t\t\t\t\t<h4 class=\"elementor-heading-title elementor-size-default\">Bli ett familjef\u00f6retag f\u00f6r ljudb\u00f6cker<\/h4>\t\t\t\t<\/div>\n\t\t\t\t<\/div>\n\t\t\t\t<div class=\"elementor-element elementor-element-5c8a9ba elementor-widget elementor-widget-text-editor\" data-id=\"5c8a9ba\" data-element_type=\"widget\" data-e-type=\"widget\" data-widget_type=\"text-editor.default\">\n\t\t\t\t<div class=\"elementor-widget-container\">\n\t\t\t\t\t\t\t\t\t<p>Som partnerf\u00f6retag till Familienh\u00f6rbuch gGmbH ger du g\u00e5vor till barn vars f\u00f6r\u00e4ldrar har varit sjuka under en kort tid, som <strong>F\u00f6rm\u00e5ga att beh\u00e5lla din mammas eller pappas r\u00f6st f\u00f6r alltid<\/strong>. Den k\u00e4rleksfullt ber\u00e4ttade ljudboken blir ett v\u00e4rdefullt minne f\u00f6r dessa barn, vilket ger dem komfort, orientering och n\u00e4rhet f\u00f6r en livstid.<\/p>\t\t\t\t\t\t\t\t<\/div>\n\t\t\t\t<\/div>\n\t\t\t\t<\/div>\n\t\t<div class=\"elementor-element elementor-element-2f2e0c7 e-con-full e-flex e-con e-child\" data-id=\"2f2e0c7\" data-element_type=\"container\" data-e-type=\"container\">\n\t\t\t\t<div class=\"elementor-element elementor-element-d4fad0e elementor-widget elementor-widget-image\" data-id=\"d4fad0e\" data-element_type=\"widget\" data-e-type=\"widget\" data-widget_type=\"image.default\">\n\t\t\t\t<div class=\"elementor-widget-container\">\n\t\t\t\t\t\t\t\t\t\t\t\t\t\t\t<img fetchpriority=\"high\" decoding=\"async\" width=\"600\" height=\"400\" src=\"https:\/\/familienhoerbuch.de\/wp-content\/uploads\/2026\/02\/partnerschaft-bild.png\" class=\"attachment-large size-large wp-image-14080\" alt=\"\" srcset=\"https:\/\/familienhoerbuch.de\/wp-content\/uploads\/2026\/02\/partnerschaft-bild.png 600w, https:\/\/familienhoerbuch.de\/wp-content\/uploads\/2026\/02\/partnerschaft-bild-300x200.png 300w\" sizes=\"(max-width: 600px) 100vw, 600px\" \/>\t\t\t\t\t\t\t\t\t\t\t\t\t\t\t<\/div>\n\t\t\t\t<\/div>\n\t\t\t\t<\/div>\n\t\t\t\t\t<\/div>\n\t\t\t\t<\/div>\n\t\t<div class=\"elementor-element elementor-element-14762cf e-flex e-con-boxed e-con e-parent\" data-id=\"14762cf\" data-element_type=\"container\" data-e-type=\"container\">\n\t\t\t\t\t<div class=\"e-con-inner\">\n\t\t\t\t<div class=\"elementor-element elementor-element-05c55b0 elementor-position-left elementor-vertical-align-middle elementor-widget elementor-widget-image-box\" data-id=\"05c55b0\" data-element_type=\"widget\" data-e-type=\"widget\" data-widget_type=\"image-box.default\">\n\t\t\t\t<div class=\"elementor-widget-container\">\n\t\t\t\t\t<div class=\"elementor-image-box-wrapper\"><figure class=\"elementor-image-box-img\"><img decoding=\"async\" width=\"354\" height=\"315\" src=\"https:\/\/familienhoerbuch.de\/wp-content\/uploads\/2026\/02\/Hand-1.png\" class=\"attachment-full size-full wp-image-14084\" alt=\"\" srcset=\"https:\/\/familienhoerbuch.de\/wp-content\/uploads\/2026\/02\/Hand-1.png 354w, https:\/\/familienhoerbuch.de\/wp-content\/uploads\/2026\/02\/Hand-1-300x267.png 300w\" sizes=\"(max-width: 354px) 100vw, 354px\" \/><\/figure><div class=\"elementor-image-box-content\"><h5 class=\"elementor-image-box-title\">\u201dEn familjeljudbok inneb\u00e4r att man binder och h\u00e5ller kontakten.\u201d<\/h5><p class=\"elementor-image-box-description\">Urs M\u00fcnch, psykolog, psykoterapeut, f.d. vice ordf\u00f6rande DGP<\/p><\/div><\/div>\t\t\t\t<\/div>\n\t\t\t\t<\/div>\n\t\t\t\t\t<\/div>\n\t\t\t\t<\/div>\n\t\t<div class=\"elementor-element elementor-element-6e4b840 e-flex e-con-boxed e-con e-parent\" data-id=\"6e4b840\" data-element_type=\"container\" data-e-type=\"container\" data-settings=\"{&quot;background_background&quot;:&quot;classic&quot;}\">\n\t\t\t\t\t<div class=\"e-con-inner\">\n\t\t<div class=\"elementor-element elementor-element-d438ceb e-con-full e-flex e-con e-child\" data-id=\"d438ceb\" data-element_type=\"container\" data-e-type=\"container\">\n\t\t\t\t<div class=\"elementor-element elementor-element-deeae6d elementor-widget elementor-widget-heading\" data-id=\"deeae6d\" data-element_type=\"widget\" data-e-type=\"widget\" data-widget_type=\"heading.default\">\n\t\t\t\t<div class=\"elementor-widget-container\">\n\t\t\t\t\t<h4 class=\"elementor-heading-title elementor-size-default\">S\u00e5 h\u00e4r fungerar din donation<\/h4>\t\t\t\t<\/div>\n\t\t\t\t<\/div>\n\t\t<div class=\"elementor-element elementor-element-cc6385f e-grid e-con-full e-con e-child\" data-id=\"cc6385f\" data-element_type=\"container\" data-e-type=\"container\">\n\t\t\t\t<div class=\"elementor-element elementor-element-b4a2387 elementor-position-left elementor-vertical-align-middle elementor-widget elementor-widget-image-box\" data-id=\"b4a2387\" data-element_type=\"widget\" data-e-type=\"widget\" data-widget_type=\"image-box.default\">\n\t\t\t\t<div class=\"elementor-widget-container\">\n\t\t\t\t\t<div class=\"elementor-image-box-wrapper\"><figure class=\"elementor-image-box-img\"><img decoding=\"async\" width=\"230\" height=\"230\" src=\"https:\/\/familienhoerbuch.de\/wp-content\/uploads\/2026\/02\/Haende_mit_Herz-7.png\" class=\"attachment-full size-full wp-image-14102\" alt=\"\" srcset=\"https:\/\/familienhoerbuch.de\/wp-content\/uploads\/2026\/02\/Haende_mit_Herz-7.png 230w, https:\/\/familienhoerbuch.de\/wp-content\/uploads\/2026\/02\/Haende_mit_Herz-7-150x150.png 150w\" sizes=\"(max-width: 230px) 100vw, 230px\" \/><\/figure><div class=\"elementor-image-box-content\"><p class=\"elementor-image-box-description\"><b>6 000 euro<\/b> m\u00f6jligg\u00f6ra en komplett familjeljudbok f\u00f6r ett barn \u2013 k\u00e4rleksfullt ackompanjerad och professionellt producerad.<\/p><\/div><\/div>\t\t\t\t<\/div>\n\t\t\t\t<\/div>\n\t\t\t\t<div class=\"elementor-element elementor-element-9dc6560 elementor-position-left elementor-vertical-align-middle elementor-widget elementor-widget-image-box\" data-id=\"9dc6560\" data-element_type=\"widget\" data-e-type=\"widget\" data-widget_type=\"image-box.default\">\n\t\t\t\t<div class=\"elementor-widget-container\">\n\t\t\t\t\t<div class=\"elementor-image-box-wrapper\"><figure class=\"elementor-image-box-img\"><img loading=\"lazy\" decoding=\"async\" width=\"230\" height=\"230\" src=\"https:\/\/familienhoerbuch.de\/wp-content\/uploads\/2026\/02\/Geschenk-3.png\" class=\"attachment-full size-full wp-image-14103\" alt=\"\" srcset=\"https:\/\/familienhoerbuch.de\/wp-content\/uploads\/2026\/02\/Geschenk-3.png 230w, https:\/\/familienhoerbuch.de\/wp-content\/uploads\/2026\/02\/Geschenk-3-150x150.png 150w\" sizes=\"(max-width: 230px) 100vw, 230px\" \/><\/figure><div class=\"elementor-image-box-content\"><p class=\"elementor-image-box-description\"><b>10 000 euro<\/b> s\u00e4kra strukturer p\u00e5 l\u00e5ng sikt f\u00f6r att kunna ge denna g\u00e5va till andra barn.<\/p><\/div><\/div>\t\t\t\t<\/div>\n\t\t\t\t<\/div>\n\t\t\t\t<\/div>\n\t\t\t\t<\/div>\n\t\t\t\t\t<\/div>\n\t\t\t\t<\/div>\n\t\t<div class=\"elementor-element elementor-element-c6343ca e-flex e-con-boxed e-con e-parent\" data-id=\"c6343ca\" data-element_type=\"container\" data-e-type=\"container\">\n\t\t\t\t\t<div class=\"e-con-inner\">\n\t\t<div class=\"elementor-element elementor-element-b8c17ce e-con-full e-flex e-con e-child\" data-id=\"b8c17ce\" data-element_type=\"container\" data-e-type=\"container\">\n\t\t\t\t<div class=\"elementor-element elementor-element-04acf1d elementor-widget elementor-widget-image\" data-id=\"04acf1d\" data-element_type=\"widget\" data-e-type=\"widget\" data-widget_type=\"image.default\">\n\t\t\t\t<div class=\"elementor-widget-container\">\n\t\t\t\t\t\t\t\t\t\t\t\t\t\t\t<img loading=\"lazy\" decoding=\"async\" width=\"600\" height=\"400\" src=\"https:\/\/familienhoerbuch.de\/wp-content\/uploads\/2026\/02\/partnerschaft-bild2.jpg\" class=\"attachment-large size-large wp-image-14086\" alt=\"\" srcset=\"https:\/\/familienhoerbuch.de\/wp-content\/uploads\/2026\/02\/partnerschaft-bild2.jpg 600w, https:\/\/familienhoerbuch.de\/wp-content\/uploads\/2026\/02\/partnerschaft-bild2-300x200.jpg 300w\" sizes=\"(max-width: 600px) 100vw, 600px\" \/>\t\t\t\t\t\t\t\t\t\t\t\t\t\t\t<\/div>\n\t\t\t\t<\/div>\n\t\t\t\t<\/div>\n\t\t<div class=\"elementor-element elementor-element-cb89069 e-con-full e-flex e-con e-child\" data-id=\"cb89069\" data-element_type=\"container\" data-e-type=\"container\">\n\t\t\t\t<div class=\"elementor-element elementor-element-89cdeae elementor-widget elementor-widget-heading\" data-id=\"89cdeae\" data-element_type=\"widget\" data-e-type=\"widget\" data-widget_type=\"heading.default\">\n\t\t\t\t<div class=\"elementor-widget-container\">\n\t\t\t\t\t<h4 class=\"elementor-heading-title elementor-size-default\">Familjens ljudbok<\/h4>\t\t\t\t<\/div>\n\t\t\t\t<\/div>\n\t\t\t\t<div class=\"elementor-element elementor-element-986fc09 elementor-widget elementor-widget-text-editor\" data-id=\"986fc09\" data-element_type=\"widget\" data-e-type=\"widget\" data-widget_type=\"text-editor.default\">\n\t\t\t\t<div class=\"elementor-widget-container\">\n\t\t\t\t\t\t\t\t\t<ul><li>grundades 2019 som en ideell organisation med f\u00f6ljande lagstadgade \u00e4ndam\u00e5l:<ul><li>Fr\u00e4mjande av vetenskap och forskning (\u00a7 52.2 f\u00f6rsta stycket AO)<\/li><li>Fr\u00e4mjande av folkh\u00e4lsa och offentlig h\u00e4lso- och sjukv\u00e5rd (\u00a7 52.2 punkt 3 AO)<\/li><li>v\u00e4lg\u00f6rande \u00e4ndam\u00e5l i den mening som avses i \u00a7 53 mening 1 nr 1 AO<\/li><\/ul><\/li><li>Att \u00f6verbrygga en befintlig lucka i h\u00e4lso- och sjukv\u00e5rdssystemet<\/li><li>St\u00f6dja familjer p\u00e5 v\u00e4gen att s\u00e4ga adj\u00f6<\/li><li>Skapar kontakter bortom d\u00f6den<\/li><\/ul>\t\t\t\t\t\t\t\t<\/div>\n\t\t\t\t<\/div>\n\t\t\t\t<\/div>\n\t\t\t\t\t<\/div>\n\t\t\t\t<\/div>\n\t\t<div class=\"elementor-element elementor-element-25a1deb e-flex e-con-boxed e-con e-parent\" data-id=\"25a1deb\" data-element_type=\"container\" data-e-type=\"container\" data-settings=\"{&quot;background_background&quot;:&quot;classic&quot;}\">\n\t\t\t\t\t<div class=\"e-con-inner\">\n\t\t<div class=\"elementor-element elementor-element-a8b6679 e-con-full e-flex e-con e-child\" data-id=\"a8b6679\" data-element_type=\"container\" data-e-type=\"container\">\n\t\t\t\t<div class=\"elementor-element elementor-element-78a6b85 elementor-widget elementor-widget-heading\" data-id=\"78a6b85\" data-element_type=\"widget\" data-e-type=\"widget\" data-widget_type=\"heading.default\">\n\t\t\t\t<div class=\"elementor-widget-container\">\n\t\t\t\t\t<h4 class=\"elementor-heading-title elementor-size-default\">Ditt kommunikationspaket<\/h4>\t\t\t\t<\/div>\n\t\t\t\t<\/div>\n\t\t\t\t<div class=\"elementor-element elementor-element-f304e1b elementor-widget elementor-widget-text-editor\" data-id=\"f304e1b\" data-element_type=\"widget\" data-e-type=\"widget\" data-widget_type=\"text-editor.default\">\n\t\t\t\t<div class=\"elementor-widget-container\">\n\t\t\t\t\t\t\t\t\t<p>Med dessa kommunikationsmaterial kan du visa vad ditt f\u00f6retag st\u00e5r f\u00f6r med partnerskapet. Oavsett om det \u00e4r p\u00e5 din hemsida eller i ett personligt brev: Det \u00e4r s\u00e5 h\u00e4r du vill <strong>Engagemang synligt f\u00f6r kunder, anst\u00e4llda och aff\u00e4rspartners<\/strong>. F\u00f6r anv\u00e4ndningen g\u00f6r vi ett gemensamt skriftligt avtal och kommer \u00f6verens individuellt. I den offentliga presentationen b\u00f6r den gemensamma orsaken vara i f\u00f6rgrunden, s\u00e5 att partnerskapet inte f\u00e5r anv\u00e4ndas f\u00f6r produktreklam eller i en marknadsf\u00f6ringskampanj.<\/p>\t\t\t\t\t\t\t\t<\/div>\n\t\t\t\t<\/div>\n\t\t\t\t<\/div>\n\t\t<div class=\"elementor-element elementor-element-c3074fa e-grid e-con-full e-con e-child\" data-id=\"c3074fa\" data-element_type=\"container\" data-e-type=\"container\">\n\t\t\t\t<div class=\"elementor-element elementor-element-42f8d92 elementor-position-top elementor-widget elementor-widget-image-box\" data-id=\"42f8d92\" data-element_type=\"widget\" data-e-type=\"widget\" data-widget_type=\"image-box.default\">\n\t\t\t\t<div class=\"elementor-widget-container\">\n\t\t\t\t\t<div class=\"elementor-image-box-wrapper\"><figure class=\"elementor-image-box-img\"><img loading=\"lazy\" decoding=\"async\" width=\"424\" height=\"424\" src=\"https:\/\/familienhoerbuch.de\/wp-content\/uploads\/2026\/02\/Partner-Logo.png\" class=\"attachment-full size-full wp-image-14093\" alt=\"\" srcset=\"https:\/\/familienhoerbuch.de\/wp-content\/uploads\/2026\/02\/Partner-Logo.png 424w, https:\/\/familienhoerbuch.de\/wp-content\/uploads\/2026\/02\/Partner-Logo-300x300.png 300w, https:\/\/familienhoerbuch.de\/wp-content\/uploads\/2026\/02\/Partner-Logo-150x150.png 150w\" sizes=\"(max-width: 424px) 100vw, 424px\" \/><\/figure><div class=\"elementor-image-box-content\"><h6 class=\"elementor-image-box-title\">Individuell partnerlogotyp 2026<\/h6><\/div><\/div>\t\t\t\t<\/div>\n\t\t\t\t<\/div>\n\t\t\t\t<div class=\"elementor-element elementor-element-d37f990 elementor-position-top elementor-widget elementor-widget-image-box\" data-id=\"d37f990\" data-element_type=\"widget\" data-e-type=\"widget\" data-widget_type=\"image-box.default\">\n\t\t\t\t<div class=\"elementor-widget-container\">\n\t\t\t\t\t<div class=\"elementor-image-box-wrapper\"><figure class=\"elementor-image-box-img\"><img loading=\"lazy\" decoding=\"async\" width=\"300\" height=\"301\" src=\"https:\/\/familienhoerbuch.de\/wp-content\/uploads\/2026\/02\/Website-Banner.png\" class=\"attachment-full size-full wp-image-14096\" alt=\"\" srcset=\"https:\/\/familienhoerbuch.de\/wp-content\/uploads\/2026\/02\/Website-Banner.png 300w, https:\/\/familienhoerbuch.de\/wp-content\/uploads\/2026\/02\/Website-Banner-150x150.png 150w\" sizes=\"(max-width: 300px) 100vw, 300px\" \/><\/figure><div class=\"elementor-image-box-content\"><h6 class=\"elementor-image-box-title\">Webbplatsbanners<\/h6><\/div><\/div>\t\t\t\t<\/div>\n\t\t\t\t<\/div>\n\t\t\t\t<div class=\"elementor-element elementor-element-03ab606 elementor-position-top elementor-widget elementor-widget-image-box\" data-id=\"03ab606\" data-element_type=\"widget\" data-e-type=\"widget\" data-widget_type=\"image-box.default\">\n\t\t\t\t<div class=\"elementor-widget-container\">\n\t\t\t\t\t<div class=\"elementor-image-box-wrapper\"><figure class=\"elementor-image-box-img\"><img loading=\"lazy\" decoding=\"async\" width=\"292\" height=\"291\" src=\"https:\/\/familienhoerbuch.de\/wp-content\/uploads\/2026\/02\/Ansprechperson.png\" class=\"attachment-full size-full wp-image-14091\" alt=\"\" srcset=\"https:\/\/familienhoerbuch.de\/wp-content\/uploads\/2026\/02\/Ansprechperson.png 292w, https:\/\/familienhoerbuch.de\/wp-content\/uploads\/2026\/02\/Ansprechperson-150x150.png 150w\" sizes=\"(max-width: 292px) 100vw, 292px\" \/><\/figure><div class=\"elementor-image-box-content\"><h6 class=\"elementor-image-box-title\">Personlig kontaktperson<\/h6><\/div><\/div>\t\t\t\t<\/div>\n\t\t\t\t<\/div>\n\t\t\t\t<div class=\"elementor-element elementor-element-6101c3a elementor-position-top elementor-widget elementor-widget-image-box\" data-id=\"6101c3a\" data-element_type=\"widget\" data-e-type=\"widget\" data-widget_type=\"image-box.default\">\n\t\t\t\t<div class=\"elementor-widget-container\">\n\t\t\t\t\t<div class=\"elementor-image-box-wrapper\"><figure class=\"elementor-image-box-img\"><img loading=\"lazy\" decoding=\"async\" width=\"240\" height=\"240\" src=\"https:\/\/familienhoerbuch.de\/wp-content\/uploads\/2026\/02\/SoME-Visuals.png\" class=\"attachment-full size-full wp-image-14094\" alt=\"\" srcset=\"https:\/\/familienhoerbuch.de\/wp-content\/uploads\/2026\/02\/SoME-Visuals.png 240w, https:\/\/familienhoerbuch.de\/wp-content\/uploads\/2026\/02\/SoME-Visuals-150x150.png 150w\" sizes=\"(max-width: 240px) 100vw, 240px\" \/><\/figure><div class=\"elementor-image-box-content\"><h6 class=\"elementor-image-box-title\">Sociala medier och e-postsignatur<\/h6><\/div><\/div>\t\t\t\t<\/div>\n\t\t\t\t<\/div>\n\t\t\t\t<div class=\"elementor-element elementor-element-e6e49af elementor-position-top elementor-widget elementor-widget-image-box\" data-id=\"e6e49af\" data-element_type=\"widget\" data-e-type=\"widget\" data-widget_type=\"image-box.default\">\n\t\t\t\t<div class=\"elementor-widget-container\">\n\t\t\t\t\t<div class=\"elementor-image-box-wrapper\"><figure class=\"elementor-image-box-img\"><img loading=\"lazy\" decoding=\"async\" width=\"208\" height=\"208\" src=\"https:\/\/familienhoerbuch.de\/wp-content\/uploads\/2026\/02\/Urkunde.png\" class=\"attachment-full size-full wp-image-14095\" alt=\"\" srcset=\"https:\/\/familienhoerbuch.de\/wp-content\/uploads\/2026\/02\/Urkunde.png 208w, https:\/\/familienhoerbuch.de\/wp-content\/uploads\/2026\/02\/Urkunde-150x150.png 150w\" sizes=\"(max-width: 208px) 100vw, 208px\" \/><\/figure><div class=\"elementor-image-box-content\"><h6 class=\"elementor-image-box-title\">Dokument f\u00f6r utstationering<\/h6><\/div><\/div>\t\t\t\t<\/div>\n\t\t\t\t<\/div>\n\t\t\t\t<div class=\"elementor-element elementor-element-fdb9c8f elementor-position-top elementor-widget elementor-widget-image-box\" data-id=\"fdb9c8f\" data-element_type=\"widget\" data-e-type=\"widget\" data-widget_type=\"image-box.default\">\n\t\t\t\t<div class=\"elementor-widget-container\">\n\t\t\t\t\t<div class=\"elementor-image-box-wrapper\"><figure class=\"elementor-image-box-img\"><img loading=\"lazy\" decoding=\"async\" width=\"351\" height=\"352\" src=\"https:\/\/familienhoerbuch.de\/wp-content\/uploads\/2026\/02\/Nennung_Partnerseite.png\" class=\"attachment-full size-full wp-image-14092\" alt=\"\" srcset=\"https:\/\/familienhoerbuch.de\/wp-content\/uploads\/2026\/02\/Nennung_Partnerseite.png 351w, https:\/\/familienhoerbuch.de\/wp-content\/uploads\/2026\/02\/Nennung_Partnerseite-300x300.png 300w, https:\/\/familienhoerbuch.de\/wp-content\/uploads\/2026\/02\/Nennung_Partnerseite-150x150.png 150w\" sizes=\"(max-width: 351px) 100vw, 351px\" \/><\/figure><div class=\"elementor-image-box-content\"><h6 class=\"elementor-image-box-title\">Listning p\u00e5 v\u00e5r partnersida och i publikationer<\/h6><\/div><\/div>\t\t\t\t<\/div>\n\t\t\t\t<\/div>\n\t\t\t\t<\/div>\n\t\t\t\t\t<\/div>\n\t\t\t\t<\/div>\n\t\t<div class=\"elementor-element elementor-element-64a4e54 e-flex e-con-boxed e-con e-parent\" data-id=\"64a4e54\" data-element_type=\"container\" data-e-type=\"container\">\n\t\t\t\t\t<div class=\"e-con-inner\">\n\t\t<div class=\"elementor-element elementor-element-73e11b8 e-con-full e-flex e-con e-child\" data-id=\"73e11b8\" data-element_type=\"container\" data-e-type=\"container\" data-settings=\"{&quot;background_background&quot;:&quot;classic&quot;}\">\n\t\t<div class=\"elementor-element elementor-element-55c8188 e-con-full e-flex e-con e-child\" data-id=\"55c8188\" data-element_type=\"container\" data-e-type=\"container\">\n\t\t<div class=\"elementor-element elementor-element-363d302 e-con-full e-flex e-con e-child\" data-id=\"363d302\" data-element_type=\"container\" data-e-type=\"container\">\n\t\t\t\t<div class=\"elementor-element elementor-element-602fa60 elementor-widget elementor-widget-heading\" data-id=\"602fa60\" data-element_type=\"widget\" data-e-type=\"widget\" data-widget_type=\"heading.default\">\n\t\t\t\t<div class=\"elementor-widget-container\">\n\t\t\t\t\t<h4 class=\"elementor-heading-title elementor-size-default\">Kontaktpersoner<\/h4>\t\t\t\t<\/div>\n\t\t\t\t<\/div>\n\t\t\t\t<div class=\"elementor-element elementor-element-cda51b3 elementor-widget elementor-widget-text-editor\" data-id=\"cda51b3\" data-element_type=\"widget\" data-e-type=\"widget\" data-widget_type=\"text-editor.default\">\n\t\t\t\t<div class=\"elementor-widget-container\">\n\t\t\t\t\t\t\t\t\t<p><span style=\"font-size: 1rem;\"><a href=\"mailto:spenden@familienhoerbuch.de\">spenden@familienhoerbuch.de<\/a><br \/><a href=\"tel:+4917672096535\">+49 176 720 96 535<\/a><\/span><\/p>\t\t\t\t\t\t\t\t<\/div>\n\t\t\t\t<\/div>\n\t\t\t\t<div class=\"elementor-element elementor-element-3bc46f2 elementor-widget elementor-widget-text-editor\" data-id=\"3bc46f2\" data-element_type=\"widget\" data-e-type=\"widget\" data-widget_type=\"text-editor.default\">\n\t\t\t\t<div class=\"elementor-widget-container\">\n\t\t\t\t\t\t\t\t\t<p class=\"p1\">Mer information om dina donationsalternativ f\u00f6r familjens ljudbok finns p\u00e5: <a href=\"https:\/\/familienhoerbuch.de\/sv\/engagement\/\"><b>familienhoerbuch.de\/engagement<\/b><\/a><\/p>\t\t\t\t\t\t\t\t<\/div>\n\t\t\t\t<\/div>\n\t\t\t\t<\/div>\n\t\t<div class=\"elementor-element elementor-element-2a15a8d e-grid e-con-full e-con e-child\" data-id=\"2a15a8d\" data-element_type=\"container\" data-e-type=\"container\">\n\t\t\t\t<div class=\"elementor-element elementor-element-c15fd8c elementor-position-top elementor-widget elementor-widget-image-box\" data-id=\"c15fd8c\" data-element_type=\"widget\" data-e-type=\"widget\" data-widget_type=\"image-box.default\">\n\t\t\t\t<div class=\"elementor-widget-container\">\n\t\t\t\t\t<div class=\"elementor-image-box-wrapper\"><figure class=\"elementor-image-box-img\"><img loading=\"lazy\" decoding=\"async\" width=\"579\" height=\"579\" src=\"https:\/\/familienhoerbuch.de\/wp-content\/uploads\/2025\/09\/AnneanneAnne-modified.png\" class=\"attachment-full size-full wp-image-12137\" alt=\"\" srcset=\"https:\/\/familienhoerbuch.de\/wp-content\/uploads\/2025\/09\/AnneanneAnne-modified.png 579w, https:\/\/familienhoerbuch.de\/wp-content\/uploads\/2025\/09\/AnneanneAnne-modified-300x300.png 300w, https:\/\/familienhoerbuch.de\/wp-content\/uploads\/2025\/09\/AnneanneAnne-modified-150x150.png 150w\" sizes=\"(max-width: 579px) 100vw, 579px\" \/><\/figure><div class=\"elementor-image-box-content\"><h3 class=\"elementor-image-box-title\">Anne Braasch<\/h3><\/div><\/div>\t\t\t\t<\/div>\n\t\t\t\t<\/div>\n\t\t\t\t<div class=\"elementor-element elementor-element-32aaedb elementor-position-top elementor-widget elementor-widget-image-box\" data-id=\"32aaedb\" data-element_type=\"widget\" data-e-type=\"widget\" data-widget_type=\"image-box.default\">\n\t\t\t\t<div class=\"elementor-widget-container\">\n\t\t\t\t\t<div class=\"elementor-image-box-wrapper\"><figure class=\"elementor-image-box-img\"><img loading=\"lazy\" decoding=\"async\" width=\"742\" height=\"742\" src=\"https:\/\/familienhoerbuch.de\/wp-content\/uploads\/2025\/09\/Download-modified.png\" class=\"attachment-full size-full wp-image-12136\" alt=\"\" srcset=\"https:\/\/familienhoerbuch.de\/wp-content\/uploads\/2025\/09\/Download-modified.png 742w, https:\/\/familienhoerbuch.de\/wp-content\/uploads\/2025\/09\/Download-modified-300x300.png 300w, https:\/\/familienhoerbuch.de\/wp-content\/uploads\/2025\/09\/Download-modified-150x150.png 150w\" sizes=\"(max-width: 742px) 100vw, 742px\" \/><\/figure><div class=\"elementor-image-box-content\"><h3 class=\"elementor-image-box-title\">Eva Clara Tenzler<\/h3><\/div><\/div>\t\t\t\t<\/div>\n\t\t\t\t<\/div>\n\t\t\t\t<\/div>\n\t\t\t\t<\/div>\n\t\t\t\t<\/div>\n\t\t\t\t\t<\/div>\n\t\t\t\t<\/div>\n\t\t\t\t<\/div>","protected":false},"excerpt":{"rendered":"<p>Som partnerf\u00f6retag till Familienh\u00f6rbuch gGmbH ger du barn vars f\u00f6r\u00e4ldrar har en livsf\u00f6rkortad sjukdom m\u00f6jlighet att beh\u00e5lla sin mors eller fars r\u00f6st f\u00f6r alltid. Den k\u00e4rleksfullt ber\u00e4ttade ljudboken blir ett v\u00e4rdefullt minne f\u00f6r dessa barn, vilket ger dem komfort, orientering och n\u00e4rhet f\u00f6r en livstid. \u201dEn familjeljudbok betyder [\u2026]<\/p>","protected":false},"author":7,"featured_media":0,"parent":0,"menu_order":0,"comment_status":"closed","ping_status":"closed","template":"","meta":{"_acf_changed":false,"footnotes":""},"class_list":["post-13777","page","type-page","status-publish","hentry"],"acf":[],"_links":{"self":[{"href":"https:\/\/familienhoerbuch.de\/sv\/wp-json\/wp\/v2\/pages\/13777","targetHints":{"allow":["GET"]}}],"collection":[{"href":"https:\/\/familienhoerbuch.de\/sv\/wp-json\/wp\/v2\/pages"}],"about":[{"href":"https:\/\/familienhoerbuch.de\/sv\/wp-json\/wp\/v2\/types\/page"}],"author":[{"embeddable":true,"href":"https:\/\/familienhoerbuch.de\/sv\/wp-json\/wp\/v2\/users\/7"}],"replies":[{"embeddable":true,"href":"https:\/\/familienhoerbuch.de\/sv\/wp-json\/wp\/v2\/comments?post=13777"}],"version-history":[{"count":0,"href":"https:\/\/familienhoerbuch.de\/sv\/wp-json\/wp\/v2\/pages\/13777\/revisions"}],"wp:attachment":[{"href":"https:\/\/familienhoerbuch.de\/sv\/wp-json\/wp\/v2\/media?parent=13777"}],"curies":[{"name":"wp","href":"https:\/\/api.w.org\/{rel}","templated":true}]}}