{"id":13002,"date":"2025-11-04T11:07:36","date_gmt":"2025-11-04T10:07:36","guid":{"rendered":"https:\/\/familienhoerbuch.de\/?page_id=13002"},"modified":"2026-03-25T08:56:02","modified_gmt":"2026-03-25T07:56:02","slug":"geschenkspende","status":"publish","type":"page","link":"https:\/\/familienhoerbuch.de\/sv\/geschenkspende\/","title":{"rendered":"G\u00e5vodonation"},"content":{"rendered":"<div data-elementor-type=\"wp-page\" data-elementor-id=\"13002\" class=\"elementor elementor-13002\" data-elementor-post-type=\"page\">\n\t\t\t\t<div class=\"elementor-element elementor-element-8a4a0b7 e-flex e-con-boxed e-con e-parent\" data-id=\"8a4a0b7\" data-element_type=\"container\" data-e-type=\"container\">\n\t\t\t\t\t<div class=\"e-con-inner\">\n\t\t<div class=\"elementor-element elementor-element-c6f6c8a e-con-full e-flex e-con e-child\" data-id=\"c6f6c8a\" data-element_type=\"container\" data-e-type=\"container\">\n\t\t\t\t<div class=\"elementor-element elementor-element-1155179 elementor-widget elementor-widget-heading\" data-id=\"1155179\" data-element_type=\"widget\" data-e-type=\"widget\" data-widget_type=\"heading.default\">\n\t\t\t\t<div class=\"elementor-widget-container\">\n\t\t\t\t\t<h4 class=\"elementor-heading-title elementor-size-default\">Ge k\u00e4rlek till \u00f6ronen<\/h4>\t\t\t\t<\/div>\n\t\t\t\t<\/div>\n\t\t\t\t<div class=\"elementor-element elementor-element-79c7ac6 elementor-widget elementor-widget-text-editor\" data-id=\"79c7ac6\" data-element_type=\"widget\" data-e-type=\"widget\" data-widget_type=\"text-editor.default\">\n\t\t\t\t<div class=\"elementor-widget-container\">\n\t\t\t\t\t\t\t\t\t<p>Ibland \u00e4r det <b>Den vackraste g\u00e5van <\/b>Inte ett objekt, men <b>Ett tecken p\u00e5 samh\u00f6righet<\/b>. Genom att donera p\u00e5 uppdrag av en \u00e4lskad f\u00f6r en god sak, ger du mer \u00e4n ord kan s\u00e4ga: Med din donation g\u00f6r du det m\u00f6jligt f\u00f6r obotligt sjuka f\u00f6r\u00e4ldrar att l\u00e4mna sin livshistoria som en r\u00f6st f\u00f6r sina barn.<\/p>\n<p>Varje donation, stor som liten, hj\u00e4lper till att h\u00e5lla minnen vid liv och att ge tr\u00f6st och st\u00f6d till familjer. Som<b> K\u00e4rleksfullt minne<\/b> Du kommer att f\u00e5 en <b>g\u00e4rning<\/b>, som du kan presentera \u2013 en s\u00e4rskild g\u00e5va f\u00f6r framtiden som knyter an till varandra.<\/p>\t\t\t\t\t\t\t\t<\/div>\n\t\t\t\t<\/div>\n\t\t\t\t<div class=\"elementor-element elementor-element-bebe180 elementor-widget elementor-widget-text-editor\" data-id=\"bebe180\" data-element_type=\"widget\" data-e-type=\"widget\" data-widget_type=\"text-editor.default\">\n\t\t\t\t<div class=\"elementor-widget-container\">\n\t\t\t\t\t\t\t\t\t<ol><li>V\u00e4lj donationsbelopp<\/li><li>Definiera \u00f6nskat motiv<\/li><li>Ange dina personuppgifter och skicka en donation<\/li><li>F\u00e5 presentkort<\/li><\/ol>\t\t\t\t\t\t\t\t<\/div>\n\t\t\t\t<\/div>\n\t\t\t\t<\/div>\n\t\t<div class=\"elementor-element elementor-element-8cc4cbf e-con-full e-flex e-con e-child\" data-id=\"8cc4cbf\" data-element_type=\"container\" data-e-type=\"container\" data-settings=\"{&quot;background_background&quot;:&quot;classic&quot;}\">\n\t\t\t\t<div class=\"elementor-element elementor-element-5467194 elementor-widget elementor-widget-image\" data-id=\"5467194\" data-element_type=\"widget\" data-e-type=\"widget\" data-widget_type=\"image.default\">\n\t\t\t\t<div class=\"elementor-widget-container\">\n\t\t\t\t\t\t\t\t\t\t\t\t\t\t\t\t<a href=\"https:\/\/familienhoerbuch.de\/wp-content\/uploads\/2026\/03\/mockup-illu-geschenkspende-normal.png\" data-elementor-open-lightbox=\"no\">\n\t\t\t\t\t\t\t<img fetchpriority=\"high\" decoding=\"async\" width=\"600\" height=\"575\" src=\"https:\/\/familienhoerbuch.de\/wp-content\/uploads\/2026\/03\/mockup-illu-geschenkspende-normal.png\" class=\"attachment-large size-large wp-image-14664\" alt=\"\" srcset=\"https:\/\/familienhoerbuch.de\/wp-content\/uploads\/2026\/03\/mockup-illu-geschenkspende-normal.png 600w, https:\/\/familienhoerbuch.de\/wp-content\/uploads\/2026\/03\/mockup-illu-geschenkspende-normal-300x288.png 300w\" sizes=\"(max-width: 600px) 100vw, 600px\" \/>\t\t\t\t\t\t\t\t<\/a>\n\t\t\t\t\t\t\t\t\t\t\t\t\t\t\t<\/div>\n\t\t\t\t<\/div>\n\t\t\t\t<\/div>\n\t\t\t\t\t<\/div>\n\t\t\t\t<\/div>\n\t\t<div class=\"elementor-element elementor-element-3710970 e-flex e-con-boxed e-con e-parent\" data-id=\"3710970\" data-element_type=\"container\" data-e-type=\"container\">\n\t\t\t\t\t<div class=\"e-con-inner\">\n\t\t\t\t<div class=\"elementor-element elementor-element-9e603e5 elementor-widget elementor-widget-shortcode\" data-id=\"9e603e5\" data-element_type=\"widget\" data-e-type=\"widget\" data-widget_type=\"shortcode.default\">\n\t\t\t\t<div class=\"elementor-widget-container\">\n\t\t\t\t\t\t\t<div class=\"elementor-shortcode\"><script type=\"text\/javascript\" src=\"https:\/\/secure.fundraisingbox.com\/app\/paymentJS?is_gift_donation=1&hash=43r9q5vo8h7gkob2\"><\/script>\n    <noscript>V\u00e4nligen aktivera Javascript<\/noscript>\n    <a target=\"_blank\" href=\"https:\/\/www.fundraisingbox.com\/?utm_source=donation_form\">\n        <img decoding=\"async\" border=\"0\" style=\"border: 0 !important\" src=\"https:\/\/secure.fundraisingbox.com\/images\/FundraisingBox-Logo-Widget.png\" alt=\"InsamlingBox-logotyp\" \/>\n    <\/a><\/div>\n\t\t\t\t\t\t<\/div>\n\t\t\t\t<\/div>\n\t\t\t\t\t<\/div>\n\t\t\t\t<\/div>\n\t\t\t\t<\/div>","protected":false},"excerpt":{"rendered":"<p>Ibland \u00e4r den vackraste g\u00e5van inte ett objekt, utan ett tecken p\u00e5 samh\u00f6righet. Genom att donera p\u00e5 uppdrag av en \u00e4lskad f\u00f6r en god sak, ger du mer \u00e4n ord kan s\u00e4ga: Med din donation g\u00f6r du det m\u00f6jligt f\u00f6r obotligt sjuka f\u00f6r\u00e4ldrar att l\u00e4mna sin livshistoria som en r\u00f6st f\u00f6r sina barn. \u2026 (olika betydelser)<\/p>","protected":false},"author":7,"featured_media":0,"parent":0,"menu_order":0,"comment_status":"closed","ping_status":"closed","template":"","meta":{"_acf_changed":false,"footnotes":""},"class_list":["post-13002","page","type-page","status-publish","hentry"],"acf":[],"_links":{"self":[{"href":"https:\/\/familienhoerbuch.de\/sv\/wp-json\/wp\/v2\/pages\/13002","targetHints":{"allow":["GET"]}}],"collection":[{"href":"https:\/\/familienhoerbuch.de\/sv\/wp-json\/wp\/v2\/pages"}],"about":[{"href":"https:\/\/familienhoerbuch.de\/sv\/wp-json\/wp\/v2\/types\/page"}],"author":[{"embeddable":true,"href":"https:\/\/familienhoerbuch.de\/sv\/wp-json\/wp\/v2\/users\/7"}],"replies":[{"embeddable":true,"href":"https:\/\/familienhoerbuch.de\/sv\/wp-json\/wp\/v2\/comments?post=13002"}],"version-history":[{"count":0,"href":"https:\/\/familienhoerbuch.de\/sv\/wp-json\/wp\/v2\/pages\/13002\/revisions"}],"wp:attachment":[{"href":"https:\/\/familienhoerbuch.de\/sv\/wp-json\/wp\/v2\/media?parent=13002"}],"curies":[{"name":"wp","href":"https:\/\/api.w.org\/{rel}","templated":true}]}}