{"id":10213,"date":"2025-04-28T10:00:50","date_gmt":"2025-04-28T08:00:50","guid":{"rendered":"https:\/\/familienhoerbuch.de\/?page_id=10213"},"modified":"2025-04-29T13:22:57","modified_gmt":"2025-04-29T11:22:57","slug":"nachlass-regeln","status":"publish","type":"page","link":"https:\/\/familienhoerbuch.de\/sv\/nachlass-regeln\/","title":{"rendered":"Ers\u00e4ttningsregler"},"content":{"rendered":"<div data-elementor-type=\"wp-page\" data-elementor-id=\"10213\" class=\"elementor elementor-10213\" data-elementor-post-type=\"page\">\n\t\t\t\t<div class=\"elementor-element elementor-element-cf160a6 e-flex e-con-boxed e-con e-parent\" data-id=\"cf160a6\" data-element_type=\"container\" data-e-type=\"container\">\n\t\t\t\t\t<div class=\"e-con-inner\">\n\t\t<div class=\"elementor-element elementor-element-bf0c91b e-con-full e-flex e-con e-child\" data-id=\"bf0c91b\" data-element_type=\"container\" data-e-type=\"container\">\n\t\t\t\t<div class=\"elementor-element elementor-element-54dc142 elementor-widget elementor-widget-heading\" data-id=\"54dc142\" data-element_type=\"widget\" data-e-type=\"widget\" data-widget_type=\"heading.default\">\n\t\t\t\t<div class=\"elementor-widget-container\">\n\t\t\t\t\t<h4 class=\"elementor-heading-title elementor-size-default\">Erblotse - Viljegeneratorn<\/h4>\t\t\t\t<\/div>\n\t\t\t\t<\/div>\n\t\t\t\t<div class=\"elementor-element elementor-element-01f544e elementor-widget elementor-widget-text-editor\" data-id=\"01f544e\" data-element_type=\"widget\" data-e-type=\"widget\" data-widget_type=\"text-editor.default\">\n\t\t\t\t<div class=\"elementor-widget-container\">\n\t\t\t\t\t\t\t\t\t<p><span class=\"break-words tvm-parent-container\"><span dir=\"ltr\">Att reglera egendomen \u00e4r ett utmanande \u00e4mne, b\u00e5de n\u00e4r det g\u00e4ller inneh\u00e5ll och k\u00e4nslor. <\/span><\/span><\/p><p>Den s\u00e5 kallade Otto normal konsumenten ser i m\u00e5nga fall en konsultation fr\u00e5n advokaten och en notarie fr\u00e5n notarien som ett s\u00e4tt att v\u00e4lja. Detta binder tid och monet\u00e4ra resurser och kan vara ett ytterligare hinder.<\/p><p>Familienh\u00f6rbuch gGmbH har uppt\u00e4ckt en okomplicerad l\u00f6sning som nu har implementerats som en tj\u00e4nst f\u00f6r familjens ljudbokscommunity: Erblotse.<\/p><p>Viljegeneratorn ger en snabb \u00f6versikt \u00f6ver m\u00f6jliga juridiska arvingar och deras minsta fordringar, \u00f6ppnar ocks\u00e5 m\u00f6jligheten att komma in och st\u00f6dja andra sl\u00e4ktingar, v\u00e4nner eller organisationer och slutligen kan en slutlig version laddas ner gratis. Viktigt: F\u00f6r att detta ska anses vara lagligt s\u00e4kert i Tyskland m\u00e5ste det sedan kopieras och undertecknas av f\u00f6rfattaren.<\/p>\t\t\t\t\t\t\t\t<\/div>\n\t\t\t\t<\/div>\n\t\t\t\t<\/div>\n\t\t<div class=\"elementor-element elementor-element-5abbf54 e-con-full e-flex e-con e-child\" data-id=\"5abbf54\" data-element_type=\"container\" data-e-type=\"container\">\n\t\t\t\t<div class=\"elementor-element elementor-element-63996bb elementor-widget elementor-widget-html\" data-id=\"63996bb\" data-element_type=\"widget\" data-e-type=\"widget\" data-widget_type=\"html.default\">\n\t\t\t\t<div class=\"elementor-widget-container\">\n\t\t\t\t\t<iframe src=\"https:\/\/vererben.erblotse.de\/p\/familienhoerbuch?workflow=funnel_1\" style=\"height: 600px; width: 100%; border: none; margin-top:1rem;\"><\/iframe>\t\t\t\t<\/div>\n\t\t\t\t<\/div>\n\t\t\t\t<\/div>\n\t\t\t\t\t<\/div>\n\t\t\t\t<\/div>\n\t\t<div class=\"elementor-element elementor-element-1f7199d e-flex e-con-boxed e-con e-parent\" data-id=\"1f7199d\" data-element_type=\"container\" data-e-type=\"container\" data-settings=\"{&quot;background_background&quot;:&quot;classic&quot;}\">\n\t\t\t\t\t<div class=\"e-con-inner\">\n\t\t<div class=\"elementor-element elementor-element-61e4e8c e-con-full e-flex e-con e-child\" data-id=\"61e4e8c\" data-element_type=\"container\" data-e-type=\"container\">\n\t\t\t\t<div class=\"elementor-element elementor-element-3e92f68 elementor-widget elementor-widget-heading\" data-id=\"3e92f68\" data-element_type=\"widget\" data-e-type=\"widget\" data-widget_type=\"heading.default\">\n\t\t\t\t<div class=\"elementor-widget-container\">\n\t\t\t\t\t<h4 class=\"elementor-heading-title elementor-size-default\">Mer information om viljegeneratorn<\/h4>\t\t\t\t<\/div>\n\t\t\t\t<\/div>\n\t\t\t\t<\/div>\n\t\t\t\t\t<\/div>\n\t\t\t\t<\/div>\n\t\t<div class=\"elementor-element elementor-element-395186c e-grid e-con-boxed e-con e-parent\" data-id=\"395186c\" data-element_type=\"container\" data-e-type=\"container\" data-settings=\"{&quot;background_background&quot;:&quot;classic&quot;}\">\n\t\t\t\t\t<div class=\"e-con-inner\">\n\t\t<div class=\"elementor-element elementor-element-58eab20 e-con-full e-flex e-con e-child\" data-id=\"58eab20\" data-element_type=\"container\" data-e-type=\"container\">\n\t\t\t\t<div class=\"elementor-element elementor-element-1468d4e elementor-widget elementor-widget-text-editor\" data-id=\"1468d4e\" data-element_type=\"widget\" data-e-type=\"widget\" data-widget_type=\"text-editor.default\">\n\t\t\t\t<div class=\"elementor-widget-container\">\n\t\t\t\t\t\t\t\t\t<p>Erblotse g\u00f6r det enkelt att \u00e4rva och \u00e4rva, s\u00e5 att efter f\u00f6rlusten av en \u00e4lskad inte alltf\u00f6r m\u00e5nga fr\u00e5gor f\u00f6rblir obesvarade. F\u00f6rbryllade sl\u00e4ktingar, som konfronteras med byr\u00e5kratiska anstr\u00e4ngningar och ofta familjekonflikter, \u00e4r d\u00e4rf\u00f6r en sak av det f\u00f6rflutna. Erblotse-tj\u00e4nsten erbjuder en steg-f\u00f6r-steg-guide som g\u00f6r det m\u00f6jligt f\u00f6r varje person att individuellt hantera sin egen egendom, efter \u00f6nskem\u00e5l.<\/p><p>Till exempel sitter Brigitte Zypries i Erblotses r\u00e5dgivande styrelse. Den tyska politikern var aktiv bland annat som f\u00f6rbundsjustitieminister och inom ekonomi och energi och tillh\u00f6rde den tyska f\u00f6rbundsdagen fram till 2017. D\u00e4r understryks f\u00f6ljande: <em>\u201dDen \u00e4rftliga piloten hj\u00e4lper till med byr\u00e5kratin kring arvingen \u2013 s\u00e5 att du har mer tid att s\u00f6rja. D\u00e4rf\u00f6r \u00e4r jag glad \u00f6ver att vara medlem i den r\u00e5dgivande n\u00e4mnden.\u201d<\/em><\/p>\t\t\t\t\t\t\t\t<\/div>\n\t\t\t\t<\/div>\n\t\t\t\t<\/div>\n\t\t<div class=\"elementor-element elementor-element-b50a1bf e-con-full e-flex e-con e-child\" data-id=\"b50a1bf\" data-element_type=\"container\" data-e-type=\"container\">\n\t\t\t\t<div class=\"elementor-element elementor-element-9f87a55 elementor-widget elementor-widget-image\" data-id=\"9f87a55\" data-element_type=\"widget\" data-e-type=\"widget\" data-widget_type=\"image.default\">\n\t\t\t\t<div class=\"elementor-widget-container\">\n\t\t\t\t\t\t\t\t\t\t\t\t\t\t\t<img fetchpriority=\"high\" decoding=\"async\" width=\"278\" height=\"295\" src=\"https:\/\/familienhoerbuch.de\/wp-content\/uploads\/2025\/04\/665db357a4986be4a2364bfe_Erblotse-Materials.png\" class=\"attachment-large size-large wp-image-10215\" alt=\"\" \/>\t\t\t\t\t\t\t\t\t\t\t\t\t\t\t<\/div>\n\t\t\t\t<\/div>\n\t\t\t\t<\/div>\n\t\t\t\t\t<\/div>\n\t\t\t\t<\/div>\n\t\t<div class=\"elementor-element elementor-element-fafe299 e-flex e-con-boxed e-con e-parent\" data-id=\"fafe299\" data-element_type=\"container\" data-e-type=\"container\">\n\t\t\t\t\t<div class=\"e-con-inner\">\n\t\t<div class=\"elementor-element elementor-element-494afe2 e-con-full e-flex e-con e-child\" data-id=\"494afe2\" data-element_type=\"container\" data-e-type=\"container\">\n\t\t\t\t<div class=\"elementor-element elementor-element-acb3323 elementor-widget elementor-widget-heading\" data-id=\"acb3323\" data-element_type=\"widget\" data-e-type=\"widget\" data-widget_type=\"heading.default\">\n\t\t\t\t<div class=\"elementor-widget-container\">\n\t\t\t\t\t<h4 class=\"elementor-heading-title elementor-size-default\">Vanliga fr\u00e5gor om viljegeneratorn<\/h4>\t\t\t\t<\/div>\n\t\t\t\t<\/div>\n\t\t\t\t<div class=\"elementor-element elementor-element-aaee1a9 elementor-widget elementor-widget-accordion\" data-id=\"aaee1a9\" data-element_type=\"widget\" data-e-type=\"widget\" data-widget_type=\"accordion.default\">\n\t\t\t\t<div class=\"elementor-widget-container\">\n\t\t\t\t\t\t\t<div class=\"elementor-accordion\">\n\t\t\t\t\t\t\t<div class=\"elementor-accordion-item\">\n\t\t\t\t\t<div id=\"elementor-tab-title-1791\" class=\"elementor-tab-title\" data-tab=\"1\" role=\"button\" aria-controls=\"elementor-tab-content-1791\" aria-expanded=\"false\">\n\t\t\t\t\t\t\t\t\t\t\t\t\t<span class=\"elementor-accordion-icon elementor-accordion-icon-left\" aria-hidden=\"true\">\n\t\t\t\t\t\t\t\t\t\t\t\t\t\t\t<span class=\"elementor-accordion-icon-closed\"><svg class=\"e-font-icon-svg e-fas-plus\" viewbox=\"0 0 448 512\" xmlns=\"http:\/\/www.w3.org\/2000\/svg\"><path d=\"M416 208H272V64c0-17.67-14.33-32-32-32h-32c-17.67 0-32 14.33-32 32v144H32c-17.67 0-32 14.33-32 32v32c0 17.67 14.33 32 32 32h144v144c0 17.67 14.33 32 32 32h32c17.67 0 32-14.33 32-32V304h144c17.67 0 32-14.33 32-32v-32c0-17.67-14.33-32-32-32z\"><\/path><\/svg><\/span>\n\t\t\t\t\t\t\t\t<span class=\"elementor-accordion-icon-opened\"><svg class=\"e-font-icon-svg e-fas-minus\" viewbox=\"0 0 448 512\" xmlns=\"http:\/\/www.w3.org\/2000\/svg\"><path d=\"M416 208H32c-17.67 0-32 14.33-32 32v32c0 17.67 14.33 32 32 32h384c17.67 0 32-14.33 32-32v-32c0-17.67-14.33-32-32-32z\"><\/path><\/svg><\/span>\n\t\t\t\t\t\t\t\t\t\t\t\t\t\t<\/span>\n\t\t\t\t\t\t\t\t\t\t\t\t<a class=\"elementor-accordion-title\" tabindex=\"0\">\u00c4r Erblotse-erbjudandet kostnadsfritt?<\/a>\n\t\t\t\t\t<\/div>\n\t\t\t\t\t<div id=\"elementor-tab-content-1791\" class=\"elementor-tab-content elementor-clearfix\" data-tab=\"1\" role=\"region\" aria-labelledby=\"elementor-tab-title-1791\"><p>Ja, Familienh\u00f6rbuch gGmbH g\u00f6r viljegeneratorn tillg\u00e4nglig f\u00f6r sitt eget samh\u00e4lle vid denna tidpunkt. Den kan ocks\u00e5 anv\u00e4ndas direkt via Erblotse. D\u00e4refter debiteras en avgift.<\/p><\/div>\n\t\t\t\t<\/div>\n\t\t\t\t\t\t\t<div class=\"elementor-accordion-item\">\n\t\t\t\t\t<div id=\"elementor-tab-title-1792\" class=\"elementor-tab-title\" data-tab=\"2\" role=\"button\" aria-controls=\"elementor-tab-content-1792\" aria-expanded=\"false\">\n\t\t\t\t\t\t\t\t\t\t\t\t\t<span class=\"elementor-accordion-icon elementor-accordion-icon-left\" aria-hidden=\"true\">\n\t\t\t\t\t\t\t\t\t\t\t\t\t\t\t<span class=\"elementor-accordion-icon-closed\"><svg class=\"e-font-icon-svg e-fas-plus\" viewbox=\"0 0 448 512\" xmlns=\"http:\/\/www.w3.org\/2000\/svg\"><path d=\"M416 208H272V64c0-17.67-14.33-32-32-32h-32c-17.67 0-32 14.33-32 32v144H32c-17.67 0-32 14.33-32 32v32c0 17.67 14.33 32 32 32h144v144c0 17.67 14.33 32 32 32h32c17.67 0 32-14.33 32-32V304h144c17.67 0 32-14.33 32-32v-32c0-17.67-14.33-32-32-32z\"><\/path><\/svg><\/span>\n\t\t\t\t\t\t\t\t<span class=\"elementor-accordion-icon-opened\"><svg class=\"e-font-icon-svg e-fas-minus\" viewbox=\"0 0 448 512\" xmlns=\"http:\/\/www.w3.org\/2000\/svg\"><path d=\"M416 208H32c-17.67 0-32 14.33-32 32v32c0 17.67 14.33 32 32 32h384c17.67 0 32-14.33 32-32v-32c0-17.67-14.33-32-32-32z\"><\/path><\/svg><\/span>\n\t\t\t\t\t\t\t\t\t\t\t\t\t\t<\/span>\n\t\t\t\t\t\t\t\t\t\t\t\t<a class=\"elementor-accordion-title\" tabindex=\"0\">\u00c4r generatorn endast avsedd f\u00f6r tysk arvsr\u00e4tt?<\/a>\n\t\t\t\t\t<\/div>\n\t\t\t\t\t<div id=\"elementor-tab-content-1792\" class=\"elementor-tab-content elementor-clearfix\" data-tab=\"2\" role=\"region\" aria-labelledby=\"elementor-tab-title-1792\"><p>Ja, den h\u00e4r versionen \u00e4r utformad f\u00f6r tyska riktlinjer. Inom ramen f\u00f6r ans\u00f6kan \u00e4r det dock m\u00f6jligt att anv\u00e4nda en kostnadsfri konsultation f\u00f6r arvsm\u00e5l med utl\u00e4ndsk anknytning.<\/p><\/div>\n\t\t\t\t<\/div>\n\t\t\t\t\t\t\t\t<\/div>\n\t\t\t\t\t\t<\/div>\n\t\t\t\t<\/div>\n\t\t\t\t<\/div>\n\t\t\t\t\t<\/div>\n\t\t\t\t<\/div>\n\t\t\t\t<\/div>","protected":false},"excerpt":{"rendered":"<p>Erblotse &#8211; Der Testamentsgenerator Den Nachlass regeln, das ist ein anspruchsvolles Thema, sowohl inhaltlich als auch emotional. Der sogenannte Otto Normalverbraucher sieht in vielen F\u00e4llen eine Beratung vom Rechtsanwalt und eine Beurkundung vom Notar als Mittel der Wahl. Das bindet zeitliche und monet\u00e4re Ressourcen und kann eine zus\u00e4tzliche H\u00fcrde darstellen. Die Familienh\u00f6rbuch gGmbH hat eine [&hellip;]<\/p>","protected":false},"author":1,"featured_media":0,"parent":0,"menu_order":0,"comment_status":"closed","ping_status":"closed","template":"","meta":{"_acf_changed":false,"footnotes":""},"class_list":["post-10213","page","type-page","status-publish","hentry"],"acf":[],"_links":{"self":[{"href":"https:\/\/familienhoerbuch.de\/sv\/wp-json\/wp\/v2\/pages\/10213","targetHints":{"allow":["GET"]}}],"collection":[{"href":"https:\/\/familienhoerbuch.de\/sv\/wp-json\/wp\/v2\/pages"}],"about":[{"href":"https:\/\/familienhoerbuch.de\/sv\/wp-json\/wp\/v2\/types\/page"}],"author":[{"embeddable":true,"href":"https:\/\/familienhoerbuch.de\/sv\/wp-json\/wp\/v2\/users\/1"}],"replies":[{"embeddable":true,"href":"https:\/\/familienhoerbuch.de\/sv\/wp-json\/wp\/v2\/comments?post=10213"}],"version-history":[{"count":0,"href":"https:\/\/familienhoerbuch.de\/sv\/wp-json\/wp\/v2\/pages\/10213\/revisions"}],"wp:attachment":[{"href":"https:\/\/familienhoerbuch.de\/sv\/wp-json\/wp\/v2\/media?parent=10213"}],"curies":[{"name":"wp","href":"https:\/\/api.w.org\/{rel}","templated":true}]}}