{"id":8509,"date":"2024-11-05T19:28:59","date_gmt":"2024-11-05T18:28:59","guid":{"rendered":"https:\/\/familienhoerbuch.de\/?page_id=8509"},"modified":"2025-05-22T11:13:05","modified_gmt":"2025-05-22T09:13:05","slug":"unsere-schirmherrin","status":"publish","type":"page","link":"https:\/\/familienhoerbuch.de\/pt\/unsere-schirmherrin\/","title":{"rendered":"A nossa patrona"},"content":{"rendered":"<div data-elementor-type=\"wp-page\" data-elementor-id=\"8509\" class=\"elementor elementor-8509\" data-elementor-post-type=\"page\">\n\t\t\t\t<div class=\"elementor-element elementor-element-c4d303e e-grid e-con-boxed e-con e-parent\" data-id=\"c4d303e\" data-element_type=\"container\" data-e-type=\"container\">\n\t\t\t\t\t<div class=\"e-con-inner\">\n\t\t<div class=\"elementor-element elementor-element-c26cc83 e-con-full e-flex e-con e-child\" data-id=\"c26cc83\" data-element_type=\"container\" data-e-type=\"container\">\n\t\t\t\t<div class=\"elementor-element elementor-element-95244d6 elementor-widget elementor-widget-heading\" data-id=\"95244d6\" data-element_type=\"widget\" data-e-type=\"widget\" data-widget_type=\"heading.default\">\n\t\t\t\t<div class=\"elementor-widget-container\">\n\t\t\t\t\t<h5 class=\"elementor-heading-title elementor-size-default\">A nossa patrona <\/h5>\t\t\t\t<\/div>\n\t\t\t\t<\/div>\n\t\t\t\t<div class=\"elementor-element elementor-element-e30189c elementor-widget elementor-widget-heading\" data-id=\"e30189c\" data-element_type=\"widget\" data-e-type=\"widget\" data-widget_type=\"heading.default\">\n\t\t\t\t<div class=\"elementor-widget-container\">\n\t\t\t\t\t<h2 class=\"elementor-heading-title elementor-size-default\">A voz continua<\/h2>\t\t\t\t<\/div>\n\t\t\t\t<\/div>\n\t\t\t\t<div class=\"elementor-element elementor-element-4bbc04d elementor-widget elementor-widget-text-editor\" data-id=\"4bbc04d\" data-element_type=\"widget\" data-e-type=\"widget\" data-widget_type=\"text-editor.default\">\n\t\t\t\t<div class=\"elementor-widget-container\">\n\t\t\t\t\t\t\t\t\t<p>Elena Uhlig, atriz, autora e apresentadora, \u00e9 volunt\u00e1ria como patrona com muito cora\u00e7\u00e3o e empatia pelas preocupa\u00e7\u00f5es do audiolivro da fam\u00edlia desde novembro de 2024. Mesmo a m\u00e3e de quatro crian\u00e7as menores de idade conhece a import\u00e2ncia e o impacto de tal biografia de \u00e1udio e, portanto, tamb\u00e9m est\u00e1 comprometida com os nossos t\u00f3picos em sua rede.<\/p>\t\t\t\t\t\t\t\t<\/div>\n\t\t\t\t<\/div>\n\t\t\t\t<\/div>\n\t\t<div class=\"elementor-element elementor-element-7c1c99a e-con-full e-flex e-con e-child\" data-id=\"7c1c99a\" data-element_type=\"container\" data-e-type=\"container\">\n\t\t\t\t<div class=\"elementor-element elementor-element-2cbbac3 elementor-widget elementor-widget-image\" data-id=\"2cbbac3\" data-element_type=\"widget\" data-e-type=\"widget\" data-widget_type=\"image.default\">\n\t\t\t\t<div class=\"elementor-widget-container\">\n\t\t\t\t\t\t\t\t\t\t\t\t\t\t\t<img fetchpriority=\"high\" decoding=\"async\" width=\"800\" height=\"534\" src=\"https:\/\/familienhoerbuch.de\/wp-content\/uploads\/2024\/11\/12b61a48-7665-4141-a09b-0fb41fce99e9-1024x683.jpg\" class=\"attachment-large size-large wp-image-8512\" alt=\"\" srcset=\"https:\/\/familienhoerbuch.de\/wp-content\/uploads\/2024\/11\/12b61a48-7665-4141-a09b-0fb41fce99e9-1024x683.jpg 1024w, https:\/\/familienhoerbuch.de\/wp-content\/uploads\/2024\/11\/12b61a48-7665-4141-a09b-0fb41fce99e9-300x200.jpg 300w, https:\/\/familienhoerbuch.de\/wp-content\/uploads\/2024\/11\/12b61a48-7665-4141-a09b-0fb41fce99e9-768x512.jpg 768w, https:\/\/familienhoerbuch.de\/wp-content\/uploads\/2024\/11\/12b61a48-7665-4141-a09b-0fb41fce99e9.jpg 1200w\" sizes=\"(max-width: 800px) 100vw, 800px\" \/>\t\t\t\t\t\t\t\t\t\t\t\t\t\t\t<\/div>\n\t\t\t\t<\/div>\n\t\t\t\t<\/div>\n\t\t\t\t\t<\/div>\n\t\t\t\t<\/div>\n\t\t<div class=\"elementor-element elementor-element-c68c4eb e-flex e-con-boxed e-con e-parent\" data-id=\"c68c4eb\" data-element_type=\"container\" data-e-type=\"container\" data-settings=\"{&quot;background_background&quot;:&quot;classic&quot;}\">\n\t\t\t\t\t<div class=\"e-con-inner\">\n\t\t<div class=\"elementor-element elementor-element-c2ac0ce e-con-full e-flex e-con e-child\" data-id=\"c2ac0ce\" data-element_type=\"container\" data-e-type=\"container\">\n\t\t\t\t<div class=\"elementor-element elementor-element-799a011 elementor-blockquote--skin-clean elementor-blockquote--align-left elementor-widget__width-initial elementor-widget elementor-widget-blockquote\" data-id=\"799a011\" data-element_type=\"widget\" data-e-type=\"widget\" data-widget_type=\"blockquote.default\">\n\t\t\t\t<div class=\"elementor-widget-container\">\n\t\t\t\t\t\t\t<blockquote class=\"elementor-blockquote\">\n\t\t\t<p class=\"elementor-blockquote__content\">\n\t\t\t\t\u00abEm 2021, um grande amigo meu morreu, estava doente terminal com cancro e tinha um filho de 13 anos na altura. Falei-lhe muitas vezes sobre se ele n\u00e3o quer escrever cartas ou algo semelhante para seu filho, para que, quando ele n\u00e3o estiver mais l\u00e1, seu filho tenha uma mem\u00f3ria dele. Infelizmente, nunca implement\u00e1mos este plano. Hoje ainda penso muito nisso e talvez devesse t\u00ea-lo apoiado mais. Infelizmente, na altura n\u00e3o conhecia o audiolivro da fam\u00edlia.\n<br><br>\nComo m\u00e3e de quatro filhos, penso naturalmente no que acontece quando fico gravemente doente e morro? O que deixo aos meus filhos das minhas mem\u00f3rias e pensamentos? O que posso dar-lhes quando estiver fora?\n<br><br>\nEstou muito tocado pelo audiolivro familiar, porque d\u00e1 \u00e0s fam\u00edlias afetadas a oportunidade de darem aos seus filhos algo que os acompanhar\u00e1 no seu percurso de vida.\t\t\t<\/p>\n\t\t\t\t\t<\/blockquote>\n\t\t\t\t\t\t<\/div>\n\t\t\t\t<\/div>\n\t\t\t\t<\/div>\n\t\t\t\t\t<\/div>\n\t\t\t\t<\/div>\n\t\t<div class=\"elementor-element elementor-element-a0001d5 e-grid e-con-boxed e-con e-parent\" data-id=\"a0001d5\" data-element_type=\"container\" data-e-type=\"container\">\n\t\t\t\t\t<div class=\"e-con-inner\">\n\t\t<div class=\"elementor-element elementor-element-e93fb82 e-con-full e-flex e-con e-child\" data-id=\"e93fb82\" data-element_type=\"container\" data-e-type=\"container\">\n\t\t\t\t<div class=\"elementor-element elementor-element-a14750e elementor-widget elementor-widget-video\" data-id=\"a14750e\" data-element_type=\"widget\" data-e-type=\"widget\" data-settings=\"{&quot;youtube_url&quot;:&quot;https:\\\/\\\/www.youtube.com\\\/watch?v=elmR155QpyU&quot;,&quot;video_type&quot;:&quot;youtube&quot;,&quot;controls&quot;:&quot;yes&quot;}\" data-widget_type=\"video.default\">\n\t\t\t\t<div class=\"elementor-widget-container\">\n\t\t\t\t\t\t\t<div class=\"elementor-wrapper elementor-open-inline\">\n\t\t\t<div class=\"elementor-video\"><\/div>\t\t<\/div>\n\t\t\t\t\t\t<\/div>\n\t\t\t\t<\/div>\n\t\t\t\t<\/div>\n\t\t<div class=\"elementor-element elementor-element-40fab9f e-con-full e-flex e-con e-child\" data-id=\"40fab9f\" data-element_type=\"container\" data-e-type=\"container\">\n\t\t\t\t<div class=\"elementor-element elementor-element-fea99cd elementor-widget elementor-widget-heading\" data-id=\"fea99cd\" data-element_type=\"widget\" data-e-type=\"widget\" data-widget_type=\"heading.default\">\n\t\t\t\t<div class=\"elementor-widget-container\">\n\t\t\t\t\t<h2 class=\"elementor-heading-title elementor-size-default\">Para um participante no projeto<\/h2>\t\t\t\t<\/div>\n\t\t\t\t<\/div>\n\t\t\t\t<div class=\"elementor-element elementor-element-b041d1d elementor-widget elementor-widget-text-editor\" data-id=\"b041d1d\" data-element_type=\"widget\" data-e-type=\"widget\" data-widget_type=\"text-editor.default\">\n\t\t\t\t<div class=\"elementor-widget-container\">\n\t\t\t\t\t\t\t\t\t<p>Elena Uhlig conhece Thomas e sua esposa. Escreveu um audiolivro familiar para os filhos. Em di\u00e1logo com as celebridades, torna-se claro o quanto o projeto movimenta todos os envolvidos.<\/p><p>\u00c9 um presente para o futuro durante v\u00e1rias gera\u00e7\u00f5es. Gratuitamente. \u00c9 aut\u00eantico. Acompanhado por especialistas.<\/p><p>A segunda parte do v\u00eddeo tamb\u00e9m apresenta um bi\u00f3grafo de \u00e1udio falando sobre os dias de grava\u00e7\u00e3o.<\/p>\t\t\t\t\t\t\t\t<\/div>\n\t\t\t\t<\/div>\n\t\t\t\t<\/div>\n\t\t\t\t\t<\/div>\n\t\t\t\t<\/div>\n\t\t<div class=\"elementor-element elementor-element-d4242fa e-grid e-con-boxed e-con e-parent\" data-id=\"d4242fa\" data-element_type=\"container\" data-e-type=\"container\" data-settings=\"{&quot;background_background&quot;:&quot;classic&quot;}\">\n\t\t\t\t\t<div class=\"e-con-inner\">\n\t\t<div class=\"elementor-element elementor-element-c052585 e-con-full e-flex e-con e-child\" data-id=\"c052585\" data-element_type=\"container\" data-e-type=\"container\">\n\t\t\t\t<div class=\"elementor-element elementor-element-a9c2357 elementor-widget elementor-widget-heading\" data-id=\"a9c2357\" data-element_type=\"widget\" data-e-type=\"widget\" data-widget_type=\"heading.default\">\n\t\t\t\t<div class=\"elementor-widget-container\">\n\t\t\t\t\t<h5 class=\"elementor-heading-title elementor-size-default\">Fundadora Judith Gr\u00fcmmer:<\/h5>\t\t\t\t<\/div>\n\t\t\t\t<\/div>\n\t\t\t\t<div class=\"elementor-element elementor-element-9a95bfe elementor-widget elementor-widget-text-editor\" data-id=\"9a95bfe\" data-element_type=\"widget\" data-e-type=\"widget\" data-widget_type=\"text-editor.default\">\n\t\t\t\t<div class=\"elementor-widget-container\">\n\t\t\t\t\t\t\t\t\t<p><em>\u00abQuando \u00e9 que precisa de um guarda-chuva? Sempre que chove?\u00a0<br \/><\/em><em style=\"text-align: var(--text-align); font-weight: var( --e-global-typography-text-font-weight ); font-size: 1rem; font-family: var( --e-global-typography-text-font-family ), Sans-serif; color: var( --e-global-color-text );\">Como uma organiza\u00e7\u00e3o sem fins lucrativos, desfrutamos da prote\u00e7\u00e3o de uma patrona durante todo o ano. Na brisa rasa de um vento de primavera, quando o sol queima no ver\u00e3o, quando os dias ficam mais curtos e o nevoeiro aparece, no inverno, assim que a Sra. Elena \u00e9 a nossa padroeira que partilha a sua luz connosco. Abre ainda mais portas aos cora\u00e7\u00f5es das pessoas que querem partilhar a responsabilidade social e permite que os pais gravemente doentes deixem algo aos seus entes queridos.\u00bb<\/em><\/p>\t\t\t\t\t\t\t\t<\/div>\n\t\t\t\t<\/div>\n\t\t\t\t<\/div>\n\t\t<div class=\"elementor-element elementor-element-05b330b e-con-full e-flex e-con e-child\" data-id=\"05b330b\" data-element_type=\"container\" data-e-type=\"container\">\n\t\t\t\t<div class=\"elementor-element elementor-element-95f8c81 elementor-widget elementor-widget-image\" data-id=\"95f8c81\" data-element_type=\"widget\" data-e-type=\"widget\" data-widget_type=\"image.default\">\n\t\t\t\t<div class=\"elementor-widget-container\">\n\t\t\t\t\t\t\t\t\t\t\t\t<figure class=\"wp-caption\">\n\t\t\t\t\t\t\t\t\t\t<img decoding=\"async\" width=\"800\" height=\"573\" src=\"https:\/\/familienhoerbuch.de\/wp-content\/uploads\/2024\/11\/CreditSELINAPFRUENER_JudithGruemmer_Projektinitiatorin1-1-1024x733.jpg\" class=\"attachment-large size-large wp-image-8578\" alt=\"\" srcset=\"https:\/\/familienhoerbuch.de\/wp-content\/uploads\/2024\/11\/CreditSELINAPFRUENER_JudithGruemmer_Projektinitiatorin1-1-1024x733.jpg 1024w, https:\/\/familienhoerbuch.de\/wp-content\/uploads\/2024\/11\/CreditSELINAPFRUENER_JudithGruemmer_Projektinitiatorin1-1-300x215.jpg 300w, https:\/\/familienhoerbuch.de\/wp-content\/uploads\/2024\/11\/CreditSELINAPFRUENER_JudithGruemmer_Projektinitiatorin1-1-768x550.jpg 768w, https:\/\/familienhoerbuch.de\/wp-content\/uploads\/2024\/11\/CreditSELINAPFRUENER_JudithGruemmer_Projektinitiatorin1-1.jpg 1200w\" sizes=\"(max-width: 800px) 100vw, 800px\" \/>\t\t\t\t\t\t\t\t\t\t\t<figcaption class=\"widget-image-caption wp-caption-text\">Cr\u00e9dito: Selina Pfr\u00fcner<\/figcaption>\n\t\t\t\t\t\t\t\t\t\t<\/figure>\n\t\t\t\t\t\t\t\t\t<\/div>\n\t\t\t\t<\/div>\n\t\t\t\t<\/div>\n\t\t\t\t\t<\/div>\n\t\t\t\t<\/div>\n\t\t<div class=\"elementor-element elementor-element-db86e6f e-flex e-con-boxed e-con e-parent\" data-id=\"db86e6f\" data-element_type=\"container\" data-e-type=\"container\">\n\t\t\t\t\t<div class=\"e-con-inner\">\n\t\t\t\t<div class=\"elementor-element elementor-element-41efae6 elementor-widget elementor-widget-text-editor\" data-id=\"41efae6\" data-element_type=\"widget\" data-e-type=\"widget\" data-widget_type=\"text-editor.default\">\n\t\t\t\t<div class=\"elementor-widget-container\">\n\t\t\t\t\t\t\t\t\t<p>Somos signat\u00e1rios da Iniciativa da Sociedade Civil Transparente, membro da Associa\u00e7\u00e3o Alem\u00e3 de Angaria\u00e7\u00e3o de Fundos e detentor do Primeiro Selo da Equidade.<\/p>\t\t\t\t\t\t\t\t<\/div>\n\t\t\t\t<\/div>\n\t\t<div class=\"elementor-element elementor-element-c08e838 e-con-full e-flex e-con e-child\" data-id=\"c08e838\" data-element_type=\"container\" data-e-type=\"container\">\n\t\t<div class=\"elementor-element elementor-element-9c635a3 e-grid e-con-full e-con e-child\" data-id=\"9c635a3\" data-element_type=\"container\" data-e-type=\"container\">\n\t\t\t\t<div class=\"elementor-element elementor-element-dfdfcf0 elementor-widget elementor-widget-image\" data-id=\"dfdfcf0\" data-element_type=\"widget\" data-e-type=\"widget\" data-widget_type=\"image.default\">\n\t\t\t\t<div class=\"elementor-widget-container\">\n\t\t\t\t\t\t\t\t\t\t\t\t\t\t\t<img decoding=\"async\" width=\"735\" height=\"200\" src=\"https:\/\/familienhoerbuch.de\/wp-content\/uploads\/2024\/09\/Transparente_ZivilgesellschaftPNG.png\" class=\"attachment-large size-large wp-image-266\" alt=\"\" srcset=\"https:\/\/familienhoerbuch.de\/wp-content\/uploads\/2024\/09\/Transparente_ZivilgesellschaftPNG.png 735w, https:\/\/familienhoerbuch.de\/wp-content\/uploads\/2024\/09\/Transparente_ZivilgesellschaftPNG-300x82.png 300w\" sizes=\"(max-width: 735px) 100vw, 735px\" \/>\t\t\t\t\t\t\t\t\t\t\t\t\t\t\t<\/div>\n\t\t\t\t<\/div>\n\t\t\t\t<div class=\"elementor-element elementor-element-babff7f elementor-widget elementor-widget-image\" data-id=\"babff7f\" data-element_type=\"widget\" data-e-type=\"widget\" data-widget_type=\"image.default\">\n\t\t\t\t<div class=\"elementor-widget-container\">\n\t\t\t\t\t\t\t\t\t\t\t\t\t\t\t<img loading=\"lazy\" decoding=\"async\" width=\"300\" height=\"300\" src=\"https:\/\/familienhoerbuch.de\/wp-content\/uploads\/2024\/09\/DFRV-signet_4c1.png\" class=\"attachment-large size-large wp-image-322\" alt=\"\" srcset=\"https:\/\/familienhoerbuch.de\/wp-content\/uploads\/2024\/09\/DFRV-signet_4c1.png 300w, https:\/\/familienhoerbuch.de\/wp-content\/uploads\/2024\/09\/DFRV-signet_4c1-150x150.png 150w\" sizes=\"(max-width: 300px) 100vw, 300px\" \/>\t\t\t\t\t\t\t\t\t\t\t\t\t\t\t<\/div>\n\t\t\t\t<\/div>\n\t\t\t\t<div class=\"elementor-element elementor-element-94bed5e elementor-widget elementor-widget-image\" data-id=\"94bed5e\" data-element_type=\"widget\" data-e-type=\"widget\" data-widget_type=\"image.default\">\n\t\t\t\t<div class=\"elementor-widget-container\">\n\t\t\t\t\t\t\t\t\t\t\t\t\t\t\t<img loading=\"lazy\" decoding=\"async\" width=\"707\" height=\"1024\" src=\"https:\/\/familienhoerbuch.de\/wp-content\/uploads\/2024\/08\/FF-Siegel-Familienhoerbuch-gGmbH-707x1024.png\" class=\"attachment-large size-large wp-image-17\" alt=\"\" srcset=\"https:\/\/familienhoerbuch.de\/wp-content\/uploads\/2024\/08\/FF-Siegel-Familienhoerbuch-gGmbH-707x1024.png 707w, https:\/\/familienhoerbuch.de\/wp-content\/uploads\/2024\/08\/FF-Siegel-Familienhoerbuch-gGmbH-207x300.png 207w, https:\/\/familienhoerbuch.de\/wp-content\/uploads\/2024\/08\/FF-Siegel-Familienhoerbuch-gGmbH-768x1112.png 768w, https:\/\/familienhoerbuch.de\/wp-content\/uploads\/2024\/08\/FF-Siegel-Familienhoerbuch-gGmbH-1061x1536.png 1061w, https:\/\/familienhoerbuch.de\/wp-content\/uploads\/2024\/08\/FF-Siegel-Familienhoerbuch-gGmbH-1415x2048.png 1415w\" sizes=\"(max-width: 707px) 100vw, 707px\" \/>\t\t\t\t\t\t\t\t\t\t\t\t\t\t\t<\/div>\n\t\t\t\t<\/div>\n\t\t\t\t<\/div>\n\t\t\t\t<\/div>\n\t\t\t\t\t<\/div>\n\t\t\t\t<\/div>\n\t\t\t\t<\/div>","protected":false},"excerpt":{"rendered":"<p>Unsere Schirmherrin Die Stimme bleibt Elena Uhlig, Schauspielerin, Autorin und Moderatorin, engagiert sich seit November 2024 ehrenamtlich als Schirmherrin mit sehr viel Herz und Empathie f\u00fcr die Belange des Familienh\u00f6rbuchs. Selbst Mutter von vier minderj\u00e4hrigen Kindern wei\u00df sie um die Wichtigkeit und Wirkung einer solchen Audiobiografie und setzt sich deshalb auch in ihrem Netzwerk f\u00fcr [&hellip;]<\/p>","protected":false},"author":1,"featured_media":0,"parent":0,"menu_order":0,"comment_status":"closed","ping_status":"closed","template":"","meta":{"_acf_changed":false,"footnotes":""},"class_list":["post-8509","page","type-page","status-publish","hentry"],"acf":[],"_links":{"self":[{"href":"https:\/\/familienhoerbuch.de\/pt\/wp-json\/wp\/v2\/pages\/8509","targetHints":{"allow":["GET"]}}],"collection":[{"href":"https:\/\/familienhoerbuch.de\/pt\/wp-json\/wp\/v2\/pages"}],"about":[{"href":"https:\/\/familienhoerbuch.de\/pt\/wp-json\/wp\/v2\/types\/page"}],"author":[{"embeddable":true,"href":"https:\/\/familienhoerbuch.de\/pt\/wp-json\/wp\/v2\/users\/1"}],"replies":[{"embeddable":true,"href":"https:\/\/familienhoerbuch.de\/pt\/wp-json\/wp\/v2\/comments?post=8509"}],"version-history":[{"count":0,"href":"https:\/\/familienhoerbuch.de\/pt\/wp-json\/wp\/v2\/pages\/8509\/revisions"}],"wp:attachment":[{"href":"https:\/\/familienhoerbuch.de\/pt\/wp-json\/wp\/v2\/media?parent=8509"}],"curies":[{"name":"wp","href":"https:\/\/api.w.org\/{rel}","templated":true}]}}