{"id":82,"date":"2024-08-26T18:15:06","date_gmt":"2024-08-26T16:15:06","guid":{"rendered":"https:\/\/websplash.familienhoerbuch.de\/?page_id=82"},"modified":"2025-12-08T22:24:16","modified_gmt":"2025-12-08T21:24:16","slug":"mein-weg-zum-hoerbuch","status":"publish","type":"page","link":"https:\/\/familienhoerbuch.de\/pt\/mein-weg-zum-hoerbuch\/","title":{"rendered":"O meu caminho para o audiolivro"},"content":{"rendered":"<div data-elementor-type=\"wp-page\" data-elementor-id=\"82\" class=\"elementor elementor-82\" data-elementor-post-type=\"page\">\n\t\t\t\t<div class=\"elementor-element elementor-element-7bf4397 e-flex e-con-boxed e-con e-parent\" data-id=\"7bf4397\" data-element_type=\"container\" data-e-type=\"container\">\n\t\t\t\t\t<div class=\"e-con-inner\">\n\t\t<div class=\"elementor-element elementor-element-7c3ac3b e-con-full e-flex e-con e-child\" data-id=\"7c3ac3b\" data-element_type=\"container\" data-e-type=\"container\">\n\t\t\t\t<div class=\"elementor-element elementor-element-8bf3df1 elementor-widget elementor-widget-heading\" data-id=\"8bf3df1\" data-element_type=\"widget\" data-e-type=\"widget\" data-widget_type=\"heading.default\">\n\t\t\t\t<div class=\"elementor-widget-container\">\n\t\t\t\t\t<h4 class=\"elementor-heading-title elementor-size-default\">O teu caminho para o teu pr\u00f3prio audiolivro<\/h4>\t\t\t\t<\/div>\n\t\t\t\t<\/div>\n\t\t\t\t<\/div>\n\t\t\t\t\t<\/div>\n\t\t\t\t<\/div>\n\t\t<div class=\"elementor-element elementor-element-048cc82 e-flex e-con-boxed e-con e-parent\" data-id=\"048cc82\" data-element_type=\"container\" data-e-type=\"container\">\n\t\t\t\t\t<div class=\"e-con-inner\">\n\t\t<div class=\"elementor-element elementor-element-c3ea153 e-con-full e-flex e-con e-child\" data-id=\"c3ea153\" data-element_type=\"container\" data-e-type=\"container\">\n\t\t\t\t<div class=\"elementor-element elementor-element-d67937a elementor-widget elementor-widget-text-editor\" data-id=\"d67937a\" data-element_type=\"widget\" data-e-type=\"widget\" data-widget_type=\"text-editor.default\">\n\t\t\t\t<div class=\"elementor-widget-container\">\n\t\t\t\t\t\t\t\t\t<p>Cada um <strong>Hist\u00f3ria da vida<\/strong> Vale a pena ser dito e deixado para tr\u00e1s. \u00c9 por isso que criamos as biografias de pessoas incuravelmente doentes para a eternidade como um presente para o futuro.<\/p><p>As narrativas s\u00e3o concebidas dramaturgicamente utilizando t\u00e9cnicas de ponta de audiojornalismo (estrutura\/estrutura\/edi\u00e7\u00e3o especiais). Ap\u00f3s a morte de um dos pais, os audiolivros sustentam a fam\u00edlia sobrevivente, especialmente as crian\u00e7as, na fam\u00edlia. <strong>Gest\u00e3o de Dores<\/strong> e acompanh\u00e1-los individualmente.<\/p><p>Os audiolivros da fam\u00edlia s\u00e3o da pr\u00f3pria m\u00e3e ou pai e <strong>narrado \u00e0 sua pr\u00f3pria voz<\/strong>. Pessoalmente. Com amor. \u00c9 aut\u00eantico. Para n\u00f3s, autenticidade tamb\u00e9m significa dar espa\u00e7o a influ\u00eancias lingu\u00edsticas e culturais.<\/p><p>O audiolivro familiar \u00e9 financiado exclusivamente atrav\u00e9s de doa\u00e7\u00f5es e \u00e9 <strong>gratuitamente para os participantes<\/strong>.<\/p>\t\t\t\t\t\t\t\t<\/div>\n\t\t\t\t<\/div>\n\t\t\t\t<div class=\"elementor-element elementor-element-296c168 elementor-widget elementor-widget-button\" data-id=\"296c168\" data-element_type=\"widget\" data-e-type=\"widget\" data-widget_type=\"button.default\">\n\t\t\t\t<div class=\"elementor-widget-container\">\n\t\t\t\t\t\t\t\t\t<div class=\"elementor-button-wrapper\">\n\t\t\t\t\t<a class=\"elementor-button elementor-button-link elementor-size-sm\" href=\"https:\/\/familienhoerbuch.de\/pt\/kontakt\/\">\n\t\t\t\t\t\t<span class=\"elementor-button-content-wrapper\">\n\t\t\t\t\t\t\t\t\t<span class=\"elementor-button-text\">Entre em contacto agora \u00bb <\/span>\n\t\t\t\t\t<\/span>\n\t\t\t\t\t<\/a>\n\t\t\t\t<\/div>\n\t\t\t\t\t\t\t\t<\/div>\n\t\t\t\t<\/div>\n\t\t\t\t<div class=\"elementor-element elementor-element-5c82b4a elementor-widget elementor-widget-image\" data-id=\"5c82b4a\" data-element_type=\"widget\" data-e-type=\"widget\" data-widget_type=\"image.default\">\n\t\t\t\t<div class=\"elementor-widget-container\">\n\t\t\t\t\t\t\t\t\t\t\t\t\t\t\t<img fetchpriority=\"high\" decoding=\"async\" width=\"800\" height=\"533\" src=\"https:\/\/familienhoerbuch.de\/wp-content\/uploads\/2025\/03\/Familienhoerbuch-20250213-Lena-148.jpg\" class=\"attachment-large size-large wp-image-9872\" alt=\"\" srcset=\"https:\/\/familienhoerbuch.de\/wp-content\/uploads\/2025\/03\/Familienhoerbuch-20250213-Lena-148.jpg 800w, https:\/\/familienhoerbuch.de\/wp-content\/uploads\/2025\/03\/Familienhoerbuch-20250213-Lena-148-300x200.jpg 300w, https:\/\/familienhoerbuch.de\/wp-content\/uploads\/2025\/03\/Familienhoerbuch-20250213-Lena-148-768x512.jpg 768w\" sizes=\"(max-width: 800px) 100vw, 800px\" \/>\t\t\t\t\t\t\t\t\t\t\t\t\t\t\t<\/div>\n\t\t\t\t<\/div>\n\t\t\t\t<\/div>\n\t\t<div class=\"elementor-element elementor-element-23b0ed6 e-con-full e-flex e-con e-child\" data-id=\"23b0ed6\" data-element_type=\"container\" data-e-type=\"container\">\n\t\t\t\t<div class=\"elementor-element elementor-element-8ebd650 elementor-widget elementor-widget-image\" data-id=\"8ebd650\" data-element_type=\"widget\" data-e-type=\"widget\" data-widget_type=\"image.default\">\n\t\t\t\t<div class=\"elementor-widget-container\">\n\t\t\t\t\t\t\t\t\t\t\t\t\t\t\t\t<a href=\"https:\/\/familienhoerbuch.de\/wp-content\/uploads\/2025\/06\/prozess-v3-pfade-scaled.jpg\" data-elementor-open-lightbox=\"yes\" data-elementor-lightbox-title=\"prozess-v3-pfade\" data-e-action-hash=\"#elementor-action%3Aaction%3Dlightbox%26settings%3DeyJpZCI6MTA2MzgsInVybCI6Imh0dHBzOlwvXC9mYW1pbGllbmhvZXJidWNoLmRlXC93cC1jb250ZW50XC91cGxvYWRzXC8yMDI1XC8wNlwvcHJvemVzcy12My1wZmFkZS1zY2FsZWQuanBnIn0%3D\">\n\t\t\t\t\t\t\t<img decoding=\"async\" width=\"748\" height=\"1024\" src=\"https:\/\/familienhoerbuch.de\/wp-content\/uploads\/2025\/06\/prozess-v3-pfade-748x1024.jpg\" class=\"attachment-large size-large wp-image-10638\" alt=\"\" srcset=\"https:\/\/familienhoerbuch.de\/wp-content\/uploads\/2025\/06\/prozess-v3-pfade-748x1024.jpg 748w, https:\/\/familienhoerbuch.de\/wp-content\/uploads\/2025\/06\/prozess-v3-pfade-219x300.jpg 219w, https:\/\/familienhoerbuch.de\/wp-content\/uploads\/2025\/06\/prozess-v3-pfade-768x1051.jpg 768w, https:\/\/familienhoerbuch.de\/wp-content\/uploads\/2025\/06\/prozess-v3-pfade-1122x1536.jpg 1122w, https:\/\/familienhoerbuch.de\/wp-content\/uploads\/2025\/06\/prozess-v3-pfade-1496x2048.jpg 1496w, https:\/\/familienhoerbuch.de\/wp-content\/uploads\/2025\/06\/prozess-v3-pfade-scaled.jpg 1870w\" sizes=\"(max-width: 748px) 100vw, 748px\" \/>\t\t\t\t\t\t\t\t<\/a>\n\t\t\t\t\t\t\t\t\t\t\t\t\t\t\t<\/div>\n\t\t\t\t<\/div>\n\t\t\t\t<div class=\"elementor-element elementor-element-d05bfa5 elementor-hidden-tablet elementor-hidden-mobile elementor-icon-list--layout-traditional elementor-list-item-link-full_width elementor-widget elementor-widget-icon-list\" data-id=\"d05bfa5\" data-element_type=\"widget\" data-e-type=\"widget\" data-widget_type=\"icon-list.default\">\n\t\t\t\t<div class=\"elementor-widget-container\">\n\t\t\t\t\t\t\t<ul class=\"elementor-icon-list-items\">\n\t\t\t\t\t\t\t<li class=\"elementor-icon-list-item\">\n\t\t\t\t\t\t\t\t\t\t\t<a href=\"https:\/\/familienhoerbuch.de\/wp-content\/uploads\/2025\/06\/prozess-v3-pfade-scaled.jpg\">\n\n\t\t\t\t\t\t\t\t\t\t\t\t<span class=\"elementor-icon-list-icon\">\n\t\t\t\t\t\t\t<svg aria-hidden=\"true\" class=\"e-font-icon-svg e-fas-search-plus\" viewbox=\"0 0 512 512\" xmlns=\"http:\/\/www.w3.org\/2000\/svg\"><path d=\"M304 192v32c0 6.6-5.4 12-12 12h-56v56c0 6.6-5.4 12-12 12h-32c-6.6 0-12-5.4-12-12v-56h-56c-6.6 0-12-5.4-12-12v-32c0-6.6 5.4-12 12-12h56v-56c0-6.6 5.4-12 12-12h32c6.6 0 12 5.4 12 12v56h56c6.6 0 12 5.4 12 12zm201 284.7L476.7 505c-9.4 9.4-24.6 9.4-33.9 0L343 405.3c-4.5-4.5-7-10.6-7-17V372c-35.3 27.6-79.7 44-128 44C93.1 416 0 322.9 0 208S93.1 0 208 0s208 93.1 208 208c0 48.3-16.4 92.7-44 128h16.3c6.4 0 12.5 2.5 17 7l99.7 99.7c9.3 9.4 9.3 24.6 0 34zM344 208c0-75.2-60.8-136-136-136S72 132.8 72 208s60.8 136 136 136 136-60.8 136-136z\"><\/path><\/svg>\t\t\t\t\t\t<\/span>\n\t\t\t\t\t\t\t\t\t\t<span class=\"elementor-icon-list-text\"><i>Ampliar o gr\u00e1fico<\/i><\/span>\n\t\t\t\t\t\t\t\t\t\t\t<\/a>\n\t\t\t\t\t\t\t\t\t<\/li>\n\t\t\t\t\t\t<\/ul>\n\t\t\t\t\t\t<\/div>\n\t\t\t\t<\/div>\n\t\t\t\t<\/div>\n\t\t\t\t\t<\/div>\n\t\t\t\t<\/div>\n\t\t<div class=\"elementor-element elementor-element-05dd996 e-flex e-con-boxed e-con e-parent\" data-id=\"05dd996\" data-element_type=\"container\" data-e-type=\"container\" data-settings=\"{&quot;background_background&quot;:&quot;classic&quot;}\">\n\t\t\t\t\t<div class=\"e-con-inner\">\n\t\t<div class=\"elementor-element elementor-element-b54acf7 e-con-full e-flex e-con e-child\" data-id=\"b54acf7\" data-element_type=\"container\" data-e-type=\"container\">\n\t\t\t\t<div class=\"elementor-element elementor-element-12db218 elementor-widget elementor-widget-heading\" data-id=\"12db218\" data-element_type=\"widget\" data-e-type=\"widget\" data-widget_type=\"heading.default\">\n\t\t\t\t<div class=\"elementor-widget-container\">\n\t\t\t\t\t<h4 class=\"elementor-heading-title elementor-size-default\">Gravar um audiolivro<\/h4>\t\t\t\t<\/div>\n\t\t\t\t<\/div>\n\t\t\t\t<\/div>\n\t\t\t\t\t<\/div>\n\t\t\t\t<\/div>\n\t\t<div class=\"elementor-element elementor-element-427b780 e-grid e-con-boxed e-con e-parent\" data-id=\"427b780\" data-element_type=\"container\" data-e-type=\"container\" data-settings=\"{&quot;background_background&quot;:&quot;classic&quot;}\">\n\t\t\t\t\t<div class=\"e-con-inner\">\n\t\t<div class=\"elementor-element elementor-element-b1ff47b e-con-full e-flex e-con e-child\" data-id=\"b1ff47b\" data-element_type=\"container\" data-e-type=\"container\">\n\t\t\t\t<div class=\"elementor-element elementor-element-0e11376 elementor-widget elementor-widget-text-editor\" data-id=\"0e11376\" data-element_type=\"widget\" data-e-type=\"widget\" data-widget_type=\"text-editor.default\">\n\t\t\t\t<div class=\"elementor-widget-container\">\n\t\t\t\t\t\t\t\t\t<p>Receber\u00e1 o seu audiolivro familiar acabado como ficheiros \u00e1udio atrav\u00e9s de um servi\u00e7o de transfer\u00eancia protegido por dados. Teremos todo o gosto em aconselh\u00e1-lo se tamb\u00e9m quiser fazer um presente t\u00e1til \u00abtoc\u00e1vel\u00bb a partir dele, que pode entregar aos seus entes queridos.<\/p><p>Marcel tamb\u00e9m gravou um audiolivro familiar e descreve em grande detalhe em um podcast no BR suas experi\u00eancias com a prepara\u00e7\u00e3o para as grava\u00e7\u00f5es e a situa\u00e7\u00e3o da entrevista:<\/p><p><a href=\"https:\/\/www.br.de\/mediathek\/podcast\/eltern-ohne-filter\/marcel-vater-sein-ueber-den-tod-hinaus\/1857212\" target=\"_blank\" rel=\"noopener\">Podem ouvir aqui \u00bb<\/a><\/p><p>De vez em quando, os participantes do nosso projeto lan\u00e7am pequenos excertos originais dos seus audiolivros familiares, que podem servir de exemplo para outros:<\/p><p><a href=\"https:\/\/www.instagram.com\/reel\/C52npoStMlu\/?utm_source=ig_web_copy_link&amp;igsh=MzRlODBiNWFlZA==\" target=\"_blank\" rel=\"noopener\"> Podem ouvir aqui \u00bb<\/a><\/p><p>Tamb\u00e9m recebemos coment\u00e1rios depois dos dias de grava\u00e7\u00e3o:<\/p><p><a href=\"https:\/\/www.instagram.com\/reel\/C9tz8YeNN2K\/?utm_source=ig_web_copy_link&amp;igsh=MzRlODBiNWFlZA==\" target=\"_blank\" rel=\"noopener\">Podem ouvir aqui \u00bb<\/a><\/p>\t\t\t\t\t\t\t\t<\/div>\n\t\t\t\t<\/div>\n\t\t\t\t<\/div>\n\t\t<div class=\"elementor-element elementor-element-486b316 e-con-full e-flex e-con e-child\" data-id=\"486b316\" data-element_type=\"container\" data-e-type=\"container\">\n\t\t\t\t<div class=\"elementor-element elementor-element-277fb63 elementor-widget elementor-widget-text-editor\" data-id=\"277fb63\" data-element_type=\"widget\" data-e-type=\"widget\" data-widget_type=\"text-editor.default\">\n\t\t\t\t<div class=\"elementor-widget-container\">\n\t\t\t\t\t\t\t\t\t<p>Conte a sua hist\u00f3ria de vida gradualmente, em cap\u00edtulos individuais que s\u00e3o importantes para si. Jornalistas experientes, que s\u00e3o todos bi\u00f3grafos de \u00e1udio certificados, acompanham-no atrav\u00e9s de suas mem\u00f3rias.<\/p><p>Apoiamo-lo na prepara\u00e7\u00e3o. Pode ler hist\u00f3rias para os seus filhos, cantar can\u00e7\u00f5es, citar cartas anteriores, executar poemas ou trazer material sonoro da sua vida (gravador de cassetes\/material sonoro de v\u00eddeos antigos de f\u00e9rias ou afins). Escolhe pe\u00e7as de m\u00fasica que s\u00e3o importantes para ti, fala sobre concertos, filmes ou os espet\u00e1culos favoritos da tua inf\u00e2ncia. No final da fase de entrevista, o seu audiobi\u00f3grafo ir\u00e1 trabalhar consigo para desenvolver um \u00edndice, um pref\u00e1cio e um p\u00f3s-palavra para que os cap\u00edtulos individuais do seu audiolivro familiar, que normalmente dura v\u00e1rias horas, possam ser selecionados mais facilmente.<\/p><p>Depois das grava\u00e7\u00f5es, produzimos o seu audiolivro com designers de som profissionais a partir da entrevista e material sonoro. Isto faz do seu audiolivro familiar um documento muito pessoal da sua vida, bem como um audiolivro com hist\u00f3rias quotidianas, culturais e familiares do nosso tempo.<\/p>\t\t\t\t\t\t\t\t<\/div>\n\t\t\t\t<\/div>\n\t\t\t\t<\/div>\n\t\t\t\t\t<\/div>\n\t\t\t\t<\/div>\n\t\t<div class=\"elementor-element elementor-element-887cbef e-flex e-con-boxed e-con e-parent\" data-id=\"887cbef\" data-element_type=\"container\" data-e-type=\"container\">\n\t\t\t\t\t<div class=\"e-con-inner\">\n\t\t<div class=\"elementor-element elementor-element-44653e9 e-con-full e-flex e-con e-child\" data-id=\"44653e9\" data-element_type=\"container\" data-e-type=\"container\">\n\t\t\t\t<div class=\"elementor-element elementor-element-8e7f3c4 elementor-widget elementor-widget-heading\" data-id=\"8e7f3c4\" data-element_type=\"widget\" data-e-type=\"widget\" data-widget_type=\"heading.default\">\n\t\t\t\t<div class=\"elementor-widget-container\">\n\t\t\t\t\t<h4 class=\"elementor-heading-title elementor-size-default\">Perguntas frequentes<\/h4>\t\t\t\t<\/div>\n\t\t\t\t<\/div>\n\t\t\t\t<div class=\"elementor-element elementor-element-126e48a elementor-widget elementor-widget-accordion\" data-id=\"126e48a\" data-element_type=\"widget\" data-e-type=\"widget\" data-widget_type=\"accordion.default\">\n\t\t\t\t<div class=\"elementor-widget-container\">\n\t\t\t\t\t\t\t<div class=\"elementor-accordion\">\n\t\t\t\t\t\t\t<div class=\"elementor-accordion-item\">\n\t\t\t\t\t<div id=\"elementor-tab-title-1931\" class=\"elementor-tab-title\" data-tab=\"1\" role=\"button\" aria-controls=\"elementor-tab-content-1931\" aria-expanded=\"false\">\n\t\t\t\t\t\t\t\t\t\t\t\t\t<span class=\"elementor-accordion-icon elementor-accordion-icon-left\" aria-hidden=\"true\">\n\t\t\t\t\t\t\t\t\t\t\t\t\t\t\t<span class=\"elementor-accordion-icon-closed\"><svg class=\"e-font-icon-svg e-fas-plus\" viewbox=\"0 0 448 512\" xmlns=\"http:\/\/www.w3.org\/2000\/svg\"><path d=\"M416 208H272V64c0-17.67-14.33-32-32-32h-32c-17.67 0-32 14.33-32 32v144H32c-17.67 0-32 14.33-32 32v32c0 17.67 14.33 32 32 32h144v144c0 17.67 14.33 32 32 32h32c17.67 0 32-14.33 32-32V304h144c17.67 0 32-14.33 32-32v-32c0-17.67-14.33-32-32-32z\"><\/path><\/svg><\/span>\n\t\t\t\t\t\t\t\t<span class=\"elementor-accordion-icon-opened\"><svg class=\"e-font-icon-svg e-fas-minus\" viewbox=\"0 0 448 512\" xmlns=\"http:\/\/www.w3.org\/2000\/svg\"><path d=\"M416 208H32c-17.67 0-32 14.33-32 32v32c0 17.67 14.33 32 32 32h384c17.67 0 32-14.33 32-32v-32c0-17.67-14.33-32-32-32z\"><\/path><\/svg><\/span>\n\t\t\t\t\t\t\t\t\t\t\t\t\t\t<\/span>\n\t\t\t\t\t\t\t\t\t\t\t\t<a class=\"elementor-accordion-title\" tabindex=\"0\">Como gravar um audiolivro?<\/a>\n\t\t\t\t\t<\/div>\n\t\t\t\t\t<div id=\"elementor-tab-content-1931\" class=\"elementor-tab-content elementor-clearfix\" data-tab=\"1\" role=\"region\" aria-labelledby=\"elementor-tab-title-1931\"><p>As m\u00e3es e os pais que enfrentam uma doen\u00e7a incur\u00e1vel e um diagn\u00f3stico de encurtamento da vida e t\u00eam filhos menores de idade podem candidatar-se a participar no projeto de audiolivros. No entanto, isso n\u00e3o significa que a sua doen\u00e7a j\u00e1 est\u00e1 muito avan\u00e7ada ou que uma deteriora\u00e7\u00e3o maci\u00e7a deve ser esperada imediatamente. Por favor, n\u00e3o hesite em contactar-nos, mesmo que sinta que ainda est\u00e1 muito est\u00e1vel. Com a tua hist\u00f3ria de vida muito pessoal - H\u00d6R - trazes um precioso presente futuro para os teus filhos que est\u00e3o a caminho.<\/p><p>Se estiver interessado em gravar um audiolivro, envie o seu pedido diretamente por correio eletr\u00f3nico para <a href=\"mailto:kontakt@familienhoerbuch.de\">kontakt@familienhoerbuch.de<\/a>.<\/p><p>Enviar-lhe-emos um \u00abformul\u00e1rio de base\u00bb, que dever\u00e1 preencher e devolver-nos o mais rapidamente poss\u00edvel. Assim que estivermos em contacto uns com os outros, come\u00e7amos com o planeamento preliminar do seu audiolivro familiar.<\/p><\/div>\n\t\t\t\t<\/div>\n\t\t\t\t\t\t\t<div class=\"elementor-accordion-item\">\n\t\t\t\t\t<div id=\"elementor-tab-title-1932\" class=\"elementor-tab-title\" data-tab=\"2\" role=\"button\" aria-controls=\"elementor-tab-content-1932\" aria-expanded=\"false\">\n\t\t\t\t\t\t\t\t\t\t\t\t\t<span class=\"elementor-accordion-icon elementor-accordion-icon-left\" aria-hidden=\"true\">\n\t\t\t\t\t\t\t\t\t\t\t\t\t\t\t<span class=\"elementor-accordion-icon-closed\"><svg class=\"e-font-icon-svg e-fas-plus\" viewbox=\"0 0 448 512\" xmlns=\"http:\/\/www.w3.org\/2000\/svg\"><path d=\"M416 208H272V64c0-17.67-14.33-32-32-32h-32c-17.67 0-32 14.33-32 32v144H32c-17.67 0-32 14.33-32 32v32c0 17.67 14.33 32 32 32h144v144c0 17.67 14.33 32 32 32h32c17.67 0 32-14.33 32-32V304h144c17.67 0 32-14.33 32-32v-32c0-17.67-14.33-32-32-32z\"><\/path><\/svg><\/span>\n\t\t\t\t\t\t\t\t<span class=\"elementor-accordion-icon-opened\"><svg class=\"e-font-icon-svg e-fas-minus\" viewbox=\"0 0 448 512\" xmlns=\"http:\/\/www.w3.org\/2000\/svg\"><path d=\"M416 208H32c-17.67 0-32 14.33-32 32v32c0 17.67 14.33 32 32 32h384c17.67 0 32-14.33 32-32v-32c0-17.67-14.33-32-32-32z\"><\/path><\/svg><\/span>\n\t\t\t\t\t\t\t\t\t\t\t\t\t\t<\/span>\n\t\t\t\t\t\t\t\t\t\t\t\t<a class=\"elementor-accordion-title\" tabindex=\"0\">Quanto custa gravar um audiolivro?<\/a>\n\t\t\t\t\t<\/div>\n\t\t\t\t\t<div id=\"elementor-tab-content-1932\" class=\"elementor-tab-content elementor-clearfix\" data-tab=\"2\" role=\"region\" aria-labelledby=\"elementor-tab-title-1932\"><p>Os audiolivros familiares s\u00e3o gratuitos para as fam\u00edlias que enfrentam um diagn\u00f3stico de encurtamento da vida.<\/p><p>Ningu\u00e9m tem de trazer recursos pr\u00f3prios para o \"seu audiolivro familiar\", porque familiares ou amigos de antigos participantes j\u00e1 recolheram donativos e os disponibilizaram \u00e0 Familienh\u00f6rbuch gGmbH para o seu trabalho. No entanto, a fim de garantir futuras produ\u00e7\u00f5es e oferecer a outras pessoas afetadas a oportunidade de gravar um audiolivro gratuito, pedimos a todos os participantes e suas fam\u00edlias, parentes e amigos que tamb\u00e9m recolham doa\u00e7\u00f5es.<\/p><p>Tem alguma experi\u00eancia com doa\u00e7\u00f5es ou campanhas beneficentes? N\u00e3o h\u00e1 problema! Tomamos-te pela m\u00e3o e ficamos ao teu lado. Entre em contacto com a nossa equipa de angaria\u00e7\u00e3o de fundos: <a href=\"mailto:spenden@familienhoerbuch.de\">spenden@familienhoerbuch.de<\/a>.<\/p><\/div>\n\t\t\t\t<\/div>\n\t\t\t\t\t\t\t<div class=\"elementor-accordion-item\">\n\t\t\t\t\t<div id=\"elementor-tab-title-1933\" class=\"elementor-tab-title\" data-tab=\"3\" role=\"button\" aria-controls=\"elementor-tab-content-1933\" aria-expanded=\"false\">\n\t\t\t\t\t\t\t\t\t\t\t\t\t<span class=\"elementor-accordion-icon elementor-accordion-icon-left\" aria-hidden=\"true\">\n\t\t\t\t\t\t\t\t\t\t\t\t\t\t\t<span class=\"elementor-accordion-icon-closed\"><svg class=\"e-font-icon-svg e-fas-plus\" viewbox=\"0 0 448 512\" xmlns=\"http:\/\/www.w3.org\/2000\/svg\"><path d=\"M416 208H272V64c0-17.67-14.33-32-32-32h-32c-17.67 0-32 14.33-32 32v144H32c-17.67 0-32 14.33-32 32v32c0 17.67 14.33 32 32 32h144v144c0 17.67 14.33 32 32 32h32c17.67 0 32-14.33 32-32V304h144c17.67 0 32-14.33 32-32v-32c0-17.67-14.33-32-32-32z\"><\/path><\/svg><\/span>\n\t\t\t\t\t\t\t\t<span class=\"elementor-accordion-icon-opened\"><svg class=\"e-font-icon-svg e-fas-minus\" viewbox=\"0 0 448 512\" xmlns=\"http:\/\/www.w3.org\/2000\/svg\"><path d=\"M416 208H32c-17.67 0-32 14.33-32 32v32c0 17.67 14.33 32 32 32h384c17.67 0 32-14.33 32-32v-32c0-17.67-14.33-32-32-32z\"><\/path><\/svg><\/span>\n\t\t\t\t\t\t\t\t\t\t\t\t\t\t<\/span>\n\t\t\t\t\t\t\t\t\t\t\t\t<a class=\"elementor-accordion-title\" tabindex=\"0\">Quanto tempo demora a gravar um audiolivro?<\/a>\n\t\t\t\t\t<\/div>\n\t\t\t\t\t<div id=\"elementor-tab-content-1933\" class=\"elementor-tab-content elementor-clearfix\" data-tab=\"3\" role=\"region\" aria-labelledby=\"elementor-tab-title-1933\"><p>Quer seja tr\u00eas dias completos ou seis dias e meio \u2013 em linha ou numa reuni\u00e3o direta \u2013 iremos aconselh\u00e1-lo e trabalhar consigo para encontrar o local e a hora certos.<\/p><p>Podemos agendar uma quantidade adequada de tempo para as entrevistas nas suas circunst\u00e2ncias e gravar as grava\u00e7\u00f5es de som no est\u00fadio de grava\u00e7\u00e3o, mas tamb\u00e9m no hospital, hosp\u00edcio ou em casa, se as suas for\u00e7as j\u00e1 n\u00e3o permitirem entrevistas com dura\u00e7\u00e3o de v\u00e1rias horas. E se for demasiado triste em casa e n\u00e3o tiveres paz de esp\u00edrito, tamb\u00e9m vamos encontrar uma solu\u00e7\u00e3o para isso.<\/p><\/div>\n\t\t\t\t<\/div>\n\t\t\t\t\t\t\t<div class=\"elementor-accordion-item\">\n\t\t\t\t\t<div id=\"elementor-tab-title-1934\" class=\"elementor-tab-title\" data-tab=\"4\" role=\"button\" aria-controls=\"elementor-tab-content-1934\" aria-expanded=\"false\">\n\t\t\t\t\t\t\t\t\t\t\t\t\t<span class=\"elementor-accordion-icon elementor-accordion-icon-left\" aria-hidden=\"true\">\n\t\t\t\t\t\t\t\t\t\t\t\t\t\t\t<span class=\"elementor-accordion-icon-closed\"><svg class=\"e-font-icon-svg e-fas-plus\" viewbox=\"0 0 448 512\" xmlns=\"http:\/\/www.w3.org\/2000\/svg\"><path d=\"M416 208H272V64c0-17.67-14.33-32-32-32h-32c-17.67 0-32 14.33-32 32v144H32c-17.67 0-32 14.33-32 32v32c0 17.67 14.33 32 32 32h144v144c0 17.67 14.33 32 32 32h32c17.67 0 32-14.33 32-32V304h144c17.67 0 32-14.33 32-32v-32c0-17.67-14.33-32-32-32z\"><\/path><\/svg><\/span>\n\t\t\t\t\t\t\t\t<span class=\"elementor-accordion-icon-opened\"><svg class=\"e-font-icon-svg e-fas-minus\" viewbox=\"0 0 448 512\" xmlns=\"http:\/\/www.w3.org\/2000\/svg\"><path d=\"M416 208H32c-17.67 0-32 14.33-32 32v32c0 17.67 14.33 32 32 32h384c17.67 0 32-14.33 32-32v-32c0-17.67-14.33-32-32-32z\"><\/path><\/svg><\/span>\n\t\t\t\t\t\t\t\t\t\t\t\t\t\t<\/span>\n\t\t\t\t\t\t\t\t\t\t\t\t<a class=\"elementor-accordion-title\" tabindex=\"0\">A quem est\u00e1s a dizer a tua vida?<\/a>\n\t\t\t\t\t<\/div>\n\t\t\t\t\t<div id=\"elementor-tab-content-1934\" class=\"elementor-tab-content elementor-clearfix\" data-tab=\"4\" role=\"region\" aria-labelledby=\"elementor-tab-title-1934\"><p>Os nossos bi\u00f3grafos de \u00e1udio s\u00e3o jornalistas profissionais que foram formados na Academia de Medicina Paliativa de Bona, sob a dire\u00e7\u00e3o do Prof. Radbruch, Diretor da Cl\u00ednica de Cuidados Paliativos de Bona, e Judith Gr\u00fcmmer. Entretanto, formou-se uma rede de bi\u00f3grafos de \u00e1udio \u00e0 escala alem\u00e3, o que permite um elevado grau de flexibilidade temporal e espacial.<\/p><p>Os nossos designers de som, que depois preparam as suas grava\u00e7\u00f5es e musicalmente inferiores, tamb\u00e9m s\u00e3o continuamente treinados e est\u00e3o conscientes da alta responsabilidade da sua tarefa.<\/p><\/div>\n\t\t\t\t<\/div>\n\t\t\t\t\t\t\t<div class=\"elementor-accordion-item\">\n\t\t\t\t\t<div id=\"elementor-tab-title-1935\" class=\"elementor-tab-title\" data-tab=\"5\" role=\"button\" aria-controls=\"elementor-tab-content-1935\" aria-expanded=\"false\">\n\t\t\t\t\t\t\t\t\t\t\t\t\t<span class=\"elementor-accordion-icon elementor-accordion-icon-left\" aria-hidden=\"true\">\n\t\t\t\t\t\t\t\t\t\t\t\t\t\t\t<span class=\"elementor-accordion-icon-closed\"><svg class=\"e-font-icon-svg e-fas-plus\" viewbox=\"0 0 448 512\" xmlns=\"http:\/\/www.w3.org\/2000\/svg\"><path d=\"M416 208H272V64c0-17.67-14.33-32-32-32h-32c-17.67 0-32 14.33-32 32v144H32c-17.67 0-32 14.33-32 32v32c0 17.67 14.33 32 32 32h144v144c0 17.67 14.33 32 32 32h32c17.67 0 32-14.33 32-32V304h144c17.67 0 32-14.33 32-32v-32c0-17.67-14.33-32-32-32z\"><\/path><\/svg><\/span>\n\t\t\t\t\t\t\t\t<span class=\"elementor-accordion-icon-opened\"><svg class=\"e-font-icon-svg e-fas-minus\" viewbox=\"0 0 448 512\" xmlns=\"http:\/\/www.w3.org\/2000\/svg\"><path d=\"M416 208H32c-17.67 0-32 14.33-32 32v32c0 17.67 14.33 32 32 32h384c17.67 0 32-14.33 32-32v-32c0-17.67-14.33-32-32-32z\"><\/path><\/svg><\/span>\n\t\t\t\t\t\t\t\t\t\t\t\t\t\t<\/span>\n\t\t\t\t\t\t\t\t\t\t\t\t<a class=\"elementor-accordion-title\" tabindex=\"0\">Acompanhamento psicol\u00f3gico ao gravar um audiolivro <\/a>\n\t\t\t\t\t<\/div>\n\t\t\t\t\t<div id=\"elementor-tab-content-1935\" class=\"elementor-tab-content elementor-clearfix\" data-tab=\"5\" role=\"region\" aria-labelledby=\"elementor-tab-title-1935\"><p>Os participantes inclu\u00eddos no projeto receber\u00e3o uma interven\u00e7\u00e3o psicol\u00f3gica de crise durante a dura\u00e7\u00e3o do projeto. Isto garante que tem uma pessoa de contacto profissional ao seu lado durante o trabalho do projeto, que pode responder com compet\u00eancia \u00e0s suas perguntas e preocupa\u00e7\u00f5es sobre audiobiografia e comunica\u00e7\u00e3o na fam\u00edlia.<\/p><\/div>\n\t\t\t\t<\/div>\n\t\t\t\t\t\t\t\t<\/div>\n\t\t\t\t\t\t<\/div>\n\t\t\t\t<\/div>\n\t\t\t\t<\/div>\n\t\t\t\t\t<\/div>\n\t\t\t\t<\/div>\n\t\t\t\t<\/div>","protected":false},"excerpt":{"rendered":"<p>O teu caminho para o teu pr\u00f3prio audiolivro Cada hist\u00f3ria de vida vale a pena contar e deixar para tr\u00e1s. \u00c9 por isso que criamos as biografias de pessoas incuravelmente doentes para a eternidade como um presente para o futuro. As narrativas s\u00e3o concebidas dramaturgicamente utilizando t\u00e9cnicas de ponta de audiojornalismo (estrutura\/estrutura\/edi\u00e7\u00e3o especiais). Ap\u00f3s a morte de um dos pais, os audiolivros apoiam a fam\u00edlia sobrevivente, especialmente as crian\u00e7as, [\u2026]<\/p>","protected":false},"author":1,"featured_media":0,"parent":0,"menu_order":0,"comment_status":"closed","ping_status":"closed","template":"","meta":{"_acf_changed":false,"footnotes":""},"class_list":["post-82","page","type-page","status-publish","hentry"],"acf":[],"_links":{"self":[{"href":"https:\/\/familienhoerbuch.de\/pt\/wp-json\/wp\/v2\/pages\/82","targetHints":{"allow":["GET"]}}],"collection":[{"href":"https:\/\/familienhoerbuch.de\/pt\/wp-json\/wp\/v2\/pages"}],"about":[{"href":"https:\/\/familienhoerbuch.de\/pt\/wp-json\/wp\/v2\/types\/page"}],"author":[{"embeddable":true,"href":"https:\/\/familienhoerbuch.de\/pt\/wp-json\/wp\/v2\/users\/1"}],"replies":[{"embeddable":true,"href":"https:\/\/familienhoerbuch.de\/pt\/wp-json\/wp\/v2\/comments?post=82"}],"version-history":[{"count":0,"href":"https:\/\/familienhoerbuch.de\/pt\/wp-json\/wp\/v2\/pages\/82\/revisions"}],"wp:attachment":[{"href":"https:\/\/familienhoerbuch.de\/pt\/wp-json\/wp\/v2\/media?parent=82"}],"curies":[{"name":"wp","href":"https:\/\/api.w.org\/{rel}","templated":true}]}}