{"id":356,"date":"2024-09-06T14:08:52","date_gmt":"2024-09-06T12:08:52","guid":{"rendered":"https:\/\/websplash.familienhoerbuch.de\/?page_id=356"},"modified":"2025-09-01T15:00:24","modified_gmt":"2025-09-01T13:00:24","slug":"datenschutz","status":"publish","type":"page","link":"https:\/\/familienhoerbuch.de\/pt\/datenschutz\/","title":{"rendered":"privacidade"},"content":{"rendered":"<div data-elementor-type=\"wp-page\" data-elementor-id=\"356\" class=\"elementor elementor-356\" data-elementor-post-type=\"page\">\n\t\t\t\t<div class=\"elementor-element elementor-element-103a542 e-flex e-con-boxed e-con e-parent\" data-id=\"103a542\" data-element_type=\"container\" data-e-type=\"container\">\n\t\t\t\t\t<div class=\"e-con-inner\">\n\t\t\t\t<div class=\"elementor-element elementor-element-c8ab292 elementor-widget elementor-widget-heading\" data-id=\"c8ab292\" data-element_type=\"widget\" data-e-type=\"widget\" data-widget_type=\"heading.default\">\n\t\t\t\t<div class=\"elementor-widget-container\">\n\t\t\t\t\t<h5 class=\"elementor-heading-title elementor-size-default\">privacidade<\/h5>\t\t\t\t<\/div>\n\t\t\t\t<\/div>\n\t\t\t\t<div class=\"elementor-element elementor-element-d3b127a elementor-widget elementor-widget-heading\" data-id=\"d3b127a\" data-element_type=\"widget\" data-e-type=\"widget\" data-widget_type=\"heading.default\">\n\t\t\t\t<div class=\"elementor-widget-container\">\n\t\t\t\t\t<h5 class=\"elementor-heading-title elementor-size-default\">Organismo respons\u00e1vel<\/h5>\t\t\t\t<\/div>\n\t\t\t\t<\/div>\n\t\t\t\t<div class=\"elementor-element elementor-element-f547ff9 elementor-widget elementor-widget-text-editor\" data-id=\"f547ff9\" data-element_type=\"widget\" data-e-type=\"widget\" data-widget_type=\"text-editor.default\">\n\t\t\t\t<div class=\"elementor-widget-container\">\n\t\t\t\t\t\t\t\t\t<p>Audiolivro familiar gGmbH<br \/>Muralha de Oberl\u00e4nder 24<br \/>50678 Col\u00f3nia, Alemanha<\/p>\t\t\t\t\t\t\t\t<\/div>\n\t\t\t\t<\/div>\n\t\t\t\t<div class=\"elementor-element elementor-element-dcb2735 elementor-widget elementor-widget-heading\" data-id=\"dcb2735\" data-element_type=\"widget\" data-e-type=\"widget\" data-widget_type=\"heading.default\">\n\t\t\t\t<div class=\"elementor-widget-container\">\n\t\t\t\t\t<h5 class=\"elementor-heading-title elementor-size-default\">Encarregado da prote\u00e7\u00e3o de dados<\/h5>\t\t\t\t<\/div>\n\t\t\t\t<\/div>\n\t\t\t\t<div class=\"elementor-element elementor-element-4d091a4 elementor-widget elementor-widget-text-editor\" data-id=\"4d091a4\" data-element_type=\"widget\" data-e-type=\"widget\" data-widget_type=\"text-editor.default\">\n\t\t\t\t<div class=\"elementor-widget-container\">\n\t\t\t\t\t\t\t\t\t<p>Ex.mo Senhor Christopher Schroer<br \/>Consultoria digital de primeiro byte e.K.<\/p>\t\t\t\t\t\t\t\t<\/div>\n\t\t\t\t<\/div>\n\t\t\t\t<div class=\"elementor-element elementor-element-94b4818 elementor-widget elementor-widget-heading\" data-id=\"94b4818\" data-element_type=\"widget\" data-e-type=\"widget\" data-widget_type=\"heading.default\">\n\t\t\t\t<div class=\"elementor-widget-container\">\n\t\t\t\t\t<h5 class=\"elementor-heading-title elementor-size-default\">privacidade<\/h5>\t\t\t\t<\/div>\n\t\t\t\t<\/div>\n\t\t\t\t<div class=\"elementor-element elementor-element-d48c74c elementor-widget elementor-widget-text-editor\" data-id=\"d48c74c\" data-element_type=\"widget\" data-e-type=\"widget\" data-widget_type=\"text-editor.default\">\n\t\t\t\t<div class=\"elementor-widget-container\">\n\t\t\t\t\t\t\t\t\t<p>A Familienh\u00f6rbuch gGmbH leva muito a s\u00e9rio a prote\u00e7\u00e3o dos seus dados pessoais. Tratamos os seus dados pessoais de forma confidencial e de acordo com os regulamentos estatut\u00e1rios de prote\u00e7\u00e3o de dados e estas informa\u00e7\u00f5es de prote\u00e7\u00e3o de dados.<\/p><p>A utiliza\u00e7\u00e3o do nosso website \u00e9 normalmente poss\u00edvel sem o fornecimento de dados pessoais. Na medida em que os dados pessoais (por exemplo, nome, endere\u00e7o ou endere\u00e7o de e-mail) s\u00e3o recolhidos nestas p\u00e1ginas, tal \u00e9 sempre feito numa base volunt\u00e1ria, na medida do poss\u00edvel. Estes dados nunca ser\u00e3o transmitidos a terceiros sem o seu consentimento expresso. Gostar\u00edamos de salientar que a transmiss\u00e3o de dados na Internet (por exemplo, ao comunicar por e-mail) pode ter falhas de seguran\u00e7a. N\u00e3o \u00e9 poss\u00edvel uma prote\u00e7\u00e3o completa dos dados contra o acesso de terceiros.<\/p>\t\t\t\t\t\t\t\t<\/div>\n\t\t\t\t<\/div>\n\t\t\t\t<div class=\"elementor-element elementor-element-4c1853b elementor-widget elementor-widget-heading\" data-id=\"4c1853b\" data-element_type=\"widget\" data-e-type=\"widget\" data-widget_type=\"heading.default\">\n\t\t\t\t<div class=\"elementor-widget-container\">\n\t\t\t\t\t<h5 class=\"elementor-heading-title elementor-size-default\">Ficheiros de registo do servidor<\/h5>\t\t\t\t<\/div>\n\t\t\t\t<\/div>\n\t\t\t\t<div class=\"elementor-element elementor-element-9718884 elementor-widget elementor-widget-text-editor\" data-id=\"9718884\" data-element_type=\"widget\" data-e-type=\"widget\" data-widget_type=\"text-editor.default\">\n\t\t\t\t<div class=\"elementor-widget-container\">\n\t\t\t\t\t\t\t\t\t<p>O nosso fornecedor (dogado GmbH) recolhe e armazena automaticamente informa\u00e7\u00f5es nos chamados ficheiros de registo do servidor, que o seu navegador transmite-lhes automaticamente. Estes s\u00e3o:<\/p><ul><li>Dom\u00ednio do cliente<\/li><li>IP do cliente an\u00f3nimo<\/li><li>Carimbo temporal<\/li><li>Linha de pedido<\/li><li>C\u00f3digo do estado<\/li><li>Dimens\u00e3o dos organismos de resposta<\/li><li>Refer\u00eancia enviada pelo cliente<\/li><li>Agente de utilizador enviado pelo cliente<\/li><li>Utilizador remoto<\/li><\/ul><p><br \/>Estes dados n\u00e3o devem ser organizados para pessoas espec\u00edficas. Estes dados n\u00e3o s\u00e3o fundidos com outras fontes de dados. Reservamo-nos o direito de verificar estes dados retrospectivamente se tomarmos conhecimento de ind\u00edcios concretos de uso ilegal.<\/p><p>Estes dados s\u00e3o recolhidos e tratados a fim de garantir o bom funcionamento do site e, portanto, constitui o interesse leg\u00edtimo nos termos do artigo 6.o, n.o 1, al\u00ednea f).<\/p>\t\t\t\t\t\t\t\t<\/div>\n\t\t\t\t<\/div>\n\t\t\t\t<div class=\"elementor-element elementor-element-e9e5618 elementor-widget elementor-widget-heading\" data-id=\"e9e5618\" data-element_type=\"widget\" data-e-type=\"widget\" data-widget_type=\"heading.default\">\n\t\t\t\t<div class=\"elementor-widget-container\">\n\t\t\t\t\t<h5 class=\"elementor-heading-title elementor-size-default\">Formul\u00e1rio de contacto<\/h5>\t\t\t\t<\/div>\n\t\t\t\t<\/div>\n\t\t\t\t<div class=\"elementor-element elementor-element-16f3b4a elementor-widget elementor-widget-text-editor\" data-id=\"16f3b4a\" data-element_type=\"widget\" data-e-type=\"widget\" data-widget_type=\"text-editor.default\">\n\t\t\t\t<div class=\"elementor-widget-container\">\n\t\t\t\t\t\t\t\t\t<p>Se nos enviar perguntas atrav\u00e9s do formul\u00e1rio de contacto, as suas informa\u00e7\u00f5es do formul\u00e1rio de pedido, incluindo os dados de contacto que fornece, ser\u00e3o armazenadas por n\u00f3s para efeitos de processamento do pedido e em caso de perguntas subsequentes. N\u00e3o transmitiremos estes dados sem o seu consentimento. Base jur\u00eddica: Artigo 6.o, n.o 1, al\u00ednea a), do RGPD.<\/p>\t\t\t\t\t\t\t\t<\/div>\n\t\t\t\t<\/div>\n\t\t\t\t<div class=\"elementor-element elementor-element-22b93cf elementor-widget elementor-widget-heading\" data-id=\"22b93cf\" data-element_type=\"widget\" data-e-type=\"widget\" data-widget_type=\"heading.default\">\n\t\t\t\t<div class=\"elementor-widget-container\">\n\t\t\t\t\t<h5 class=\"elementor-heading-title elementor-size-default\">Utiliza\u00e7\u00e3o dos bot\u00f5es das redes sociais<\/h5>\t\t\t\t<\/div>\n\t\t\t\t<\/div>\n\t\t\t\t<div class=\"elementor-element elementor-element-461cb75 elementor-widget elementor-widget-text-editor\" data-id=\"461cb75\" data-element_type=\"widget\" data-e-type=\"widget\" data-widget_type=\"text-editor.default\">\n\t\t\t\t<div class=\"elementor-widget-container\">\n\t\t\t\t\t\t\t\t\t<p>No nosso website, queremos evitar um registo e avalia\u00e7\u00e3o abrangentes da sua visita por parte de fornecedores de redes sociais\/fun\u00e7\u00f5es de partilha em redes sociais. Para este efeito, substitu\u00edmos os bot\u00f5es habituais das redes sociais e, assim, protegemos o seu comportamento de utiliza\u00e7\u00e3o. Os bot\u00f5es das redes sociais listadas abaixo s\u00f3 est\u00e3o integrados no nosso site como gr\u00e1ficos. O gr\u00e1fico cont\u00e9m um link para a rede social correspondente.<br>No nosso website integramos as seguintes redes sociais via link:<br>Facebook (Facebook, Inc., 1601 S. California Ave, Palo Alto, CA 94304, EUA)<br>Instagram (Instagram LLC, representada por Kevin Systrom e Mike Krieger, 1601 Willow Rd, Menlo Park CA 94025, EUA)<br>YouTube (YouTube LLC, 901 Cherry Ave., San Bruno, CA 94066, EUA)<br>A finalidade e o \u00e2mbito da recolha de dados e o tratamento e utiliza\u00e7\u00e3o posteriores dos dados pelos fornecedores nas suas p\u00e1ginas, bem como os seus direitos a este respeito e as op\u00e7\u00f5es de defini\u00e7\u00e3o para a prote\u00e7\u00e3o da sua privacidade podem ser encontrados nas informa\u00e7\u00f5es de prote\u00e7\u00e3o de dados dos fornecedores.<\/p>\n<ul>\n<li><a href=\"http:\/\/www.facebook.com\/policy.php\" target=\"_blank\" rel=\"noopener\">Facebook<\/a><\/li>\n<li><a href=\"https:\/\/help.instagram.com\/155833707900388\/?helpref=hc_fnav&amp;bc[0]=Instagram-Hilfe&amp;bc[1]=Datenschutz%20und%20Sicherheitsbereich\" target=\"_blank\" rel=\"noopener\">Instagram<\/a><\/li>\n<li><a href=\"https:\/\/policies.google.com\/privacy\" target=\"_blank\" rel=\"noopener\">Google<\/a><\/li>\n<\/ul>\n<p>(A pol\u00edtica de privacidade do Google aplica-se igualmente ao YouTube)<\/p>\t\t\t\t\t\t\t\t<\/div>\n\t\t\t\t<\/div>\n\t\t\t\t<div class=\"elementor-element elementor-element-ca63f7d elementor-widget elementor-widget-heading\" data-id=\"ca63f7d\" data-element_type=\"widget\" data-e-type=\"widget\" data-widget_type=\"heading.default\">\n\t\t\t\t<div class=\"elementor-widget-container\">\n\t\t\t\t\t<h5 class=\"elementor-heading-title elementor-size-default\">boletins<\/h5>\t\t\t\t<\/div>\n\t\t\t\t<\/div>\n\t\t\t\t<div class=\"elementor-element elementor-element-6d3e155 elementor-widget elementor-widget-text-editor\" data-id=\"6d3e155\" data-element_type=\"widget\" data-e-type=\"widget\" data-widget_type=\"text-editor.default\">\n\t\t\t\t<div class=\"elementor-widget-container\">\n\t\t\t\t\t\t\t\t\t<p>Utilizamos o fornecedor de listas MailChimp para a nossa newsletter. MailChimp \u00e9 uma oferta da The Rocket Science Group, LLC, 512 Means Street, Ste 404 Atlanta, GA 30318.<br \/>MailChimp oferece uma extensa an\u00e1lise de como os nossos emails s\u00e3o abertos e utilizados. Mais informa\u00e7\u00f5es sobre o MailChimp e a prote\u00e7\u00e3o de dados no MailChimp podem ser encontradas <a href=\"https:\/\/mailchimp.com\/legal\/privacy\/\">aqui<\/a>.<\/p><p>Pode revogar o seu consentimento para a utiliza\u00e7\u00e3o do seu endere\u00e7o de e-mail no Mailchimp a qualquer momento. A revoga\u00e7\u00e3o pode ser feita atrav\u00e9s de um link nos pr\u00f3prios e-mails.<\/p>\t\t\t\t\t\t\t\t<\/div>\n\t\t\t\t<\/div>\n\t\t\t\t<div class=\"elementor-element elementor-element-4e73ceb elementor-widget elementor-widget-heading\" data-id=\"4e73ceb\" data-element_type=\"widget\" data-e-type=\"widget\" data-widget_type=\"heading.default\">\n\t\t\t\t<div class=\"elementor-widget-container\">\n\t\t\t\t\t<h5 class=\"elementor-heading-title elementor-size-default\">Os seus direitos enquanto titular dos dados<\/h5>\t\t\t\t<\/div>\n\t\t\t\t<\/div>\n\t\t\t\t<div class=\"elementor-element elementor-element-02cebf2 elementor-widget elementor-widget-text-editor\" data-id=\"02cebf2\" data-element_type=\"widget\" data-e-type=\"widget\" data-widget_type=\"text-editor.default\">\n\t\t\t\t<div class=\"elementor-widget-container\">\n\t\t\t\t\t\t\t\t\t<p>Armazenamos os dados obtidos atrav\u00e9s do nosso website por um per\u00edodo m\u00e1ximo de 24 meses. Depois disso, eles s\u00e3o automaticamente exclu\u00eddos.<\/p><p>Tem o direito de ser informado sobre se e como process\u00e1mos os seus dados pessoais (Art.o 15.o do RGPD). Tem igualmente o direito de corrigir dados incorretos (artigo 16.o do RGPD), o direito ao apagamento (\u00abdireito a ser esquecido\u00bb) dos seus dados (artigo 17.o do RGPD), o direito \u00e0 limita\u00e7\u00e3o do tratamento (artigo 18.o do RGPD) e o direito \u00e0 portabilidade dos dados (artigo 20.o do RGPD).<\/p><p>Em caso de retifica\u00e7\u00e3o, restri\u00e7\u00e3o ou elimina\u00e7\u00e3o, inform\u00e1-lo-emos dos destinat\u00e1rios a quem os dados pessoais foram divulgados do exerc\u00edcio do seu direito nos termos dos artigos 15.o a 18.o do RGPD. Tamb\u00e9m temos o prazer de inform\u00e1-lo sobre os destinat\u00e1rios de acordo com o Art. 19 GDPR.<\/p><p>Al\u00e9m disso, tem direito \u00e0 portabilidade dos dados (Art.o 20.o do RGPD), ou seja, recebe de n\u00f3s os dados que nos forneceu num formato estruturado, comum e leg\u00edvel por m\u00e1quina.<\/p>\t\t\t\t\t\t\t\t<\/div>\n\t\t\t\t<\/div>\n\t\t\t\t<div class=\"elementor-element elementor-element-77e1205 elementor-widget elementor-widget-heading\" data-id=\"77e1205\" data-element_type=\"widget\" data-e-type=\"widget\" data-widget_type=\"heading.default\">\n\t\t\t\t<div class=\"elementor-widget-container\">\n\t\t\t\t\t<h5 class=\"elementor-heading-title elementor-size-default\">Direito de recurso e inst\u00e2ncia de recurso<\/h5>\t\t\t\t<\/div>\n\t\t\t\t<\/div>\n\t\t\t\t<div class=\"elementor-element elementor-element-f0fd6a2 elementor-widget elementor-widget-text-editor\" data-id=\"f0fd6a2\" data-element_type=\"widget\" data-e-type=\"widget\" data-widget_type=\"text-editor.default\">\n\t\t\t\t<div class=\"elementor-widget-container\">\n\t\t\t\t\t\t\t\t\t<p>Em caso de viola\u00e7\u00e3o da prote\u00e7\u00e3o de dados, tem o direito de apresentar uma reclama\u00e7\u00e3o \u00e0 autoridade de controlo competente. A autoridade de controlo competente em mat\u00e9ria de prote\u00e7\u00e3o de dados \u00e9:<\/p><p>Comiss\u00e1rio Estadual para a Prote\u00e7\u00e3o de Dados<br \/>e liberdade de informa\u00e7\u00e3o Ren\u00e2nia do Norte-Vestef\u00e1lia<br \/>Kavalleriestr. 2-4<br \/>40213 D\u00fcsseldorf<br \/>Telefone 02 11\/3 84 24-0<br \/>Fax 0211\/3 84 24-10<br \/><a href=\"mailto:poststelle@ldi.nrw.de\">poststelle@ldi.nrw.de<\/a><\/p><p>\u00c9 claro que \u00e9 livre de apresentar a sua queixa a qualquer <a href=\"https:\/\/firstbyte.digital\/aufsichtsbehoerden\/\">outra autoridade de controlo<\/a> para julgar.<\/p>\t\t\t\t\t\t\t\t<\/div>\n\t\t\t\t<\/div>\n\t\t\t\t<div class=\"elementor-element elementor-element-2f3d224 elementor-widget elementor-widget-heading\" data-id=\"2f3d224\" data-element_type=\"widget\" data-e-type=\"widget\" data-widget_type=\"heading.default\">\n\t\t\t\t<div class=\"elementor-widget-container\">\n\t\t\t\t\t<h5 class=\"elementor-heading-title elementor-size-default\">O seu direito de oposi\u00e7\u00e3o<\/h5>\t\t\t\t<\/div>\n\t\t\t\t<\/div>\n\t\t\t\t<div class=\"elementor-element elementor-element-2f08103 elementor-widget elementor-widget-text-editor\" data-id=\"2f08103\" data-element_type=\"widget\" data-e-type=\"widget\" data-widget_type=\"text-editor.default\">\n\t\t\t\t<div class=\"elementor-widget-container\">\n\t\t\t\t\t\t\t\t\t<p>Gostar\u00edamos tamb\u00e9m de salientar que pode opor-se ao tratamento futuro dos seus dados pessoais em conformidade com os requisitos legais nos termos do artigo 21.o do RGPD a qualquer momento. A oposi\u00e7\u00e3o pode ser formulada, em especial, contra o tratamento para fins de comercializa\u00e7\u00e3o direta.<\/p>\t\t\t\t\t\t\t\t<\/div>\n\t\t\t\t<\/div>\n\t\t\t\t<div class=\"elementor-element elementor-element-39f275d elementor-widget elementor-widget-heading\" data-id=\"39f275d\" data-element_type=\"widget\" data-e-type=\"widget\" data-widget_type=\"heading.default\">\n\t\t\t\t<div class=\"elementor-widget-container\">\n\t\t\t\t\t<h5 class=\"elementor-heading-title elementor-size-default\">A nossa obje\u00e7\u00e3o aos e-mails publicit\u00e1rios<\/h5>\t\t\t\t<\/div>\n\t\t\t\t<\/div>\n\t\t\t\t<div class=\"elementor-element elementor-element-df69086 elementor-widget elementor-widget-text-editor\" data-id=\"df69086\" data-element_type=\"widget\" data-e-type=\"widget\" data-widget_type=\"text-editor.default\">\n\t\t\t\t<div class=\"elementor-widget-container\">\n\t\t\t\t\t\t\t\t\t<p>A utiliza\u00e7\u00e3o no contexto da <a href=\"https:\/\/familienhoerbuch.de\/pt\/impressum\/\">Obriga\u00e7\u00e3o de impress\u00e3o<\/a> os dados de contacto publicados para o envio de publicidade n\u00e3o solicitada e materiais de informa\u00e7\u00e3o s\u00e3o objeto de obje\u00e7\u00e3o. Reservamo-nos expressamente o direito de tomar medidas legais em caso de envio n\u00e3o solicitado de informa\u00e7\u00f5es publicit\u00e1rias, como e-mails de spam.<\/p><p>Estado destas informa\u00e7\u00f5es relativas \u00e0 prote\u00e7\u00e3o de dados: 01.02.2023<\/p>\t\t\t\t\t\t\t\t<\/div>\n\t\t\t\t<\/div>\n\t\t\t\t<div class=\"elementor-element elementor-element-8cd2314 elementor-widget elementor-widget-heading\" data-id=\"8cd2314\" data-element_type=\"widget\" data-e-type=\"widget\" data-widget_type=\"heading.default\">\n\t\t\t\t<div class=\"elementor-widget-container\">\n\t\t\t\t\t<h5 class=\"elementor-heading-title elementor-size-default\">Seguimento dos dados dos utilizadores<\/h5>\t\t\t\t<\/div>\n\t\t\t\t<\/div>\n\t\t\t\t<div class=\"elementor-element elementor-element-02fa5bf elementor-widget elementor-widget-text-editor\" data-id=\"02fa5bf\" data-element_type=\"widget\" data-e-type=\"widget\" data-widget_type=\"text-editor.default\">\n\t\t\t\t<div class=\"elementor-widget-container\">\n\t\t\t\t\t\t\t\t\t<p>O nosso website utiliza o Matomo, uma plataforma de an\u00e1lise web de privacidade alojada no nosso servidor. O seu endere\u00e7o IP \u00e9 an\u00f3nimo e os dados s\u00e3o utilizados exclusivamente para a otimiza\u00e7\u00e3o do nosso website. Pode opor-se \u00e0 recolha dos seus dados a qualquer momento utilizando a fun\u00e7\u00e3o de autoexclus\u00e3o abaixo:<\/p>\t\t\t\t\t\t\t\t<\/div>\n\t\t\t\t<\/div>\n\t\t\t\t<div class=\"elementor-element elementor-element-bfed17f elementor-widget elementor-widget-shortcode\" data-id=\"bfed17f\" data-element_type=\"widget\" data-e-type=\"widget\" data-widget_type=\"shortcode.default\">\n\t\t\t\t<div class=\"elementor-widget-container\">\n\t\t\t\t\t\t\t<div class=\"elementor-shortcode\"><p id=\"matomo_opted_out_intro\" style=\"display:none;\">Op\u00e7\u00e3o de autoexclus\u00e3o conclu\u00edda; As suas visitas a este website n\u00e3o s\u00e3o registadas pela ferramenta de an\u00e1lise web. Tenha em aten\u00e7\u00e3o que o cookie de desativa\u00e7\u00e3o Matomo deste website tamb\u00e9m ser\u00e1 eliminado se remover os cookies armazenados no seu navegador. Al\u00e9m disso, se estiver a utilizar um computador ou navegador Web diferente, ter\u00e1 de concluir novamente o procedimento de desativa\u00e7\u00e3o.<\/p><p id=\"matomo_opted_in_intro\" >Tem a op\u00e7\u00e3o de impedir que as a\u00e7\u00f5es tomadas por si aqui sejam analisadas e ligadas. Isto proteger\u00e1 a sua privacidade, mas tamb\u00e9m impedir\u00e1 que o propriet\u00e1rio aprenda com as suas a\u00e7\u00f5es e melhore a usabilidade para si e para outros utilizadores.<\/p><form action=\"\">\n        <input type=\"checkbox\" id=\"matomo_optout_checkbox\" checked=\"checked\"\/>\n        <label for=\"matomo_optout_checkbox\"><strong>\n        <span id=\"matomo_opted_in_label\" >A sua visita a este website \u00e9 atualmente registada pela Matomo Web Analytics. Desmarque esta caixa para opt-out.<\/span>\n\t\t<span id=\"matomo_opted_out_label\" style=\"display:none;\">A sua visita a este website n\u00e3o \u00e9 atualmente registada pela Matomo Web Analytics. Ative esta caixa de sele\u00e7\u00e3o para opt-in.<\/span>\n        <\/strong><\/label><input type=\"hidden\" name=\"etm-form-language\" value=\"pt\"\/><\/form><noscript><p><strong style=\"color: #ff0000;\">Este recurso de exclus\u00e3o requer JavaScript.<\/strong><\/p><\/noscript><p id=\"matomo_outout_err_cookies\" style=\"display: none;\"><strong>A fun\u00e7\u00e3o de desativa\u00e7\u00e3o de rastreamento requer cookies ativados.<\/strong><\/p><\/div>\n\t\t\t\t\t\t<\/div>\n\t\t\t\t<\/div>\n\t\t\t\t\t<\/div>\n\t\t\t\t<\/div>\n\t\t\t\t<\/div>","protected":false},"excerpt":{"rendered":"<p>Familieh\u00f6rbuch gGmbHOberl\u00e4nder Wall 2450678 K\u00f6ln Data Protection Officer Mr Christopher Schroerfirstbyte digital consulting e.K. Data Protection A Familienh\u00f6rbuch gGmbH leva muito a s\u00e9rio a prote\u00e7\u00e3o dos seus dados pessoais. Tratamos os seus dados pessoais de forma confidencial e de acordo com os regulamentos estatut\u00e1rios de prote\u00e7\u00e3o de dados e estas informa\u00e7\u00f5es de prote\u00e7\u00e3o de dados. A utiliza\u00e7\u00e3o do nosso website \u00e9 normalmente poss\u00edvel sem o fornecimento de dados pessoais. [\u2026]<\/p>","protected":false},"author":1,"featured_media":0,"parent":0,"menu_order":0,"comment_status":"closed","ping_status":"closed","template":"","meta":{"_acf_changed":false,"footnotes":""},"class_list":["post-356","page","type-page","status-publish","hentry"],"acf":[],"_links":{"self":[{"href":"https:\/\/familienhoerbuch.de\/pt\/wp-json\/wp\/v2\/pages\/356","targetHints":{"allow":["GET"]}}],"collection":[{"href":"https:\/\/familienhoerbuch.de\/pt\/wp-json\/wp\/v2\/pages"}],"about":[{"href":"https:\/\/familienhoerbuch.de\/pt\/wp-json\/wp\/v2\/types\/page"}],"author":[{"embeddable":true,"href":"https:\/\/familienhoerbuch.de\/pt\/wp-json\/wp\/v2\/users\/1"}],"replies":[{"embeddable":true,"href":"https:\/\/familienhoerbuch.de\/pt\/wp-json\/wp\/v2\/comments?post=356"}],"version-history":[{"count":0,"href":"https:\/\/familienhoerbuch.de\/pt\/wp-json\/wp\/v2\/pages\/356\/revisions"}],"wp:attachment":[{"href":"https:\/\/familienhoerbuch.de\/pt\/wp-json\/wp\/v2\/media?parent=356"}],"curies":[{"name":"wp","href":"https:\/\/api.w.org\/{rel}","templated":true}]}}