{"id":354,"date":"2024-09-06T14:08:37","date_gmt":"2024-09-06T12:08:37","guid":{"rendered":"https:\/\/websplash.familienhoerbuch.de\/?page_id=354"},"modified":"2025-09-01T14:59:17","modified_gmt":"2025-09-01T12:59:17","slug":"impressum","status":"publish","type":"page","link":"https:\/\/familienhoerbuch.de\/pt\/impressum\/","title":{"rendered":"Declara\u00e7\u00e3o de exonera\u00e7\u00e3o de responsabilidade"},"content":{"rendered":"<div data-elementor-type=\"wp-page\" data-elementor-id=\"354\" class=\"elementor elementor-354\" data-elementor-post-type=\"page\">\n\t\t\t\t<div class=\"elementor-element elementor-element-2193d8e e-flex e-con-boxed e-con e-parent\" data-id=\"2193d8e\" data-element_type=\"container\" data-e-type=\"container\">\n\t\t\t\t\t<div class=\"e-con-inner\">\n\t\t\t\t<div class=\"elementor-element elementor-element-4d87463 elementor-widget elementor-widget-heading\" data-id=\"4d87463\" data-element_type=\"widget\" data-e-type=\"widget\" data-widget_type=\"heading.default\">\n\t\t\t\t<div class=\"elementor-widget-container\">\n\t\t\t\t\t<h5 class=\"elementor-heading-title elementor-size-default\">Declara\u00e7\u00e3o de exonera\u00e7\u00e3o de responsabilidade<\/h5>\t\t\t\t<\/div>\n\t\t\t\t<\/div>\n\t\t\t\t<div class=\"elementor-element elementor-element-fbaf783 elementor-widget elementor-widget-heading\" data-id=\"fbaf783\" data-element_type=\"widget\" data-e-type=\"widget\" data-widget_type=\"heading.default\">\n\t\t\t\t<div class=\"elementor-widget-container\">\n\t\t\t\t\t<h5 class=\"elementor-heading-title elementor-size-default\">contacto<\/h5>\t\t\t\t<\/div>\n\t\t\t\t<\/div>\n\t\t\t\t<div class=\"elementor-element elementor-element-b64bbff elementor-widget elementor-widget-text-editor\" data-id=\"b64bbff\" data-element_type=\"widget\" data-e-type=\"widget\" data-widget_type=\"text-editor.default\">\n\t\t\t\t<div class=\"elementor-widget-container\">\n\t\t\t\t\t\t\t\t\t<p>Audiolivro familiar gGmbH<br \/>Oberl\u00e4nder Wall 24, 50678 Col\u00f3nia, Alemanha<\/p>\t\t\t\t\t\t\t\t<\/div>\n\t\t\t\t<\/div>\n\t\t\t\t<div class=\"elementor-element elementor-element-b318eb7 elementor-widget elementor-widget-text-editor\" data-id=\"b318eb7\" data-element_type=\"widget\" data-e-type=\"widget\" data-widget_type=\"text-editor.default\">\n\t\t\t\t<div class=\"elementor-widget-container\">\n\t\t\t\t\t\t\t\t\t<p>Telefone:\u00a0<a href=\"tel:+492219349301\">0221 \/ 9349301<\/a><br \/>Endere\u00e7o eletr\u00f3nico:\u00a0<a href=\"mailto:kontakt@familienhoerbuch.de\">kontakt@familienhoerbuch.de<\/a><\/p>\t\t\t\t\t\t\t\t<\/div>\n\t\t\t\t<\/div>\n\t\t\t\t<div class=\"elementor-element elementor-element-e5fa479 elementor-widget elementor-widget-heading\" data-id=\"e5fa479\" data-element_type=\"widget\" data-e-type=\"widget\" data-widget_type=\"heading.default\">\n\t\t\t\t<div class=\"elementor-widget-container\">\n\t\t\t\t\t<h5 class=\"elementor-heading-title elementor-size-default\">Obje\u00e7\u00e3o aos e-mails publicit\u00e1rios<\/h5>\t\t\t\t<\/div>\n\t\t\t\t<\/div>\n\t\t\t\t<div class=\"elementor-element elementor-element-81e901a elementor-widget elementor-widget-text-editor\" data-id=\"81e901a\" data-element_type=\"widget\" data-e-type=\"widget\" data-widget_type=\"text-editor.default\">\n\t\t\t\t<div class=\"elementor-widget-container\">\n\t\t\t\t\t\t\t\t\t<p>A utiliza\u00e7\u00e3o de dados de contacto publicados no \u00e2mbito da obriga\u00e7\u00e3o de impress\u00e3o para enviar publicidade n\u00e3o solicitada e materiais de informa\u00e7\u00e3o \u00e9 aqui oposta. Reservamo-nos expressamente o direito de tomar medidas legais em caso de envio n\u00e3o solicitado de informa\u00e7\u00f5es publicit\u00e1rias, como e-mails de spam.<\/p>\t\t\t\t\t\t\t\t<\/div>\n\t\t\t\t<\/div>\n\t\t\t\t<div class=\"elementor-element elementor-element-f302cae elementor-widget elementor-widget-heading\" data-id=\"f302cae\" data-element_type=\"widget\" data-e-type=\"widget\" data-widget_type=\"heading.default\">\n\t\t\t\t<div class=\"elementor-widget-container\">\n\t\t\t\t\t<h5 class=\"elementor-heading-title elementor-size-default\">gest\u00e3o<\/h5>\t\t\t\t<\/div>\n\t\t\t\t<\/div>\n\t\t\t\t<div class=\"elementor-element elementor-element-7acbd26 elementor-widget elementor-widget-text-editor\" data-id=\"7acbd26\" data-element_type=\"widget\" data-e-type=\"widget\" data-widget_type=\"text-editor.default\">\n\t\t\t\t<div class=\"elementor-widget-container\">\n\t\t\t\t\t\t\t\t\t<p>Judith Gr\u00fcmmer e Anne Braasch<\/p>\t\t\t\t\t\t\t\t<\/div>\n\t\t\t\t<\/div>\n\t\t\t\t<div class=\"elementor-element elementor-element-ffdc4e0 elementor-widget elementor-widget-heading\" data-id=\"ffdc4e0\" data-element_type=\"widget\" data-e-type=\"widget\" data-widget_type=\"heading.default\">\n\t\t\t\t<div class=\"elementor-widget-container\">\n\t\t\t\t\t<h5 class=\"elementor-heading-title elementor-size-default\">N\u00famero de registo<\/h5>\t\t\t\t<\/div>\n\t\t\t\t<\/div>\n\t\t\t\t<div class=\"elementor-element elementor-element-69ded5b elementor-widget elementor-widget-text-editor\" data-id=\"69ded5b\" data-element_type=\"widget\" data-e-type=\"widget\" data-widget_type=\"text-editor.default\">\n\t\t\t\t<div class=\"elementor-widget-container\">\n\t\t\t\t\t\t\t\t\t<p>HRB 99727<\/p>\t\t\t\t\t\t\t\t<\/div>\n\t\t\t\t<\/div>\n\t\t\t\t<div class=\"elementor-element elementor-element-2714778 elementor-widget elementor-widget-heading\" data-id=\"2714778\" data-element_type=\"widget\" data-e-type=\"widget\" data-widget_type=\"heading.default\">\n\t\t\t\t<div class=\"elementor-widget-container\">\n\t\t\t\t\t<h5 class=\"elementor-heading-title elementor-size-default\">Tribunal de registo<\/h5>\t\t\t\t<\/div>\n\t\t\t\t<\/div>\n\t\t\t\t<div class=\"elementor-element elementor-element-8968b58 elementor-widget elementor-widget-text-editor\" data-id=\"8968b58\" data-element_type=\"widget\" data-e-type=\"widget\" data-widget_type=\"text-editor.default\">\n\t\t\t\t<div class=\"elementor-widget-container\">\n\t\t\t\t\t\t\t\t\t<p>Tribunal Distrital de Col\u00f3nia<\/p>\t\t\t\t\t\t\t\t<\/div>\n\t\t\t\t<\/div>\n\t\t\t\t<div class=\"elementor-element elementor-element-aa85ad9 elementor-widget elementor-widget-heading\" data-id=\"aa85ad9\" data-element_type=\"widget\" data-e-type=\"widget\" data-widget_type=\"heading.default\">\n\t\t\t\t<div class=\"elementor-widget-container\">\n\t\t\t\t\t<h5 class=\"elementor-heading-title elementor-size-default\">Sede estatut\u00e1ria da empresa<\/h5>\t\t\t\t<\/div>\n\t\t\t\t<\/div>\n\t\t\t\t<div class=\"elementor-element elementor-element-f1191a6 elementor-widget elementor-widget-text-editor\" data-id=\"f1191a6\" data-element_type=\"widget\" data-e-type=\"widget\" data-widget_type=\"text-editor.default\">\n\t\t\t\t<div class=\"elementor-widget-container\">\n\t\t\t\t\t\t\t\t\t<p>Col\u00f3nia<\/p>\t\t\t\t\t\t\t\t<\/div>\n\t\t\t\t<\/div>\n\t\t\t\t<div class=\"elementor-element elementor-element-33a8164 elementor-widget elementor-widget-heading\" data-id=\"33a8164\" data-element_type=\"widget\" data-e-type=\"widget\" data-widget_type=\"heading.default\">\n\t\t\t\t<div class=\"elementor-widget-container\">\n\t\t\t\t\t<h5 class=\"elementor-heading-title elementor-size-default\">N\u00famero de identifica\u00e7\u00e3o fiscal<\/h5>\t\t\t\t<\/div>\n\t\t\t\t<\/div>\n\t\t\t\t<div class=\"elementor-element elementor-element-f72379b elementor-widget elementor-widget-text-editor\" data-id=\"f72379b\" data-element_type=\"widget\" data-e-type=\"widget\" data-widget_type=\"text-editor.default\">\n\t\t\t\t<div class=\"elementor-widget-container\">\n\t\t\t\t\t\t\t\t\t<p>214\/5855\/2466<\/p>\t\t\t\t\t\t\t\t<\/div>\n\t\t\t\t<\/div>\n\t\t\t\t<div class=\"elementor-element elementor-element-62e0d33 elementor-widget elementor-widget-heading\" data-id=\"62e0d33\" data-element_type=\"widget\" data-e-type=\"widget\" data-widget_type=\"heading.default\">\n\t\t\t\t<div class=\"elementor-widget-container\">\n\t\t\t\t\t<h5 class=\"elementor-heading-title elementor-size-default\">Resolu\u00e7\u00e3o de lit\u00edgios<\/h5>\t\t\t\t<\/div>\n\t\t\t\t<\/div>\n\t\t\t\t<div class=\"elementor-element elementor-element-c3f76a6 elementor-widget elementor-widget-text-editor\" data-id=\"c3f76a6\" data-element_type=\"widget\" data-e-type=\"widget\" data-widget_type=\"text-editor.default\">\n\t\t\t\t<div class=\"elementor-widget-container\">\n\t\t\t\t\t\t\t\t\t<p>A Comiss\u00e3o Europeia disponibiliza uma plataforma de resolu\u00e7\u00e3o de lit\u00edgios em linha (RLL):<br \/><a href=\"https:\/\/ec.europa.eu\/consumers\/odr\" target=\"_blank\" rel=\"noopener\">https:\/\/ec.europa.eu\/consumers\/odr<\/a><\/p><p>O nosso endere\u00e7o de e-mail encontra-se acima na impress\u00e3o. N\u00e3o estamos dispostos ou obrigados a participar em procedimentos de resolu\u00e7\u00e3o de lit\u00edgios perante uma comiss\u00e3o de arbitragem de consumidores.<\/p>\t\t\t\t\t\t\t\t<\/div>\n\t\t\t\t<\/div>\n\t\t\t\t<div class=\"elementor-element elementor-element-1b9dbe2 elementor-widget elementor-widget-heading\" data-id=\"1b9dbe2\" data-element_type=\"widget\" data-e-type=\"widget\" data-widget_type=\"heading.default\">\n\t\t\t\t<div class=\"elementor-widget-container\">\n\t\t\t\t\t<h5 class=\"elementor-heading-title elementor-size-default\">Responsabilidade pelo conte\u00fado<\/h5>\t\t\t\t<\/div>\n\t\t\t\t<\/div>\n\t\t\t\t<div class=\"elementor-element elementor-element-933b6ef elementor-widget elementor-widget-text-editor\" data-id=\"933b6ef\" data-element_type=\"widget\" data-e-type=\"widget\" data-widget_type=\"text-editor.default\">\n\t\t\t\t<div class=\"elementor-widget-container\">\n\t\t\t\t\t\t\t\t\t<p>Como prestador de servi\u00e7os, somos respons\u00e1veis pelo nosso pr\u00f3prio conte\u00fado nestas p\u00e1ginas de acordo com as leis gerais. No entanto, como prestador de servi\u00e7os, n\u00e3o somos obrigados a monitorar informa\u00e7\u00f5es de terceiros transmitidas ou armazenadas ou a investigar circunst\u00e2ncias que indiquem atividade ilegal. As obriga\u00e7\u00f5es de remover ou bloquear o uso de informa\u00e7\u00f5es sob as leis gerais permanecem inalteradas. No entanto, a responsabilidade a este respeito s\u00f3 \u00e9 poss\u00edvel a partir do momento em que se tenha conhecimento de uma infra\u00e7\u00e3o espec\u00edfica. Se tomarmos conhecimento de viola\u00e7\u00f5es legais correspondentes, removeremos este conte\u00fado imediatamente.<\/p>\t\t\t\t\t\t\t\t<\/div>\n\t\t\t\t<\/div>\n\t\t\t\t<div class=\"elementor-element elementor-element-0c8e1ad elementor-widget elementor-widget-heading\" data-id=\"0c8e1ad\" data-element_type=\"widget\" data-e-type=\"widget\" data-widget_type=\"heading.default\">\n\t\t\t\t<div class=\"elementor-widget-container\">\n\t\t\t\t\t<h5 class=\"elementor-heading-title elementor-size-default\">Responsabilidade por liga\u00e7\u00f5es<\/h5>\t\t\t\t<\/div>\n\t\t\t\t<\/div>\n\t\t\t\t<div class=\"elementor-element elementor-element-e667475 elementor-widget elementor-widget-text-editor\" data-id=\"e667475\" data-element_type=\"widget\" data-e-type=\"widget\" data-widget_type=\"text-editor.default\">\n\t\t\t\t<div class=\"elementor-widget-container\">\n\t\t\t\t\t\t\t\t\t<p>A nossa oferta cont\u00e9m liga\u00e7\u00f5es para websites externos de terceiros sobre cujos conte\u00fados n\u00e3o temos qualquer influ\u00eancia. Portanto, n\u00e3o podemos assumir qualquer responsabilidade por este conte\u00fado externo. O respetivo fornecedor ou operador das p\u00e1ginas \u00e9 sempre respons\u00e1vel pelo conte\u00fado das p\u00e1ginas ligadas. As p\u00e1ginas vinculadas foram verificadas quanto a poss\u00edveis viola\u00e7\u00f5es legais no momento da vincula\u00e7\u00e3o. Conte\u00fado ilegal n\u00e3o era reconhec\u00edvel no momento da liga\u00e7\u00e3o. No entanto, um controlo permanente do conte\u00fado das p\u00e1ginas ligadas n\u00e3o \u00e9 razo\u00e1vel sem indica\u00e7\u00f5es concretas de uma viola\u00e7\u00e3o da lei. Ao tomar conhecimento de viola\u00e7\u00f5es legais, eliminaremos imediatamente tais liga\u00e7\u00f5es.<\/p>\t\t\t\t\t\t\t\t<\/div>\n\t\t\t\t<\/div>\n\t\t\t\t<div class=\"elementor-element elementor-element-eb0be77 elementor-widget elementor-widget-heading\" data-id=\"eb0be77\" data-element_type=\"widget\" data-e-type=\"widget\" data-widget_type=\"heading.default\">\n\t\t\t\t<div class=\"elementor-widget-container\">\n\t\t\t\t\t<h5 class=\"elementor-heading-title elementor-size-default\">direitos de autor<\/h5>\t\t\t\t<\/div>\n\t\t\t\t<\/div>\n\t\t\t\t<div class=\"elementor-element elementor-element-0ab4d46 elementor-widget elementor-widget-text-editor\" data-id=\"0ab4d46\" data-element_type=\"widget\" data-e-type=\"widget\" data-widget_type=\"text-editor.default\">\n\t\t\t\t<div class=\"elementor-widget-container\">\n\t\t\t\t\t\t\t\t\t<p>O conte\u00fado e os trabalhos criados pelos operadores do site nestas p\u00e1ginas est\u00e3o sujeitos \u00e0 lei alem\u00e3 de direitos autorais. A reprodu\u00e7\u00e3o, processamento, distribui\u00e7\u00e3o e qualquer tipo de explora\u00e7\u00e3o fora dos limites da lei de direitos autorais requerem o consentimento por escrito do respetivo autor ou criador. Os downloads e c\u00f3pias deste site s\u00f3 s\u00e3o permitidos para utiliza\u00e7\u00e3o privada e n\u00e3o comercial.<\/p>\n<p>Na medida em que o conte\u00fado desta p\u00e1gina n\u00e3o foi criado pelo operador, os direitos autorais de terceiros s\u00e3o observados. Em particular, o conte\u00fado de terceiros \u00e9 marcado como tal. Se, no entanto, tiver conhecimento de uma viola\u00e7\u00e3o de direitos de autor, solicitamos uma notifica\u00e7\u00e3o correspondente. Ao tomar conhecimento de viola\u00e7\u00f5es legais, removeremos imediatamente tal conte\u00fado.<\/p>\t\t\t\t\t\t\t\t<\/div>\n\t\t\t\t<\/div>\n\t\t\t\t<div class=\"elementor-element elementor-element-4dcbf2d elementor-widget elementor-widget-heading\" data-id=\"4dcbf2d\" data-element_type=\"widget\" data-e-type=\"widget\" data-widget_type=\"heading.default\">\n\t\t\t\t<div class=\"elementor-widget-container\">\n\t\t\t\t\t<h5 class=\"elementor-heading-title elementor-size-default\">Direitos de autor<\/h5>\t\t\t\t<\/div>\n\t\t\t\t<\/div>\n\t\t\t\t<div class=\"elementor-element elementor-element-98d16d9 elementor-widget elementor-widget-text-editor\" data-id=\"98d16d9\" data-element_type=\"widget\" data-e-type=\"widget\" data-widget_type=\"text-editor.default\">\n\t\t\t\t<div class=\"elementor-widget-container\">\n\t\t\t\t\t\t\t\t\t<p>Todos os direitos reservados. O conte\u00fado fornecido aqui \u00e9 apenas para informa\u00e7\u00f5es pessoais. Qualquer c\u00f3pia ou publica\u00e7\u00e3o \u00e9 proibida, salvo indica\u00e7\u00e3o em contr\u00e1rio no respetivo local.<\/p><p>\u00a9 Fotografias \u00abHome\u00bb e \u00abMy way to the family audiobook\u00bb (O meu caminho para o audiolivro familiar): <a href=\"https:\/\/www.selinapfruener.de\/\">Selina Pfr\u00fcner Col\u00f3nia<\/a><\/p><p>\u00a9 Retratos de equipa com fundo preto: <a href=\"https:\/\/www.fahrisarimese.com\/\">Fahri S. Sarimese de Col\u00f3nia<\/a><\/p><p>Imagens complementares: Canva<\/p><p>Estado da impress\u00e3o: 01.07.2025<\/p>\t\t\t\t\t\t\t\t<\/div>\n\t\t\t\t<\/div>\n\t\t\t\t\t<\/div>\n\t\t\t\t<\/div>\n\t\t\t\t<\/div>","protected":false},"excerpt":{"rendered":"<p>Impress\u00e3o Contacto Fam\u00edlia audiobook gGmbHOberl\u00e4nder Wall 24, 50678 Col\u00f3nia Telefone:\u00a00221 \/ 9349301E-mail:\u00a0kontakt@familienhoerbuch.de Obje\u00e7\u00e3o a e-mails publicit\u00e1rios O uso de dados de contacto publicados no \u00e2mbito da obriga\u00e7\u00e3o de impress\u00e3o para enviar publicidade n\u00e3o solicitada e materiais de informa\u00e7\u00e3o \u00e9 aqui objeto de obje\u00e7\u00e3o. Reservamo-nos expressamente o direito de tomar medidas legais em caso de envio n\u00e3o solicitado de informa\u00e7\u00f5es publicit\u00e1rias, como e-mails de spam. 1 - Judith Gr\u00fcmmer, [\u2026]<\/p>","protected":false},"author":1,"featured_media":0,"parent":0,"menu_order":0,"comment_status":"closed","ping_status":"closed","template":"","meta":{"_acf_changed":false,"footnotes":""},"class_list":["post-354","page","type-page","status-publish","hentry"],"acf":[],"_links":{"self":[{"href":"https:\/\/familienhoerbuch.de\/pt\/wp-json\/wp\/v2\/pages\/354","targetHints":{"allow":["GET"]}}],"collection":[{"href":"https:\/\/familienhoerbuch.de\/pt\/wp-json\/wp\/v2\/pages"}],"about":[{"href":"https:\/\/familienhoerbuch.de\/pt\/wp-json\/wp\/v2\/types\/page"}],"author":[{"embeddable":true,"href":"https:\/\/familienhoerbuch.de\/pt\/wp-json\/wp\/v2\/users\/1"}],"replies":[{"embeddable":true,"href":"https:\/\/familienhoerbuch.de\/pt\/wp-json\/wp\/v2\/comments?post=354"}],"version-history":[{"count":0,"href":"https:\/\/familienhoerbuch.de\/pt\/wp-json\/wp\/v2\/pages\/354\/revisions"}],"wp:attachment":[{"href":"https:\/\/familienhoerbuch.de\/pt\/wp-json\/wp\/v2\/media?parent=354"}],"curies":[{"name":"wp","href":"https:\/\/api.w.org\/{rel}","templated":true}]}}