{"id":14714,"date":"2026-03-25T17:13:42","date_gmt":"2026-03-25T16:13:42","guid":{"rendered":"https:\/\/familienhoerbuch.de\/?page_id=14714"},"modified":"2026-03-26T10:50:41","modified_gmt":"2026-03-26T09:50:41","slug":"werte","status":"publish","type":"page","link":"https:\/\/familienhoerbuch.de\/pt\/werte\/","title":{"rendered":"Valores e declara\u00e7\u00e3o de miss\u00e3o"},"content":{"rendered":"<div data-elementor-type=\"wp-page\" data-elementor-id=\"14714\" class=\"elementor elementor-14714\" data-elementor-post-type=\"page\">\n\t\t\t\t<div class=\"elementor-element elementor-element-44eee89 e-flex e-con-boxed e-con e-parent\" data-id=\"44eee89\" data-element_type=\"container\" data-e-type=\"container\">\n\t\t\t\t\t<div class=\"e-con-inner\">\n\t\t\t\t<div class=\"elementor-element elementor-element-3df6e87 elementor-widget elementor-widget-heading\" data-id=\"3df6e87\" data-element_type=\"widget\" data-e-type=\"widget\" data-widget_type=\"heading.default\">\n\t\t\t\t<div class=\"elementor-widget-container\">\n\t\t\t\t\t<h2 class=\"elementor-heading-title elementor-size-default\">O que defendemos<\/h2>\t\t\t\t<\/div>\n\t\t\t\t<\/div>\n\t\t\t\t\t<\/div>\n\t\t\t\t<\/div>\n\t\t<div class=\"elementor-element elementor-element-b1ba08f e-flex e-con-boxed e-con e-parent\" data-id=\"b1ba08f\" data-element_type=\"container\" data-e-type=\"container\">\n\t\t\t\t\t<div class=\"e-con-inner\">\n\t\t<div class=\"elementor-element elementor-element-8702167 e-con-full e-flex e-con e-child\" data-id=\"8702167\" data-element_type=\"container\" data-e-type=\"container\">\n\t\t\t\t<div class=\"elementor-element elementor-element-cb8cbdf elementor-widget elementor-widget-heading\" data-id=\"cb8cbdf\" data-element_type=\"widget\" data-e-type=\"widget\" data-widget_type=\"heading.default\">\n\t\t\t\t<div class=\"elementor-widget-container\">\n\t\t\t\t\t<h4 class=\"elementor-heading-title elementor-size-default\">O audiolivro da fam\u00edlia<\/h4>\t\t\t\t<\/div>\n\t\t\t\t<\/div>\n\t\t\t\t<div class=\"elementor-element elementor-element-aae8114 elementor-widget elementor-widget-text-editor\" data-id=\"aae8114\" data-element_type=\"widget\" data-e-type=\"widget\" data-widget_type=\"text-editor.default\">\n\t\t\t\t<div class=\"elementor-widget-container\">\n\t\t\t\t\t\t\t\t\t<p>A Familienh\u00f6rbuch gGmbH \u00e9 uma organiza\u00e7\u00e3o independente e sem fins lucrativos com sede em Col\u00f3nia. Desde 2019, produzimos audiolivros biogr\u00e1ficos profissionais para pais gravemente doentes com filhos menores de idade. Um audiolivro familiar \u00e9 um presente futuro para as crian\u00e7as que \u00f3rf\u00e3s cedo. Quando um pai fica gravemente doente e o adeus se torna inevit\u00e1vel, as crian\u00e7as e as fam\u00edlias est\u00e3o sob alta tens\u00e3o emocional. Nesta situa\u00e7\u00e3o, permitimos que m\u00e3es e pais contem a sua hist\u00f3ria de vida como um audiolivro produzido profissionalmente. Isto cria uma mem\u00f3ria duradoura para as crian\u00e7as.<br \/><br \/>A t\u00f3nica \u00e9 colocada no trabalho biogr\u00e1fico. Os pais deixam para tr\u00e1s a sua hist\u00f3ria de vida, experi\u00eancias formativas, valores e mensagens pessoais. O audiolivro \u00e9 preservado permanentemente como uma voz aut\u00eantica. As m\u00e3es e os pais s\u00e3o acompanhados por audiobi\u00f3grafos profissionais e fotografia de design: Selina Pfr\u00fcner O audiolivro da fam\u00edlia para crian\u00e7as de pais gravemente doentes seu audiolivro individualmente. Escolhe mem\u00f3rias, m\u00fasica ou textos e pode falar ou cantar em diferentes l\u00ednguas. As l\u00ednguas de origem e os h\u00e1bitos lingu\u00edsticos familiares continuam a ser aud\u00edveis e ajudam as crian\u00e7as a manter a sua identidade cultural e familiar.<\/p>\t\t\t\t\t\t\t\t<\/div>\n\t\t\t\t<\/div>\n\t\t\t\t<\/div>\n\t\t<div class=\"elementor-element elementor-element-3f4c26b e-con-full e-flex e-con e-child\" data-id=\"3f4c26b\" data-element_type=\"container\" data-e-type=\"container\">\n\t\t\t\t<div class=\"elementor-element elementor-element-d9e4c04 elementor-widget elementor-widget-image\" data-id=\"d9e4c04\" data-element_type=\"widget\" data-e-type=\"widget\" data-widget_type=\"image.default\">\n\t\t\t\t<div class=\"elementor-widget-container\">\n\t\t\t\t\t\t\t\t\t\t\t\t\t\t\t\t<a href=\"https:\/\/familienhoerbuch.de\/wp-content\/uploads\/2026\/03\/Familienhoerbuch-20250213-Lena-045.jpg\" data-elementor-open-lightbox=\"no\">\n\t\t\t\t\t\t\t<img fetchpriority=\"high\" decoding=\"async\" width=\"500\" height=\"749\" src=\"https:\/\/familienhoerbuch.de\/wp-content\/uploads\/2026\/03\/Familienhoerbuch-20250213-Lena-045.jpg\" class=\"attachment-large size-large wp-image-14677\" alt=\"\" srcset=\"https:\/\/familienhoerbuch.de\/wp-content\/uploads\/2026\/03\/Familienhoerbuch-20250213-Lena-045.jpg 500w, https:\/\/familienhoerbuch.de\/wp-content\/uploads\/2026\/03\/Familienhoerbuch-20250213-Lena-045-200x300.jpg 200w\" sizes=\"(max-width: 500px) 100vw, 500px\" \/>\t\t\t\t\t\t\t\t<\/a>\n\t\t\t\t\t\t\t\t\t\t\t\t\t\t\t<\/div>\n\t\t\t\t<\/div>\n\t\t\t\t<\/div>\n\t\t\t\t\t<\/div>\n\t\t\t\t<\/div>\n\t\t<div class=\"elementor-element elementor-element-96a3776 e-flex e-con-boxed e-con e-parent\" data-id=\"96a3776\" data-element_type=\"container\" data-e-type=\"container\">\n\t\t\t\t\t<div class=\"e-con-inner\">\n\t\t<div class=\"elementor-element elementor-element-bd751ff e-con-full e-flex e-con e-child\" data-id=\"bd751ff\" data-element_type=\"container\" data-e-type=\"container\">\n\t\t\t\t<div class=\"elementor-element elementor-element-1eb6f5e elementor-position-left elementor-vertical-align-middle elementor-position-top elementor-widget elementor-widget-image-box\" data-id=\"1eb6f5e\" data-element_type=\"widget\" data-e-type=\"widget\" data-widget_type=\"image-box.default\">\n\t\t\t\t<div class=\"elementor-widget-container\">\n\t\t\t\t\t<div class=\"elementor-image-box-wrapper\"><figure class=\"elementor-image-box-img\"><img decoding=\"async\" width=\"249\" height=\"277\" src=\"https:\/\/familienhoerbuch.de\/wp-content\/uploads\/2026\/03\/Mikrophon.png\" class=\"attachment-full size-full wp-image-14678\" alt=\"\" \/><\/figure><div class=\"elementor-image-box-content\"><p class=\"elementor-image-box-description\">Trabalhamos com bi\u00f3grafos de \u00e1udio treinados e designers de som profissionais. As discuss\u00f5es s\u00e3o estruturadas jornalisticamente, acompanhadas profissionalmente e implementadas em tecnologia de \u00e1udio de alta qualidade. O contador de hist\u00f3rias decide o que quer partilhar. O poder da interpreta\u00e7\u00e3o cabe apenas aos participantes. A produ\u00e7\u00e3o realiza-se individualmente e \u00e9 orientada para o ambiente de vida da crian\u00e7a e da sua fam\u00edlia.<\/p><\/div><\/div>\t\t\t\t<\/div>\n\t\t\t\t<\/div>\n\t\t\t\t<div class=\"elementor-element elementor-element-d21e6ae elementor-position-left elementor-vertical-align-middle elementor-position-top elementor-widget elementor-widget-image-box\" data-id=\"d21e6ae\" data-element_type=\"widget\" data-e-type=\"widget\" data-widget_type=\"image-box.default\">\n\t\t\t\t<div class=\"elementor-widget-container\">\n\t\t\t\t\t<div class=\"elementor-image-box-wrapper\"><figure class=\"elementor-image-box-img\"><img decoding=\"async\" width=\"232\" height=\"196\" src=\"https:\/\/familienhoerbuch.de\/wp-content\/uploads\/2026\/03\/Herz-4.png\" class=\"attachment-full size-full wp-image-14641\" alt=\"\" \/><\/figure><div class=\"elementor-image-box-content\"><p class=\"elementor-image-box-description\">A oferta \u00e9 gratuita e \u00e9 financiada exclusivamente por donativos. Isto d\u00e1 acesso a todas as fam\u00edlias, independentemente da sua origem, rendimento ou situa\u00e7\u00e3o social.<\/p><\/div><\/div>\t\t\t\t<\/div>\n\t\t\t\t<\/div>\n\t\t\t\t<\/div>\n\t\t\t\t\t<\/div>\n\t\t\t\t<\/div>\n\t\t\t\t<\/div>","protected":false},"excerpt":{"rendered":"<p>A Familienh\u00f6rbuch gGmbH \u00e9 uma organiza\u00e7\u00e3o independente e sem fins lucrativos com sede em Col\u00f3nia, Alemanha. Desde 2019, produzimos audiolivros biogr\u00e1ficos profissionais para pais gravemente doentes com filhos menores de idade. Um audiolivro familiar \u00e9 um presente futuro para as crian\u00e7as que \u00f3rf\u00e3s cedo. Quando um pai fica gravemente doente e o adeus se torna inevit\u00e1vel, as crian\u00e7as e [\u2026]<\/p>","protected":false},"author":7,"featured_media":0,"parent":0,"menu_order":0,"comment_status":"closed","ping_status":"closed","template":"","meta":{"_acf_changed":false,"footnotes":""},"class_list":["post-14714","page","type-page","status-publish","hentry"],"acf":[],"_links":{"self":[{"href":"https:\/\/familienhoerbuch.de\/pt\/wp-json\/wp\/v2\/pages\/14714","targetHints":{"allow":["GET"]}}],"collection":[{"href":"https:\/\/familienhoerbuch.de\/pt\/wp-json\/wp\/v2\/pages"}],"about":[{"href":"https:\/\/familienhoerbuch.de\/pt\/wp-json\/wp\/v2\/types\/page"}],"author":[{"embeddable":true,"href":"https:\/\/familienhoerbuch.de\/pt\/wp-json\/wp\/v2\/users\/7"}],"replies":[{"embeddable":true,"href":"https:\/\/familienhoerbuch.de\/pt\/wp-json\/wp\/v2\/comments?post=14714"}],"version-history":[{"count":0,"href":"https:\/\/familienhoerbuch.de\/pt\/wp-json\/wp\/v2\/pages\/14714\/revisions"}],"wp:attachment":[{"href":"https:\/\/familienhoerbuch.de\/pt\/wp-json\/wp\/v2\/media?parent=14714"}],"curies":[{"name":"wp","href":"https:\/\/api.w.org\/{rel}","templated":true}]}}