{"id":13777,"date":"2026-01-05T09:28:38","date_gmt":"2026-01-05T08:28:38","guid":{"rendered":"https:\/\/familienhoerbuch.de\/?page_id=13777"},"modified":"2026-02-26T10:11:45","modified_gmt":"2026-02-26T09:11:45","slug":"unternehmenspartnerschaft","status":"publish","type":"page","link":"https:\/\/familienhoerbuch.de\/pt\/unternehmenspartnerschaft\/","title":{"rendered":"Sociedade em nome coletivo"},"content":{"rendered":"<div data-elementor-type=\"wp-page\" data-elementor-id=\"13777\" class=\"elementor elementor-13777\" data-elementor-post-type=\"page\">\n\t\t\t\t<div class=\"elementor-element elementor-element-37f1059 e-flex e-con-boxed e-con e-parent\" data-id=\"37f1059\" data-element_type=\"container\" data-e-type=\"container\">\n\t\t\t\t\t<div class=\"e-con-inner\">\n\t\t<div class=\"elementor-element elementor-element-c250b07 e-con-full e-flex e-con e-child\" data-id=\"c250b07\" data-element_type=\"container\" data-e-type=\"container\">\n\t\t\t\t<div class=\"elementor-element elementor-element-4f0c0b7 elementor-widget elementor-widget-heading\" data-id=\"4f0c0b7\" data-element_type=\"widget\" data-e-type=\"widget\" data-widget_type=\"heading.default\">\n\t\t\t\t<div class=\"elementor-widget-container\">\n\t\t\t\t\t<h4 class=\"elementor-heading-title elementor-size-default\">Tornar-se uma empresa familiar parceira de audiolivros<\/h4>\t\t\t\t<\/div>\n\t\t\t\t<\/div>\n\t\t\t\t<div class=\"elementor-element elementor-element-5c8a9ba elementor-widget elementor-widget-text-editor\" data-id=\"5c8a9ba\" data-element_type=\"widget\" data-e-type=\"widget\" data-widget_type=\"text-editor.default\">\n\t\t\t\t<div class=\"elementor-widget-container\">\n\t\t\t\t\t\t\t\t\t<p>Como empresa parceira da Familienh\u00f6rbuch gGmbH, d\u00e1s presentes a crian\u00e7as cujos pais estiveram doentes durante um curto per\u00edodo de tempo, que <strong>Capacidade de manter a voz da m\u00e3e ou do pai para sempre<\/strong>. O audiolivro contado com amor torna-se uma lembran\u00e7a preciosa para estas crian\u00e7as, dando-lhes conforto, orienta\u00e7\u00e3o e proximidade para toda a vida.<\/p>\t\t\t\t\t\t\t\t<\/div>\n\t\t\t\t<\/div>\n\t\t\t\t<\/div>\n\t\t<div class=\"elementor-element elementor-element-2f2e0c7 e-con-full e-flex e-con e-child\" data-id=\"2f2e0c7\" data-element_type=\"container\" data-e-type=\"container\">\n\t\t\t\t<div class=\"elementor-element elementor-element-d4fad0e elementor-widget elementor-widget-image\" data-id=\"d4fad0e\" data-element_type=\"widget\" data-e-type=\"widget\" data-widget_type=\"image.default\">\n\t\t\t\t<div class=\"elementor-widget-container\">\n\t\t\t\t\t\t\t\t\t\t\t\t\t\t\t<img fetchpriority=\"high\" decoding=\"async\" width=\"600\" height=\"400\" src=\"https:\/\/familienhoerbuch.de\/wp-content\/uploads\/2026\/02\/partnerschaft-bild.png\" class=\"attachment-large size-large wp-image-14080\" alt=\"\" srcset=\"https:\/\/familienhoerbuch.de\/wp-content\/uploads\/2026\/02\/partnerschaft-bild.png 600w, https:\/\/familienhoerbuch.de\/wp-content\/uploads\/2026\/02\/partnerschaft-bild-300x200.png 300w\" sizes=\"(max-width: 600px) 100vw, 600px\" \/>\t\t\t\t\t\t\t\t\t\t\t\t\t\t\t<\/div>\n\t\t\t\t<\/div>\n\t\t\t\t<\/div>\n\t\t\t\t\t<\/div>\n\t\t\t\t<\/div>\n\t\t<div class=\"elementor-element elementor-element-14762cf e-flex e-con-boxed e-con e-parent\" data-id=\"14762cf\" data-element_type=\"container\" data-e-type=\"container\">\n\t\t\t\t\t<div class=\"e-con-inner\">\n\t\t\t\t<div class=\"elementor-element elementor-element-05c55b0 elementor-position-left elementor-vertical-align-middle elementor-widget elementor-widget-image-box\" data-id=\"05c55b0\" data-element_type=\"widget\" data-e-type=\"widget\" data-widget_type=\"image-box.default\">\n\t\t\t\t<div class=\"elementor-widget-container\">\n\t\t\t\t\t<div class=\"elementor-image-box-wrapper\"><figure class=\"elementor-image-box-img\"><img decoding=\"async\" width=\"354\" height=\"315\" src=\"https:\/\/familienhoerbuch.de\/wp-content\/uploads\/2026\/02\/Hand-1.png\" class=\"attachment-full size-full wp-image-14084\" alt=\"\" srcset=\"https:\/\/familienhoerbuch.de\/wp-content\/uploads\/2026\/02\/Hand-1.png 354w, https:\/\/familienhoerbuch.de\/wp-content\/uploads\/2026\/02\/Hand-1-300x267.png 300w\" sizes=\"(max-width: 354px) 100vw, 354px\" \/><\/figure><div class=\"elementor-image-box-content\"><h5 class=\"elementor-image-box-title\">\u00abUm audiolivro familiar significa ligar-se e manter-se ligado.\u00bb<\/h5><p class=\"elementor-image-box-description\">Urs M\u00fcnch, psic\u00f3logo, psicoterapeuta, antigo vice-presidente da DGP<\/p><\/div><\/div>\t\t\t\t<\/div>\n\t\t\t\t<\/div>\n\t\t\t\t\t<\/div>\n\t\t\t\t<\/div>\n\t\t<div class=\"elementor-element elementor-element-6e4b840 e-flex e-con-boxed e-con e-parent\" data-id=\"6e4b840\" data-element_type=\"container\" data-e-type=\"container\" data-settings=\"{&quot;background_background&quot;:&quot;classic&quot;}\">\n\t\t\t\t\t<div class=\"e-con-inner\">\n\t\t<div class=\"elementor-element elementor-element-d438ceb e-con-full e-flex e-con e-child\" data-id=\"d438ceb\" data-element_type=\"container\" data-e-type=\"container\">\n\t\t\t\t<div class=\"elementor-element elementor-element-deeae6d elementor-widget elementor-widget-heading\" data-id=\"deeae6d\" data-element_type=\"widget\" data-e-type=\"widget\" data-widget_type=\"heading.default\">\n\t\t\t\t<div class=\"elementor-widget-container\">\n\t\t\t\t\t<h4 class=\"elementor-heading-title elementor-size-default\">\u00c9 assim que funciona a sua doa\u00e7\u00e3o<\/h4>\t\t\t\t<\/div>\n\t\t\t\t<\/div>\n\t\t<div class=\"elementor-element elementor-element-cc6385f e-grid e-con-full e-con e-child\" data-id=\"cc6385f\" data-element_type=\"container\" data-e-type=\"container\">\n\t\t\t\t<div class=\"elementor-element elementor-element-b4a2387 elementor-position-left elementor-vertical-align-middle elementor-widget elementor-widget-image-box\" data-id=\"b4a2387\" data-element_type=\"widget\" data-e-type=\"widget\" data-widget_type=\"image-box.default\">\n\t\t\t\t<div class=\"elementor-widget-container\">\n\t\t\t\t\t<div class=\"elementor-image-box-wrapper\"><figure class=\"elementor-image-box-img\"><img decoding=\"async\" width=\"230\" height=\"230\" src=\"https:\/\/familienhoerbuch.de\/wp-content\/uploads\/2026\/02\/Haende_mit_Herz-7.png\" class=\"attachment-full size-full wp-image-14102\" alt=\"\" srcset=\"https:\/\/familienhoerbuch.de\/wp-content\/uploads\/2026\/02\/Haende_mit_Herz-7.png 230w, https:\/\/familienhoerbuch.de\/wp-content\/uploads\/2026\/02\/Haende_mit_Herz-7-150x150.png 150w\" sizes=\"(max-width: 230px) 100vw, 230px\" \/><\/figure><div class=\"elementor-image-box-content\"><p class=\"elementor-image-box-description\"><b>6000 euros<\/b> permitir um audiolivro familiar completo para uma crian\u00e7a \u2013 acompanhado com carinho e produzido profissionalmente.<\/p><\/div><\/div>\t\t\t\t<\/div>\n\t\t\t\t<\/div>\n\t\t\t\t<div class=\"elementor-element elementor-element-9dc6560 elementor-position-left elementor-vertical-align-middle elementor-widget elementor-widget-image-box\" data-id=\"9dc6560\" data-element_type=\"widget\" data-e-type=\"widget\" data-widget_type=\"image-box.default\">\n\t\t\t\t<div class=\"elementor-widget-container\">\n\t\t\t\t\t<div class=\"elementor-image-box-wrapper\"><figure class=\"elementor-image-box-img\"><img loading=\"lazy\" decoding=\"async\" width=\"230\" height=\"230\" src=\"https:\/\/familienhoerbuch.de\/wp-content\/uploads\/2026\/02\/Geschenk-3.png\" class=\"attachment-full size-full wp-image-14103\" alt=\"\" srcset=\"https:\/\/familienhoerbuch.de\/wp-content\/uploads\/2026\/02\/Geschenk-3.png 230w, https:\/\/familienhoerbuch.de\/wp-content\/uploads\/2026\/02\/Geschenk-3-150x150.png 150w\" sizes=\"(max-width: 230px) 100vw, 230px\" \/><\/figure><div class=\"elementor-image-box-content\"><p class=\"elementor-image-box-description\"><b>10 000 euros<\/b> estruturas seguras a longo prazo, a fim de poder dar este presente a outras crian\u00e7as.<\/p><\/div><\/div>\t\t\t\t<\/div>\n\t\t\t\t<\/div>\n\t\t\t\t<\/div>\n\t\t\t\t<\/div>\n\t\t\t\t\t<\/div>\n\t\t\t\t<\/div>\n\t\t<div class=\"elementor-element elementor-element-c6343ca e-flex e-con-boxed e-con e-parent\" data-id=\"c6343ca\" data-element_type=\"container\" data-e-type=\"container\">\n\t\t\t\t\t<div class=\"e-con-inner\">\n\t\t<div class=\"elementor-element elementor-element-b8c17ce e-con-full e-flex e-con e-child\" data-id=\"b8c17ce\" data-element_type=\"container\" data-e-type=\"container\">\n\t\t\t\t<div class=\"elementor-element elementor-element-04acf1d elementor-widget elementor-widget-image\" data-id=\"04acf1d\" data-element_type=\"widget\" data-e-type=\"widget\" data-widget_type=\"image.default\">\n\t\t\t\t<div class=\"elementor-widget-container\">\n\t\t\t\t\t\t\t\t\t\t\t\t\t\t\t<img loading=\"lazy\" decoding=\"async\" width=\"600\" height=\"400\" src=\"https:\/\/familienhoerbuch.de\/wp-content\/uploads\/2026\/02\/partnerschaft-bild2.jpg\" class=\"attachment-large size-large wp-image-14086\" alt=\"\" srcset=\"https:\/\/familienhoerbuch.de\/wp-content\/uploads\/2026\/02\/partnerschaft-bild2.jpg 600w, https:\/\/familienhoerbuch.de\/wp-content\/uploads\/2026\/02\/partnerschaft-bild2-300x200.jpg 300w\" sizes=\"(max-width: 600px) 100vw, 600px\" \/>\t\t\t\t\t\t\t\t\t\t\t\t\t\t\t<\/div>\n\t\t\t\t<\/div>\n\t\t\t\t<\/div>\n\t\t<div class=\"elementor-element elementor-element-cb89069 e-con-full e-flex e-con e-child\" data-id=\"cb89069\" data-element_type=\"container\" data-e-type=\"container\">\n\t\t\t\t<div class=\"elementor-element elementor-element-89cdeae elementor-widget elementor-widget-heading\" data-id=\"89cdeae\" data-element_type=\"widget\" data-e-type=\"widget\" data-widget_type=\"heading.default\">\n\t\t\t\t<div class=\"elementor-widget-container\">\n\t\t\t\t\t<h4 class=\"elementor-heading-title elementor-size-default\">O audiolivro da fam\u00edlia<\/h4>\t\t\t\t<\/div>\n\t\t\t\t<\/div>\n\t\t\t\t<div class=\"elementor-element elementor-element-986fc09 elementor-widget elementor-widget-text-editor\" data-id=\"986fc09\" data-element_type=\"widget\" data-e-type=\"widget\" data-widget_type=\"text-editor.default\">\n\t\t\t\t<div class=\"elementor-widget-container\">\n\t\t\t\t\t\t\t\t\t<ul><li>foi fundada em 2019 como uma organiza\u00e7\u00e3o sem fins lucrativos com os seguintes objetivos estatut\u00e1rios:<ul><li>Promo\u00e7\u00e3o da ci\u00eancia e da investiga\u00e7\u00e3o (artigo 52.o, n.o 2, ponto 1, do AO)<\/li><li>Promo\u00e7\u00e3o da sa\u00fade p\u00fablica e dos cuidados de sa\u00fade p\u00fablicos (artigo 52.o, n.o 2, ponto 3, do AO)<\/li><li>fins caritativos na ace\u00e7\u00e3o do \u00a7 53, n.o 1, ponto 1, do AO<\/li><\/ul><\/li><li>Colmatar uma lacuna existente no sistema de sa\u00fade<\/li><li>Apoiar as fam\u00edlias na forma de dizer adeus<\/li><li>Cria liga\u00e7\u00f5es para al\u00e9m da morte<\/li><\/ul>\t\t\t\t\t\t\t\t<\/div>\n\t\t\t\t<\/div>\n\t\t\t\t<\/div>\n\t\t\t\t\t<\/div>\n\t\t\t\t<\/div>\n\t\t<div class=\"elementor-element elementor-element-25a1deb e-flex e-con-boxed e-con e-parent\" data-id=\"25a1deb\" data-element_type=\"container\" data-e-type=\"container\" data-settings=\"{&quot;background_background&quot;:&quot;classic&quot;}\">\n\t\t\t\t\t<div class=\"e-con-inner\">\n\t\t<div class=\"elementor-element elementor-element-a8b6679 e-con-full e-flex e-con e-child\" data-id=\"a8b6679\" data-element_type=\"container\" data-e-type=\"container\">\n\t\t\t\t<div class=\"elementor-element elementor-element-78a6b85 elementor-widget elementor-widget-heading\" data-id=\"78a6b85\" data-element_type=\"widget\" data-e-type=\"widget\" data-widget_type=\"heading.default\">\n\t\t\t\t<div class=\"elementor-widget-container\">\n\t\t\t\t\t<h4 class=\"elementor-heading-title elementor-size-default\">O seu pacote de comunica\u00e7\u00e3o<\/h4>\t\t\t\t<\/div>\n\t\t\t\t<\/div>\n\t\t\t\t<div class=\"elementor-element elementor-element-f304e1b elementor-widget elementor-widget-text-editor\" data-id=\"f304e1b\" data-element_type=\"widget\" data-e-type=\"widget\" data-widget_type=\"text-editor.default\">\n\t\t\t\t<div class=\"elementor-widget-container\">\n\t\t\t\t\t\t\t\t\t<p>Com estes materiais de comunica\u00e7\u00e3o, pode mostrar o que a sua empresa representa com a parceria. Seja no seu s\u00edtio Web ou numa carta pessoal: \u00c9 assim que vais <strong>Compromisso vis\u00edvel aos clientes, funcion\u00e1rios e parceiros de neg\u00f3cios<\/strong>. Para o uso, fazemos um acordo escrito conjunto e concordamos individualmente. Na apresenta\u00e7\u00e3o p\u00fablica, a causa comum deve estar em primeiro plano, para que a parceria n\u00e3o possa ser utilizada para publicidade de produtos ou numa campanha de marketing.<\/p>\t\t\t\t\t\t\t\t<\/div>\n\t\t\t\t<\/div>\n\t\t\t\t<\/div>\n\t\t<div class=\"elementor-element elementor-element-c3074fa e-grid e-con-full e-con e-child\" data-id=\"c3074fa\" data-element_type=\"container\" data-e-type=\"container\">\n\t\t\t\t<div class=\"elementor-element elementor-element-42f8d92 elementor-position-top elementor-widget elementor-widget-image-box\" data-id=\"42f8d92\" data-element_type=\"widget\" data-e-type=\"widget\" data-widget_type=\"image-box.default\">\n\t\t\t\t<div class=\"elementor-widget-container\">\n\t\t\t\t\t<div class=\"elementor-image-box-wrapper\"><figure class=\"elementor-image-box-img\"><img loading=\"lazy\" decoding=\"async\" width=\"424\" height=\"424\" src=\"https:\/\/familienhoerbuch.de\/wp-content\/uploads\/2026\/02\/Partner-Logo.png\" class=\"attachment-full size-full wp-image-14093\" alt=\"\" srcset=\"https:\/\/familienhoerbuch.de\/wp-content\/uploads\/2026\/02\/Partner-Logo.png 424w, https:\/\/familienhoerbuch.de\/wp-content\/uploads\/2026\/02\/Partner-Logo-300x300.png 300w, https:\/\/familienhoerbuch.de\/wp-content\/uploads\/2026\/02\/Partner-Logo-150x150.png 150w\" sizes=\"(max-width: 424px) 100vw, 424px\" \/><\/figure><div class=\"elementor-image-box-content\"><h6 class=\"elementor-image-box-title\">Log\u00f3tipo do parceiro individual 2026<\/h6><\/div><\/div>\t\t\t\t<\/div>\n\t\t\t\t<\/div>\n\t\t\t\t<div class=\"elementor-element elementor-element-d37f990 elementor-position-top elementor-widget elementor-widget-image-box\" data-id=\"d37f990\" data-element_type=\"widget\" data-e-type=\"widget\" data-widget_type=\"image-box.default\">\n\t\t\t\t<div class=\"elementor-widget-container\">\n\t\t\t\t\t<div class=\"elementor-image-box-wrapper\"><figure class=\"elementor-image-box-img\"><img loading=\"lazy\" decoding=\"async\" width=\"300\" height=\"301\" src=\"https:\/\/familienhoerbuch.de\/wp-content\/uploads\/2026\/02\/Website-Banner.png\" class=\"attachment-full size-full wp-image-14096\" alt=\"\" srcset=\"https:\/\/familienhoerbuch.de\/wp-content\/uploads\/2026\/02\/Website-Banner.png 300w, https:\/\/familienhoerbuch.de\/wp-content\/uploads\/2026\/02\/Website-Banner-150x150.png 150w\" sizes=\"(max-width: 300px) 100vw, 300px\" \/><\/figure><div class=\"elementor-image-box-content\"><h6 class=\"elementor-image-box-title\">Faixas publicit\u00e1rias de s\u00edtios Web<\/h6><\/div><\/div>\t\t\t\t<\/div>\n\t\t\t\t<\/div>\n\t\t\t\t<div class=\"elementor-element elementor-element-03ab606 elementor-position-top elementor-widget elementor-widget-image-box\" data-id=\"03ab606\" data-element_type=\"widget\" data-e-type=\"widget\" data-widget_type=\"image-box.default\">\n\t\t\t\t<div class=\"elementor-widget-container\">\n\t\t\t\t\t<div class=\"elementor-image-box-wrapper\"><figure class=\"elementor-image-box-img\"><img loading=\"lazy\" decoding=\"async\" width=\"292\" height=\"291\" src=\"https:\/\/familienhoerbuch.de\/wp-content\/uploads\/2026\/02\/Ansprechperson.png\" class=\"attachment-full size-full wp-image-14091\" alt=\"\" srcset=\"https:\/\/familienhoerbuch.de\/wp-content\/uploads\/2026\/02\/Ansprechperson.png 292w, https:\/\/familienhoerbuch.de\/wp-content\/uploads\/2026\/02\/Ansprechperson-150x150.png 150w\" sizes=\"(max-width: 292px) 100vw, 292px\" \/><\/figure><div class=\"elementor-image-box-content\"><h6 class=\"elementor-image-box-title\">pessoa de contacto pessoal<\/h6><\/div><\/div>\t\t\t\t<\/div>\n\t\t\t\t<\/div>\n\t\t\t\t<div class=\"elementor-element elementor-element-6101c3a elementor-position-top elementor-widget elementor-widget-image-box\" data-id=\"6101c3a\" data-element_type=\"widget\" data-e-type=\"widget\" data-widget_type=\"image-box.default\">\n\t\t\t\t<div class=\"elementor-widget-container\">\n\t\t\t\t\t<div class=\"elementor-image-box-wrapper\"><figure class=\"elementor-image-box-img\"><img loading=\"lazy\" decoding=\"async\" width=\"240\" height=\"240\" src=\"https:\/\/familienhoerbuch.de\/wp-content\/uploads\/2026\/02\/SoME-Visuals.png\" class=\"attachment-full size-full wp-image-14094\" alt=\"\" srcset=\"https:\/\/familienhoerbuch.de\/wp-content\/uploads\/2026\/02\/SoME-Visuals.png 240w, https:\/\/familienhoerbuch.de\/wp-content\/uploads\/2026\/02\/SoME-Visuals-150x150.png 150w\" sizes=\"(max-width: 240px) 100vw, 240px\" \/><\/figure><div class=\"elementor-image-box-content\"><h6 class=\"elementor-image-box-title\">Imagens das redes sociais e assinatura de correio eletr\u00f3nico<\/h6><\/div><\/div>\t\t\t\t<\/div>\n\t\t\t\t<\/div>\n\t\t\t\t<div class=\"elementor-element elementor-element-e6e49af elementor-position-top elementor-widget elementor-widget-image-box\" data-id=\"e6e49af\" data-element_type=\"widget\" data-e-type=\"widget\" data-widget_type=\"image-box.default\">\n\t\t\t\t<div class=\"elementor-widget-container\">\n\t\t\t\t\t<div class=\"elementor-image-box-wrapper\"><figure class=\"elementor-image-box-img\"><img loading=\"lazy\" decoding=\"async\" width=\"208\" height=\"208\" src=\"https:\/\/familienhoerbuch.de\/wp-content\/uploads\/2026\/02\/Urkunde.png\" class=\"attachment-full size-full wp-image-14095\" alt=\"\" srcset=\"https:\/\/familienhoerbuch.de\/wp-content\/uploads\/2026\/02\/Urkunde.png 208w, https:\/\/familienhoerbuch.de\/wp-content\/uploads\/2026\/02\/Urkunde-150x150.png 150w\" sizes=\"(max-width: 208px) 100vw, 208px\" \/><\/figure><div class=\"elementor-image-box-content\"><h6 class=\"elementor-image-box-title\">Documento para destacamento<\/h6><\/div><\/div>\t\t\t\t<\/div>\n\t\t\t\t<\/div>\n\t\t\t\t<div class=\"elementor-element elementor-element-fdb9c8f elementor-position-top elementor-widget elementor-widget-image-box\" data-id=\"fdb9c8f\" data-element_type=\"widget\" data-e-type=\"widget\" data-widget_type=\"image-box.default\">\n\t\t\t\t<div class=\"elementor-widget-container\">\n\t\t\t\t\t<div class=\"elementor-image-box-wrapper\"><figure class=\"elementor-image-box-img\"><img loading=\"lazy\" decoding=\"async\" width=\"351\" height=\"352\" src=\"https:\/\/familienhoerbuch.de\/wp-content\/uploads\/2026\/02\/Nennung_Partnerseite.png\" class=\"attachment-full size-full wp-image-14092\" alt=\"\" srcset=\"https:\/\/familienhoerbuch.de\/wp-content\/uploads\/2026\/02\/Nennung_Partnerseite.png 351w, https:\/\/familienhoerbuch.de\/wp-content\/uploads\/2026\/02\/Nennung_Partnerseite-300x300.png 300w, https:\/\/familienhoerbuch.de\/wp-content\/uploads\/2026\/02\/Nennung_Partnerseite-150x150.png 150w\" sizes=\"(max-width: 351px) 100vw, 351px\" \/><\/figure><div class=\"elementor-image-box-content\"><h6 class=\"elementor-image-box-title\">Listagem na nossa p\u00e1gina de parceiros e em publica\u00e7\u00f5es<\/h6><\/div><\/div>\t\t\t\t<\/div>\n\t\t\t\t<\/div>\n\t\t\t\t<\/div>\n\t\t\t\t\t<\/div>\n\t\t\t\t<\/div>\n\t\t<div class=\"elementor-element elementor-element-64a4e54 e-flex e-con-boxed e-con e-parent\" data-id=\"64a4e54\" data-element_type=\"container\" data-e-type=\"container\">\n\t\t\t\t\t<div class=\"e-con-inner\">\n\t\t<div class=\"elementor-element elementor-element-73e11b8 e-con-full e-flex e-con e-child\" data-id=\"73e11b8\" data-element_type=\"container\" data-e-type=\"container\" data-settings=\"{&quot;background_background&quot;:&quot;classic&quot;}\">\n\t\t<div class=\"elementor-element elementor-element-55c8188 e-con-full e-flex e-con e-child\" data-id=\"55c8188\" data-element_type=\"container\" data-e-type=\"container\">\n\t\t<div class=\"elementor-element elementor-element-363d302 e-con-full e-flex e-con e-child\" data-id=\"363d302\" data-element_type=\"container\" data-e-type=\"container\">\n\t\t\t\t<div class=\"elementor-element elementor-element-602fa60 elementor-widget elementor-widget-heading\" data-id=\"602fa60\" data-element_type=\"widget\" data-e-type=\"widget\" data-widget_type=\"heading.default\">\n\t\t\t\t<div class=\"elementor-widget-container\">\n\t\t\t\t\t<h4 class=\"elementor-heading-title elementor-size-default\">Pessoas de contacto<\/h4>\t\t\t\t<\/div>\n\t\t\t\t<\/div>\n\t\t\t\t<div class=\"elementor-element elementor-element-cda51b3 elementor-widget elementor-widget-text-editor\" data-id=\"cda51b3\" data-element_type=\"widget\" data-e-type=\"widget\" data-widget_type=\"text-editor.default\">\n\t\t\t\t<div class=\"elementor-widget-container\">\n\t\t\t\t\t\t\t\t\t<p><span style=\"font-size: 1rem;\"><a href=\"mailto:spenden@familienhoerbuch.de\">spenden@familienhoerbuch.de<\/a><br \/><a href=\"tel:+4917672096535\">+49 176 720 96 535<\/a><\/span><\/p>\t\t\t\t\t\t\t\t<\/div>\n\t\t\t\t<\/div>\n\t\t\t\t<div class=\"elementor-element elementor-element-3bc46f2 elementor-widget elementor-widget-text-editor\" data-id=\"3bc46f2\" data-element_type=\"widget\" data-e-type=\"widget\" data-widget_type=\"text-editor.default\">\n\t\t\t\t<div class=\"elementor-widget-container\">\n\t\t\t\t\t\t\t\t\t<p class=\"p1\">Mais informa\u00e7\u00f5es sobre as op\u00e7\u00f5es de doa\u00e7\u00e3o para o audiolivro familiar podem ser encontradas em: <a href=\"https:\/\/familienhoerbuch.de\/pt\/engagement\/\"><b>familienhoerbuch.de\/engagement<\/b><\/a><\/p>\t\t\t\t\t\t\t\t<\/div>\n\t\t\t\t<\/div>\n\t\t\t\t<\/div>\n\t\t<div class=\"elementor-element elementor-element-2a15a8d e-grid e-con-full e-con e-child\" data-id=\"2a15a8d\" data-element_type=\"container\" data-e-type=\"container\">\n\t\t\t\t<div class=\"elementor-element elementor-element-c15fd8c elementor-position-top elementor-widget elementor-widget-image-box\" data-id=\"c15fd8c\" data-element_type=\"widget\" data-e-type=\"widget\" data-widget_type=\"image-box.default\">\n\t\t\t\t<div class=\"elementor-widget-container\">\n\t\t\t\t\t<div class=\"elementor-image-box-wrapper\"><figure class=\"elementor-image-box-img\"><img loading=\"lazy\" decoding=\"async\" width=\"579\" height=\"579\" src=\"https:\/\/familienhoerbuch.de\/wp-content\/uploads\/2025\/09\/AnneanneAnne-modified.png\" class=\"attachment-full size-full wp-image-12137\" alt=\"\" srcset=\"https:\/\/familienhoerbuch.de\/wp-content\/uploads\/2025\/09\/AnneanneAnne-modified.png 579w, https:\/\/familienhoerbuch.de\/wp-content\/uploads\/2025\/09\/AnneanneAnne-modified-300x300.png 300w, https:\/\/familienhoerbuch.de\/wp-content\/uploads\/2025\/09\/AnneanneAnne-modified-150x150.png 150w\" sizes=\"(max-width: 579px) 100vw, 579px\" \/><\/figure><div class=\"elementor-image-box-content\"><h3 class=\"elementor-image-box-title\">Anne Braasch<\/h3><\/div><\/div>\t\t\t\t<\/div>\n\t\t\t\t<\/div>\n\t\t\t\t<div class=\"elementor-element elementor-element-32aaedb elementor-position-top elementor-widget elementor-widget-image-box\" data-id=\"32aaedb\" data-element_type=\"widget\" data-e-type=\"widget\" data-widget_type=\"image-box.default\">\n\t\t\t\t<div class=\"elementor-widget-container\">\n\t\t\t\t\t<div class=\"elementor-image-box-wrapper\"><figure class=\"elementor-image-box-img\"><img loading=\"lazy\" decoding=\"async\" width=\"742\" height=\"742\" src=\"https:\/\/familienhoerbuch.de\/wp-content\/uploads\/2025\/09\/Download-modified.png\" class=\"attachment-full size-full wp-image-12136\" alt=\"\" srcset=\"https:\/\/familienhoerbuch.de\/wp-content\/uploads\/2025\/09\/Download-modified.png 742w, https:\/\/familienhoerbuch.de\/wp-content\/uploads\/2025\/09\/Download-modified-300x300.png 300w, https:\/\/familienhoerbuch.de\/wp-content\/uploads\/2025\/09\/Download-modified-150x150.png 150w\" sizes=\"(max-width: 742px) 100vw, 742px\" \/><\/figure><div class=\"elementor-image-box-content\"><h3 class=\"elementor-image-box-title\">Eva Clara Tenzler<\/h3><\/div><\/div>\t\t\t\t<\/div>\n\t\t\t\t<\/div>\n\t\t\t\t<\/div>\n\t\t\t\t<\/div>\n\t\t\t\t<\/div>\n\t\t\t\t\t<\/div>\n\t\t\t\t<\/div>\n\t\t\t\t<\/div>","protected":false},"excerpt":{"rendered":"<p>Como uma empresa parceira da Familienh\u00f6rbuch gGmbH, d\u00e1-se \u00e0s crian\u00e7as cujos pais t\u00eam uma doen\u00e7a encurtada a oportunidade de manter a voz da m\u00e3e ou do pai para sempre. O audiolivro contado com amor torna-se uma lembran\u00e7a preciosa para estas crian\u00e7as, dando-lhes conforto, orienta\u00e7\u00e3o e proximidade para toda a vida. \u00abUm audiolivro familiar significa [\u2026]<\/p>","protected":false},"author":7,"featured_media":0,"parent":0,"menu_order":0,"comment_status":"closed","ping_status":"closed","template":"","meta":{"_acf_changed":false,"footnotes":""},"class_list":["post-13777","page","type-page","status-publish","hentry"],"acf":[],"_links":{"self":[{"href":"https:\/\/familienhoerbuch.de\/pt\/wp-json\/wp\/v2\/pages\/13777","targetHints":{"allow":["GET"]}}],"collection":[{"href":"https:\/\/familienhoerbuch.de\/pt\/wp-json\/wp\/v2\/pages"}],"about":[{"href":"https:\/\/familienhoerbuch.de\/pt\/wp-json\/wp\/v2\/types\/page"}],"author":[{"embeddable":true,"href":"https:\/\/familienhoerbuch.de\/pt\/wp-json\/wp\/v2\/users\/7"}],"replies":[{"embeddable":true,"href":"https:\/\/familienhoerbuch.de\/pt\/wp-json\/wp\/v2\/comments?post=13777"}],"version-history":[{"count":0,"href":"https:\/\/familienhoerbuch.de\/pt\/wp-json\/wp\/v2\/pages\/13777\/revisions"}],"wp:attachment":[{"href":"https:\/\/familienhoerbuch.de\/pt\/wp-json\/wp\/v2\/media?parent=13777"}],"curies":[{"name":"wp","href":"https:\/\/api.w.org\/{rel}","templated":true}]}}