{"id":13002,"date":"2025-11-04T11:07:36","date_gmt":"2025-11-04T10:07:36","guid":{"rendered":"https:\/\/familienhoerbuch.de\/?page_id=13002"},"modified":"2026-03-25T08:56:02","modified_gmt":"2026-03-25T07:56:02","slug":"geschenkspende","status":"publish","type":"page","link":"https:\/\/familienhoerbuch.de\/pt\/geschenkspende\/","title":{"rendered":"Doa\u00e7\u00e3o de presentes"},"content":{"rendered":"<div data-elementor-type=\"wp-page\" data-elementor-id=\"13002\" class=\"elementor elementor-13002\" data-elementor-post-type=\"page\">\n\t\t\t\t<div class=\"elementor-element elementor-element-8a4a0b7 e-flex e-con-boxed e-con e-parent\" data-id=\"8a4a0b7\" data-element_type=\"container\" data-e-type=\"container\">\n\t\t\t\t\t<div class=\"e-con-inner\">\n\t\t<div class=\"elementor-element elementor-element-c6f6c8a e-con-full e-flex e-con e-child\" data-id=\"c6f6c8a\" data-element_type=\"container\" data-e-type=\"container\">\n\t\t\t\t<div class=\"elementor-element elementor-element-1155179 elementor-widget elementor-widget-heading\" data-id=\"1155179\" data-element_type=\"widget\" data-e-type=\"widget\" data-widget_type=\"heading.default\">\n\t\t\t\t<div class=\"elementor-widget-container\">\n\t\t\t\t\t<h4 class=\"elementor-heading-title elementor-size-default\">Dar amor aos ouvidos<\/h4>\t\t\t\t<\/div>\n\t\t\t\t<\/div>\n\t\t\t\t<div class=\"elementor-element elementor-element-79c7ac6 elementor-widget elementor-widget-text-editor\" data-id=\"79c7ac6\" data-element_type=\"widget\" data-e-type=\"widget\" data-widget_type=\"text-editor.default\">\n\t\t\t\t<div class=\"elementor-widget-container\">\n\t\t\t\t\t\t\t\t\t<p>\u00c0s vezes \u00e9 <b>O presente mais belo <\/b>N\u00e3o um objecto, mas <b>Um sinal de liga\u00e7\u00e3o<\/b>. Ao doar em nome de um ente querido por uma boa causa, d\u00e1-se mais do que as palavras podem dizer: Com a sua doa\u00e7\u00e3o, torna poss\u00edvel que os pais doentes terminais deixem a sua hist\u00f3ria de vida como uma voz para os seus filhos.<\/p>\n<p>Cada doa\u00e7\u00e3o, grande ou pequena, ajuda a manter as mem\u00f3rias vivas e a dar conforto e apoio \u00e0s fam\u00edlias. Como<b> Mem\u00f3ria amorosa<\/b> Receber\u00e1 um <b>escritura<\/b>, que pode apresentar \u2013 um presente especial para o futuro que interliga.<\/p>\t\t\t\t\t\t\t\t<\/div>\n\t\t\t\t<\/div>\n\t\t\t\t<div class=\"elementor-element elementor-element-bebe180 elementor-widget elementor-widget-text-editor\" data-id=\"bebe180\" data-element_type=\"widget\" data-e-type=\"widget\" data-widget_type=\"text-editor.default\">\n\t\t\t\t<div class=\"elementor-widget-container\">\n\t\t\t\t\t\t\t\t\t<ol><li>Selecionar o montante da doa\u00e7\u00e3o<\/li><li>Definir o motivo pretendido<\/li><li>Introduza os seus dados pessoais e envie um donativo<\/li><li>Receber o certificado de oferta<\/li><\/ol>\t\t\t\t\t\t\t\t<\/div>\n\t\t\t\t<\/div>\n\t\t\t\t<\/div>\n\t\t<div class=\"elementor-element elementor-element-8cc4cbf e-con-full e-flex e-con e-child\" data-id=\"8cc4cbf\" data-element_type=\"container\" data-e-type=\"container\" data-settings=\"{&quot;background_background&quot;:&quot;classic&quot;}\">\n\t\t\t\t<div class=\"elementor-element elementor-element-5467194 elementor-widget elementor-widget-image\" data-id=\"5467194\" data-element_type=\"widget\" data-e-type=\"widget\" data-widget_type=\"image.default\">\n\t\t\t\t<div class=\"elementor-widget-container\">\n\t\t\t\t\t\t\t\t\t\t\t\t\t\t\t\t<a href=\"https:\/\/familienhoerbuch.de\/wp-content\/uploads\/2026\/03\/mockup-illu-geschenkspende-normal.png\" data-elementor-open-lightbox=\"no\">\n\t\t\t\t\t\t\t<img fetchpriority=\"high\" decoding=\"async\" width=\"600\" height=\"575\" src=\"https:\/\/familienhoerbuch.de\/wp-content\/uploads\/2026\/03\/mockup-illu-geschenkspende-normal.png\" class=\"attachment-large size-large wp-image-14664\" alt=\"\" srcset=\"https:\/\/familienhoerbuch.de\/wp-content\/uploads\/2026\/03\/mockup-illu-geschenkspende-normal.png 600w, https:\/\/familienhoerbuch.de\/wp-content\/uploads\/2026\/03\/mockup-illu-geschenkspende-normal-300x288.png 300w\" sizes=\"(max-width: 600px) 100vw, 600px\" \/>\t\t\t\t\t\t\t\t<\/a>\n\t\t\t\t\t\t\t\t\t\t\t\t\t\t\t<\/div>\n\t\t\t\t<\/div>\n\t\t\t\t<\/div>\n\t\t\t\t\t<\/div>\n\t\t\t\t<\/div>\n\t\t<div class=\"elementor-element elementor-element-3710970 e-flex e-con-boxed e-con e-parent\" data-id=\"3710970\" data-element_type=\"container\" data-e-type=\"container\">\n\t\t\t\t\t<div class=\"e-con-inner\">\n\t\t\t\t<div class=\"elementor-element elementor-element-9e603e5 elementor-widget elementor-widget-shortcode\" data-id=\"9e603e5\" data-element_type=\"widget\" data-e-type=\"widget\" data-widget_type=\"shortcode.default\">\n\t\t\t\t<div class=\"elementor-widget-container\">\n\t\t\t\t\t\t\t<div class=\"elementor-shortcode\"><script type=\"text\/javascript\" src=\"https:\/\/secure.fundraisingbox.com\/app\/paymentJS?is_gift_donation=1&hash=43r9q5vo8h7gkob2\"><\/script>\n    <noscript>Ative o Javascript<\/noscript>\n    <a target=\"_blank\" href=\"https:\/\/www.fundraisingbox.com\/?utm_source=donation_form\">\n        <img decoding=\"async\" border=\"0\" style=\"border: 0 !important\" src=\"https:\/\/secure.fundraisingbox.com\/images\/FundraisingBox-Logo-Widget.png\" alt=\"Log\u00f3tipo da caixa de angaria\u00e7\u00e3o de fundos\" \/>\n    <\/a><\/div>\n\t\t\t\t\t\t<\/div>\n\t\t\t\t<\/div>\n\t\t\t\t\t<\/div>\n\t\t\t\t<\/div>\n\t\t\t\t<\/div>","protected":false},"excerpt":{"rendered":"<p>\u00c0s vezes, o presente mais belo n\u00e3o \u00e9 um objeto, mas um sinal de liga\u00e7\u00e3o. Ao doar em nome de um ente querido por uma boa causa, d\u00e1-se mais do que as palavras podem dizer: Com a sua doa\u00e7\u00e3o, torna poss\u00edvel que os pais doentes terminais deixem a sua hist\u00f3ria de vida como uma voz para os seus filhos. [\u2026]<\/p>","protected":false},"author":7,"featured_media":0,"parent":0,"menu_order":0,"comment_status":"closed","ping_status":"closed","template":"","meta":{"_acf_changed":false,"footnotes":""},"class_list":["post-13002","page","type-page","status-publish","hentry"],"acf":[],"_links":{"self":[{"href":"https:\/\/familienhoerbuch.de\/pt\/wp-json\/wp\/v2\/pages\/13002","targetHints":{"allow":["GET"]}}],"collection":[{"href":"https:\/\/familienhoerbuch.de\/pt\/wp-json\/wp\/v2\/pages"}],"about":[{"href":"https:\/\/familienhoerbuch.de\/pt\/wp-json\/wp\/v2\/types\/page"}],"author":[{"embeddable":true,"href":"https:\/\/familienhoerbuch.de\/pt\/wp-json\/wp\/v2\/users\/7"}],"replies":[{"embeddable":true,"href":"https:\/\/familienhoerbuch.de\/pt\/wp-json\/wp\/v2\/comments?post=13002"}],"version-history":[{"count":0,"href":"https:\/\/familienhoerbuch.de\/pt\/wp-json\/wp\/v2\/pages\/13002\/revisions"}],"wp:attachment":[{"href":"https:\/\/familienhoerbuch.de\/pt\/wp-json\/wp\/v2\/media?parent=13002"}],"curies":[{"name":"wp","href":"https:\/\/api.w.org\/{rel}","templated":true}]}}