{"id":10213,"date":"2025-04-28T10:00:50","date_gmt":"2025-04-28T08:00:50","guid":{"rendered":"https:\/\/familienhoerbuch.de\/?page_id=10213"},"modified":"2025-04-29T13:22:57","modified_gmt":"2025-04-29T11:22:57","slug":"nachlass-regeln","status":"publish","type":"page","link":"https:\/\/familienhoerbuch.de\/pt\/nachlass-regeln\/","title":{"rendered":"Regras de remunera\u00e7\u00e3o"},"content":{"rendered":"<div data-elementor-type=\"wp-page\" data-elementor-id=\"10213\" class=\"elementor elementor-10213\" data-elementor-post-type=\"page\">\n\t\t\t\t<div class=\"elementor-element elementor-element-cf160a6 e-flex e-con-boxed e-con e-parent\" data-id=\"cf160a6\" data-element_type=\"container\" data-e-type=\"container\">\n\t\t\t\t\t<div class=\"e-con-inner\">\n\t\t<div class=\"elementor-element elementor-element-bf0c91b e-con-full e-flex e-con e-child\" data-id=\"bf0c91b\" data-element_type=\"container\" data-e-type=\"container\">\n\t\t\t\t<div class=\"elementor-element elementor-element-54dc142 elementor-widget elementor-widget-heading\" data-id=\"54dc142\" data-element_type=\"widget\" data-e-type=\"widget\" data-widget_type=\"heading.default\">\n\t\t\t\t<div class=\"elementor-widget-container\">\n\t\t\t\t\t<h4 class=\"elementor-heading-title elementor-size-default\">Erblotse - O gerador de vontade<\/h4>\t\t\t\t<\/div>\n\t\t\t\t<\/div>\n\t\t\t\t<div class=\"elementor-element elementor-element-01f544e elementor-widget elementor-widget-text-editor\" data-id=\"01f544e\" data-element_type=\"widget\" data-e-type=\"widget\" data-widget_type=\"text-editor.default\">\n\t\t\t\t<div class=\"elementor-widget-container\">\n\t\t\t\t\t\t\t\t\t<p><span class=\"break-words tvm-parent-container\"><span dir=\"ltr\">Regular a propriedade \u00e9 um tema desafiador, tanto em termos de conte\u00fado como de emo\u00e7\u00e3o. <\/span><\/span><\/p><p>O chamado consumidor normal Otto v\u00ea em muitos casos uma consulta do advogado e um not\u00e1rio como um meio de escolha. Isso vincula tempo e recursos monet\u00e1rios e pode ser um obst\u00e1culo adicional.<\/p><p>A Familienh\u00f6rbuch gGmbH descobriu uma solu\u00e7\u00e3o descomplicada que foi agora firmemente implementada como um servi\u00e7o para a comunidade de audiolivros da fam\u00edlia: Erblotse.<\/p><p>O gerador de testamentos d\u00e1 uma vis\u00e3o r\u00e1pida dos poss\u00edveis herdeiros legais e das suas reivindica\u00e7\u00f5es m\u00ednimas, tamb\u00e9m abre a possibilidade de entrar e apoiar outros familiares, amigos ou organiza\u00e7\u00f5es e, finalmente, uma vers\u00e3o final pode ser descarregada gratuitamente. Importante: Para que esta seja considerada juridicamente segura na Alemanha, deve ser copiada e assinada pelo autor.<\/p>\t\t\t\t\t\t\t\t<\/div>\n\t\t\t\t<\/div>\n\t\t\t\t<\/div>\n\t\t<div class=\"elementor-element elementor-element-5abbf54 e-con-full e-flex e-con e-child\" data-id=\"5abbf54\" data-element_type=\"container\" data-e-type=\"container\">\n\t\t\t\t<div class=\"elementor-element elementor-element-63996bb elementor-widget elementor-widget-html\" data-id=\"63996bb\" data-element_type=\"widget\" data-e-type=\"widget\" data-widget_type=\"html.default\">\n\t\t\t\t<div class=\"elementor-widget-container\">\n\t\t\t\t\t<iframe src=\"https:\/\/vererben.erblotse.de\/p\/familienhoerbuch?workflow=funnel_1\" style=\"height: 600px; width: 100%; border: none; margin-top:1rem;\"><\/iframe>\t\t\t\t<\/div>\n\t\t\t\t<\/div>\n\t\t\t\t<\/div>\n\t\t\t\t\t<\/div>\n\t\t\t\t<\/div>\n\t\t<div class=\"elementor-element elementor-element-1f7199d e-flex e-con-boxed e-con e-parent\" data-id=\"1f7199d\" data-element_type=\"container\" data-e-type=\"container\" data-settings=\"{&quot;background_background&quot;:&quot;classic&quot;}\">\n\t\t\t\t\t<div class=\"e-con-inner\">\n\t\t<div class=\"elementor-element elementor-element-61e4e8c e-con-full e-flex e-con e-child\" data-id=\"61e4e8c\" data-element_type=\"container\" data-e-type=\"container\">\n\t\t\t\t<div class=\"elementor-element elementor-element-3e92f68 elementor-widget elementor-widget-heading\" data-id=\"3e92f68\" data-element_type=\"widget\" data-e-type=\"widget\" data-widget_type=\"heading.default\">\n\t\t\t\t<div class=\"elementor-widget-container\">\n\t\t\t\t\t<h4 class=\"elementor-heading-title elementor-size-default\">Mais informa\u00e7\u00f5es sobre o gerador de vontades<\/h4>\t\t\t\t<\/div>\n\t\t\t\t<\/div>\n\t\t\t\t<\/div>\n\t\t\t\t\t<\/div>\n\t\t\t\t<\/div>\n\t\t<div class=\"elementor-element elementor-element-395186c e-grid e-con-boxed e-con e-parent\" data-id=\"395186c\" data-element_type=\"container\" data-e-type=\"container\" data-settings=\"{&quot;background_background&quot;:&quot;classic&quot;}\">\n\t\t\t\t\t<div class=\"e-con-inner\">\n\t\t<div class=\"elementor-element elementor-element-58eab20 e-con-full e-flex e-con e-child\" data-id=\"58eab20\" data-element_type=\"container\" data-e-type=\"container\">\n\t\t\t\t<div class=\"elementor-element elementor-element-1468d4e elementor-widget elementor-widget-text-editor\" data-id=\"1468d4e\" data-element_type=\"widget\" data-e-type=\"widget\" data-widget_type=\"text-editor.default\">\n\t\t\t\t<div class=\"elementor-widget-container\">\n\t\t\t\t\t\t\t\t\t<p>Erblotse faz herdar e herdar f\u00e1cil, de modo que depois da perda de um ente querido n\u00e3o muitas perguntas permanecem sem resposta. Os familiares perplexos, que s\u00e3o confrontados com o esfor\u00e7o burocr\u00e1tico e, muitas vezes, com a disc\u00f3rdia familiar, s\u00e3o, portanto, uma coisa do passado. O servi\u00e7o Erblotse oferece um guia passo-a-passo que permite a cada pessoa gerir individualmente a sua pr\u00f3pria propriedade, conforme desejado.<\/p><p>Por exemplo, Brigitte Zypries faz parte do conselho consultivo da Erblotse. O pol\u00edtico alem\u00e3o esteve ativo, entre outras coisas, como Ministro Federal da Justi\u00e7a e no dom\u00ednio da economia e da energia e pertenceu ao Bundestag alem\u00e3o at\u00e9 2017. Sublinha: <em>\u00abO piloto heredit\u00e1rio contribui para a burocracia em torno do herdeiro, para que tenha mais tempo para se lamentar. \u00c9 por esta raz\u00e3o que me congratulo com o facto de ser membro do conselho consultivo.\u00bb<\/em><\/p>\t\t\t\t\t\t\t\t<\/div>\n\t\t\t\t<\/div>\n\t\t\t\t<\/div>\n\t\t<div class=\"elementor-element elementor-element-b50a1bf e-con-full e-flex e-con e-child\" data-id=\"b50a1bf\" data-element_type=\"container\" data-e-type=\"container\">\n\t\t\t\t<div class=\"elementor-element elementor-element-9f87a55 elementor-widget elementor-widget-image\" data-id=\"9f87a55\" data-element_type=\"widget\" data-e-type=\"widget\" data-widget_type=\"image.default\">\n\t\t\t\t<div class=\"elementor-widget-container\">\n\t\t\t\t\t\t\t\t\t\t\t\t\t\t\t<img fetchpriority=\"high\" decoding=\"async\" width=\"278\" height=\"295\" src=\"https:\/\/familienhoerbuch.de\/wp-content\/uploads\/2025\/04\/665db357a4986be4a2364bfe_Erblotse-Materials.png\" class=\"attachment-large size-large wp-image-10215\" alt=\"\" \/>\t\t\t\t\t\t\t\t\t\t\t\t\t\t\t<\/div>\n\t\t\t\t<\/div>\n\t\t\t\t<\/div>\n\t\t\t\t\t<\/div>\n\t\t\t\t<\/div>\n\t\t<div class=\"elementor-element elementor-element-fafe299 e-flex e-con-boxed e-con e-parent\" data-id=\"fafe299\" data-element_type=\"container\" data-e-type=\"container\">\n\t\t\t\t\t<div class=\"e-con-inner\">\n\t\t<div class=\"elementor-element elementor-element-494afe2 e-con-full e-flex e-con e-child\" data-id=\"494afe2\" data-element_type=\"container\" data-e-type=\"container\">\n\t\t\t\t<div class=\"elementor-element elementor-element-acb3323 elementor-widget elementor-widget-heading\" data-id=\"acb3323\" data-element_type=\"widget\" data-e-type=\"widget\" data-widget_type=\"heading.default\">\n\t\t\t\t<div class=\"elementor-widget-container\">\n\t\t\t\t\t<h4 class=\"elementor-heading-title elementor-size-default\">Perguntas frequentes sobre o gerador de vontades<\/h4>\t\t\t\t<\/div>\n\t\t\t\t<\/div>\n\t\t\t\t<div class=\"elementor-element elementor-element-aaee1a9 elementor-widget elementor-widget-accordion\" data-id=\"aaee1a9\" data-element_type=\"widget\" data-e-type=\"widget\" data-widget_type=\"accordion.default\">\n\t\t\t\t<div class=\"elementor-widget-container\">\n\t\t\t\t\t\t\t<div class=\"elementor-accordion\">\n\t\t\t\t\t\t\t<div class=\"elementor-accordion-item\">\n\t\t\t\t\t<div id=\"elementor-tab-title-1791\" class=\"elementor-tab-title\" data-tab=\"1\" role=\"button\" aria-controls=\"elementor-tab-content-1791\" aria-expanded=\"false\">\n\t\t\t\t\t\t\t\t\t\t\t\t\t<span class=\"elementor-accordion-icon elementor-accordion-icon-left\" aria-hidden=\"true\">\n\t\t\t\t\t\t\t\t\t\t\t\t\t\t\t<span class=\"elementor-accordion-icon-closed\"><svg class=\"e-font-icon-svg e-fas-plus\" viewbox=\"0 0 448 512\" xmlns=\"http:\/\/www.w3.org\/2000\/svg\"><path d=\"M416 208H272V64c0-17.67-14.33-32-32-32h-32c-17.67 0-32 14.33-32 32v144H32c-17.67 0-32 14.33-32 32v32c0 17.67 14.33 32 32 32h144v144c0 17.67 14.33 32 32 32h32c17.67 0 32-14.33 32-32V304h144c17.67 0 32-14.33 32-32v-32c0-17.67-14.33-32-32-32z\"><\/path><\/svg><\/span>\n\t\t\t\t\t\t\t\t<span class=\"elementor-accordion-icon-opened\"><svg class=\"e-font-icon-svg e-fas-minus\" viewbox=\"0 0 448 512\" xmlns=\"http:\/\/www.w3.org\/2000\/svg\"><path d=\"M416 208H32c-17.67 0-32 14.33-32 32v32c0 17.67 14.33 32 32 32h384c17.67 0 32-14.33 32-32v-32c0-17.67-14.33-32-32-32z\"><\/path><\/svg><\/span>\n\t\t\t\t\t\t\t\t\t\t\t\t\t\t<\/span>\n\t\t\t\t\t\t\t\t\t\t\t\t<a class=\"elementor-accordion-title\" tabindex=\"0\">A oferta da Erblotse \u00e9 gratuita?<\/a>\n\t\t\t\t\t<\/div>\n\t\t\t\t\t<div id=\"elementor-tab-content-1791\" class=\"elementor-tab-content elementor-clearfix\" data-tab=\"1\" role=\"region\" aria-labelledby=\"elementor-tab-title-1791\"><p>Sim, a Familienh\u00f6rbuch gGmbH disponibiliza o gerador de vontades \u00e0 sua pr\u00f3pria comunidade neste momento. Tamb\u00e9m pode ser usado diretamente via Erblotse. Em seguida, ser\u00e1 cobrada uma taxa.<\/p><\/div>\n\t\t\t\t<\/div>\n\t\t\t\t\t\t\t<div class=\"elementor-accordion-item\">\n\t\t\t\t\t<div id=\"elementor-tab-title-1792\" class=\"elementor-tab-title\" data-tab=\"2\" role=\"button\" aria-controls=\"elementor-tab-content-1792\" aria-expanded=\"false\">\n\t\t\t\t\t\t\t\t\t\t\t\t\t<span class=\"elementor-accordion-icon elementor-accordion-icon-left\" aria-hidden=\"true\">\n\t\t\t\t\t\t\t\t\t\t\t\t\t\t\t<span class=\"elementor-accordion-icon-closed\"><svg class=\"e-font-icon-svg e-fas-plus\" viewbox=\"0 0 448 512\" xmlns=\"http:\/\/www.w3.org\/2000\/svg\"><path d=\"M416 208H272V64c0-17.67-14.33-32-32-32h-32c-17.67 0-32 14.33-32 32v144H32c-17.67 0-32 14.33-32 32v32c0 17.67 14.33 32 32 32h144v144c0 17.67 14.33 32 32 32h32c17.67 0 32-14.33 32-32V304h144c17.67 0 32-14.33 32-32v-32c0-17.67-14.33-32-32-32z\"><\/path><\/svg><\/span>\n\t\t\t\t\t\t\t\t<span class=\"elementor-accordion-icon-opened\"><svg class=\"e-font-icon-svg e-fas-minus\" viewbox=\"0 0 448 512\" xmlns=\"http:\/\/www.w3.org\/2000\/svg\"><path d=\"M416 208H32c-17.67 0-32 14.33-32 32v32c0 17.67 14.33 32 32 32h384c17.67 0 32-14.33 32-32v-32c0-17.67-14.33-32-32-32z\"><\/path><\/svg><\/span>\n\t\t\t\t\t\t\t\t\t\t\t\t\t\t<\/span>\n\t\t\t\t\t\t\t\t\t\t\t\t<a class=\"elementor-accordion-title\" tabindex=\"0\">O gerador foi concebido apenas para a lei sucess\u00f3ria alem\u00e3?<\/a>\n\t\t\t\t\t<\/div>\n\t\t\t\t\t<div id=\"elementor-tab-content-1792\" class=\"elementor-tab-content elementor-clearfix\" data-tab=\"2\" role=\"region\" aria-labelledby=\"elementor-tab-title-1792\"><p>Sim, esta vers\u00e3o foi concebida para as diretrizes alem\u00e3s. No entanto, no \u00e2mbito do pedido, \u00e9 poss\u00edvel utilizar uma consulta gratuita para processos sucess\u00f3rios com uma liga\u00e7\u00e3o estrangeira.<\/p><\/div>\n\t\t\t\t<\/div>\n\t\t\t\t\t\t\t\t<\/div>\n\t\t\t\t\t\t<\/div>\n\t\t\t\t<\/div>\n\t\t\t\t<\/div>\n\t\t\t\t\t<\/div>\n\t\t\t\t<\/div>\n\t\t\t\t<\/div>","protected":false},"excerpt":{"rendered":"<p>Erblotse \u2013 O gerador de testamentos Regulamentar a propriedade \u00e9 um tema dif\u00edcil, tanto do ponto de vista material como emocional. O chamado consumidor normal Otto v\u00ea em muitos casos uma consulta do advogado e um not\u00e1rio como um meio de escolha. Isso vincula tempo e recursos monet\u00e1rios e pode ser um obst\u00e1culo adicional. A Familienh\u00f6rbuch gGmbH tem um [\u2026]<\/p>","protected":false},"author":1,"featured_media":0,"parent":0,"menu_order":0,"comment_status":"closed","ping_status":"closed","template":"","meta":{"_acf_changed":false,"footnotes":""},"class_list":["post-10213","page","type-page","status-publish","hentry"],"acf":[],"_links":{"self":[{"href":"https:\/\/familienhoerbuch.de\/pt\/wp-json\/wp\/v2\/pages\/10213","targetHints":{"allow":["GET"]}}],"collection":[{"href":"https:\/\/familienhoerbuch.de\/pt\/wp-json\/wp\/v2\/pages"}],"about":[{"href":"https:\/\/familienhoerbuch.de\/pt\/wp-json\/wp\/v2\/types\/page"}],"author":[{"embeddable":true,"href":"https:\/\/familienhoerbuch.de\/pt\/wp-json\/wp\/v2\/users\/1"}],"replies":[{"embeddable":true,"href":"https:\/\/familienhoerbuch.de\/pt\/wp-json\/wp\/v2\/comments?post=10213"}],"version-history":[{"count":0,"href":"https:\/\/familienhoerbuch.de\/pt\/wp-json\/wp\/v2\/pages\/10213\/revisions"}],"wp:attachment":[{"href":"https:\/\/familienhoerbuch.de\/pt\/wp-json\/wp\/v2\/media?parent=10213"}],"curies":[{"name":"wp","href":"https:\/\/api.w.org\/{rel}","templated":true}]}}