{"id":98,"date":"2024-08-26T18:17:00","date_gmt":"2024-08-26T16:17:00","guid":{"rendered":"https:\/\/websplash.familienhoerbuch.de\/?page_id=98"},"modified":"2026-01-27T14:02:46","modified_gmt":"2026-01-27T13:02:46","slug":"jobs-ehrenamt","status":"publish","type":"page","link":"https:\/\/familienhoerbuch.de\/pl\/jobs-ehrenamt\/","title":{"rendered":"Praca &amp; Wolontariat"},"content":{"rendered":"<div data-elementor-type=\"wp-page\" data-elementor-id=\"98\" class=\"elementor elementor-98\" data-elementor-post-type=\"page\">\n\t\t\t\t<div class=\"elementor-element elementor-element-fb4e9f2 e-flex e-con-boxed e-con e-parent\" data-id=\"fb4e9f2\" data-element_type=\"container\" data-e-type=\"container\">\n\t\t\t\t\t<div class=\"e-con-inner\">\n\t\t<div class=\"elementor-element elementor-element-660acd2 e-con-full e-flex e-con e-child\" data-id=\"660acd2\" data-element_type=\"container\" data-e-type=\"container\">\n\t\t\t\t<div class=\"elementor-element elementor-element-7e838d5 elementor-widget elementor-widget-heading\" data-id=\"7e838d5\" data-element_type=\"widget\" data-e-type=\"widget\" data-widget_type=\"heading.default\">\n\t\t\t\t<div class=\"elementor-widget-container\">\n\t\t\t\t\t<h4 class=\"elementor-heading-title elementor-size-default\">\u017be jeste\u015bmy we mnie<\/h4>\t\t\t\t<\/div>\n\t\t\t\t<\/div>\n\t\t\t\t<div class=\"elementor-element elementor-element-9067df0 elementor-widget elementor-widget-text-editor\" data-id=\"9067df0\" data-element_type=\"widget\" data-e-type=\"widget\" data-widget_type=\"text-editor.default\">\n\t\t\t\t<div class=\"elementor-widget-container\">\n\t\t\t\t\t\t\t\t\t<p>Chcesz zosta\u0107 wolontariuszem? Z niecierpliwo\u015bci\u0105 czekamy na cz\u0119stsze wizyty na tej stronie. Tutaj publikujemy nasze obecnie darmowe zadania w naszym dedykowanym rodzinnym zespole audiobook\u00f3w.<\/p><p>Ca\u0142y nasz zesp\u00f3\u0142 pracuje w spos\u00f3b zdecentralizowany i cyfrowy. Jeste\u015bmy rozproszeni po ca\u0142ych Niemczech.<\/p><p>Lubi\u0119 pisa\u0107 kr\u00f3tk\u0105 aplikacj\u0119. Skontaktujemy si\u0119 z Tob\u0105 niezw\u0142ocznie, a nast\u0119pnie uzgodnimy pierwsze, niewi\u0105\u017c\u0105ce poznanie.<\/p><p>Z niecierpliwo\u015bci\u0105 czekamy na pomoc w nast\u0119puj\u0105cych obszarach:<\/p><ul><li>Psychoonkolog:innenteam - Kto odpowiedzia\u0142? <a href=\"https:\/\/familienhoerbuch.de\/wp-content\/uploads\/2024\/09\/EA_Pyschologenteam_28042023.pdf\" target=\"_blank\" rel=\"noopener\">Wi\u0119cej informacji \u00bb<\/a><\/li><\/ul>\t\t\t\t\t\t\t\t<\/div>\n\t\t\t\t<\/div>\n\t\t\t\t<\/div>\n\t\t<div class=\"elementor-element elementor-element-57fdfd3 e-con-full e-flex e-con e-child\" data-id=\"57fdfd3\" data-element_type=\"container\" data-e-type=\"container\">\n\t\t\t\t<div class=\"elementor-element elementor-element-3ef367c elementor-widget elementor-widget-image\" data-id=\"3ef367c\" data-element_type=\"widget\" data-e-type=\"widget\" data-widget_type=\"image.default\">\n\t\t\t\t<div class=\"elementor-widget-container\">\n\t\t\t\t\t\t\t\t\t\t\t\t\t\t\t<img fetchpriority=\"high\" decoding=\"async\" width=\"800\" height=\"534\" src=\"https:\/\/familienhoerbuch.de\/wp-content\/uploads\/2024\/09\/FHB_Teamfoto_2024-1024x683.jpg\" class=\"attachment-large size-large wp-image-7126\" alt=\"\" srcset=\"https:\/\/familienhoerbuch.de\/wp-content\/uploads\/2024\/09\/FHB_Teamfoto_2024-1024x683.jpg 1024w, https:\/\/familienhoerbuch.de\/wp-content\/uploads\/2024\/09\/FHB_Teamfoto_2024-300x200.jpg 300w, https:\/\/familienhoerbuch.de\/wp-content\/uploads\/2024\/09\/FHB_Teamfoto_2024-768x512.jpg 768w, https:\/\/familienhoerbuch.de\/wp-content\/uploads\/2024\/09\/FHB_Teamfoto_2024.jpg 1200w\" sizes=\"(max-width: 800px) 100vw, 800px\" \/>\t\t\t\t\t\t\t\t\t\t\t\t\t\t\t<\/div>\n\t\t\t\t<\/div>\n\t\t\t\t<\/div>\n\t\t\t\t\t<\/div>\n\t\t\t\t<\/div>\n\t\t\t\t<\/div>","protected":false},"excerpt":{"rendered":"<p>Das WIR im ICH Ihr m\u00f6chtet euch ehrenamtlich engagieren? Dann freuen wir uns, wenn ihr auf dieser Seite \u00f6fter mal vorbeischaut. Hier ver\u00f6ffentlichen wir unsere aktuell freien Aufgabenbereiche in unserem engagierten Familienh\u00f6rbuch-Team. Unser gesamtes Team arbeitet dezentral und digital. Wir sind \u00fcber ganz Deutschland verteilt. Schreibt gerne eine Kurzbewerbung. Wir melden uns zeitnah und vereinbaren [&hellip;]<\/p>","protected":false},"author":1,"featured_media":0,"parent":0,"menu_order":0,"comment_status":"closed","ping_status":"closed","template":"","meta":{"_acf_changed":false,"footnotes":""},"class_list":["post-98","page","type-page","status-publish","hentry"],"acf":[],"_links":{"self":[{"href":"https:\/\/familienhoerbuch.de\/pl\/wp-json\/wp\/v2\/pages\/98","targetHints":{"allow":["GET"]}}],"collection":[{"href":"https:\/\/familienhoerbuch.de\/pl\/wp-json\/wp\/v2\/pages"}],"about":[{"href":"https:\/\/familienhoerbuch.de\/pl\/wp-json\/wp\/v2\/types\/page"}],"author":[{"embeddable":true,"href":"https:\/\/familienhoerbuch.de\/pl\/wp-json\/wp\/v2\/users\/1"}],"replies":[{"embeddable":true,"href":"https:\/\/familienhoerbuch.de\/pl\/wp-json\/wp\/v2\/comments?post=98"}],"version-history":[{"count":0,"href":"https:\/\/familienhoerbuch.de\/pl\/wp-json\/wp\/v2\/pages\/98\/revisions"}],"wp:attachment":[{"href":"https:\/\/familienhoerbuch.de\/pl\/wp-json\/wp\/v2\/media?parent=98"}],"curies":[{"name":"wp","href":"https:\/\/api.w.org\/{rel}","templated":true}]}}