{"id":8509,"date":"2024-11-05T19:28:59","date_gmt":"2024-11-05T18:28:59","guid":{"rendered":"https:\/\/familienhoerbuch.de\/?page_id=8509"},"modified":"2025-05-22T11:13:05","modified_gmt":"2025-05-22T09:13:05","slug":"unsere-schirmherrin","status":"publish","type":"page","link":"https:\/\/familienhoerbuch.de\/pl\/unsere-schirmherrin\/","title":{"rendered":"Nasza patronka"},"content":{"rendered":"<div data-elementor-type=\"wp-page\" data-elementor-id=\"8509\" class=\"elementor elementor-8509\" data-elementor-post-type=\"page\">\n\t\t\t\t<div class=\"elementor-element elementor-element-c4d303e e-grid e-con-boxed e-con e-parent\" data-id=\"c4d303e\" data-element_type=\"container\" data-e-type=\"container\">\n\t\t\t\t\t<div class=\"e-con-inner\">\n\t\t<div class=\"elementor-element elementor-element-c26cc83 e-con-full e-flex e-con e-child\" data-id=\"c26cc83\" data-element_type=\"container\" data-e-type=\"container\">\n\t\t\t\t<div class=\"elementor-element elementor-element-95244d6 elementor-widget elementor-widget-heading\" data-id=\"95244d6\" data-element_type=\"widget\" data-e-type=\"widget\" data-widget_type=\"heading.default\">\n\t\t\t\t<div class=\"elementor-widget-container\">\n\t\t\t\t\t<h5 class=\"elementor-heading-title elementor-size-default\">Nasza patronka <\/h5>\t\t\t\t<\/div>\n\t\t\t\t<\/div>\n\t\t\t\t<div class=\"elementor-element elementor-element-e30189c elementor-widget elementor-widget-heading\" data-id=\"e30189c\" data-element_type=\"widget\" data-e-type=\"widget\" data-widget_type=\"heading.default\">\n\t\t\t\t<div class=\"elementor-widget-container\">\n\t\t\t\t\t<h2 class=\"elementor-heading-title elementor-size-default\">G\u0142os pozostaje<\/h2>\t\t\t\t<\/div>\n\t\t\t\t<\/div>\n\t\t\t\t<div class=\"elementor-element elementor-element-4bbc04d elementor-widget elementor-widget-text-editor\" data-id=\"4bbc04d\" data-element_type=\"widget\" data-e-type=\"widget\" data-widget_type=\"text-editor.default\">\n\t\t\t\t<div class=\"elementor-widget-container\">\n\t\t\t\t\t\t\t\t\t<p>Elena Uhlig, aktorka, autorka i prezenterka, od listopada 2024 r. zg\u0142asza si\u0119 na ochotnika jako patronka z wielkim sercem i empati\u0105 dla obaw zwi\u0105zanych z rodzinnym audiobookiem. Nawet matka czw\u00f3rki nieletnich dzieci wie o znaczeniu i wp\u0142ywie takiej biografii audio i dlatego jest r\u00f3wnie\u017c zaanga\u017cowana w nasze tematy w swojej sieci.<\/p>\t\t\t\t\t\t\t\t<\/div>\n\t\t\t\t<\/div>\n\t\t\t\t<\/div>\n\t\t<div class=\"elementor-element elementor-element-7c1c99a e-con-full e-flex e-con e-child\" data-id=\"7c1c99a\" data-element_type=\"container\" data-e-type=\"container\">\n\t\t\t\t<div class=\"elementor-element elementor-element-2cbbac3 elementor-widget elementor-widget-image\" data-id=\"2cbbac3\" data-element_type=\"widget\" data-e-type=\"widget\" data-widget_type=\"image.default\">\n\t\t\t\t<div class=\"elementor-widget-container\">\n\t\t\t\t\t\t\t\t\t\t\t\t\t\t\t<img fetchpriority=\"high\" decoding=\"async\" width=\"800\" height=\"534\" src=\"https:\/\/familienhoerbuch.de\/wp-content\/uploads\/2024\/11\/12b61a48-7665-4141-a09b-0fb41fce99e9-1024x683.jpg\" class=\"attachment-large size-large wp-image-8512\" alt=\"\" srcset=\"https:\/\/familienhoerbuch.de\/wp-content\/uploads\/2024\/11\/12b61a48-7665-4141-a09b-0fb41fce99e9-1024x683.jpg 1024w, https:\/\/familienhoerbuch.de\/wp-content\/uploads\/2024\/11\/12b61a48-7665-4141-a09b-0fb41fce99e9-300x200.jpg 300w, https:\/\/familienhoerbuch.de\/wp-content\/uploads\/2024\/11\/12b61a48-7665-4141-a09b-0fb41fce99e9-768x512.jpg 768w, https:\/\/familienhoerbuch.de\/wp-content\/uploads\/2024\/11\/12b61a48-7665-4141-a09b-0fb41fce99e9.jpg 1200w\" sizes=\"(max-width: 800px) 100vw, 800px\" \/>\t\t\t\t\t\t\t\t\t\t\t\t\t\t\t<\/div>\n\t\t\t\t<\/div>\n\t\t\t\t<\/div>\n\t\t\t\t\t<\/div>\n\t\t\t\t<\/div>\n\t\t<div class=\"elementor-element elementor-element-c68c4eb e-flex e-con-boxed e-con e-parent\" data-id=\"c68c4eb\" data-element_type=\"container\" data-e-type=\"container\" data-settings=\"{&quot;background_background&quot;:&quot;classic&quot;}\">\n\t\t\t\t\t<div class=\"e-con-inner\">\n\t\t<div class=\"elementor-element elementor-element-c2ac0ce e-con-full e-flex e-con e-child\" data-id=\"c2ac0ce\" data-element_type=\"container\" data-e-type=\"container\">\n\t\t\t\t<div class=\"elementor-element elementor-element-799a011 elementor-blockquote--skin-clean elementor-blockquote--align-left elementor-widget__width-initial elementor-widget elementor-widget-blockquote\" data-id=\"799a011\" data-element_type=\"widget\" data-e-type=\"widget\" data-widget_type=\"blockquote.default\">\n\t\t\t\t<div class=\"elementor-widget-container\">\n\t\t\t\t\t\t\t<blockquote class=\"elementor-blockquote\">\n\t\t\t<p class=\"elementor-blockquote__content\">\n\t\t\t\t\u201eW 2021 r. zmar\u0142 m\u00f3j bardzo dobry przyjaciel, by\u0142 \u015bmiertelnie chory na raka i mia\u0142 syna, kt\u00f3ry w tym czasie mia\u0142 13 lat. Cz\u0119sto rozmawia\u0142em z nim o tym, czy nie chce pisa\u0107 list\u00f3w lub podobnych dla swojego dziecka, aby gdy go ju\u017c nie b\u0119dzie, jego syn pami\u0119ta\u0142 o nim. Niestety nigdy nie zrealizowali\u015bmy tego planu. Dzisiaj wci\u0105\u017c du\u017co o tym my\u015bl\u0119 i by\u0107 mo\u017ce powinienem by\u0142 go bardziej wspiera\u0107. Niestety, nie zna\u0142em wtedy rodzinnego audiobooka.\n<br><br>\nJako matka czw\u00f3rki dzieci naturalnie my\u015bl\u0119 o tym, co si\u0119 dzieje, gdy powa\u017cnie zachoruj\u0119 i umr\u0119. Co zostawiam moim dzieciom z moich wspomnie\u0144 i my\u015bli? Co mog\u0119 im da\u0107, gdy mnie nie b\u0119dzie?\n<br><br>\nJestem bardzo poruszony audiobookiem rodzinnym, poniewa\u017c daje on dotkni\u0119tym rodzinom mo\u017cliwo\u015b\u0107 dania swoim dzieciom czego\u015b, co b\u0119dzie im towarzyszy\u0107 na dalszej drodze \u017cycia.\t\t\t<\/p>\n\t\t\t\t\t<\/blockquote>\n\t\t\t\t\t\t<\/div>\n\t\t\t\t<\/div>\n\t\t\t\t<\/div>\n\t\t\t\t\t<\/div>\n\t\t\t\t<\/div>\n\t\t<div class=\"elementor-element elementor-element-a0001d5 e-grid e-con-boxed e-con e-parent\" data-id=\"a0001d5\" data-element_type=\"container\" data-e-type=\"container\">\n\t\t\t\t\t<div class=\"e-con-inner\">\n\t\t<div class=\"elementor-element elementor-element-e93fb82 e-con-full e-flex e-con e-child\" data-id=\"e93fb82\" data-element_type=\"container\" data-e-type=\"container\">\n\t\t\t\t<div class=\"elementor-element elementor-element-a14750e elementor-widget elementor-widget-video\" data-id=\"a14750e\" data-element_type=\"widget\" data-e-type=\"widget\" data-settings=\"{&quot;youtube_url&quot;:&quot;https:\\\/\\\/www.youtube.com\\\/watch?v=elmR155QpyU&quot;,&quot;video_type&quot;:&quot;youtube&quot;,&quot;controls&quot;:&quot;yes&quot;}\" data-widget_type=\"video.default\">\n\t\t\t\t<div class=\"elementor-widget-container\">\n\t\t\t\t\t\t\t<div class=\"elementor-wrapper elementor-open-inline\">\n\t\t\t<div class=\"elementor-video\"><\/div>\t\t<\/div>\n\t\t\t\t\t\t<\/div>\n\t\t\t\t<\/div>\n\t\t\t\t<\/div>\n\t\t<div class=\"elementor-element elementor-element-40fab9f e-con-full e-flex e-con e-child\" data-id=\"40fab9f\" data-element_type=\"container\" data-e-type=\"container\">\n\t\t\t\t<div class=\"elementor-element elementor-element-fea99cd elementor-widget elementor-widget-heading\" data-id=\"fea99cd\" data-element_type=\"widget\" data-e-type=\"widget\" data-widget_type=\"heading.default\">\n\t\t\t\t<div class=\"elementor-widget-container\">\n\t\t\t\t\t<h2 class=\"elementor-heading-title elementor-size-default\">Dla uczestnika projektu<\/h2>\t\t\t\t<\/div>\n\t\t\t\t<\/div>\n\t\t\t\t<div class=\"elementor-element elementor-element-b041d1d elementor-widget elementor-widget-text-editor\" data-id=\"b041d1d\" data-element_type=\"widget\" data-e-type=\"widget\" data-widget_type=\"text-editor.default\">\n\t\t\t\t<div class=\"elementor-widget-container\">\n\t\t\t\t\t\t\t\t\t<p>Elena Uhlig poznaje Thomasa i jego \u017con\u0119. Napisa\u0142 rodzinny audiobook dla swoich dzieci. W dialogu z celebrytami staje si\u0119 jasne, jak bardzo projekt porusza wszystkich zaanga\u017cowanych.<\/p><p>Jest darem na przysz\u0142o\u015b\u0107 dla kilku pokole\u0144. Bezp\u0142atnie. To jest autentyczne. W towarzystwie ekspert\u00f3w.<\/p><p>Druga cz\u0119\u015b\u0107 filmu zawiera r\u00f3wnie\u017c biografa audio m\u00f3wi\u0105cego o dniach nagrywania.<\/p>\t\t\t\t\t\t\t\t<\/div>\n\t\t\t\t<\/div>\n\t\t\t\t<\/div>\n\t\t\t\t\t<\/div>\n\t\t\t\t<\/div>\n\t\t<div class=\"elementor-element elementor-element-d4242fa e-grid e-con-boxed e-con e-parent\" data-id=\"d4242fa\" data-element_type=\"container\" data-e-type=\"container\" data-settings=\"{&quot;background_background&quot;:&quot;classic&quot;}\">\n\t\t\t\t\t<div class=\"e-con-inner\">\n\t\t<div class=\"elementor-element elementor-element-c052585 e-con-full e-flex e-con e-child\" data-id=\"c052585\" data-element_type=\"container\" data-e-type=\"container\">\n\t\t\t\t<div class=\"elementor-element elementor-element-a9c2357 elementor-widget elementor-widget-heading\" data-id=\"a9c2357\" data-element_type=\"widget\" data-e-type=\"widget\" data-widget_type=\"heading.default\">\n\t\t\t\t<div class=\"elementor-widget-container\">\n\t\t\t\t\t<h5 class=\"elementor-heading-title elementor-size-default\">Za\u0142o\u017cycielka Judith Gr\u00fcmmer:<\/h5>\t\t\t\t<\/div>\n\t\t\t\t<\/div>\n\t\t\t\t<div class=\"elementor-element elementor-element-9a95bfe elementor-widget elementor-widget-text-editor\" data-id=\"9a95bfe\" data-element_type=\"widget\" data-e-type=\"widget\" data-widget_type=\"text-editor.default\">\n\t\t\t\t<div class=\"elementor-widget-container\">\n\t\t\t\t\t\t\t\t\t<p><em>\u201eKiedy potrzebny jest parasol? Ilekro\u0107 pada deszcz?\u00a0<br \/><\/em><em style=\"text-align: var(--text-align); font-weight: var( --e-global-typography-text-font-weight ); font-size: 1rem; font-family: var( --e-global-typography-text-font-family ), Sans-serif; color: var( --e-global-color-text );\">Jako organizacja non-profit cieszymy si\u0119 ochron\u0105 patronki przez ca\u0142y rok. W p\u0142ytkim wietrze wiosennego wiatru, kiedy s\u0142o\u0144ce pali si\u0119 latem, kiedy dni staj\u0105 si\u0119 kr\u00f3tsze, a mg\u0142a pojawia si\u0119 zim\u0105, gdy tylko pani Holle potrz\u0105sa \u0142\u00f3\u017ckami. Elena jest nasz\u0105 \u015bwi\u0119t\u0105 patronk\u0105, kt\u00f3ra dzieli si\u0119 z nami swoim \u015bwiat\u0142em. Otwiera jeszcze wi\u0119cej drzwi do serc ludzi, kt\u00f3rzy chc\u0105 dzieli\u0107 si\u0119 odpowiedzialno\u015bci\u0105 spo\u0142eczn\u0105 i umo\u017cliwia\u0107 ci\u0119\u017cko chorym rodzicom pozostawienie czego\u015b bliskim.<\/em><\/p>\t\t\t\t\t\t\t\t<\/div>\n\t\t\t\t<\/div>\n\t\t\t\t<\/div>\n\t\t<div class=\"elementor-element elementor-element-05b330b e-con-full e-flex e-con e-child\" data-id=\"05b330b\" data-element_type=\"container\" data-e-type=\"container\">\n\t\t\t\t<div class=\"elementor-element elementor-element-95f8c81 elementor-widget elementor-widget-image\" data-id=\"95f8c81\" data-element_type=\"widget\" data-e-type=\"widget\" data-widget_type=\"image.default\">\n\t\t\t\t<div class=\"elementor-widget-container\">\n\t\t\t\t\t\t\t\t\t\t\t\t<figure class=\"wp-caption\">\n\t\t\t\t\t\t\t\t\t\t<img decoding=\"async\" width=\"800\" height=\"573\" src=\"https:\/\/familienhoerbuch.de\/wp-content\/uploads\/2024\/11\/CreditSELINAPFRUENER_JudithGruemmer_Projektinitiatorin1-1-1024x733.jpg\" class=\"attachment-large size-large wp-image-8578\" alt=\"\" srcset=\"https:\/\/familienhoerbuch.de\/wp-content\/uploads\/2024\/11\/CreditSELINAPFRUENER_JudithGruemmer_Projektinitiatorin1-1-1024x733.jpg 1024w, https:\/\/familienhoerbuch.de\/wp-content\/uploads\/2024\/11\/CreditSELINAPFRUENER_JudithGruemmer_Projektinitiatorin1-1-300x215.jpg 300w, https:\/\/familienhoerbuch.de\/wp-content\/uploads\/2024\/11\/CreditSELINAPFRUENER_JudithGruemmer_Projektinitiatorin1-1-768x550.jpg 768w, https:\/\/familienhoerbuch.de\/wp-content\/uploads\/2024\/11\/CreditSELINAPFRUENER_JudithGruemmer_Projektinitiatorin1-1.jpg 1200w\" sizes=\"(max-width: 800px) 100vw, 800px\" \/>\t\t\t\t\t\t\t\t\t\t\t<figcaption class=\"widget-image-caption wp-caption-text\">Kredyt: Selina Pfr\u00fcner<\/figcaption>\n\t\t\t\t\t\t\t\t\t\t<\/figure>\n\t\t\t\t\t\t\t\t\t<\/div>\n\t\t\t\t<\/div>\n\t\t\t\t<\/div>\n\t\t\t\t\t<\/div>\n\t\t\t\t<\/div>\n\t\t<div class=\"elementor-element elementor-element-db86e6f e-flex e-con-boxed e-con e-parent\" data-id=\"db86e6f\" data-element_type=\"container\" data-e-type=\"container\">\n\t\t\t\t\t<div class=\"e-con-inner\">\n\t\t\t\t<div class=\"elementor-element elementor-element-41efae6 elementor-widget elementor-widget-text-editor\" data-id=\"41efae6\" data-element_type=\"widget\" data-e-type=\"widget\" data-widget_type=\"text-editor.default\">\n\t\t\t\t<div class=\"elementor-widget-container\">\n\t\t\t\t\t\t\t\t\t<p>Jeste\u015bmy sygnatariuszami Inicjatywy Transparentnego Spo\u0142ecze\u0144stwa Obywatelskiego, cz\u0142onkiem Niemieckiego Stowarzyszenia Pozyskiwania Funduszy i posiadaczem Pierwszej Piecz\u0119ci Uczciwo\u015bci.<\/p>\t\t\t\t\t\t\t\t<\/div>\n\t\t\t\t<\/div>\n\t\t<div class=\"elementor-element elementor-element-c08e838 e-con-full e-flex e-con e-child\" data-id=\"c08e838\" data-element_type=\"container\" data-e-type=\"container\">\n\t\t<div class=\"elementor-element elementor-element-9c635a3 e-grid e-con-full e-con e-child\" data-id=\"9c635a3\" data-element_type=\"container\" data-e-type=\"container\">\n\t\t\t\t<div class=\"elementor-element elementor-element-dfdfcf0 elementor-widget elementor-widget-image\" data-id=\"dfdfcf0\" data-element_type=\"widget\" data-e-type=\"widget\" data-widget_type=\"image.default\">\n\t\t\t\t<div class=\"elementor-widget-container\">\n\t\t\t\t\t\t\t\t\t\t\t\t\t\t\t<img decoding=\"async\" width=\"735\" height=\"200\" src=\"https:\/\/familienhoerbuch.de\/wp-content\/uploads\/2024\/09\/Transparente_ZivilgesellschaftPNG.png\" class=\"attachment-large size-large wp-image-266\" alt=\"\" srcset=\"https:\/\/familienhoerbuch.de\/wp-content\/uploads\/2024\/09\/Transparente_ZivilgesellschaftPNG.png 735w, https:\/\/familienhoerbuch.de\/wp-content\/uploads\/2024\/09\/Transparente_ZivilgesellschaftPNG-300x82.png 300w\" sizes=\"(max-width: 735px) 100vw, 735px\" \/>\t\t\t\t\t\t\t\t\t\t\t\t\t\t\t<\/div>\n\t\t\t\t<\/div>\n\t\t\t\t<div class=\"elementor-element elementor-element-babff7f elementor-widget elementor-widget-image\" data-id=\"babff7f\" data-element_type=\"widget\" data-e-type=\"widget\" data-widget_type=\"image.default\">\n\t\t\t\t<div class=\"elementor-widget-container\">\n\t\t\t\t\t\t\t\t\t\t\t\t\t\t\t<img loading=\"lazy\" decoding=\"async\" width=\"300\" height=\"300\" src=\"https:\/\/familienhoerbuch.de\/wp-content\/uploads\/2024\/09\/DFRV-signet_4c1.png\" class=\"attachment-large size-large wp-image-322\" alt=\"\" srcset=\"https:\/\/familienhoerbuch.de\/wp-content\/uploads\/2024\/09\/DFRV-signet_4c1.png 300w, https:\/\/familienhoerbuch.de\/wp-content\/uploads\/2024\/09\/DFRV-signet_4c1-150x150.png 150w\" sizes=\"(max-width: 300px) 100vw, 300px\" \/>\t\t\t\t\t\t\t\t\t\t\t\t\t\t\t<\/div>\n\t\t\t\t<\/div>\n\t\t\t\t<div class=\"elementor-element elementor-element-94bed5e elementor-widget elementor-widget-image\" data-id=\"94bed5e\" data-element_type=\"widget\" data-e-type=\"widget\" data-widget_type=\"image.default\">\n\t\t\t\t<div class=\"elementor-widget-container\">\n\t\t\t\t\t\t\t\t\t\t\t\t\t\t\t<img loading=\"lazy\" decoding=\"async\" width=\"707\" height=\"1024\" src=\"https:\/\/familienhoerbuch.de\/wp-content\/uploads\/2024\/08\/FF-Siegel-Familienhoerbuch-gGmbH-707x1024.png\" class=\"attachment-large size-large wp-image-17\" alt=\"\" srcset=\"https:\/\/familienhoerbuch.de\/wp-content\/uploads\/2024\/08\/FF-Siegel-Familienhoerbuch-gGmbH-707x1024.png 707w, https:\/\/familienhoerbuch.de\/wp-content\/uploads\/2024\/08\/FF-Siegel-Familienhoerbuch-gGmbH-207x300.png 207w, https:\/\/familienhoerbuch.de\/wp-content\/uploads\/2024\/08\/FF-Siegel-Familienhoerbuch-gGmbH-768x1112.png 768w, https:\/\/familienhoerbuch.de\/wp-content\/uploads\/2024\/08\/FF-Siegel-Familienhoerbuch-gGmbH-1061x1536.png 1061w, https:\/\/familienhoerbuch.de\/wp-content\/uploads\/2024\/08\/FF-Siegel-Familienhoerbuch-gGmbH-1415x2048.png 1415w\" sizes=\"(max-width: 707px) 100vw, 707px\" \/>\t\t\t\t\t\t\t\t\t\t\t\t\t\t\t<\/div>\n\t\t\t\t<\/div>\n\t\t\t\t<\/div>\n\t\t\t\t<\/div>\n\t\t\t\t\t<\/div>\n\t\t\t\t<\/div>\n\t\t\t\t<\/div>","protected":false},"excerpt":{"rendered":"<p>Unsere Schirmherrin Die Stimme bleibt Elena Uhlig, Schauspielerin, Autorin und Moderatorin, engagiert sich seit November 2024 ehrenamtlich als Schirmherrin mit sehr viel Herz und Empathie f\u00fcr die Belange des Familienh\u00f6rbuchs. Selbst Mutter von vier minderj\u00e4hrigen Kindern wei\u00df sie um die Wichtigkeit und Wirkung einer solchen Audiobiografie und setzt sich deshalb auch in ihrem Netzwerk f\u00fcr [&hellip;]<\/p>","protected":false},"author":1,"featured_media":0,"parent":0,"menu_order":0,"comment_status":"closed","ping_status":"closed","template":"","meta":{"_acf_changed":false,"footnotes":""},"class_list":["post-8509","page","type-page","status-publish","hentry"],"acf":[],"_links":{"self":[{"href":"https:\/\/familienhoerbuch.de\/pl\/wp-json\/wp\/v2\/pages\/8509","targetHints":{"allow":["GET"]}}],"collection":[{"href":"https:\/\/familienhoerbuch.de\/pl\/wp-json\/wp\/v2\/pages"}],"about":[{"href":"https:\/\/familienhoerbuch.de\/pl\/wp-json\/wp\/v2\/types\/page"}],"author":[{"embeddable":true,"href":"https:\/\/familienhoerbuch.de\/pl\/wp-json\/wp\/v2\/users\/1"}],"replies":[{"embeddable":true,"href":"https:\/\/familienhoerbuch.de\/pl\/wp-json\/wp\/v2\/comments?post=8509"}],"version-history":[{"count":0,"href":"https:\/\/familienhoerbuch.de\/pl\/wp-json\/wp\/v2\/pages\/8509\/revisions"}],"wp:attachment":[{"href":"https:\/\/familienhoerbuch.de\/pl\/wp-json\/wp\/v2\/media?parent=8509"}],"curies":[{"name":"wp","href":"https:\/\/api.w.org\/{rel}","templated":true}]}}