{"id":82,"date":"2024-08-26T18:15:06","date_gmt":"2024-08-26T16:15:06","guid":{"rendered":"https:\/\/websplash.familienhoerbuch.de\/?page_id=82"},"modified":"2025-12-08T22:24:16","modified_gmt":"2025-12-08T21:24:16","slug":"mein-weg-zum-hoerbuch","status":"publish","type":"page","link":"https:\/\/familienhoerbuch.de\/pl\/mein-weg-zum-hoerbuch\/","title":{"rendered":"Moja droga do audiobooka"},"content":{"rendered":"<div data-elementor-type=\"wp-page\" data-elementor-id=\"82\" class=\"elementor elementor-82\" data-elementor-post-type=\"page\">\n\t\t\t\t<div class=\"elementor-element elementor-element-7bf4397 e-flex e-con-boxed e-con e-parent\" data-id=\"7bf4397\" data-element_type=\"container\" data-e-type=\"container\">\n\t\t\t\t\t<div class=\"e-con-inner\">\n\t\t<div class=\"elementor-element elementor-element-7c3ac3b e-con-full e-flex e-con e-child\" data-id=\"7c3ac3b\" data-element_type=\"container\" data-e-type=\"container\">\n\t\t\t\t<div class=\"elementor-element elementor-element-8bf3df1 elementor-widget elementor-widget-heading\" data-id=\"8bf3df1\" data-element_type=\"widget\" data-e-type=\"widget\" data-widget_type=\"heading.default\">\n\t\t\t\t<div class=\"elementor-widget-container\">\n\t\t\t\t\t<h4 class=\"elementor-heading-title elementor-size-default\">Twoja droga do w\u0142asnego audiobooka<\/h4>\t\t\t\t<\/div>\n\t\t\t\t<\/div>\n\t\t\t\t<\/div>\n\t\t\t\t\t<\/div>\n\t\t\t\t<\/div>\n\t\t<div class=\"elementor-element elementor-element-048cc82 e-flex e-con-boxed e-con e-parent\" data-id=\"048cc82\" data-element_type=\"container\" data-e-type=\"container\">\n\t\t\t\t\t<div class=\"e-con-inner\">\n\t\t<div class=\"elementor-element elementor-element-c3ea153 e-con-full e-flex e-con e-child\" data-id=\"c3ea153\" data-element_type=\"container\" data-e-type=\"container\">\n\t\t\t\t<div class=\"elementor-element elementor-element-d67937a elementor-widget elementor-widget-text-editor\" data-id=\"d67937a\" data-element_type=\"widget\" data-e-type=\"widget\" data-widget_type=\"text-editor.default\">\n\t\t\t\t<div class=\"elementor-widget-container\">\n\t\t\t\t\t\t\t\t\t<p>Ka\u017cdy <strong>Historia \u017cycia<\/strong> Warto zosta\u0107 opowiedzianym i pozostawionym w tyle. Dlatego tworzymy biografie nieuleczalnie chorych ludzi na wieczno\u015b\u0107 jako dar na przysz\u0142o\u015b\u0107.<\/p><p>Narracje s\u0105 dramaturgicznie zaprojektowane przy u\u017cyciu najnowocze\u015bniejszych technik audioreporta\u017cu (specjalna struktura \/ struktura \/ edycja). Po \u015bmierci rodzica audiobooki wspieraj\u0105 ocala\u0142\u0105 rodzin\u0119, zw\u0142aszcza dzieci. <strong>Zarz\u0105dzanie smutkiem<\/strong> i towarzyszy\u0107 im indywidualnie.<\/p><p>Rodzinne audiobooki pochodz\u0105 od matki lub ojca i <strong>Opowiadany w\u0142asnym g\u0142osem<\/strong>. Osobi\u015bcie. Z mi\u0142o\u015bci\u0105. To jest autentyczne. Autentyczno\u015b\u0107 oznacza dla nas r\u00f3wnie\u017c dawanie przestrzeni wp\u0142ywom j\u0119zykowym i kulturowym.<\/p><p>Rodzinny audiobook jest finansowany wy\u0142\u0105cznie z darowizn i jest <strong>Bezp\u0142atnie dla uczestnik\u00f3w<\/strong>.<\/p>\t\t\t\t\t\t\t\t<\/div>\n\t\t\t\t<\/div>\n\t\t\t\t<div class=\"elementor-element elementor-element-296c168 elementor-widget elementor-widget-button\" data-id=\"296c168\" data-element_type=\"widget\" data-e-type=\"widget\" data-widget_type=\"button.default\">\n\t\t\t\t<div class=\"elementor-widget-container\">\n\t\t\t\t\t\t\t\t\t<div class=\"elementor-button-wrapper\">\n\t\t\t\t\t<a class=\"elementor-button elementor-button-link elementor-size-sm\" href=\"https:\/\/familienhoerbuch.de\/pl\/kontakt\/\">\n\t\t\t\t\t\t<span class=\"elementor-button-content-wrapper\">\n\t\t\t\t\t\t\t\t\t<span class=\"elementor-button-text\">Skontaktuj si\u0119 teraz \u00bb <\/span>\n\t\t\t\t\t<\/span>\n\t\t\t\t\t<\/a>\n\t\t\t\t<\/div>\n\t\t\t\t\t\t\t\t<\/div>\n\t\t\t\t<\/div>\n\t\t\t\t<div class=\"elementor-element elementor-element-5c82b4a elementor-widget elementor-widget-image\" data-id=\"5c82b4a\" data-element_type=\"widget\" data-e-type=\"widget\" data-widget_type=\"image.default\">\n\t\t\t\t<div class=\"elementor-widget-container\">\n\t\t\t\t\t\t\t\t\t\t\t\t\t\t\t<img fetchpriority=\"high\" decoding=\"async\" width=\"800\" height=\"533\" src=\"https:\/\/familienhoerbuch.de\/wp-content\/uploads\/2025\/03\/Familienhoerbuch-20250213-Lena-148.jpg\" class=\"attachment-large size-large wp-image-9872\" alt=\"\" srcset=\"https:\/\/familienhoerbuch.de\/wp-content\/uploads\/2025\/03\/Familienhoerbuch-20250213-Lena-148.jpg 800w, https:\/\/familienhoerbuch.de\/wp-content\/uploads\/2025\/03\/Familienhoerbuch-20250213-Lena-148-300x200.jpg 300w, https:\/\/familienhoerbuch.de\/wp-content\/uploads\/2025\/03\/Familienhoerbuch-20250213-Lena-148-768x512.jpg 768w\" sizes=\"(max-width: 800px) 100vw, 800px\" \/>\t\t\t\t\t\t\t\t\t\t\t\t\t\t\t<\/div>\n\t\t\t\t<\/div>\n\t\t\t\t<\/div>\n\t\t<div class=\"elementor-element elementor-element-23b0ed6 e-con-full e-flex e-con e-child\" data-id=\"23b0ed6\" data-element_type=\"container\" data-e-type=\"container\">\n\t\t\t\t<div class=\"elementor-element elementor-element-8ebd650 elementor-widget elementor-widget-image\" data-id=\"8ebd650\" data-element_type=\"widget\" data-e-type=\"widget\" data-widget_type=\"image.default\">\n\t\t\t\t<div class=\"elementor-widget-container\">\n\t\t\t\t\t\t\t\t\t\t\t\t\t\t\t\t<a href=\"https:\/\/familienhoerbuch.de\/wp-content\/uploads\/2025\/06\/prozess-v3-pfade-scaled.jpg\" data-elementor-open-lightbox=\"yes\" data-elementor-lightbox-title=\"prozess-v3-pfade\" data-e-action-hash=\"#elementor-action%3Aaction%3Dlightbox%26settings%3DeyJpZCI6MTA2MzgsInVybCI6Imh0dHBzOlwvXC9mYW1pbGllbmhvZXJidWNoLmRlXC93cC1jb250ZW50XC91cGxvYWRzXC8yMDI1XC8wNlwvcHJvemVzcy12My1wZmFkZS1zY2FsZWQuanBnIn0%3D\">\n\t\t\t\t\t\t\t<img decoding=\"async\" width=\"748\" height=\"1024\" src=\"https:\/\/familienhoerbuch.de\/wp-content\/uploads\/2025\/06\/prozess-v3-pfade-748x1024.jpg\" class=\"attachment-large size-large wp-image-10638\" alt=\"\" srcset=\"https:\/\/familienhoerbuch.de\/wp-content\/uploads\/2025\/06\/prozess-v3-pfade-748x1024.jpg 748w, https:\/\/familienhoerbuch.de\/wp-content\/uploads\/2025\/06\/prozess-v3-pfade-219x300.jpg 219w, https:\/\/familienhoerbuch.de\/wp-content\/uploads\/2025\/06\/prozess-v3-pfade-768x1051.jpg 768w, https:\/\/familienhoerbuch.de\/wp-content\/uploads\/2025\/06\/prozess-v3-pfade-1122x1536.jpg 1122w, https:\/\/familienhoerbuch.de\/wp-content\/uploads\/2025\/06\/prozess-v3-pfade-1496x2048.jpg 1496w, https:\/\/familienhoerbuch.de\/wp-content\/uploads\/2025\/06\/prozess-v3-pfade-scaled.jpg 1870w\" sizes=\"(max-width: 748px) 100vw, 748px\" \/>\t\t\t\t\t\t\t\t<\/a>\n\t\t\t\t\t\t\t\t\t\t\t\t\t\t\t<\/div>\n\t\t\t\t<\/div>\n\t\t\t\t<div class=\"elementor-element elementor-element-d05bfa5 elementor-hidden-tablet elementor-hidden-mobile elementor-icon-list--layout-traditional elementor-list-item-link-full_width elementor-widget elementor-widget-icon-list\" data-id=\"d05bfa5\" data-element_type=\"widget\" data-e-type=\"widget\" data-widget_type=\"icon-list.default\">\n\t\t\t\t<div class=\"elementor-widget-container\">\n\t\t\t\t\t\t\t<ul class=\"elementor-icon-list-items\">\n\t\t\t\t\t\t\t<li class=\"elementor-icon-list-item\">\n\t\t\t\t\t\t\t\t\t\t\t<a href=\"https:\/\/familienhoerbuch.de\/wp-content\/uploads\/2025\/06\/prozess-v3-pfade-scaled.jpg\">\n\n\t\t\t\t\t\t\t\t\t\t\t\t<span class=\"elementor-icon-list-icon\">\n\t\t\t\t\t\t\t<svg aria-hidden=\"true\" class=\"e-font-icon-svg e-fas-search-plus\" viewbox=\"0 0 512 512\" xmlns=\"http:\/\/www.w3.org\/2000\/svg\"><path d=\"M304 192v32c0 6.6-5.4 12-12 12h-56v56c0 6.6-5.4 12-12 12h-32c-6.6 0-12-5.4-12-12v-56h-56c-6.6 0-12-5.4-12-12v-32c0-6.6 5.4-12 12-12h56v-56c0-6.6 5.4-12 12-12h32c6.6 0 12 5.4 12 12v56h56c6.6 0 12 5.4 12 12zm201 284.7L476.7 505c-9.4 9.4-24.6 9.4-33.9 0L343 405.3c-4.5-4.5-7-10.6-7-17V372c-35.3 27.6-79.7 44-128 44C93.1 416 0 322.9 0 208S93.1 0 208 0s208 93.1 208 208c0 48.3-16.4 92.7-44 128h16.3c6.4 0 12.5 2.5 17 7l99.7 99.7c9.3 9.4 9.3 24.6 0 34zM344 208c0-75.2-60.8-136-136-136S72 132.8 72 208s60.8 136 136 136 136-60.8 136-136z\"><\/path><\/svg>\t\t\t\t\t\t<\/span>\n\t\t\t\t\t\t\t\t\t\t<span class=\"elementor-icon-list-text\"><i>Powi\u0119ksz grafik\u0119<\/i><\/span>\n\t\t\t\t\t\t\t\t\t\t\t<\/a>\n\t\t\t\t\t\t\t\t\t<\/li>\n\t\t\t\t\t\t<\/ul>\n\t\t\t\t\t\t<\/div>\n\t\t\t\t<\/div>\n\t\t\t\t<\/div>\n\t\t\t\t\t<\/div>\n\t\t\t\t<\/div>\n\t\t<div class=\"elementor-element elementor-element-05dd996 e-flex e-con-boxed e-con e-parent\" data-id=\"05dd996\" data-element_type=\"container\" data-e-type=\"container\" data-settings=\"{&quot;background_background&quot;:&quot;classic&quot;}\">\n\t\t\t\t\t<div class=\"e-con-inner\">\n\t\t<div class=\"elementor-element elementor-element-b54acf7 e-con-full e-flex e-con e-child\" data-id=\"b54acf7\" data-element_type=\"container\" data-e-type=\"container\">\n\t\t\t\t<div class=\"elementor-element elementor-element-12db218 elementor-widget elementor-widget-heading\" data-id=\"12db218\" data-element_type=\"widget\" data-e-type=\"widget\" data-widget_type=\"heading.default\">\n\t\t\t\t<div class=\"elementor-widget-container\">\n\t\t\t\t\t<h4 class=\"elementor-heading-title elementor-size-default\">Nagrywanie audiobooka<\/h4>\t\t\t\t<\/div>\n\t\t\t\t<\/div>\n\t\t\t\t<\/div>\n\t\t\t\t\t<\/div>\n\t\t\t\t<\/div>\n\t\t<div class=\"elementor-element elementor-element-427b780 e-grid e-con-boxed e-con e-parent\" data-id=\"427b780\" data-element_type=\"container\" data-e-type=\"container\" data-settings=\"{&quot;background_background&quot;:&quot;classic&quot;}\">\n\t\t\t\t\t<div class=\"e-con-inner\">\n\t\t<div class=\"elementor-element elementor-element-b1ff47b e-con-full e-flex e-con e-child\" data-id=\"b1ff47b\" data-element_type=\"container\" data-e-type=\"container\">\n\t\t\t\t<div class=\"elementor-element elementor-element-0e11376 elementor-widget elementor-widget-text-editor\" data-id=\"0e11376\" data-element_type=\"widget\" data-e-type=\"widget\" data-widget_type=\"text-editor.default\">\n\t\t\t\t<div class=\"elementor-widget-container\">\n\t\t\t\t\t\t\t\t\t<p>Otrzymasz gotowy audiobook rodzinny jako pliki audio za po\u015brednictwem us\u0142ugi przesy\u0142ania chronionej danymi. Ch\u0119tnie doradzimy, czy chcesz r\u00f3wnie\u017c zrobi\u0107 z niego dotykowy prezent, kt\u00f3ry mo\u017cesz przekaza\u0107 swoim bliskim.<\/p><p>Marcel nagra\u0142 r\u00f3wnie\u017c rodzinny audiobook i szczeg\u00f3\u0142owo opisuje w podca\u015bcie w BR swoje do\u015bwiadczenia z przygotowaniami do nagra\u0144 i sytuacj\u0105 wywiadu:<\/p><p><a href=\"https:\/\/www.br.de\/mediathek\/podcast\/eltern-ohne-filter\/marcel-vater-sein-ueber-den-tod-hinaus\/1857212\" target=\"_blank\" rel=\"noopener\">Mo\u017cesz pos\u0142ucha\u0107 tutaj \u00bb<\/a><\/p><p>Od czasu do czasu uczestnicy naszego projektu wydaj\u0105 ma\u0142e oryginalne fragmenty swoich rodzinnych audiobook\u00f3w, kt\u00f3re mog\u0105 s\u0142u\u017cy\u0107 jako przyk\u0142ad dla innych:<\/p><p><a href=\"https:\/\/www.instagram.com\/reel\/C52npoStMlu\/?utm_source=ig_web_copy_link&amp;igsh=MzRlODBiNWFlZA==\" target=\"_blank\" rel=\"noopener\"> Mo\u017cesz pos\u0142ucha\u0107 tutaj \u00bb<\/a><\/p><p>Otrzymujemy r\u00f3wnie\u017c informacje zwrotne po dniach nagrywania:<\/p><p><a href=\"https:\/\/www.instagram.com\/reel\/C9tz8YeNN2K\/?utm_source=ig_web_copy_link&amp;igsh=MzRlODBiNWFlZA==\" target=\"_blank\" rel=\"noopener\">Mo\u017cesz pos\u0142ucha\u0107 tutaj \u00bb<\/a><\/p>\t\t\t\t\t\t\t\t<\/div>\n\t\t\t\t<\/div>\n\t\t\t\t<\/div>\n\t\t<div class=\"elementor-element elementor-element-486b316 e-con-full e-flex e-con e-child\" data-id=\"486b316\" data-element_type=\"container\" data-e-type=\"container\">\n\t\t\t\t<div class=\"elementor-element elementor-element-277fb63 elementor-widget elementor-widget-text-editor\" data-id=\"277fb63\" data-element_type=\"widget\" data-e-type=\"widget\" data-widget_type=\"text-editor.default\">\n\t\t\t\t<div class=\"elementor-widget-container\">\n\t\t\t\t\t\t\t\t\t<p>Opowiadasz swoj\u0105 histori\u0119 \u017cycia stopniowo, w poszczeg\u00f3lnych rozdzia\u0142ach, kt\u00f3re s\u0105 dla Ciebie wa\u017cne. Do\u015bwiadczeni dziennikarze, kt\u00f3rzy s\u0105 certyfikowanymi biografami audio, towarzysz\u0105 Ci przez wspomnienia.<\/p><p>Wspieramy Ci\u0119 w przygotowaniach. Mo\u017cesz czyta\u0107 historie dla swoich dzieci, \u015bpiewa\u0107 piosenki, cytowa\u0107 poprzednie listy, wykonywa\u0107 wiersze lub przynosi\u0107 materia\u0142 d\u017awi\u0119kowy ze swojego \u017cycia (rejestrator kaset \/ materia\u0142 d\u017awi\u0119kowy ze starych wakacyjnych film\u00f3w lub tym podobne). Wybierasz utwory muzyczne, kt\u00f3re s\u0105 dla Ciebie wa\u017cne, opowiadasz o koncertach, filmach lub ulubionych programach z dzieci\u0144stwa. Pod koniec fazy wywiadu Tw\u00f3j biograf audio b\u0119dzie wsp\u00f3\u0142pracowa\u0142 z Tob\u0105 nad opracowaniem spisu tre\u015bci, przedmowy i pos\u0142owia, aby mo\u017cna by\u0142o \u0142atwiej wybra\u0107 poszczeg\u00f3lne rozdzia\u0142y audiobooka rodzinnego, kt\u00f3ry zwykle trwa kilka godzin.<\/p><p>Po nagraniach tworzymy audiobook z profesjonalnymi projektantami d\u017awi\u0119ku z wywiadu i materia\u0142u d\u017awi\u0119kowego. To sprawia, \u017ce Tw\u00f3j rodzinny audiobook jest zar\u00f3wno bardzo osobistym dokumentem Twojego \u017cycia, jak i audiobookiem z codziennymi, kulturalnymi i rodzinnymi historiami naszych czas\u00f3w.<\/p>\t\t\t\t\t\t\t\t<\/div>\n\t\t\t\t<\/div>\n\t\t\t\t<\/div>\n\t\t\t\t\t<\/div>\n\t\t\t\t<\/div>\n\t\t<div class=\"elementor-element elementor-element-887cbef e-flex e-con-boxed e-con e-parent\" data-id=\"887cbef\" data-element_type=\"container\" data-e-type=\"container\">\n\t\t\t\t\t<div class=\"e-con-inner\">\n\t\t<div class=\"elementor-element elementor-element-44653e9 e-con-full e-flex e-con e-child\" data-id=\"44653e9\" data-element_type=\"container\" data-e-type=\"container\">\n\t\t\t\t<div class=\"elementor-element elementor-element-8e7f3c4 elementor-widget elementor-widget-heading\" data-id=\"8e7f3c4\" data-element_type=\"widget\" data-e-type=\"widget\" data-widget_type=\"heading.default\">\n\t\t\t\t<div class=\"elementor-widget-container\">\n\t\t\t\t\t<h4 class=\"elementor-heading-title elementor-size-default\">Cz\u0119sto zadawane pytania<\/h4>\t\t\t\t<\/div>\n\t\t\t\t<\/div>\n\t\t\t\t<div class=\"elementor-element elementor-element-126e48a elementor-widget elementor-widget-accordion\" data-id=\"126e48a\" data-element_type=\"widget\" data-e-type=\"widget\" data-widget_type=\"accordion.default\">\n\t\t\t\t<div class=\"elementor-widget-container\">\n\t\t\t\t\t\t\t<div class=\"elementor-accordion\">\n\t\t\t\t\t\t\t<div class=\"elementor-accordion-item\">\n\t\t\t\t\t<div id=\"elementor-tab-title-1931\" class=\"elementor-tab-title\" data-tab=\"1\" role=\"button\" aria-controls=\"elementor-tab-content-1931\" aria-expanded=\"false\">\n\t\t\t\t\t\t\t\t\t\t\t\t\t<span class=\"elementor-accordion-icon elementor-accordion-icon-left\" aria-hidden=\"true\">\n\t\t\t\t\t\t\t\t\t\t\t\t\t\t\t<span class=\"elementor-accordion-icon-closed\"><svg class=\"e-font-icon-svg e-fas-plus\" viewbox=\"0 0 448 512\" xmlns=\"http:\/\/www.w3.org\/2000\/svg\"><path d=\"M416 208H272V64c0-17.67-14.33-32-32-32h-32c-17.67 0-32 14.33-32 32v144H32c-17.67 0-32 14.33-32 32v32c0 17.67 14.33 32 32 32h144v144c0 17.67 14.33 32 32 32h32c17.67 0 32-14.33 32-32V304h144c17.67 0 32-14.33 32-32v-32c0-17.67-14.33-32-32-32z\"><\/path><\/svg><\/span>\n\t\t\t\t\t\t\t\t<span class=\"elementor-accordion-icon-opened\"><svg class=\"e-font-icon-svg e-fas-minus\" viewbox=\"0 0 448 512\" xmlns=\"http:\/\/www.w3.org\/2000\/svg\"><path d=\"M416 208H32c-17.67 0-32 14.33-32 32v32c0 17.67 14.33 32 32 32h384c17.67 0 32-14.33 32-32v-32c0-17.67-14.33-32-32-32z\"><\/path><\/svg><\/span>\n\t\t\t\t\t\t\t\t\t\t\t\t\t\t<\/span>\n\t\t\t\t\t\t\t\t\t\t\t\t<a class=\"elementor-accordion-title\" tabindex=\"0\">Jak nagra\u0107 audiobooka?<\/a>\n\t\t\t\t\t<\/div>\n\t\t\t\t\t<div id=\"elementor-tab-content-1931\" class=\"elementor-tab-content elementor-clearfix\" data-tab=\"1\" role=\"region\" aria-labelledby=\"elementor-tab-title-1931\"><p>Do udzia\u0142u w projekcie audiobook mog\u0105 zg\u0142osi\u0107 si\u0119 matki i ojcowie, kt\u00f3rzy zmagaj\u0105 si\u0119 z nieuleczaln\u0105 chorob\u0105 i diagnoz\u0105 skracaj\u0105c\u0105 \u017cycie oraz maj\u0105 niepe\u0142noletnie dzieci. Nie oznacza to jednak, \u017ce twoja choroba jest ju\u017c bardzo zaawansowana lub \u017ce natychmiast nale\u017cy spodziewa\u0107 si\u0119 ogromnego pogorszenia. Skontaktuj si\u0119 z nami, nawet je\u015bli uwa\u017casz, \u017ce nadal jeste\u015b bardzo stabilny. Dzi\u0119ki swojej bardzo osobistej historii \u017cycia H\u00d6R przynosisz po drodze cenny prezent dla swoich dzieci.<\/p><p>Je\u015bli jeste\u015b zainteresowany nagraniem audiobooka, wy\u015blij zapytanie bezpo\u015brednio na adres e-mail: <a href=\"mailto:kontakt@familienhoerbuch.de\">kontakt@familienhoerbuch.de<\/a>.<\/p><p>Wy\u015blemy Ci \u201epodstawowy formularz\u201d, kt\u00f3ry musisz wype\u0142ni\u0107 i odes\u0142a\u0107 do nas tak szybko, jak to mo\u017cliwe. Gdy tylko b\u0119dziemy ze sob\u0105 w kontakcie, zaczynamy od wst\u0119pnego zaplanowania Twojego rodzinnego audiobooka.<\/p><\/div>\n\t\t\t\t<\/div>\n\t\t\t\t\t\t\t<div class=\"elementor-accordion-item\">\n\t\t\t\t\t<div id=\"elementor-tab-title-1932\" class=\"elementor-tab-title\" data-tab=\"2\" role=\"button\" aria-controls=\"elementor-tab-content-1932\" aria-expanded=\"false\">\n\t\t\t\t\t\t\t\t\t\t\t\t\t<span class=\"elementor-accordion-icon elementor-accordion-icon-left\" aria-hidden=\"true\">\n\t\t\t\t\t\t\t\t\t\t\t\t\t\t\t<span class=\"elementor-accordion-icon-closed\"><svg class=\"e-font-icon-svg e-fas-plus\" viewbox=\"0 0 448 512\" xmlns=\"http:\/\/www.w3.org\/2000\/svg\"><path d=\"M416 208H272V64c0-17.67-14.33-32-32-32h-32c-17.67 0-32 14.33-32 32v144H32c-17.67 0-32 14.33-32 32v32c0 17.67 14.33 32 32 32h144v144c0 17.67 14.33 32 32 32h32c17.67 0 32-14.33 32-32V304h144c17.67 0 32-14.33 32-32v-32c0-17.67-14.33-32-32-32z\"><\/path><\/svg><\/span>\n\t\t\t\t\t\t\t\t<span class=\"elementor-accordion-icon-opened\"><svg class=\"e-font-icon-svg e-fas-minus\" viewbox=\"0 0 448 512\" xmlns=\"http:\/\/www.w3.org\/2000\/svg\"><path d=\"M416 208H32c-17.67 0-32 14.33-32 32v32c0 17.67 14.33 32 32 32h384c17.67 0 32-14.33 32-32v-32c0-17.67-14.33-32-32-32z\"><\/path><\/svg><\/span>\n\t\t\t\t\t\t\t\t\t\t\t\t\t\t<\/span>\n\t\t\t\t\t\t\t\t\t\t\t\t<a class=\"elementor-accordion-title\" tabindex=\"0\">Ile kosztuje nagranie audiobooka?<\/a>\n\t\t\t\t\t<\/div>\n\t\t\t\t\t<div id=\"elementor-tab-content-1932\" class=\"elementor-tab-content elementor-clearfix\" data-tab=\"2\" role=\"region\" aria-labelledby=\"elementor-tab-title-1932\"><p>Rodzinne audiobooki s\u0105 bezp\u0142atne dla rodzin stoj\u0105cych przed diagnoz\u0105 skracaj\u0105c\u0105 \u017cycie.<\/p><p>Nikt nie musi przynosi\u0107 w\u0142asnych \u015brodk\u00f3w na \"sw\u00f3j rodzinny audiobook\", poniewa\u017c krewni lub przyjaciele by\u0142ych uczestnik\u00f3w zebrali ju\u017c darowizny i udost\u0119pnili je Familienh\u00f6rbuch gGmbH do swojej pracy. Aby jednak zabezpieczy\u0107 przysz\u0142e produkcje i zaoferowa\u0107 innym osobom mo\u017cliwo\u015b\u0107 nagrania bezp\u0142atnego audiobooka, prosimy wszystkich uczestnik\u00f3w i ich rodziny, krewnych i przyjaci\u00f3\u0142 o zebranie darowizn.<\/p><p>Czy masz jakie\u015b do\u015bwiadczenia z darowiznami lub kampaniami charytatywnymi? Nie ma problemu! We\u017amiemy ci\u0119 za r\u0119k\u0119 i staniemy u twego boku. Skontaktuj si\u0119 z naszym zespo\u0142em fundraisingowym: <a href=\"mailto:spenden@familienhoerbuch.de\">spenden@familienhoerbuch.de<\/a>.<\/p><\/div>\n\t\t\t\t<\/div>\n\t\t\t\t\t\t\t<div class=\"elementor-accordion-item\">\n\t\t\t\t\t<div id=\"elementor-tab-title-1933\" class=\"elementor-tab-title\" data-tab=\"3\" role=\"button\" aria-controls=\"elementor-tab-content-1933\" aria-expanded=\"false\">\n\t\t\t\t\t\t\t\t\t\t\t\t\t<span class=\"elementor-accordion-icon elementor-accordion-icon-left\" aria-hidden=\"true\">\n\t\t\t\t\t\t\t\t\t\t\t\t\t\t\t<span class=\"elementor-accordion-icon-closed\"><svg class=\"e-font-icon-svg e-fas-plus\" viewbox=\"0 0 448 512\" xmlns=\"http:\/\/www.w3.org\/2000\/svg\"><path d=\"M416 208H272V64c0-17.67-14.33-32-32-32h-32c-17.67 0-32 14.33-32 32v144H32c-17.67 0-32 14.33-32 32v32c0 17.67 14.33 32 32 32h144v144c0 17.67 14.33 32 32 32h32c17.67 0 32-14.33 32-32V304h144c17.67 0 32-14.33 32-32v-32c0-17.67-14.33-32-32-32z\"><\/path><\/svg><\/span>\n\t\t\t\t\t\t\t\t<span class=\"elementor-accordion-icon-opened\"><svg class=\"e-font-icon-svg e-fas-minus\" viewbox=\"0 0 448 512\" xmlns=\"http:\/\/www.w3.org\/2000\/svg\"><path d=\"M416 208H32c-17.67 0-32 14.33-32 32v32c0 17.67 14.33 32 32 32h384c17.67 0 32-14.33 32-32v-32c0-17.67-14.33-32-32-32z\"><\/path><\/svg><\/span>\n\t\t\t\t\t\t\t\t\t\t\t\t\t\t<\/span>\n\t\t\t\t\t\t\t\t\t\t\t\t<a class=\"elementor-accordion-title\" tabindex=\"0\">Ile czasu zajmuje nagranie audiobooka?<\/a>\n\t\t\t\t\t<\/div>\n\t\t\t\t\t<div id=\"elementor-tab-content-1933\" class=\"elementor-tab-content elementor-clearfix\" data-tab=\"3\" role=\"region\" aria-labelledby=\"elementor-tab-title-1933\"><p>Niezale\u017cnie od tego, czy b\u0119d\u0105 to trzy pe\u0142ne dni, czy sze\u015b\u0107 i p\u00f3\u0142 dnia \u2013 czy to online, czy na bezpo\u015brednim spotkaniu \u2013 doradzimy Ci i b\u0119dziemy z Tob\u0105 wsp\u00f3\u0142pracowa\u0107, aby znale\u017a\u0107 odpowiednie miejsce i czas.<\/p><p>Mo\u017cemy zaplanowa\u0107 odpowiedni\u0105 ilo\u015b\u0107 czasu na wywiady w twoich okoliczno\u015bciach i nagra\u0107 nagrania d\u017awi\u0119kowe w studiu nagraniowym, ale tak\u017ce w szpitalu, hospicjum lub domu, je\u015bli twoje si\u0142y nie pozwalaj\u0105 ju\u017c na wywiady trwaj\u0105ce kilka godzin. A je\u015bli w domu jest zbyt ponuro, a ty nie masz spokoju, my r\u00f3wnie\u017c znajdziemy na to rozwi\u0105zanie.<\/p><\/div>\n\t\t\t\t<\/div>\n\t\t\t\t\t\t\t<div class=\"elementor-accordion-item\">\n\t\t\t\t\t<div id=\"elementor-tab-title-1934\" class=\"elementor-tab-title\" data-tab=\"4\" role=\"button\" aria-controls=\"elementor-tab-content-1934\" aria-expanded=\"false\">\n\t\t\t\t\t\t\t\t\t\t\t\t\t<span class=\"elementor-accordion-icon elementor-accordion-icon-left\" aria-hidden=\"true\">\n\t\t\t\t\t\t\t\t\t\t\t\t\t\t\t<span class=\"elementor-accordion-icon-closed\"><svg class=\"e-font-icon-svg e-fas-plus\" viewbox=\"0 0 448 512\" xmlns=\"http:\/\/www.w3.org\/2000\/svg\"><path d=\"M416 208H272V64c0-17.67-14.33-32-32-32h-32c-17.67 0-32 14.33-32 32v144H32c-17.67 0-32 14.33-32 32v32c0 17.67 14.33 32 32 32h144v144c0 17.67 14.33 32 32 32h32c17.67 0 32-14.33 32-32V304h144c17.67 0 32-14.33 32-32v-32c0-17.67-14.33-32-32-32z\"><\/path><\/svg><\/span>\n\t\t\t\t\t\t\t\t<span class=\"elementor-accordion-icon-opened\"><svg class=\"e-font-icon-svg e-fas-minus\" viewbox=\"0 0 448 512\" xmlns=\"http:\/\/www.w3.org\/2000\/svg\"><path d=\"M416 208H32c-17.67 0-32 14.33-32 32v32c0 17.67 14.33 32 32 32h384c17.67 0 32-14.33 32-32v-32c0-17.67-14.33-32-32-32z\"><\/path><\/svg><\/span>\n\t\t\t\t\t\t\t\t\t\t\t\t\t\t<\/span>\n\t\t\t\t\t\t\t\t\t\t\t\t<a class=\"elementor-accordion-title\" tabindex=\"0\">Komu opowiadasz o swoim \u017cyciu?<\/a>\n\t\t\t\t\t<\/div>\n\t\t\t\t\t<div id=\"elementor-tab-content-1934\" class=\"elementor-tab-content elementor-clearfix\" data-tab=\"4\" role=\"region\" aria-labelledby=\"elementor-tab-title-1934\"><p>Nasi biografowie audio to profesjonalni dziennikarze, kt\u00f3rzy zostali przeszkoleni w Akademii Medycyny Paliatywnej w Bonn pod kierunkiem Prof. Radbrucha, Dyrektora Kliniki Opieki Paliatywnej w Bonn, oraz Judith Gr\u00fcmmer. W mi\u0119dzyczasie powsta\u0142a og\u00f3lnoniemiecka sie\u0107 biograf\u00f3w audio, kt\u00f3ra umo\u017cliwia wysoki stopie\u0144 elastyczno\u015bci czasowej i przestrzennej.<\/p><p>Nasi projektanci d\u017awi\u0119ku, kt\u00f3rzy nast\u0119pnie przygotowuj\u0105 nagrania i muzycznie gorsi, s\u0105 r\u00f3wnie\u017c stale szkoleni i s\u0105 \u015bwiadomi wysokiej odpowiedzialno\u015bci za swoje zadanie.<\/p><\/div>\n\t\t\t\t<\/div>\n\t\t\t\t\t\t\t<div class=\"elementor-accordion-item\">\n\t\t\t\t\t<div id=\"elementor-tab-title-1935\" class=\"elementor-tab-title\" data-tab=\"5\" role=\"button\" aria-controls=\"elementor-tab-content-1935\" aria-expanded=\"false\">\n\t\t\t\t\t\t\t\t\t\t\t\t\t<span class=\"elementor-accordion-icon elementor-accordion-icon-left\" aria-hidden=\"true\">\n\t\t\t\t\t\t\t\t\t\t\t\t\t\t\t<span class=\"elementor-accordion-icon-closed\"><svg class=\"e-font-icon-svg e-fas-plus\" viewbox=\"0 0 448 512\" xmlns=\"http:\/\/www.w3.org\/2000\/svg\"><path d=\"M416 208H272V64c0-17.67-14.33-32-32-32h-32c-17.67 0-32 14.33-32 32v144H32c-17.67 0-32 14.33-32 32v32c0 17.67 14.33 32 32 32h144v144c0 17.67 14.33 32 32 32h32c17.67 0 32-14.33 32-32V304h144c17.67 0 32-14.33 32-32v-32c0-17.67-14.33-32-32-32z\"><\/path><\/svg><\/span>\n\t\t\t\t\t\t\t\t<span class=\"elementor-accordion-icon-opened\"><svg class=\"e-font-icon-svg e-fas-minus\" viewbox=\"0 0 448 512\" xmlns=\"http:\/\/www.w3.org\/2000\/svg\"><path d=\"M416 208H32c-17.67 0-32 14.33-32 32v32c0 17.67 14.33 32 32 32h384c17.67 0 32-14.33 32-32v-32c0-17.67-14.33-32-32-32z\"><\/path><\/svg><\/span>\n\t\t\t\t\t\t\t\t\t\t\t\t\t\t<\/span>\n\t\t\t\t\t\t\t\t\t\t\t\t<a class=\"elementor-accordion-title\" tabindex=\"0\">Psychologiczny akompaniament podczas nagrywania audiobooka <\/a>\n\t\t\t\t\t<\/div>\n\t\t\t\t\t<div id=\"elementor-tab-content-1935\" class=\"elementor-tab-content elementor-clearfix\" data-tab=\"5\" role=\"region\" aria-labelledby=\"elementor-tab-title-1935\"><p>Uczestnicy bior\u0105cy udzia\u0142 w projekcie otrzymaj\u0105 psychologiczn\u0105 interwencj\u0119 kryzysow\u0105 w trakcie trwania projektu. Gwarantuje to, \u017ce masz przy sobie profesjonaln\u0105 osob\u0119 kontaktow\u0105 podczas pracy nad projektem, kt\u00f3ra mo\u017ce kompetentnie odpowiedzie\u0107 na Twoje pytania i obawy dotycz\u0105ce audiobiografii i komunikacji w rodzinie.<\/p><\/div>\n\t\t\t\t<\/div>\n\t\t\t\t\t\t\t\t<\/div>\n\t\t\t\t\t\t<\/div>\n\t\t\t\t<\/div>\n\t\t\t\t<\/div>\n\t\t\t\t\t<\/div>\n\t\t\t\t<\/div>\n\t\t\t\t<\/div>","protected":false},"excerpt":{"rendered":"<p>Twoja droga do w\u0142asnego audiobooka Ka\u017cda historia \u017cycia jest warta opowiedzenia i pozostawienia za sob\u0105. Dlatego tworzymy biografie nieuleczalnie chorych ludzi na wieczno\u015b\u0107 jako dar na przysz\u0142o\u015b\u0107. Narracje s\u0105 dramaturgicznie zaprojektowane przy u\u017cyciu najnowocze\u015bniejszych technik audioreporta\u017cu (specjalna struktura \/ struktura \/ edycja). Po \u015bmierci rodzica audiobooki wspieraj\u0105 ocala\u0142\u0105 rodzin\u0119, zw\u0142aszcza dzieci.<\/p>","protected":false},"author":1,"featured_media":0,"parent":0,"menu_order":0,"comment_status":"closed","ping_status":"closed","template":"","meta":{"_acf_changed":false,"footnotes":""},"class_list":["post-82","page","type-page","status-publish","hentry"],"acf":[],"_links":{"self":[{"href":"https:\/\/familienhoerbuch.de\/pl\/wp-json\/wp\/v2\/pages\/82","targetHints":{"allow":["GET"]}}],"collection":[{"href":"https:\/\/familienhoerbuch.de\/pl\/wp-json\/wp\/v2\/pages"}],"about":[{"href":"https:\/\/familienhoerbuch.de\/pl\/wp-json\/wp\/v2\/types\/page"}],"author":[{"embeddable":true,"href":"https:\/\/familienhoerbuch.de\/pl\/wp-json\/wp\/v2\/users\/1"}],"replies":[{"embeddable":true,"href":"https:\/\/familienhoerbuch.de\/pl\/wp-json\/wp\/v2\/comments?post=82"}],"version-history":[{"count":0,"href":"https:\/\/familienhoerbuch.de\/pl\/wp-json\/wp\/v2\/pages\/82\/revisions"}],"wp:attachment":[{"href":"https:\/\/familienhoerbuch.de\/pl\/wp-json\/wp\/v2\/media?parent=82"}],"curies":[{"name":"wp","href":"https:\/\/api.w.org\/{rel}","templated":true}]}}