{"id":13002,"date":"2025-11-04T11:07:36","date_gmt":"2025-11-04T10:07:36","guid":{"rendered":"https:\/\/familienhoerbuch.de\/?page_id=13002"},"modified":"2026-03-25T08:56:02","modified_gmt":"2026-03-25T07:56:02","slug":"geschenkspende","status":"publish","type":"page","link":"https:\/\/familienhoerbuch.de\/pl\/geschenkspende\/","title":{"rendered":"Darowizna podarunkowa"},"content":{"rendered":"<div data-elementor-type=\"wp-page\" data-elementor-id=\"13002\" class=\"elementor elementor-13002\" data-elementor-post-type=\"page\">\n\t\t\t\t<div class=\"elementor-element elementor-element-8a4a0b7 e-flex e-con-boxed e-con e-parent\" data-id=\"8a4a0b7\" data-element_type=\"container\" data-e-type=\"container\">\n\t\t\t\t\t<div class=\"e-con-inner\">\n\t\t<div class=\"elementor-element elementor-element-c6f6c8a e-con-full e-flex e-con e-child\" data-id=\"c6f6c8a\" data-element_type=\"container\" data-e-type=\"container\">\n\t\t\t\t<div class=\"elementor-element elementor-element-1155179 elementor-widget elementor-widget-heading\" data-id=\"1155179\" data-element_type=\"widget\" data-e-type=\"widget\" data-widget_type=\"heading.default\">\n\t\t\t\t<div class=\"elementor-widget-container\">\n\t\t\t\t\t<h4 class=\"elementor-heading-title elementor-size-default\">Daj mi\u0142o\u015b\u0107 do uszu<\/h4>\t\t\t\t<\/div>\n\t\t\t\t<\/div>\n\t\t\t\t<div class=\"elementor-element elementor-element-79c7ac6 elementor-widget elementor-widget-text-editor\" data-id=\"79c7ac6\" data-element_type=\"widget\" data-e-type=\"widget\" data-widget_type=\"text-editor.default\">\n\t\t\t\t<div class=\"elementor-widget-container\">\n\t\t\t\t\t\t\t\t\t<p>Czasami jest to <b>Najpi\u0119kniejszy prezent <\/b>Nie jest to przedmiot, ale <b>Oznaka \u0142\u0105czno\u015bci<\/b>. Przekazuj\u0105c darowizn\u0119 w imieniu ukochanej osoby w dobrej sprawie, dajesz wi\u0119cej ni\u017c s\u0142owa mog\u0105 powiedzie\u0107: Twoja darowizna umo\u017cliwia nieuleczalnie chorym rodzicom pozostawienie historii swojego \u017cycia jako g\u0142osu dla swoich dzieci.<\/p>\n<p>Ka\u017cda darowizna, du\u017ca lub ma\u0142a, pomaga zachowa\u0107 wspomnienia i zapewni\u0107 pocieszenie i wsparcie rodzinom. Jako<b> Pami\u0119\u0107 o mi\u0142o\u015bci<\/b> Otrzymasz <b>czyn<\/b>, kt\u00f3r\u0105 mo\u017cesz zaprezentowa\u0107 \u2013 specjalny prezent na przysz\u0142o\u015b\u0107, kt\u00f3ry \u0142\u0105czy.<\/p>\t\t\t\t\t\t\t\t<\/div>\n\t\t\t\t<\/div>\n\t\t\t\t<div class=\"elementor-element elementor-element-bebe180 elementor-widget elementor-widget-text-editor\" data-id=\"bebe180\" data-element_type=\"widget\" data-e-type=\"widget\" data-widget_type=\"text-editor.default\">\n\t\t\t\t<div class=\"elementor-widget-container\">\n\t\t\t\t\t\t\t\t\t<ol><li>Wybierz kwot\u0119 darowizny<\/li><li>Zdefiniuj po\u017c\u0105dany motyw<\/li><li>Wprowad\u017a swoje dane osobowe i wy\u015blij darowizn\u0119<\/li><li>Otrzymaj bon upominkowy<\/li><\/ol>\t\t\t\t\t\t\t\t<\/div>\n\t\t\t\t<\/div>\n\t\t\t\t<\/div>\n\t\t<div class=\"elementor-element elementor-element-8cc4cbf e-con-full e-flex e-con e-child\" data-id=\"8cc4cbf\" data-element_type=\"container\" data-e-type=\"container\" data-settings=\"{&quot;background_background&quot;:&quot;classic&quot;}\">\n\t\t\t\t<div class=\"elementor-element elementor-element-5467194 elementor-widget elementor-widget-image\" data-id=\"5467194\" data-element_type=\"widget\" data-e-type=\"widget\" data-widget_type=\"image.default\">\n\t\t\t\t<div class=\"elementor-widget-container\">\n\t\t\t\t\t\t\t\t\t\t\t\t\t\t\t\t<a href=\"https:\/\/familienhoerbuch.de\/wp-content\/uploads\/2026\/03\/mockup-illu-geschenkspende-normal.png\" data-elementor-open-lightbox=\"no\">\n\t\t\t\t\t\t\t<img fetchpriority=\"high\" decoding=\"async\" width=\"600\" height=\"575\" src=\"https:\/\/familienhoerbuch.de\/wp-content\/uploads\/2026\/03\/mockup-illu-geschenkspende-normal.png\" class=\"attachment-large size-large wp-image-14664\" alt=\"\" srcset=\"https:\/\/familienhoerbuch.de\/wp-content\/uploads\/2026\/03\/mockup-illu-geschenkspende-normal.png 600w, https:\/\/familienhoerbuch.de\/wp-content\/uploads\/2026\/03\/mockup-illu-geschenkspende-normal-300x288.png 300w\" sizes=\"(max-width: 600px) 100vw, 600px\" \/>\t\t\t\t\t\t\t\t<\/a>\n\t\t\t\t\t\t\t\t\t\t\t\t\t\t\t<\/div>\n\t\t\t\t<\/div>\n\t\t\t\t<\/div>\n\t\t\t\t\t<\/div>\n\t\t\t\t<\/div>\n\t\t<div class=\"elementor-element elementor-element-3710970 e-flex e-con-boxed e-con e-parent\" data-id=\"3710970\" data-element_type=\"container\" data-e-type=\"container\">\n\t\t\t\t\t<div class=\"e-con-inner\">\n\t\t\t\t<div class=\"elementor-element elementor-element-9e603e5 elementor-widget elementor-widget-shortcode\" data-id=\"9e603e5\" data-element_type=\"widget\" data-e-type=\"widget\" data-widget_type=\"shortcode.default\">\n\t\t\t\t<div class=\"elementor-widget-container\">\n\t\t\t\t\t\t\t<div class=\"elementor-shortcode\"><script type=\"text\/javascript\" src=\"https:\/\/secure.fundraisingbox.com\/app\/paymentJS?is_gift_donation=1&hash=43r9q5vo8h7gkob2\"><\/script>\n    <noscript>Prosz\u0119 aktywowa\u0107 Javascript<\/noscript>\n    <a target=\"_blank\" href=\"https:\/\/www.fundraisingbox.com\/?utm_source=donation_form\">\n        <img decoding=\"async\" border=\"0\" style=\"border: 0 !important\" src=\"https:\/\/secure.fundraisingbox.com\/images\/FundraisingBox-Logo-Widget.png\" alt=\"Logo FundraisingBox\" \/>\n    <\/a><\/div>\n\t\t\t\t\t\t<\/div>\n\t\t\t\t<\/div>\n\t\t\t\t\t<\/div>\n\t\t\t\t<\/div>\n\t\t\t\t<\/div>","protected":false},"excerpt":{"rendered":"<p>Czasami najpi\u0119kniejszym prezentem nie jest przedmiot, ale znak po\u0142\u0105czenia. Przekazuj\u0105c darowizn\u0119 w imieniu ukochanej osoby w dobrej sprawie, dajesz wi\u0119cej ni\u017c s\u0142owa mog\u0105 powiedzie\u0107: Twoja darowizna umo\u017cliwia nieuleczalnie chorym rodzicom pozostawienie historii swojego \u017cycia jako g\u0142osu dla swoich dzieci. [\u2026]<\/p>","protected":false},"author":7,"featured_media":0,"parent":0,"menu_order":0,"comment_status":"closed","ping_status":"closed","template":"","meta":{"_acf_changed":false,"footnotes":""},"class_list":["post-13002","page","type-page","status-publish","hentry"],"acf":[],"_links":{"self":[{"href":"https:\/\/familienhoerbuch.de\/pl\/wp-json\/wp\/v2\/pages\/13002","targetHints":{"allow":["GET"]}}],"collection":[{"href":"https:\/\/familienhoerbuch.de\/pl\/wp-json\/wp\/v2\/pages"}],"about":[{"href":"https:\/\/familienhoerbuch.de\/pl\/wp-json\/wp\/v2\/types\/page"}],"author":[{"embeddable":true,"href":"https:\/\/familienhoerbuch.de\/pl\/wp-json\/wp\/v2\/users\/7"}],"replies":[{"embeddable":true,"href":"https:\/\/familienhoerbuch.de\/pl\/wp-json\/wp\/v2\/comments?post=13002"}],"version-history":[{"count":0,"href":"https:\/\/familienhoerbuch.de\/pl\/wp-json\/wp\/v2\/pages\/13002\/revisions"}],"wp:attachment":[{"href":"https:\/\/familienhoerbuch.de\/pl\/wp-json\/wp\/v2\/media?parent=13002"}],"curies":[{"name":"wp","href":"https:\/\/api.w.org\/{rel}","templated":true}]}}