{"id":10213,"date":"2025-04-28T10:00:50","date_gmt":"2025-04-28T08:00:50","guid":{"rendered":"https:\/\/familienhoerbuch.de\/?page_id=10213"},"modified":"2025-04-29T13:22:57","modified_gmt":"2025-04-29T11:22:57","slug":"nachlass-regeln","status":"publish","type":"page","link":"https:\/\/familienhoerbuch.de\/pl\/nachlass-regeln\/","title":{"rendered":"Zasady wynagradzania"},"content":{"rendered":"<div data-elementor-type=\"wp-page\" data-elementor-id=\"10213\" class=\"elementor elementor-10213\" data-elementor-post-type=\"page\">\n\t\t\t\t<div class=\"elementor-element elementor-element-cf160a6 e-flex e-con-boxed e-con e-parent\" data-id=\"cf160a6\" data-element_type=\"container\" data-e-type=\"container\">\n\t\t\t\t\t<div class=\"e-con-inner\">\n\t\t<div class=\"elementor-element elementor-element-bf0c91b e-con-full e-flex e-con e-child\" data-id=\"bf0c91b\" data-element_type=\"container\" data-e-type=\"container\">\n\t\t\t\t<div class=\"elementor-element elementor-element-54dc142 elementor-widget elementor-widget-heading\" data-id=\"54dc142\" data-element_type=\"widget\" data-e-type=\"widget\" data-widget_type=\"heading.default\">\n\t\t\t\t<div class=\"elementor-widget-container\">\n\t\t\t\t\t<h4 class=\"elementor-heading-title elementor-size-default\">Erblotse - generator woli<\/h4>\t\t\t\t<\/div>\n\t\t\t\t<\/div>\n\t\t\t\t<div class=\"elementor-element elementor-element-01f544e elementor-widget elementor-widget-text-editor\" data-id=\"01f544e\" data-element_type=\"widget\" data-e-type=\"widget\" data-widget_type=\"text-editor.default\">\n\t\t\t\t<div class=\"elementor-widget-container\">\n\t\t\t\t\t\t\t\t\t<p><span class=\"break-words tvm-parent-container\"><span dir=\"ltr\">Regulacja osiedla jest trudnym tematem, zar\u00f3wno pod wzgl\u0119dem tre\u015bci, jak i emocji. <\/span><\/span><\/p><p>Tak zwany Otto normalny konsument postrzega w wielu przypadkach konsultacj\u0119 z prawnikiem i notarialnie od notariusza jako \u015brodek wyboru. Wi\u0105\u017ce to czas i zasoby pieni\u0119\u017cne i mo\u017ce stanowi\u0107 dodatkow\u0105 przeszkod\u0119.<\/p><p>Familienh\u00f6rbuch gGmbH odkry\u0142 nieskomplikowane rozwi\u0105zanie, kt\u00f3re zosta\u0142o teraz mocno wdro\u017cone jako us\u0142uga dla rodzinnej spo\u0142eczno\u015bci audiobook\u00f3w: Erblotse, w\u0142a\u015bc.<\/p><p>Generator testamentu daje szybki przegl\u0105d mo\u017cliwych spadkobierc\u00f3w prawnych i ich minimalnych roszcze\u0144, otwiera r\u00f3wnie\u017c mo\u017cliwo\u015b\u0107 wej\u015bcia i wsparcia innych krewnych, przyjaci\u00f3\u0142 lub organizacji, a ostatecznie ostateczn\u0105 wersj\u0119 mo\u017cna pobra\u0107 bezp\u0142atnie. Wa\u017cne: Aby dokument ten zosta\u0142 uznany za prawnie bezpieczny w Niemczech, musi zosta\u0107 skopiowany i podpisany przez autora.<\/p>\t\t\t\t\t\t\t\t<\/div>\n\t\t\t\t<\/div>\n\t\t\t\t<\/div>\n\t\t<div class=\"elementor-element elementor-element-5abbf54 e-con-full e-flex e-con e-child\" data-id=\"5abbf54\" data-element_type=\"container\" data-e-type=\"container\">\n\t\t\t\t<div class=\"elementor-element elementor-element-63996bb elementor-widget elementor-widget-html\" data-id=\"63996bb\" data-element_type=\"widget\" data-e-type=\"widget\" data-widget_type=\"html.default\">\n\t\t\t\t<div class=\"elementor-widget-container\">\n\t\t\t\t\t<iframe src=\"https:\/\/vererben.erblotse.de\/p\/familienhoerbuch?workflow=funnel_1\" style=\"height: 600px; width: 100%; border: none; margin-top:1rem;\"><\/iframe>\t\t\t\t<\/div>\n\t\t\t\t<\/div>\n\t\t\t\t<\/div>\n\t\t\t\t\t<\/div>\n\t\t\t\t<\/div>\n\t\t<div class=\"elementor-element elementor-element-1f7199d e-flex e-con-boxed e-con e-parent\" data-id=\"1f7199d\" data-element_type=\"container\" data-e-type=\"container\" data-settings=\"{&quot;background_background&quot;:&quot;classic&quot;}\">\n\t\t\t\t\t<div class=\"e-con-inner\">\n\t\t<div class=\"elementor-element elementor-element-61e4e8c e-con-full e-flex e-con e-child\" data-id=\"61e4e8c\" data-element_type=\"container\" data-e-type=\"container\">\n\t\t\t\t<div class=\"elementor-element elementor-element-3e92f68 elementor-widget elementor-widget-heading\" data-id=\"3e92f68\" data-element_type=\"widget\" data-e-type=\"widget\" data-widget_type=\"heading.default\">\n\t\t\t\t<div class=\"elementor-widget-container\">\n\t\t\t\t\t<h4 class=\"elementor-heading-title elementor-size-default\">Wi\u0119cej informacji o generatorze Will<\/h4>\t\t\t\t<\/div>\n\t\t\t\t<\/div>\n\t\t\t\t<\/div>\n\t\t\t\t\t<\/div>\n\t\t\t\t<\/div>\n\t\t<div class=\"elementor-element elementor-element-395186c e-grid e-con-boxed e-con e-parent\" data-id=\"395186c\" data-element_type=\"container\" data-e-type=\"container\" data-settings=\"{&quot;background_background&quot;:&quot;classic&quot;}\">\n\t\t\t\t\t<div class=\"e-con-inner\">\n\t\t<div class=\"elementor-element elementor-element-58eab20 e-con-full e-flex e-con e-child\" data-id=\"58eab20\" data-element_type=\"container\" data-e-type=\"container\">\n\t\t\t\t<div class=\"elementor-element elementor-element-1468d4e elementor-widget elementor-widget-text-editor\" data-id=\"1468d4e\" data-element_type=\"widget\" data-e-type=\"widget\" data-widget_type=\"text-editor.default\">\n\t\t\t\t<div class=\"elementor-widget-container\">\n\t\t\t\t\t\t\t\t\t<p>Erblotse sprawia, \u017ce dziedziczenie i dziedziczenie jest \u0142atwe, dzi\u0119ki czemu po utracie bliskiej osoby nie pozostaje zbyt wiele pyta\u0144 bez odpowiedzi. Zak\u0142opotani krewni, kt\u00f3rzy maj\u0105 do czynienia z biurokratycznym wysi\u0142kiem i cz\u0119sto rodzinn\u0105 niezgod\u0105, nale\u017c\u0105 zatem do przesz\u0142o\u015bci. Us\u0142uga Erblotse oferuje przewodnik krok po kroku, kt\u00f3ry pozwala ka\u017cdej osobie indywidualnie zarz\u0105dza\u0107 w\u0142asnym maj\u0105tkiem, zgodnie z \u017cyczeniem.<\/p><p>Na przyk\u0142ad Brigitte Zypries zasiada w radzie doradczej Erblotse. Niemiecki polityk dzia\u0142a\u0142 m.in. jako federalny minister sprawiedliwo\u015bci oraz w dziedzinie gospodarki i energii i do 2017 r. nale\u017ca\u0142 do niemieckiego Bundestagu. Podkre\u015blono w nim: <em>\u201eDziedziczny pilot pomaga w biurokracji wok\u00f3\u0142 spadkobiercy, dzi\u0119ki czemu masz wi\u0119cej czasu na op\u0142akiwanie. Dlatego ciesz\u0119 si\u0119, \u017ce jestem cz\u0142onkiem rady doradczej\u201d.<\/em><\/p>\t\t\t\t\t\t\t\t<\/div>\n\t\t\t\t<\/div>\n\t\t\t\t<\/div>\n\t\t<div class=\"elementor-element elementor-element-b50a1bf e-con-full e-flex e-con e-child\" data-id=\"b50a1bf\" data-element_type=\"container\" data-e-type=\"container\">\n\t\t\t\t<div class=\"elementor-element elementor-element-9f87a55 elementor-widget elementor-widget-image\" data-id=\"9f87a55\" data-element_type=\"widget\" data-e-type=\"widget\" data-widget_type=\"image.default\">\n\t\t\t\t<div class=\"elementor-widget-container\">\n\t\t\t\t\t\t\t\t\t\t\t\t\t\t\t<img fetchpriority=\"high\" decoding=\"async\" width=\"278\" height=\"295\" src=\"https:\/\/familienhoerbuch.de\/wp-content\/uploads\/2025\/04\/665db357a4986be4a2364bfe_Erblotse-Materials.png\" class=\"attachment-large size-large wp-image-10215\" alt=\"\" \/>\t\t\t\t\t\t\t\t\t\t\t\t\t\t\t<\/div>\n\t\t\t\t<\/div>\n\t\t\t\t<\/div>\n\t\t\t\t\t<\/div>\n\t\t\t\t<\/div>\n\t\t<div class=\"elementor-element elementor-element-fafe299 e-flex e-con-boxed e-con e-parent\" data-id=\"fafe299\" data-element_type=\"container\" data-e-type=\"container\">\n\t\t\t\t\t<div class=\"e-con-inner\">\n\t\t<div class=\"elementor-element elementor-element-494afe2 e-con-full e-flex e-con e-child\" data-id=\"494afe2\" data-element_type=\"container\" data-e-type=\"container\">\n\t\t\t\t<div class=\"elementor-element elementor-element-acb3323 elementor-widget elementor-widget-heading\" data-id=\"acb3323\" data-element_type=\"widget\" data-e-type=\"widget\" data-widget_type=\"heading.default\">\n\t\t\t\t<div class=\"elementor-widget-container\">\n\t\t\t\t\t<h4 class=\"elementor-heading-title elementor-size-default\">Cz\u0119sto zadawane pytania dotycz\u0105ce generatora testament\u00f3w<\/h4>\t\t\t\t<\/div>\n\t\t\t\t<\/div>\n\t\t\t\t<div class=\"elementor-element elementor-element-aaee1a9 elementor-widget elementor-widget-accordion\" data-id=\"aaee1a9\" data-element_type=\"widget\" data-e-type=\"widget\" data-widget_type=\"accordion.default\">\n\t\t\t\t<div class=\"elementor-widget-container\">\n\t\t\t\t\t\t\t<div class=\"elementor-accordion\">\n\t\t\t\t\t\t\t<div class=\"elementor-accordion-item\">\n\t\t\t\t\t<div id=\"elementor-tab-title-1791\" class=\"elementor-tab-title\" data-tab=\"1\" role=\"button\" aria-controls=\"elementor-tab-content-1791\" aria-expanded=\"false\">\n\t\t\t\t\t\t\t\t\t\t\t\t\t<span class=\"elementor-accordion-icon elementor-accordion-icon-left\" aria-hidden=\"true\">\n\t\t\t\t\t\t\t\t\t\t\t\t\t\t\t<span class=\"elementor-accordion-icon-closed\"><svg class=\"e-font-icon-svg e-fas-plus\" viewbox=\"0 0 448 512\" xmlns=\"http:\/\/www.w3.org\/2000\/svg\"><path d=\"M416 208H272V64c0-17.67-14.33-32-32-32h-32c-17.67 0-32 14.33-32 32v144H32c-17.67 0-32 14.33-32 32v32c0 17.67 14.33 32 32 32h144v144c0 17.67 14.33 32 32 32h32c17.67 0 32-14.33 32-32V304h144c17.67 0 32-14.33 32-32v-32c0-17.67-14.33-32-32-32z\"><\/path><\/svg><\/span>\n\t\t\t\t\t\t\t\t<span class=\"elementor-accordion-icon-opened\"><svg class=\"e-font-icon-svg e-fas-minus\" viewbox=\"0 0 448 512\" xmlns=\"http:\/\/www.w3.org\/2000\/svg\"><path d=\"M416 208H32c-17.67 0-32 14.33-32 32v32c0 17.67 14.33 32 32 32h384c17.67 0 32-14.33 32-32v-32c0-17.67-14.33-32-32-32z\"><\/path><\/svg><\/span>\n\t\t\t\t\t\t\t\t\t\t\t\t\t\t<\/span>\n\t\t\t\t\t\t\t\t\t\t\t\t<a class=\"elementor-accordion-title\" tabindex=\"0\">Czy oferta Erblotse jest bezp\u0142atna?<\/a>\n\t\t\t\t\t<\/div>\n\t\t\t\t\t<div id=\"elementor-tab-content-1791\" class=\"elementor-tab-content elementor-clearfix\" data-tab=\"1\" role=\"region\" aria-labelledby=\"elementor-tab-title-1791\"><p>Tak, Familienh\u00f6rbuch gGmbH udost\u0119pnia generator testamentu swojej w\u0142asnej spo\u0142eczno\u015bci w tym momencie. Mo\u017ce by\u0107 r\u00f3wnie\u017c stosowany bezpo\u015brednio przez Erblotse. Nast\u0119pnie zostanie naliczona op\u0142ata.<\/p><\/div>\n\t\t\t\t<\/div>\n\t\t\t\t\t\t\t<div class=\"elementor-accordion-item\">\n\t\t\t\t\t<div id=\"elementor-tab-title-1792\" class=\"elementor-tab-title\" data-tab=\"2\" role=\"button\" aria-controls=\"elementor-tab-content-1792\" aria-expanded=\"false\">\n\t\t\t\t\t\t\t\t\t\t\t\t\t<span class=\"elementor-accordion-icon elementor-accordion-icon-left\" aria-hidden=\"true\">\n\t\t\t\t\t\t\t\t\t\t\t\t\t\t\t<span class=\"elementor-accordion-icon-closed\"><svg class=\"e-font-icon-svg e-fas-plus\" viewbox=\"0 0 448 512\" xmlns=\"http:\/\/www.w3.org\/2000\/svg\"><path d=\"M416 208H272V64c0-17.67-14.33-32-32-32h-32c-17.67 0-32 14.33-32 32v144H32c-17.67 0-32 14.33-32 32v32c0 17.67 14.33 32 32 32h144v144c0 17.67 14.33 32 32 32h32c17.67 0 32-14.33 32-32V304h144c17.67 0 32-14.33 32-32v-32c0-17.67-14.33-32-32-32z\"><\/path><\/svg><\/span>\n\t\t\t\t\t\t\t\t<span class=\"elementor-accordion-icon-opened\"><svg class=\"e-font-icon-svg e-fas-minus\" viewbox=\"0 0 448 512\" xmlns=\"http:\/\/www.w3.org\/2000\/svg\"><path d=\"M416 208H32c-17.67 0-32 14.33-32 32v32c0 17.67 14.33 32 32 32h384c17.67 0 32-14.33 32-32v-32c0-17.67-14.33-32-32-32z\"><\/path><\/svg><\/span>\n\t\t\t\t\t\t\t\t\t\t\t\t\t\t<\/span>\n\t\t\t\t\t\t\t\t\t\t\t\t<a class=\"elementor-accordion-title\" tabindex=\"0\">Czy generator jest przeznaczony tylko dla niemieckiego prawa spadkowego?<\/a>\n\t\t\t\t\t<\/div>\n\t\t\t\t\t<div id=\"elementor-tab-content-1792\" class=\"elementor-tab-content elementor-clearfix\" data-tab=\"2\" role=\"region\" aria-labelledby=\"elementor-tab-title-1792\"><p>Tak, ta wersja zosta\u0142a zaprojektowana dla niemieckich wytycznych. W ramach wniosku mo\u017cliwe jest jednak skorzystanie z bezp\u0142atnej konsultacji w sprawach spadkowych z po\u0142\u0105czeniem zagranicznym.<\/p><\/div>\n\t\t\t\t<\/div>\n\t\t\t\t\t\t\t\t<\/div>\n\t\t\t\t\t\t<\/div>\n\t\t\t\t<\/div>\n\t\t\t\t<\/div>\n\t\t\t\t\t<\/div>\n\t\t\t\t<\/div>\n\t\t\t\t<\/div>","protected":false},"excerpt":{"rendered":"<p>Erblotse \u2013 Generator testamentu Regulacja osiedla jest trudnym tematem, zar\u00f3wno merytorycznie, jak i emocjonalnie. Tak zwany Otto normalny konsument postrzega w wielu przypadkach konsultacj\u0119 z prawnikiem i notarialnie od notariusza jako \u015brodek wyboru. Wi\u0105\u017ce to czas i zasoby pieni\u0119\u017cne i mo\u017ce stanowi\u0107 dodatkow\u0105 przeszkod\u0119. Familienh\u00f6rbuch gGmbH ma [\u2026]<\/p>","protected":false},"author":1,"featured_media":0,"parent":0,"menu_order":0,"comment_status":"closed","ping_status":"closed","template":"","meta":{"_acf_changed":false,"footnotes":""},"class_list":["post-10213","page","type-page","status-publish","hentry"],"acf":[],"_links":{"self":[{"href":"https:\/\/familienhoerbuch.de\/pl\/wp-json\/wp\/v2\/pages\/10213","targetHints":{"allow":["GET"]}}],"collection":[{"href":"https:\/\/familienhoerbuch.de\/pl\/wp-json\/wp\/v2\/pages"}],"about":[{"href":"https:\/\/familienhoerbuch.de\/pl\/wp-json\/wp\/v2\/types\/page"}],"author":[{"embeddable":true,"href":"https:\/\/familienhoerbuch.de\/pl\/wp-json\/wp\/v2\/users\/1"}],"replies":[{"embeddable":true,"href":"https:\/\/familienhoerbuch.de\/pl\/wp-json\/wp\/v2\/comments?post=10213"}],"version-history":[{"count":0,"href":"https:\/\/familienhoerbuch.de\/pl\/wp-json\/wp\/v2\/pages\/10213\/revisions"}],"wp:attachment":[{"href":"https:\/\/familienhoerbuch.de\/pl\/wp-json\/wp\/v2\/media?parent=10213"}],"curies":[{"name":"wp","href":"https:\/\/api.w.org\/{rel}","templated":true}]}}