{"id":356,"date":"2024-09-06T14:08:52","date_gmt":"2024-09-06T12:08:52","guid":{"rendered":"https:\/\/websplash.familienhoerbuch.de\/?page_id=356"},"modified":"2025-09-01T15:00:24","modified_gmt":"2025-09-01T13:00:24","slug":"datenschutz","status":"publish","type":"page","link":"https:\/\/familienhoerbuch.de\/nl\/datenschutz\/","title":{"rendered":"privacy"},"content":{"rendered":"<div data-elementor-type=\"wp-page\" data-elementor-id=\"356\" class=\"elementor elementor-356\" data-elementor-post-type=\"page\">\n\t\t\t\t<div class=\"elementor-element elementor-element-103a542 e-flex e-con-boxed e-con e-parent\" data-id=\"103a542\" data-element_type=\"container\" data-e-type=\"container\">\n\t\t\t\t\t<div class=\"e-con-inner\">\n\t\t\t\t<div class=\"elementor-element elementor-element-c8ab292 elementor-widget elementor-widget-heading\" data-id=\"c8ab292\" data-element_type=\"widget\" data-e-type=\"widget\" data-widget_type=\"heading.default\">\n\t\t\t\t<div class=\"elementor-widget-container\">\n\t\t\t\t\t<h5 class=\"elementor-heading-title elementor-size-default\">privacy<\/h5>\t\t\t\t<\/div>\n\t\t\t\t<\/div>\n\t\t\t\t<div class=\"elementor-element elementor-element-d3b127a elementor-widget elementor-widget-heading\" data-id=\"d3b127a\" data-element_type=\"widget\" data-e-type=\"widget\" data-widget_type=\"heading.default\">\n\t\t\t\t<div class=\"elementor-widget-container\">\n\t\t\t\t\t<h5 class=\"elementor-heading-title elementor-size-default\">Verantwoordelijke instantie<\/h5>\t\t\t\t<\/div>\n\t\t\t\t<\/div>\n\t\t\t\t<div class=\"elementor-element elementor-element-f547ff9 elementor-widget elementor-widget-text-editor\" data-id=\"f547ff9\" data-element_type=\"widget\" data-e-type=\"widget\" data-widget_type=\"text-editor.default\">\n\t\t\t\t<div class=\"elementor-widget-container\">\n\t\t\t\t\t\t\t\t\t<p>Familie audioboek gGmbH<br \/>Oberl\u00e4ndermuur 24<br \/>50678 Keulen, Duitsland<\/p>\t\t\t\t\t\t\t\t<\/div>\n\t\t\t\t<\/div>\n\t\t\t\t<div class=\"elementor-element elementor-element-dcb2735 elementor-widget elementor-widget-heading\" data-id=\"dcb2735\" data-element_type=\"widget\" data-e-type=\"widget\" data-widget_type=\"heading.default\">\n\t\t\t\t<div class=\"elementor-widget-container\">\n\t\t\t\t\t<h5 class=\"elementor-heading-title elementor-size-default\">Functionaris voor gegevensbescherming<\/h5>\t\t\t\t<\/div>\n\t\t\t\t<\/div>\n\t\t\t\t<div class=\"elementor-element elementor-element-4d091a4 elementor-widget elementor-widget-text-editor\" data-id=\"4d091a4\" data-element_type=\"widget\" data-e-type=\"widget\" data-widget_type=\"text-editor.default\">\n\t\t\t\t<div class=\"elementor-widget-container\">\n\t\t\t\t\t\t\t\t\t<p>De heer Christopher Schroer<br \/>firstbyte digitaal advies e.K.<\/p>\t\t\t\t\t\t\t\t<\/div>\n\t\t\t\t<\/div>\n\t\t\t\t<div class=\"elementor-element elementor-element-94b4818 elementor-widget elementor-widget-heading\" data-id=\"94b4818\" data-element_type=\"widget\" data-e-type=\"widget\" data-widget_type=\"heading.default\">\n\t\t\t\t<div class=\"elementor-widget-container\">\n\t\t\t\t\t<h5 class=\"elementor-heading-title elementor-size-default\">privacy<\/h5>\t\t\t\t<\/div>\n\t\t\t\t<\/div>\n\t\t\t\t<div class=\"elementor-element elementor-element-d48c74c elementor-widget elementor-widget-text-editor\" data-id=\"d48c74c\" data-element_type=\"widget\" data-e-type=\"widget\" data-widget_type=\"text-editor.default\">\n\t\t\t\t<div class=\"elementor-widget-container\">\n\t\t\t\t\t\t\t\t\t<p>De Familienh\u00f6rbuch gGmbH neemt de bescherming van uw persoonsgegevens zeer serieus. Wij behandelen uw persoonsgegevens vertrouwelijk en in overeenstemming met de wettelijke voorschriften inzake gegevensbescherming en deze gegevensbeschermingsinformatie.<\/p><p>Het gebruik van onze website is meestal mogelijk zonder het verstrekken van persoonlijke gegevens. Voor zover op deze pagina's persoonlijke gegevens (bijvoorbeeld naam, adres of e-mailadressen) worden verzameld, gebeurt dit altijd op vrijwillige basis, voor zover mogelijk. Deze gegevens worden nooit zonder uw uitdrukkelijke toestemming aan derden doorgegeven. Wij wijzen u erop dat de gegevensoverdracht op het internet (bijv. bij communicatie per e-mail) veiligheidslacunes kan vertonen. Een volledige bescherming van de gegevens tegen toegang door derden is niet mogelijk.<\/p>\t\t\t\t\t\t\t\t<\/div>\n\t\t\t\t<\/div>\n\t\t\t\t<div class=\"elementor-element elementor-element-4c1853b elementor-widget elementor-widget-heading\" data-id=\"4c1853b\" data-element_type=\"widget\" data-e-type=\"widget\" data-widget_type=\"heading.default\">\n\t\t\t\t<div class=\"elementor-widget-container\">\n\t\t\t\t\t<h5 class=\"elementor-heading-title elementor-size-default\">Serverlogbestanden<\/h5>\t\t\t\t<\/div>\n\t\t\t\t<\/div>\n\t\t\t\t<div class=\"elementor-element elementor-element-9718884 elementor-widget elementor-widget-text-editor\" data-id=\"9718884\" data-element_type=\"widget\" data-e-type=\"widget\" data-widget_type=\"text-editor.default\">\n\t\t\t\t<div class=\"elementor-widget-container\">\n\t\t\t\t\t\t\t\t\t<p>Onze provider (dogado GmbH) verzamelt en slaat automatisch informatie op in zogenaamde serverlogbestanden, die uw browser automatisch naar hen verzendt. Dit zijn:<\/p><ul><li>Klantdomein<\/li><li>Geanonimiseerde client-IP<\/li><li>Tijdstempel<\/li><li>Aanvraagregel<\/li><li>Statuscode<\/li><li>Omvang van de reactieorganen<\/li><li>Verwijzer verzonden door de klant<\/li><li>User Agent verzonden door de klant<\/li><li>Gebruiker op afstand<\/li><\/ul><p><br \/>Deze gegevens worden niet voor specifieke personen geregeld. Deze gegevens worden niet samengevoegd met andere gegevensbronnen. We behouden ons het recht voor om deze gegevens achteraf te controleren als we concrete aanwijzingen van illegaal gebruik ontdekken.<\/p><p>Deze gegevens worden verzameld en verwerkt om de goede werking van de website te garanderen en vormen dus het gerechtvaardigde belang overeenkomstig artikel 6, lid 1, onder f).<\/p>\t\t\t\t\t\t\t\t<\/div>\n\t\t\t\t<\/div>\n\t\t\t\t<div class=\"elementor-element elementor-element-e9e5618 elementor-widget elementor-widget-heading\" data-id=\"e9e5618\" data-element_type=\"widget\" data-e-type=\"widget\" data-widget_type=\"heading.default\">\n\t\t\t\t<div class=\"elementor-widget-container\">\n\t\t\t\t\t<h5 class=\"elementor-heading-title elementor-size-default\">Contactformulier<\/h5>\t\t\t\t<\/div>\n\t\t\t\t<\/div>\n\t\t\t\t<div class=\"elementor-element elementor-element-16f3b4a elementor-widget elementor-widget-text-editor\" data-id=\"16f3b4a\" data-element_type=\"widget\" data-e-type=\"widget\" data-widget_type=\"text-editor.default\">\n\t\t\t\t<div class=\"elementor-widget-container\">\n\t\t\t\t\t\t\t\t\t<p>Als u ons vragen stuurt via het contactformulier, worden uw gegevens uit het aanvraagformulier, inclusief de contactgegevens die u daar verstrekt, door ons opgeslagen met het oog op de verwerking van het verzoek en in het geval van vervolgvragen. Wij zullen deze gegevens niet doorgeven zonder uw toestemming. Rechtsgrondslag: Artikel 6, lid 1, punt a), AVG.<\/p>\t\t\t\t\t\t\t\t<\/div>\n\t\t\t\t<\/div>\n\t\t\t\t<div class=\"elementor-element elementor-element-22b93cf elementor-widget elementor-widget-heading\" data-id=\"22b93cf\" data-element_type=\"widget\" data-e-type=\"widget\" data-widget_type=\"heading.default\">\n\t\t\t\t<div class=\"elementor-widget-container\">\n\t\t\t\t\t<h5 class=\"elementor-heading-title elementor-size-default\">Gebruik van social media buttons<\/h5>\t\t\t\t<\/div>\n\t\t\t\t<\/div>\n\t\t\t\t<div class=\"elementor-element elementor-element-461cb75 elementor-widget elementor-widget-text-editor\" data-id=\"461cb75\" data-element_type=\"widget\" data-e-type=\"widget\" data-widget_type=\"text-editor.default\">\n\t\t\t\t<div class=\"elementor-widget-container\">\n\t\t\t\t\t\t\t\t\t<p>Op onze website willen we een uitgebreide registratie en evaluatie van uw bezoek door aanbieders van sociale netwerken \/ delende functies in sociale netwerken voorkomen. Hiervoor vervangen wij de gebruikelijke knoppen van de sociale netwerken en beschermen daarmee uw gebruiksgedrag. De knoppen van de onderstaande sociale netwerken zijn alleen als afbeeldingen in onze website ge\u00efntegreerd. De afbeelding bevat een link naar het bijbehorende sociale netwerk.<br>Op onze website integreren we de volgende sociale netwerken via een link:<br>Facebook (Facebook, Inc., 1601 S. California Ave, Palo Alto, CA 94304, Verenigde Staten)<br>Instagram (Instagram LLC, vertegenwoordigd door Kevin Systrom en Mike Krieger, 1601 Willow Rd, Menlo Park CA 94025, VS)<br>YouTube (YouTube LLC, 901 Cherry Ave., San Bruno, CA 94066, Verenigde Staten)<br>Het doel en de omvang van de gegevensverzameling en de verdere verwerking en het gebruik van de gegevens door de aanbieders op hun pagina's, evenals uw rechten in dit verband en het instellen van opties voor de bescherming van uw privacy, zijn te vinden in de gegevensbeschermingsinformatie van de aanbieders.<\/p>\n<ul>\n<li><a href=\"http:\/\/www.facebook.com\/policy.php\" target=\"_blank\" rel=\"noopener\">Facebook<\/a><\/li>\n<li><a href=\"https:\/\/help.instagram.com\/155833707900388\/?helpref=hc_fnav&amp;bc[0]=Instagram-Hilfe&amp;bc[1]=Datenschutz%20und%20Sicherheitsbereich\" target=\"_blank\" rel=\"noopener\">Instagram<\/a><\/li>\n<li><a href=\"https:\/\/policies.google.com\/privacy\" target=\"_blank\" rel=\"noopener\">Google<\/a><\/li>\n<\/ul>\n<p>(Het privacybeleid van Google is ook van toepassing op YouTube)<\/p>\t\t\t\t\t\t\t\t<\/div>\n\t\t\t\t<\/div>\n\t\t\t\t<div class=\"elementor-element elementor-element-ca63f7d elementor-widget elementor-widget-heading\" data-id=\"ca63f7d\" data-element_type=\"widget\" data-e-type=\"widget\" data-widget_type=\"heading.default\">\n\t\t\t\t<div class=\"elementor-widget-container\">\n\t\t\t\t\t<h5 class=\"elementor-heading-title elementor-size-default\">nieuwsbrieven<\/h5>\t\t\t\t<\/div>\n\t\t\t\t<\/div>\n\t\t\t\t<div class=\"elementor-element elementor-element-6d3e155 elementor-widget elementor-widget-text-editor\" data-id=\"6d3e155\" data-element_type=\"widget\" data-e-type=\"widget\" data-widget_type=\"text-editor.default\">\n\t\t\t\t<div class=\"elementor-widget-container\">\n\t\t\t\t\t\t\t\t\t<p>Voor onze nieuwsbrief maken wij gebruik van de lijstaanbieder MailChimp. MailChimp is een aanbod van The Rocket Science Group, LLC, 512 Means Street, Ste 404 Atlanta, GA 30318.<br \/>MailChimp biedt een uitgebreide analyse van hoe onze e-mails worden geopend en gebruikt. Meer informatie over MailChimp en gegevensbescherming bij MailChimp is te vinden <a href=\"https:\/\/mailchimp.com\/legal\/privacy\/\">hier<\/a>.<\/p><p>U kunt uw toestemming voor het gebruik van uw e-mailadres in Mailchimp te allen tijde intrekken. De herroeping kan worden gedaan via een link in de e-mails zelf.<\/p>\t\t\t\t\t\t\t\t<\/div>\n\t\t\t\t<\/div>\n\t\t\t\t<div class=\"elementor-element elementor-element-4e73ceb elementor-widget elementor-widget-heading\" data-id=\"4e73ceb\" data-element_type=\"widget\" data-e-type=\"widget\" data-widget_type=\"heading.default\">\n\t\t\t\t<div class=\"elementor-widget-container\">\n\t\t\t\t\t<h5 class=\"elementor-heading-title elementor-size-default\">Uw rechten als betrokkene<\/h5>\t\t\t\t<\/div>\n\t\t\t\t<\/div>\n\t\t\t\t<div class=\"elementor-element elementor-element-02cebf2 elementor-widget elementor-widget-text-editor\" data-id=\"02cebf2\" data-element_type=\"widget\" data-e-type=\"widget\" data-widget_type=\"text-editor.default\">\n\t\t\t\t<div class=\"elementor-widget-container\">\n\t\t\t\t\t\t\t\t\t<p>Wij bewaren de via onze website verkregen gegevens maximaal 24 maanden. Daarna worden ze automatisch verwijderd.<\/p><p>U hebt recht op informatie over de vraag of wij en hoe wij persoonsgegevens over u hebben verwerkt (artikel 15 AVG). U hebt ook het recht om onjuiste gegevens te corrigeren (artikel 16 AVG), het recht op verwijdering (\"recht om te worden vergeten\") van uw gegevens (artikel 17 AVG), het recht op beperking van de verwerking (artikel 18 AVG) en het recht op gegevensoverdraagbaarheid (artikel 20 AVG).<\/p><p>In geval van rectificatie, beperking of verwijdering zullen wij u informeren over de ontvangers aan wie persoonsgegevens zijn verstrekt over de uitoefening van uw recht op grond van artikel 15-18 AVG. We informeren u ook graag over de ontvangers in overeenstemming met artikel 19 AVG.<\/p><p>Daarnaast hebt u het recht op gegevensoverdraagbaarheid (artikel 20 AVG), d.w.z. dat u van ons gegevens ontvangt die u ons hebt verstrekt in een gestructureerd, gangbaar en machineleesbaar formaat.<\/p>\t\t\t\t\t\t\t\t<\/div>\n\t\t\t\t<\/div>\n\t\t\t\t<div class=\"elementor-element elementor-element-77e1205 elementor-widget elementor-widget-heading\" data-id=\"77e1205\" data-element_type=\"widget\" data-e-type=\"widget\" data-widget_type=\"heading.default\">\n\t\t\t\t<div class=\"elementor-widget-container\">\n\t\t\t\t\t<h5 class=\"elementor-heading-title elementor-size-default\">Recht van beroep en beroepsinstantie<\/h5>\t\t\t\t<\/div>\n\t\t\t\t<\/div>\n\t\t\t\t<div class=\"elementor-element elementor-element-f0fd6a2 elementor-widget elementor-widget-text-editor\" data-id=\"f0fd6a2\" data-element_type=\"widget\" data-e-type=\"widget\" data-widget_type=\"text-editor.default\">\n\t\t\t\t<div class=\"elementor-widget-container\">\n\t\t\t\t\t\t\t\t\t<p>In geval van schendingen van de gegevensbescherming hebt u het recht om een klacht in te dienen bij de bevoegde toezichthoudende autoriteit. De bevoegde toezichthoudende autoriteit op het gebied van gegevensbeschermingswetgeving is:<\/p><p>Staatscommissaris voor gegevensbescherming<br \/>en vrijheid van informatie Noordrijn-Westfalen<br \/>Kavalleriestr. 2-4<br \/>40213 D\u00fcsseldorf<br \/>Telefoon 02 11 \/ 3 84 24-0<br \/>Fax 0211 \/ 3 84 24-10<br \/><a href=\"mailto:poststelle@ldi.nrw.de\">poststelle@ldi.nrw.de<\/a><\/p><p>Het staat u uiteraard vrij om uw klacht in te dienen bij een <a href=\"https:\/\/firstbyte.digital\/aufsichtsbehoerden\/\">andere toezichthoudende autoriteit<\/a> om te oordelen.<\/p>\t\t\t\t\t\t\t\t<\/div>\n\t\t\t\t<\/div>\n\t\t\t\t<div class=\"elementor-element elementor-element-2f3d224 elementor-widget elementor-widget-heading\" data-id=\"2f3d224\" data-element_type=\"widget\" data-e-type=\"widget\" data-widget_type=\"heading.default\">\n\t\t\t\t<div class=\"elementor-widget-container\">\n\t\t\t\t\t<h5 class=\"elementor-heading-title elementor-size-default\">Uw recht om bezwaar te maken<\/h5>\t\t\t\t<\/div>\n\t\t\t\t<\/div>\n\t\t\t\t<div class=\"elementor-element elementor-element-2f08103 elementor-widget elementor-widget-text-editor\" data-id=\"2f08103\" data-element_type=\"widget\" data-e-type=\"widget\" data-widget_type=\"text-editor.default\">\n\t\t\t\t<div class=\"elementor-widget-container\">\n\t\t\t\t\t\t\t\t\t<p>We willen u er ook op wijzen dat u te allen tijde bezwaar kunt maken tegen de toekomstige verwerking van uw persoonsgegevens in overeenstemming met de wettelijke vereisten op grond van artikel 21 AVG. Het bezwaar kan met name worden gemaakt tegen de verwerking voor direct marketingdoeleinden.<\/p>\t\t\t\t\t\t\t\t<\/div>\n\t\t\t\t<\/div>\n\t\t\t\t<div class=\"elementor-element elementor-element-39f275d elementor-widget elementor-widget-heading\" data-id=\"39f275d\" data-element_type=\"widget\" data-e-type=\"widget\" data-widget_type=\"heading.default\">\n\t\t\t\t<div class=\"elementor-widget-container\">\n\t\t\t\t\t<h5 class=\"elementor-heading-title elementor-size-default\">Ons bezwaar tegen reclame-e-mails<\/h5>\t\t\t\t<\/div>\n\t\t\t\t<\/div>\n\t\t\t\t<div class=\"elementor-element elementor-element-df69086 elementor-widget elementor-widget-text-editor\" data-id=\"df69086\" data-element_type=\"widget\" data-e-type=\"widget\" data-widget_type=\"text-editor.default\">\n\t\t\t\t<div class=\"elementor-widget-container\">\n\t\t\t\t\t\t\t\t\t<p>Het gebruik in het kader van de <a href=\"https:\/\/familienhoerbuch.de\/nl\/impressum\/\">Impressumplicht<\/a> gepubliceerde contactgegevens voor het verzenden van ongevraagde reclame- en informatiemateriaal worden hierbij bezwaar gemaakt. Wij behouden ons uitdrukkelijk het recht voor om juridische stappen te ondernemen in het geval van ongevraagde verzending van reclame-informatie, zoals spam-e-mails.<\/p><p>Status van deze gegevensbeschermingsinformatie: 01.02.2023<\/p>\t\t\t\t\t\t\t\t<\/div>\n\t\t\t\t<\/div>\n\t\t\t\t<div class=\"elementor-element elementor-element-8cd2314 elementor-widget elementor-widget-heading\" data-id=\"8cd2314\" data-element_type=\"widget\" data-e-type=\"widget\" data-widget_type=\"heading.default\">\n\t\t\t\t<div class=\"elementor-widget-container\">\n\t\t\t\t\t<h5 class=\"elementor-heading-title elementor-size-default\">Tracking van gebruikersgegevens<\/h5>\t\t\t\t<\/div>\n\t\t\t\t<\/div>\n\t\t\t\t<div class=\"elementor-element elementor-element-02fa5bf elementor-widget elementor-widget-text-editor\" data-id=\"02fa5bf\" data-element_type=\"widget\" data-e-type=\"widget\" data-widget_type=\"text-editor.default\">\n\t\t\t\t<div class=\"elementor-widget-container\">\n\t\t\t\t\t\t\t\t\t<p>Onze website maakt gebruik van Matomo, een privacyvriendelijk webanalyseplatform dat op onze server wordt gehost. Uw IP-adres wordt geanonimiseerd en de gegevens worden uitsluitend gebruikt voor de optimalisatie van onze website. U kunt te allen tijde bezwaar maken tegen het verzamelen van uw gegevens door gebruik te maken van de opt-out-functie hieronder:<\/p>\t\t\t\t\t\t\t\t<\/div>\n\t\t\t\t<\/div>\n\t\t\t\t<div class=\"elementor-element elementor-element-bfed17f elementor-widget elementor-widget-shortcode\" data-id=\"bfed17f\" data-element_type=\"widget\" data-e-type=\"widget\" data-widget_type=\"shortcode.default\">\n\t\t\t\t<div class=\"elementor-widget-container\">\n\t\t\t\t\t\t\t<div class=\"elementor-shortcode\"><p id=\"matomo_opted_out_intro\" style=\"display:none;\">Opt-out voltooid; Uw bezoeken aan deze website worden niet geregistreerd door de webanalysetool. Houd er rekening mee dat de Matomo-deactiveringscookie van deze website ook wordt verwijderd als u de cookies verwijdert die in uw browser zijn opgeslagen. Als u een andere computer of webbrowser gebruikt, moet u bovendien de deactiveringsprocedure opnieuw voltooien.<\/p><p id=\"matomo_opted_in_intro\" >U hebt de mogelijkheid om te voorkomen dat acties die u hier hebt ondernomen, worden geanalyseerd en gekoppeld. Dit beschermt uw privacy, maar voorkomt ook dat de eigenaar van uw acties leert en de bruikbaarheid voor u en andere gebruikers verbetert.<\/p><form action=\"\">\n        <input type=\"checkbox\" id=\"matomo_optout_checkbox\" checked=\"checked\"\/>\n        <label for=\"matomo_optout_checkbox\"><strong>\n        <span id=\"matomo_opted_in_label\" >Uw bezoek aan deze website wordt momenteel geregistreerd door Matomo Web Analytics. Schakel dit selectievakje uit voor opt-out.<\/span>\n\t\t<span id=\"matomo_opted_out_label\" style=\"display:none;\">Uw bezoek aan deze website wordt momenteel niet geregistreerd door Matomo Web Analytics. Schakel dit selectievakje in voor opt-in.<\/span>\n        <\/strong><\/label><input type=\"hidden\" name=\"etm-form-language\" value=\"nl\"\/><\/form><noscript><p><strong style=\"color: #ff0000;\">Deze opt-out functie vereist JavaScript.<\/strong><\/p><\/noscript><p id=\"matomo_outout_err_cookies\" style=\"display: none;\"><strong>De tracking opt-out functie vereist geactiveerde cookies.<\/strong><\/p><\/div>\n\t\t\t\t\t\t<\/div>\n\t\t\t\t<\/div>\n\t\t\t\t\t<\/div>\n\t\t\t\t<\/div>\n\t\t\t\t<\/div>","protected":false},"excerpt":{"rendered":"<p>Datenschutz Verantwortliche Stelle Familienh\u00f6rbuch gGmbHOberl\u00e4nder Wall 2450678 K\u00f6ln Datenschutzbeauftragter Herr Christopher Schroerfirstbyte digital consulting e.K. Datenschutz Die Familienh\u00f6rbuch gGmbH nimmt den Schutz Ihrer pers\u00f6nlichen Daten sehr ernst. Wir behandeln Ihre personenbezogenen Daten vertraulich und entsprechend der gesetzlichen Datenschutzvorschriften sowie gem\u00e4\u00df dieser Datenschutzinformation. Die Nutzung unserer Website ist in der Regel ohne Angabe personenbezogener Daten m\u00f6glich. [&hellip;]<\/p>","protected":false},"author":1,"featured_media":0,"parent":0,"menu_order":0,"comment_status":"closed","ping_status":"closed","template":"","meta":{"_acf_changed":false,"footnotes":""},"class_list":["post-356","page","type-page","status-publish","hentry"],"acf":[],"_links":{"self":[{"href":"https:\/\/familienhoerbuch.de\/nl\/wp-json\/wp\/v2\/pages\/356","targetHints":{"allow":["GET"]}}],"collection":[{"href":"https:\/\/familienhoerbuch.de\/nl\/wp-json\/wp\/v2\/pages"}],"about":[{"href":"https:\/\/familienhoerbuch.de\/nl\/wp-json\/wp\/v2\/types\/page"}],"author":[{"embeddable":true,"href":"https:\/\/familienhoerbuch.de\/nl\/wp-json\/wp\/v2\/users\/1"}],"replies":[{"embeddable":true,"href":"https:\/\/familienhoerbuch.de\/nl\/wp-json\/wp\/v2\/comments?post=356"}],"version-history":[{"count":0,"href":"https:\/\/familienhoerbuch.de\/nl\/wp-json\/wp\/v2\/pages\/356\/revisions"}],"wp:attachment":[{"href":"https:\/\/familienhoerbuch.de\/nl\/wp-json\/wp\/v2\/media?parent=356"}],"curies":[{"name":"wp","href":"https:\/\/api.w.org\/{rel}","templated":true}]}}