{"id":98,"date":"2024-08-26T18:17:00","date_gmt":"2024-08-26T16:17:00","guid":{"rendered":"https:\/\/websplash.familienhoerbuch.de\/?page_id=98"},"modified":"2026-01-27T14:02:46","modified_gmt":"2026-01-27T13:02:46","slug":"jobs-ehrenamt","status":"publish","type":"page","link":"https:\/\/familienhoerbuch.de\/nb\/jobs-ehrenamt\/","title":{"rendered":"Jobber &amp; Frivillig arbeid"},"content":{"rendered":"<div data-elementor-type=\"wp-page\" data-elementor-id=\"98\" class=\"elementor elementor-98\" data-elementor-post-type=\"page\">\n\t\t\t\t<div class=\"elementor-element elementor-element-fb4e9f2 e-flex e-con-boxed e-con e-parent\" data-id=\"fb4e9f2\" data-element_type=\"container\" data-e-type=\"container\">\n\t\t\t\t\t<div class=\"e-con-inner\">\n\t\t<div class=\"elementor-element elementor-element-660acd2 e-con-full e-flex e-con e-child\" data-id=\"660acd2\" data-element_type=\"container\" data-e-type=\"container\">\n\t\t\t\t<div class=\"elementor-element elementor-element-7e838d5 elementor-widget elementor-widget-heading\" data-id=\"7e838d5\" data-element_type=\"widget\" data-e-type=\"widget\" data-widget_type=\"heading.default\">\n\t\t\t\t<div class=\"elementor-widget-container\">\n\t\t\t\t\t<h4 class=\"elementor-heading-title elementor-size-default\">At vi i oss selv<\/h4>\t\t\t\t<\/div>\n\t\t\t\t<\/div>\n\t\t\t\t<div class=\"elementor-element elementor-element-9067df0 elementor-widget elementor-widget-text-editor\" data-id=\"9067df0\" data-element_type=\"widget\" data-e-type=\"widget\" data-widget_type=\"text-editor.default\">\n\t\t\t\t<div class=\"elementor-widget-container\">\n\t\t\t\t\t\t\t\t\t<p>\u00d8nsker du \u00e5 v\u00e6re frivillig? Da ser vi frem til \u00e5 se deg p\u00e5 denne siden oftere. Her publiserer vi v\u00e5re for tiden gratis oppgaver i v\u00e5rt dedikerte familie lydbok team.<\/p><p>Hele teamet v\u00e5rt jobber desentralisert og digitalt. Vi er spredt over hele Tyskland.<\/p><p>Jeg liker \u00e5 skrive et kort innlegg. Vi vil komme tilbake til deg raskt og deretter bli enige om en f\u00f8rste, ikke-bindende get-to-know.<\/p><p>Vi ser for tiden frem til \u00e5 hjelpe hender p\u00e5 f\u00f8lgende omr\u00e5der:<\/p><ul><li>Psykonkolog:innenteam - <a href=\"https:\/\/familienhoerbuch.de\/wp-content\/uploads\/2024\/09\/EA_Pyschologenteam_28042023.pdf\" target=\"_blank\" rel=\"noopener\">Mer informasjon \u00bb<\/a><\/li><\/ul>\t\t\t\t\t\t\t\t<\/div>\n\t\t\t\t<\/div>\n\t\t\t\t<\/div>\n\t\t<div class=\"elementor-element elementor-element-57fdfd3 e-con-full e-flex e-con e-child\" data-id=\"57fdfd3\" data-element_type=\"container\" data-e-type=\"container\">\n\t\t\t\t<div class=\"elementor-element elementor-element-3ef367c elementor-widget elementor-widget-image\" data-id=\"3ef367c\" data-element_type=\"widget\" data-e-type=\"widget\" data-widget_type=\"image.default\">\n\t\t\t\t<div class=\"elementor-widget-container\">\n\t\t\t\t\t\t\t\t\t\t\t\t\t\t\t<img fetchpriority=\"high\" decoding=\"async\" width=\"800\" height=\"534\" src=\"https:\/\/familienhoerbuch.de\/wp-content\/uploads\/2024\/09\/FHB_Teamfoto_2024-1024x683.jpg\" class=\"attachment-large size-large wp-image-7126\" alt=\"\" srcset=\"https:\/\/familienhoerbuch.de\/wp-content\/uploads\/2024\/09\/FHB_Teamfoto_2024-1024x683.jpg 1024w, https:\/\/familienhoerbuch.de\/wp-content\/uploads\/2024\/09\/FHB_Teamfoto_2024-300x200.jpg 300w, https:\/\/familienhoerbuch.de\/wp-content\/uploads\/2024\/09\/FHB_Teamfoto_2024-768x512.jpg 768w, https:\/\/familienhoerbuch.de\/wp-content\/uploads\/2024\/09\/FHB_Teamfoto_2024.jpg 1200w\" sizes=\"(max-width: 800px) 100vw, 800px\" \/>\t\t\t\t\t\t\t\t\t\t\t\t\t\t\t<\/div>\n\t\t\t\t<\/div>\n\t\t\t\t<\/div>\n\t\t\t\t\t<\/div>\n\t\t\t\t<\/div>\n\t\t\t\t<\/div>","protected":false},"excerpt":{"rendered":"<p>Das WIR im ICH Ihr m\u00f6chtet euch ehrenamtlich engagieren? Dann freuen wir uns, wenn ihr auf dieser Seite \u00f6fter mal vorbeischaut. Hier ver\u00f6ffentlichen wir unsere aktuell freien Aufgabenbereiche in unserem engagierten Familienh\u00f6rbuch-Team. Unser gesamtes Team arbeitet dezentral und digital. Wir sind \u00fcber ganz Deutschland verteilt. Schreibt gerne eine Kurzbewerbung. Wir melden uns zeitnah und vereinbaren [&hellip;]<\/p>","protected":false},"author":1,"featured_media":0,"parent":0,"menu_order":0,"comment_status":"closed","ping_status":"closed","template":"","meta":{"_acf_changed":false,"footnotes":""},"class_list":["post-98","page","type-page","status-publish","hentry"],"acf":[],"_links":{"self":[{"href":"https:\/\/familienhoerbuch.de\/nb\/wp-json\/wp\/v2\/pages\/98","targetHints":{"allow":["GET"]}}],"collection":[{"href":"https:\/\/familienhoerbuch.de\/nb\/wp-json\/wp\/v2\/pages"}],"about":[{"href":"https:\/\/familienhoerbuch.de\/nb\/wp-json\/wp\/v2\/types\/page"}],"author":[{"embeddable":true,"href":"https:\/\/familienhoerbuch.de\/nb\/wp-json\/wp\/v2\/users\/1"}],"replies":[{"embeddable":true,"href":"https:\/\/familienhoerbuch.de\/nb\/wp-json\/wp\/v2\/comments?post=98"}],"version-history":[{"count":0,"href":"https:\/\/familienhoerbuch.de\/nb\/wp-json\/wp\/v2\/pages\/98\/revisions"}],"wp:attachment":[{"href":"https:\/\/familienhoerbuch.de\/nb\/wp-json\/wp\/v2\/media?parent=98"}],"curies":[{"name":"wp","href":"https:\/\/api.w.org\/{rel}","templated":true}]}}