{"id":8509,"date":"2024-11-05T19:28:59","date_gmt":"2024-11-05T18:28:59","guid":{"rendered":"https:\/\/familienhoerbuch.de\/?page_id=8509"},"modified":"2025-05-22T11:13:05","modified_gmt":"2025-05-22T09:13:05","slug":"unsere-schirmherrin","status":"publish","type":"page","link":"https:\/\/familienhoerbuch.de\/nb\/unsere-schirmherrin\/","title":{"rendered":"V\u00e5r skytshelgen"},"content":{"rendered":"<div data-elementor-type=\"wp-page\" data-elementor-id=\"8509\" class=\"elementor elementor-8509\" data-elementor-post-type=\"page\">\n\t\t\t\t<div class=\"elementor-element elementor-element-c4d303e e-grid e-con-boxed e-con e-parent\" data-id=\"c4d303e\" data-element_type=\"container\" data-e-type=\"container\">\n\t\t\t\t\t<div class=\"e-con-inner\">\n\t\t<div class=\"elementor-element elementor-element-c26cc83 e-con-full e-flex e-con e-child\" data-id=\"c26cc83\" data-element_type=\"container\" data-e-type=\"container\">\n\t\t\t\t<div class=\"elementor-element elementor-element-95244d6 elementor-widget elementor-widget-heading\" data-id=\"95244d6\" data-element_type=\"widget\" data-e-type=\"widget\" data-widget_type=\"heading.default\">\n\t\t\t\t<div class=\"elementor-widget-container\">\n\t\t\t\t\t<h5 class=\"elementor-heading-title elementor-size-default\">V\u00e5r skytshelgen <\/h5>\t\t\t\t<\/div>\n\t\t\t\t<\/div>\n\t\t\t\t<div class=\"elementor-element elementor-element-e30189c elementor-widget elementor-widget-heading\" data-id=\"e30189c\" data-element_type=\"widget\" data-e-type=\"widget\" data-widget_type=\"heading.default\">\n\t\t\t\t<div class=\"elementor-widget-container\">\n\t\t\t\t\t<h2 class=\"elementor-heading-title elementor-size-default\">Stemmen forblir<\/h2>\t\t\t\t<\/div>\n\t\t\t\t<\/div>\n\t\t\t\t<div class=\"elementor-element elementor-element-4bbc04d elementor-widget elementor-widget-text-editor\" data-id=\"4bbc04d\" data-element_type=\"widget\" data-e-type=\"widget\" data-widget_type=\"text-editor.default\">\n\t\t\t\t<div class=\"elementor-widget-container\">\n\t\t\t\t\t\t\t\t\t<p>Elena Uhlig, skuespiller, forfatter og programleder, har v\u00e6rt frivillig som patron med mye hjerte og empati for bekymringene til familiens lydbok siden november 2024. Selv mor til fire mindre\u00e5rige barn vet om betydningen og virkningen av en slik lydbiografi og er derfor ogs\u00e5 forpliktet til v\u00e5re emner i nettverket hennes.<\/p>\t\t\t\t\t\t\t\t<\/div>\n\t\t\t\t<\/div>\n\t\t\t\t<\/div>\n\t\t<div class=\"elementor-element elementor-element-7c1c99a e-con-full e-flex e-con e-child\" data-id=\"7c1c99a\" data-element_type=\"container\" data-e-type=\"container\">\n\t\t\t\t<div class=\"elementor-element elementor-element-2cbbac3 elementor-widget elementor-widget-image\" data-id=\"2cbbac3\" data-element_type=\"widget\" data-e-type=\"widget\" data-widget_type=\"image.default\">\n\t\t\t\t<div class=\"elementor-widget-container\">\n\t\t\t\t\t\t\t\t\t\t\t\t\t\t\t<img fetchpriority=\"high\" decoding=\"async\" width=\"800\" height=\"534\" src=\"https:\/\/familienhoerbuch.de\/wp-content\/uploads\/2024\/11\/12b61a48-7665-4141-a09b-0fb41fce99e9-1024x683.jpg\" class=\"attachment-large size-large wp-image-8512\" alt=\"\" srcset=\"https:\/\/familienhoerbuch.de\/wp-content\/uploads\/2024\/11\/12b61a48-7665-4141-a09b-0fb41fce99e9-1024x683.jpg 1024w, https:\/\/familienhoerbuch.de\/wp-content\/uploads\/2024\/11\/12b61a48-7665-4141-a09b-0fb41fce99e9-300x200.jpg 300w, https:\/\/familienhoerbuch.de\/wp-content\/uploads\/2024\/11\/12b61a48-7665-4141-a09b-0fb41fce99e9-768x512.jpg 768w, https:\/\/familienhoerbuch.de\/wp-content\/uploads\/2024\/11\/12b61a48-7665-4141-a09b-0fb41fce99e9.jpg 1200w\" sizes=\"(max-width: 800px) 100vw, 800px\" \/>\t\t\t\t\t\t\t\t\t\t\t\t\t\t\t<\/div>\n\t\t\t\t<\/div>\n\t\t\t\t<\/div>\n\t\t\t\t\t<\/div>\n\t\t\t\t<\/div>\n\t\t<div class=\"elementor-element elementor-element-c68c4eb e-flex e-con-boxed e-con e-parent\" data-id=\"c68c4eb\" data-element_type=\"container\" data-e-type=\"container\" data-settings=\"{&quot;background_background&quot;:&quot;classic&quot;}\">\n\t\t\t\t\t<div class=\"e-con-inner\">\n\t\t<div class=\"elementor-element elementor-element-c2ac0ce e-con-full e-flex e-con e-child\" data-id=\"c2ac0ce\" data-element_type=\"container\" data-e-type=\"container\">\n\t\t\t\t<div class=\"elementor-element elementor-element-799a011 elementor-blockquote--skin-clean elementor-blockquote--align-left elementor-widget__width-initial elementor-widget elementor-widget-blockquote\" data-id=\"799a011\" data-element_type=\"widget\" data-e-type=\"widget\" data-widget_type=\"blockquote.default\">\n\t\t\t\t<div class=\"elementor-widget-container\">\n\t\t\t\t\t\t\t<blockquote class=\"elementor-blockquote\">\n\t\t\t<p class=\"elementor-blockquote__content\">\n\t\t\t\t- I 2021 d\u00f8de en veldig god venn av meg, han var d\u00f8dssyk av kreft og hadde en s\u00f8nn som da var 13 \u00e5r gammel. Jeg har ofte snakket med ham om han ikke vil skrive brev eller lignende for sitt barn, slik at n\u00e5r han ikke lenger er der, vil s\u00f8nnen ha et minne om ham. Dessverre har vi aldri gjennomf\u00f8rt denne planen. I dag tenker jeg fortsatt mye p\u00e5 det, og kanskje jeg burde ha st\u00f8ttet ham mer. Dessverre kjente jeg ikke familiens lydbok p\u00e5 den tiden.\n<br><br>\nSom mor til fire, tenker jeg naturlig nok p\u00e5 hva som skjer n\u00e5r jeg blir alvorlig syk og d\u00f8r? Hva overlater jeg til mine barn av mine minner og tanker? Hva kan jeg gj\u00f8re n\u00e5r jeg er borte?\n<br><br>\nJeg er veldig r\u00f8rt av familiens lydbok, fordi den gir ber\u00f8rte familier muligheten til \u00e5 gi sine barn noe som vil f\u00f8lge dem p\u00e5 deres videre livsvei.\t\t\t<\/p>\n\t\t\t\t\t<\/blockquote>\n\t\t\t\t\t\t<\/div>\n\t\t\t\t<\/div>\n\t\t\t\t<\/div>\n\t\t\t\t\t<\/div>\n\t\t\t\t<\/div>\n\t\t<div class=\"elementor-element elementor-element-a0001d5 e-grid e-con-boxed e-con e-parent\" data-id=\"a0001d5\" data-element_type=\"container\" data-e-type=\"container\">\n\t\t\t\t\t<div class=\"e-con-inner\">\n\t\t<div class=\"elementor-element elementor-element-e93fb82 e-con-full e-flex e-con e-child\" data-id=\"e93fb82\" data-element_type=\"container\" data-e-type=\"container\">\n\t\t\t\t<div class=\"elementor-element elementor-element-a14750e elementor-widget elementor-widget-video\" data-id=\"a14750e\" data-element_type=\"widget\" data-e-type=\"widget\" data-settings=\"{&quot;youtube_url&quot;:&quot;https:\\\/\\\/www.youtube.com\\\/watch?v=elmR155QpyU&quot;,&quot;video_type&quot;:&quot;youtube&quot;,&quot;controls&quot;:&quot;yes&quot;}\" data-widget_type=\"video.default\">\n\t\t\t\t<div class=\"elementor-widget-container\">\n\t\t\t\t\t\t\t<div class=\"elementor-wrapper elementor-open-inline\">\n\t\t\t<div class=\"elementor-video\"><\/div>\t\t<\/div>\n\t\t\t\t\t\t<\/div>\n\t\t\t\t<\/div>\n\t\t\t\t<\/div>\n\t\t<div class=\"elementor-element elementor-element-40fab9f e-con-full e-flex e-con e-child\" data-id=\"40fab9f\" data-element_type=\"container\" data-e-type=\"container\">\n\t\t\t\t<div class=\"elementor-element elementor-element-fea99cd elementor-widget elementor-widget-heading\" data-id=\"fea99cd\" data-element_type=\"widget\" data-e-type=\"widget\" data-widget_type=\"heading.default\">\n\t\t\t\t<div class=\"elementor-widget-container\">\n\t\t\t\t\t<h2 class=\"elementor-heading-title elementor-size-default\">For en prosjektdeltaker<\/h2>\t\t\t\t<\/div>\n\t\t\t\t<\/div>\n\t\t\t\t<div class=\"elementor-element elementor-element-b041d1d elementor-widget elementor-widget-text-editor\" data-id=\"b041d1d\" data-element_type=\"widget\" data-e-type=\"widget\" data-widget_type=\"text-editor.default\">\n\t\t\t\t<div class=\"elementor-widget-container\">\n\t\t\t\t\t\t\t\t\t<p>Elena Uhlig m\u00f8ter Thomas og hans kone. Han skrev ogs\u00e5 en lydbok for familien til barna sine. I dialog med kjendisene blir det tydelig hvor mye prosjektet beveger alle involverte.<\/p><p>Det er en gave til fremtiden for flere generasjoner. Gratis \u00e5 bruke. Det er ekte. Ledsaget av eksperter.<\/p><p>Den andre delen av videoen inneholder ogs\u00e5 en lydbiograf som snakker om opptaksdagene.<\/p>\t\t\t\t\t\t\t\t<\/div>\n\t\t\t\t<\/div>\n\t\t\t\t<\/div>\n\t\t\t\t\t<\/div>\n\t\t\t\t<\/div>\n\t\t<div class=\"elementor-element elementor-element-d4242fa e-grid e-con-boxed e-con e-parent\" data-id=\"d4242fa\" data-element_type=\"container\" data-e-type=\"container\" data-settings=\"{&quot;background_background&quot;:&quot;classic&quot;}\">\n\t\t\t\t\t<div class=\"e-con-inner\">\n\t\t<div class=\"elementor-element elementor-element-c052585 e-con-full e-flex e-con e-child\" data-id=\"c052585\" data-element_type=\"container\" data-e-type=\"container\">\n\t\t\t\t<div class=\"elementor-element elementor-element-a9c2357 elementor-widget elementor-widget-heading\" data-id=\"a9c2357\" data-element_type=\"widget\" data-e-type=\"widget\" data-widget_type=\"heading.default\">\n\t\t\t\t<div class=\"elementor-widget-container\">\n\t\t\t\t\t<h5 class=\"elementor-heading-title elementor-size-default\">Grunnlegger Judith Gr\u00fcmmer:<\/h5>\t\t\t\t<\/div>\n\t\t\t\t<\/div>\n\t\t\t\t<div class=\"elementor-element elementor-element-9a95bfe elementor-widget elementor-widget-text-editor\" data-id=\"9a95bfe\" data-element_type=\"widget\" data-e-type=\"widget\" data-widget_type=\"text-editor.default\">\n\t\t\t\t<div class=\"elementor-widget-container\">\n\t\t\t\t\t\t\t\t\t<p><em>\u2013 N\u00e5r trenger du paraply? Hver gang det regner?\u00a0<br \/><\/em><em style=\"text-align: var(--text-align); font-weight: var( --e-global-typography-text-font-weight ); font-size: 1rem; font-family: var( --e-global-typography-text-font-family ), Sans-serif; color: var( --e-global-color-text );\">Som en ideell organisasjon nyter vi beskyttelsen av en patroness hele \u00e5ret. I den grunne brisen fra en v\u00e5rvind, n\u00e5r solen brenner om sommeren, n\u00e5r dagene blir kortere og t\u00e5ken kommer opp, om vinteren, s\u00e5 snart fru Holle rister sengene. Elena er v\u00e5r skytshelgen som deler sitt lys med oss. Det \u00e5pner opp enda flere d\u00f8rer til hjertene til mennesker som \u00f8nsker \u00e5 dele samfunnsansvar og gj\u00f8re det mulig for alvorlig syke foreldre \u00e5 overlate noe til sine kj\u00e6re.<\/em><\/p>\t\t\t\t\t\t\t\t<\/div>\n\t\t\t\t<\/div>\n\t\t\t\t<\/div>\n\t\t<div class=\"elementor-element elementor-element-05b330b e-con-full e-flex e-con e-child\" data-id=\"05b330b\" data-element_type=\"container\" data-e-type=\"container\">\n\t\t\t\t<div class=\"elementor-element elementor-element-95f8c81 elementor-widget elementor-widget-image\" data-id=\"95f8c81\" data-element_type=\"widget\" data-e-type=\"widget\" data-widget_type=\"image.default\">\n\t\t\t\t<div class=\"elementor-widget-container\">\n\t\t\t\t\t\t\t\t\t\t\t\t<figure class=\"wp-caption\">\n\t\t\t\t\t\t\t\t\t\t<img decoding=\"async\" width=\"800\" height=\"573\" src=\"https:\/\/familienhoerbuch.de\/wp-content\/uploads\/2024\/11\/CreditSELINAPFRUENER_JudithGruemmer_Projektinitiatorin1-1-1024x733.jpg\" class=\"attachment-large size-large wp-image-8578\" alt=\"\" srcset=\"https:\/\/familienhoerbuch.de\/wp-content\/uploads\/2024\/11\/CreditSELINAPFRUENER_JudithGruemmer_Projektinitiatorin1-1-1024x733.jpg 1024w, https:\/\/familienhoerbuch.de\/wp-content\/uploads\/2024\/11\/CreditSELINAPFRUENER_JudithGruemmer_Projektinitiatorin1-1-300x215.jpg 300w, https:\/\/familienhoerbuch.de\/wp-content\/uploads\/2024\/11\/CreditSELINAPFRUENER_JudithGruemmer_Projektinitiatorin1-1-768x550.jpg 768w, https:\/\/familienhoerbuch.de\/wp-content\/uploads\/2024\/11\/CreditSELINAPFRUENER_JudithGruemmer_Projektinitiatorin1-1.jpg 1200w\" sizes=\"(max-width: 800px) 100vw, 800px\" \/>\t\t\t\t\t\t\t\t\t\t\t<figcaption class=\"widget-image-caption wp-caption-text\">Kreditt: Selina Pfr\u00fcner<\/figcaption>\n\t\t\t\t\t\t\t\t\t\t<\/figure>\n\t\t\t\t\t\t\t\t\t<\/div>\n\t\t\t\t<\/div>\n\t\t\t\t<\/div>\n\t\t\t\t\t<\/div>\n\t\t\t\t<\/div>\n\t\t<div class=\"elementor-element elementor-element-db86e6f e-flex e-con-boxed e-con e-parent\" data-id=\"db86e6f\" data-element_type=\"container\" data-e-type=\"container\">\n\t\t\t\t\t<div class=\"e-con-inner\">\n\t\t\t\t<div class=\"elementor-element elementor-element-41efae6 elementor-widget elementor-widget-text-editor\" data-id=\"41efae6\" data-element_type=\"widget\" data-e-type=\"widget\" data-widget_type=\"text-editor.default\">\n\t\t\t\t<div class=\"elementor-widget-container\">\n\t\t\t\t\t\t\t\t\t<p>Vi er underskrivere av Transparent Civil Society Initiative, medlem av den tyske Fundraising Association og innehaver av Fairness First Seal.<\/p>\t\t\t\t\t\t\t\t<\/div>\n\t\t\t\t<\/div>\n\t\t<div class=\"elementor-element elementor-element-c08e838 e-con-full e-flex e-con e-child\" data-id=\"c08e838\" data-element_type=\"container\" data-e-type=\"container\">\n\t\t<div class=\"elementor-element elementor-element-9c635a3 e-grid e-con-full e-con e-child\" data-id=\"9c635a3\" data-element_type=\"container\" data-e-type=\"container\">\n\t\t\t\t<div class=\"elementor-element elementor-element-dfdfcf0 elementor-widget elementor-widget-image\" data-id=\"dfdfcf0\" data-element_type=\"widget\" data-e-type=\"widget\" data-widget_type=\"image.default\">\n\t\t\t\t<div class=\"elementor-widget-container\">\n\t\t\t\t\t\t\t\t\t\t\t\t\t\t\t<img decoding=\"async\" width=\"735\" height=\"200\" src=\"https:\/\/familienhoerbuch.de\/wp-content\/uploads\/2024\/09\/Transparente_ZivilgesellschaftPNG.png\" class=\"attachment-large size-large wp-image-266\" alt=\"\" srcset=\"https:\/\/familienhoerbuch.de\/wp-content\/uploads\/2024\/09\/Transparente_ZivilgesellschaftPNG.png 735w, https:\/\/familienhoerbuch.de\/wp-content\/uploads\/2024\/09\/Transparente_ZivilgesellschaftPNG-300x82.png 300w\" sizes=\"(max-width: 735px) 100vw, 735px\" \/>\t\t\t\t\t\t\t\t\t\t\t\t\t\t\t<\/div>\n\t\t\t\t<\/div>\n\t\t\t\t<div class=\"elementor-element elementor-element-babff7f elementor-widget elementor-widget-image\" data-id=\"babff7f\" data-element_type=\"widget\" data-e-type=\"widget\" data-widget_type=\"image.default\">\n\t\t\t\t<div class=\"elementor-widget-container\">\n\t\t\t\t\t\t\t\t\t\t\t\t\t\t\t<img loading=\"lazy\" decoding=\"async\" width=\"300\" height=\"300\" src=\"https:\/\/familienhoerbuch.de\/wp-content\/uploads\/2024\/09\/DFRV-signet_4c1.png\" class=\"attachment-large size-large wp-image-322\" alt=\"\" srcset=\"https:\/\/familienhoerbuch.de\/wp-content\/uploads\/2024\/09\/DFRV-signet_4c1.png 300w, https:\/\/familienhoerbuch.de\/wp-content\/uploads\/2024\/09\/DFRV-signet_4c1-150x150.png 150w\" sizes=\"(max-width: 300px) 100vw, 300px\" \/>\t\t\t\t\t\t\t\t\t\t\t\t\t\t\t<\/div>\n\t\t\t\t<\/div>\n\t\t\t\t<div class=\"elementor-element elementor-element-94bed5e elementor-widget elementor-widget-image\" data-id=\"94bed5e\" data-element_type=\"widget\" data-e-type=\"widget\" data-widget_type=\"image.default\">\n\t\t\t\t<div class=\"elementor-widget-container\">\n\t\t\t\t\t\t\t\t\t\t\t\t\t\t\t<img loading=\"lazy\" decoding=\"async\" width=\"707\" height=\"1024\" src=\"https:\/\/familienhoerbuch.de\/wp-content\/uploads\/2024\/08\/FF-Siegel-Familienhoerbuch-gGmbH-707x1024.png\" class=\"attachment-large size-large wp-image-17\" alt=\"\" srcset=\"https:\/\/familienhoerbuch.de\/wp-content\/uploads\/2024\/08\/FF-Siegel-Familienhoerbuch-gGmbH-707x1024.png 707w, https:\/\/familienhoerbuch.de\/wp-content\/uploads\/2024\/08\/FF-Siegel-Familienhoerbuch-gGmbH-207x300.png 207w, https:\/\/familienhoerbuch.de\/wp-content\/uploads\/2024\/08\/FF-Siegel-Familienhoerbuch-gGmbH-768x1112.png 768w, https:\/\/familienhoerbuch.de\/wp-content\/uploads\/2024\/08\/FF-Siegel-Familienhoerbuch-gGmbH-1061x1536.png 1061w, https:\/\/familienhoerbuch.de\/wp-content\/uploads\/2024\/08\/FF-Siegel-Familienhoerbuch-gGmbH-1415x2048.png 1415w\" sizes=\"(max-width: 707px) 100vw, 707px\" \/>\t\t\t\t\t\t\t\t\t\t\t\t\t\t\t<\/div>\n\t\t\t\t<\/div>\n\t\t\t\t<\/div>\n\t\t\t\t<\/div>\n\t\t\t\t\t<\/div>\n\t\t\t\t<\/div>\n\t\t\t\t<\/div>","protected":false},"excerpt":{"rendered":"<p>Unsere Schirmherrin Die Stimme bleibt Elena Uhlig, Schauspielerin, Autorin und Moderatorin, engagiert sich seit November 2024 ehrenamtlich als Schirmherrin mit sehr viel Herz und Empathie f\u00fcr die Belange des Familienh\u00f6rbuchs. Selbst Mutter von vier minderj\u00e4hrigen Kindern wei\u00df sie um die Wichtigkeit und Wirkung einer solchen Audiobiografie und setzt sich deshalb auch in ihrem Netzwerk f\u00fcr [&hellip;]<\/p>","protected":false},"author":1,"featured_media":0,"parent":0,"menu_order":0,"comment_status":"closed","ping_status":"closed","template":"","meta":{"_acf_changed":false,"footnotes":""},"class_list":["post-8509","page","type-page","status-publish","hentry"],"acf":[],"_links":{"self":[{"href":"https:\/\/familienhoerbuch.de\/nb\/wp-json\/wp\/v2\/pages\/8509","targetHints":{"allow":["GET"]}}],"collection":[{"href":"https:\/\/familienhoerbuch.de\/nb\/wp-json\/wp\/v2\/pages"}],"about":[{"href":"https:\/\/familienhoerbuch.de\/nb\/wp-json\/wp\/v2\/types\/page"}],"author":[{"embeddable":true,"href":"https:\/\/familienhoerbuch.de\/nb\/wp-json\/wp\/v2\/users\/1"}],"replies":[{"embeddable":true,"href":"https:\/\/familienhoerbuch.de\/nb\/wp-json\/wp\/v2\/comments?post=8509"}],"version-history":[{"count":0,"href":"https:\/\/familienhoerbuch.de\/nb\/wp-json\/wp\/v2\/pages\/8509\/revisions"}],"wp:attachment":[{"href":"https:\/\/familienhoerbuch.de\/nb\/wp-json\/wp\/v2\/media?parent=8509"}],"curies":[{"name":"wp","href":"https:\/\/api.w.org\/{rel}","templated":true}]}}