{"id":84,"date":"2024-08-26T18:15:18","date_gmt":"2024-08-26T16:15:18","guid":{"rendered":"https:\/\/websplash.familienhoerbuch.de\/?page_id=84"},"modified":"2026-04-28T15:15:28","modified_gmt":"2026-04-28T13:15:28","slug":"spenden","status":"publish","type":"page","link":"https:\/\/familienhoerbuch.de\/nb\/spenden\/","title":{"rendered":"donasjoner"},"content":{"rendered":"<div data-elementor-type=\"wp-page\" data-elementor-id=\"84\" class=\"elementor elementor-84\" data-elementor-post-type=\"page\">\n\t\t\t\t<div class=\"elementor-element elementor-element-d695d64 e-flex e-con-boxed e-con e-parent\" data-id=\"d695d64\" data-element_type=\"container\" data-e-type=\"container\">\n\t\t\t\t\t<div class=\"e-con-inner\">\n\t\t<div class=\"elementor-element elementor-element-b6f2d89 e-con-full e-flex e-con e-child\" data-id=\"b6f2d89\" data-element_type=\"container\" data-e-type=\"container\" data-settings=\"{&quot;background_background&quot;:&quot;classic&quot;}\">\n\t\t\t\t<div class=\"elementor-element elementor-element-9e45f97 elementor-widget elementor-widget-heading\" data-id=\"9e45f97\" data-element_type=\"widget\" data-e-type=\"widget\" data-widget_type=\"heading.default\">\n\t\t\t\t<div class=\"elementor-widget-container\">\n\t\t\t\t\t<h4 class=\"elementor-heading-title elementor-size-default\">Din donasjon blir kj\u00e6rlighet for \u00f8rene\n<\/h4>\t\t\t\t<\/div>\n\t\t\t\t<\/div>\n\t\t\t\t<div class=\"elementor-element elementor-element-d55945f elementor-widget elementor-widget-text-editor\" data-id=\"d55945f\" data-element_type=\"widget\" data-e-type=\"widget\" data-widget_type=\"text-editor.default\">\n\t\t\t\t<div class=\"elementor-widget-container\">\n\t\t\t\t\t\t\t\t\t<p>Antallet foresp\u00f8rsler om en familie lydbok \u00f8ker stadig. Hvem med noen<strong>\u00a0Livsforkortende diagnose<\/strong>\u00a0og for sine barn.\u00a0<strong>Lydbok for familien<\/strong>\u00a0Vi trenger ikke \u00e5 vente for lenge f\u00f8r vi f\u00e5r en.\u00a0<strong>Prosjektforpliktelse<\/strong> kan gj\u00f8re<span style=\"font-size: 1rem; background-color: #ffffff;\">. <\/span><span style=\"font-size: 1rem;\">Det gratis tilbudet til familiens lydbok finansieres utelukkende av donasjoner.<\/span><span style=\"font-size: 1rem;\">\u00a0<\/span><span style=\"color: var( --e-global-color-text ); font-family: var( --e-global-typography-text-font-family ), Sans-serif; font-weight: var( --e-global-typography-text-font-weight ); text-align: var(--text-align); font-size: 1rem;\">Finansieringskonseptet v\u00e5rt kalles <\/span><strong style=\"color: var( --e-global-color-text ); font-family: var( --e-global-typography-text-font-family ), Sans-serif; text-align: var(--text-align); font-size: 1rem;\">Solidaritet<\/strong><span style=\"color: var( --e-global-color-text ); font-family: var( --e-global-typography-text-font-family ), Sans-serif; font-weight: var( --e-global-typography-text-font-weight ); text-align: var(--text-align); font-size: 1rem;\">, i likhet med en generasjonskontrakt: Samles for fremtidige produksjoner. Dette vil sikre at alle ber\u00f8rte familier behandles likt, uavhengig av deres sosiale eller \u00f8konomiske situasjon.<\/span><\/p><p><span style=\"text-decoration: underline;\"><strong>Donasjonskonto:<\/strong><\/span><br \/><span style=\"font-weight: bolder;\">Volksbank K\u00f6ln Bonn eG<\/span><br \/><span style=\"font-weight: bolder;\">IBAN: DE52 3806 0186 4906 5620 10<\/span><br \/><span style=\"font-weight: bolder;\">BIC: GENODED1BRS<\/span><\/p><p>Ytterligere informasjon og kontaktpersoner for ditt engasjement finner du p\u00e5 <a href=\"https:\/\/familienhoerbuch.de\/nb\/engagement\/\">Forfremmelse og forpliktelse<\/a><\/p>\t\t\t\t\t\t\t\t<\/div>\n\t\t\t\t<\/div>\n\t\t\t\t<\/div>\n\t\t\t\t\t<\/div>\n\t\t\t\t<\/div>\n\t\t<div class=\"elementor-element elementor-element-bdc74d7 e-flex e-con-boxed e-con e-parent\" data-id=\"bdc74d7\" data-element_type=\"container\" data-e-type=\"container\">\n\t\t\t\t\t<div class=\"e-con-inner\">\n\t\t\t\t<div class=\"elementor-element elementor-element-c092357 elementor-widget elementor-widget-html\" data-id=\"c092357\" data-element_type=\"widget\" data-e-type=\"widget\" data-widget_type=\"html.default\">\n\t\t\t\t<div class=\"elementor-widget-container\">\n\t\t\t\t\t<script type=\"text\/javascript\" src=\"https:\/\/secure.fundraisingbox.com\/app\/paymentJS?hash=jv9gqe97v5kp38ua\"><\/script><noscript>Vennligst aktiver Javascript<\/noscript><a target=\"_blank\" href=\"https:\/\/www.fundraisingbox.com\/?utm_source=donation_form\"><img decoding=\"async\" border=\"0\" style=\"border: 0 !important\" src=\"https:\/\/secure.fundraisingbox.com\/images\/FundraisingBox-Logo-Widget.png\" alt=\"FundraisingBox-logoen\" \/><\/a>\t\t\t\t<\/div>\n\t\t\t\t<\/div>\n\t\t\t\t\t<\/div>\n\t\t\t\t<\/div>\n\t\t<div class=\"elementor-element elementor-element-465dcd4 e-flex e-con-boxed e-con e-parent\" data-id=\"465dcd4\" data-element_type=\"container\" data-e-type=\"container\" data-settings=\"{&quot;background_background&quot;:&quot;classic&quot;}\">\n\t\t\t\t\t<div class=\"e-con-inner\">\n\t\t\t\t<div class=\"elementor-element elementor-element-2960c3e elementor-widget elementor-widget-template\" data-id=\"2960c3e\" data-element_type=\"widget\" data-e-type=\"widget\" data-widget_type=\"template.default\">\n\t\t\t\t<div class=\"elementor-widget-container\">\n\t\t\t\t\t\t\t<div class=\"elementor-template\">\n\t\t\t\t\t<div data-elementor-type=\"container\" data-elementor-id=\"15037\" class=\"elementor elementor-15037\" data-elementor-post-type=\"elementor_library\">\n\t\t\t\t<div class=\"elementor-element elementor-element-4cabd680 e-grid e-con-boxed e-con e-parent\" data-id=\"4cabd680\" data-element_type=\"container\" data-e-type=\"container\" data-settings=\"{&quot;background_background&quot;:&quot;classic&quot;}\">\n\t\t\t\t\t<div class=\"e-con-inner\">\n\t\t<div class=\"elementor-element elementor-element-3fd2b7c5 e-con-full e-flex e-con e-child\" data-id=\"3fd2b7c5\" data-element_type=\"container\" data-e-type=\"container\">\n\t\t\t\t<div class=\"elementor-element elementor-element-f998afa elementor-widget elementor-widget-menu-anchor\" data-id=\"f998afa\" data-element_type=\"widget\" data-e-type=\"widget\" data-widget_type=\"menu-anchor.default\">\n\t\t\t\t<div class=\"elementor-widget-container\">\n\t\t\t\t\t\t\t<div class=\"elementor-menu-anchor\" id=\"spendenbox\"><\/div>\n\t\t\t\t\t\t<\/div>\n\t\t\t\t<\/div>\n\t\t\t\t<div class=\"elementor-element elementor-element-434f30c5 elementor-widget elementor-widget-heading\" data-id=\"434f30c5\" data-element_type=\"widget\" data-e-type=\"widget\" data-widget_type=\"heading.default\">\n\t\t\t\t<div class=\"elementor-widget-container\">\n\t\t\t\t\t<h4 class=\"elementor-heading-title elementor-size-default\">V\u00e5re donasjonsmaterialer<\/h4>\t\t\t\t<\/div>\n\t\t\t\t<\/div>\n\t\t\t\t<div class=\"elementor-element elementor-element-350866a1 elementor-widget elementor-widget-text-editor\" data-id=\"350866a1\" data-element_type=\"widget\" data-e-type=\"widget\" data-widget_type=\"text-editor.default\">\n\t\t\t\t<div class=\"elementor-widget-container\">\n\t\t\t\t\t\t\t\t\t<p>Vi er glade for at du \u00f8nsker \u00e5 st\u00f8tte familiens lydbok. Vi sender deg gjerne v\u00e5re informasjonsbrosjyrer, plakater eller v\u00e5r donasjonsboks per post. Donasjon boksen kan plasseres p\u00e5 feiringer, basarer, arrangementer, i en praksis eller et kontor for \u00e5 samle inn donasjoner. Du kan deretter overf\u00f8re pengene direkte til v\u00e5r donasjonskonto.<\/p>\t\t\t\t\t\t\t\t<\/div>\n\t\t\t\t<\/div>\n\t\t\t\t<div class=\"elementor-element elementor-element-2a297096 elementor-widget elementor-widget-button\" data-id=\"2a297096\" data-element_type=\"widget\" data-e-type=\"widget\" data-widget_type=\"button.default\">\n\t\t\t\t<div class=\"elementor-widget-container\">\n\t\t\t\t\t\t\t\t\t<div class=\"elementor-button-wrapper\">\n\t\t\t\t\t<a class=\"elementor-button elementor-button-link elementor-size-sm\" href=\"https:\/\/familienhoerbuch.de\/nb\/materialbestellung\/\">\n\t\t\t\t\t\t<span class=\"elementor-button-content-wrapper\">\n\t\t\t\t\t\t\t\t\t<span class=\"elementor-button-text\">Bestill gratis her<\/span>\n\t\t\t\t\t<\/span>\n\t\t\t\t\t<\/a>\n\t\t\t\t<\/div>\n\t\t\t\t\t\t\t\t<\/div>\n\t\t\t\t<\/div>\n\t\t\t\t<\/div>\n\t\t<div class=\"elementor-element elementor-element-4cea546d e-con-full e-flex e-con e-child\" data-id=\"4cea546d\" data-element_type=\"container\" data-e-type=\"container\">\n\t\t\t\t<div class=\"elementor-element elementor-element-5ed304e2 elementor-widget elementor-widget-image\" data-id=\"5ed304e2\" data-element_type=\"widget\" data-e-type=\"widget\" data-widget_type=\"image.default\">\n\t\t\t\t<div class=\"elementor-widget-container\">\n\t\t\t\t\t\t\t\t\t\t\t\t\t\t\t<img fetchpriority=\"high\" decoding=\"async\" width=\"800\" height=\"533\" src=\"https:\/\/familienhoerbuch.de\/wp-content\/uploads\/2024\/09\/spendenbox-info-2-1.jpg\" class=\"attachment-large size-large wp-image-1760\" alt=\"\" srcset=\"https:\/\/familienhoerbuch.de\/wp-content\/uploads\/2024\/09\/spendenbox-info-2-1.jpg 800w, https:\/\/familienhoerbuch.de\/wp-content\/uploads\/2024\/09\/spendenbox-info-2-1-300x200.jpg 300w, https:\/\/familienhoerbuch.de\/wp-content\/uploads\/2024\/09\/spendenbox-info-2-1-768x512.jpg 768w\" sizes=\"(max-width: 800px) 100vw, 800px\" \/>\t\t\t\t\t\t\t\t\t\t\t\t\t\t\t<\/div>\n\t\t\t\t<\/div>\n\t\t\t\t<\/div>\n\t\t\t\t\t<\/div>\n\t\t\t\t<\/div>\n\t\t\t\t<\/div>\n\t\t\t\t<\/div>\n\t\t\t\t\t\t<\/div>\n\t\t\t\t<\/div>\n\t\t\t\t\t<\/div>\n\t\t\t\t<\/div>\n\t\t\t\t<\/div>","protected":false},"excerpt":{"rendered":"<p>Fra din donasjon blir kj\u00e6rlighet til \u00f8rene Antall foresp\u00f8rsler om en familie lydbok \u00f8ker stadig. Hvis du st\u00e5r overfor en livsforkortende diagnose og \u00f8nsker \u00e5 ta opp en familie lydbok for barna dine, b\u00f8r du ikke vente for lenge f\u00f8r vi kan gj\u00f8re et prosjekt forpliktelse. Det gratis tilbudet til familiens lydbok finansieres utelukkende av donasjoner.\u00a0V\u00e5rt finansieringskonsept kalles solidaritet, p\u00e5 samme m\u00e5te som en generasjonskontrakt: [\u2026]<\/p>","protected":false},"author":1,"featured_media":0,"parent":0,"menu_order":0,"comment_status":"closed","ping_status":"closed","template":"","meta":{"_acf_changed":false,"footnotes":""},"class_list":["post-84","page","type-page","status-publish","hentry"],"acf":[],"_links":{"self":[{"href":"https:\/\/familienhoerbuch.de\/nb\/wp-json\/wp\/v2\/pages\/84","targetHints":{"allow":["GET"]}}],"collection":[{"href":"https:\/\/familienhoerbuch.de\/nb\/wp-json\/wp\/v2\/pages"}],"about":[{"href":"https:\/\/familienhoerbuch.de\/nb\/wp-json\/wp\/v2\/types\/page"}],"author":[{"embeddable":true,"href":"https:\/\/familienhoerbuch.de\/nb\/wp-json\/wp\/v2\/users\/1"}],"replies":[{"embeddable":true,"href":"https:\/\/familienhoerbuch.de\/nb\/wp-json\/wp\/v2\/comments?post=84"}],"version-history":[{"count":3,"href":"https:\/\/familienhoerbuch.de\/nb\/wp-json\/wp\/v2\/pages\/84\/revisions"}],"predecessor-version":[{"id":15055,"href":"https:\/\/familienhoerbuch.de\/nb\/wp-json\/wp\/v2\/pages\/84\/revisions\/15055"}],"wp:attachment":[{"href":"https:\/\/familienhoerbuch.de\/nb\/wp-json\/wp\/v2\/media?parent=84"}],"curies":[{"name":"wp","href":"https:\/\/api.w.org\/{rel}","templated":true}]}}