{"id":356,"date":"2024-09-06T14:08:52","date_gmt":"2024-09-06T12:08:52","guid":{"rendered":"https:\/\/websplash.familienhoerbuch.de\/?page_id=356"},"modified":"2025-09-01T15:00:24","modified_gmt":"2025-09-01T13:00:24","slug":"datenschutz","status":"publish","type":"page","link":"https:\/\/familienhoerbuch.de\/nb\/datenschutz\/","title":{"rendered":"personvern"},"content":{"rendered":"<div data-elementor-type=\"wp-page\" data-elementor-id=\"356\" class=\"elementor elementor-356\" data-elementor-post-type=\"page\">\n\t\t\t\t<div class=\"elementor-element elementor-element-103a542 e-flex e-con-boxed e-con e-parent\" data-id=\"103a542\" data-element_type=\"container\" data-e-type=\"container\">\n\t\t\t\t\t<div class=\"e-con-inner\">\n\t\t\t\t<div class=\"elementor-element elementor-element-c8ab292 elementor-widget elementor-widget-heading\" data-id=\"c8ab292\" data-element_type=\"widget\" data-e-type=\"widget\" data-widget_type=\"heading.default\">\n\t\t\t\t<div class=\"elementor-widget-container\">\n\t\t\t\t\t<h5 class=\"elementor-heading-title elementor-size-default\">personvern<\/h5>\t\t\t\t<\/div>\n\t\t\t\t<\/div>\n\t\t\t\t<div class=\"elementor-element elementor-element-d3b127a elementor-widget elementor-widget-heading\" data-id=\"d3b127a\" data-element_type=\"widget\" data-e-type=\"widget\" data-widget_type=\"heading.default\">\n\t\t\t\t<div class=\"elementor-widget-container\">\n\t\t\t\t\t<h5 class=\"elementor-heading-title elementor-size-default\">Ansvarlig organ<\/h5>\t\t\t\t<\/div>\n\t\t\t\t<\/div>\n\t\t\t\t<div class=\"elementor-element elementor-element-f547ff9 elementor-widget elementor-widget-text-editor\" data-id=\"f547ff9\" data-element_type=\"widget\" data-e-type=\"widget\" data-widget_type=\"text-editor.default\">\n\t\t\t\t<div class=\"elementor-widget-container\">\n\t\t\t\t\t\t\t\t\t<p>Lydbok for familien gGmbH<br \/>Oberl\u00e4nder Wall 24<br \/>50678 K\u00f6ln, Tyskland (andre betydninger)<\/p>\t\t\t\t\t\t\t\t<\/div>\n\t\t\t\t<\/div>\n\t\t\t\t<div class=\"elementor-element elementor-element-dcb2735 elementor-widget elementor-widget-heading\" data-id=\"dcb2735\" data-element_type=\"widget\" data-e-type=\"widget\" data-widget_type=\"heading.default\">\n\t\t\t\t<div class=\"elementor-widget-container\">\n\t\t\t\t\t<h5 class=\"elementor-heading-title elementor-size-default\">Databeskyttelsesansvarlig<\/h5>\t\t\t\t<\/div>\n\t\t\t\t<\/div>\n\t\t\t\t<div class=\"elementor-element elementor-element-4d091a4 elementor-widget elementor-widget-text-editor\" data-id=\"4d091a4\" data-element_type=\"widget\" data-e-type=\"widget\" data-widget_type=\"text-editor.default\">\n\t\t\t\t<div class=\"elementor-widget-container\">\n\t\t\t\t\t\t\t\t\t<p>Mr. Christopher Schroer<br \/>f\u00f8rstebyte digital r\u00e5dgivning e.K.<\/p>\t\t\t\t\t\t\t\t<\/div>\n\t\t\t\t<\/div>\n\t\t\t\t<div class=\"elementor-element elementor-element-94b4818 elementor-widget elementor-widget-heading\" data-id=\"94b4818\" data-element_type=\"widget\" data-e-type=\"widget\" data-widget_type=\"heading.default\">\n\t\t\t\t<div class=\"elementor-widget-container\">\n\t\t\t\t\t<h5 class=\"elementor-heading-title elementor-size-default\">personvern<\/h5>\t\t\t\t<\/div>\n\t\t\t\t<\/div>\n\t\t\t\t<div class=\"elementor-element elementor-element-d48c74c elementor-widget elementor-widget-text-editor\" data-id=\"d48c74c\" data-element_type=\"widget\" data-e-type=\"widget\" data-widget_type=\"text-editor.default\">\n\t\t\t\t<div class=\"elementor-widget-container\">\n\t\t\t\t\t\t\t\t\t<p>Familienh\u00f6rbuch gGmbH tar beskyttelsen av dine personopplysninger sv\u00e6rt alvorlig. Vi behandler dine personopplysninger konfidensielt og i samsvar med lovbestemte databeskyttelsesforskrifter og denne databeskyttelsesinformasjonen.<\/p><p>Bruken av nettstedet v\u00e5rt er vanligvis mulig uten \u00e5 oppgi personopplysninger. I den grad personopplysninger (f.eks. navn, adresse eller e-postadresse) samles inn p\u00e5 disse sidene, skjer dette alltid p\u00e5 frivillig basis s\u00e5 langt det er mulig. Disse dataene vil aldri bli gitt videre til tredjeparter uten ditt uttrykkelige samtykke. Vi gj\u00f8r oppmerksom p\u00e5 at dataoverf\u00f8ring p\u00e5 Internett (f.eks. ved kommunikasjon via e-post) kan ha sikkerhetshull. En fullstendig beskyttelse av dataene mot tilgang fra tredjeparter er ikke mulig.<\/p>\t\t\t\t\t\t\t\t<\/div>\n\t\t\t\t<\/div>\n\t\t\t\t<div class=\"elementor-element elementor-element-4c1853b elementor-widget elementor-widget-heading\" data-id=\"4c1853b\" data-element_type=\"widget\" data-e-type=\"widget\" data-widget_type=\"heading.default\">\n\t\t\t\t<div class=\"elementor-widget-container\">\n\t\t\t\t\t<h5 class=\"elementor-heading-title elementor-size-default\">Server loggfiler<\/h5>\t\t\t\t<\/div>\n\t\t\t\t<\/div>\n\t\t\t\t<div class=\"elementor-element elementor-element-9718884 elementor-widget elementor-widget-text-editor\" data-id=\"9718884\" data-element_type=\"widget\" data-e-type=\"widget\" data-widget_type=\"text-editor.default\">\n\t\t\t\t<div class=\"elementor-widget-container\">\n\t\t\t\t\t\t\t\t\t<p>V\u00e5r leverand\u00f8r (dogado GmbH) samler og lagrer automatisk informasjon i s\u00e5kalte serverloggfiler, som nettleseren din automatisk overf\u00f8rer til dem. Dette er:<\/p><ul><li>Kundedomene<\/li><li>Anonymisert klient-IP<\/li><li>Tidsstempel<\/li><li>Foresp\u00f8rselslinje<\/li><li>Statuskode<\/li><li>St\u00f8rrelsen p\u00e5 reaksjonsorganene<\/li><li>Henviser sendt av klienten<\/li><li>Brukeragent sendt av klienten<\/li><li>Ekstern bruker<\/li><\/ul><p><br \/>Disse dataene skal ikke legges til rette for bestemte personer. Disse dataene sl\u00e5s ikke sammen med andre datakilder. Vi forbeholder oss retten til \u00e5 kontrollere disse dataene med tilbakevirkende kraft hvis vi blir oppmerksomme p\u00e5 konkrete indikasjoner p\u00e5 ulovlig bruk.<\/p><p>Disse dataene samles inn og behandles for \u00e5 sikre at nettstedet fungerer riktig og utgj\u00f8r dermed den legitime interessen i henhold til artikkel 6 nr. 1 bokstav f).<\/p>\t\t\t\t\t\t\t\t<\/div>\n\t\t\t\t<\/div>\n\t\t\t\t<div class=\"elementor-element elementor-element-e9e5618 elementor-widget elementor-widget-heading\" data-id=\"e9e5618\" data-element_type=\"widget\" data-e-type=\"widget\" data-widget_type=\"heading.default\">\n\t\t\t\t<div class=\"elementor-widget-container\">\n\t\t\t\t\t<h5 class=\"elementor-heading-title elementor-size-default\">Kontaktskjema<\/h5>\t\t\t\t<\/div>\n\t\t\t\t<\/div>\n\t\t\t\t<div class=\"elementor-element elementor-element-16f3b4a elementor-widget elementor-widget-text-editor\" data-id=\"16f3b4a\" data-element_type=\"widget\" data-e-type=\"widget\" data-widget_type=\"text-editor.default\">\n\t\t\t\t<div class=\"elementor-widget-container\">\n\t\t\t\t\t\t\t\t\t<p>Hvis du sender oss foresp\u00f8rsler via kontaktskjemaet, vil informasjonen din fra foresp\u00f8rselsskjemaet, inkludert kontaktinformasjonen du oppgir der, bli lagret av oss for \u00e5 behandle foresp\u00f8rselen og i tilfelle oppf\u00f8lgingssp\u00f8rsm\u00e5l. Vi vil ikke videreformidle disse dataene uten ditt samtykke. Rettslig grunnlag: Artikkel 6 (1) (a) GDPR.<\/p>\t\t\t\t\t\t\t\t<\/div>\n\t\t\t\t<\/div>\n\t\t\t\t<div class=\"elementor-element elementor-element-22b93cf elementor-widget elementor-widget-heading\" data-id=\"22b93cf\" data-element_type=\"widget\" data-e-type=\"widget\" data-widget_type=\"heading.default\">\n\t\t\t\t<div class=\"elementor-widget-container\">\n\t\t\t\t\t<h5 class=\"elementor-heading-title elementor-size-default\">Bruk av knapper for sosiale medier<\/h5>\t\t\t\t<\/div>\n\t\t\t\t<\/div>\n\t\t\t\t<div class=\"elementor-element elementor-element-461cb75 elementor-widget elementor-widget-text-editor\" data-id=\"461cb75\" data-element_type=\"widget\" data-e-type=\"widget\" data-widget_type=\"text-editor.default\">\n\t\t\t\t<div class=\"elementor-widget-container\">\n\t\t\t\t\t\t\t\t\t<p>P\u00e5 v\u00e5r nettside \u00f8nsker vi \u00e5 unng\u00e5 en omfattende registrering og evaluering av ditt bes\u00f8k av tilbydere av sosiale nettverk \/ delingsfunksjoner i sosiale nettverk. Til dette form\u00e5let erstatter vi de vanlige knappene p\u00e5 de sosiale nettverkene og beskytter dermed din bruksadferd. Knappene til de sosiale nettverkene som er oppf\u00f8rt nedenfor, er bare integrert i nettstedet v\u00e5rt som grafikk. Grafikken inneholder en lenke til det tilsvarende sosiale nettverket.<br>P\u00e5 v\u00e5r nettside integrerer vi f\u00f8lgende sosiale nettverk via link:<br>Facebook (Facebook, Inc., 1601 S. California Ave, Palo Alto, CA 94304, USA)<br>Instagram (Instagram LLC, representert ved Kevin Systrom og Mike Krieger, 1601 Willow Rd, Menlo Park CA 94025, USA)<br>Kontakt brukerst\u00f8tte - YouTube LLC, 901 Cherry Ave., San Bruno, CA 94066, USA<br>Form\u00e5let og omfanget av datainnsamlingen og videre behandling og bruk av dataene av leverand\u00f8rene p\u00e5 deres sider, samt dine rettigheter i denne forbindelse og innstillingsalternativer for beskyttelse av personvernet ditt, finner du i leverand\u00f8rens databeskyttelsesinformasjon.<\/p>\n<ul>\n<li><a href=\"http:\/\/www.facebook.com\/policy.php\" target=\"_blank\" rel=\"noopener\">Facebook<\/a><\/li>\n<li><a href=\"https:\/\/help.instagram.com\/155833707900388\/?helpref=hc_fnav&amp;bc[0]=Instagram-Hilfe&amp;bc[1]=Datenschutz%20und%20Sicherheitsbereich\" target=\"_blank\" rel=\"noopener\">Instagram<\/a><\/li>\n<li><a href=\"https:\/\/policies.google.com\/privacy\" target=\"_blank\" rel=\"noopener\">Google<\/a><\/li>\n<\/ul>\n<p>(Googles retningslinjer for personvern gjelder p\u00e5 samme m\u00e5te for YouTube)<\/p>\t\t\t\t\t\t\t\t<\/div>\n\t\t\t\t<\/div>\n\t\t\t\t<div class=\"elementor-element elementor-element-ca63f7d elementor-widget elementor-widget-heading\" data-id=\"ca63f7d\" data-element_type=\"widget\" data-e-type=\"widget\" data-widget_type=\"heading.default\">\n\t\t\t\t<div class=\"elementor-widget-container\">\n\t\t\t\t\t<h5 class=\"elementor-heading-title elementor-size-default\">Nyhetsbrev<\/h5>\t\t\t\t<\/div>\n\t\t\t\t<\/div>\n\t\t\t\t<div class=\"elementor-element elementor-element-6d3e155 elementor-widget elementor-widget-text-editor\" data-id=\"6d3e155\" data-element_type=\"widget\" data-e-type=\"widget\" data-widget_type=\"text-editor.default\">\n\t\t\t\t<div class=\"elementor-widget-container\">\n\t\t\t\t\t\t\t\t\t<p>Vi bruker listeleverand\u00f8ren MailChimp til v\u00e5rt nyhetsbrev. MailChimp er et tilbud fra The Rocket Science Group, LLC, 512 Means Street, Ste 404 Atlanta, GA 30318.<br \/>MailChimp tilbyr omfattende analyse av hvordan v\u00e5re e-poster \u00e5pnes og brukes. Du finner mer informasjon om MailChimp og databeskyttelse hos MailChimp <a href=\"https:\/\/mailchimp.com\/legal\/privacy\/\">Her er<\/a>.<\/p><p>Du kan n\u00e5r som helst trekke tilbake ditt samtykke til bruk av din e-postadresse i Mailchimp. Tilbakekallingen kan gj\u00f8res via en lenke i e-postene selv.<\/p>\t\t\t\t\t\t\t\t<\/div>\n\t\t\t\t<\/div>\n\t\t\t\t<div class=\"elementor-element elementor-element-4e73ceb elementor-widget elementor-widget-heading\" data-id=\"4e73ceb\" data-element_type=\"widget\" data-e-type=\"widget\" data-widget_type=\"heading.default\">\n\t\t\t\t<div class=\"elementor-widget-container\">\n\t\t\t\t\t<h5 class=\"elementor-heading-title elementor-size-default\">Dine rettigheter som registrert<\/h5>\t\t\t\t<\/div>\n\t\t\t\t<\/div>\n\t\t\t\t<div class=\"elementor-element elementor-element-02cebf2 elementor-widget elementor-widget-text-editor\" data-id=\"02cebf2\" data-element_type=\"widget\" data-e-type=\"widget\" data-widget_type=\"text-editor.default\">\n\t\t\t\t<div class=\"elementor-widget-container\">\n\t\t\t\t\t\t\t\t\t<p>Vi lagrer dataene som er oppn\u00e5dd via v\u00e5r nettside i en maksimal periode p\u00e5 24 m\u00e5neder. Etter det blir de automatisk slettet.<\/p><p>Du har rett til informasjon om hvorvidt vi og hvordan vi har behandlet personopplysninger om deg (artikkel 15 GDPR). Du har ogs\u00e5 rett til \u00e5 korrigere uriktige data (artikkel 16 GDPR), rett til sletting (\"rett til \u00e5 bli glemt\") av dataene dine (artikkel 17 GDPR), rett til begrensning av behandling (artikkel 18 GDPR) og rett til dataportabilitet (artikkel 20 GDPR).<\/p><p>Ved korrigering, begrensning eller sletting vil vi informere deg om mottakerne som personopplysninger har blitt utlevert til om ut\u00f8velsen av dine rettigheter i henhold til artikkel 15-18 GDPR. Vi er ogs\u00e5 glade for \u00e5 informere deg om mottakerne i samsvar med artikkel 19 GDPR.<\/p><p>I tillegg har du rett til dataportabilitet (artikkel 20 GDPR), dvs. at du mottar fra oss data som du har gitt oss i et strukturert, vanlig og maskinlesbart format.<\/p>\t\t\t\t\t\t\t\t<\/div>\n\t\t\t\t<\/div>\n\t\t\t\t<div class=\"elementor-element elementor-element-77e1205 elementor-widget elementor-widget-heading\" data-id=\"77e1205\" data-element_type=\"widget\" data-e-type=\"widget\" data-widget_type=\"heading.default\">\n\t\t\t\t<div class=\"elementor-widget-container\">\n\t\t\t\t\t<h5 class=\"elementor-heading-title elementor-size-default\">Klage- og klageinstans<\/h5>\t\t\t\t<\/div>\n\t\t\t\t<\/div>\n\t\t\t\t<div class=\"elementor-element elementor-element-f0fd6a2 elementor-widget elementor-widget-text-editor\" data-id=\"f0fd6a2\" data-element_type=\"widget\" data-e-type=\"widget\" data-widget_type=\"text-editor.default\">\n\t\t\t\t<div class=\"elementor-widget-container\">\n\t\t\t\t\t\t\t\t\t<p>Ved brudd p\u00e5 databeskyttelsen har du rett til \u00e5 sende inn en klage til den kompetente tilsynsmyndigheten. Den kompetente tilsynsmyndigheten i forhold til databeskyttelseslovgivningen er:<\/p><p>Statlig kommiss\u00e6r for databeskyttelse<br \/>Informasjonsfrihet Nordrhein-Westfalen<br \/>Kavalleriestr. 2-4<br \/>40213 D\u00fcsseldorf<br \/>Telefon 02 11 \/ 3 84 24-0 (andre betydninger)<br \/>Faks 0211 \/ 3 84 24-10<br \/><a href=\"mailto:poststelle@ldi.nrw.de\">poststelle@ldi.nrw.de<\/a><\/p><p>Du st\u00e5r selvf\u00f8lgelig fritt til \u00e5 sende inn klagen din til enhver <a href=\"https:\/\/firstbyte.digital\/aufsichtsbehoerden\/\">annen tilsynsmyndighet<\/a> \u00e5 d\u00f8mme.<\/p>\t\t\t\t\t\t\t\t<\/div>\n\t\t\t\t<\/div>\n\t\t\t\t<div class=\"elementor-element elementor-element-2f3d224 elementor-widget elementor-widget-heading\" data-id=\"2f3d224\" data-element_type=\"widget\" data-e-type=\"widget\" data-widget_type=\"heading.default\">\n\t\t\t\t<div class=\"elementor-widget-container\">\n\t\t\t\t\t<h5 class=\"elementor-heading-title elementor-size-default\">Din rett til \u00e5 protestere<\/h5>\t\t\t\t<\/div>\n\t\t\t\t<\/div>\n\t\t\t\t<div class=\"elementor-element elementor-element-2f08103 elementor-widget elementor-widget-text-editor\" data-id=\"2f08103\" data-element_type=\"widget\" data-e-type=\"widget\" data-widget_type=\"text-editor.default\">\n\t\t\t\t<div class=\"elementor-widget-container\">\n\t\t\t\t\t\t\t\t\t<p>Vi gj\u00f8r ogs\u00e5 oppmerksom p\u00e5 at du n\u00e5r som helst kan motsette deg fremtidig behandling av dine personopplysninger i samsvar med lovkravene i artikkel 21 GDPR. Innsigelsen kan gj\u00f8res spesielt mot behandlingen for direkte markedsf\u00f8ringsform\u00e5l.<\/p>\t\t\t\t\t\t\t\t<\/div>\n\t\t\t\t<\/div>\n\t\t\t\t<div class=\"elementor-element elementor-element-39f275d elementor-widget elementor-widget-heading\" data-id=\"39f275d\" data-element_type=\"widget\" data-e-type=\"widget\" data-widget_type=\"heading.default\">\n\t\t\t\t<div class=\"elementor-widget-container\">\n\t\t\t\t\t<h5 class=\"elementor-heading-title elementor-size-default\">V\u00e5r innvending mot annonsering av e-post<\/h5>\t\t\t\t<\/div>\n\t\t\t\t<\/div>\n\t\t\t\t<div class=\"elementor-element elementor-element-df69086 elementor-widget elementor-widget-text-editor\" data-id=\"df69086\" data-element_type=\"widget\" data-e-type=\"widget\" data-widget_type=\"text-editor.default\">\n\t\t\t\t<div class=\"elementor-widget-container\">\n\t\t\t\t\t\t\t\t\t<p>Bruken av i sammenheng med <a href=\"https:\/\/familienhoerbuch.de\/nb\/impressum\/\">Avtrykksplikt<\/a> publisert kontaktinformasjon for \u00e5 sende u\u00f8nsket reklame og informasjonsmateriell er herved protestert mot. Vi forbeholder oss uttrykkelig retten til \u00e5 ta rettslige skritt i tilfelle uoppfordret sending av reklameinformasjon, for eksempel spam-e-post.<\/p><p>Status for denne databeskyttelsesinformasjonen: 01.02.2023<\/p>\t\t\t\t\t\t\t\t<\/div>\n\t\t\t\t<\/div>\n\t\t\t\t<div class=\"elementor-element elementor-element-8cd2314 elementor-widget elementor-widget-heading\" data-id=\"8cd2314\" data-element_type=\"widget\" data-e-type=\"widget\" data-widget_type=\"heading.default\">\n\t\t\t\t<div class=\"elementor-widget-container\">\n\t\t\t\t\t<h5 class=\"elementor-heading-title elementor-size-default\">Sporing av brukerdata<\/h5>\t\t\t\t<\/div>\n\t\t\t\t<\/div>\n\t\t\t\t<div class=\"elementor-element elementor-element-02fa5bf elementor-widget elementor-widget-text-editor\" data-id=\"02fa5bf\" data-element_type=\"widget\" data-e-type=\"widget\" data-widget_type=\"text-editor.default\">\n\t\t\t\t<div class=\"elementor-widget-container\">\n\t\t\t\t\t\t\t\t\t<p>V\u00e5r nettside bruker Matomo, en personvernvennlig webanalyseplattform som ligger p\u00e5 v\u00e5r server. IP-adressen din anonymiseres, og dataene brukes utelukkende til optimalisering av nettstedet v\u00e5rt. Du kan n\u00e5r som helst motsette deg innsamlingen av dataene dine ved \u00e5 bruke avmeldingsfunksjonen nedenfor:<\/p>\t\t\t\t\t\t\t\t<\/div>\n\t\t\t\t<\/div>\n\t\t\t\t<div class=\"elementor-element elementor-element-bfed17f elementor-widget elementor-widget-shortcode\" data-id=\"bfed17f\" data-element_type=\"widget\" data-e-type=\"widget\" data-widget_type=\"shortcode.default\">\n\t\t\t\t<div class=\"elementor-widget-container\">\n\t\t\t\t\t\t\t<div class=\"elementor-shortcode\"><p id=\"matomo_opted_out_intro\" style=\"display:none;\">Opt-out fullf\u00f8rt; Dine bes\u00f8k p\u00e5 dette nettstedet registreres ikke av webanalyseverkt\u00f8yet. V\u00e6r oppmerksom p\u00e5 at Matomo-informasjonskapselen for deaktivering av dette nettstedet ogs\u00e5 vil bli slettet hvis du fjerner informasjonskapslene som er lagret i nettleseren din. I tillegg, hvis du bruker en annen datamaskin eller nettleser, m\u00e5 du fullf\u00f8re deaktiveringsprosedyren igjen.<\/p><p id=\"matomo_opted_in_intro\" >Du har muligheten til \u00e5 forhindre at handlinger tatt av deg her blir analysert og koblet. Dette vil beskytte ditt privatliv, men vil ogs\u00e5 hindre eieren fra \u00e5 l\u00e6re av dine handlinger og forbedre brukervennligheten for deg og andre brukere.<\/p><form action=\"\">\n        <input type=\"checkbox\" id=\"matomo_optout_checkbox\" checked=\"checked\"\/>\n        <label for=\"matomo_optout_checkbox\"><strong>\n        <span id=\"matomo_opted_in_label\" >Ditt bes\u00f8k p\u00e5 dette nettstedet registreres for \u00f8yeblikket av Matomo Web Analytics. Fjern merket i denne boksen for opt-out.<\/span>\n\t\t<span id=\"matomo_opted_out_label\" style=\"display:none;\">Ditt bes\u00f8k p\u00e5 dette nettstedet registreres for \u00f8yeblikket ikke av Matomo Web Analytics. Aktiver denne avmerkingsboksen for \u00e5 melde deg p\u00e5.<\/span>\n        <\/strong><\/label><input type=\"hidden\" name=\"etm-form-language\" value=\"nb\"\/><\/form><noscript><p><strong style=\"color: #ff0000;\">Denne avmeldingsfunksjonen krever JavaScript.<\/strong><\/p><\/noscript><p id=\"matomo_outout_err_cookies\" style=\"display: none;\"><strong>Sporingsfunksjonen krever aktiverte informasjonskapsler.<\/strong><\/p><\/div>\n\t\t\t\t\t\t<\/div>\n\t\t\t\t<\/div>\n\t\t\t\t\t<\/div>\n\t\t\t\t<\/div>\n\t\t\t\t<\/div>","protected":false},"excerpt":{"rendered":"<p>Datenschutz Verantwortliche Stelle Familienh\u00f6rbuch gGmbHOberl\u00e4nder Wall 2450678 K\u00f6ln Datenschutzbeauftragter Herr Christopher Schroerfirstbyte digital consulting e.K. Datenschutz Die Familienh\u00f6rbuch gGmbH nimmt den Schutz Ihrer pers\u00f6nlichen Daten sehr ernst. Wir behandeln Ihre personenbezogenen Daten vertraulich und entsprechend der gesetzlichen Datenschutzvorschriften sowie gem\u00e4\u00df dieser Datenschutzinformation. Die Nutzung unserer Website ist in der Regel ohne Angabe personenbezogener Daten m\u00f6glich. [&hellip;]<\/p>","protected":false},"author":1,"featured_media":0,"parent":0,"menu_order":0,"comment_status":"closed","ping_status":"closed","template":"","meta":{"_acf_changed":false,"footnotes":""},"class_list":["post-356","page","type-page","status-publish","hentry"],"acf":[],"_links":{"self":[{"href":"https:\/\/familienhoerbuch.de\/nb\/wp-json\/wp\/v2\/pages\/356","targetHints":{"allow":["GET"]}}],"collection":[{"href":"https:\/\/familienhoerbuch.de\/nb\/wp-json\/wp\/v2\/pages"}],"about":[{"href":"https:\/\/familienhoerbuch.de\/nb\/wp-json\/wp\/v2\/types\/page"}],"author":[{"embeddable":true,"href":"https:\/\/familienhoerbuch.de\/nb\/wp-json\/wp\/v2\/users\/1"}],"replies":[{"embeddable":true,"href":"https:\/\/familienhoerbuch.de\/nb\/wp-json\/wp\/v2\/comments?post=356"}],"version-history":[{"count":0,"href":"https:\/\/familienhoerbuch.de\/nb\/wp-json\/wp\/v2\/pages\/356\/revisions"}],"wp:attachment":[{"href":"https:\/\/familienhoerbuch.de\/nb\/wp-json\/wp\/v2\/media?parent=356"}],"curies":[{"name":"wp","href":"https:\/\/api.w.org\/{rel}","templated":true}]}}