{"id":354,"date":"2024-09-06T14:08:37","date_gmt":"2024-09-06T12:08:37","guid":{"rendered":"https:\/\/websplash.familienhoerbuch.de\/?page_id=354"},"modified":"2025-09-01T14:59:17","modified_gmt":"2025-09-01T12:59:17","slug":"impressum","status":"publish","type":"page","link":"https:\/\/familienhoerbuch.de\/nb\/impressum\/","title":{"rendered":"Ansvarsfraskrivelse"},"content":{"rendered":"<div data-elementor-type=\"wp-page\" data-elementor-id=\"354\" class=\"elementor elementor-354\" data-elementor-post-type=\"page\">\n\t\t\t\t<div class=\"elementor-element elementor-element-2193d8e e-flex e-con-boxed e-con e-parent\" data-id=\"2193d8e\" data-element_type=\"container\" data-e-type=\"container\">\n\t\t\t\t\t<div class=\"e-con-inner\">\n\t\t\t\t<div class=\"elementor-element elementor-element-4d87463 elementor-widget elementor-widget-heading\" data-id=\"4d87463\" data-element_type=\"widget\" data-e-type=\"widget\" data-widget_type=\"heading.default\">\n\t\t\t\t<div class=\"elementor-widget-container\">\n\t\t\t\t\t<h5 class=\"elementor-heading-title elementor-size-default\">Ansvarsfraskrivelse<\/h5>\t\t\t\t<\/div>\n\t\t\t\t<\/div>\n\t\t\t\t<div class=\"elementor-element elementor-element-fbaf783 elementor-widget elementor-widget-heading\" data-id=\"fbaf783\" data-element_type=\"widget\" data-e-type=\"widget\" data-widget_type=\"heading.default\">\n\t\t\t\t<div class=\"elementor-widget-container\">\n\t\t\t\t\t<h5 class=\"elementor-heading-title elementor-size-default\">kontaktinformasjon<\/h5>\t\t\t\t<\/div>\n\t\t\t\t<\/div>\n\t\t\t\t<div class=\"elementor-element elementor-element-b64bbff elementor-widget elementor-widget-text-editor\" data-id=\"b64bbff\" data-element_type=\"widget\" data-e-type=\"widget\" data-widget_type=\"text-editor.default\">\n\t\t\t\t<div class=\"elementor-widget-container\">\n\t\t\t\t\t\t\t\t\t<p>Lydbok for familien gGmbH<br \/>Hotell i n\u00e6rheten av Oberl\u00e4nder Wall 24, 50678 K\u00f6ln, Tyskland<\/p>\t\t\t\t\t\t\t\t<\/div>\n\t\t\t\t<\/div>\n\t\t\t\t<div class=\"elementor-element elementor-element-b318eb7 elementor-widget elementor-widget-text-editor\" data-id=\"b318eb7\" data-element_type=\"widget\" data-e-type=\"widget\" data-widget_type=\"text-editor.default\">\n\t\t\t\t<div class=\"elementor-widget-container\">\n\t\t\t\t\t\t\t\t\t<p>Telefoner fra:\u00a0<a href=\"tel:+492219349301\">0221 \/ 9349301<\/a><br \/>E-post fra oss:\u00a0<a href=\"mailto:kontakt@familienhoerbuch.de\">kontakt@familienhoerbuch.de<\/a><\/p>\t\t\t\t\t\t\t\t<\/div>\n\t\t\t\t<\/div>\n\t\t\t\t<div class=\"elementor-element elementor-element-e5fa479 elementor-widget elementor-widget-heading\" data-id=\"e5fa479\" data-element_type=\"widget\" data-e-type=\"widget\" data-widget_type=\"heading.default\">\n\t\t\t\t<div class=\"elementor-widget-container\">\n\t\t\t\t\t<h5 class=\"elementor-heading-title elementor-size-default\">Innvendinger mot reklame for e-post<\/h5>\t\t\t\t<\/div>\n\t\t\t\t<\/div>\n\t\t\t\t<div class=\"elementor-element elementor-element-81e901a elementor-widget elementor-widget-text-editor\" data-id=\"81e901a\" data-element_type=\"widget\" data-e-type=\"widget\" data-widget_type=\"text-editor.default\">\n\t\t\t\t<div class=\"elementor-widget-container\">\n\t\t\t\t\t\t\t\t\t<p>Bruken av kontaktdata publisert innenfor rammen av avtrykksplikten til \u00e5 sende u\u00f8nsket reklame og informasjonsmateriell er herved protestert mot. Vi forbeholder oss uttrykkelig retten til \u00e5 ta rettslige skritt i tilfelle uoppfordret sending av reklameinformasjon, for eksempel spam-e-post.<\/p>\t\t\t\t\t\t\t\t<\/div>\n\t\t\t\t<\/div>\n\t\t\t\t<div class=\"elementor-element elementor-element-f302cae elementor-widget elementor-widget-heading\" data-id=\"f302cae\" data-element_type=\"widget\" data-e-type=\"widget\" data-widget_type=\"heading.default\">\n\t\t\t\t<div class=\"elementor-widget-container\">\n\t\t\t\t\t<h5 class=\"elementor-heading-title elementor-size-default\">ledelse<\/h5>\t\t\t\t<\/div>\n\t\t\t\t<\/div>\n\t\t\t\t<div class=\"elementor-element elementor-element-7acbd26 elementor-widget elementor-widget-text-editor\" data-id=\"7acbd26\" data-element_type=\"widget\" data-e-type=\"widget\" data-widget_type=\"text-editor.default\">\n\t\t\t\t<div class=\"elementor-widget-container\">\n\t\t\t\t\t\t\t\t\t<p>Judith Gr\u00fcmmer og Anne Braasch<\/p>\t\t\t\t\t\t\t\t<\/div>\n\t\t\t\t<\/div>\n\t\t\t\t<div class=\"elementor-element elementor-element-ffdc4e0 elementor-widget elementor-widget-heading\" data-id=\"ffdc4e0\" data-element_type=\"widget\" data-e-type=\"widget\" data-widget_type=\"heading.default\">\n\t\t\t\t<div class=\"elementor-widget-container\">\n\t\t\t\t\t<h5 class=\"elementor-heading-title elementor-size-default\">Registreringsnummer<\/h5>\t\t\t\t<\/div>\n\t\t\t\t<\/div>\n\t\t\t\t<div class=\"elementor-element elementor-element-69ded5b elementor-widget elementor-widget-text-editor\" data-id=\"69ded5b\" data-element_type=\"widget\" data-e-type=\"widget\" data-widget_type=\"text-editor.default\">\n\t\t\t\t<div class=\"elementor-widget-container\">\n\t\t\t\t\t\t\t\t\t<p>HRB 99727<\/p>\t\t\t\t\t\t\t\t<\/div>\n\t\t\t\t<\/div>\n\t\t\t\t<div class=\"elementor-element elementor-element-2714778 elementor-widget elementor-widget-heading\" data-id=\"2714778\" data-element_type=\"widget\" data-e-type=\"widget\" data-widget_type=\"heading.default\">\n\t\t\t\t<div class=\"elementor-widget-container\">\n\t\t\t\t\t<h5 class=\"elementor-heading-title elementor-size-default\">Registreringsdomstol<\/h5>\t\t\t\t<\/div>\n\t\t\t\t<\/div>\n\t\t\t\t<div class=\"elementor-element elementor-element-8968b58 elementor-widget elementor-widget-text-editor\" data-id=\"8968b58\" data-element_type=\"widget\" data-e-type=\"widget\" data-widget_type=\"text-editor.default\">\n\t\t\t\t<div class=\"elementor-widget-container\">\n\t\t\t\t\t\t\t\t\t<p>District Court of Cologne<\/p>\t\t\t\t\t\t\t\t<\/div>\n\t\t\t\t<\/div>\n\t\t\t\t<div class=\"elementor-element elementor-element-aa85ad9 elementor-widget elementor-widget-heading\" data-id=\"aa85ad9\" data-element_type=\"widget\" data-e-type=\"widget\" data-widget_type=\"heading.default\">\n\t\t\t\t<div class=\"elementor-widget-container\">\n\t\t\t\t\t<h5 class=\"elementor-heading-title elementor-size-default\">Selskapets registrerte kontor<\/h5>\t\t\t\t<\/div>\n\t\t\t\t<\/div>\n\t\t\t\t<div class=\"elementor-element elementor-element-f1191a6 elementor-widget elementor-widget-text-editor\" data-id=\"f1191a6\" data-element_type=\"widget\" data-e-type=\"widget\" data-widget_type=\"text-editor.default\">\n\t\t\t\t<div class=\"elementor-widget-container\">\n\t\t\t\t\t\t\t\t\t<p>Cologne<\/p>\t\t\t\t\t\t\t\t<\/div>\n\t\t\t\t<\/div>\n\t\t\t\t<div class=\"elementor-element elementor-element-33a8164 elementor-widget elementor-widget-heading\" data-id=\"33a8164\" data-element_type=\"widget\" data-e-type=\"widget\" data-widget_type=\"heading.default\">\n\t\t\t\t<div class=\"elementor-widget-container\">\n\t\t\t\t\t<h5 class=\"elementor-heading-title elementor-size-default\">Skattenummer<\/h5>\t\t\t\t<\/div>\n\t\t\t\t<\/div>\n\t\t\t\t<div class=\"elementor-element elementor-element-f72379b elementor-widget elementor-widget-text-editor\" data-id=\"f72379b\" data-element_type=\"widget\" data-e-type=\"widget\" data-widget_type=\"text-editor.default\">\n\t\t\t\t<div class=\"elementor-widget-container\">\n\t\t\t\t\t\t\t\t\t<p>214\/5855\/2466<\/p>\t\t\t\t\t\t\t\t<\/div>\n\t\t\t\t<\/div>\n\t\t\t\t<div class=\"elementor-element elementor-element-62e0d33 elementor-widget elementor-widget-heading\" data-id=\"62e0d33\" data-element_type=\"widget\" data-e-type=\"widget\" data-widget_type=\"heading.default\">\n\t\t\t\t<div class=\"elementor-widget-container\">\n\t\t\t\t\t<h5 class=\"elementor-heading-title elementor-size-default\">Tvistel\u00f8sning<\/h5>\t\t\t\t<\/div>\n\t\t\t\t<\/div>\n\t\t\t\t<div class=\"elementor-element elementor-element-c3f76a6 elementor-widget elementor-widget-text-editor\" data-id=\"c3f76a6\" data-element_type=\"widget\" data-e-type=\"widget\" data-widget_type=\"text-editor.default\">\n\t\t\t\t<div class=\"elementor-widget-container\">\n\t\t\t\t\t\t\t\t\t<p>EU-kommisjonen tilbyr en online tvistel\u00f8sning (ODR) plattform:<br \/><a href=\"https:\/\/ec.europa.eu\/consumers\/odr\" target=\"_blank\" rel=\"noopener\">https:\/\/ec.europa.eu\/consumers\/odr<\/a><\/p><p>V\u00e5r e-postadresse finner du ovenfor i avtrykket. Vi er ikke villige eller forpliktet til \u00e5 delta i tvistel\u00f8sningsprosedyrer for et forbrukervoldgiftsr\u00e5d.<\/p>\t\t\t\t\t\t\t\t<\/div>\n\t\t\t\t<\/div>\n\t\t\t\t<div class=\"elementor-element elementor-element-1b9dbe2 elementor-widget elementor-widget-heading\" data-id=\"1b9dbe2\" data-element_type=\"widget\" data-e-type=\"widget\" data-widget_type=\"heading.default\">\n\t\t\t\t<div class=\"elementor-widget-container\">\n\t\t\t\t\t<h5 class=\"elementor-heading-title elementor-size-default\">Ansvar for innhold<\/h5>\t\t\t\t<\/div>\n\t\t\t\t<\/div>\n\t\t\t\t<div class=\"elementor-element elementor-element-933b6ef elementor-widget elementor-widget-text-editor\" data-id=\"933b6ef\" data-element_type=\"widget\" data-e-type=\"widget\" data-widget_type=\"text-editor.default\">\n\t\t\t\t<div class=\"elementor-widget-container\">\n\t\t\t\t\t\t\t\t\t<p>Som tjenesteleverand\u00f8r er vi ansvarlige for v\u00e5rt eget innhold p\u00e5 disse sidene i samsvar med generelle lover. Som tjenesteleverand\u00f8r er vi imidlertid ikke forpliktet til \u00e5 overv\u00e5ke overf\u00f8rt eller lagret tredjepartsinformasjon eller for \u00e5 unders\u00f8ke omstendigheter som indikerer ulovlig aktivitet. Forpliktelser til \u00e5 fjerne eller blokkere bruken av informasjon i henhold til de generelle lovene forblir up\u00e5virket. Ansvar i denne forbindelse er imidlertid bare mulig fra tidspunktet for kjennskap til en bestemt overtredelse. Hvis vi blir oppmerksom p\u00e5 tilsvarende juridiske brudd, vil vi fjerne dette innholdet umiddelbart.<\/p>\t\t\t\t\t\t\t\t<\/div>\n\t\t\t\t<\/div>\n\t\t\t\t<div class=\"elementor-element elementor-element-0c8e1ad elementor-widget elementor-widget-heading\" data-id=\"0c8e1ad\" data-element_type=\"widget\" data-e-type=\"widget\" data-widget_type=\"heading.default\">\n\t\t\t\t<div class=\"elementor-widget-container\">\n\t\t\t\t\t<h5 class=\"elementor-heading-title elementor-size-default\">Ansvar for lenker<\/h5>\t\t\t\t<\/div>\n\t\t\t\t<\/div>\n\t\t\t\t<div class=\"elementor-element elementor-element-e667475 elementor-widget elementor-widget-text-editor\" data-id=\"e667475\" data-element_type=\"widget\" data-e-type=\"widget\" data-widget_type=\"text-editor.default\">\n\t\t\t\t<div class=\"elementor-widget-container\">\n\t\t\t\t\t\t\t\t\t<p>Tilbudet v\u00e5rt inneholder lenker til eksterne nettsteder til tredjeparter hvis innhold vi ikke har noen innflytelse p\u00e5. Derfor kan vi ikke p\u00e5ta oss noe ansvar for dette eksterne innholdet. Den respektive leverand\u00f8ren eller operat\u00f8ren av sidene er alltid ansvarlig for innholdet p\u00e5 de koblede sidene. De koblede sidene ble sjekket for mulige juridiske brudd p\u00e5 tidspunktet for koblingen. Ulovlig innhold var ikke gjenkjennelig p\u00e5 tidspunktet for koblingen. En permanent innholdskontroll av de koblede sidene er imidlertid ikke rimelig uten konkrete indikasjoner p\u00e5 brudd p\u00e5 loven. Ved \u00e5 bli oppmerksom p\u00e5 juridiske brudd, vil vi fjerne slike lenker umiddelbart.<\/p>\t\t\t\t\t\t\t\t<\/div>\n\t\t\t\t<\/div>\n\t\t\t\t<div class=\"elementor-element elementor-element-eb0be77 elementor-widget elementor-widget-heading\" data-id=\"eb0be77\" data-element_type=\"widget\" data-e-type=\"widget\" data-widget_type=\"heading.default\">\n\t\t\t\t<div class=\"elementor-widget-container\">\n\t\t\t\t\t<h5 class=\"elementor-heading-title elementor-size-default\">opphavsrettigheter<\/h5>\t\t\t\t<\/div>\n\t\t\t\t<\/div>\n\t\t\t\t<div class=\"elementor-element elementor-element-0ab4d46 elementor-widget elementor-widget-text-editor\" data-id=\"0ab4d46\" data-element_type=\"widget\" data-e-type=\"widget\" data-widget_type=\"text-editor.default\">\n\t\t\t\t<div class=\"elementor-widget-container\">\n\t\t\t\t\t\t\t\t\t<p>Innholdet og arbeidene som er opprettet av nettstedsoperat\u00f8rene p\u00e5 disse sidene, er underlagt tysk lov om opphavsrett. Reproduksjon, behandling, distribusjon og enhver form for utnyttelse utenfor grensene for opphavsretten krever skriftlig samtykke fra den respektive forfatteren eller skaperen. Nedlastinger og kopier av dette nettstedet er kun tillatt for privat, ikke-kommersiell bruk.<\/p>\n<p>I den grad innholdet p\u00e5 denne siden ikke er opprettet av operat\u00f8ren, overholdes opphavsretten til tredjeparter. Spesielt er tredjepartsinnhold merket som s\u00e5dan. Skulle du likevel bli oppmerksom p\u00e5 brudd p\u00e5 opphavsretten, ber vi om et tilsvarende varsel. Ved \u00e5 bli oppmerksom p\u00e5 juridiske brudd, vil vi umiddelbart fjerne slikt innhold.<\/p>\t\t\t\t\t\t\t\t<\/div>\n\t\t\t\t<\/div>\n\t\t\t\t<div class=\"elementor-element elementor-element-4dcbf2d elementor-widget elementor-widget-heading\" data-id=\"4dcbf2d\" data-element_type=\"widget\" data-e-type=\"widget\" data-widget_type=\"heading.default\">\n\t\t\t\t<div class=\"elementor-widget-container\">\n\t\t\t\t\t<h5 class=\"elementor-heading-title elementor-size-default\">Opphavsrett<\/h5>\t\t\t\t<\/div>\n\t\t\t\t<\/div>\n\t\t\t\t<div class=\"elementor-element elementor-element-98d16d9 elementor-widget elementor-widget-text-editor\" data-id=\"98d16d9\" data-element_type=\"widget\" data-e-type=\"widget\" data-widget_type=\"text-editor.default\">\n\t\t\t\t<div class=\"elementor-widget-container\">\n\t\t\t\t\t\t\t\t\t<p>Alle rettigheter forbeholdt. Innholdet som er oppgitt her er kun for personlig informasjon. Enhver kopiering eller publisering er forbudt med mindre annet er angitt p\u00e5 det respektive stedet.<\/p><p>\u00a9 Bilder \u00abHjem\u00bb og \u00abMin vei til familiens lydbok\u00bb: <a href=\"https:\/\/www.selinapfruener.de\/\">Selina Pfr\u00fcner Cologne<\/a><\/p><p>\u00a9 Team portretter med svart bakgrunn: <a href=\"https:\/\/www.fahrisarimese.com\/\">Fahri S. Sarimese av K\u00f6ln<\/a><\/p><p>Komplement\u00e6re bilder: Canva<\/p><p>Status for avtrykket: 01.07.2025<\/p>\t\t\t\t\t\t\t\t<\/div>\n\t\t\t\t<\/div>\n\t\t\t\t\t<\/div>\n\t\t\t\t<\/div>\n\t\t\t\t<\/div>","protected":false},"excerpt":{"rendered":"<p>Trykk p\u00e5 trykk Kontakt Familie lydbok gGmbHOberl\u00e4nder Wall 24, 50678 K\u00f6ln Telefon:\u00a00221 \/ 9349301E-post:\u00a0Kontakt@familienhoerbuch.de Innvending mot reklame-e-post Bruk av kontaktdata publisert innenfor rammen av avtrykksplikten til \u00e5 sende u\u00f8nsket reklame- og informasjonsmateriell er herved protestert mot. Vi forbeholder oss uttrykkelig retten til \u00e5 ta rettslige skritt i tilfelle uoppfordret sending av reklameinformasjon, for eksempel spam-e-post. Administrasjon Judith Gr\u00fcmmer, [\u2026]<\/p>","protected":false},"author":1,"featured_media":0,"parent":0,"menu_order":0,"comment_status":"closed","ping_status":"closed","template":"","meta":{"_acf_changed":false,"footnotes":""},"class_list":["post-354","page","type-page","status-publish","hentry"],"acf":[],"_links":{"self":[{"href":"https:\/\/familienhoerbuch.de\/nb\/wp-json\/wp\/v2\/pages\/354","targetHints":{"allow":["GET"]}}],"collection":[{"href":"https:\/\/familienhoerbuch.de\/nb\/wp-json\/wp\/v2\/pages"}],"about":[{"href":"https:\/\/familienhoerbuch.de\/nb\/wp-json\/wp\/v2\/types\/page"}],"author":[{"embeddable":true,"href":"https:\/\/familienhoerbuch.de\/nb\/wp-json\/wp\/v2\/users\/1"}],"replies":[{"embeddable":true,"href":"https:\/\/familienhoerbuch.de\/nb\/wp-json\/wp\/v2\/comments?post=354"}],"version-history":[{"count":0,"href":"https:\/\/familienhoerbuch.de\/nb\/wp-json\/wp\/v2\/pages\/354\/revisions"}],"wp:attachment":[{"href":"https:\/\/familienhoerbuch.de\/nb\/wp-json\/wp\/v2\/media?parent=354"}],"curies":[{"name":"wp","href":"https:\/\/api.w.org\/{rel}","templated":true}]}}