{"id":14123,"date":"2026-02-06T10:04:13","date_gmt":"2026-02-06T09:04:13","guid":{"rendered":"https:\/\/familienhoerbuch.de\/?page_id=14123"},"modified":"2026-03-02T08:14:37","modified_gmt":"2026-03-02T07:14:37","slug":"verspaetungsminuten","status":"publish","type":"page","link":"https:\/\/familienhoerbuch.de\/nb\/verspaetungsminuten\/","title":{"rendered":"Refusjonsrebel"},"content":{"rendered":"<div data-elementor-type=\"wp-page\" data-elementor-id=\"14123\" class=\"elementor elementor-14123\" data-elementor-post-type=\"page\">\n\t\t\t\t<div class=\"elementor-element elementor-element-4db9dfc e-flex e-con-boxed e-con e-parent\" data-id=\"4db9dfc\" data-element_type=\"container\" data-e-type=\"container\" data-settings=\"{&quot;background_background&quot;:&quot;classic&quot;}\">\n\t\t\t\t\t<div class=\"e-con-inner\">\n\t\t<div class=\"elementor-element elementor-element-a9a167f e-con-full e-flex e-con e-child\" data-id=\"a9a167f\" data-element_type=\"container\" data-e-type=\"container\">\n\t\t\t\t<div class=\"elementor-element elementor-element-5b94e20 elementor-widget elementor-widget-image\" data-id=\"5b94e20\" data-element_type=\"widget\" data-e-type=\"widget\" data-widget_type=\"image.default\">\n\t\t\t\t<div class=\"elementor-widget-container\">\n\t\t\t\t\t\t\t\t\t\t\t\t\t\t\t<img fetchpriority=\"high\" decoding=\"async\" width=\"1920\" height=\"1077\" src=\"https:\/\/familienhoerbuch.de\/wp-content\/uploads\/2026\/02\/refundrebel-hero.jpg\" class=\"attachment-full size-full wp-image-14144\" alt=\"\" srcset=\"https:\/\/familienhoerbuch.de\/wp-content\/uploads\/2026\/02\/refundrebel-hero.jpg 1920w, https:\/\/familienhoerbuch.de\/wp-content\/uploads\/2026\/02\/refundrebel-hero-300x168.jpg 300w, https:\/\/familienhoerbuch.de\/wp-content\/uploads\/2026\/02\/refundrebel-hero-1024x574.jpg 1024w, https:\/\/familienhoerbuch.de\/wp-content\/uploads\/2026\/02\/refundrebel-hero-768x431.jpg 768w, https:\/\/familienhoerbuch.de\/wp-content\/uploads\/2026\/02\/refundrebel-hero-1536x862.jpg 1536w\" sizes=\"(max-width: 1920px) 100vw, 1920px\" \/>\t\t\t\t\t\t\t\t\t\t\t\t\t\t\t<\/div>\n\t\t\t\t<\/div>\n\t\t\t\t<\/div>\n\t\t\t\t\t<\/div>\n\t\t\t\t<\/div>\n\t\t<div class=\"elementor-element elementor-element-ff5bc65 e-flex e-con-boxed e-con e-parent\" data-id=\"ff5bc65\" data-element_type=\"container\" data-e-type=\"container\">\n\t\t\t\t\t<div class=\"e-con-inner\">\n\t\t<div class=\"elementor-element elementor-element-918ad4e e-con-full e-flex e-con e-child\" data-id=\"918ad4e\" data-element_type=\"container\" data-e-type=\"container\">\n\t\t\t\t<div class=\"elementor-element elementor-element-c2193f6 elementor-widget elementor-widget-heading\" data-id=\"c2193f6\" data-element_type=\"widget\" data-e-type=\"widget\" data-widget_type=\"heading.default\">\n\t\t\t\t<div class=\"elementor-widget-container\">\n\t\t\t\t\t<h4 class=\"elementor-heading-title elementor-size-default\">V\u00e5r fremtidige gave Kj\u00e6rlighet til \u00f8rene<\/h4>\t\t\t\t<\/div>\n\t\t\t\t<\/div>\n\t\t\t\t<div class=\"elementor-element elementor-element-75ae846 elementor-widget elementor-widget-text-editor\" data-id=\"75ae846\" data-element_type=\"widget\" data-e-type=\"widget\" data-widget_type=\"text-editor.default\">\n\t\t\t\t<div class=\"elementor-widget-container\">\n\t\t\t\t\t\t\t\t\t<p>Vi gir <strong>alle mindre\u00e5rige barn av foreldre med redusert forventet levealder<\/strong> Mulighet for \u00e5 f\u00e5 en familie lydbok med mor eller fars stemme. Et personlig fortalt lydstykke fullt av kj\u00e6rlighet, minner og livslange svar p\u00e5 sp\u00f8rsm\u00e5let: \u00abHvem var du, mamma\/pappa?<\/p><p>Dette er <strong>Gratis tilbud<\/strong> Familiens lydbok blir finansiert <strong>utelukkende gjennom donasjoner og subsidier<\/strong> Som non-profit organisasjon tjener vi ikke penger. Alle donasjoner g\u00e5r til fremtidige produksjoner.<\/p><p>V\u00e5re <strong>Palliativ-Plus-programmet<\/strong> Tillater ogs\u00e5 implementering med redusert ventetid for partnerinstitusjoner fra palliativ omsorg.<\/p>\t\t\t\t\t\t\t\t<\/div>\n\t\t\t\t<\/div>\n\t\t\t\t<\/div>\n\t\t<div class=\"elementor-element elementor-element-69e9566 e-con-full e-flex e-con e-child\" data-id=\"69e9566\" data-element_type=\"container\" data-e-type=\"container\">\n\t\t\t\t<div class=\"elementor-element elementor-element-3065d95 elementor-widget elementor-widget-image\" data-id=\"3065d95\" data-element_type=\"widget\" data-e-type=\"widget\" data-widget_type=\"image.default\">\n\t\t\t\t<div class=\"elementor-widget-container\">\n\t\t\t\t\t\t\t\t\t\t\t\t\t\t\t<img decoding=\"async\" width=\"600\" height=\"400\" src=\"https:\/\/familienhoerbuch.de\/wp-content\/uploads\/2026\/02\/partnerschaft-bild.jpg\" class=\"attachment-large size-large wp-image-14079\" alt=\"\" srcset=\"https:\/\/familienhoerbuch.de\/wp-content\/uploads\/2026\/02\/partnerschaft-bild.jpg 600w, https:\/\/familienhoerbuch.de\/wp-content\/uploads\/2026\/02\/partnerschaft-bild-300x200.jpg 300w\" sizes=\"(max-width: 600px) 100vw, 600px\" \/>\t\t\t\t\t\t\t\t\t\t\t\t\t\t\t<\/div>\n\t\t\t\t<\/div>\n\t\t\t\t<\/div>\n\t\t\t\t\t<\/div>\n\t\t\t\t<\/div>\n\t\t<div class=\"elementor-element elementor-element-3309f59 e-flex e-con-boxed e-con e-parent\" data-id=\"3309f59\" data-element_type=\"container\" data-e-type=\"container\">\n\t\t\t\t\t<div class=\"e-con-inner\">\n\t\t<div class=\"elementor-element elementor-element-51bd3df e-con-full e-flex e-con e-child\" data-id=\"51bd3df\" data-element_type=\"container\" data-e-type=\"container\">\n\t\t\t\t<div class=\"elementor-element elementor-element-dfd15ed elementor-widget elementor-widget-heading\" data-id=\"dfd15ed\" data-element_type=\"widget\" data-e-type=\"widget\" data-widget_type=\"heading.default\">\n\t\t\t\t<div class=\"elementor-widget-container\">\n\t\t\t\t\t<h5 class=\"elementor-heading-title elementor-size-default\">V\u00e5r kvalitetsforening for forskning, oppl\u00e6ring og veiledning:<\/h5>\t\t\t\t<\/div>\n\t\t\t\t<\/div>\n\t\t\t\t<\/div>\n\t\t<div class=\"elementor-element elementor-element-c2698a8 e-grid e-con-full e-con e-child\" data-id=\"c2698a8\" data-element_type=\"container\" data-e-type=\"container\">\n\t\t\t\t<div class=\"elementor-element elementor-element-c9ad7c7 elementor-widget elementor-widget-image\" data-id=\"c9ad7c7\" data-element_type=\"widget\" data-e-type=\"widget\" data-widget_type=\"image.default\">\n\t\t\t\t<div class=\"elementor-widget-container\">\n\t\t\t\t\t\t\t\t\t\t\t\t\t\t\t<img decoding=\"async\" width=\"138\" height=\"137\" src=\"https:\/\/familienhoerbuch.de\/wp-content\/uploads\/2025\/09\/DtPalliativstiftung-Logo2.png\" class=\"attachment-large size-large wp-image-11850\" alt=\"\" \/>\t\t\t\t\t\t\t\t\t\t\t\t\t\t\t<\/div>\n\t\t\t\t<\/div>\n\t\t\t\t<div class=\"elementor-element elementor-element-e679e48 elementor-widget elementor-widget-image\" data-id=\"e679e48\" data-element_type=\"widget\" data-e-type=\"widget\" data-widget_type=\"image.default\">\n\t\t\t\t<div class=\"elementor-widget-container\">\n\t\t\t\t\t\t\t\t\t\t\t\t\t\t\t<img loading=\"lazy\" decoding=\"async\" width=\"514\" height=\"130\" src=\"https:\/\/familienhoerbuch.de\/wp-content\/uploads\/2026\/02\/nct24_logo_heidelberg.png\" class=\"attachment-large size-large wp-image-14148\" alt=\"\" srcset=\"https:\/\/familienhoerbuch.de\/wp-content\/uploads\/2026\/02\/nct24_logo_heidelberg.png 514w, https:\/\/familienhoerbuch.de\/wp-content\/uploads\/2026\/02\/nct24_logo_heidelberg-300x76.png 300w\" sizes=\"(max-width: 514px) 100vw, 514px\" \/>\t\t\t\t\t\t\t\t\t\t\t\t\t\t\t<\/div>\n\t\t\t\t<\/div>\n\t\t\t\t<div class=\"elementor-element elementor-element-da24516 elementor-widget elementor-widget-image\" data-id=\"da24516\" data-element_type=\"widget\" data-e-type=\"widget\" data-widget_type=\"image.default\">\n\t\t\t\t<div class=\"elementor-widget-container\">\n\t\t\t\t\t\t\t\t\t\t\t\t\t\t\t<img loading=\"lazy\" decoding=\"async\" width=\"281\" height=\"62\" src=\"https:\/\/familienhoerbuch.de\/wp-content\/uploads\/2025\/09\/UKB-logo-1.png\" class=\"attachment-large size-large wp-image-11852\" alt=\"\" \/>\t\t\t\t\t\t\t\t\t\t\t\t\t\t\t<\/div>\n\t\t\t\t<\/div>\n\t\t\t\t<div class=\"elementor-element elementor-element-88ee4ef elementor-widget elementor-widget-image\" data-id=\"88ee4ef\" data-element_type=\"widget\" data-e-type=\"widget\" data-widget_type=\"image.default\">\n\t\t\t\t<div class=\"elementor-widget-container\">\n\t\t\t\t\t\t\t\t\t\t\t\t\t\t\t<img loading=\"lazy\" decoding=\"async\" width=\"360\" height=\"63\" src=\"https:\/\/familienhoerbuch.de\/wp-content\/uploads\/2025\/09\/DGP-logo_360_63_2.png\" class=\"attachment-large size-large wp-image-11851\" alt=\"\" srcset=\"https:\/\/familienhoerbuch.de\/wp-content\/uploads\/2025\/09\/DGP-logo_360_63_2.png 360w, https:\/\/familienhoerbuch.de\/wp-content\/uploads\/2025\/09\/DGP-logo_360_63_2-300x53.png 300w\" sizes=\"(max-width: 360px) 100vw, 360px\" \/>\t\t\t\t\t\t\t\t\t\t\t\t\t\t\t<\/div>\n\t\t\t\t<\/div>\n\t\t\t\t<\/div>\n\t\t\t\t\t<\/div>\n\t\t\t\t<\/div>\n\t\t<div class=\"elementor-element elementor-element-89e3745 e-flex e-con-boxed e-con e-parent\" data-id=\"89e3745\" data-element_type=\"container\" data-e-type=\"container\" data-settings=\"{&quot;background_background&quot;:&quot;gradient&quot;}\">\n\t\t\t\t\t<div class=\"e-con-inner\">\n\t\t<div class=\"elementor-element elementor-element-f7ca486 e-con-full e-flex e-con e-child\" data-id=\"f7ca486\" data-element_type=\"container\" data-e-type=\"container\">\n\t\t\t\t<div class=\"elementor-element elementor-element-95e779b elementor-widget elementor-widget-text-editor\" data-id=\"95e779b\" data-element_type=\"widget\" data-e-type=\"widget\" data-widget_type=\"text-editor.default\">\n\t\t\t\t<div class=\"elementor-widget-container\">\n\t\t\t\t\t\t\t\t\t<div class=\"x_ms-outlook-mobile-reference-message x_skipProofing\"><b data-olk-copy-source=\"MessageBody\">Refusjonsrebel<\/b>\u00a0Vi utvikler teknologier som driver mobilitetsovergangen, letter tilgangen til b\u00e6rekraftige mobilitetsl\u00f8sninger og gj\u00f8r reisen til en positiv opplevelse igjen. Visjonen: Lavere utslipp, lavere kostnader og et klart skifte fra flyreise til milj\u00f8vennlig jernbane.\u00a0<\/div><div class=\"x_ms-outlook-mobile-reference-message x_skipProofing\">\u00a0<\/div><div class=\"x_ms-outlook-mobile-reference-message x_skipProofing\">Forvaltning av forretningsreiser med jernbane 97 % Kompensasjonen er ubrukt fordi prosessen ofte er uklar eller komplisert for bedrifter og reisende.\u00a0<\/div><div class=\"x_ms-outlook-mobile-reference-message x_skipProofing\">\u00a0<\/div><div class=\"x_ms-outlook-mobile-reference-message x_skipProofing\">Togtjenester som gir deg opptil 22 per \u00e5r % Spar penger p\u00e5 jernbanen!\u00a0<\/div><div class=\"x_ms-outlook-mobile-reference-message x_skipProofing\">\u00a0<\/div><div class=\"x_ms-outlook-mobile-reference-message x_skipProofing\"><b>Jernbanekompensasjon:\u00a0<\/b><\/div><div class=\"x_ms-outlook-mobile-reference-message x_skipProofing\">F\u00e5 helautomatisk opp til 6 % Returner togkostnadene dine p\u00e5 grunn av togforsinkelser og kanselleringer.<\/div><div class=\"x_ms-outlook-mobile-reference-message x_skipProofing\">\u00a0<\/div><div class=\"x_ms-outlook-mobile-reference-message x_skipProofing\"><b>BahnCard-administrasjon:\u00a0<\/b><\/div><div class=\"x_ms-outlook-mobile-reference-message x_skipProofing\">Sparer opptil 16 % Togkostnadene dine ved \u00e5 forsyne dine reisende med BahnCards helt automatisk og skreddersydd.<\/div><div class=\"x_ms-outlook-mobile-reference-message x_skipProofing\">\u00a0<\/div>\t\t\t\t\t\t\t\t<\/div>\n\t\t\t\t<\/div>\n\t\t\t\t<\/div>\n\t\t<div class=\"elementor-element elementor-element-e1bf880 e-con-full e-flex e-con e-child\" data-id=\"e1bf880\" data-element_type=\"container\" data-e-type=\"container\">\n\t\t\t\t<div class=\"elementor-element elementor-element-013b4ee elementor-widget elementor-widget-image\" data-id=\"013b4ee\" data-element_type=\"widget\" data-e-type=\"widget\" data-widget_type=\"image.default\">\n\t\t\t\t<div class=\"elementor-widget-container\">\n\t\t\t\t\t\t\t\t\t\t\t\t\t\t\t<img loading=\"lazy\" decoding=\"async\" width=\"800\" height=\"371\" src=\"https:\/\/familienhoerbuch.de\/wp-content\/uploads\/2026\/02\/service_zug_statt_flug_illustration.png\" class=\"attachment-large size-large wp-image-14197\" alt=\"\" srcset=\"https:\/\/familienhoerbuch.de\/wp-content\/uploads\/2026\/02\/service_zug_statt_flug_illustration.png 1023w, https:\/\/familienhoerbuch.de\/wp-content\/uploads\/2026\/02\/service_zug_statt_flug_illustration-300x139.png 300w, https:\/\/familienhoerbuch.de\/wp-content\/uploads\/2026\/02\/service_zug_statt_flug_illustration-768x357.png 768w\" sizes=\"(max-width: 800px) 100vw, 800px\" \/>\t\t\t\t\t\t\t\t\t\t\t\t\t\t\t<\/div>\n\t\t\t\t<\/div>\n\t\t\t\t<\/div>\n\t\t\t\t\t<\/div>\n\t\t\t\t<\/div>\n\t\t<div class=\"elementor-element elementor-element-4b312e8 e-flex e-con-boxed e-con e-parent\" data-id=\"4b312e8\" data-element_type=\"container\" data-e-type=\"container\" data-settings=\"{&quot;background_background&quot;:&quot;classic&quot;}\">\n\t\t\t\t\t<div class=\"e-con-inner\">\n\t\t<div class=\"elementor-element elementor-element-4713181 e-con-full e-flex e-con e-child\" data-id=\"4713181\" data-element_type=\"container\" data-e-type=\"container\">\n\t\t\t\t<div class=\"elementor-element elementor-element-b17e72d elementor-widget elementor-widget-heading\" data-id=\"b17e72d\" data-element_type=\"widget\" data-e-type=\"widget\" data-widget_type=\"heading.default\">\n\t\t\t\t<div class=\"elementor-widget-container\">\n\t\t\t\t\t<h4 class=\"elementor-heading-title elementor-size-default\">Prosessen - hvordan det fungerer<\/h4>\t\t\t\t<\/div>\n\t\t\t\t<\/div>\n\t\t<div class=\"elementor-element elementor-element-9a21696 e-grid e-con-full e-con e-child\" data-id=\"9a21696\" data-element_type=\"container\" data-e-type=\"container\">\n\t\t\t\t<div class=\"elementor-element elementor-element-6d09131 elementor-position-top elementor-widget elementor-widget-image-box\" data-id=\"6d09131\" data-element_type=\"widget\" data-e-type=\"widget\" data-widget_type=\"image-box.default\">\n\t\t\t\t<div class=\"elementor-widget-container\">\n\t\t\t\t\t<div class=\"elementor-image-box-wrapper\"><figure class=\"elementor-image-box-img\"><img loading=\"lazy\" decoding=\"async\" width=\"500\" height=\"500\" src=\"https:\/\/familienhoerbuch.de\/wp-content\/uploads\/2026\/02\/mega-creator-61.png\" class=\"attachment-full size-full wp-image-14189\" alt=\"\" srcset=\"https:\/\/familienhoerbuch.de\/wp-content\/uploads\/2026\/02\/mega-creator-61.png 500w, https:\/\/familienhoerbuch.de\/wp-content\/uploads\/2026\/02\/mega-creator-61-300x300.png 300w, https:\/\/familienhoerbuch.de\/wp-content\/uploads\/2026\/02\/mega-creator-61-150x150.png 150w\" sizes=\"(max-width: 500px) 100vw, 500px\" \/><\/figure><div class=\"elementor-image-box-content\"><h5 class=\"elementor-image-box-title\">Send inn jernbanedata<\/h5><p class=\"elementor-image-box-description\">Enten via et grensesnitt til din OBE eller via en manuelt generert dataeksport - vi kan behandle dine jernbanedata fra en rekke kilder. V\u00e5rt system kontrollerer deretter dataene for forsinkelser og bestemmer krav om kompensasjon. \n<\/p><\/div><\/div>\t\t\t\t<\/div>\n\t\t\t\t<\/div>\n\t\t\t\t<div class=\"elementor-element elementor-element-27737fa elementor-position-top elementor-widget elementor-widget-image-box\" data-id=\"27737fa\" data-element_type=\"widget\" data-e-type=\"widget\" data-widget_type=\"image-box.default\">\n\t\t\t\t<div class=\"elementor-widget-container\">\n\t\t\t\t\t<div class=\"elementor-image-box-wrapper\"><figure class=\"elementor-image-box-img\"><img loading=\"lazy\" decoding=\"async\" width=\"500\" height=\"500\" src=\"https:\/\/familienhoerbuch.de\/wp-content\/uploads\/2026\/02\/mega-creator-70.png\" class=\"attachment-full size-full wp-image-14190\" alt=\"\" srcset=\"https:\/\/familienhoerbuch.de\/wp-content\/uploads\/2026\/02\/mega-creator-70.png 500w, https:\/\/familienhoerbuch.de\/wp-content\/uploads\/2026\/02\/mega-creator-70-300x300.png 300w, https:\/\/familienhoerbuch.de\/wp-content\/uploads\/2026\/02\/mega-creator-70-150x150.png 150w\" sizes=\"(max-width: 500px) 100vw, 500px\" \/><\/figure><div class=\"elementor-image-box-content\"><h5 class=\"elementor-image-box-title\">P\u00e5stander om krav<\/h5><p class=\"elementor-image-box-description\">Vi ber om etablerte krav fra de ansvarlige jernbaneselskapene for deg. Uten innblanding fra reisende eller reiseadministrasjon \u2013 til og med opptil 365 dager med tilbakevirkende kraft!<\/p><\/div><\/div>\t\t\t\t<\/div>\n\t\t\t\t<\/div>\n\t\t\t\t<div class=\"elementor-element elementor-element-33efd0e elementor-position-top elementor-widget elementor-widget-image-box\" data-id=\"33efd0e\" data-element_type=\"widget\" data-e-type=\"widget\" data-widget_type=\"image-box.default\">\n\t\t\t\t<div class=\"elementor-widget-container\">\n\t\t\t\t\t<div class=\"elementor-image-box-wrapper\"><figure class=\"elementor-image-box-img\"><img loading=\"lazy\" decoding=\"async\" width=\"500\" height=\"500\" src=\"https:\/\/familienhoerbuch.de\/wp-content\/uploads\/2026\/02\/mega-creator-59.png\" class=\"attachment-full size-full wp-image-14187\" alt=\"\" srcset=\"https:\/\/familienhoerbuch.de\/wp-content\/uploads\/2026\/02\/mega-creator-59.png 500w, https:\/\/familienhoerbuch.de\/wp-content\/uploads\/2026\/02\/mega-creator-59-300x300.png 300w, https:\/\/familienhoerbuch.de\/wp-content\/uploads\/2026\/02\/mega-creator-59-150x150.png 150w\" sizes=\"(max-width: 500px) 100vw, 500px\" \/><\/figure><div class=\"elementor-image-box-content\"><h5 class=\"elementor-image-box-title\">Bruker pengene klokt<\/h5><p class=\"elementor-image-box-description\">Skape merverdi gjennom kompensasjonsutbetalinger:<br><b>Dine minutter med forsinkelse blir familiens lydbokminutter. H\u00f8rbare minner som f\u00f8lger med barn som har mistet en forelder for livet og skaper forbindelser.<\/b><br> I tillegg vil du motta en donasjon kvittering i begynnelsen av det f\u00f8lgende \u00e5ret, som utsteder familien lydbok som en non-profit organisasjon.\n<\/p><\/div><\/div>\t\t\t\t<\/div>\n\t\t\t\t<\/div>\n\t\t\t\t<\/div>\n\t\t\t\t<\/div>\n\t\t\t\t\t<\/div>\n\t\t\t\t<\/div>\n\t\t<div class=\"elementor-element elementor-element-fde0939 e-flex e-con-boxed e-con e-parent\" data-id=\"fde0939\" data-element_type=\"container\" data-e-type=\"container\" data-settings=\"{&quot;background_background&quot;:&quot;classic&quot;}\">\n\t\t\t\t\t<div class=\"e-con-inner\">\n\t\t<div class=\"elementor-element elementor-element-6c5523c e-con-full e-flex e-con e-child\" data-id=\"6c5523c\" data-element_type=\"container\" data-e-type=\"container\">\n\t\t\t\t<div class=\"elementor-element elementor-element-fbfa781 elementor-widget elementor-widget-image\" data-id=\"fbfa781\" data-element_type=\"widget\" data-e-type=\"widget\" data-widget_type=\"image.default\">\n\t\t\t\t<div class=\"elementor-widget-container\">\n\t\t\t\t\t\t\t\t\t\t\t\t\t\t\t<img loading=\"lazy\" decoding=\"async\" width=\"600\" height=\"400\" src=\"https:\/\/familienhoerbuch.de\/wp-content\/uploads\/2026\/02\/refrundrebelillu1.jpg\" class=\"attachment-large size-large wp-image-14167\" alt=\"\" srcset=\"https:\/\/familienhoerbuch.de\/wp-content\/uploads\/2026\/02\/refrundrebelillu1.jpg 600w, https:\/\/familienhoerbuch.de\/wp-content\/uploads\/2026\/02\/refrundrebelillu1-300x200.jpg 300w\" sizes=\"(max-width: 600px) 100vw, 600px\" \/>\t\t\t\t\t\t\t\t\t\t\t\t\t\t\t<\/div>\n\t\t\t\t<\/div>\n\t\t\t\t<\/div>\n\t\t<div class=\"elementor-element elementor-element-dbc0d95 e-con-full e-flex e-con e-child\" data-id=\"dbc0d95\" data-element_type=\"container\" data-e-type=\"container\">\n\t\t\t\t<div class=\"elementor-element elementor-element-fd94c4e elementor-widget elementor-widget-heading\" data-id=\"fd94c4e\" data-element_type=\"widget\" data-e-type=\"widget\" data-widget_type=\"heading.default\">\n\t\t\t\t<div class=\"elementor-widget-container\">\n\t\t\t\t\t<h4 class=\"elementor-heading-title elementor-size-default\">Familiens lydbok<\/h4>\t\t\t\t<\/div>\n\t\t\t\t<\/div>\n\t\t\t\t<div class=\"elementor-element elementor-element-3bf15fd elementor-widget elementor-widget-text-editor\" data-id=\"3bf15fd\" data-element_type=\"widget\" data-e-type=\"widget\" data-widget_type=\"text-editor.default\">\n\t\t\t\t<div class=\"elementor-widget-container\">\n\t\t\t\t\t\t\t\t\t<ul><li>ble grunnlagt i 2019 som en ideell organisasjon med f\u00f8lgende lovbestemte form\u00e5l:<ul><li>Fremme av vitenskap og forskning (\u00a7 52(2)(1) AO)<\/li><li>Fremme av folkehelse og offentlig helsetjeneste (\u00a7 52(2)(3) AO)<\/li><li>veldedige form\u00e5l i henhold til \u00a7 53 punkt 1 nr. 1 AO<\/li><\/ul><\/li><li>\u00c5 lukke et eksisterende gap i helsevesenet<\/li><li>St\u00f8tte familier p\u00e5 vei til \u00e5 si farvel<\/li><li>Skaper forbindelser hinsides d\u00f8den<\/li><\/ul>\t\t\t\t\t\t\t\t<\/div>\n\t\t\t\t<\/div>\n\t\t\t\t<\/div>\n\t\t\t\t\t<\/div>\n\t\t\t\t<\/div>\n\t\t<div class=\"elementor-element elementor-element-3eb1f50 e-flex e-con-boxed e-con e-parent\" data-id=\"3eb1f50\" data-element_type=\"container\" data-e-type=\"container\">\n\t\t\t\t\t<div class=\"e-con-inner\">\n\t\t<div class=\"elementor-element elementor-element-a5aa28c e-grid e-con-full e-con e-child\" data-id=\"a5aa28c\" data-element_type=\"container\" data-e-type=\"container\">\n\t\t<div class=\"elementor-element elementor-element-ec9c6c0 e-con-full e-flex e-con e-child\" data-id=\"ec9c6c0\" data-element_type=\"container\" data-e-type=\"container\">\n\t\t\t\t<div class=\"elementor-element elementor-element-4b4110d elementor-widget elementor-widget-heading\" data-id=\"4b4110d\" data-element_type=\"widget\" data-e-type=\"widget\" data-widget_type=\"heading.default\">\n\t\t\t\t<div class=\"elementor-widget-container\">\n\t\t\t\t\t<h4 class=\"elementor-heading-title elementor-size-default\">Kontaktperson Familie lydbok<\/h4>\t\t\t\t<\/div>\n\t\t\t\t<\/div>\n\t\t\t\t<div class=\"elementor-element elementor-element-ab32c25 elementor-position-left elementor-vertical-align-top elementor-widget elementor-widget-image-box\" data-id=\"ab32c25\" data-element_type=\"widget\" data-e-type=\"widget\" data-widget_type=\"image-box.default\">\n\t\t\t\t<div class=\"elementor-widget-container\">\n\t\t\t\t\t<div class=\"elementor-image-box-wrapper\"><figure class=\"elementor-image-box-img\"><img loading=\"lazy\" decoding=\"async\" width=\"742\" height=\"742\" src=\"https:\/\/familienhoerbuch.de\/wp-content\/uploads\/2025\/09\/Download-modified.png\" class=\"attachment-full size-full wp-image-12136\" alt=\"\" srcset=\"https:\/\/familienhoerbuch.de\/wp-content\/uploads\/2025\/09\/Download-modified.png 742w, https:\/\/familienhoerbuch.de\/wp-content\/uploads\/2025\/09\/Download-modified-300x300.png 300w, https:\/\/familienhoerbuch.de\/wp-content\/uploads\/2025\/09\/Download-modified-150x150.png 150w\" sizes=\"(max-width: 742px) 100vw, 742px\" \/><\/figure><div class=\"elementor-image-box-content\"><h5 class=\"elementor-image-box-title\">Eva Clara Tenzler<\/h5><p class=\"elementor-image-box-description\">Vi er glade for at du \u00f8nsker \u00e5 st\u00f8tte v\u00e5rt oppdrag som partner: \u00c5 gj\u00f8re det mulig for barn av alvorlig syke foreldre \u00e5 bruke familiens lydbok som en gave til fremtiden og som sorghjelp. Institutt for markedsf\u00f8ring og engasjement r\u00e5dgir og f\u00f8lger deg i ditt samarbeid med refundrebel som et unikt donasjonsprosjekt for din bedrift.\n<br><br>\n<a href=\"mailto:spenden@familienhoerbuch.de\">spenden@familienhoerbuch.de<\/a><br>\n<a href=\"tel:+4917672096535\">+49 176 720 96 535<\/a><\/p><\/div><\/div>\t\t\t\t<\/div>\n\t\t\t\t<\/div>\n\t\t\t\t<\/div>\n\t\t<div class=\"elementor-element elementor-element-e20086c e-con-full e-flex e-con e-child\" data-id=\"e20086c\" data-element_type=\"container\" data-e-type=\"container\">\n\t\t\t\t<div class=\"elementor-element elementor-element-595c6d7 elementor-widget elementor-widget-heading\" data-id=\"595c6d7\" data-element_type=\"widget\" data-e-type=\"widget\" data-widget_type=\"heading.default\">\n\t\t\t\t<div class=\"elementor-widget-container\">\n\t\t\t\t\t<h4 class=\"elementor-heading-title elementor-size-default\">Kontaktperson refusjonrebel<\/h4>\t\t\t\t<\/div>\n\t\t\t\t<\/div>\n\t\t\t\t<div class=\"elementor-element elementor-element-6f64863 elementor-position-left elementor-vertical-align-top elementor-widget elementor-widget-image-box\" data-id=\"6f64863\" data-element_type=\"widget\" data-e-type=\"widget\" data-widget_type=\"image-box.default\">\n\t\t\t\t<div class=\"elementor-widget-container\">\n\t\t\t\t\t<div class=\"elementor-image-box-wrapper\"><figure class=\"elementor-image-box-img\"><img loading=\"lazy\" decoding=\"async\" width=\"267\" height=\"267\" src=\"https:\/\/familienhoerbuch.de\/wp-content\/uploads\/2026\/02\/steinkamp.png\" class=\"attachment-full size-full wp-image-14177\" alt=\"\" srcset=\"https:\/\/familienhoerbuch.de\/wp-content\/uploads\/2026\/02\/steinkamp.png 267w, https:\/\/familienhoerbuch.de\/wp-content\/uploads\/2026\/02\/steinkamp-150x150.png 150w\" sizes=\"(max-width: 267px) 100vw, 267px\" \/><\/figure><div class=\"elementor-image-box-content\"><h5 class=\"elementor-image-box-title\">Kim Steinkamp<\/h5><p class=\"elementor-image-box-description\">Kim og hennes team er alltid tilgjengelig for en uforpliktende f\u00f8rste konsultasjon og vil gjerne st\u00f8tte deg med eventuelle sp\u00f8rsm\u00e5l du m\u00e5tte ha om den automatiserte kompensasjonsprosessen eller refundrebel BahnCard Management. Konsultasjonen dekker b\u00e5de de relevante rammebetingelsene og det tekniske oppsettet.<br><br>\n\n<a href=\"mailto:kim.steinkamp@refundrebel.com\">kim.steinkamp@refundrebel.com<\/a><br>\n<a href=\"tel:+4962115959666\">+49 621 159 59 666<\/a>\n<\/p><\/div><\/div>\t\t\t\t<\/div>\n\t\t\t\t<\/div>\n\t\t\t\t<\/div>\n\t\t\t\t<\/div>\n\t\t\t\t\t<\/div>\n\t\t\t\t<\/div>\n\t\t\t\t<\/div>","protected":false},"excerpt":{"rendered":"<p>V\u00e5r fremtidige gave kj\u00e6rlighet til \u00f8rene Vi gir alle mindre\u00e5rige barn av livsforkortede syke foreldre muligheten til \u00e5 motta en familie lydbok med mor eller fars stemme. Et personlig fortalt lydstykke fullt av kj\u00e6rlighet, minner og livslange svar p\u00e5 sp\u00f8rsm\u00e5let: \u00abHvem var du, mamma\/pappa? Gratistilbudet til familiens lydbok finansieres utelukkende av donasjoner og subsidier [\u2026]<\/p>","protected":false},"author":7,"featured_media":0,"parent":0,"menu_order":0,"comment_status":"closed","ping_status":"closed","template":"","meta":{"_acf_changed":false,"footnotes":""},"class_list":["post-14123","page","type-page","status-publish","hentry"],"acf":[],"_links":{"self":[{"href":"https:\/\/familienhoerbuch.de\/nb\/wp-json\/wp\/v2\/pages\/14123","targetHints":{"allow":["GET"]}}],"collection":[{"href":"https:\/\/familienhoerbuch.de\/nb\/wp-json\/wp\/v2\/pages"}],"about":[{"href":"https:\/\/familienhoerbuch.de\/nb\/wp-json\/wp\/v2\/types\/page"}],"author":[{"embeddable":true,"href":"https:\/\/familienhoerbuch.de\/nb\/wp-json\/wp\/v2\/users\/7"}],"replies":[{"embeddable":true,"href":"https:\/\/familienhoerbuch.de\/nb\/wp-json\/wp\/v2\/comments?post=14123"}],"version-history":[{"count":0,"href":"https:\/\/familienhoerbuch.de\/nb\/wp-json\/wp\/v2\/pages\/14123\/revisions"}],"wp:attachment":[{"href":"https:\/\/familienhoerbuch.de\/nb\/wp-json\/wp\/v2\/media?parent=14123"}],"curies":[{"name":"wp","href":"https:\/\/api.w.org\/{rel}","templated":true}]}}