{"id":10213,"date":"2025-04-28T10:00:50","date_gmt":"2025-04-28T08:00:50","guid":{"rendered":"https:\/\/familienhoerbuch.de\/?page_id=10213"},"modified":"2025-04-29T13:22:57","modified_gmt":"2025-04-29T11:22:57","slug":"nachlass-regeln","status":"publish","type":"page","link":"https:\/\/familienhoerbuch.de\/nb\/nachlass-regeln\/","title":{"rendered":"Regler for godtgj\u00f8ring"},"content":{"rendered":"<div data-elementor-type=\"wp-page\" data-elementor-id=\"10213\" class=\"elementor elementor-10213\" data-elementor-post-type=\"page\">\n\t\t\t\t<div class=\"elementor-element elementor-element-cf160a6 e-flex e-con-boxed e-con e-parent\" data-id=\"cf160a6\" data-element_type=\"container\" data-e-type=\"container\">\n\t\t\t\t\t<div class=\"e-con-inner\">\n\t\t<div class=\"elementor-element elementor-element-bf0c91b e-con-full e-flex e-con e-child\" data-id=\"bf0c91b\" data-element_type=\"container\" data-e-type=\"container\">\n\t\t\t\t<div class=\"elementor-element elementor-element-54dc142 elementor-widget elementor-widget-heading\" data-id=\"54dc142\" data-element_type=\"widget\" data-e-type=\"widget\" data-widget_type=\"heading.default\">\n\t\t\t\t<div class=\"elementor-widget-container\">\n\t\t\t\t\t<h4 class=\"elementor-heading-title elementor-size-default\">Erblotse - Vil generator<\/h4>\t\t\t\t<\/div>\n\t\t\t\t<\/div>\n\t\t\t\t<div class=\"elementor-element elementor-element-01f544e elementor-widget elementor-widget-text-editor\" data-id=\"01f544e\" data-element_type=\"widget\" data-e-type=\"widget\" data-widget_type=\"text-editor.default\">\n\t\t\t\t<div class=\"elementor-widget-container\">\n\t\t\t\t\t\t\t\t\t<p><span class=\"break-words tvm-parent-container\"><span dir=\"ltr\">Regulering av boet er et utfordrende tema, b\u00e5de n\u00e5r det gjelder innhold og f\u00f8lelser. <\/span><\/span><\/p><p>Den s\u00e5kalte Otto-vanlige forbrukeren ser i mange tilfeller en konsultasjon fra advokaten og en notarisering fra notarius publicus som et valgmiddel. Dette binder tid og \u00f8konomiske ressurser og kan v\u00e6re et ekstra hinder.<\/p><p>Familienh\u00f6rbuch gGmbH har oppdaget en ukomplisert l\u00f8sning som n\u00e5 er implementert som en tjeneste for familiens lydbok-fellesskap: Oppbl\u00e5sthet.<\/p><p>Viljegeneratoren gir en rask oversikt over mulige juridiske arvinger og deres minimumskrav, \u00e5pner ogs\u00e5 muligheten til \u00e5 g\u00e5 inn og st\u00f8tte andre slektninger, venner eller organisasjoner, og til slutt kan en endelig versjon lastes ned gratis. Viktig: For at dette skal anses som juridisk sikkert i Tyskland, m\u00e5 det da kopieres og signeres av forfatteren.<\/p>\t\t\t\t\t\t\t\t<\/div>\n\t\t\t\t<\/div>\n\t\t\t\t<\/div>\n\t\t<div class=\"elementor-element elementor-element-5abbf54 e-con-full e-flex e-con e-child\" data-id=\"5abbf54\" data-element_type=\"container\" data-e-type=\"container\">\n\t\t\t\t<div class=\"elementor-element elementor-element-63996bb elementor-widget elementor-widget-html\" data-id=\"63996bb\" data-element_type=\"widget\" data-e-type=\"widget\" data-widget_type=\"html.default\">\n\t\t\t\t<div class=\"elementor-widget-container\">\n\t\t\t\t\t<iframe src=\"https:\/\/vererben.erblotse.de\/p\/familienhoerbuch?workflow=funnel_1\" style=\"height: 600px; width: 100%; border: none; margin-top:1rem;\"><\/iframe>\t\t\t\t<\/div>\n\t\t\t\t<\/div>\n\t\t\t\t<\/div>\n\t\t\t\t\t<\/div>\n\t\t\t\t<\/div>\n\t\t<div class=\"elementor-element elementor-element-1f7199d e-flex e-con-boxed e-con e-parent\" data-id=\"1f7199d\" data-element_type=\"container\" data-e-type=\"container\" data-settings=\"{&quot;background_background&quot;:&quot;classic&quot;}\">\n\t\t\t\t\t<div class=\"e-con-inner\">\n\t\t<div class=\"elementor-element elementor-element-61e4e8c e-con-full e-flex e-con e-child\" data-id=\"61e4e8c\" data-element_type=\"container\" data-e-type=\"container\">\n\t\t\t\t<div class=\"elementor-element elementor-element-3e92f68 elementor-widget elementor-widget-heading\" data-id=\"3e92f68\" data-element_type=\"widget\" data-e-type=\"widget\" data-widget_type=\"heading.default\">\n\t\t\t\t<div class=\"elementor-widget-container\">\n\t\t\t\t\t<h4 class=\"elementor-heading-title elementor-size-default\">Mer informasjon om generatoren<\/h4>\t\t\t\t<\/div>\n\t\t\t\t<\/div>\n\t\t\t\t<\/div>\n\t\t\t\t\t<\/div>\n\t\t\t\t<\/div>\n\t\t<div class=\"elementor-element elementor-element-395186c e-grid e-con-boxed e-con e-parent\" data-id=\"395186c\" data-element_type=\"container\" data-e-type=\"container\" data-settings=\"{&quot;background_background&quot;:&quot;classic&quot;}\">\n\t\t\t\t\t<div class=\"e-con-inner\">\n\t\t<div class=\"elementor-element elementor-element-58eab20 e-con-full e-flex e-con e-child\" data-id=\"58eab20\" data-element_type=\"container\" data-e-type=\"container\">\n\t\t\t\t<div class=\"elementor-element elementor-element-1468d4e elementor-widget elementor-widget-text-editor\" data-id=\"1468d4e\" data-element_type=\"widget\" data-e-type=\"widget\" data-widget_type=\"text-editor.default\">\n\t\t\t\t<div class=\"elementor-widget-container\">\n\t\t\t\t\t\t\t\t\t<p>Erblotse gj\u00f8r det enkelt \u00e5 arve og arve, slik at ikke for mange sp\u00f8rsm\u00e5l forblir ubesvart etter tapet av en elsket. Forvirrede slektninger, som blir konfrontert med byr\u00e5kratisk innsats og ofte familie uenighet, er dermed en ting fra fortiden. Erblotse-tjenesten tilbyr en trinnvis veiledning som gj\u00f8r at hver person individuelt kan administrere sin egen eiendom, etter \u00f8nske.<\/p><p>For eksempel sitter Brigitte Zypries p\u00e5 Erblotses r\u00e5dgivende styre. Den tyske politikeren var aktiv, blant annet som f\u00f8deral justisminister og innen \u00f8konomi og energi, og tilh\u00f8rte den tyske Forbundsdagen frem til 2017. Det understreker: <em>\u2013 Den arvelige piloten hjelper til med byr\u00e5kratiet rundt arvingen \u2013 slik at du f\u00e5r mer tid til \u00e5 s\u00f8rge. Derfor er jeg glad for \u00e5 v\u00e6re medlem av det r\u00e5dgivende styret.\u201d<\/em><\/p>\t\t\t\t\t\t\t\t<\/div>\n\t\t\t\t<\/div>\n\t\t\t\t<\/div>\n\t\t<div class=\"elementor-element elementor-element-b50a1bf e-con-full e-flex e-con e-child\" data-id=\"b50a1bf\" data-element_type=\"container\" data-e-type=\"container\">\n\t\t\t\t<div class=\"elementor-element elementor-element-9f87a55 elementor-widget elementor-widget-image\" data-id=\"9f87a55\" data-element_type=\"widget\" data-e-type=\"widget\" data-widget_type=\"image.default\">\n\t\t\t\t<div class=\"elementor-widget-container\">\n\t\t\t\t\t\t\t\t\t\t\t\t\t\t\t<img fetchpriority=\"high\" decoding=\"async\" width=\"278\" height=\"295\" src=\"https:\/\/familienhoerbuch.de\/wp-content\/uploads\/2025\/04\/665db357a4986be4a2364bfe_Erblotse-Materials.png\" class=\"attachment-large size-large wp-image-10215\" alt=\"\" \/>\t\t\t\t\t\t\t\t\t\t\t\t\t\t\t<\/div>\n\t\t\t\t<\/div>\n\t\t\t\t<\/div>\n\t\t\t\t\t<\/div>\n\t\t\t\t<\/div>\n\t\t<div class=\"elementor-element elementor-element-fafe299 e-flex e-con-boxed e-con e-parent\" data-id=\"fafe299\" data-element_type=\"container\" data-e-type=\"container\">\n\t\t\t\t\t<div class=\"e-con-inner\">\n\t\t<div class=\"elementor-element elementor-element-494afe2 e-con-full e-flex e-con e-child\" data-id=\"494afe2\" data-element_type=\"container\" data-e-type=\"container\">\n\t\t\t\t<div class=\"elementor-element elementor-element-acb3323 elementor-widget elementor-widget-heading\" data-id=\"acb3323\" data-element_type=\"widget\" data-e-type=\"widget\" data-widget_type=\"heading.default\">\n\t\t\t\t<div class=\"elementor-widget-container\">\n\t\t\t\t\t<h4 class=\"elementor-heading-title elementor-size-default\">Ofte stilte sp\u00f8rsm\u00e5l om generatoren<\/h4>\t\t\t\t<\/div>\n\t\t\t\t<\/div>\n\t\t\t\t<div class=\"elementor-element elementor-element-aaee1a9 elementor-widget elementor-widget-accordion\" data-id=\"aaee1a9\" data-element_type=\"widget\" data-e-type=\"widget\" data-widget_type=\"accordion.default\">\n\t\t\t\t<div class=\"elementor-widget-container\">\n\t\t\t\t\t\t\t<div class=\"elementor-accordion\">\n\t\t\t\t\t\t\t<div class=\"elementor-accordion-item\">\n\t\t\t\t\t<div id=\"elementor-tab-title-1791\" class=\"elementor-tab-title\" data-tab=\"1\" role=\"button\" aria-controls=\"elementor-tab-content-1791\" aria-expanded=\"false\">\n\t\t\t\t\t\t\t\t\t\t\t\t\t<span class=\"elementor-accordion-icon elementor-accordion-icon-left\" aria-hidden=\"true\">\n\t\t\t\t\t\t\t\t\t\t\t\t\t\t\t<span class=\"elementor-accordion-icon-closed\"><svg class=\"e-font-icon-svg e-fas-plus\" viewbox=\"0 0 448 512\" xmlns=\"http:\/\/www.w3.org\/2000\/svg\"><path d=\"M416 208H272V64c0-17.67-14.33-32-32-32h-32c-17.67 0-32 14.33-32 32v144H32c-17.67 0-32 14.33-32 32v32c0 17.67 14.33 32 32 32h144v144c0 17.67 14.33 32 32 32h32c17.67 0 32-14.33 32-32V304h144c17.67 0 32-14.33 32-32v-32c0-17.67-14.33-32-32-32z\"><\/path><\/svg><\/span>\n\t\t\t\t\t\t\t\t<span class=\"elementor-accordion-icon-opened\"><svg class=\"e-font-icon-svg e-fas-minus\" viewbox=\"0 0 448 512\" xmlns=\"http:\/\/www.w3.org\/2000\/svg\"><path d=\"M416 208H32c-17.67 0-32 14.33-32 32v32c0 17.67 14.33 32 32 32h384c17.67 0 32-14.33 32-32v-32c0-17.67-14.33-32-32-32z\"><\/path><\/svg><\/span>\n\t\t\t\t\t\t\t\t\t\t\t\t\t\t<\/span>\n\t\t\t\t\t\t\t\t\t\t\t\t<a class=\"elementor-accordion-title\" tabindex=\"0\">Er Erblotse-tilbudet gratis?<\/a>\n\t\t\t\t\t<\/div>\n\t\t\t\t\t<div id=\"elementor-tab-content-1791\" class=\"elementor-tab-content elementor-clearfix\" data-tab=\"1\" role=\"region\" aria-labelledby=\"elementor-tab-title-1791\"><p>Ja, Familienh\u00f6rbuch gGmbH gj\u00f8r viljegeneratoren tilgjengelig for sitt eget samfunn p\u00e5 dette tidspunktet. Den kan ogs\u00e5 brukes direkte via Erblotse. Deretter vil et gebyr bli belastet.<\/p><\/div>\n\t\t\t\t<\/div>\n\t\t\t\t\t\t\t<div class=\"elementor-accordion-item\">\n\t\t\t\t\t<div id=\"elementor-tab-title-1792\" class=\"elementor-tab-title\" data-tab=\"2\" role=\"button\" aria-controls=\"elementor-tab-content-1792\" aria-expanded=\"false\">\n\t\t\t\t\t\t\t\t\t\t\t\t\t<span class=\"elementor-accordion-icon elementor-accordion-icon-left\" aria-hidden=\"true\">\n\t\t\t\t\t\t\t\t\t\t\t\t\t\t\t<span class=\"elementor-accordion-icon-closed\"><svg class=\"e-font-icon-svg e-fas-plus\" viewbox=\"0 0 448 512\" xmlns=\"http:\/\/www.w3.org\/2000\/svg\"><path d=\"M416 208H272V64c0-17.67-14.33-32-32-32h-32c-17.67 0-32 14.33-32 32v144H32c-17.67 0-32 14.33-32 32v32c0 17.67 14.33 32 32 32h144v144c0 17.67 14.33 32 32 32h32c17.67 0 32-14.33 32-32V304h144c17.67 0 32-14.33 32-32v-32c0-17.67-14.33-32-32-32z\"><\/path><\/svg><\/span>\n\t\t\t\t\t\t\t\t<span class=\"elementor-accordion-icon-opened\"><svg class=\"e-font-icon-svg e-fas-minus\" viewbox=\"0 0 448 512\" xmlns=\"http:\/\/www.w3.org\/2000\/svg\"><path d=\"M416 208H32c-17.67 0-32 14.33-32 32v32c0 17.67 14.33 32 32 32h384c17.67 0 32-14.33 32-32v-32c0-17.67-14.33-32-32-32z\"><\/path><\/svg><\/span>\n\t\t\t\t\t\t\t\t\t\t\t\t\t\t<\/span>\n\t\t\t\t\t\t\t\t\t\t\t\t<a class=\"elementor-accordion-title\" tabindex=\"0\">Er generatoren bare designet for tysk arvelov?<\/a>\n\t\t\t\t\t<\/div>\n\t\t\t\t\t<div id=\"elementor-tab-content-1792\" class=\"elementor-tab-content elementor-clearfix\" data-tab=\"2\" role=\"region\" aria-labelledby=\"elementor-tab-title-1792\"><p>Ja, denne versjonen er designet for tyske retningslinjer. Innenfor s\u00f8knadsomr\u00e5det er det imidlertid mulig \u00e5 benytte gratis konsultasjon i arvesaker med utenlandsk tilknytning.<\/p><\/div>\n\t\t\t\t<\/div>\n\t\t\t\t\t\t\t\t<\/div>\n\t\t\t\t\t\t<\/div>\n\t\t\t\t<\/div>\n\t\t\t\t<\/div>\n\t\t\t\t\t<\/div>\n\t\t\t\t<\/div>\n\t\t\t\t<\/div>","protected":false},"excerpt":{"rendered":"<p>Erblotse &#8211; Der Testamentsgenerator Den Nachlass regeln, das ist ein anspruchsvolles Thema, sowohl inhaltlich als auch emotional. Der sogenannte Otto Normalverbraucher sieht in vielen F\u00e4llen eine Beratung vom Rechtsanwalt und eine Beurkundung vom Notar als Mittel der Wahl. Das bindet zeitliche und monet\u00e4re Ressourcen und kann eine zus\u00e4tzliche H\u00fcrde darstellen. Die Familienh\u00f6rbuch gGmbH hat eine [&hellip;]<\/p>","protected":false},"author":1,"featured_media":0,"parent":0,"menu_order":0,"comment_status":"closed","ping_status":"closed","template":"","meta":{"_acf_changed":false,"footnotes":""},"class_list":["post-10213","page","type-page","status-publish","hentry"],"acf":[],"_links":{"self":[{"href":"https:\/\/familienhoerbuch.de\/nb\/wp-json\/wp\/v2\/pages\/10213","targetHints":{"allow":["GET"]}}],"collection":[{"href":"https:\/\/familienhoerbuch.de\/nb\/wp-json\/wp\/v2\/pages"}],"about":[{"href":"https:\/\/familienhoerbuch.de\/nb\/wp-json\/wp\/v2\/types\/page"}],"author":[{"embeddable":true,"href":"https:\/\/familienhoerbuch.de\/nb\/wp-json\/wp\/v2\/users\/1"}],"replies":[{"embeddable":true,"href":"https:\/\/familienhoerbuch.de\/nb\/wp-json\/wp\/v2\/comments?post=10213"}],"version-history":[{"count":0,"href":"https:\/\/familienhoerbuch.de\/nb\/wp-json\/wp\/v2\/pages\/10213\/revisions"}],"wp:attachment":[{"href":"https:\/\/familienhoerbuch.de\/nb\/wp-json\/wp\/v2\/media?parent=10213"}],"curies":[{"name":"wp","href":"https:\/\/api.w.org\/{rel}","templated":true}]}}