{"id":82,"date":"2024-08-26T18:15:06","date_gmt":"2024-08-26T16:15:06","guid":{"rendered":"https:\/\/websplash.familienhoerbuch.de\/?page_id=82"},"modified":"2025-12-08T22:24:16","modified_gmt":"2025-12-08T21:24:16","slug":"mein-weg-zum-hoerbuch","status":"publish","type":"page","link":"https:\/\/familienhoerbuch.de\/en\/mein-weg-zum-hoerbuch\/","title":{"rendered":"Mein Weg zum H\u00f6rbuch"},"content":{"rendered":"<div data-elementor-type=\"wp-page\" data-elementor-id=\"82\" class=\"elementor elementor-82\" data-elementor-post-type=\"page\">\n\t\t\t\t<div class=\"elementor-element elementor-element-7bf4397 e-flex e-con-boxed e-con e-parent\" data-id=\"7bf4397\" data-element_type=\"container\" data-e-type=\"container\">\n\t\t\t\t\t<div class=\"e-con-inner\">\n\t\t<div class=\"elementor-element elementor-element-7c3ac3b e-con-full e-flex e-con e-child\" data-id=\"7c3ac3b\" data-element_type=\"container\" data-e-type=\"container\">\n\t\t\t\t<div class=\"elementor-element elementor-element-8bf3df1 elementor-widget elementor-widget-heading\" data-id=\"8bf3df1\" data-element_type=\"widget\" data-e-type=\"widget\" data-widget_type=\"heading.default\">\n\t\t\t\t<div class=\"elementor-widget-container\">\n\t\t\t\t\t<h4 class=\"elementor-heading-title elementor-size-default\">Ihr Weg zum eigenen H\u00f6rbuch<\/h4>\t\t\t\t<\/div>\n\t\t\t\t<\/div>\n\t\t\t\t<\/div>\n\t\t\t\t\t<\/div>\n\t\t\t\t<\/div>\n\t\t<div class=\"elementor-element elementor-element-048cc82 e-flex e-con-boxed e-con e-parent\" data-id=\"048cc82\" data-element_type=\"container\" data-e-type=\"container\">\n\t\t\t\t\t<div class=\"e-con-inner\">\n\t\t<div class=\"elementor-element elementor-element-c3ea153 e-con-full e-flex e-con e-child\" data-id=\"c3ea153\" data-element_type=\"container\" data-e-type=\"container\">\n\t\t\t\t<div class=\"elementor-element elementor-element-d67937a elementor-widget elementor-widget-text-editor\" data-id=\"d67937a\" data-element_type=\"widget\" data-e-type=\"widget\" data-widget_type=\"text-editor.default\">\n\t\t\t\t<div class=\"elementor-widget-container\">\n\t\t\t\t\t\t\t\t\t<p>Jede <strong>Lebensgeschichte<\/strong> ist es wert erz\u00e4hlt und hinterlassen zu werden. Deshalb erstellen wir die Biografien von unheilbar Erkrankten f\u00fcr die Ewigkeit als Zukunftsgeschenk.<\/p><p>Die Erz\u00e4hlungen werden mit modernsten Techniken des Audiojournalismus dramaturgisch gestaltet (spezieller Aufbau\/Struktur\/Bearbeitung). Nach dem Tod eines Elternteils unterst\u00fctzen die H\u00f6rb\u00fccher die hinterbliebene Familie, vor allem die Kinder, bei der <strong>Trauerbew\u00e4ltigung<\/strong> und begleiten sie individuell.<\/p><p>Die Familienh\u00f6rb\u00fccher sind von Mutter oder Vater h\u00f6chstpers\u00f6nlich und <strong>mit eigener Stimme erz\u00e4hlt<\/strong>. Pers\u00f6nlich. Liebevoll. Authentisch. Authentizit\u00e4t hei\u00dft f\u00fcr uns auch sprachlichen und kulturellen Einfl\u00fcssen Raum zu geben.<\/p><p>Das Familienh\u00f6rbuch finanziert sich ausschlie\u00dflich \u00fcber Spenden und ist <strong>f\u00fcr die Teilnehmer:innen kostenfrei<\/strong>.<\/p>\t\t\t\t\t\t\t\t<\/div>\n\t\t\t\t<\/div>\n\t\t\t\t<div class=\"elementor-element elementor-element-296c168 elementor-widget elementor-widget-button\" data-id=\"296c168\" data-element_type=\"widget\" data-e-type=\"widget\" data-widget_type=\"button.default\">\n\t\t\t\t<div class=\"elementor-widget-container\">\n\t\t\t\t\t\t\t\t\t<div class=\"elementor-button-wrapper\">\n\t\t\t\t\t<a class=\"elementor-button elementor-button-link elementor-size-sm\" href=\"https:\/\/familienhoerbuch.de\/en\/kontakt\/\">\n\t\t\t\t\t\t<span class=\"elementor-button-content-wrapper\">\n\t\t\t\t\t\t\t\t\t<span class=\"elementor-button-text\">Jetzt Kontakt aufnehmen \u00bb <\/span>\n\t\t\t\t\t<\/span>\n\t\t\t\t\t<\/a>\n\t\t\t\t<\/div>\n\t\t\t\t\t\t\t\t<\/div>\n\t\t\t\t<\/div>\n\t\t\t\t<div class=\"elementor-element elementor-element-5c82b4a elementor-widget elementor-widget-image\" data-id=\"5c82b4a\" data-element_type=\"widget\" data-e-type=\"widget\" data-widget_type=\"image.default\">\n\t\t\t\t<div class=\"elementor-widget-container\">\n\t\t\t\t\t\t\t\t\t\t\t\t\t\t\t<img fetchpriority=\"high\" decoding=\"async\" width=\"800\" height=\"533\" src=\"https:\/\/familienhoerbuch.de\/wp-content\/uploads\/2025\/03\/Familienhoerbuch-20250213-Lena-148.jpg\" class=\"attachment-large size-large wp-image-9872\" alt=\"\" srcset=\"https:\/\/familienhoerbuch.de\/wp-content\/uploads\/2025\/03\/Familienhoerbuch-20250213-Lena-148.jpg 800w, https:\/\/familienhoerbuch.de\/wp-content\/uploads\/2025\/03\/Familienhoerbuch-20250213-Lena-148-300x200.jpg 300w, https:\/\/familienhoerbuch.de\/wp-content\/uploads\/2025\/03\/Familienhoerbuch-20250213-Lena-148-768x512.jpg 768w\" sizes=\"(max-width: 800px) 100vw, 800px\" \/>\t\t\t\t\t\t\t\t\t\t\t\t\t\t\t<\/div>\n\t\t\t\t<\/div>\n\t\t\t\t<\/div>\n\t\t<div class=\"elementor-element elementor-element-23b0ed6 e-con-full e-flex e-con e-child\" data-id=\"23b0ed6\" data-element_type=\"container\" data-e-type=\"container\">\n\t\t\t\t<div class=\"elementor-element elementor-element-8ebd650 elementor-widget elementor-widget-image\" data-id=\"8ebd650\" data-element_type=\"widget\" data-e-type=\"widget\" data-widget_type=\"image.default\">\n\t\t\t\t<div class=\"elementor-widget-container\">\n\t\t\t\t\t\t\t\t\t\t\t\t\t\t\t\t<a href=\"https:\/\/familienhoerbuch.de\/wp-content\/uploads\/2025\/06\/prozess-v3-pfade-scaled.jpg\" data-elementor-open-lightbox=\"yes\" data-elementor-lightbox-title=\"prozess-v3-pfade\" data-e-action-hash=\"#elementor-action%3Aaction%3Dlightbox%26settings%3DeyJpZCI6MTA2MzgsInVybCI6Imh0dHBzOlwvXC9mYW1pbGllbmhvZXJidWNoLmRlXC93cC1jb250ZW50XC91cGxvYWRzXC8yMDI1XC8wNlwvcHJvemVzcy12My1wZmFkZS1zY2FsZWQuanBnIn0%3D\">\n\t\t\t\t\t\t\t<img decoding=\"async\" width=\"748\" height=\"1024\" src=\"https:\/\/familienhoerbuch.de\/wp-content\/uploads\/2025\/06\/prozess-v3-pfade-748x1024.jpg\" class=\"attachment-large size-large wp-image-10638\" alt=\"\" srcset=\"https:\/\/familienhoerbuch.de\/wp-content\/uploads\/2025\/06\/prozess-v3-pfade-748x1024.jpg 748w, https:\/\/familienhoerbuch.de\/wp-content\/uploads\/2025\/06\/prozess-v3-pfade-219x300.jpg 219w, https:\/\/familienhoerbuch.de\/wp-content\/uploads\/2025\/06\/prozess-v3-pfade-768x1051.jpg 768w, https:\/\/familienhoerbuch.de\/wp-content\/uploads\/2025\/06\/prozess-v3-pfade-1122x1536.jpg 1122w, https:\/\/familienhoerbuch.de\/wp-content\/uploads\/2025\/06\/prozess-v3-pfade-1496x2048.jpg 1496w, https:\/\/familienhoerbuch.de\/wp-content\/uploads\/2025\/06\/prozess-v3-pfade-scaled.jpg 1870w\" sizes=\"(max-width: 748px) 100vw, 748px\" \/>\t\t\t\t\t\t\t\t<\/a>\n\t\t\t\t\t\t\t\t\t\t\t\t\t\t\t<\/div>\n\t\t\t\t<\/div>\n\t\t\t\t<div class=\"elementor-element elementor-element-d05bfa5 elementor-hidden-tablet elementor-hidden-mobile elementor-icon-list--layout-traditional elementor-list-item-link-full_width elementor-widget elementor-widget-icon-list\" data-id=\"d05bfa5\" data-element_type=\"widget\" data-e-type=\"widget\" data-widget_type=\"icon-list.default\">\n\t\t\t\t<div class=\"elementor-widget-container\">\n\t\t\t\t\t\t\t<ul class=\"elementor-icon-list-items\">\n\t\t\t\t\t\t\t<li class=\"elementor-icon-list-item\">\n\t\t\t\t\t\t\t\t\t\t\t<a href=\"https:\/\/familienhoerbuch.de\/wp-content\/uploads\/2025\/06\/prozess-v3-pfade-scaled.jpg\">\n\n\t\t\t\t\t\t\t\t\t\t\t\t<span class=\"elementor-icon-list-icon\">\n\t\t\t\t\t\t\t<svg aria-hidden=\"true\" class=\"e-font-icon-svg e-fas-search-plus\" viewbox=\"0 0 512 512\" xmlns=\"http:\/\/www.w3.org\/2000\/svg\"><path d=\"M304 192v32c0 6.6-5.4 12-12 12h-56v56c0 6.6-5.4 12-12 12h-32c-6.6 0-12-5.4-12-12v-56h-56c-6.6 0-12-5.4-12-12v-32c0-6.6 5.4-12 12-12h56v-56c0-6.6 5.4-12 12-12h32c6.6 0 12 5.4 12 12v56h56c6.6 0 12 5.4 12 12zm201 284.7L476.7 505c-9.4 9.4-24.6 9.4-33.9 0L343 405.3c-4.5-4.5-7-10.6-7-17V372c-35.3 27.6-79.7 44-128 44C93.1 416 0 322.9 0 208S93.1 0 208 0s208 93.1 208 208c0 48.3-16.4 92.7-44 128h16.3c6.4 0 12.5 2.5 17 7l99.7 99.7c9.3 9.4 9.3 24.6 0 34zM344 208c0-75.2-60.8-136-136-136S72 132.8 72 208s60.8 136 136 136 136-60.8 136-136z\"><\/path><\/svg>\t\t\t\t\t\t<\/span>\n\t\t\t\t\t\t\t\t\t\t<span class=\"elementor-icon-list-text\"><i>Grafik vergr\u00f6\u00dfern<\/i><\/span>\n\t\t\t\t\t\t\t\t\t\t\t<\/a>\n\t\t\t\t\t\t\t\t\t<\/li>\n\t\t\t\t\t\t<\/ul>\n\t\t\t\t\t\t<\/div>\n\t\t\t\t<\/div>\n\t\t\t\t<\/div>\n\t\t\t\t\t<\/div>\n\t\t\t\t<\/div>\n\t\t<div class=\"elementor-element elementor-element-05dd996 e-flex e-con-boxed e-con e-parent\" data-id=\"05dd996\" data-element_type=\"container\" data-e-type=\"container\" data-settings=\"{&quot;background_background&quot;:&quot;classic&quot;}\">\n\t\t\t\t\t<div class=\"e-con-inner\">\n\t\t<div class=\"elementor-element elementor-element-b54acf7 e-con-full e-flex e-con e-child\" data-id=\"b54acf7\" data-element_type=\"container\" data-e-type=\"container\">\n\t\t\t\t<div class=\"elementor-element elementor-element-12db218 elementor-widget elementor-widget-heading\" data-id=\"12db218\" data-element_type=\"widget\" data-e-type=\"widget\" data-widget_type=\"heading.default\">\n\t\t\t\t<div class=\"elementor-widget-container\">\n\t\t\t\t\t<h4 class=\"elementor-heading-title elementor-size-default\">Die Aufnahme eines H\u00f6rbuchs<\/h4>\t\t\t\t<\/div>\n\t\t\t\t<\/div>\n\t\t\t\t<\/div>\n\t\t\t\t\t<\/div>\n\t\t\t\t<\/div>\n\t\t<div class=\"elementor-element elementor-element-427b780 e-grid e-con-boxed e-con e-parent\" data-id=\"427b780\" data-element_type=\"container\" data-e-type=\"container\" data-settings=\"{&quot;background_background&quot;:&quot;classic&quot;}\">\n\t\t\t\t\t<div class=\"e-con-inner\">\n\t\t<div class=\"elementor-element elementor-element-b1ff47b e-con-full e-flex e-con e-child\" data-id=\"b1ff47b\" data-element_type=\"container\" data-e-type=\"container\">\n\t\t\t\t<div class=\"elementor-element elementor-element-0e11376 elementor-widget elementor-widget-text-editor\" data-id=\"0e11376\" data-element_type=\"widget\" data-e-type=\"widget\" data-widget_type=\"text-editor.default\">\n\t\t\t\t<div class=\"elementor-widget-container\">\n\t\t\t\t\t\t\t\t\t<p>Ihr fertiges Familienh\u00f6rbuch erhalten Sie als Audiodateien \u00fcber einen datengesch\u00fctzten Transferdienst. Wir beraten Sie gerne, wenn Sie daraus auch ein haptisches Geschenk \u201ezum Anfassen\u201cmachen m\u00f6chten, das Sie an Ihre Liebsten \u00fcbergeben k\u00f6nnen.<\/p><p>Marcel hat ebenfalls ein Familienh\u00f6rbuch aufgenommen und beschreibt sehr ausf\u00fchrlich in einem Podcast beim BR seine Erfahrungen mit der Vorbereitung auf die Aufnahmen und die Interviewsituation:<\/p><p><a href=\"https:\/\/www.br.de\/mediathek\/podcast\/eltern-ohne-filter\/marcel-vater-sein-ueber-den-tod-hinaus\/1857212\" target=\"_blank\" rel=\"noopener\">Hier k\u00f6nnen Sie reinh\u00f6ren \u00bb<\/a><\/p><p>Unsere Projektteilnehmenden geben hin und wieder kleine Original-Ausschnitte aus ihren Familienh\u00f6rb\u00fcchern frei, die anderen als Beispiel dienen k\u00f6nnen:<\/p><p><a href=\"https:\/\/www.instagram.com\/reel\/C52npoStMlu\/?utm_source=ig_web_copy_link&amp;igsh=MzRlODBiNWFlZA==\" target=\"_blank\" rel=\"noopener\"> Hier k\u00f6nnen Sie reinh\u00f6ren \u00bb<\/a><\/p><p>Uns erreicht auch Feedback nach den Aufnahmetagen:<\/p><p><a href=\"https:\/\/www.instagram.com\/reel\/C9tz8YeNN2K\/?utm_source=ig_web_copy_link&amp;igsh=MzRlODBiNWFlZA==\" target=\"_blank\" rel=\"noopener\">Hier k\u00f6nnen Sie reinh\u00f6ren \u00bb<\/a><\/p>\t\t\t\t\t\t\t\t<\/div>\n\t\t\t\t<\/div>\n\t\t\t\t<\/div>\n\t\t<div class=\"elementor-element elementor-element-486b316 e-con-full e-flex e-con e-child\" data-id=\"486b316\" data-element_type=\"container\" data-e-type=\"container\">\n\t\t\t\t<div class=\"elementor-element elementor-element-277fb63 elementor-widget elementor-widget-text-editor\" data-id=\"277fb63\" data-element_type=\"widget\" data-e-type=\"widget\" data-widget_type=\"text-editor.default\">\n\t\t\t\t<div class=\"elementor-widget-container\">\n\t\t\t\t\t\t\t\t\t<p>Sie erz\u00e4hlen Ihre Lebensgeschichte nach und nach, in einzelnen Kapiteln, die Ihnen wichtig sind. Erfahrene Journalist:innen, die alle zertifizierte Audiobiograf:innen sind, begleiten Sie durch Ihre Lebenserinnerungen.<\/p><p>Wir unterst\u00fctzen Sie bei der Vorbereitung. Sie k\u00f6nnen f\u00fcr Ihre Kinder Geschichten vorlesen, Lieder singen, aus fr\u00fcheren Briefen zitieren, Gedichte vortragen oder Tonmaterial aus Ihrem Leben (Kassettenrecorder\/Tonmaterial aus alten Ferienvideos o.\u00e4.) einbringen. Sie suchen Musikst\u00fccke aus, die Ihnen wichtig sind, erz\u00e4hlen von Konzerten, Kinofilmen oder den Lieblingssendungen Ihrer Kindheit. Am Ende der Interviewphase erarbeitet ihr Audiobiograf oder ihre Audiobiografin mit Ihnen gemeinsam ein Inhaltsverzeichnis, ein Vor- und ein Nachwort, damit die einzelnen Kapitel Ihres Familienh\u00f6rbuchs, das meist mehrere Stunden dauert, leichter ausgew\u00e4hlt werden k\u00f6nnen.<\/p><p>Nach den Aufnahmen produzieren wir mit professionellen Sounddesigner:innen aus dem Interview- und Soundmaterial Ihr H\u00f6rbuch. Dadurch wird Ihr Familienh\u00f6rbuch sowohl ein sehr pers\u00f6nliches Dokument Ihres Lebens, als auch ein H\u00f6rbuch mit Alltags-, Kultur- und Familiengeschichten unserer Zeit.<\/p>\t\t\t\t\t\t\t\t<\/div>\n\t\t\t\t<\/div>\n\t\t\t\t<\/div>\n\t\t\t\t\t<\/div>\n\t\t\t\t<\/div>\n\t\t<div class=\"elementor-element elementor-element-887cbef e-flex e-con-boxed e-con e-parent\" data-id=\"887cbef\" data-element_type=\"container\" data-e-type=\"container\">\n\t\t\t\t\t<div class=\"e-con-inner\">\n\t\t<div class=\"elementor-element elementor-element-44653e9 e-con-full e-flex e-con e-child\" data-id=\"44653e9\" data-element_type=\"container\" data-e-type=\"container\">\n\t\t\t\t<div class=\"elementor-element elementor-element-8e7f3c4 elementor-widget elementor-widget-heading\" data-id=\"8e7f3c4\" data-element_type=\"widget\" data-e-type=\"widget\" data-widget_type=\"heading.default\">\n\t\t\t\t<div class=\"elementor-widget-container\">\n\t\t\t\t\t<h4 class=\"elementor-heading-title elementor-size-default\">H\u00e4ufig gestellte Fragen<\/h4>\t\t\t\t<\/div>\n\t\t\t\t<\/div>\n\t\t\t\t<div class=\"elementor-element elementor-element-126e48a elementor-widget elementor-widget-accordion\" data-id=\"126e48a\" data-element_type=\"widget\" data-e-type=\"widget\" data-widget_type=\"accordion.default\">\n\t\t\t\t<div class=\"elementor-widget-container\">\n\t\t\t\t\t\t\t<div class=\"elementor-accordion\">\n\t\t\t\t\t\t\t<div class=\"elementor-accordion-item\">\n\t\t\t\t\t<div id=\"elementor-tab-title-1931\" class=\"elementor-tab-title\" data-tab=\"1\" role=\"button\" aria-controls=\"elementor-tab-content-1931\" aria-expanded=\"false\">\n\t\t\t\t\t\t\t\t\t\t\t\t\t<span class=\"elementor-accordion-icon elementor-accordion-icon-left\" aria-hidden=\"true\">\n\t\t\t\t\t\t\t\t\t\t\t\t\t\t\t<span class=\"elementor-accordion-icon-closed\"><svg class=\"e-font-icon-svg e-fas-plus\" viewbox=\"0 0 448 512\" xmlns=\"http:\/\/www.w3.org\/2000\/svg\"><path d=\"M416 208H272V64c0-17.67-14.33-32-32-32h-32c-17.67 0-32 14.33-32 32v144H32c-17.67 0-32 14.33-32 32v32c0 17.67 14.33 32 32 32h144v144c0 17.67 14.33 32 32 32h32c17.67 0 32-14.33 32-32V304h144c17.67 0 32-14.33 32-32v-32c0-17.67-14.33-32-32-32z\"><\/path><\/svg><\/span>\n\t\t\t\t\t\t\t\t<span class=\"elementor-accordion-icon-opened\"><svg class=\"e-font-icon-svg e-fas-minus\" viewbox=\"0 0 448 512\" xmlns=\"http:\/\/www.w3.org\/2000\/svg\"><path d=\"M416 208H32c-17.67 0-32 14.33-32 32v32c0 17.67 14.33 32 32 32h384c17.67 0 32-14.33 32-32v-32c0-17.67-14.33-32-32-32z\"><\/path><\/svg><\/span>\n\t\t\t\t\t\t\t\t\t\t\t\t\t\t<\/span>\n\t\t\t\t\t\t\t\t\t\t\t\t<a class=\"elementor-accordion-title\" tabindex=\"0\">Wie k\u00f6nnen Sie ein H\u00f6rbuch aufnehmen?<\/a>\n\t\t\t\t\t<\/div>\n\t\t\t\t\t<div id=\"elementor-tab-content-1931\" class=\"elementor-tab-content elementor-clearfix\" data-tab=\"1\" role=\"region\" aria-labelledby=\"elementor-tab-title-1931\"><p>M\u00fctter und V\u00e4ter, die mit einer unheilbaren Krankheit und einer lebensverk\u00fcrzenden Diagnose konfrontiert sind und minderj\u00e4hrige Kinder haben, k\u00f6nnen sich f\u00fcr die Teilnahme an dem H\u00f6rbuchprojekt bewerben. Das bedeutet aber nicht, dass Ihre Erkrankung schon sehr weit fortgeschritten ist oder unmittelbar mit einer massiven Verschlechterung gerechnet werden muss. Bitte kontaktieren Sie uns gern auch dann, wenn Sie das Gef\u00fchl haben, noch sehr stabil zu sein. Mit Ihrer ganz pers\u00f6nlichen Lebens-H\u00d6R-Geschichte bringen Sie ein kostbares Zukunftsgeschenk f\u00fcr Ihre Kinder auf den Weg.<\/p><p>Wenn Sie sich f\u00fcr die Aufnahme eines H\u00f6rbuchs interessieren, senden Sie Ihr Anliegen direkt per E-Mail an <a href=\"mailto:kontakt@familienhoerbuch.de\">kontakt@familienhoerbuch.de<\/a>.<\/p><p>Wir schicken Ihnen einen \u201eBasisbogen\u201c zu, den Sie bitte zeitnah ausgef\u00fcllt an uns zur\u00fccksenden. Sobald wir miteinander in Kontakt sind, beginnen wir mit den Vorplanungen Ihres Familienh\u00f6rbuchs.<\/p><\/div>\n\t\t\t\t<\/div>\n\t\t\t\t\t\t\t<div class=\"elementor-accordion-item\">\n\t\t\t\t\t<div id=\"elementor-tab-title-1932\" class=\"elementor-tab-title\" data-tab=\"2\" role=\"button\" aria-controls=\"elementor-tab-content-1932\" aria-expanded=\"false\">\n\t\t\t\t\t\t\t\t\t\t\t\t\t<span class=\"elementor-accordion-icon elementor-accordion-icon-left\" aria-hidden=\"true\">\n\t\t\t\t\t\t\t\t\t\t\t\t\t\t\t<span class=\"elementor-accordion-icon-closed\"><svg class=\"e-font-icon-svg e-fas-plus\" viewbox=\"0 0 448 512\" xmlns=\"http:\/\/www.w3.org\/2000\/svg\"><path d=\"M416 208H272V64c0-17.67-14.33-32-32-32h-32c-17.67 0-32 14.33-32 32v144H32c-17.67 0-32 14.33-32 32v32c0 17.67 14.33 32 32 32h144v144c0 17.67 14.33 32 32 32h32c17.67 0 32-14.33 32-32V304h144c17.67 0 32-14.33 32-32v-32c0-17.67-14.33-32-32-32z\"><\/path><\/svg><\/span>\n\t\t\t\t\t\t\t\t<span class=\"elementor-accordion-icon-opened\"><svg class=\"e-font-icon-svg e-fas-minus\" viewbox=\"0 0 448 512\" xmlns=\"http:\/\/www.w3.org\/2000\/svg\"><path d=\"M416 208H32c-17.67 0-32 14.33-32 32v32c0 17.67 14.33 32 32 32h384c17.67 0 32-14.33 32-32v-32c0-17.67-14.33-32-32-32z\"><\/path><\/svg><\/span>\n\t\t\t\t\t\t\t\t\t\t\t\t\t\t<\/span>\n\t\t\t\t\t\t\t\t\t\t\t\t<a class=\"elementor-accordion-title\" tabindex=\"0\">Was kostet die Aufnahme eines H\u00f6rbuchs?<\/a>\n\t\t\t\t\t<\/div>\n\t\t\t\t\t<div id=\"elementor-tab-content-1932\" class=\"elementor-tab-content elementor-clearfix\" data-tab=\"2\" role=\"region\" aria-labelledby=\"elementor-tab-title-1932\"><p>Die Familienh\u00f6rb\u00fccher sind f\u00fcr Familien, die mit einer lebensverk\u00fcrzenden Diagnose konfrontiert sind, kostenfrei.<\/p><p>Niemand muss Eigenmittel f\u00fcr \u201esein Familienh\u00f6rbuch\u201c mitbringen, denn Angeh\u00f6rige oder Freunde von fr\u00fcheren Teilnehmer:innen haben daf\u00fcr bereits Spenden gesammelt und der Familienh\u00f6rbuch gGmbH f\u00fcr ihre Arbeit zur Verf\u00fcgung gestellt. Um aber auch zuk\u00fcnftige Produktionen zu sichern und weiteren Betroffenen die M\u00f6glichkeit zu bieten, ein kostenfreies H\u00f6rbuch aufzunehmen, bitten wir alle Teilnehmer:innen und deren Familien, Angeh\u00f6rige und Freunde, ebenfalls Spenden zu sammeln.<\/p><p>Sie haben keinerlei Erfahrungen mit Spenden oder Benefit-Aktionen? Kein Problem! Wir nehmen Sie an die Hand und stehen Ihnen zur Seite. Nehmen Sie mit unserem Fundraising-Team Kontakt auf: <a href=\"mailto:spenden@familienhoerbuch.de\">spenden@familienhoerbuch.de<\/a>.<\/p><\/div>\n\t\t\t\t<\/div>\n\t\t\t\t\t\t\t<div class=\"elementor-accordion-item\">\n\t\t\t\t\t<div id=\"elementor-tab-title-1933\" class=\"elementor-tab-title\" data-tab=\"3\" role=\"button\" aria-controls=\"elementor-tab-content-1933\" aria-expanded=\"false\">\n\t\t\t\t\t\t\t\t\t\t\t\t\t<span class=\"elementor-accordion-icon elementor-accordion-icon-left\" aria-hidden=\"true\">\n\t\t\t\t\t\t\t\t\t\t\t\t\t\t\t<span class=\"elementor-accordion-icon-closed\"><svg class=\"e-font-icon-svg e-fas-plus\" viewbox=\"0 0 448 512\" xmlns=\"http:\/\/www.w3.org\/2000\/svg\"><path d=\"M416 208H272V64c0-17.67-14.33-32-32-32h-32c-17.67 0-32 14.33-32 32v144H32c-17.67 0-32 14.33-32 32v32c0 17.67 14.33 32 32 32h144v144c0 17.67 14.33 32 32 32h32c17.67 0 32-14.33 32-32V304h144c17.67 0 32-14.33 32-32v-32c0-17.67-14.33-32-32-32z\"><\/path><\/svg><\/span>\n\t\t\t\t\t\t\t\t<span class=\"elementor-accordion-icon-opened\"><svg class=\"e-font-icon-svg e-fas-minus\" viewbox=\"0 0 448 512\" xmlns=\"http:\/\/www.w3.org\/2000\/svg\"><path d=\"M416 208H32c-17.67 0-32 14.33-32 32v32c0 17.67 14.33 32 32 32h384c17.67 0 32-14.33 32-32v-32c0-17.67-14.33-32-32-32z\"><\/path><\/svg><\/span>\n\t\t\t\t\t\t\t\t\t\t\t\t\t\t<\/span>\n\t\t\t\t\t\t\t\t\t\t\t\t<a class=\"elementor-accordion-title\" tabindex=\"0\">Wie hoch ist der Zeitaufwand f\u00fcr die Aufnahme eines H\u00f6rbuchs?<\/a>\n\t\t\t\t\t<\/div>\n\t\t\t\t\t<div id=\"elementor-tab-content-1933\" class=\"elementor-tab-content elementor-clearfix\" data-tab=\"3\" role=\"region\" aria-labelledby=\"elementor-tab-title-1933\"><p>Ob drei ganze Tage oder sechs halbe Tage \u2013 ob online oder im direkten Treffen \u2013 wir beraten Sie und suchen gemeinsam mit Ihnen den passenden Ort und Zeitpunkt.<\/p><p>Wir k\u00f6nnen einen Ihren Lebensumst\u00e4nden angemessenen Zeitaufwand f\u00fcr die Interviews einplanen und die Tonaufzeichnungen im Tonstudio, aber auch im Krankenhaus, im Hospiz oder Zuhause aufzeichnen, wenn Ihre Kr\u00e4fte keine mehrst\u00fcndigen Interviews mehr zulassen. Und wenn es daheim zu trubelig ist und Sie keine Ruhe haben, finden wir auch daf\u00fcr eine L\u00f6sung.<\/p><\/div>\n\t\t\t\t<\/div>\n\t\t\t\t\t\t\t<div class=\"elementor-accordion-item\">\n\t\t\t\t\t<div id=\"elementor-tab-title-1934\" class=\"elementor-tab-title\" data-tab=\"4\" role=\"button\" aria-controls=\"elementor-tab-content-1934\" aria-expanded=\"false\">\n\t\t\t\t\t\t\t\t\t\t\t\t\t<span class=\"elementor-accordion-icon elementor-accordion-icon-left\" aria-hidden=\"true\">\n\t\t\t\t\t\t\t\t\t\t\t\t\t\t\t<span class=\"elementor-accordion-icon-closed\"><svg class=\"e-font-icon-svg e-fas-plus\" viewbox=\"0 0 448 512\" xmlns=\"http:\/\/www.w3.org\/2000\/svg\"><path d=\"M416 208H272V64c0-17.67-14.33-32-32-32h-32c-17.67 0-32 14.33-32 32v144H32c-17.67 0-32 14.33-32 32v32c0 17.67 14.33 32 32 32h144v144c0 17.67 14.33 32 32 32h32c17.67 0 32-14.33 32-32V304h144c17.67 0 32-14.33 32-32v-32c0-17.67-14.33-32-32-32z\"><\/path><\/svg><\/span>\n\t\t\t\t\t\t\t\t<span class=\"elementor-accordion-icon-opened\"><svg class=\"e-font-icon-svg e-fas-minus\" viewbox=\"0 0 448 512\" xmlns=\"http:\/\/www.w3.org\/2000\/svg\"><path d=\"M416 208H32c-17.67 0-32 14.33-32 32v32c0 17.67 14.33 32 32 32h384c17.67 0 32-14.33 32-32v-32c0-17.67-14.33-32-32-32z\"><\/path><\/svg><\/span>\n\t\t\t\t\t\t\t\t\t\t\t\t\t\t<\/span>\n\t\t\t\t\t\t\t\t\t\t\t\t<a class=\"elementor-accordion-title\" tabindex=\"0\">Wem erz\u00e4hlen Sie Ihr Leben?<\/a>\n\t\t\t\t\t<\/div>\n\t\t\t\t\t<div id=\"elementor-tab-content-1934\" class=\"elementor-tab-content elementor-clearfix\" data-tab=\"4\" role=\"region\" aria-labelledby=\"elementor-tab-title-1934\"><p>Unsere Audiobiograf:innen sind professionelle Journalist:innen, die an der Akademie f\u00fcr Palliativmedizin in Bonn unter der Leitung von Prof. Radbruch, Direktor der Palliativklinik Bonn, und Judith Gr\u00fcmmer ausgebildet wurden. Inzwischen hat sich ein deutschlandweites Netz an Audiobiograf:innen gebildet, das ein hohes Ma\u00df an zeitlicher und r\u00e4umlicher Flexibilit\u00e4t erm\u00f6glicht.<\/p><p>Auch unsere Sounddesigner:innen, die dann Ihre Aufnahmen aufbereiten und musikalisch unterlegen, werden kontinuierlich geschult und sind sich der hohen Verantwortung ihrer Aufgabe bewusst.<\/p><\/div>\n\t\t\t\t<\/div>\n\t\t\t\t\t\t\t<div class=\"elementor-accordion-item\">\n\t\t\t\t\t<div id=\"elementor-tab-title-1935\" class=\"elementor-tab-title\" data-tab=\"5\" role=\"button\" aria-controls=\"elementor-tab-content-1935\" aria-expanded=\"false\">\n\t\t\t\t\t\t\t\t\t\t\t\t\t<span class=\"elementor-accordion-icon elementor-accordion-icon-left\" aria-hidden=\"true\">\n\t\t\t\t\t\t\t\t\t\t\t\t\t\t\t<span class=\"elementor-accordion-icon-closed\"><svg class=\"e-font-icon-svg e-fas-plus\" viewbox=\"0 0 448 512\" xmlns=\"http:\/\/www.w3.org\/2000\/svg\"><path d=\"M416 208H272V64c0-17.67-14.33-32-32-32h-32c-17.67 0-32 14.33-32 32v144H32c-17.67 0-32 14.33-32 32v32c0 17.67 14.33 32 32 32h144v144c0 17.67 14.33 32 32 32h32c17.67 0 32-14.33 32-32V304h144c17.67 0 32-14.33 32-32v-32c0-17.67-14.33-32-32-32z\"><\/path><\/svg><\/span>\n\t\t\t\t\t\t\t\t<span class=\"elementor-accordion-icon-opened\"><svg class=\"e-font-icon-svg e-fas-minus\" viewbox=\"0 0 448 512\" xmlns=\"http:\/\/www.w3.org\/2000\/svg\"><path d=\"M416 208H32c-17.67 0-32 14.33-32 32v32c0 17.67 14.33 32 32 32h384c17.67 0 32-14.33 32-32v-32c0-17.67-14.33-32-32-32z\"><\/path><\/svg><\/span>\n\t\t\t\t\t\t\t\t\t\t\t\t\t\t<\/span>\n\t\t\t\t\t\t\t\t\t\t\t\t<a class=\"elementor-accordion-title\" tabindex=\"0\">Psychologische Begleitung bei der Aufnahme eines H\u00f6rbuchs <\/a>\n\t\t\t\t\t<\/div>\n\t\t\t\t\t<div id=\"elementor-tab-content-1935\" class=\"elementor-tab-content elementor-clearfix\" data-tab=\"5\" role=\"region\" aria-labelledby=\"elementor-tab-title-1935\"><p>Den ins Projekt aufgenommenen Teilnehmenden steht w\u00e4hrend der Projektdauer eine psychologische Krisenintervention zur Verf\u00fcgung. Somit ist sichergestellt, dass Sie w\u00e4hrend der Projektarbeit eine professionelle Ansprechperson an Ihrer Seite haben, der oder die Ihre Fragen und Sorgen rund um das Thema Audiobiografie und Kommunikation in der Familie kompetent beantworten kann.<\/p><\/div>\n\t\t\t\t<\/div>\n\t\t\t\t\t\t\t\t<\/div>\n\t\t\t\t\t\t<\/div>\n\t\t\t\t<\/div>\n\t\t\t\t<\/div>\n\t\t\t\t\t<\/div>\n\t\t\t\t<\/div>\n\t\t\t\t<\/div>","protected":false},"excerpt":{"rendered":"<p>Ihr Weg zum eigenen H\u00f6rbuch Jede Lebensgeschichte ist es wert erz\u00e4hlt und hinterlassen zu werden. Deshalb erstellen wir die Biografien von unheilbar Erkrankten f\u00fcr die Ewigkeit als Zukunftsgeschenk. Die Erz\u00e4hlungen werden mit modernsten Techniken des Audiojournalismus dramaturgisch gestaltet (spezieller Aufbau\/Struktur\/Bearbeitung). Nach dem Tod eines Elternteils unterst\u00fctzen die H\u00f6rb\u00fccher die hinterbliebene Familie, vor allem die Kinder, [&hellip;]<\/p>","protected":false},"author":1,"featured_media":0,"parent":0,"menu_order":0,"comment_status":"closed","ping_status":"closed","template":"","meta":{"_acf_changed":false,"footnotes":""},"class_list":["post-82","page","type-page","status-publish","hentry"],"acf":[],"_links":{"self":[{"href":"https:\/\/familienhoerbuch.de\/en\/wp-json\/wp\/v2\/pages\/82","targetHints":{"allow":["GET"]}}],"collection":[{"href":"https:\/\/familienhoerbuch.de\/en\/wp-json\/wp\/v2\/pages"}],"about":[{"href":"https:\/\/familienhoerbuch.de\/en\/wp-json\/wp\/v2\/types\/page"}],"author":[{"embeddable":true,"href":"https:\/\/familienhoerbuch.de\/en\/wp-json\/wp\/v2\/users\/1"}],"replies":[{"embeddable":true,"href":"https:\/\/familienhoerbuch.de\/en\/wp-json\/wp\/v2\/comments?post=82"}],"version-history":[{"count":0,"href":"https:\/\/familienhoerbuch.de\/en\/wp-json\/wp\/v2\/pages\/82\/revisions"}],"wp:attachment":[{"href":"https:\/\/familienhoerbuch.de\/en\/wp-json\/wp\/v2\/media?parent=82"}],"curies":[{"name":"wp","href":"https:\/\/api.w.org\/{rel}","templated":true}]}}