{"id":356,"date":"2024-09-06T14:08:52","date_gmt":"2024-09-06T12:08:52","guid":{"rendered":"https:\/\/websplash.familienhoerbuch.de\/?page_id=356"},"modified":"2025-09-01T15:00:24","modified_gmt":"2025-09-01T13:00:24","slug":"datenschutz","status":"publish","type":"page","link":"https:\/\/familienhoerbuch.de\/en\/datenschutz\/","title":{"rendered":"Datenschutz"},"content":{"rendered":"<div data-elementor-type=\"wp-page\" data-elementor-id=\"356\" class=\"elementor elementor-356\" data-elementor-post-type=\"page\">\n\t\t\t\t<div class=\"elementor-element elementor-element-103a542 e-flex e-con-boxed e-con e-parent\" data-id=\"103a542\" data-element_type=\"container\" data-e-type=\"container\">\n\t\t\t\t\t<div class=\"e-con-inner\">\n\t\t\t\t<div class=\"elementor-element elementor-element-c8ab292 elementor-widget elementor-widget-heading\" data-id=\"c8ab292\" data-element_type=\"widget\" data-e-type=\"widget\" data-widget_type=\"heading.default\">\n\t\t\t\t<div class=\"elementor-widget-container\">\n\t\t\t\t\t<h5 class=\"elementor-heading-title elementor-size-default\">Datenschutz<\/h5>\t\t\t\t<\/div>\n\t\t\t\t<\/div>\n\t\t\t\t<div class=\"elementor-element elementor-element-d3b127a elementor-widget elementor-widget-heading\" data-id=\"d3b127a\" data-element_type=\"widget\" data-e-type=\"widget\" data-widget_type=\"heading.default\">\n\t\t\t\t<div class=\"elementor-widget-container\">\n\t\t\t\t\t<h5 class=\"elementor-heading-title elementor-size-default\">Verantwortliche Stelle<\/h5>\t\t\t\t<\/div>\n\t\t\t\t<\/div>\n\t\t\t\t<div class=\"elementor-element elementor-element-f547ff9 elementor-widget elementor-widget-text-editor\" data-id=\"f547ff9\" data-element_type=\"widget\" data-e-type=\"widget\" data-widget_type=\"text-editor.default\">\n\t\t\t\t<div class=\"elementor-widget-container\">\n\t\t\t\t\t\t\t\t\t<p>Familienh\u00f6rbuch gGmbH<br \/>Oberl\u00e4nder Wall 24<br \/>50678 K\u00f6ln<\/p>\t\t\t\t\t\t\t\t<\/div>\n\t\t\t\t<\/div>\n\t\t\t\t<div class=\"elementor-element elementor-element-dcb2735 elementor-widget elementor-widget-heading\" data-id=\"dcb2735\" data-element_type=\"widget\" data-e-type=\"widget\" data-widget_type=\"heading.default\">\n\t\t\t\t<div class=\"elementor-widget-container\">\n\t\t\t\t\t<h5 class=\"elementor-heading-title elementor-size-default\">Datenschutzbeauftragter<\/h5>\t\t\t\t<\/div>\n\t\t\t\t<\/div>\n\t\t\t\t<div class=\"elementor-element elementor-element-4d091a4 elementor-widget elementor-widget-text-editor\" data-id=\"4d091a4\" data-element_type=\"widget\" data-e-type=\"widget\" data-widget_type=\"text-editor.default\">\n\t\t\t\t<div class=\"elementor-widget-container\">\n\t\t\t\t\t\t\t\t\t<p>Herr Christopher Schroer<br \/>firstbyte digital consulting e.K.<\/p>\t\t\t\t\t\t\t\t<\/div>\n\t\t\t\t<\/div>\n\t\t\t\t<div class=\"elementor-element elementor-element-94b4818 elementor-widget elementor-widget-heading\" data-id=\"94b4818\" data-element_type=\"widget\" data-e-type=\"widget\" data-widget_type=\"heading.default\">\n\t\t\t\t<div class=\"elementor-widget-container\">\n\t\t\t\t\t<h5 class=\"elementor-heading-title elementor-size-default\">Datenschutz<\/h5>\t\t\t\t<\/div>\n\t\t\t\t<\/div>\n\t\t\t\t<div class=\"elementor-element elementor-element-d48c74c elementor-widget elementor-widget-text-editor\" data-id=\"d48c74c\" data-element_type=\"widget\" data-e-type=\"widget\" data-widget_type=\"text-editor.default\">\n\t\t\t\t<div class=\"elementor-widget-container\">\n\t\t\t\t\t\t\t\t\t<p>Die Familienh\u00f6rbuch gGmbH nimmt den Schutz Ihrer pers\u00f6nlichen Daten sehr ernst. Wir behandeln Ihre personenbezogenen Daten vertraulich und entsprechend der gesetzlichen Datenschutzvorschriften sowie gem\u00e4\u00df dieser Datenschutzinformation.<\/p><p>Die Nutzung unserer Website ist in der Regel ohne Angabe personenbezogener Daten m\u00f6glich. Soweit auf diesen Seiten personenbezogene Daten (beispielsweise Name, Anschrift oder E-Mail-Adressen) erhoben werden, erfolgt dies, soweit m\u00f6glich, stets auf freiwilliger Basis. Diese Daten werden ohne Ihre ausdru\u0308ckliche Zustimmung niemals an Dritte weitergegeben. Wir weisen darauf hin, dass die Datenu\u0308bertragung im Internet (z.B. bei der Kommunikation per E-Mail) Sicherheitslu\u0308cken aufweisen kann. Ein lu\u0308ckenloser Schutz der Daten vor dem Zugriff durch Dritte ist nicht m\u00f6glich.<\/p>\t\t\t\t\t\t\t\t<\/div>\n\t\t\t\t<\/div>\n\t\t\t\t<div class=\"elementor-element elementor-element-4c1853b elementor-widget elementor-widget-heading\" data-id=\"4c1853b\" data-element_type=\"widget\" data-e-type=\"widget\" data-widget_type=\"heading.default\">\n\t\t\t\t<div class=\"elementor-widget-container\">\n\t\t\t\t\t<h5 class=\"elementor-heading-title elementor-size-default\">Server-Log-Files<\/h5>\t\t\t\t<\/div>\n\t\t\t\t<\/div>\n\t\t\t\t<div class=\"elementor-element elementor-element-9718884 elementor-widget elementor-widget-text-editor\" data-id=\"9718884\" data-element_type=\"widget\" data-e-type=\"widget\" data-widget_type=\"text-editor.default\">\n\t\t\t\t<div class=\"elementor-widget-container\">\n\t\t\t\t\t\t\t\t\t<p>Unser Provider (dogado GmbH) erhebt und speichert automatisch Informationen in so genannten Server-Log-Files, die Ihr Browser automatisch an diese u\u0308bermittelt. Dies sind:<\/p><ul><li>Kunden-Domain<\/li><li>Anonymisierte Client-IP<\/li><li>Timestamp<\/li><li>Request-Zeile<\/li><li>Status Code<\/li><li>Gr\u00f6\u00dfe des Response Bodies<\/li><li>Referer, der vom Client gesendet wurde<\/li><li>User Agent, der vom Client gesendet wurde<\/li><li>Remote User<\/li><\/ul><p><br \/>Diese Daten sind nicht bestimmten Personen zu zu ordnen. Eine Zusammenfu\u0308hrung dieser Daten mit anderen Datenquellen wird nicht vorgenommen. Wir behalten uns vor, diese Daten nachtr\u00e4glich zu pru\u0308fen, wenn uns konkrete Anhaltspunkte fu\u0308r eine rechtswidrige Nutzung bekannt werden.<\/p><p>Diese Daten werden erhoben und verarbeitet, um eine einwandfreie Funktion der Website zu garantieren und stellt somit das berechtige Interesse nach Art. 6 Abs. 1 lit. f dar.<\/p>\t\t\t\t\t\t\t\t<\/div>\n\t\t\t\t<\/div>\n\t\t\t\t<div class=\"elementor-element elementor-element-e9e5618 elementor-widget elementor-widget-heading\" data-id=\"e9e5618\" data-element_type=\"widget\" data-e-type=\"widget\" data-widget_type=\"heading.default\">\n\t\t\t\t<div class=\"elementor-widget-container\">\n\t\t\t\t\t<h5 class=\"elementor-heading-title elementor-size-default\">Kontaktformular<\/h5>\t\t\t\t<\/div>\n\t\t\t\t<\/div>\n\t\t\t\t<div class=\"elementor-element elementor-element-16f3b4a elementor-widget elementor-widget-text-editor\" data-id=\"16f3b4a\" data-element_type=\"widget\" data-e-type=\"widget\" data-widget_type=\"text-editor.default\">\n\t\t\t\t<div class=\"elementor-widget-container\">\n\t\t\t\t\t\t\t\t\t<p>Wenn Sie uns per Kontaktformular Anfragen zukommen lassen, werden Ihre Angaben aus dem Anfrageformular inklusive der von Ihnen dort angegebenen Kontaktdaten zwecks Bearbeitung der Anfrage und fu\u0308r den Fall von Anschlussfragen bei uns gespeichert. Diese Daten geben wir nicht ohne Ihre Einwilligung weiter. Rechtsgrundlage: Art. 6 Abs. 1 lit. a DSGVO.<\/p>\t\t\t\t\t\t\t\t<\/div>\n\t\t\t\t<\/div>\n\t\t\t\t<div class=\"elementor-element elementor-element-22b93cf elementor-widget elementor-widget-heading\" data-id=\"22b93cf\" data-element_type=\"widget\" data-e-type=\"widget\" data-widget_type=\"heading.default\">\n\t\t\t\t<div class=\"elementor-widget-container\">\n\t\t\t\t\t<h5 class=\"elementor-heading-title elementor-size-default\">Einsatz Social Media Buttons<\/h5>\t\t\t\t<\/div>\n\t\t\t\t<\/div>\n\t\t\t\t<div class=\"elementor-element elementor-element-461cb75 elementor-widget elementor-widget-text-editor\" data-id=\"461cb75\" data-element_type=\"widget\" data-e-type=\"widget\" data-widget_type=\"text-editor.default\">\n\t\t\t\t<div class=\"elementor-widget-container\">\n\t\t\t\t\t\t\t\t\t<p>Auf unserer Webseite wollen wir eine umfassende Erfassung und Auswertung Ihres Besuches durch Anbieter von sozialen Netzwerken\/Teilungsfunktionen in sozialen Netzwerken vermeiden. Dazu ersetzen wir die \u00fcblichen Buttons der sozialen Netzwerke und sch\u00fctzen hierdurch Ihr Nutzungsverhalten. Die unten aufgef\u00fchrten Buttons der sozialen Netzwerke werden lediglich als Grafik in unsere Webseite eingebunden. Die Grafik enth\u00e4lt eine Verlinkung auf das entsprechende soziale Netzwerk.<br>Auf unserer Webseite binden wir folgende sozialen Netzwerke per Link ein:<br>Facebook (Facebook, Inc., 1601 S. California Ave, Palo Alto, CA 94304, USA)<br>Instagram (Instagram LLC, Vertreten durch Kevin Systrom und Mike Krieger, 1601 Willow Rd, Menlo Park CA 94025, USA)<br>YouTube (YouTube LLC, 901 Cherry Ave., San Bruno, CA 94066, USA)<br>Zweck und Umfang der Datenerhebung und die weitere Verarbeitung und Nutzung der Daten durch die Anbieter auf deren Seiten sowie Ihre diesbez\u00fcglichen Rechte und Einstellungsm\u00f6glichkeiten zum Schutz Ihrer Privatsph\u00e4re entnehmen Sie bitte den Datenschutzhinweisen der Anbieter.<\/p>\n<ul>\n<li><a href=\"http:\/\/www.facebook.com\/policy.php\" target=\"_blank\" rel=\"noopener\">Facebook<\/a><\/li>\n<li><a href=\"https:\/\/help.instagram.com\/155833707900388\/?helpref=hc_fnav&amp;bc[0]=Instagram-Hilfe&amp;bc[1]=Datenschutz%20und%20Sicherheitsbereich\" target=\"_blank\" rel=\"noopener\">Instagram<\/a><\/li>\n<li><a href=\"https:\/\/policies.google.com\/privacy\" target=\"_blank\" rel=\"noopener\">Google<\/a><\/li>\n<\/ul>\n<p>(Die Datenschutzhinweise von Google gelten f\u00fcr YouTube gleicherma\u00dfen)<\/p>\t\t\t\t\t\t\t\t<\/div>\n\t\t\t\t<\/div>\n\t\t\t\t<div class=\"elementor-element elementor-element-ca63f7d elementor-widget elementor-widget-heading\" data-id=\"ca63f7d\" data-element_type=\"widget\" data-e-type=\"widget\" data-widget_type=\"heading.default\">\n\t\t\t\t<div class=\"elementor-widget-container\">\n\t\t\t\t\t<h5 class=\"elementor-heading-title elementor-size-default\">Newsletter<\/h5>\t\t\t\t<\/div>\n\t\t\t\t<\/div>\n\t\t\t\t<div class=\"elementor-element elementor-element-6d3e155 elementor-widget elementor-widget-text-editor\" data-id=\"6d3e155\" data-element_type=\"widget\" data-e-type=\"widget\" data-widget_type=\"text-editor.default\">\n\t\t\t\t<div class=\"elementor-widget-container\">\n\t\t\t\t\t\t\t\t\t<p>Wir verwenden den Listenprovider MailChimp f\u00fcr unseren Newsletter. MailChimp ist ein Angebot der The Rocket Science Group, LLC, 512 Means Street, Ste 404 Atlanta, GA 30318.<br \/>MailChimp bietet umfangreiche Analysem\u00f6glichkeiten dar\u00fcber, wie unsere E-Mails ge\u00f6ffnet und benutzt werden. Weitere Informationen zu MailChimp und dem Datenschutz bei MailChimp finden Sie <a href=\"https:\/\/mailchimp.com\/legal\/privacy\/\">hier<\/a>.<\/p><p>Ihre Einwilligung zur Nutzung Ihrer E-Mail-Adresse in Mailchimp k\u00f6nnen Sie jederzeit widerrufen. Der Widerruf kann \u00fcber einen Link in den E-Mails selbst erfolgen.<\/p>\t\t\t\t\t\t\t\t<\/div>\n\t\t\t\t<\/div>\n\t\t\t\t<div class=\"elementor-element elementor-element-4e73ceb elementor-widget elementor-widget-heading\" data-id=\"4e73ceb\" data-element_type=\"widget\" data-e-type=\"widget\" data-widget_type=\"heading.default\">\n\t\t\t\t<div class=\"elementor-widget-container\">\n\t\t\t\t\t<h5 class=\"elementor-heading-title elementor-size-default\">Ihre Rechte als Betroffener<\/h5>\t\t\t\t<\/div>\n\t\t\t\t<\/div>\n\t\t\t\t<div class=\"elementor-element elementor-element-02cebf2 elementor-widget elementor-widget-text-editor\" data-id=\"02cebf2\" data-element_type=\"widget\" data-e-type=\"widget\" data-widget_type=\"text-editor.default\">\n\t\t\t\t<div class=\"elementor-widget-container\">\n\t\t\t\t\t\t\t\t\t<p>Wir speichern die \u00fcber unsere Internetseite gewonnen Daten f\u00fcr einen Zeitraum von max. 24 Monaten. Danach werden diese automatisch gel\u00f6scht.<\/p><p>Sie haben einen Recht auf Auskunft, ob wir und wie wir personenbezogene Daten zu Ihrer Person verarbeitet habe (Art. 15 DSGVO). Ferner haben Sie das Recht auf Berichtigung unrichtiger Daten (Art. 16 DSGVO), das Recht auf L\u00f6schung (\u201eRecht auf Vergessenwerden\u201c) Ihrer Daten (Art. 17 DSGVO), das Recht auf Einschr\u00e4nkung der Verarbeitung (Art. 18 DSGVO) und das Recht auf Daten\u00fcbertragbarkeit (Art. 20 DSGVO).<\/p><p>Bei einer Berichtigung, Einschr\u00e4nkung oder L\u00f6schung unterrichten wir Sie, welchen Empf\u00e4ngern, denen personenbezogene Daten offen gelegt wurden, das Aus\u00fcben Ihres Rechts nach Art. 15-18 DSGVO mit. Gerne teilen wir Ihnen auch die Empf\u00e4nger nach Art. 19 DSGVO mit.<\/p><p>Zus\u00e4tzlich haben Sie ein Recht auf Daten\u00fcbertragbarkeit (Art. 20 DSGVO), d.h. Sie erhalten von uns Daten, die Sie uns bereitgestellt haben, in einem strukturierten, g\u00e4ngigen und maschinenlesbaren Format.<\/p>\t\t\t\t\t\t\t\t<\/div>\n\t\t\t\t<\/div>\n\t\t\t\t<div class=\"elementor-element elementor-element-77e1205 elementor-widget elementor-widget-heading\" data-id=\"77e1205\" data-element_type=\"widget\" data-e-type=\"widget\" data-widget_type=\"heading.default\">\n\t\t\t\t<div class=\"elementor-widget-container\">\n\t\t\t\t\t<h5 class=\"elementor-heading-title elementor-size-default\">Beschwerderecht und Beschwerdestelle<\/h5>\t\t\t\t<\/div>\n\t\t\t\t<\/div>\n\t\t\t\t<div class=\"elementor-element elementor-element-f0fd6a2 elementor-widget elementor-widget-text-editor\" data-id=\"f0fd6a2\" data-element_type=\"widget\" data-e-type=\"widget\" data-widget_type=\"text-editor.default\">\n\t\t\t\t<div class=\"elementor-widget-container\">\n\t\t\t\t\t\t\t\t\t<p>Im Falle datenschutzrechtlicher Verst\u00f6\u00dfe steht Ihnen ein Beschwerderecht bei der zust\u00e4ndigen Aufsichtsbeh\u00f6rde zu. Zust\u00e4ndige Aufsichtsbeh\u00f6rde in datenschutzrechtlichen Fragen ist:<\/p><p>Landesbeauftragte f\u00fcr Datenschutz<br \/>und Informationsfreiheit Nordrhein-Westfalen<br \/>Kavalleriestr. 2-4<br \/>40213 D\u00fcsseldorf<br \/>Telefon 02 11 \/ 3 84 24-0<br \/>Telefax 0211 \/ 3 84 24-10<br \/><a href=\"mailto:poststelle@ldi.nrw.de\">poststelle@ldi.nrw.de<\/a><\/p><p>Es steht Ihnen selbstverst\u00e4ndlich frei, Ihre Beschwerde auch an jede <a href=\"https:\/\/firstbyte.digital\/aufsichtsbehoerden\/\">andere Aufsichtsbeh\u00f6rde<\/a> zu richten.<\/p>\t\t\t\t\t\t\t\t<\/div>\n\t\t\t\t<\/div>\n\t\t\t\t<div class=\"elementor-element elementor-element-2f3d224 elementor-widget elementor-widget-heading\" data-id=\"2f3d224\" data-element_type=\"widget\" data-e-type=\"widget\" data-widget_type=\"heading.default\">\n\t\t\t\t<div class=\"elementor-widget-container\">\n\t\t\t\t\t<h5 class=\"elementor-heading-title elementor-size-default\">Ihr Widerspruchsrecht<\/h5>\t\t\t\t<\/div>\n\t\t\t\t<\/div>\n\t\t\t\t<div class=\"elementor-element elementor-element-2f08103 elementor-widget elementor-widget-text-editor\" data-id=\"2f08103\" data-element_type=\"widget\" data-e-type=\"widget\" data-widget_type=\"text-editor.default\">\n\t\t\t\t<div class=\"elementor-widget-container\">\n\t\t\t\t\t\t\t\t\t<p>Wir weisen Sie ferner darauf hin, dass Sie der k\u00fcnftigen Verarbeitung Ihrer personenbezogenen Daten entsprechend den gesetzlichen Vorgaben gem. Art. 21 DSGVO jederzeit widersprechen k\u00f6nnen. Der Widerspruch kann insbesondere gegen die Verarbeitung f\u00fcr Zwecke der Direktwerbung erfolgen.<\/p>\t\t\t\t\t\t\t\t<\/div>\n\t\t\t\t<\/div>\n\t\t\t\t<div class=\"elementor-element elementor-element-39f275d elementor-widget elementor-widget-heading\" data-id=\"39f275d\" data-element_type=\"widget\" data-e-type=\"widget\" data-widget_type=\"heading.default\">\n\t\t\t\t<div class=\"elementor-widget-container\">\n\t\t\t\t\t<h5 class=\"elementor-heading-title elementor-size-default\">Unser Widerspruch gegen Werbemails<\/h5>\t\t\t\t<\/div>\n\t\t\t\t<\/div>\n\t\t\t\t<div class=\"elementor-element elementor-element-df69086 elementor-widget elementor-widget-text-editor\" data-id=\"df69086\" data-element_type=\"widget\" data-e-type=\"widget\" data-widget_type=\"text-editor.default\">\n\t\t\t\t<div class=\"elementor-widget-container\">\n\t\t\t\t\t\t\t\t\t<p>Der Nutzung von im Rahmen der <a href=\"https:\/\/familienhoerbuch.de\/en\/impressum\/\">Impressumspflicht<\/a> ver\u00f6ffentlichten Kontaktdaten zur \u00dcbersendung von nicht ausdru\u0308cklich angeforderter Werbung und Informationsmaterialien wird hiermit widersprochen. Wir behalten uns ausdru\u0308cklich rechtliche Schritte im Falle der unverlangten Zusendung von Werbeinformationen, etwa durch Spam-E-Mails, vor.<\/p><p>Stand dieser Datenschutzinformation: 01.02.2023<\/p>\t\t\t\t\t\t\t\t<\/div>\n\t\t\t\t<\/div>\n\t\t\t\t<div class=\"elementor-element elementor-element-8cd2314 elementor-widget elementor-widget-heading\" data-id=\"8cd2314\" data-element_type=\"widget\" data-e-type=\"widget\" data-widget_type=\"heading.default\">\n\t\t\t\t<div class=\"elementor-widget-container\">\n\t\t\t\t\t<h5 class=\"elementor-heading-title elementor-size-default\">Tracking von Benutzerdaten<\/h5>\t\t\t\t<\/div>\n\t\t\t\t<\/div>\n\t\t\t\t<div class=\"elementor-element elementor-element-02fa5bf elementor-widget elementor-widget-text-editor\" data-id=\"02fa5bf\" data-element_type=\"widget\" data-e-type=\"widget\" data-widget_type=\"text-editor.default\">\n\t\t\t\t<div class=\"elementor-widget-container\">\n\t\t\t\t\t\t\t\t\t<p>Unsere Website verwendet Matomo, eine datenschutzfreundliche Webanalyseplattform, die auf unserem Server gehostet wird. Ihre IP-Adresse wird anonymisiert und die Daten dienen ausschlie\u00dflich der Optimierung unserer Website. Sie k\u00f6nnen der Erfassung Ihrer Daten jederzeit widersprechen, indem Sie die untenstehende Opt-out-Funktion nutzen:<\/p>\t\t\t\t\t\t\t\t<\/div>\n\t\t\t\t<\/div>\n\t\t\t\t<div class=\"elementor-element elementor-element-bfed17f elementor-widget elementor-widget-shortcode\" data-id=\"bfed17f\" data-element_type=\"widget\" data-e-type=\"widget\" data-widget_type=\"shortcode.default\">\n\t\t\t\t<div class=\"elementor-widget-container\">\n\t\t\t\t\t\t\t<div class=\"elementor-shortcode\"><p id=\"matomo_opted_out_intro\" style=\"display:none;\">Opt-out abgeschlossen; Ihre Besuche auf dieser Webseite werden nicht vom Webanalysetool erfasst. Bitte beachten Sie, dass auch der Matomo-Deaktivierungs-Cookie dieser Webseite gel\u00f6scht wird, wenn Sie die in Ihrem Browser abgelegten Cookies entfernen. Au\u00dferdem m\u00fcssen Sie, wenn Sie einen anderen Computer oder einen anderen Webbrowser verwenden, die Deaktivierungsprozedur nochmals absolvieren.<\/p><p id=\"matomo_opted_in_intro\" >Sie haben die M\u00f6glichkeit zu verhindern, dass von Ihnen hier get\u00e4tigte Aktionen analysiert und verkn\u00fcpft werden. Dies wird Ihre Privatsph\u00e4re sch\u00fctzen, aber wird auch den Besitzer daran hindern, aus Ihren Aktionen zu lernen und die Bedienbarkeit f\u00fcr Sie und andere Benutzer zu verbessern.<\/p><form action=\"\">\n        <input type=\"checkbox\" id=\"matomo_optout_checkbox\" checked=\"checked\"\/>\n        <label for=\"matomo_optout_checkbox\"><strong>\n        <span id=\"matomo_opted_in_label\" >Ihr Besuch dieser Webseite wird aktuell von der Matomo Webanalyse erfasst. Diese Checkbox abw\u00e4hlen f\u00fcr Opt-Out.<\/span>\n\t\t<span id=\"matomo_opted_out_label\" style=\"display:none;\">Ihr Besuch dieser Webseite wird aktuell von der Matomo Webanalyse nicht erfasst. Diese Checkbox aktivieren f\u00fcr Opt-In.<\/span>\n        <\/strong><\/label><input type=\"hidden\" name=\"etm-form-language\" value=\"en\"\/><\/form><noscript><p><strong style=\"color: #ff0000;\">This opt out feature requires JavaScript.<\/strong><\/p><\/noscript><p id=\"matomo_outout_err_cookies\" style=\"display: none;\"><strong>Die Tracking opt-out Funktion ben\u00f6tigt aktivierte Cookies.<\/strong><\/p><\/div>\n\t\t\t\t\t\t<\/div>\n\t\t\t\t<\/div>\n\t\t\t\t\t<\/div>\n\t\t\t\t<\/div>\n\t\t\t\t<\/div>","protected":false},"excerpt":{"rendered":"<p>Datenschutz Verantwortliche Stelle Familienh\u00f6rbuch gGmbHOberl\u00e4nder Wall 2450678 K\u00f6ln Datenschutzbeauftragter Herr Christopher Schroerfirstbyte digital consulting e.K. Datenschutz Die Familienh\u00f6rbuch gGmbH nimmt den Schutz Ihrer pers\u00f6nlichen Daten sehr ernst. Wir behandeln Ihre personenbezogenen Daten vertraulich und entsprechend der gesetzlichen Datenschutzvorschriften sowie gem\u00e4\u00df dieser Datenschutzinformation. Die Nutzung unserer Website ist in der Regel ohne Angabe personenbezogener Daten m\u00f6glich. [&hellip;]<\/p>","protected":false},"author":1,"featured_media":0,"parent":0,"menu_order":0,"comment_status":"closed","ping_status":"closed","template":"","meta":{"_acf_changed":false,"footnotes":""},"class_list":["post-356","page","type-page","status-publish","hentry"],"acf":[],"_links":{"self":[{"href":"https:\/\/familienhoerbuch.de\/en\/wp-json\/wp\/v2\/pages\/356","targetHints":{"allow":["GET"]}}],"collection":[{"href":"https:\/\/familienhoerbuch.de\/en\/wp-json\/wp\/v2\/pages"}],"about":[{"href":"https:\/\/familienhoerbuch.de\/en\/wp-json\/wp\/v2\/types\/page"}],"author":[{"embeddable":true,"href":"https:\/\/familienhoerbuch.de\/en\/wp-json\/wp\/v2\/users\/1"}],"replies":[{"embeddable":true,"href":"https:\/\/familienhoerbuch.de\/en\/wp-json\/wp\/v2\/comments?post=356"}],"version-history":[{"count":0,"href":"https:\/\/familienhoerbuch.de\/en\/wp-json\/wp\/v2\/pages\/356\/revisions"}],"wp:attachment":[{"href":"https:\/\/familienhoerbuch.de\/en\/wp-json\/wp\/v2\/media?parent=356"}],"curies":[{"name":"wp","href":"https:\/\/api.w.org\/{rel}","templated":true}]}}