{"id":14714,"date":"2026-03-25T17:13:42","date_gmt":"2026-03-25T16:13:42","guid":{"rendered":"https:\/\/familienhoerbuch.de\/?page_id=14714"},"modified":"2026-03-26T10:50:41","modified_gmt":"2026-03-26T09:50:41","slug":"werte","status":"publish","type":"page","link":"https:\/\/familienhoerbuch.de\/en\/werte\/","title":{"rendered":"Werte und Leitbild"},"content":{"rendered":"<div data-elementor-type=\"wp-page\" data-elementor-id=\"14714\" class=\"elementor elementor-14714\" data-elementor-post-type=\"page\">\n\t\t\t\t<div class=\"elementor-element elementor-element-44eee89 e-flex e-con-boxed e-con e-parent\" data-id=\"44eee89\" data-element_type=\"container\" data-e-type=\"container\">\n\t\t\t\t\t<div class=\"e-con-inner\">\n\t\t\t\t<div class=\"elementor-element elementor-element-3df6e87 elementor-widget elementor-widget-heading\" data-id=\"3df6e87\" data-element_type=\"widget\" data-e-type=\"widget\" data-widget_type=\"heading.default\">\n\t\t\t\t<div class=\"elementor-widget-container\">\n\t\t\t\t\t<h2 class=\"elementor-heading-title elementor-size-default\">Wof\u00fcr wir stehen<\/h2>\t\t\t\t<\/div>\n\t\t\t\t<\/div>\n\t\t\t\t\t<\/div>\n\t\t\t\t<\/div>\n\t\t<div class=\"elementor-element elementor-element-b1ba08f e-flex e-con-boxed e-con e-parent\" data-id=\"b1ba08f\" data-element_type=\"container\" data-e-type=\"container\">\n\t\t\t\t\t<div class=\"e-con-inner\">\n\t\t<div class=\"elementor-element elementor-element-8702167 e-con-full e-flex e-con e-child\" data-id=\"8702167\" data-element_type=\"container\" data-e-type=\"container\">\n\t\t\t\t<div class=\"elementor-element elementor-element-cb8cbdf elementor-widget elementor-widget-heading\" data-id=\"cb8cbdf\" data-element_type=\"widget\" data-e-type=\"widget\" data-widget_type=\"heading.default\">\n\t\t\t\t<div class=\"elementor-widget-container\">\n\t\t\t\t\t<h4 class=\"elementor-heading-title elementor-size-default\">Das Familienh\u00f6rbuch<\/h4>\t\t\t\t<\/div>\n\t\t\t\t<\/div>\n\t\t\t\t<div class=\"elementor-element elementor-element-aae8114 elementor-widget elementor-widget-text-editor\" data-id=\"aae8114\" data-element_type=\"widget\" data-e-type=\"widget\" data-widget_type=\"text-editor.default\">\n\t\t\t\t<div class=\"elementor-widget-container\">\n\t\t\t\t\t\t\t\t\t<p>Die Familienh\u00f6rbuch gGmbH ist eine unabh\u00e4ngige und gemeinnu\u0308tzige Organisation mit Sitz in K\u00f6ln. Seit 2019 produzieren wir professionelle biografische H\u00f6rbu\u0308cher fu\u0308r schwer erkrankte Eltern mit minderj\u00e4hrigen Kindern. Ein Familienh\u00f6rbuch ist ein Zukunftsgeschenk fu\u0308r Kinder, die fru\u0308h verwaisen. Wenn ein Elternteil schwer erkrankt und der Abschied unausweichlich wird, stehen Kinder und Familien unter hoher emotionaler Belastung. In dieser Situation erm\u00f6glichen wir es Mu\u0308ttern und V\u00e4tern, ihre Lebensgeschichte als professionell produziertes H\u00f6rbuch einzusprechen. So entsteht fu\u0308r die Kinder eine bleibende Erinnerung.<br \/><br \/>Im Zentrum steht die biografische Arbeit. Eltern hinterlassen ihre Lebensgeschichte, pr\u00e4gende Erfahrungen, Werte und pers\u00f6nliche Botschaften. Das H\u00f6rbuch bleibt als authentische Stimme dauerhaft erhalten. Die Mu\u0308tter und V\u00e4ter werden von professionellen Audiobiograf:innen begleitet und gestalten Foto: Selina Pfru\u0308ner Das Familienh\u00f6rbuch fu\u0308r Kinder schwer erkrankter Elternteile ihr H\u00f6rbuch individuell. Sie w\u00e4hlen Erinnerungen, Musik oder Texte aus und k\u00f6nnen in verschiedenen Sprachen sprechen oder singen. Herkunftssprachen und famili\u00e4re Sprachgewohnheiten bleiben h\u00f6rbar und tragen dazu bei, dass Kinder ihre kulturelle und famili\u00e4re Identit\u00e4t bewahren.<\/p>\t\t\t\t\t\t\t\t<\/div>\n\t\t\t\t<\/div>\n\t\t\t\t<\/div>\n\t\t<div class=\"elementor-element elementor-element-3f4c26b e-con-full e-flex e-con e-child\" data-id=\"3f4c26b\" data-element_type=\"container\" data-e-type=\"container\">\n\t\t\t\t<div class=\"elementor-element elementor-element-d9e4c04 elementor-widget elementor-widget-image\" data-id=\"d9e4c04\" data-element_type=\"widget\" data-e-type=\"widget\" data-widget_type=\"image.default\">\n\t\t\t\t<div class=\"elementor-widget-container\">\n\t\t\t\t\t\t\t\t\t\t\t\t\t\t\t\t<a href=\"https:\/\/familienhoerbuch.de\/wp-content\/uploads\/2026\/03\/Familienhoerbuch-20250213-Lena-045.jpg\" data-elementor-open-lightbox=\"no\">\n\t\t\t\t\t\t\t<img fetchpriority=\"high\" decoding=\"async\" width=\"500\" height=\"749\" src=\"https:\/\/familienhoerbuch.de\/wp-content\/uploads\/2026\/03\/Familienhoerbuch-20250213-Lena-045.jpg\" class=\"attachment-large size-large wp-image-14677\" alt=\"\" srcset=\"https:\/\/familienhoerbuch.de\/wp-content\/uploads\/2026\/03\/Familienhoerbuch-20250213-Lena-045.jpg 500w, https:\/\/familienhoerbuch.de\/wp-content\/uploads\/2026\/03\/Familienhoerbuch-20250213-Lena-045-200x300.jpg 200w\" sizes=\"(max-width: 500px) 100vw, 500px\" \/>\t\t\t\t\t\t\t\t<\/a>\n\t\t\t\t\t\t\t\t\t\t\t\t\t\t\t<\/div>\n\t\t\t\t<\/div>\n\t\t\t\t<\/div>\n\t\t\t\t\t<\/div>\n\t\t\t\t<\/div>\n\t\t<div class=\"elementor-element elementor-element-96a3776 e-flex e-con-boxed e-con e-parent\" data-id=\"96a3776\" data-element_type=\"container\" data-e-type=\"container\">\n\t\t\t\t\t<div class=\"e-con-inner\">\n\t\t<div class=\"elementor-element elementor-element-bd751ff e-con-full e-flex e-con e-child\" data-id=\"bd751ff\" data-element_type=\"container\" data-e-type=\"container\">\n\t\t\t\t<div class=\"elementor-element elementor-element-1eb6f5e elementor-position-left elementor-vertical-align-middle elementor-position-top elementor-widget elementor-widget-image-box\" data-id=\"1eb6f5e\" data-element_type=\"widget\" data-e-type=\"widget\" data-widget_type=\"image-box.default\">\n\t\t\t\t<div class=\"elementor-widget-container\">\n\t\t\t\t\t<div class=\"elementor-image-box-wrapper\"><figure class=\"elementor-image-box-img\"><img decoding=\"async\" width=\"249\" height=\"277\" src=\"https:\/\/familienhoerbuch.de\/wp-content\/uploads\/2026\/03\/Mikrophon.png\" class=\"attachment-full size-full wp-image-14678\" alt=\"\" \/><\/figure><div class=\"elementor-image-box-content\"><p class=\"elementor-image-box-description\">Wir arbeiten mit ausgebildeten Audiobiograf:innen und professionellen\nSounddesigner:innen. Die Gespr\u00e4che sind journalistisch\nstrukturiert, fachlich begleitet und audiotechnisch\nhochwertig umgesetzt. Die erz\u00e4hlende Person entscheidet,\nwas sie mitteilen m\u00f6chte. Die Deutungshoheit liegt allein bei\nden Teilnehmenden. Die Produktion erfolgt individuell und orientiert\nsich an der Lebenswelt des Kindes und seiner Familie.<\/p><\/div><\/div>\t\t\t\t<\/div>\n\t\t\t\t<\/div>\n\t\t\t\t<div class=\"elementor-element elementor-element-d21e6ae elementor-position-left elementor-vertical-align-middle elementor-position-top elementor-widget elementor-widget-image-box\" data-id=\"d21e6ae\" data-element_type=\"widget\" data-e-type=\"widget\" data-widget_type=\"image-box.default\">\n\t\t\t\t<div class=\"elementor-widget-container\">\n\t\t\t\t\t<div class=\"elementor-image-box-wrapper\"><figure class=\"elementor-image-box-img\"><img decoding=\"async\" width=\"232\" height=\"196\" src=\"https:\/\/familienhoerbuch.de\/wp-content\/uploads\/2026\/03\/Herz-4.png\" class=\"attachment-full size-full wp-image-14641\" alt=\"\" \/><\/figure><div class=\"elementor-image-box-content\"><p class=\"elementor-image-box-description\">Das Angebot ist kostenfrei und wird ausschlie\u00dflich durch\nSpenden finanziert. So erhalten alle Familien Zugang \u2013 unabh\u00e4ngig\nvon Herkunft, Einkommen oder sozialer Situation.<\/p><\/div><\/div>\t\t\t\t<\/div>\n\t\t\t\t<\/div>\n\t\t\t\t<\/div>\n\t\t\t\t\t<\/div>\n\t\t\t\t<\/div>\n\t\t\t\t<\/div>","protected":false},"excerpt":{"rendered":"<p>Wof\u00fcr wir stehen Das Familienh\u00f6rbuch Die Familienh\u00f6rbuch gGmbH ist eine unabh\u00e4ngige und gemeinnu\u0308tzige Organisation mit Sitz in K\u00f6ln. Seit 2019 produzieren wir professionelle biografische H\u00f6rbu\u0308cher fu\u0308r schwer erkrankte Eltern mit minderj\u00e4hrigen Kindern. Ein Familienh\u00f6rbuch ist ein Zukunftsgeschenk fu\u0308r Kinder, die fru\u0308h verwaisen. Wenn ein Elternteil schwer erkrankt und der Abschied unausweichlich wird, stehen Kinder und [&hellip;]<\/p>","protected":false},"author":7,"featured_media":0,"parent":0,"menu_order":0,"comment_status":"closed","ping_status":"closed","template":"","meta":{"_acf_changed":false,"footnotes":""},"class_list":["post-14714","page","type-page","status-publish","hentry"],"acf":[],"_links":{"self":[{"href":"https:\/\/familienhoerbuch.de\/en\/wp-json\/wp\/v2\/pages\/14714","targetHints":{"allow":["GET"]}}],"collection":[{"href":"https:\/\/familienhoerbuch.de\/en\/wp-json\/wp\/v2\/pages"}],"about":[{"href":"https:\/\/familienhoerbuch.de\/en\/wp-json\/wp\/v2\/types\/page"}],"author":[{"embeddable":true,"href":"https:\/\/familienhoerbuch.de\/en\/wp-json\/wp\/v2\/users\/7"}],"replies":[{"embeddable":true,"href":"https:\/\/familienhoerbuch.de\/en\/wp-json\/wp\/v2\/comments?post=14714"}],"version-history":[{"count":0,"href":"https:\/\/familienhoerbuch.de\/en\/wp-json\/wp\/v2\/pages\/14714\/revisions"}],"wp:attachment":[{"href":"https:\/\/familienhoerbuch.de\/en\/wp-json\/wp\/v2\/media?parent=14714"}],"curies":[{"name":"wp","href":"https:\/\/api.w.org\/{rel}","templated":true}]}}