{"id":13002,"date":"2025-11-04T11:07:36","date_gmt":"2025-11-04T10:07:36","guid":{"rendered":"https:\/\/familienhoerbuch.de\/?page_id=13002"},"modified":"2026-03-25T08:56:02","modified_gmt":"2026-03-25T07:56:02","slug":"geschenkspende","status":"publish","type":"page","link":"https:\/\/familienhoerbuch.de\/en\/geschenkspende\/","title":{"rendered":"Geschenkspende"},"content":{"rendered":"<div data-elementor-type=\"wp-page\" data-elementor-id=\"13002\" class=\"elementor elementor-13002\" data-elementor-post-type=\"page\">\n\t\t\t\t<div class=\"elementor-element elementor-element-8a4a0b7 e-flex e-con-boxed e-con e-parent\" data-id=\"8a4a0b7\" data-element_type=\"container\" data-e-type=\"container\">\n\t\t\t\t\t<div class=\"e-con-inner\">\n\t\t<div class=\"elementor-element elementor-element-c6f6c8a e-con-full e-flex e-con e-child\" data-id=\"c6f6c8a\" data-element_type=\"container\" data-e-type=\"container\">\n\t\t\t\t<div class=\"elementor-element elementor-element-1155179 elementor-widget elementor-widget-heading\" data-id=\"1155179\" data-element_type=\"widget\" data-e-type=\"widget\" data-widget_type=\"heading.default\">\n\t\t\t\t<div class=\"elementor-widget-container\">\n\t\t\t\t\t<h4 class=\"elementor-heading-title elementor-size-default\">Schenken Sie Liebe f\u00fcr die Ohren<\/h4>\t\t\t\t<\/div>\n\t\t\t\t<\/div>\n\t\t\t\t<div class=\"elementor-element elementor-element-79c7ac6 elementor-widget elementor-widget-text-editor\" data-id=\"79c7ac6\" data-element_type=\"widget\" data-e-type=\"widget\" data-widget_type=\"text-editor.default\">\n\t\t\t\t<div class=\"elementor-widget-container\">\n\t\t\t\t\t\t\t\t\t<p>Manchmal ist <b>das sch\u00f6nste Geschenk <\/b>kein Gegenstand, sondern <b>ein Zeichen der Verbundenheit<\/b>. Indem Sie im Namen eines lieben Menschen f\u00fcr den guten Zweck spenden, schenken Sie mehr als Worte sagen k\u00f6nnen: Mit Ihrer Spende erm\u00f6glichen Sie, dass unheilbar erkrankten Eltern ihre Lebensgeschichte als Stimme f\u00fcr ihre Kinder hinterlassen k\u00f6nnen.<\/p>\n<p>Jede Spende \u2013 ob gro\u00df oder klein \u2013 hilft, Erinnerungen lebendig zu bewahren und Familien Trost und Halt zu geben. Als<b> liebevolles Andenken<\/b> erhalten Sie eine <b>Urkunde<\/b>, die Sie \u00fcberreichen k\u00f6nnen \u2013 ein besonderes Zukunftsgeschenk, das verbindet.<\/p>\t\t\t\t\t\t\t\t<\/div>\n\t\t\t\t<\/div>\n\t\t\t\t<div class=\"elementor-element elementor-element-bebe180 elementor-widget elementor-widget-text-editor\" data-id=\"bebe180\" data-element_type=\"widget\" data-e-type=\"widget\" data-widget_type=\"text-editor.default\">\n\t\t\t\t<div class=\"elementor-widget-container\">\n\t\t\t\t\t\t\t\t\t<ol><li>Spendenbetrag ausw\u00e4hlen<\/li><li>Wunschmotiv festlegen<\/li><li>Pers\u00f6nliche Daten eingeben und Spende absenden<\/li><li>Geschenkurkunde erhalten<\/li><\/ol>\t\t\t\t\t\t\t\t<\/div>\n\t\t\t\t<\/div>\n\t\t\t\t<\/div>\n\t\t<div class=\"elementor-element elementor-element-8cc4cbf e-con-full e-flex e-con e-child\" data-id=\"8cc4cbf\" data-element_type=\"container\" data-e-type=\"container\" data-settings=\"{&quot;background_background&quot;:&quot;classic&quot;}\">\n\t\t\t\t<div class=\"elementor-element elementor-element-5467194 elementor-widget elementor-widget-image\" data-id=\"5467194\" data-element_type=\"widget\" data-e-type=\"widget\" data-widget_type=\"image.default\">\n\t\t\t\t<div class=\"elementor-widget-container\">\n\t\t\t\t\t\t\t\t\t\t\t\t\t\t\t\t<a href=\"https:\/\/familienhoerbuch.de\/wp-content\/uploads\/2026\/03\/mockup-illu-geschenkspende-normal.png\" data-elementor-open-lightbox=\"no\">\n\t\t\t\t\t\t\t<img fetchpriority=\"high\" decoding=\"async\" width=\"600\" height=\"575\" src=\"https:\/\/familienhoerbuch.de\/wp-content\/uploads\/2026\/03\/mockup-illu-geschenkspende-normal.png\" class=\"attachment-large size-large wp-image-14664\" alt=\"\" srcset=\"https:\/\/familienhoerbuch.de\/wp-content\/uploads\/2026\/03\/mockup-illu-geschenkspende-normal.png 600w, https:\/\/familienhoerbuch.de\/wp-content\/uploads\/2026\/03\/mockup-illu-geschenkspende-normal-300x288.png 300w\" sizes=\"(max-width: 600px) 100vw, 600px\" \/>\t\t\t\t\t\t\t\t<\/a>\n\t\t\t\t\t\t\t\t\t\t\t\t\t\t\t<\/div>\n\t\t\t\t<\/div>\n\t\t\t\t<\/div>\n\t\t\t\t\t<\/div>\n\t\t\t\t<\/div>\n\t\t<div class=\"elementor-element elementor-element-3710970 e-flex e-con-boxed e-con e-parent\" data-id=\"3710970\" data-element_type=\"container\" data-e-type=\"container\">\n\t\t\t\t\t<div class=\"e-con-inner\">\n\t\t\t\t<div class=\"elementor-element elementor-element-9e603e5 elementor-widget elementor-widget-shortcode\" data-id=\"9e603e5\" data-element_type=\"widget\" data-e-type=\"widget\" data-widget_type=\"shortcode.default\">\n\t\t\t\t<div class=\"elementor-widget-container\">\n\t\t\t\t\t\t\t<div class=\"elementor-shortcode\"><script type=\"text\/javascript\" src=\"https:\/\/secure.fundraisingbox.com\/app\/paymentJS?is_gift_donation=1&hash=43r9q5vo8h7gkob2\"><\/script>\n    <noscript>Bitte Javascript aktivieren<\/noscript>\n    <a target=\"_blank\" href=\"https:\/\/www.fundraisingbox.com\/?utm_source=donation_form\">\n        <img decoding=\"async\" border=\"0\" style=\"border: 0 !important\" src=\"https:\/\/secure.fundraisingbox.com\/images\/FundraisingBox-Logo-Widget.png\" alt=\"FundraisingBox Logo\" \/>\n    <\/a><\/div>\n\t\t\t\t\t\t<\/div>\n\t\t\t\t<\/div>\n\t\t\t\t\t<\/div>\n\t\t\t\t<\/div>\n\t\t\t\t<\/div>","protected":false},"excerpt":{"rendered":"<p>Schenken Sie Liebe f\u00fcr die Ohren Manchmal ist das sch\u00f6nste Geschenk kein Gegenstand, sondern ein Zeichen der Verbundenheit. Indem Sie im Namen eines lieben Menschen f\u00fcr den guten Zweck spenden, schenken Sie mehr als Worte sagen k\u00f6nnen: Mit Ihrer Spende erm\u00f6glichen Sie, dass unheilbar erkrankten Eltern ihre Lebensgeschichte als Stimme f\u00fcr ihre Kinder hinterlassen k\u00f6nnen. [&hellip;]<\/p>","protected":false},"author":7,"featured_media":0,"parent":0,"menu_order":0,"comment_status":"closed","ping_status":"closed","template":"","meta":{"_acf_changed":false,"footnotes":""},"class_list":["post-13002","page","type-page","status-publish","hentry"],"acf":[],"_links":{"self":[{"href":"https:\/\/familienhoerbuch.de\/en\/wp-json\/wp\/v2\/pages\/13002","targetHints":{"allow":["GET"]}}],"collection":[{"href":"https:\/\/familienhoerbuch.de\/en\/wp-json\/wp\/v2\/pages"}],"about":[{"href":"https:\/\/familienhoerbuch.de\/en\/wp-json\/wp\/v2\/types\/page"}],"author":[{"embeddable":true,"href":"https:\/\/familienhoerbuch.de\/en\/wp-json\/wp\/v2\/users\/7"}],"replies":[{"embeddable":true,"href":"https:\/\/familienhoerbuch.de\/en\/wp-json\/wp\/v2\/comments?post=13002"}],"version-history":[{"count":0,"href":"https:\/\/familienhoerbuch.de\/en\/wp-json\/wp\/v2\/pages\/13002\/revisions"}],"wp:attachment":[{"href":"https:\/\/familienhoerbuch.de\/en\/wp-json\/wp\/v2\/media?parent=13002"}],"curies":[{"name":"wp","href":"https:\/\/api.w.org\/{rel}","templated":true}]}}