{"id":10213,"date":"2025-04-28T10:00:50","date_gmt":"2025-04-28T08:00:50","guid":{"rendered":"https:\/\/familienhoerbuch.de\/?page_id=10213"},"modified":"2025-04-29T13:22:57","modified_gmt":"2025-04-29T11:22:57","slug":"nachlass-regeln","status":"publish","type":"page","link":"https:\/\/familienhoerbuch.de\/en\/nachlass-regeln\/","title":{"rendered":"Nachlass regeln"},"content":{"rendered":"<div data-elementor-type=\"wp-page\" data-elementor-id=\"10213\" class=\"elementor elementor-10213\" data-elementor-post-type=\"page\">\n\t\t\t\t<div class=\"elementor-element elementor-element-cf160a6 e-flex e-con-boxed e-con e-parent\" data-id=\"cf160a6\" data-element_type=\"container\" data-e-type=\"container\">\n\t\t\t\t\t<div class=\"e-con-inner\">\n\t\t<div class=\"elementor-element elementor-element-bf0c91b e-con-full e-flex e-con e-child\" data-id=\"bf0c91b\" data-element_type=\"container\" data-e-type=\"container\">\n\t\t\t\t<div class=\"elementor-element elementor-element-54dc142 elementor-widget elementor-widget-heading\" data-id=\"54dc142\" data-element_type=\"widget\" data-e-type=\"widget\" data-widget_type=\"heading.default\">\n\t\t\t\t<div class=\"elementor-widget-container\">\n\t\t\t\t\t<h4 class=\"elementor-heading-title elementor-size-default\">Erblotse - Der Testamentsgenerator<\/h4>\t\t\t\t<\/div>\n\t\t\t\t<\/div>\n\t\t\t\t<div class=\"elementor-element elementor-element-01f544e elementor-widget elementor-widget-text-editor\" data-id=\"01f544e\" data-element_type=\"widget\" data-e-type=\"widget\" data-widget_type=\"text-editor.default\">\n\t\t\t\t<div class=\"elementor-widget-container\">\n\t\t\t\t\t\t\t\t\t<p><span class=\"break-words tvm-parent-container\"><span dir=\"ltr\">Den Nachlass regeln, das ist ein anspruchsvolles Thema, sowohl inhaltlich als auch emotional. <\/span><\/span><\/p><p>Der sogenannte Otto Normalverbraucher sieht in vielen F\u00e4llen eine Beratung vom Rechtsanwalt und eine Beurkundung vom Notar als Mittel der Wahl. Das bindet zeitliche und monet\u00e4re Ressourcen und kann eine zus\u00e4tzliche H\u00fcrde darstellen.<\/p><p>Die Familienh\u00f6rbuch gGmbH hat eine unkomplizierte L\u00f6sung entdeckt, die nun f\u00fcr die Familienh\u00f6rbuch-Community fest als Service implementiert wurde: Erblotse.<\/p><p>Der Testamentsgenerator gibt eine schnelle \u00dcbersicht \u00fcber eventuelle gesetzliche Erben und deren Mindestanspr\u00fcche, er\u00f6ffnet zudem die M\u00f6glichkeit weitere Verwandte, Freunde oder Organisationen einzutragen und zu unterst\u00fctzen und abschlie\u00dfend kann eine Endversion kostenfrei heruntergeladen werden. Wichtig: Damit dieses Testament in Deutschland als rechtssicher gilt, muss es vom Verfasser dann abgeschrieben und unterzeichnet werden.<\/p>\t\t\t\t\t\t\t\t<\/div>\n\t\t\t\t<\/div>\n\t\t\t\t<\/div>\n\t\t<div class=\"elementor-element elementor-element-5abbf54 e-con-full e-flex e-con e-child\" data-id=\"5abbf54\" data-element_type=\"container\" data-e-type=\"container\">\n\t\t\t\t<div class=\"elementor-element elementor-element-63996bb elementor-widget elementor-widget-html\" data-id=\"63996bb\" data-element_type=\"widget\" data-e-type=\"widget\" data-widget_type=\"html.default\">\n\t\t\t\t<div class=\"elementor-widget-container\">\n\t\t\t\t\t<iframe src=\"https:\/\/vererben.erblotse.de\/p\/familienhoerbuch?workflow=funnel_1\" style=\"height: 600px; width: 100%; border: none; margin-top:1rem;\"><\/iframe>\t\t\t\t<\/div>\n\t\t\t\t<\/div>\n\t\t\t\t<\/div>\n\t\t\t\t\t<\/div>\n\t\t\t\t<\/div>\n\t\t<div class=\"elementor-element elementor-element-1f7199d e-flex e-con-boxed e-con e-parent\" data-id=\"1f7199d\" data-element_type=\"container\" data-e-type=\"container\" data-settings=\"{&quot;background_background&quot;:&quot;classic&quot;}\">\n\t\t\t\t\t<div class=\"e-con-inner\">\n\t\t<div class=\"elementor-element elementor-element-61e4e8c e-con-full e-flex e-con e-child\" data-id=\"61e4e8c\" data-element_type=\"container\" data-e-type=\"container\">\n\t\t\t\t<div class=\"elementor-element elementor-element-3e92f68 elementor-widget elementor-widget-heading\" data-id=\"3e92f68\" data-element_type=\"widget\" data-e-type=\"widget\" data-widget_type=\"heading.default\">\n\t\t\t\t<div class=\"elementor-widget-container\">\n\t\t\t\t\t<h4 class=\"elementor-heading-title elementor-size-default\">Weitere Infos zum Testamentsgenerator<\/h4>\t\t\t\t<\/div>\n\t\t\t\t<\/div>\n\t\t\t\t<\/div>\n\t\t\t\t\t<\/div>\n\t\t\t\t<\/div>\n\t\t<div class=\"elementor-element elementor-element-395186c e-grid e-con-boxed e-con e-parent\" data-id=\"395186c\" data-element_type=\"container\" data-e-type=\"container\" data-settings=\"{&quot;background_background&quot;:&quot;classic&quot;}\">\n\t\t\t\t\t<div class=\"e-con-inner\">\n\t\t<div class=\"elementor-element elementor-element-58eab20 e-con-full e-flex e-con e-child\" data-id=\"58eab20\" data-element_type=\"container\" data-e-type=\"container\">\n\t\t\t\t<div class=\"elementor-element elementor-element-1468d4e elementor-widget elementor-widget-text-editor\" data-id=\"1468d4e\" data-element_type=\"widget\" data-e-type=\"widget\" data-widget_type=\"text-editor.default\">\n\t\t\t\t<div class=\"elementor-widget-container\">\n\t\t\t\t\t\t\t\t\t<p>Erblotse macht das Erben und Vererben einfach, damit nach dem Verlust eines geliebten Menschen nicht zu viele Fragen offenbleiben. Ratlose Angeh\u00f6rige, die sich mit b\u00fcrokratischem Aufwand und nicht selten famili\u00e4rem Zwist konfrontiert sehen, geh\u00f6ren somit der Vergangenheit an. Der Erblotse-Service bietet eine Schritt-f\u00fcr-Schritt-Anleitung, mit der jede Person den eigenen Nachlass individuell regeln kann, so, wie gew\u00fcnscht.<\/p><p>Im Beirat von Erblotse sitzt beispielsweise Brigitte Zypries. Die deutsche Politikerin war unter anderem als Bundesministerin der Justiz und im Bereich Wirtschaft und Energie aktiv und geh\u00f6rte bis 2017 zum Deutschen Bundestag. Sie unterstreicht: <em>\u201eDer Erblotse hilft bei der B\u00fcrokratie rund ums Erben &#8211; damit Ihnen mehr Zeit zum Trauern bleibt. Deshalb bin ich gerne als Fachbeir\u00e4tin dabei.\u201c<\/em><\/p>\t\t\t\t\t\t\t\t<\/div>\n\t\t\t\t<\/div>\n\t\t\t\t<\/div>\n\t\t<div class=\"elementor-element elementor-element-b50a1bf e-con-full e-flex e-con e-child\" data-id=\"b50a1bf\" data-element_type=\"container\" data-e-type=\"container\">\n\t\t\t\t<div class=\"elementor-element elementor-element-9f87a55 elementor-widget elementor-widget-image\" data-id=\"9f87a55\" data-element_type=\"widget\" data-e-type=\"widget\" data-widget_type=\"image.default\">\n\t\t\t\t<div class=\"elementor-widget-container\">\n\t\t\t\t\t\t\t\t\t\t\t\t\t\t\t<img fetchpriority=\"high\" decoding=\"async\" width=\"278\" height=\"295\" src=\"https:\/\/familienhoerbuch.de\/wp-content\/uploads\/2025\/04\/665db357a4986be4a2364bfe_Erblotse-Materials.png\" class=\"attachment-large size-large wp-image-10215\" alt=\"\" \/>\t\t\t\t\t\t\t\t\t\t\t\t\t\t\t<\/div>\n\t\t\t\t<\/div>\n\t\t\t\t<\/div>\n\t\t\t\t\t<\/div>\n\t\t\t\t<\/div>\n\t\t<div class=\"elementor-element elementor-element-fafe299 e-flex e-con-boxed e-con e-parent\" data-id=\"fafe299\" data-element_type=\"container\" data-e-type=\"container\">\n\t\t\t\t\t<div class=\"e-con-inner\">\n\t\t<div class=\"elementor-element elementor-element-494afe2 e-con-full e-flex e-con e-child\" data-id=\"494afe2\" data-element_type=\"container\" data-e-type=\"container\">\n\t\t\t\t<div class=\"elementor-element elementor-element-acb3323 elementor-widget elementor-widget-heading\" data-id=\"acb3323\" data-element_type=\"widget\" data-e-type=\"widget\" data-widget_type=\"heading.default\">\n\t\t\t\t<div class=\"elementor-widget-container\">\n\t\t\t\t\t<h4 class=\"elementor-heading-title elementor-size-default\">H\u00e4ufig gestellte Fragen zum Testamentsgenerator<\/h4>\t\t\t\t<\/div>\n\t\t\t\t<\/div>\n\t\t\t\t<div class=\"elementor-element elementor-element-aaee1a9 elementor-widget elementor-widget-accordion\" data-id=\"aaee1a9\" data-element_type=\"widget\" data-e-type=\"widget\" data-widget_type=\"accordion.default\">\n\t\t\t\t<div class=\"elementor-widget-container\">\n\t\t\t\t\t\t\t<div class=\"elementor-accordion\">\n\t\t\t\t\t\t\t<div class=\"elementor-accordion-item\">\n\t\t\t\t\t<div id=\"elementor-tab-title-1791\" class=\"elementor-tab-title\" data-tab=\"1\" role=\"button\" aria-controls=\"elementor-tab-content-1791\" aria-expanded=\"false\">\n\t\t\t\t\t\t\t\t\t\t\t\t\t<span class=\"elementor-accordion-icon elementor-accordion-icon-left\" aria-hidden=\"true\">\n\t\t\t\t\t\t\t\t\t\t\t\t\t\t\t<span class=\"elementor-accordion-icon-closed\"><svg class=\"e-font-icon-svg e-fas-plus\" viewbox=\"0 0 448 512\" xmlns=\"http:\/\/www.w3.org\/2000\/svg\"><path d=\"M416 208H272V64c0-17.67-14.33-32-32-32h-32c-17.67 0-32 14.33-32 32v144H32c-17.67 0-32 14.33-32 32v32c0 17.67 14.33 32 32 32h144v144c0 17.67 14.33 32 32 32h32c17.67 0 32-14.33 32-32V304h144c17.67 0 32-14.33 32-32v-32c0-17.67-14.33-32-32-32z\"><\/path><\/svg><\/span>\n\t\t\t\t\t\t\t\t<span class=\"elementor-accordion-icon-opened\"><svg class=\"e-font-icon-svg e-fas-minus\" viewbox=\"0 0 448 512\" xmlns=\"http:\/\/www.w3.org\/2000\/svg\"><path d=\"M416 208H32c-17.67 0-32 14.33-32 32v32c0 17.67 14.33 32 32 32h384c17.67 0 32-14.33 32-32v-32c0-17.67-14.33-32-32-32z\"><\/path><\/svg><\/span>\n\t\t\t\t\t\t\t\t\t\t\t\t\t\t<\/span>\n\t\t\t\t\t\t\t\t\t\t\t\t<a class=\"elementor-accordion-title\" tabindex=\"0\">Ist das Erblotse-Angebot kostenfrei nutzbar?<\/a>\n\t\t\t\t\t<\/div>\n\t\t\t\t\t<div id=\"elementor-tab-content-1791\" class=\"elementor-tab-content elementor-clearfix\" data-tab=\"1\" role=\"region\" aria-labelledby=\"elementor-tab-title-1791\"><p>Ja, die Familienh\u00f6rbuch gGmbH stellt den Testamentsgenerator an dieser Stelle der eigenen Community zur Verf\u00fcgung. Er kann auch direkt \u00fcber Erblotse in Anspruch genommen werden. Dann f\u00e4llt eine Geb\u00fchr an.<\/p><\/div>\n\t\t\t\t<\/div>\n\t\t\t\t\t\t\t<div class=\"elementor-accordion-item\">\n\t\t\t\t\t<div id=\"elementor-tab-title-1792\" class=\"elementor-tab-title\" data-tab=\"2\" role=\"button\" aria-controls=\"elementor-tab-content-1792\" aria-expanded=\"false\">\n\t\t\t\t\t\t\t\t\t\t\t\t\t<span class=\"elementor-accordion-icon elementor-accordion-icon-left\" aria-hidden=\"true\">\n\t\t\t\t\t\t\t\t\t\t\t\t\t\t\t<span class=\"elementor-accordion-icon-closed\"><svg class=\"e-font-icon-svg e-fas-plus\" viewbox=\"0 0 448 512\" xmlns=\"http:\/\/www.w3.org\/2000\/svg\"><path d=\"M416 208H272V64c0-17.67-14.33-32-32-32h-32c-17.67 0-32 14.33-32 32v144H32c-17.67 0-32 14.33-32 32v32c0 17.67 14.33 32 32 32h144v144c0 17.67 14.33 32 32 32h32c17.67 0 32-14.33 32-32V304h144c17.67 0 32-14.33 32-32v-32c0-17.67-14.33-32-32-32z\"><\/path><\/svg><\/span>\n\t\t\t\t\t\t\t\t<span class=\"elementor-accordion-icon-opened\"><svg class=\"e-font-icon-svg e-fas-minus\" viewbox=\"0 0 448 512\" xmlns=\"http:\/\/www.w3.org\/2000\/svg\"><path d=\"M416 208H32c-17.67 0-32 14.33-32 32v32c0 17.67 14.33 32 32 32h384c17.67 0 32-14.33 32-32v-32c0-17.67-14.33-32-32-32z\"><\/path><\/svg><\/span>\n\t\t\t\t\t\t\t\t\t\t\t\t\t\t<\/span>\n\t\t\t\t\t\t\t\t\t\t\t\t<a class=\"elementor-accordion-title\" tabindex=\"0\">Ist der Generator nur auf deutsches Erbrecht ausgelegt?<\/a>\n\t\t\t\t\t<\/div>\n\t\t\t\t\t<div id=\"elementor-tab-content-1792\" class=\"elementor-tab-content elementor-clearfix\" data-tab=\"2\" role=\"region\" aria-labelledby=\"elementor-tab-title-1792\"><p>Ja, diese Version wurde f\u00fcr deutsche Richtlinien konzipiert. Im Rahmen der Anwendung besteht jedoch die M\u00f6glichkeit ein kostenfreies Beratungsgespr\u00e4ch f\u00fcr Erbf\u00e4lle mit Auslandsbezug zu nutzen.<\/p><\/div>\n\t\t\t\t<\/div>\n\t\t\t\t\t\t\t\t<\/div>\n\t\t\t\t\t\t<\/div>\n\t\t\t\t<\/div>\n\t\t\t\t<\/div>\n\t\t\t\t\t<\/div>\n\t\t\t\t<\/div>\n\t\t\t\t<\/div>","protected":false},"excerpt":{"rendered":"<p>Erblotse &#8211; Der Testamentsgenerator Den Nachlass regeln, das ist ein anspruchsvolles Thema, sowohl inhaltlich als auch emotional. Der sogenannte Otto Normalverbraucher sieht in vielen F\u00e4llen eine Beratung vom Rechtsanwalt und eine Beurkundung vom Notar als Mittel der Wahl. Das bindet zeitliche und monet\u00e4re Ressourcen und kann eine zus\u00e4tzliche H\u00fcrde darstellen. Die Familienh\u00f6rbuch gGmbH hat eine [&hellip;]<\/p>","protected":false},"author":1,"featured_media":0,"parent":0,"menu_order":0,"comment_status":"closed","ping_status":"closed","template":"","meta":{"_acf_changed":false,"footnotes":""},"class_list":["post-10213","page","type-page","status-publish","hentry"],"acf":[],"_links":{"self":[{"href":"https:\/\/familienhoerbuch.de\/en\/wp-json\/wp\/v2\/pages\/10213","targetHints":{"allow":["GET"]}}],"collection":[{"href":"https:\/\/familienhoerbuch.de\/en\/wp-json\/wp\/v2\/pages"}],"about":[{"href":"https:\/\/familienhoerbuch.de\/en\/wp-json\/wp\/v2\/types\/page"}],"author":[{"embeddable":true,"href":"https:\/\/familienhoerbuch.de\/en\/wp-json\/wp\/v2\/users\/1"}],"replies":[{"embeddable":true,"href":"https:\/\/familienhoerbuch.de\/en\/wp-json\/wp\/v2\/comments?post=10213"}],"version-history":[{"count":0,"href":"https:\/\/familienhoerbuch.de\/en\/wp-json\/wp\/v2\/pages\/10213\/revisions"}],"wp:attachment":[{"href":"https:\/\/familienhoerbuch.de\/en\/wp-json\/wp\/v2\/media?parent=10213"}],"curies":[{"name":"wp","href":"https:\/\/api.w.org\/{rel}","templated":true}]}}