{"id":13002,"date":"2025-11-04T11:07:36","date_gmt":"2025-11-04T10:07:36","guid":{"rendered":"https:\/\/familienhoerbuch.de\/?page_id=13002"},"modified":"2026-03-25T08:56:02","modified_gmt":"2026-03-25T07:56:02","slug":"geschenkspende","status":"publish","type":"page","link":"https:\/\/familienhoerbuch.de\/el\/geschenkspende\/","title":{"rendered":"\u0394\u03c9\u03c1\u03b5\u03ac \u03b4\u03ce\u03c1\u03c9\u03bd"},"content":{"rendered":"<div data-elementor-type=\"wp-page\" data-elementor-id=\"13002\" class=\"elementor elementor-13002\" data-elementor-post-type=\"page\">\n\t\t\t\t<div class=\"elementor-element elementor-element-8a4a0b7 e-flex e-con-boxed e-con e-parent\" data-id=\"8a4a0b7\" data-element_type=\"container\" data-e-type=\"container\">\n\t\t\t\t\t<div class=\"e-con-inner\">\n\t\t<div class=\"elementor-element elementor-element-c6f6c8a e-con-full e-flex e-con e-child\" data-id=\"c6f6c8a\" data-element_type=\"container\" data-e-type=\"container\">\n\t\t\t\t<div class=\"elementor-element elementor-element-1155179 elementor-widget elementor-widget-heading\" data-id=\"1155179\" data-element_type=\"widget\" data-e-type=\"widget\" data-widget_type=\"heading.default\">\n\t\t\t\t<div class=\"elementor-widget-container\">\n\t\t\t\t\t<h4 class=\"elementor-heading-title elementor-size-default\">\u0394\u03ce\u03c3\u03c4\u03b5 \u03b1\u03b3\u03ac\u03c0\u03b7 \u03c3\u03c4\u03b1 \u03b1\u03c5\u03c4\u03b9\u03ac<\/h4>\t\t\t\t<\/div>\n\t\t\t\t<\/div>\n\t\t\t\t<div class=\"elementor-element elementor-element-79c7ac6 elementor-widget elementor-widget-text-editor\" data-id=\"79c7ac6\" data-element_type=\"widget\" data-e-type=\"widget\" data-widget_type=\"text-editor.default\">\n\t\t\t\t<div class=\"elementor-widget-container\">\n\t\t\t\t\t\t\t\t\t<p>\u039c\u03b5\u03c1\u03b9\u03ba\u03ad\u03c2 \u03c6\u03bf\u03c1\u03ad\u03c2 \u03b5\u03af\u03bd\u03b1\u03b9 <b>\u03a4\u03bf \u03c0\u03b9\u03bf \u03cc\u03bc\u03bf\u03c1\u03c6\u03bf \u03b4\u03ce\u03c1\u03bf <\/b>\u0394\u03b5\u03bd \u03b5\u03af\u03bd\u03b1\u03b9 \u03b1\u03bd\u03c4\u03b9\u03ba\u03b5\u03af\u03bc\u03b5\u03bd\u03bf, \u03b1\u03bb\u03bb\u03ac <b>\u03a3\u03b7\u03bc\u03ac\u03b4\u03b9 \u03c3\u03cd\u03bd\u03b4\u03b5\u03c3\u03b7\u03c2<\/b>. \u0394\u03af\u03bd\u03bf\u03bd\u03c4\u03b1\u03c2 \u03b3\u03b9\u03b1 \u03bb\u03bf\u03b3\u03b1\u03c1\u03b9\u03b1\u03c3\u03bc\u03cc \u03b5\u03bd\u03cc\u03c2 \u03b1\u03b3\u03b1\u03c0\u03b7\u03bc\u03ad\u03bd\u03bf\u03c5 \u03c0\u03c1\u03bf\u03c3\u03ce\u03c0\u03bf\u03c5 \u03b3\u03b9\u03b1 \u03ba\u03b1\u03bb\u03cc \u03c3\u03ba\u03bf\u03c0\u03cc, \u03b4\u03af\u03bd\u03b5\u03c4\u03b5 \u03c0\u03b5\u03c1\u03b9\u03c3\u03c3\u03cc\u03c4\u03b5\u03c1\u03b1 \u03b1\u03c0\u03cc \u03cc\u03c3\u03b1 \u03bc\u03c0\u03bf\u03c1\u03bf\u03cd\u03bd \u03bd\u03b1 \u03c0\u03bf\u03c5\u03bd \u03bf\u03b9 \u03bb\u03ad\u03be\u03b5\u03b9\u03c2: \u039c\u03b5 \u03c4\u03b7 \u03b4\u03c9\u03c1\u03b5\u03ac \u03c3\u03b1\u03c2, \u03b4\u03af\u03bd\u03b5\u03c4\u03b5 \u03c4\u03b7 \u03b4\u03c5\u03bd\u03b1\u03c4\u03cc\u03c4\u03b7\u03c4\u03b1 \u03c3\u03c4\u03bf\u03c5\u03c2 \u03b1\u03bd\u03af\u03b1\u03c4\u03bf\u03c5\u03c2 \u03b3\u03bf\u03bd\u03b5\u03af\u03c2 \u03bd\u03b1 \u03b1\u03c6\u03ae\u03c3\u03bf\u03c5\u03bd \u03c4\u03b7\u03bd \u03b9\u03c3\u03c4\u03bf\u03c1\u03af\u03b1 \u03c4\u03b7\u03c2 \u03b6\u03c9\u03ae\u03c2 \u03c4\u03bf\u03c5\u03c2 \u03c9\u03c2 \u03c6\u03c9\u03bd\u03ae \u03b3\u03b9\u03b1 \u03c4\u03b1 \u03c0\u03b1\u03b9\u03b4\u03b9\u03ac \u03c4\u03bf\u03c5\u03c2.<\/p>\n<p>\u039a\u03ac\u03b8\u03b5 \u03b4\u03c9\u03c1\u03b5\u03ac, \u03bc\u03b9\u03ba\u03c1\u03ae \u03ae \u03bc\u03b5\u03b3\u03ac\u03bb\u03b7, \u03b2\u03bf\u03b7\u03b8\u03ac \u03bd\u03b1 \u03ba\u03c1\u03b1\u03c4\u03b7\u03b8\u03bf\u03cd\u03bd \u03b6\u03c9\u03bd\u03c4\u03b1\u03bd\u03ad\u03c2 \u03bf\u03b9 \u03b1\u03bd\u03b1\u03bc\u03bd\u03ae\u03c3\u03b5\u03b9\u03c2 \u03ba\u03b1\u03b9 \u03bd\u03b1 \u03b4\u03bf\u03b8\u03b5\u03af \u03ac\u03bd\u03b5\u03c3\u03b7 \u03ba\u03b1\u03b9 \u03c5\u03c0\u03bf\u03c3\u03c4\u03ae\u03c1\u03b9\u03be\u03b7 \u03c3\u03c4\u03b9\u03c2 \u03bf\u03b9\u03ba\u03bf\u03b3\u03ad\u03bd\u03b5\u03b9\u03b5\u03c2. \u03a9\u03c2<b> \u0391\u03b3\u03b1\u03c0\u03b7\u03bc\u03ad\u03bd\u03b7 \u03bc\u03bd\u03ae\u03bc\u03b7<\/b> \u0398\u03b1 \u03bb\u03ac\u03b2\u03b5\u03c4\u03b5 \u03bc\u03b9\u03b1 <b>\u03c0\u03c1\u03ac\u03be\u03b7<\/b>, \u03c4\u03bf \u03bf\u03c0\u03bf\u03af\u03bf \u03bc\u03c0\u03bf\u03c1\u03b5\u03af\u03c4\u03b5 \u03bd\u03b1 \u03c0\u03b1\u03c1\u03bf\u03c5\u03c3\u03b9\u03ac\u03c3\u03b5\u03c4\u03b5 \u2014 \u03ad\u03bd\u03b1 \u03b9\u03b4\u03b9\u03b1\u03af\u03c4\u03b5\u03c1\u03bf \u03b4\u03ce\u03c1\u03bf \u03b3\u03b9\u03b1 \u03c4\u03bf \u03bc\u03ad\u03bb\u03bb\u03bf\u03bd \u03c0\u03bf\u03c5 \u03c3\u03c5\u03bd\u03b4\u03ad\u03b5\u03c4\u03b1\u03b9.<\/p>\t\t\t\t\t\t\t\t<\/div>\n\t\t\t\t<\/div>\n\t\t\t\t<div class=\"elementor-element elementor-element-bebe180 elementor-widget elementor-widget-text-editor\" data-id=\"bebe180\" data-element_type=\"widget\" data-e-type=\"widget\" data-widget_type=\"text-editor.default\">\n\t\t\t\t<div class=\"elementor-widget-container\">\n\t\t\t\t\t\t\t\t\t<ol><li>\u0395\u03c0\u03b9\u03bb\u03ad\u03be\u03c4\u03b5 \u03c0\u03bf\u03c3\u03cc \u03b4\u03c9\u03c1\u03b5\u03ac\u03c2<\/li><li>\u039a\u03b1\u03b8\u03bf\u03c1\u03b9\u03c3\u03bc\u03cc\u03c2 \u03c4\u03bf\u03c5 \u03b5\u03c0\u03b9\u03b8\u03c5\u03bc\u03b7\u03c4\u03bf\u03cd \u03bc\u03bf\u03c4\u03af\u03b2\u03bf\u03c5<\/li><li>\u0395\u03b9\u03c3\u03ac\u03b3\u03b5\u03c4\u03b5 \u03c4\u03b1 \u03c0\u03c1\u03bf\u03c3\u03c9\u03c0\u03b9\u03ba\u03ac \u03c3\u03b1\u03c2 \u03b4\u03b5\u03b4\u03bf\u03bc\u03ad\u03bd\u03b1 \u03ba\u03b1\u03b9 \u03c3\u03c4\u03b5\u03af\u03bb\u03c4\u03b5 \u03bc\u03b9\u03b1 \u03b4\u03c9\u03c1\u03b5\u03ac<\/li><li>\u039b\u03ae\u03c8\u03b7 \u03c0\u03b9\u03c3\u03c4\u03bf\u03c0\u03bf\u03b9\u03b7\u03c4\u03b9\u03ba\u03bf\u03cd \u03b4\u03ce\u03c1\u03bf\u03c5<\/li><\/ol>\t\t\t\t\t\t\t\t<\/div>\n\t\t\t\t<\/div>\n\t\t\t\t<\/div>\n\t\t<div class=\"elementor-element elementor-element-8cc4cbf e-con-full e-flex e-con e-child\" data-id=\"8cc4cbf\" data-element_type=\"container\" data-e-type=\"container\" data-settings=\"{&quot;background_background&quot;:&quot;classic&quot;}\">\n\t\t\t\t<div class=\"elementor-element elementor-element-5467194 elementor-widget elementor-widget-image\" data-id=\"5467194\" data-element_type=\"widget\" data-e-type=\"widget\" data-widget_type=\"image.default\">\n\t\t\t\t<div class=\"elementor-widget-container\">\n\t\t\t\t\t\t\t\t\t\t\t\t\t\t\t\t<a href=\"https:\/\/familienhoerbuch.de\/wp-content\/uploads\/2026\/03\/mockup-illu-geschenkspende-normal.png\" data-elementor-open-lightbox=\"no\">\n\t\t\t\t\t\t\t<img fetchpriority=\"high\" decoding=\"async\" width=\"600\" height=\"575\" src=\"https:\/\/familienhoerbuch.de\/wp-content\/uploads\/2026\/03\/mockup-illu-geschenkspende-normal.png\" class=\"attachment-large size-large wp-image-14664\" alt=\"\" srcset=\"https:\/\/familienhoerbuch.de\/wp-content\/uploads\/2026\/03\/mockup-illu-geschenkspende-normal.png 600w, https:\/\/familienhoerbuch.de\/wp-content\/uploads\/2026\/03\/mockup-illu-geschenkspende-normal-300x288.png 300w\" sizes=\"(max-width: 600px) 100vw, 600px\" \/>\t\t\t\t\t\t\t\t<\/a>\n\t\t\t\t\t\t\t\t\t\t\t\t\t\t\t<\/div>\n\t\t\t\t<\/div>\n\t\t\t\t<\/div>\n\t\t\t\t\t<\/div>\n\t\t\t\t<\/div>\n\t\t<div class=\"elementor-element elementor-element-3710970 e-flex e-con-boxed e-con e-parent\" data-id=\"3710970\" data-element_type=\"container\" data-e-type=\"container\">\n\t\t\t\t\t<div class=\"e-con-inner\">\n\t\t\t\t<div class=\"elementor-element elementor-element-9e603e5 elementor-widget elementor-widget-shortcode\" data-id=\"9e603e5\" data-element_type=\"widget\" data-e-type=\"widget\" data-widget_type=\"shortcode.default\">\n\t\t\t\t<div class=\"elementor-widget-container\">\n\t\t\t\t\t\t\t<div class=\"elementor-shortcode\"><script type=\"text\/javascript\" src=\"https:\/\/secure.fundraisingbox.com\/app\/paymentJS?is_gift_donation=1&hash=43r9q5vo8h7gkob2\"><\/script>\n    <noscript>\u0395\u03bd\u03b5\u03c1\u03b3\u03bf\u03c0\u03bf\u03b9\u03ae\u03c3\u03c4\u03b5 \u03c4\u03b7 Javascript<\/noscript>\n    <a target=\"_blank\" href=\"https:\/\/www.fundraisingbox.com\/?utm_source=donation_form\">\n        <img decoding=\"async\" border=\"0\" style=\"border: 0 !important\" src=\"https:\/\/secure.fundraisingbox.com\/images\/FundraisingBox-Logo-Widget.png\" alt=\"\u039b\u03bf\u03b3\u03cc\u03c4\u03c5\u03c0\u03bf FundraisingBox\" \/>\n    <\/a><\/div>\n\t\t\t\t\t\t<\/div>\n\t\t\t\t<\/div>\n\t\t\t\t\t<\/div>\n\t\t\t\t<\/div>\n\t\t\t\t<\/div>","protected":false},"excerpt":{"rendered":"<p>Schenken Sie Liebe f\u00fcr die Ohren Manchmal ist das sch\u00f6nste Geschenk kein Gegenstand, sondern ein Zeichen der Verbundenheit. Indem Sie im Namen eines lieben Menschen f\u00fcr den guten Zweck spenden, schenken Sie mehr als Worte sagen k\u00f6nnen: Mit Ihrer Spende erm\u00f6glichen Sie, dass unheilbar erkrankten Eltern ihre Lebensgeschichte als Stimme f\u00fcr ihre Kinder hinterlassen k\u00f6nnen. [&hellip;]<\/p>","protected":false},"author":7,"featured_media":0,"parent":0,"menu_order":0,"comment_status":"closed","ping_status":"closed","template":"","meta":{"_acf_changed":false,"footnotes":""},"class_list":["post-13002","page","type-page","status-publish","hentry"],"acf":[],"_links":{"self":[{"href":"https:\/\/familienhoerbuch.de\/el\/wp-json\/wp\/v2\/pages\/13002","targetHints":{"allow":["GET"]}}],"collection":[{"href":"https:\/\/familienhoerbuch.de\/el\/wp-json\/wp\/v2\/pages"}],"about":[{"href":"https:\/\/familienhoerbuch.de\/el\/wp-json\/wp\/v2\/types\/page"}],"author":[{"embeddable":true,"href":"https:\/\/familienhoerbuch.de\/el\/wp-json\/wp\/v2\/users\/7"}],"replies":[{"embeddable":true,"href":"https:\/\/familienhoerbuch.de\/el\/wp-json\/wp\/v2\/comments?post=13002"}],"version-history":[{"count":0,"href":"https:\/\/familienhoerbuch.de\/el\/wp-json\/wp\/v2\/pages\/13002\/revisions"}],"wp:attachment":[{"href":"https:\/\/familienhoerbuch.de\/el\/wp-json\/wp\/v2\/media?parent=13002"}],"curies":[{"name":"wp","href":"https:\/\/api.w.org\/{rel}","templated":true}]}}