{"id":98,"date":"2024-08-26T18:17:00","date_gmt":"2024-08-26T16:17:00","guid":{"rendered":"https:\/\/websplash.familienhoerbuch.de\/?page_id=98"},"modified":"2026-01-27T14:02:46","modified_gmt":"2026-01-27T13:02:46","slug":"jobs-ehrenamt","status":"publish","type":"page","link":"https:\/\/familienhoerbuch.de\/da\/jobs-ehrenamt\/","title":{"rendered":"Job &amp; Frivilligt arbejde"},"content":{"rendered":"<div data-elementor-type=\"wp-page\" data-elementor-id=\"98\" class=\"elementor elementor-98\" data-elementor-post-type=\"page\">\n\t\t\t\t<div class=\"elementor-element elementor-element-fb4e9f2 e-flex e-con-boxed e-con e-parent\" data-id=\"fb4e9f2\" data-element_type=\"container\" data-e-type=\"container\">\n\t\t\t\t\t<div class=\"e-con-inner\">\n\t\t<div class=\"elementor-element elementor-element-660acd2 e-con-full e-flex e-con e-child\" data-id=\"660acd2\" data-element_type=\"container\" data-e-type=\"container\">\n\t\t\t\t<div class=\"elementor-element elementor-element-7e838d5 elementor-widget elementor-widget-heading\" data-id=\"7e838d5\" data-element_type=\"widget\" data-e-type=\"widget\" data-widget_type=\"heading.default\">\n\t\t\t\t<div class=\"elementor-widget-container\">\n\t\t\t\t\t<h4 class=\"elementor-heading-title elementor-size-default\">At vi i mig<\/h4>\t\t\t\t<\/div>\n\t\t\t\t<\/div>\n\t\t\t\t<div class=\"elementor-element elementor-element-9067df0 elementor-widget elementor-widget-text-editor\" data-id=\"9067df0\" data-element_type=\"widget\" data-e-type=\"widget\" data-widget_type=\"text-editor.default\">\n\t\t\t\t<div class=\"elementor-widget-container\">\n\t\t\t\t\t\t\t\t\t<p>Vil du v\u00e6re frivillig? S\u00e5 gl\u00e6der vi os til at se dig p\u00e5 denne side oftere. Her udgiver vi vores aktuelt gratis opgaver i vores dedikerede familie lydbog team.<\/p><p>Hele vores team arbejder decentralt og digitalt. Vi er spredt ud over hele Tyskland.<\/p><p>Jeg kan godt lide at skrive en kort ans\u00f8gning. Vi vil straks vende tilbage til dig og derefter blive enige om en f\u00f8rste, ikke-bindende get-to-know.<\/p><p>Vi ser frem til at hj\u00e6lpe p\u00e5 f\u00f8lgende omr\u00e5der:<\/p><ul><li>Psykoonkolog:innenteam - <a href=\"https:\/\/familienhoerbuch.de\/wp-content\/uploads\/2024\/09\/EA_Pyschologenteam_28042023.pdf\" target=\"_blank\" rel=\"noopener\">mere information \u00bb<\/a><\/li><\/ul>\t\t\t\t\t\t\t\t<\/div>\n\t\t\t\t<\/div>\n\t\t\t\t<\/div>\n\t\t<div class=\"elementor-element elementor-element-57fdfd3 e-con-full e-flex e-con e-child\" data-id=\"57fdfd3\" data-element_type=\"container\" data-e-type=\"container\">\n\t\t\t\t<div class=\"elementor-element elementor-element-3ef367c elementor-widget elementor-widget-image\" data-id=\"3ef367c\" data-element_type=\"widget\" data-e-type=\"widget\" data-widget_type=\"image.default\">\n\t\t\t\t<div class=\"elementor-widget-container\">\n\t\t\t\t\t\t\t\t\t\t\t\t\t\t\t<img fetchpriority=\"high\" decoding=\"async\" width=\"800\" height=\"534\" src=\"https:\/\/familienhoerbuch.de\/wp-content\/uploads\/2024\/09\/FHB_Teamfoto_2024-1024x683.jpg\" class=\"attachment-large size-large wp-image-7126\" alt=\"\" srcset=\"https:\/\/familienhoerbuch.de\/wp-content\/uploads\/2024\/09\/FHB_Teamfoto_2024-1024x683.jpg 1024w, https:\/\/familienhoerbuch.de\/wp-content\/uploads\/2024\/09\/FHB_Teamfoto_2024-300x200.jpg 300w, https:\/\/familienhoerbuch.de\/wp-content\/uploads\/2024\/09\/FHB_Teamfoto_2024-768x512.jpg 768w, https:\/\/familienhoerbuch.de\/wp-content\/uploads\/2024\/09\/FHB_Teamfoto_2024.jpg 1200w\" sizes=\"(max-width: 800px) 100vw, 800px\" \/>\t\t\t\t\t\t\t\t\t\t\t\t\t\t\t<\/div>\n\t\t\t\t<\/div>\n\t\t\t\t<\/div>\n\t\t\t\t\t<\/div>\n\t\t\t\t<\/div>\n\t\t\t\t<\/div>","protected":false},"excerpt":{"rendered":"<p>Vil du v\u00e6re frivillig hos os? S\u00e5 gl\u00e6der vi os til at se dig p\u00e5 denne side oftere. Her udgiver vi vores aktuelt gratis opgaver i vores dedikerede familie lydbog team. Hele vores team arbejder decentralt og digitalt. Vi er spredt ud over hele Tyskland. Jeg kan godt lide at skrive en kort ans\u00f8gning. Vi vil vende tilbage til dig s\u00e5 hurtigt som muligt og er enige [\u2026]<\/p>","protected":false},"author":1,"featured_media":0,"parent":0,"menu_order":0,"comment_status":"closed","ping_status":"closed","template":"","meta":{"_acf_changed":false,"footnotes":""},"class_list":["post-98","page","type-page","status-publish","hentry"],"acf":[],"_links":{"self":[{"href":"https:\/\/familienhoerbuch.de\/da\/wp-json\/wp\/v2\/pages\/98","targetHints":{"allow":["GET"]}}],"collection":[{"href":"https:\/\/familienhoerbuch.de\/da\/wp-json\/wp\/v2\/pages"}],"about":[{"href":"https:\/\/familienhoerbuch.de\/da\/wp-json\/wp\/v2\/types\/page"}],"author":[{"embeddable":true,"href":"https:\/\/familienhoerbuch.de\/da\/wp-json\/wp\/v2\/users\/1"}],"replies":[{"embeddable":true,"href":"https:\/\/familienhoerbuch.de\/da\/wp-json\/wp\/v2\/comments?post=98"}],"version-history":[{"count":0,"href":"https:\/\/familienhoerbuch.de\/da\/wp-json\/wp\/v2\/pages\/98\/revisions"}],"wp:attachment":[{"href":"https:\/\/familienhoerbuch.de\/da\/wp-json\/wp\/v2\/media?parent=98"}],"curies":[{"name":"wp","href":"https:\/\/api.w.org\/{rel}","templated":true}]}}