{"id":82,"date":"2024-08-26T18:15:06","date_gmt":"2024-08-26T16:15:06","guid":{"rendered":"https:\/\/websplash.familienhoerbuch.de\/?page_id=82"},"modified":"2025-12-08T22:24:16","modified_gmt":"2025-12-08T21:24:16","slug":"mein-weg-zum-hoerbuch","status":"publish","type":"page","link":"https:\/\/familienhoerbuch.de\/da\/mein-weg-zum-hoerbuch\/","title":{"rendered":"Min vej til lydbogen"},"content":{"rendered":"<div data-elementor-type=\"wp-page\" data-elementor-id=\"82\" class=\"elementor elementor-82\" data-elementor-post-type=\"page\">\n\t\t\t\t<div class=\"elementor-element elementor-element-7bf4397 e-flex e-con-boxed e-con e-parent\" data-id=\"7bf4397\" data-element_type=\"container\" data-e-type=\"container\">\n\t\t\t\t\t<div class=\"e-con-inner\">\n\t\t<div class=\"elementor-element elementor-element-7c3ac3b e-con-full e-flex e-con e-child\" data-id=\"7c3ac3b\" data-element_type=\"container\" data-e-type=\"container\">\n\t\t\t\t<div class=\"elementor-element elementor-element-8bf3df1 elementor-widget elementor-widget-heading\" data-id=\"8bf3df1\" data-element_type=\"widget\" data-e-type=\"widget\" data-widget_type=\"heading.default\">\n\t\t\t\t<div class=\"elementor-widget-container\">\n\t\t\t\t\t<h4 class=\"elementor-heading-title elementor-size-default\">Din vej til din egen lydbog<\/h4>\t\t\t\t<\/div>\n\t\t\t\t<\/div>\n\t\t\t\t<\/div>\n\t\t\t\t\t<\/div>\n\t\t\t\t<\/div>\n\t\t<div class=\"elementor-element elementor-element-048cc82 e-flex e-con-boxed e-con e-parent\" data-id=\"048cc82\" data-element_type=\"container\" data-e-type=\"container\">\n\t\t\t\t\t<div class=\"e-con-inner\">\n\t\t<div class=\"elementor-element elementor-element-c3ea153 e-con-full e-flex e-con e-child\" data-id=\"c3ea153\" data-element_type=\"container\" data-e-type=\"container\">\n\t\t\t\t<div class=\"elementor-element elementor-element-d67937a elementor-widget elementor-widget-text-editor\" data-id=\"d67937a\" data-element_type=\"widget\" data-e-type=\"widget\" data-widget_type=\"text-editor.default\">\n\t\t\t\t<div class=\"elementor-widget-container\">\n\t\t\t\t\t\t\t\t\t<p>Hver is\u00e6r <strong>Livets historie<\/strong> Det er v\u00e6rd at blive fortalt og efterladt. Derfor skaber vi biografier af uhelbredeligt syge mennesker for evigheden som en gave til fremtiden.<\/p><p>Fort\u00e6llingerne er dramaturgisk designet ved hj\u00e6lp af state-of-the-art teknikker i audiojournalistik (s\u00e6rlig struktur \/ struktur \/ redigering). Efter en for\u00e6lders d\u00f8d st\u00f8tter lydb\u00f8gerne den overlevende familie, is\u00e6r b\u00f8rnene, i <strong>H\u00e5ndtering af sorg<\/strong> og ledsage dem individuelt.<\/p><p>Familiens lydb\u00f8ger er fra mor eller far selv og <strong>fortalt med sin egen stemme<\/strong>. Personligt. K\u00e6rligt. Det er autentisk. For os betyder autenticitet ogs\u00e5 at give plads til sproglige og kulturelle p\u00e5virkninger.<\/p><p>Familiens lydbog finansieres udelukkende gennem donationer og er <strong>gratis for deltagerne<\/strong>.<\/p>\t\t\t\t\t\t\t\t<\/div>\n\t\t\t\t<\/div>\n\t\t\t\t<div class=\"elementor-element elementor-element-296c168 elementor-widget elementor-widget-button\" data-id=\"296c168\" data-element_type=\"widget\" data-e-type=\"widget\" data-widget_type=\"button.default\">\n\t\t\t\t<div class=\"elementor-widget-container\">\n\t\t\t\t\t\t\t\t\t<div class=\"elementor-button-wrapper\">\n\t\t\t\t\t<a class=\"elementor-button elementor-button-link elementor-size-sm\" href=\"https:\/\/familienhoerbuch.de\/da\/kontakt\/\">\n\t\t\t\t\t\t<span class=\"elementor-button-content-wrapper\">\n\t\t\t\t\t\t\t\t\t<span class=\"elementor-button-text\">Kontakt os nu \u00bb <\/span>\n\t\t\t\t\t<\/span>\n\t\t\t\t\t<\/a>\n\t\t\t\t<\/div>\n\t\t\t\t\t\t\t\t<\/div>\n\t\t\t\t<\/div>\n\t\t\t\t<div class=\"elementor-element elementor-element-5c82b4a elementor-widget elementor-widget-image\" data-id=\"5c82b4a\" data-element_type=\"widget\" data-e-type=\"widget\" data-widget_type=\"image.default\">\n\t\t\t\t<div class=\"elementor-widget-container\">\n\t\t\t\t\t\t\t\t\t\t\t\t\t\t\t<img fetchpriority=\"high\" decoding=\"async\" width=\"800\" height=\"533\" src=\"https:\/\/familienhoerbuch.de\/wp-content\/uploads\/2025\/03\/Familienhoerbuch-20250213-Lena-148.jpg\" class=\"attachment-large size-large wp-image-9872\" alt=\"\" srcset=\"https:\/\/familienhoerbuch.de\/wp-content\/uploads\/2025\/03\/Familienhoerbuch-20250213-Lena-148.jpg 800w, https:\/\/familienhoerbuch.de\/wp-content\/uploads\/2025\/03\/Familienhoerbuch-20250213-Lena-148-300x200.jpg 300w, https:\/\/familienhoerbuch.de\/wp-content\/uploads\/2025\/03\/Familienhoerbuch-20250213-Lena-148-768x512.jpg 768w\" sizes=\"(max-width: 800px) 100vw, 800px\" \/>\t\t\t\t\t\t\t\t\t\t\t\t\t\t\t<\/div>\n\t\t\t\t<\/div>\n\t\t\t\t<\/div>\n\t\t<div class=\"elementor-element elementor-element-23b0ed6 e-con-full e-flex e-con e-child\" data-id=\"23b0ed6\" data-element_type=\"container\" data-e-type=\"container\">\n\t\t\t\t<div class=\"elementor-element elementor-element-8ebd650 elementor-widget elementor-widget-image\" data-id=\"8ebd650\" data-element_type=\"widget\" data-e-type=\"widget\" data-widget_type=\"image.default\">\n\t\t\t\t<div class=\"elementor-widget-container\">\n\t\t\t\t\t\t\t\t\t\t\t\t\t\t\t\t<a href=\"https:\/\/familienhoerbuch.de\/wp-content\/uploads\/2025\/06\/prozess-v3-pfade-scaled.jpg\" data-elementor-open-lightbox=\"yes\" data-elementor-lightbox-title=\"prozess-v3-pfade\" data-e-action-hash=\"#elementor-action%3Aaction%3Dlightbox%26settings%3DeyJpZCI6MTA2MzgsInVybCI6Imh0dHBzOlwvXC9mYW1pbGllbmhvZXJidWNoLmRlXC93cC1jb250ZW50XC91cGxvYWRzXC8yMDI1XC8wNlwvcHJvemVzcy12My1wZmFkZS1zY2FsZWQuanBnIn0%3D\">\n\t\t\t\t\t\t\t<img decoding=\"async\" width=\"748\" height=\"1024\" src=\"https:\/\/familienhoerbuch.de\/wp-content\/uploads\/2025\/06\/prozess-v3-pfade-748x1024.jpg\" class=\"attachment-large size-large wp-image-10638\" alt=\"\" srcset=\"https:\/\/familienhoerbuch.de\/wp-content\/uploads\/2025\/06\/prozess-v3-pfade-748x1024.jpg 748w, https:\/\/familienhoerbuch.de\/wp-content\/uploads\/2025\/06\/prozess-v3-pfade-219x300.jpg 219w, https:\/\/familienhoerbuch.de\/wp-content\/uploads\/2025\/06\/prozess-v3-pfade-768x1051.jpg 768w, https:\/\/familienhoerbuch.de\/wp-content\/uploads\/2025\/06\/prozess-v3-pfade-1122x1536.jpg 1122w, https:\/\/familienhoerbuch.de\/wp-content\/uploads\/2025\/06\/prozess-v3-pfade-1496x2048.jpg 1496w, https:\/\/familienhoerbuch.de\/wp-content\/uploads\/2025\/06\/prozess-v3-pfade-scaled.jpg 1870w\" sizes=\"(max-width: 748px) 100vw, 748px\" \/>\t\t\t\t\t\t\t\t<\/a>\n\t\t\t\t\t\t\t\t\t\t\t\t\t\t\t<\/div>\n\t\t\t\t<\/div>\n\t\t\t\t<div class=\"elementor-element elementor-element-d05bfa5 elementor-hidden-tablet elementor-hidden-mobile elementor-icon-list--layout-traditional elementor-list-item-link-full_width elementor-widget elementor-widget-icon-list\" data-id=\"d05bfa5\" data-element_type=\"widget\" data-e-type=\"widget\" data-widget_type=\"icon-list.default\">\n\t\t\t\t<div class=\"elementor-widget-container\">\n\t\t\t\t\t\t\t<ul class=\"elementor-icon-list-items\">\n\t\t\t\t\t\t\t<li class=\"elementor-icon-list-item\">\n\t\t\t\t\t\t\t\t\t\t\t<a href=\"https:\/\/familienhoerbuch.de\/wp-content\/uploads\/2025\/06\/prozess-v3-pfade-scaled.jpg\">\n\n\t\t\t\t\t\t\t\t\t\t\t\t<span class=\"elementor-icon-list-icon\">\n\t\t\t\t\t\t\t<svg aria-hidden=\"true\" class=\"e-font-icon-svg e-fas-search-plus\" viewbox=\"0 0 512 512\" xmlns=\"http:\/\/www.w3.org\/2000\/svg\"><path d=\"M304 192v32c0 6.6-5.4 12-12 12h-56v56c0 6.6-5.4 12-12 12h-32c-6.6 0-12-5.4-12-12v-56h-56c-6.6 0-12-5.4-12-12v-32c0-6.6 5.4-12 12-12h56v-56c0-6.6 5.4-12 12-12h32c6.6 0 12 5.4 12 12v56h56c6.6 0 12 5.4 12 12zm201 284.7L476.7 505c-9.4 9.4-24.6 9.4-33.9 0L343 405.3c-4.5-4.5-7-10.6-7-17V372c-35.3 27.6-79.7 44-128 44C93.1 416 0 322.9 0 208S93.1 0 208 0s208 93.1 208 208c0 48.3-16.4 92.7-44 128h16.3c6.4 0 12.5 2.5 17 7l99.7 99.7c9.3 9.4 9.3 24.6 0 34zM344 208c0-75.2-60.8-136-136-136S72 132.8 72 208s60.8 136 136 136 136-60.8 136-136z\"><\/path><\/svg>\t\t\t\t\t\t<\/span>\n\t\t\t\t\t\t\t\t\t\t<span class=\"elementor-icon-list-text\"><i>Forst\u00f8r grafikken<\/i><\/span>\n\t\t\t\t\t\t\t\t\t\t\t<\/a>\n\t\t\t\t\t\t\t\t\t<\/li>\n\t\t\t\t\t\t<\/ul>\n\t\t\t\t\t\t<\/div>\n\t\t\t\t<\/div>\n\t\t\t\t<\/div>\n\t\t\t\t\t<\/div>\n\t\t\t\t<\/div>\n\t\t<div class=\"elementor-element elementor-element-05dd996 e-flex e-con-boxed e-con e-parent\" data-id=\"05dd996\" data-element_type=\"container\" data-e-type=\"container\" data-settings=\"{&quot;background_background&quot;:&quot;classic&quot;}\">\n\t\t\t\t\t<div class=\"e-con-inner\">\n\t\t<div class=\"elementor-element elementor-element-b54acf7 e-con-full e-flex e-con e-child\" data-id=\"b54acf7\" data-element_type=\"container\" data-e-type=\"container\">\n\t\t\t\t<div class=\"elementor-element elementor-element-12db218 elementor-widget elementor-widget-heading\" data-id=\"12db218\" data-element_type=\"widget\" data-e-type=\"widget\" data-widget_type=\"heading.default\">\n\t\t\t\t<div class=\"elementor-widget-container\">\n\t\t\t\t\t<h4 class=\"elementor-heading-title elementor-size-default\">Optagelse af en lydbog<\/h4>\t\t\t\t<\/div>\n\t\t\t\t<\/div>\n\t\t\t\t<\/div>\n\t\t\t\t\t<\/div>\n\t\t\t\t<\/div>\n\t\t<div class=\"elementor-element elementor-element-427b780 e-grid e-con-boxed e-con e-parent\" data-id=\"427b780\" data-element_type=\"container\" data-e-type=\"container\" data-settings=\"{&quot;background_background&quot;:&quot;classic&quot;}\">\n\t\t\t\t\t<div class=\"e-con-inner\">\n\t\t<div class=\"elementor-element elementor-element-b1ff47b e-con-full e-flex e-con e-child\" data-id=\"b1ff47b\" data-element_type=\"container\" data-e-type=\"container\">\n\t\t\t\t<div class=\"elementor-element elementor-element-0e11376 elementor-widget elementor-widget-text-editor\" data-id=\"0e11376\" data-element_type=\"widget\" data-e-type=\"widget\" data-widget_type=\"text-editor.default\">\n\t\t\t\t<div class=\"elementor-widget-container\">\n\t\t\t\t\t\t\t\t\t<p>Du modtager din f\u00e6rdige familie lydbog som lydfiler via en databeskyttet overf\u00f8rselstjeneste. Vi vil med gl\u00e6de r\u00e5dgive dig, hvis du ogs\u00e5 gerne vil g\u00f8re en haptisk gave \"ber\u00f8rbar\" fra den, som du kan aflevere til dine k\u00e6re.<\/p><p>Marcel har ogs\u00e5 indspillet en familie lydbog og beskriver i en podcast p\u00e5 BR sine erfaringer med forberedelsen til optagelserne og interviewsituationen:<\/p><p><a href=\"https:\/\/www.br.de\/mediathek\/podcast\/eltern-ohne-filter\/marcel-vater-sein-ueber-den-tod-hinaus\/1857212\" target=\"_blank\" rel=\"noopener\">Du kan lytte her \u00bb<\/a><\/p><p>Fra tid til anden udgiver vores projektdeltagere sm\u00e5 originale uddrag fra deres familielydb\u00f8ger, som kan tjene som eksempel for andre:<\/p><p><a href=\"https:\/\/www.instagram.com\/reel\/C52npoStMlu\/?utm_source=ig_web_copy_link&amp;igsh=MzRlODBiNWFlZA==\" target=\"_blank\" rel=\"noopener\"> Du kan lytte her \u00bb<\/a><\/p><p>Vi modtager ogs\u00e5 feedback efter optagelsesdagene:<\/p><p><a href=\"https:\/\/www.instagram.com\/reel\/C9tz8YeNN2K\/?utm_source=ig_web_copy_link&amp;igsh=MzRlODBiNWFlZA==\" target=\"_blank\" rel=\"noopener\">Du kan lytte her \u00bb<\/a><\/p>\t\t\t\t\t\t\t\t<\/div>\n\t\t\t\t<\/div>\n\t\t\t\t<\/div>\n\t\t<div class=\"elementor-element elementor-element-486b316 e-con-full e-flex e-con e-child\" data-id=\"486b316\" data-element_type=\"container\" data-e-type=\"container\">\n\t\t\t\t<div class=\"elementor-element elementor-element-277fb63 elementor-widget elementor-widget-text-editor\" data-id=\"277fb63\" data-element_type=\"widget\" data-e-type=\"widget\" data-widget_type=\"text-editor.default\">\n\t\t\t\t<div class=\"elementor-widget-container\">\n\t\t\t\t\t\t\t\t\t<p>Du fort\u00e6ller din livshistorie gradvist i individuelle kapitler, der er vigtige for dig. Erfarne journalister, der alle er certificerede lydbiografer, ledsager dig gennem dine minder.<\/p><p>Vi st\u00f8tter dig i forberedelsen. Du kan l\u00e6se historier for dine b\u00f8rn, synge sange, citere fra tidligere breve, udf\u00f8re digte eller medbringe lydmateriale fra dit liv (kassetteoptager \/ lydmateriale fra gamle ferievideoer eller lignende). Du v\u00e6lger stykker af musik, der er vigtige for dig, fort\u00e6lle om koncerter, film eller de foretrukne shows i din barndom. I slutningen af interviewfasen vil din lydbiograf arbejde sammen med dig for at udvikle en indholdsfortegnelse, et forord og et efterord, s\u00e5 de enkelte kapitler i din familie lydbog, som normalt varer flere timer, lettere kan v\u00e6lges.<\/p><p>Efter optagelserne producerer vi din lydbog med professionelle lyddesignere fra interviewet og lydmaterialet. Dette g\u00f8r din familie lydbog b\u00e5de et meget personligt dokument af dit liv, samt en lydbog med hverdagens, kulturelle og familie historier af vores tid.<\/p>\t\t\t\t\t\t\t\t<\/div>\n\t\t\t\t<\/div>\n\t\t\t\t<\/div>\n\t\t\t\t\t<\/div>\n\t\t\t\t<\/div>\n\t\t<div class=\"elementor-element elementor-element-887cbef e-flex e-con-boxed e-con e-parent\" data-id=\"887cbef\" data-element_type=\"container\" data-e-type=\"container\">\n\t\t\t\t\t<div class=\"e-con-inner\">\n\t\t<div class=\"elementor-element elementor-element-44653e9 e-con-full e-flex e-con e-child\" data-id=\"44653e9\" data-element_type=\"container\" data-e-type=\"container\">\n\t\t\t\t<div class=\"elementor-element elementor-element-8e7f3c4 elementor-widget elementor-widget-heading\" data-id=\"8e7f3c4\" data-element_type=\"widget\" data-e-type=\"widget\" data-widget_type=\"heading.default\">\n\t\t\t\t<div class=\"elementor-widget-container\">\n\t\t\t\t\t<h4 class=\"elementor-heading-title elementor-size-default\">Ofte stillede sp\u00f8rgsm\u00e5l<\/h4>\t\t\t\t<\/div>\n\t\t\t\t<\/div>\n\t\t\t\t<div class=\"elementor-element elementor-element-126e48a elementor-widget elementor-widget-accordion\" data-id=\"126e48a\" data-element_type=\"widget\" data-e-type=\"widget\" data-widget_type=\"accordion.default\">\n\t\t\t\t<div class=\"elementor-widget-container\">\n\t\t\t\t\t\t\t<div class=\"elementor-accordion\">\n\t\t\t\t\t\t\t<div class=\"elementor-accordion-item\">\n\t\t\t\t\t<div id=\"elementor-tab-title-1931\" class=\"elementor-tab-title\" data-tab=\"1\" role=\"button\" aria-controls=\"elementor-tab-content-1931\" aria-expanded=\"false\">\n\t\t\t\t\t\t\t\t\t\t\t\t\t<span class=\"elementor-accordion-icon elementor-accordion-icon-left\" aria-hidden=\"true\">\n\t\t\t\t\t\t\t\t\t\t\t\t\t\t\t<span class=\"elementor-accordion-icon-closed\"><svg class=\"e-font-icon-svg e-fas-plus\" viewbox=\"0 0 448 512\" xmlns=\"http:\/\/www.w3.org\/2000\/svg\"><path d=\"M416 208H272V64c0-17.67-14.33-32-32-32h-32c-17.67 0-32 14.33-32 32v144H32c-17.67 0-32 14.33-32 32v32c0 17.67 14.33 32 32 32h144v144c0 17.67 14.33 32 32 32h32c17.67 0 32-14.33 32-32V304h144c17.67 0 32-14.33 32-32v-32c0-17.67-14.33-32-32-32z\"><\/path><\/svg><\/span>\n\t\t\t\t\t\t\t\t<span class=\"elementor-accordion-icon-opened\"><svg class=\"e-font-icon-svg e-fas-minus\" viewbox=\"0 0 448 512\" xmlns=\"http:\/\/www.w3.org\/2000\/svg\"><path d=\"M416 208H32c-17.67 0-32 14.33-32 32v32c0 17.67 14.33 32 32 32h384c17.67 0 32-14.33 32-32v-32c0-17.67-14.33-32-32-32z\"><\/path><\/svg><\/span>\n\t\t\t\t\t\t\t\t\t\t\t\t\t\t<\/span>\n\t\t\t\t\t\t\t\t\t\t\t\t<a class=\"elementor-accordion-title\" tabindex=\"0\">Hvordan kan du optage en lydbog?<\/a>\n\t\t\t\t\t<\/div>\n\t\t\t\t\t<div id=\"elementor-tab-content-1931\" class=\"elementor-tab-content elementor-clearfix\" data-tab=\"1\" role=\"region\" aria-labelledby=\"elementor-tab-title-1931\"><p>M\u00f8dre og f\u00e6dre, der st\u00e5r over for en uhelbredelig sygdom og en livsforkortende diagnose og har mindre\u00e5rige b\u00f8rn, kan ans\u00f8ge om at deltage i lydbogsprojektet. Dette betyder dog ikke, at din sygdom allerede er meget fremskreden, eller at en massiv forringelse m\u00e5 forventes med det samme. Du er velkommen til at kontakte os, selvom du f\u00f8ler, at du stadig er meget stabil. Med dit meget personlige liv-H\u00d6R historie bringer du en dyrebar fremtidig gave til dine b\u00f8rn p\u00e5 vej.<\/p><p>Hvis du er interesseret i at optage en lydbog, skal du sende din anmodning direkte via e-mail til <a href=\"mailto:kontakt@familienhoerbuch.de\">kontakt@familienhoerbuch.de<\/a>.<\/p><p>Vi sender dig en \"basisformular\", som du skal udfylde og returnere til os s\u00e5 hurtigt som muligt. S\u00e5 snart vi er i kontakt med hinanden, starter vi med den indledende planl\u00e6gning af din familie lydbog.<\/p><\/div>\n\t\t\t\t<\/div>\n\t\t\t\t\t\t\t<div class=\"elementor-accordion-item\">\n\t\t\t\t\t<div id=\"elementor-tab-title-1932\" class=\"elementor-tab-title\" data-tab=\"2\" role=\"button\" aria-controls=\"elementor-tab-content-1932\" aria-expanded=\"false\">\n\t\t\t\t\t\t\t\t\t\t\t\t\t<span class=\"elementor-accordion-icon elementor-accordion-icon-left\" aria-hidden=\"true\">\n\t\t\t\t\t\t\t\t\t\t\t\t\t\t\t<span class=\"elementor-accordion-icon-closed\"><svg class=\"e-font-icon-svg e-fas-plus\" viewbox=\"0 0 448 512\" xmlns=\"http:\/\/www.w3.org\/2000\/svg\"><path d=\"M416 208H272V64c0-17.67-14.33-32-32-32h-32c-17.67 0-32 14.33-32 32v144H32c-17.67 0-32 14.33-32 32v32c0 17.67 14.33 32 32 32h144v144c0 17.67 14.33 32 32 32h32c17.67 0 32-14.33 32-32V304h144c17.67 0 32-14.33 32-32v-32c0-17.67-14.33-32-32-32z\"><\/path><\/svg><\/span>\n\t\t\t\t\t\t\t\t<span class=\"elementor-accordion-icon-opened\"><svg class=\"e-font-icon-svg e-fas-minus\" viewbox=\"0 0 448 512\" xmlns=\"http:\/\/www.w3.org\/2000\/svg\"><path d=\"M416 208H32c-17.67 0-32 14.33-32 32v32c0 17.67 14.33 32 32 32h384c17.67 0 32-14.33 32-32v-32c0-17.67-14.33-32-32-32z\"><\/path><\/svg><\/span>\n\t\t\t\t\t\t\t\t\t\t\t\t\t\t<\/span>\n\t\t\t\t\t\t\t\t\t\t\t\t<a class=\"elementor-accordion-title\" tabindex=\"0\">Hvad koster det at optage en lydbog?<\/a>\n\t\t\t\t\t<\/div>\n\t\t\t\t\t<div id=\"elementor-tab-content-1932\" class=\"elementor-tab-content elementor-clearfix\" data-tab=\"2\" role=\"region\" aria-labelledby=\"elementor-tab-title-1932\"><p>Familiens lydb\u00f8ger er gratis for familier, der st\u00e5r over for en livsforkortende diagnose.<\/p><p>Ingen beh\u00f8ver at medbringe egne ressourcer til \"hans familie lydbog\", fordi sl\u00e6gtninge eller venner af tidligere deltagere allerede har indsamlet donationer og stillet dem til r\u00e5dighed for Familienh\u00f6rbuch gGmbH for deres arbejde. Men for at sikre fremtidige produktioner og tilbyde andre ber\u00f8rte personer mulighed for at optage en gratis lydbog, beder vi alle deltagere og deres familier, sl\u00e6gtninge og venner om ogs\u00e5 at indsamle donationer.<\/p><p>Har du erfaring med donationer eller kampagner? Ikke noget problem! Vi tager dig ved h\u00e5nden og st\u00e5r ved din side. Kontakt vores indsamlingsteam: <a href=\"mailto:spenden@familienhoerbuch.de\">spenden@familienhoerbuch.de<\/a>.<\/p><\/div>\n\t\t\t\t<\/div>\n\t\t\t\t\t\t\t<div class=\"elementor-accordion-item\">\n\t\t\t\t\t<div id=\"elementor-tab-title-1933\" class=\"elementor-tab-title\" data-tab=\"3\" role=\"button\" aria-controls=\"elementor-tab-content-1933\" aria-expanded=\"false\">\n\t\t\t\t\t\t\t\t\t\t\t\t\t<span class=\"elementor-accordion-icon elementor-accordion-icon-left\" aria-hidden=\"true\">\n\t\t\t\t\t\t\t\t\t\t\t\t\t\t\t<span class=\"elementor-accordion-icon-closed\"><svg class=\"e-font-icon-svg e-fas-plus\" viewbox=\"0 0 448 512\" xmlns=\"http:\/\/www.w3.org\/2000\/svg\"><path d=\"M416 208H272V64c0-17.67-14.33-32-32-32h-32c-17.67 0-32 14.33-32 32v144H32c-17.67 0-32 14.33-32 32v32c0 17.67 14.33 32 32 32h144v144c0 17.67 14.33 32 32 32h32c17.67 0 32-14.33 32-32V304h144c17.67 0 32-14.33 32-32v-32c0-17.67-14.33-32-32-32z\"><\/path><\/svg><\/span>\n\t\t\t\t\t\t\t\t<span class=\"elementor-accordion-icon-opened\"><svg class=\"e-font-icon-svg e-fas-minus\" viewbox=\"0 0 448 512\" xmlns=\"http:\/\/www.w3.org\/2000\/svg\"><path d=\"M416 208H32c-17.67 0-32 14.33-32 32v32c0 17.67 14.33 32 32 32h384c17.67 0 32-14.33 32-32v-32c0-17.67-14.33-32-32-32z\"><\/path><\/svg><\/span>\n\t\t\t\t\t\t\t\t\t\t\t\t\t\t<\/span>\n\t\t\t\t\t\t\t\t\t\t\t\t<a class=\"elementor-accordion-title\" tabindex=\"0\">Hvor lang tid tager det at optage en lydbog?<\/a>\n\t\t\t\t\t<\/div>\n\t\t\t\t\t<div id=\"elementor-tab-content-1933\" class=\"elementor-tab-content elementor-clearfix\" data-tab=\"3\" role=\"region\" aria-labelledby=\"elementor-tab-title-1933\"><p>Uanset om det er tre hele dage eller seks halve dage \u2013 online eller i et direkte m\u00f8de \u2013 vil vi r\u00e5dgive dig og samarbejde med dig om at finde det rigtige sted og tidspunkt.<\/p><p>Vi kan planl\u00e6gge en passende tid til interviewene under dine omst\u00e6ndigheder og optage lydoptagelserne i optagelsesstudiet, men ogs\u00e5 p\u00e5 hospitalet, hospice eller hjemme, hvis dine styrker ikke l\u00e6ngere tillader interviews, der varer flere timer. Og hvis det er for kedeligt derhjemme, og du ikke har ro i sindet, finder vi ogs\u00e5 en l\u00f8sning p\u00e5 det.<\/p><\/div>\n\t\t\t\t<\/div>\n\t\t\t\t\t\t\t<div class=\"elementor-accordion-item\">\n\t\t\t\t\t<div id=\"elementor-tab-title-1934\" class=\"elementor-tab-title\" data-tab=\"4\" role=\"button\" aria-controls=\"elementor-tab-content-1934\" aria-expanded=\"false\">\n\t\t\t\t\t\t\t\t\t\t\t\t\t<span class=\"elementor-accordion-icon elementor-accordion-icon-left\" aria-hidden=\"true\">\n\t\t\t\t\t\t\t\t\t\t\t\t\t\t\t<span class=\"elementor-accordion-icon-closed\"><svg class=\"e-font-icon-svg e-fas-plus\" viewbox=\"0 0 448 512\" xmlns=\"http:\/\/www.w3.org\/2000\/svg\"><path d=\"M416 208H272V64c0-17.67-14.33-32-32-32h-32c-17.67 0-32 14.33-32 32v144H32c-17.67 0-32 14.33-32 32v32c0 17.67 14.33 32 32 32h144v144c0 17.67 14.33 32 32 32h32c17.67 0 32-14.33 32-32V304h144c17.67 0 32-14.33 32-32v-32c0-17.67-14.33-32-32-32z\"><\/path><\/svg><\/span>\n\t\t\t\t\t\t\t\t<span class=\"elementor-accordion-icon-opened\"><svg class=\"e-font-icon-svg e-fas-minus\" viewbox=\"0 0 448 512\" xmlns=\"http:\/\/www.w3.org\/2000\/svg\"><path d=\"M416 208H32c-17.67 0-32 14.33-32 32v32c0 17.67 14.33 32 32 32h384c17.67 0 32-14.33 32-32v-32c0-17.67-14.33-32-32-32z\"><\/path><\/svg><\/span>\n\t\t\t\t\t\t\t\t\t\t\t\t\t\t<\/span>\n\t\t\t\t\t\t\t\t\t\t\t\t<a class=\"elementor-accordion-title\" tabindex=\"0\">Hvem fort\u00e6ller du dit liv til?<\/a>\n\t\t\t\t\t<\/div>\n\t\t\t\t\t<div id=\"elementor-tab-content-1934\" class=\"elementor-tab-content elementor-clearfix\" data-tab=\"4\" role=\"region\" aria-labelledby=\"elementor-tab-title-1934\"><p>Vores audiobiografer er professionelle journalister, der er blevet uddannet p\u00e5 Academy of Palliative Medicine i Bonn under ledelse af professor Radbruch, direkt\u00f8r for Palliative Care Clinic Bonn, og Judith Gr\u00fcmmer. I mellemtiden er der blevet dannet et tysk netv\u00e6rk af lydbiografer, som muligg\u00f8r en h\u00f8j grad af tidsm\u00e6ssig og rumlig fleksibilitet.<\/p><p>Vores lyddesignere, som derefter forbereder dine optagelser og musikalsk ringere, er ogs\u00e5 l\u00f8bende uddannet og er opm\u00e6rksomme p\u00e5 det store ansvar for deres opgave.<\/p><\/div>\n\t\t\t\t<\/div>\n\t\t\t\t\t\t\t<div class=\"elementor-accordion-item\">\n\t\t\t\t\t<div id=\"elementor-tab-title-1935\" class=\"elementor-tab-title\" data-tab=\"5\" role=\"button\" aria-controls=\"elementor-tab-content-1935\" aria-expanded=\"false\">\n\t\t\t\t\t\t\t\t\t\t\t\t\t<span class=\"elementor-accordion-icon elementor-accordion-icon-left\" aria-hidden=\"true\">\n\t\t\t\t\t\t\t\t\t\t\t\t\t\t\t<span class=\"elementor-accordion-icon-closed\"><svg class=\"e-font-icon-svg e-fas-plus\" viewbox=\"0 0 448 512\" xmlns=\"http:\/\/www.w3.org\/2000\/svg\"><path d=\"M416 208H272V64c0-17.67-14.33-32-32-32h-32c-17.67 0-32 14.33-32 32v144H32c-17.67 0-32 14.33-32 32v32c0 17.67 14.33 32 32 32h144v144c0 17.67 14.33 32 32 32h32c17.67 0 32-14.33 32-32V304h144c17.67 0 32-14.33 32-32v-32c0-17.67-14.33-32-32-32z\"><\/path><\/svg><\/span>\n\t\t\t\t\t\t\t\t<span class=\"elementor-accordion-icon-opened\"><svg class=\"e-font-icon-svg e-fas-minus\" viewbox=\"0 0 448 512\" xmlns=\"http:\/\/www.w3.org\/2000\/svg\"><path d=\"M416 208H32c-17.67 0-32 14.33-32 32v32c0 17.67 14.33 32 32 32h384c17.67 0 32-14.33 32-32v-32c0-17.67-14.33-32-32-32z\"><\/path><\/svg><\/span>\n\t\t\t\t\t\t\t\t\t\t\t\t\t\t<\/span>\n\t\t\t\t\t\t\t\t\t\t\t\t<a class=\"elementor-accordion-title\" tabindex=\"0\">Psykologisk akkompagnement ved optagelse af en lydbog <\/a>\n\t\t\t\t\t<\/div>\n\t\t\t\t\t<div id=\"elementor-tab-content-1935\" class=\"elementor-tab-content elementor-clearfix\" data-tab=\"5\" role=\"region\" aria-labelledby=\"elementor-tab-title-1935\"><p>Deltagerne i projektet vil f\u00e5 en psykologisk kriseintervention i l\u00f8bet af projektets varighed. Dette sikrer, at du har en professionel kontaktperson ved din side under projektarbejdet, som kompetent kan besvare dine sp\u00f8rgsm\u00e5l og bekymringer om audiobiografi og kommunikation i familien.<\/p><\/div>\n\t\t\t\t<\/div>\n\t\t\t\t\t\t\t\t<\/div>\n\t\t\t\t\t\t<\/div>\n\t\t\t\t<\/div>\n\t\t\t\t<\/div>\n\t\t\t\t\t<\/div>\n\t\t\t\t<\/div>\n\t\t\t\t<\/div>","protected":false},"excerpt":{"rendered":"<p>Ihr Weg zum eigenen H\u00f6rbuch Jede Lebensgeschichte ist es wert erz\u00e4hlt und hinterlassen zu werden. Deshalb erstellen wir die Biografien von unheilbar Erkrankten f\u00fcr die Ewigkeit als Zukunftsgeschenk. Die Erz\u00e4hlungen werden mit modernsten Techniken des Audiojournalismus dramaturgisch gestaltet (spezieller Aufbau\/Struktur\/Bearbeitung). Nach dem Tod eines Elternteils unterst\u00fctzen die H\u00f6rb\u00fccher die hinterbliebene Familie, vor allem die Kinder, [&hellip;]<\/p>","protected":false},"author":1,"featured_media":0,"parent":0,"menu_order":0,"comment_status":"closed","ping_status":"closed","template":"","meta":{"_acf_changed":false,"footnotes":""},"class_list":["post-82","page","type-page","status-publish","hentry"],"acf":[],"_links":{"self":[{"href":"https:\/\/familienhoerbuch.de\/da\/wp-json\/wp\/v2\/pages\/82","targetHints":{"allow":["GET"]}}],"collection":[{"href":"https:\/\/familienhoerbuch.de\/da\/wp-json\/wp\/v2\/pages"}],"about":[{"href":"https:\/\/familienhoerbuch.de\/da\/wp-json\/wp\/v2\/types\/page"}],"author":[{"embeddable":true,"href":"https:\/\/familienhoerbuch.de\/da\/wp-json\/wp\/v2\/users\/1"}],"replies":[{"embeddable":true,"href":"https:\/\/familienhoerbuch.de\/da\/wp-json\/wp\/v2\/comments?post=82"}],"version-history":[{"count":0,"href":"https:\/\/familienhoerbuch.de\/da\/wp-json\/wp\/v2\/pages\/82\/revisions"}],"wp:attachment":[{"href":"https:\/\/familienhoerbuch.de\/da\/wp-json\/wp\/v2\/media?parent=82"}],"curies":[{"name":"wp","href":"https:\/\/api.w.org\/{rel}","templated":true}]}}