{"id":356,"date":"2024-09-06T14:08:52","date_gmt":"2024-09-06T12:08:52","guid":{"rendered":"https:\/\/websplash.familienhoerbuch.de\/?page_id=356"},"modified":"2025-09-01T15:00:24","modified_gmt":"2025-09-01T13:00:24","slug":"datenschutz","status":"publish","type":"page","link":"https:\/\/familienhoerbuch.de\/da\/datenschutz\/","title":{"rendered":"privatliv"},"content":{"rendered":"<div data-elementor-type=\"wp-page\" data-elementor-id=\"356\" class=\"elementor elementor-356\" data-elementor-post-type=\"page\">\n\t\t\t\t<div class=\"elementor-element elementor-element-103a542 e-flex e-con-boxed e-con e-parent\" data-id=\"103a542\" data-element_type=\"container\" data-e-type=\"container\">\n\t\t\t\t\t<div class=\"e-con-inner\">\n\t\t\t\t<div class=\"elementor-element elementor-element-c8ab292 elementor-widget elementor-widget-heading\" data-id=\"c8ab292\" data-element_type=\"widget\" data-e-type=\"widget\" data-widget_type=\"heading.default\">\n\t\t\t\t<div class=\"elementor-widget-container\">\n\t\t\t\t\t<h5 class=\"elementor-heading-title elementor-size-default\">privatliv<\/h5>\t\t\t\t<\/div>\n\t\t\t\t<\/div>\n\t\t\t\t<div class=\"elementor-element elementor-element-d3b127a elementor-widget elementor-widget-heading\" data-id=\"d3b127a\" data-element_type=\"widget\" data-e-type=\"widget\" data-widget_type=\"heading.default\">\n\t\t\t\t<div class=\"elementor-widget-container\">\n\t\t\t\t\t<h5 class=\"elementor-heading-title elementor-size-default\">Ansvarligt organ<\/h5>\t\t\t\t<\/div>\n\t\t\t\t<\/div>\n\t\t\t\t<div class=\"elementor-element elementor-element-f547ff9 elementor-widget elementor-widget-text-editor\" data-id=\"f547ff9\" data-element_type=\"widget\" data-e-type=\"widget\" data-widget_type=\"text-editor.default\">\n\t\t\t\t<div class=\"elementor-widget-container\">\n\t\t\t\t\t\t\t\t\t<p>Familie lydbog gGmbH<br \/>Oberl\u00e4nder-muren 24<br \/>50678 K\u00f6ln, Tyskland<\/p>\t\t\t\t\t\t\t\t<\/div>\n\t\t\t\t<\/div>\n\t\t\t\t<div class=\"elementor-element elementor-element-dcb2735 elementor-widget elementor-widget-heading\" data-id=\"dcb2735\" data-element_type=\"widget\" data-e-type=\"widget\" data-widget_type=\"heading.default\">\n\t\t\t\t<div class=\"elementor-widget-container\">\n\t\t\t\t\t<h5 class=\"elementor-heading-title elementor-size-default\">Databeskyttelsesr\u00e5dgiver<\/h5>\t\t\t\t<\/div>\n\t\t\t\t<\/div>\n\t\t\t\t<div class=\"elementor-element elementor-element-4d091a4 elementor-widget elementor-widget-text-editor\" data-id=\"4d091a4\" data-element_type=\"widget\" data-e-type=\"widget\" data-widget_type=\"text-editor.default\">\n\t\t\t\t<div class=\"elementor-widget-container\">\n\t\t\t\t\t\t\t\t\t<p>Christopher Schroer<br \/>F\u00f8rstebyte digital r\u00e5dgivning e.K.<\/p>\t\t\t\t\t\t\t\t<\/div>\n\t\t\t\t<\/div>\n\t\t\t\t<div class=\"elementor-element elementor-element-94b4818 elementor-widget elementor-widget-heading\" data-id=\"94b4818\" data-element_type=\"widget\" data-e-type=\"widget\" data-widget_type=\"heading.default\">\n\t\t\t\t<div class=\"elementor-widget-container\">\n\t\t\t\t\t<h5 class=\"elementor-heading-title elementor-size-default\">privatliv<\/h5>\t\t\t\t<\/div>\n\t\t\t\t<\/div>\n\t\t\t\t<div class=\"elementor-element elementor-element-d48c74c elementor-widget elementor-widget-text-editor\" data-id=\"d48c74c\" data-element_type=\"widget\" data-e-type=\"widget\" data-widget_type=\"text-editor.default\">\n\t\t\t\t<div class=\"elementor-widget-container\">\n\t\t\t\t\t\t\t\t\t<p>Familienh\u00f6rbuch gGmbH tager beskyttelsen af dine personoplysninger meget alvorligt. Vi behandler dine personoplysninger fortroligt og i overensstemmelse med de lovbestemte databeskyttelsesbestemmelser og disse databeskyttelsesoplysninger.<\/p><p>Brugen af vores hjemmeside er normalt mulig uden at give personlige data. S\u00e5fremt der indsamles personoplysninger (f.eks. navn, adresse eller e-mailadresser) p\u00e5 disse sider, sker dette s\u00e5 vidt muligt altid p\u00e5 frivillig basis. Disse data vil aldrig blive videregivet til tredjepart uden dit udtrykkelige samtykke. Vi vil gerne p\u00e5pege, at dataoverf\u00f8rsel p\u00e5 internettet (f.eks. ved kommunikation via e-mail) kan have sikkerhedshuller. En fuldst\u00e6ndig beskyttelse af dataene mod tredjemands adgang er ikke mulig.<\/p>\t\t\t\t\t\t\t\t<\/div>\n\t\t\t\t<\/div>\n\t\t\t\t<div class=\"elementor-element elementor-element-4c1853b elementor-widget elementor-widget-heading\" data-id=\"4c1853b\" data-element_type=\"widget\" data-e-type=\"widget\" data-widget_type=\"heading.default\">\n\t\t\t\t<div class=\"elementor-widget-container\">\n\t\t\t\t\t<h5 class=\"elementor-heading-title elementor-size-default\">Serverlogfiler<\/h5>\t\t\t\t<\/div>\n\t\t\t\t<\/div>\n\t\t\t\t<div class=\"elementor-element elementor-element-9718884 elementor-widget elementor-widget-text-editor\" data-id=\"9718884\" data-element_type=\"widget\" data-e-type=\"widget\" data-widget_type=\"text-editor.default\">\n\t\t\t\t<div class=\"elementor-widget-container\">\n\t\t\t\t\t\t\t\t\t<p>Vores udbyder (dogado GmbH) indsamler og gemmer automatisk oplysninger i s\u00e5kaldte serverlogfiler, som din browser automatisk sender til dem. Det drejer sig om:<\/p><ul><li>Kundedom\u00e6ne<\/li><li>Anonymiseret klient-IP<\/li><li>Tidsstempel<\/li><li>Anmodningslinje<\/li><li>Statuskode<\/li><li>Responsorganernes st\u00f8rrelse<\/li><li>Referrer sendt af klienten<\/li><li>Brugeragent sendt af klienten<\/li><li>Fjernbruger<\/li><\/ul><p><br \/>Disse oplysninger m\u00e5 ikke stilles til r\u00e5dighed for bestemte personer. Disse data flettes ikke sammen med andre datakilder. Vi forbeholder os ret til at kontrollere disse data med tilbagevirkende kraft, hvis vi bliver opm\u00e6rksomme p\u00e5 konkrete tegn p\u00e5 ulovlig brug.<\/p><p>Disse data indsamles og behandles for at sikre, at webstedet fungerer korrekt, og udg\u00f8r dermed den legitime interesse i henhold til artikel 6, stk. 1, litra f).<\/p>\t\t\t\t\t\t\t\t<\/div>\n\t\t\t\t<\/div>\n\t\t\t\t<div class=\"elementor-element elementor-element-e9e5618 elementor-widget elementor-widget-heading\" data-id=\"e9e5618\" data-element_type=\"widget\" data-e-type=\"widget\" data-widget_type=\"heading.default\">\n\t\t\t\t<div class=\"elementor-widget-container\">\n\t\t\t\t\t<h5 class=\"elementor-heading-title elementor-size-default\">Kontaktformular<\/h5>\t\t\t\t<\/div>\n\t\t\t\t<\/div>\n\t\t\t\t<div class=\"elementor-element elementor-element-16f3b4a elementor-widget elementor-widget-text-editor\" data-id=\"16f3b4a\" data-element_type=\"widget\" data-e-type=\"widget\" data-widget_type=\"text-editor.default\">\n\t\t\t\t<div class=\"elementor-widget-container\">\n\t\t\t\t\t\t\t\t\t<p>Hvis du sender os foresp\u00f8rgsler via kontaktformularen, vil dine oplysninger fra foresp\u00f8rgselsformularen, herunder de kontaktoplysninger, du giver der, blive gemt af os med henblik p\u00e5 behandling af foresp\u00f8rgslen og i tilf\u00e6lde af opf\u00f8lgende sp\u00f8rgsm\u00e5l. Vi videregiver ikke disse data uden dit samtykke. Retsgrundlag: Artikel 6, stk. 1, litra a), i GDPR.<\/p>\t\t\t\t\t\t\t\t<\/div>\n\t\t\t\t<\/div>\n\t\t\t\t<div class=\"elementor-element elementor-element-22b93cf elementor-widget elementor-widget-heading\" data-id=\"22b93cf\" data-element_type=\"widget\" data-e-type=\"widget\" data-widget_type=\"heading.default\">\n\t\t\t\t<div class=\"elementor-widget-container\">\n\t\t\t\t\t<h5 class=\"elementor-heading-title elementor-size-default\">Brug af knapper til sociale medier<\/h5>\t\t\t\t<\/div>\n\t\t\t\t<\/div>\n\t\t\t\t<div class=\"elementor-element elementor-element-461cb75 elementor-widget elementor-widget-text-editor\" data-id=\"461cb75\" data-element_type=\"widget\" data-e-type=\"widget\" data-widget_type=\"text-editor.default\">\n\t\t\t\t<div class=\"elementor-widget-container\">\n\t\t\t\t\t\t\t\t\t<p>P\u00e5 vores hjemmeside \u00f8nsker vi at undg\u00e5 en omfattende registrering og evaluering af dit bes\u00f8g af udbydere af sociale netv\u00e6rk \/ delingsfunktioner i sociale netv\u00e6rk. Til dette form\u00e5l udskifter vi de s\u00e6dvanlige knapper p\u00e5 de sociale netv\u00e6rk og beskytter dermed din brugsadf\u00e6rd. Knapperne p\u00e5 de sociale netv\u00e6rk, der er anf\u00f8rt nedenfor, er kun integreret i vores hjemmeside som grafik. Grafikken indeholder et link til det tilsvarende sociale netv\u00e6rk.<br>P\u00e5 vores hjemmeside integrerer vi f\u00f8lgende sociale netv\u00e6rk via link:<br>Facebook (Facebook, Inc., 1601 S. California Ave, Palo Alto, CA 94304, USA)<br>Instagram (Instagram LLC, repr\u00e6senteret ved Kevin Systrom og Mike Krieger, 1601 Willow Rd, Menlo Park CA 94025, USA)<br>YouTube (YouTube LLC, 901 Cherry Ave., San Bruno, CA 94066, USA)<br>Form\u00e5let med og omfanget af dataindsamlingen og den videre behandling og brug af dataene af udbyderne p\u00e5 deres sider samt dine rettigheder i denne henseende og indstillingsmuligheder for beskyttelse af dit privatliv kan findes i udbydernes databeskyttelsesoplysninger.<\/p>\n<ul>\n<li><a href=\"http:\/\/www.facebook.com\/policy.php\" target=\"_blank\" rel=\"noopener\">Facebook<\/a><\/li>\n<li><a href=\"https:\/\/help.instagram.com\/155833707900388\/?helpref=hc_fnav&amp;bc[0]=Instagram-Hilfe&amp;bc[1]=Datenschutz%20und%20Sicherheitsbereich\" target=\"_blank\" rel=\"noopener\">Instagram<\/a><\/li>\n<li><a href=\"https:\/\/policies.google.com\/privacy\" target=\"_blank\" rel=\"noopener\">Google<\/a><\/li>\n<\/ul>\n<p>(Googles privatlivspolitik g\u00e6lder ogs\u00e5 for YouTube)<\/p>\t\t\t\t\t\t\t\t<\/div>\n\t\t\t\t<\/div>\n\t\t\t\t<div class=\"elementor-element elementor-element-ca63f7d elementor-widget elementor-widget-heading\" data-id=\"ca63f7d\" data-element_type=\"widget\" data-e-type=\"widget\" data-widget_type=\"heading.default\">\n\t\t\t\t<div class=\"elementor-widget-container\">\n\t\t\t\t\t<h5 class=\"elementor-heading-title elementor-size-default\">nyhedsbreve<\/h5>\t\t\t\t<\/div>\n\t\t\t\t<\/div>\n\t\t\t\t<div class=\"elementor-element elementor-element-6d3e155 elementor-widget elementor-widget-text-editor\" data-id=\"6d3e155\" data-element_type=\"widget\" data-e-type=\"widget\" data-widget_type=\"text-editor.default\">\n\t\t\t\t<div class=\"elementor-widget-container\">\n\t\t\t\t\t\t\t\t\t<p>Vi bruger listeudbyderen MailChimp til vores nyhedsbrev. MailChimp er et tilbud af The Rocket Science Group, LLC, 512 Means Street, Ste 404 Atlanta, GA 30318.<br \/>MailChimp tilbyder omfattende analyse af, hvordan vores e-mails \u00e5bnes og bruges. Yderligere oplysninger om MailChimp og databeskyttelse hos MailChimp findes p\u00e5: <a href=\"https:\/\/mailchimp.com\/legal\/privacy\/\">her<\/a>.<\/p><p>Du kan til enhver tid tilbagekalde dit samtykke til brugen af din e-mail-adresse i Mailchimp. Tilbagekaldelsen kan ske via et link i selve e-mailen.<\/p>\t\t\t\t\t\t\t\t<\/div>\n\t\t\t\t<\/div>\n\t\t\t\t<div class=\"elementor-element elementor-element-4e73ceb elementor-widget elementor-widget-heading\" data-id=\"4e73ceb\" data-element_type=\"widget\" data-e-type=\"widget\" data-widget_type=\"heading.default\">\n\t\t\t\t<div class=\"elementor-widget-container\">\n\t\t\t\t\t<h5 class=\"elementor-heading-title elementor-size-default\">Dine rettigheder som registreret<\/h5>\t\t\t\t<\/div>\n\t\t\t\t<\/div>\n\t\t\t\t<div class=\"elementor-element elementor-element-02cebf2 elementor-widget elementor-widget-text-editor\" data-id=\"02cebf2\" data-element_type=\"widget\" data-e-type=\"widget\" data-widget_type=\"text-editor.default\">\n\t\t\t\t<div class=\"elementor-widget-container\">\n\t\t\t\t\t\t\t\t\t<p>Vi gemmer de data, der er indhentet via vores hjemmeside, i en periode p\u00e5 h\u00f8jst 24 m\u00e5neder. Derefter slettes de automatisk.<\/p><p>Du har ret til at f\u00e5 oplyst, om og hvordan vi har behandlet personoplysninger om dig (artikel 15 i GDPR). Du har ogs\u00e5 ret til at rette forkerte oplysninger (artikel 16 i GDPR), ret til sletning (\"retten til at blive glemt\") af dine oplysninger (artikel 17 i GDPR), ret til begr\u00e6nsning af behandling (artikel 18 i GDPR) og ret til dataportabilitet (artikel 20 i GDPR).<\/p><p>I tilf\u00e6lde af berigtigelse, begr\u00e6nsning eller sletning vil vi informere dig om de modtagere, som personoplysningerne er blevet videregivet til, om ud\u00f8velsen af din ret i henhold til artikel 15-18 i GDPR. Vi er ogs\u00e5 glade for at informere dig om modtagerne i overensstemmelse med artikel 19 GDPR.<\/p><p>Derudover har du ret til dataportabilitet (artikel 20 i GDPR), dvs. du modtager data fra os, som du har givet os i et struktureret, almindeligt og maskinl\u00e6sbart format.<\/p>\t\t\t\t\t\t\t\t<\/div>\n\t\t\t\t<\/div>\n\t\t\t\t<div class=\"elementor-element elementor-element-77e1205 elementor-widget elementor-widget-heading\" data-id=\"77e1205\" data-element_type=\"widget\" data-e-type=\"widget\" data-widget_type=\"heading.default\">\n\t\t\t\t<div class=\"elementor-widget-container\">\n\t\t\t\t\t<h5 class=\"elementor-heading-title elementor-size-default\">Klageadgang og klageinstans<\/h5>\t\t\t\t<\/div>\n\t\t\t\t<\/div>\n\t\t\t\t<div class=\"elementor-element elementor-element-f0fd6a2 elementor-widget elementor-widget-text-editor\" data-id=\"f0fd6a2\" data-element_type=\"widget\" data-e-type=\"widget\" data-widget_type=\"text-editor.default\">\n\t\t\t\t<div class=\"elementor-widget-container\">\n\t\t\t\t\t\t\t\t\t<p>I tilf\u00e6lde af brud p\u00e5 databeskyttelsen har du ret til at indgive en klage til den kompetente tilsynsmyndighed. Den kompetente tilsynsmyndighed i databeskyttelsesretlige sp\u00f8rgsm\u00e5l er:<\/p><p>Statskommiss\u00e6r for databeskyttelse<br \/>og informationsfrihed Nordrhein-Westfalen<br \/>Kavalleriestr. 2-4<br \/>40213 D\u00fcsseldorf<br \/>Telefon 02 11 \/ 3 84 24-0<br \/>Fax 0211 \/ 3 84 24-10<br \/><a href=\"mailto:poststelle@ldi.nrw.de\">poststelle@ldi.nrw.de<\/a><\/p><p>Det st\u00e5r dig naturligvis frit for at indgive din klage til en hvilken som helst <a href=\"https:\/\/firstbyte.digital\/aufsichtsbehoerden\/\">anden tilsynsmyndighed<\/a> til at d\u00f8mme.<\/p>\t\t\t\t\t\t\t\t<\/div>\n\t\t\t\t<\/div>\n\t\t\t\t<div class=\"elementor-element elementor-element-2f3d224 elementor-widget elementor-widget-heading\" data-id=\"2f3d224\" data-element_type=\"widget\" data-e-type=\"widget\" data-widget_type=\"heading.default\">\n\t\t\t\t<div class=\"elementor-widget-container\">\n\t\t\t\t\t<h5 class=\"elementor-heading-title elementor-size-default\">Din ret til indsigelse<\/h5>\t\t\t\t<\/div>\n\t\t\t\t<\/div>\n\t\t\t\t<div class=\"elementor-element elementor-element-2f08103 elementor-widget elementor-widget-text-editor\" data-id=\"2f08103\" data-element_type=\"widget\" data-e-type=\"widget\" data-widget_type=\"text-editor.default\">\n\t\t\t\t<div class=\"elementor-widget-container\">\n\t\t\t\t\t\t\t\t\t<p>Vi vil ogs\u00e5 gerne p\u00e5pege, at du til enhver tid kan g\u00f8re indsigelse mod den fremtidige behandling af dine personoplysninger i overensstemmelse med de juridiske krav i henhold til artikel 21 i GDPR. Der kan navnlig g\u00f8res indsigelse mod behandlingen med henblik p\u00e5 direkte markedsf\u00f8ring.<\/p>\t\t\t\t\t\t\t\t<\/div>\n\t\t\t\t<\/div>\n\t\t\t\t<div class=\"elementor-element elementor-element-39f275d elementor-widget elementor-widget-heading\" data-id=\"39f275d\" data-element_type=\"widget\" data-e-type=\"widget\" data-widget_type=\"heading.default\">\n\t\t\t\t<div class=\"elementor-widget-container\">\n\t\t\t\t\t<h5 class=\"elementor-heading-title elementor-size-default\">Vores indsigelse mod reklame-e-mails<\/h5>\t\t\t\t<\/div>\n\t\t\t\t<\/div>\n\t\t\t\t<div class=\"elementor-element elementor-element-df69086 elementor-widget elementor-widget-text-editor\" data-id=\"df69086\" data-element_type=\"widget\" data-e-type=\"widget\" data-widget_type=\"text-editor.default\">\n\t\t\t\t<div class=\"elementor-widget-container\">\n\t\t\t\t\t\t\t\t\t<p>Brugen af i forbindelse med <a href=\"https:\/\/familienhoerbuch.de\/da\/impressum\/\">Forpligtelse til aftryk<\/a> Offentliggjorte kontaktoplysninger for afsendelse af uopfordret reklame- og informationsmateriale g\u00f8res hermed indsigelse mod. Vi forbeholder os udtrykkeligt ret til at tage retslige skridt i tilf\u00e6lde af uopfordret afsendelse af reklameoplysninger, s\u00e5som spam e-mails.<\/p><p>Status for disse databeskyttelsesoplysninger: 01.02.2023<\/p>\t\t\t\t\t\t\t\t<\/div>\n\t\t\t\t<\/div>\n\t\t\t\t<div class=\"elementor-element elementor-element-8cd2314 elementor-widget elementor-widget-heading\" data-id=\"8cd2314\" data-element_type=\"widget\" data-e-type=\"widget\" data-widget_type=\"heading.default\">\n\t\t\t\t<div class=\"elementor-widget-container\">\n\t\t\t\t\t<h5 class=\"elementor-heading-title elementor-size-default\">Sporing af brugerdata<\/h5>\t\t\t\t<\/div>\n\t\t\t\t<\/div>\n\t\t\t\t<div class=\"elementor-element elementor-element-02fa5bf elementor-widget elementor-widget-text-editor\" data-id=\"02fa5bf\" data-element_type=\"widget\" data-e-type=\"widget\" data-widget_type=\"text-editor.default\">\n\t\t\t\t<div class=\"elementor-widget-container\">\n\t\t\t\t\t\t\t\t\t<p>Vores hjemmeside bruger Matomo, en privatlivsvenlig webanalyseplatform, der hostes p\u00e5 vores server. Din IP-adresse er anonymiseret, og dataene bruges udelukkende til optimering af vores hjemmeside. Du kan til enhver tid g\u00f8re indsigelse mod indsamlingen af dine data ved at bruge fravalgsfunktionen nedenfor:<\/p>\t\t\t\t\t\t\t\t<\/div>\n\t\t\t\t<\/div>\n\t\t\t\t<div class=\"elementor-element elementor-element-bfed17f elementor-widget elementor-widget-shortcode\" data-id=\"bfed17f\" data-element_type=\"widget\" data-e-type=\"widget\" data-widget_type=\"shortcode.default\">\n\t\t\t\t<div class=\"elementor-widget-container\">\n\t\t\t\t\t\t\t<div class=\"elementor-shortcode\"><p id=\"matomo_opted_out_intro\" style=\"display:none;\">Opt-out afsluttet; Dine bes\u00f8g p\u00e5 denne hjemmeside registreres ikke af webanalysev\u00e6rkt\u00f8jet. Bem\u00e6rk venligst, at Matomo-deaktiveringscookien p\u00e5 denne hjemmeside ogs\u00e5 slettes, hvis du fjerner de cookies, der er gemt i din browser. Desuden, hvis du bruger en anden computer eller webbrowser, skal du fuldf\u00f8re deaktiveringsproceduren igen.<\/p><p id=\"matomo_opted_in_intro\" >Du har mulighed for at forhindre, at de handlinger, du foretager her, bliver analyseret og sammenk\u00e6det. Dette vil beskytte dit privatliv, men vil ogs\u00e5 forhindre ejeren i at l\u00e6re af dine handlinger og forbedre brugervenligheden for dig og andre brugere.<\/p><form action=\"\">\n        <input type=\"checkbox\" id=\"matomo_optout_checkbox\" checked=\"checked\"\/>\n        <label for=\"matomo_optout_checkbox\"><strong>\n        <span id=\"matomo_opted_in_label\" >Dit bes\u00f8g p\u00e5 denne hjemmeside registreres i \u00f8jeblikket af Matomo Web Analytics. Fjern markeringen i dette felt for fravalg.<\/span>\n\t\t<span id=\"matomo_opted_out_label\" style=\"display:none;\">Dit bes\u00f8g p\u00e5 denne hjemmeside er i \u00f8jeblikket ikke registreret af Matomo Web Analytics. Aktiv\u00e9r dette afkrydsningsfelt for tilvalg.<\/span>\n        <\/strong><\/label><input type=\"hidden\" name=\"etm-form-language\" value=\"da\"\/><\/form><noscript><p><strong style=\"color: #ff0000;\">Denne fravalgsfunktion kr\u00e6ver JavaScript.<\/strong><\/p><\/noscript><p id=\"matomo_outout_err_cookies\" style=\"display: none;\"><strong>Tracking-opt-out-funktionen kr\u00e6ver aktiverede cookies.<\/strong><\/p><\/div>\n\t\t\t\t\t\t<\/div>\n\t\t\t\t<\/div>\n\t\t\t\t\t<\/div>\n\t\t\t\t<\/div>\n\t\t\t\t<\/div>","protected":false},"excerpt":{"rendered":"<p>Familieh\u00f6rbuch gGmbHOberl\u00e4nder Wall 2450678 K\u00f6ln Databeskyttelsesansvarlig Christopher Schroerfirstbyte digital consulting e.K. Databeskyttelse Familienh\u00f6rbuch gGmbH tager beskyttelsen af dine personoplysninger meget alvorligt. Vi behandler dine personoplysninger fortroligt og i overensstemmelse med de lovbestemte databeskyttelsesbestemmelser og disse databeskyttelsesoplysninger. Brugen af vores hjemmeside er normalt mulig uden at give personlige data. [\u2026]<\/p>","protected":false},"author":1,"featured_media":0,"parent":0,"menu_order":0,"comment_status":"closed","ping_status":"closed","template":"","meta":{"_acf_changed":false,"footnotes":""},"class_list":["post-356","page","type-page","status-publish","hentry"],"acf":[],"_links":{"self":[{"href":"https:\/\/familienhoerbuch.de\/da\/wp-json\/wp\/v2\/pages\/356","targetHints":{"allow":["GET"]}}],"collection":[{"href":"https:\/\/familienhoerbuch.de\/da\/wp-json\/wp\/v2\/pages"}],"about":[{"href":"https:\/\/familienhoerbuch.de\/da\/wp-json\/wp\/v2\/types\/page"}],"author":[{"embeddable":true,"href":"https:\/\/familienhoerbuch.de\/da\/wp-json\/wp\/v2\/users\/1"}],"replies":[{"embeddable":true,"href":"https:\/\/familienhoerbuch.de\/da\/wp-json\/wp\/v2\/comments?post=356"}],"version-history":[{"count":0,"href":"https:\/\/familienhoerbuch.de\/da\/wp-json\/wp\/v2\/pages\/356\/revisions"}],"wp:attachment":[{"href":"https:\/\/familienhoerbuch.de\/da\/wp-json\/wp\/v2\/media?parent=356"}],"curies":[{"name":"wp","href":"https:\/\/api.w.org\/{rel}","templated":true}]}}