{"id":354,"date":"2024-09-06T14:08:37","date_gmt":"2024-09-06T12:08:37","guid":{"rendered":"https:\/\/websplash.familienhoerbuch.de\/?page_id=354"},"modified":"2025-09-01T14:59:17","modified_gmt":"2025-09-01T12:59:17","slug":"impressum","status":"publish","type":"page","link":"https:\/\/familienhoerbuch.de\/da\/impressum\/","title":{"rendered":"Ansvarsfraskrivelse"},"content":{"rendered":"<div data-elementor-type=\"wp-page\" data-elementor-id=\"354\" class=\"elementor elementor-354\" data-elementor-post-type=\"page\">\n\t\t\t\t<div class=\"elementor-element elementor-element-2193d8e e-flex e-con-boxed e-con e-parent\" data-id=\"2193d8e\" data-element_type=\"container\" data-e-type=\"container\">\n\t\t\t\t\t<div class=\"e-con-inner\">\n\t\t\t\t<div class=\"elementor-element elementor-element-4d87463 elementor-widget elementor-widget-heading\" data-id=\"4d87463\" data-element_type=\"widget\" data-e-type=\"widget\" data-widget_type=\"heading.default\">\n\t\t\t\t<div class=\"elementor-widget-container\">\n\t\t\t\t\t<h5 class=\"elementor-heading-title elementor-size-default\">Ansvarsfraskrivelse<\/h5>\t\t\t\t<\/div>\n\t\t\t\t<\/div>\n\t\t\t\t<div class=\"elementor-element elementor-element-fbaf783 elementor-widget elementor-widget-heading\" data-id=\"fbaf783\" data-element_type=\"widget\" data-e-type=\"widget\" data-widget_type=\"heading.default\">\n\t\t\t\t<div class=\"elementor-widget-container\">\n\t\t\t\t\t<h5 class=\"elementor-heading-title elementor-size-default\">kontakt<\/h5>\t\t\t\t<\/div>\n\t\t\t\t<\/div>\n\t\t\t\t<div class=\"elementor-element elementor-element-b64bbff elementor-widget elementor-widget-text-editor\" data-id=\"b64bbff\" data-element_type=\"widget\" data-e-type=\"widget\" data-widget_type=\"text-editor.default\">\n\t\t\t\t<div class=\"elementor-widget-container\">\n\t\t\t\t\t\t\t\t\t<p>Familie lydbog gGmbH<br \/>Oberl\u00e4nder Wall 24, 50678 K\u00f6ln, Tyskland<\/p>\t\t\t\t\t\t\t\t<\/div>\n\t\t\t\t<\/div>\n\t\t\t\t<div class=\"elementor-element elementor-element-b318eb7 elementor-widget elementor-widget-text-editor\" data-id=\"b318eb7\" data-element_type=\"widget\" data-e-type=\"widget\" data-widget_type=\"text-editor.default\">\n\t\t\t\t<div class=\"elementor-widget-container\">\n\t\t\t\t\t\t\t\t\t<p>Telefon:\u00a0<a href=\"tel:+492219349301\">0221 \/ 9349301<\/a><br \/>E-mail:\u00a0<a href=\"mailto:kontakt@familienhoerbuch.de\">kontakt@familienhoerbuch.de<\/a><\/p>\t\t\t\t\t\t\t\t<\/div>\n\t\t\t\t<\/div>\n\t\t\t\t<div class=\"elementor-element elementor-element-e5fa479 elementor-widget elementor-widget-heading\" data-id=\"e5fa479\" data-element_type=\"widget\" data-e-type=\"widget\" data-widget_type=\"heading.default\">\n\t\t\t\t<div class=\"elementor-widget-container\">\n\t\t\t\t\t<h5 class=\"elementor-heading-title elementor-size-default\">Indsigelse mod reklame-e-mails<\/h5>\t\t\t\t<\/div>\n\t\t\t\t<\/div>\n\t\t\t\t<div class=\"elementor-element elementor-element-81e901a elementor-widget elementor-widget-text-editor\" data-id=\"81e901a\" data-element_type=\"widget\" data-e-type=\"widget\" data-widget_type=\"text-editor.default\">\n\t\t\t\t<div class=\"elementor-widget-container\">\n\t\t\t\t\t\t\t\t\t<p>Brugen af kontaktdata offentliggjort inden for rammerne af aftryksforpligtelsen til at sende uopfordret reklame- og informationsmateriale g\u00f8res hermed indsigelse mod. Vi forbeholder os udtrykkeligt ret til at tage retslige skridt i tilf\u00e6lde af uopfordret afsendelse af reklameoplysninger, s\u00e5som spam e-mails.<\/p>\t\t\t\t\t\t\t\t<\/div>\n\t\t\t\t<\/div>\n\t\t\t\t<div class=\"elementor-element elementor-element-f302cae elementor-widget elementor-widget-heading\" data-id=\"f302cae\" data-element_type=\"widget\" data-e-type=\"widget\" data-widget_type=\"heading.default\">\n\t\t\t\t<div class=\"elementor-widget-container\">\n\t\t\t\t\t<h5 class=\"elementor-heading-title elementor-size-default\">ledelse<\/h5>\t\t\t\t<\/div>\n\t\t\t\t<\/div>\n\t\t\t\t<div class=\"elementor-element elementor-element-7acbd26 elementor-widget elementor-widget-text-editor\" data-id=\"7acbd26\" data-element_type=\"widget\" data-e-type=\"widget\" data-widget_type=\"text-editor.default\">\n\t\t\t\t<div class=\"elementor-widget-container\">\n\t\t\t\t\t\t\t\t\t<p>Judith Gr\u00fcmmer og Anne Braasch<\/p>\t\t\t\t\t\t\t\t<\/div>\n\t\t\t\t<\/div>\n\t\t\t\t<div class=\"elementor-element elementor-element-ffdc4e0 elementor-widget elementor-widget-heading\" data-id=\"ffdc4e0\" data-element_type=\"widget\" data-e-type=\"widget\" data-widget_type=\"heading.default\">\n\t\t\t\t<div class=\"elementor-widget-container\">\n\t\t\t\t\t<h5 class=\"elementor-heading-title elementor-size-default\">Registreringsnummer<\/h5>\t\t\t\t<\/div>\n\t\t\t\t<\/div>\n\t\t\t\t<div class=\"elementor-element elementor-element-69ded5b elementor-widget elementor-widget-text-editor\" data-id=\"69ded5b\" data-element_type=\"widget\" data-e-type=\"widget\" data-widget_type=\"text-editor.default\">\n\t\t\t\t<div class=\"elementor-widget-container\">\n\t\t\t\t\t\t\t\t\t<p>HRB 99727<\/p>\t\t\t\t\t\t\t\t<\/div>\n\t\t\t\t<\/div>\n\t\t\t\t<div class=\"elementor-element elementor-element-2714778 elementor-widget elementor-widget-heading\" data-id=\"2714778\" data-element_type=\"widget\" data-e-type=\"widget\" data-widget_type=\"heading.default\">\n\t\t\t\t<div class=\"elementor-widget-container\">\n\t\t\t\t\t<h5 class=\"elementor-heading-title elementor-size-default\">Registreringsdomstol<\/h5>\t\t\t\t<\/div>\n\t\t\t\t<\/div>\n\t\t\t\t<div class=\"elementor-element elementor-element-8968b58 elementor-widget elementor-widget-text-editor\" data-id=\"8968b58\" data-element_type=\"widget\" data-e-type=\"widget\" data-widget_type=\"text-editor.default\">\n\t\t\t\t<div class=\"elementor-widget-container\">\n\t\t\t\t\t\t\t\t\t<p>Oberlandesgericht K\u00f6ln (byretten i K\u00f6ln)<\/p>\t\t\t\t\t\t\t\t<\/div>\n\t\t\t\t<\/div>\n\t\t\t\t<div class=\"elementor-element elementor-element-aa85ad9 elementor-widget elementor-widget-heading\" data-id=\"aa85ad9\" data-element_type=\"widget\" data-e-type=\"widget\" data-widget_type=\"heading.default\">\n\t\t\t\t<div class=\"elementor-widget-container\">\n\t\t\t\t\t<h5 class=\"elementor-heading-title elementor-size-default\">Selskabets vedt\u00e6gtsm\u00e6ssige hjemsted<\/h5>\t\t\t\t<\/div>\n\t\t\t\t<\/div>\n\t\t\t\t<div class=\"elementor-element elementor-element-f1191a6 elementor-widget elementor-widget-text-editor\" data-id=\"f1191a6\" data-element_type=\"widget\" data-e-type=\"widget\" data-widget_type=\"text-editor.default\">\n\t\t\t\t<div class=\"elementor-widget-container\">\n\t\t\t\t\t\t\t\t\t<p>Cologne<\/p>\t\t\t\t\t\t\t\t<\/div>\n\t\t\t\t<\/div>\n\t\t\t\t<div class=\"elementor-element elementor-element-33a8164 elementor-widget elementor-widget-heading\" data-id=\"33a8164\" data-element_type=\"widget\" data-e-type=\"widget\" data-widget_type=\"heading.default\">\n\t\t\t\t<div class=\"elementor-widget-container\">\n\t\t\t\t\t<h5 class=\"elementor-heading-title elementor-size-default\">Skatteregistreringsnummer<\/h5>\t\t\t\t<\/div>\n\t\t\t\t<\/div>\n\t\t\t\t<div class=\"elementor-element elementor-element-f72379b elementor-widget elementor-widget-text-editor\" data-id=\"f72379b\" data-element_type=\"widget\" data-e-type=\"widget\" data-widget_type=\"text-editor.default\">\n\t\t\t\t<div class=\"elementor-widget-container\">\n\t\t\t\t\t\t\t\t\t<p>214\/5855\/2466<\/p>\t\t\t\t\t\t\t\t<\/div>\n\t\t\t\t<\/div>\n\t\t\t\t<div class=\"elementor-element elementor-element-62e0d33 elementor-widget elementor-widget-heading\" data-id=\"62e0d33\" data-element_type=\"widget\" data-e-type=\"widget\" data-widget_type=\"heading.default\">\n\t\t\t\t<div class=\"elementor-widget-container\">\n\t\t\t\t\t<h5 class=\"elementor-heading-title elementor-size-default\">Tvistbil\u00e6ggelse<\/h5>\t\t\t\t<\/div>\n\t\t\t\t<\/div>\n\t\t\t\t<div class=\"elementor-element elementor-element-c3f76a6 elementor-widget elementor-widget-text-editor\" data-id=\"c3f76a6\" data-element_type=\"widget\" data-e-type=\"widget\" data-widget_type=\"text-editor.default\">\n\t\t\t\t<div class=\"elementor-widget-container\">\n\t\t\t\t\t\t\t\t\t<p>Europa-Kommissionen stiller en platform til onlinetvistbil\u00e6ggelse (OTB) til r\u00e5dighed:<br \/><a href=\"https:\/\/ec.europa.eu\/consumers\/odr\" target=\"_blank\" rel=\"noopener\">https:\/\/ec.europa.eu\/consumers\/odr<\/a><\/p><p>Vores e-mail-adresse kan findes ovenfor i aftrykket. Vi er ikke villige eller forpligtede til at deltage i tvistbil\u00e6ggelsesprocedurer ved en forbrugervoldgiftsinstans.<\/p>\t\t\t\t\t\t\t\t<\/div>\n\t\t\t\t<\/div>\n\t\t\t\t<div class=\"elementor-element elementor-element-1b9dbe2 elementor-widget elementor-widget-heading\" data-id=\"1b9dbe2\" data-element_type=\"widget\" data-e-type=\"widget\" data-widget_type=\"heading.default\">\n\t\t\t\t<div class=\"elementor-widget-container\">\n\t\t\t\t\t<h5 class=\"elementor-heading-title elementor-size-default\">Ansvar for indhold<\/h5>\t\t\t\t<\/div>\n\t\t\t\t<\/div>\n\t\t\t\t<div class=\"elementor-element elementor-element-933b6ef elementor-widget elementor-widget-text-editor\" data-id=\"933b6ef\" data-element_type=\"widget\" data-e-type=\"widget\" data-widget_type=\"text-editor.default\">\n\t\t\t\t<div class=\"elementor-widget-container\">\n\t\t\t\t\t\t\t\t\t<p>Som tjenesteudbyder er vi ansvarlige for vores eget indhold p\u00e5 disse sider i overensstemmelse med generelle love. Som tjenesteudbyder er vi dog ikke forpligtet til at overv\u00e5ge overf\u00f8rte eller lagrede tredjepartsoplysninger eller til at unders\u00f8ge omst\u00e6ndigheder, der tyder p\u00e5 ulovlig aktivitet. Forpligtelser til at fjerne eller blokere brugen af oplysninger i henhold til de generelle love forbliver up\u00e5virket. Ansvar i denne henseende er imidlertid f\u00f8rst muligt fra det tidspunkt, hvor der er kendskab til en specifik overtr\u00e6delse. Hvis vi bliver opm\u00e6rksomme p\u00e5 tilsvarende juridiske overtr\u00e6delser, vil vi straks fjerne dette indhold.<\/p>\t\t\t\t\t\t\t\t<\/div>\n\t\t\t\t<\/div>\n\t\t\t\t<div class=\"elementor-element elementor-element-0c8e1ad elementor-widget elementor-widget-heading\" data-id=\"0c8e1ad\" data-element_type=\"widget\" data-e-type=\"widget\" data-widget_type=\"heading.default\">\n\t\t\t\t<div class=\"elementor-widget-container\">\n\t\t\t\t\t<h5 class=\"elementor-heading-title elementor-size-default\">Ansvar for links<\/h5>\t\t\t\t<\/div>\n\t\t\t\t<\/div>\n\t\t\t\t<div class=\"elementor-element elementor-element-e667475 elementor-widget elementor-widget-text-editor\" data-id=\"e667475\" data-element_type=\"widget\" data-e-type=\"widget\" data-widget_type=\"text-editor.default\">\n\t\t\t\t<div class=\"elementor-widget-container\">\n\t\t\t\t\t\t\t\t\t<p>Vores tilbud indeholder links til eksterne hjemmesider fra tredjeparter, hvis indhold vi ikke har indflydelse p\u00e5. Derfor kan vi ikke p\u00e5tage os noget ansvar for dette eksterne indhold. Den respektive udbyder eller operat\u00f8r af siderne er altid ansvarlig for indholdet af de linkede sider. De linkede sider blev kontrolleret for mulige juridiske overtr\u00e6delser p\u00e5 tidspunktet for linkning. Ulovligt indhold var ikke genkendeligt p\u00e5 tidspunktet for linking. En permanent indholdskontrol af de linkede sider er dog ikke rimelig uden konkrete indikationer p\u00e5 en overtr\u00e6delse af loven. N\u00e5r vi bliver opm\u00e6rksomme p\u00e5 juridiske overtr\u00e6delser, fjerner vi s\u00e5danne links med det samme.<\/p>\t\t\t\t\t\t\t\t<\/div>\n\t\t\t\t<\/div>\n\t\t\t\t<div class=\"elementor-element elementor-element-eb0be77 elementor-widget elementor-widget-heading\" data-id=\"eb0be77\" data-element_type=\"widget\" data-e-type=\"widget\" data-widget_type=\"heading.default\">\n\t\t\t\t<div class=\"elementor-widget-container\">\n\t\t\t\t\t<h5 class=\"elementor-heading-title elementor-size-default\">ophavsrettigheder<\/h5>\t\t\t\t<\/div>\n\t\t\t\t<\/div>\n\t\t\t\t<div class=\"elementor-element elementor-element-0ab4d46 elementor-widget elementor-widget-text-editor\" data-id=\"0ab4d46\" data-element_type=\"widget\" data-e-type=\"widget\" data-widget_type=\"text-editor.default\">\n\t\t\t\t<div class=\"elementor-widget-container\">\n\t\t\t\t\t\t\t\t\t<p>Indholdet og v\u00e6rkerne skabt af webstedsoperat\u00f8rerne p\u00e5 disse sider er underlagt tysk lov om ophavsret. Reproduktion, behandling, distribution og enhver form for udnyttelse uden for rammerne af ophavsretten kr\u00e6ver skriftligt samtykke fra den respektive forfatter eller skaber. Downloads og kopier af dette websted er kun tilladt til privat, ikke-kommerciel brug.<\/p>\n<p>I det omfang indholdet p\u00e5 denne side ikke er blevet oprettet af operat\u00f8ren, overholdes tredjemands ophavsret. Is\u00e6r er tredjepartsindhold markeret som s\u00e5dan. Skulle du alligevel blive opm\u00e6rksom p\u00e5 en kr\u00e6nkelse af ophavsretten, beder vi om en tilsvarende meddelelse. N\u00e5r vi bliver opm\u00e6rksomme p\u00e5 juridiske overtr\u00e6delser, vil vi straks fjerne s\u00e5dant indhold.<\/p>\t\t\t\t\t\t\t\t<\/div>\n\t\t\t\t<\/div>\n\t\t\t\t<div class=\"elementor-element elementor-element-4dcbf2d elementor-widget elementor-widget-heading\" data-id=\"4dcbf2d\" data-element_type=\"widget\" data-e-type=\"widget\" data-widget_type=\"heading.default\">\n\t\t\t\t<div class=\"elementor-widget-container\">\n\t\t\t\t\t<h5 class=\"elementor-heading-title elementor-size-default\">Ophavsret<\/h5>\t\t\t\t<\/div>\n\t\t\t\t<\/div>\n\t\t\t\t<div class=\"elementor-element elementor-element-98d16d9 elementor-widget elementor-widget-text-editor\" data-id=\"98d16d9\" data-element_type=\"widget\" data-e-type=\"widget\" data-widget_type=\"text-editor.default\">\n\t\t\t\t<div class=\"elementor-widget-container\">\n\t\t\t\t\t\t\t\t\t<p>Alle rettigheder forbeholdes. Det indhold, der leveres her, er kun til personlige oplysninger. Enhver kopiering eller offentligg\u00f8relse er forbudt, medmindre andet er angivet p\u00e5 det respektive sted.<\/p><p>\u00a9 Fotos af \"Hjem\" og \"Min vej til familiens lydbog\": <a href=\"https:\/\/www.selinapfruener.de\/\">Selina Pfr\u00fcner K\u00f6ln<\/a><\/p><p>\u00a9 Team portr\u00e6tter med sort baggrund: <a href=\"https:\/\/www.fahrisarimese.com\/\">Fahri S. Sarimese af K\u00f8ln<\/a><\/p><p>Supplerende billeder: Canva<\/p><p>Aftrykkets status: 01.07.2025<\/p>\t\t\t\t\t\t\t\t<\/div>\n\t\t\t\t<\/div>\n\t\t\t\t\t<\/div>\n\t\t\t\t<\/div>\n\t\t\t\t<\/div>","protected":false},"excerpt":{"rendered":"<p>Impressum Kontakt Familienh\u00f6rbuch gGmbHOberl\u00e4nder Wall 24, 50678 K\u00f6ln Telefon:\u00a00221 \/ 9349301E-Mail:\u00a0kontakt@familienhoerbuch.de Widerspruch gegen Werbemails Der Nutzung von im Rahmen der Impressumspflicht ver\u00f6ffentlichten Kontaktdaten zur \u00dcbersendung von nicht ausdru\u0308cklich angeforderter Werbung und Informationsmaterialien wird hiermit widersprochen. Wir behalten uns ausdru\u0308cklich rechtliche Schritte im Falle der unverlangten Zusendung von Werbeinformationen, etwa durch Spam-E-Mails, vor. Gesch\u00e4ftsf\u00fchrung Judith Gr\u00fcmmer, [&hellip;]<\/p>","protected":false},"author":1,"featured_media":0,"parent":0,"menu_order":0,"comment_status":"closed","ping_status":"closed","template":"","meta":{"_acf_changed":false,"footnotes":""},"class_list":["post-354","page","type-page","status-publish","hentry"],"acf":[],"_links":{"self":[{"href":"https:\/\/familienhoerbuch.de\/da\/wp-json\/wp\/v2\/pages\/354","targetHints":{"allow":["GET"]}}],"collection":[{"href":"https:\/\/familienhoerbuch.de\/da\/wp-json\/wp\/v2\/pages"}],"about":[{"href":"https:\/\/familienhoerbuch.de\/da\/wp-json\/wp\/v2\/types\/page"}],"author":[{"embeddable":true,"href":"https:\/\/familienhoerbuch.de\/da\/wp-json\/wp\/v2\/users\/1"}],"replies":[{"embeddable":true,"href":"https:\/\/familienhoerbuch.de\/da\/wp-json\/wp\/v2\/comments?post=354"}],"version-history":[{"count":0,"href":"https:\/\/familienhoerbuch.de\/da\/wp-json\/wp\/v2\/pages\/354\/revisions"}],"wp:attachment":[{"href":"https:\/\/familienhoerbuch.de\/da\/wp-json\/wp\/v2\/media?parent=354"}],"curies":[{"name":"wp","href":"https:\/\/api.w.org\/{rel}","templated":true}]}}