{"id":14123,"date":"2026-02-06T10:04:13","date_gmt":"2026-02-06T09:04:13","guid":{"rendered":"https:\/\/familienhoerbuch.de\/?page_id=14123"},"modified":"2026-03-02T08:14:37","modified_gmt":"2026-03-02T07:14:37","slug":"verspaetungsminuten","status":"publish","type":"page","link":"https:\/\/familienhoerbuch.de\/da\/verspaetungsminuten\/","title":{"rendered":"refundrebel"},"content":{"rendered":"<div data-elementor-type=\"wp-page\" data-elementor-id=\"14123\" class=\"elementor elementor-14123\" data-elementor-post-type=\"page\">\n\t\t\t\t<div class=\"elementor-element elementor-element-4db9dfc e-flex e-con-boxed e-con e-parent\" data-id=\"4db9dfc\" data-element_type=\"container\" data-e-type=\"container\" data-settings=\"{&quot;background_background&quot;:&quot;classic&quot;}\">\n\t\t\t\t\t<div class=\"e-con-inner\">\n\t\t<div class=\"elementor-element elementor-element-a9a167f e-con-full e-flex e-con e-child\" data-id=\"a9a167f\" data-element_type=\"container\" data-e-type=\"container\">\n\t\t\t\t<div class=\"elementor-element elementor-element-5b94e20 elementor-widget elementor-widget-image\" data-id=\"5b94e20\" data-element_type=\"widget\" data-e-type=\"widget\" data-widget_type=\"image.default\">\n\t\t\t\t<div class=\"elementor-widget-container\">\n\t\t\t\t\t\t\t\t\t\t\t\t\t\t\t<img fetchpriority=\"high\" decoding=\"async\" width=\"1920\" height=\"1077\" src=\"https:\/\/familienhoerbuch.de\/wp-content\/uploads\/2026\/02\/refundrebel-hero.jpg\" class=\"attachment-full size-full wp-image-14144\" alt=\"\" srcset=\"https:\/\/familienhoerbuch.de\/wp-content\/uploads\/2026\/02\/refundrebel-hero.jpg 1920w, https:\/\/familienhoerbuch.de\/wp-content\/uploads\/2026\/02\/refundrebel-hero-300x168.jpg 300w, https:\/\/familienhoerbuch.de\/wp-content\/uploads\/2026\/02\/refundrebel-hero-1024x574.jpg 1024w, https:\/\/familienhoerbuch.de\/wp-content\/uploads\/2026\/02\/refundrebel-hero-768x431.jpg 768w, https:\/\/familienhoerbuch.de\/wp-content\/uploads\/2026\/02\/refundrebel-hero-1536x862.jpg 1536w\" sizes=\"(max-width: 1920px) 100vw, 1920px\" \/>\t\t\t\t\t\t\t\t\t\t\t\t\t\t\t<\/div>\n\t\t\t\t<\/div>\n\t\t\t\t<\/div>\n\t\t\t\t\t<\/div>\n\t\t\t\t<\/div>\n\t\t<div class=\"elementor-element elementor-element-ff5bc65 e-flex e-con-boxed e-con e-parent\" data-id=\"ff5bc65\" data-element_type=\"container\" data-e-type=\"container\">\n\t\t\t\t\t<div class=\"e-con-inner\">\n\t\t<div class=\"elementor-element elementor-element-918ad4e e-con-full e-flex e-con e-child\" data-id=\"918ad4e\" data-element_type=\"container\" data-e-type=\"container\">\n\t\t\t\t<div class=\"elementor-element elementor-element-c2193f6 elementor-widget elementor-widget-heading\" data-id=\"c2193f6\" data-element_type=\"widget\" data-e-type=\"widget\" data-widget_type=\"heading.default\">\n\t\t\t\t<div class=\"elementor-widget-container\">\n\t\t\t\t\t<h4 class=\"elementor-heading-title elementor-size-default\">Vores fremtidige gave K\u00e6rlighed til \u00f8rerne<\/h4>\t\t\t\t<\/div>\n\t\t\t\t<\/div>\n\t\t\t\t<div class=\"elementor-element elementor-element-75ae846 elementor-widget elementor-widget-text-editor\" data-id=\"75ae846\" data-element_type=\"widget\" data-e-type=\"widget\" data-widget_type=\"text-editor.default\">\n\t\t\t\t<div class=\"elementor-widget-container\">\n\t\t\t\t\t\t\t\t\t<p>Vi giver <strong>alle mindre\u00e5rige b\u00f8rn af for\u00e6ldre med nedsat forventet levetid<\/strong> Mulighed for at f\u00e5 en familie lydbog med mor eller fars stemme. Et personligt fortalt lydstykke fuld af k\u00e6rlighed, minder og livslange svar p\u00e5 sp\u00f8rgsm\u00e5let: \"Hvem var du, mor\/far?<\/p><p>Dette <strong>gratis tilbud<\/strong> Familie-lydbogen er finansieret <strong>udelukkende gennem donationer og tilskud<\/strong> Som en non-profit organisation tjener vi ikke penge. Alle donationer g\u00e5r til fremtidige produktioner.<\/p><p>Vores <strong>Palliativ-Plus-programmet<\/strong> giver ogs\u00e5 mulighed for implementering med reduceret ventetid for partnerinstitutioner fra palliativ pleje.<\/p>\t\t\t\t\t\t\t\t<\/div>\n\t\t\t\t<\/div>\n\t\t\t\t<\/div>\n\t\t<div class=\"elementor-element elementor-element-69e9566 e-con-full e-flex e-con e-child\" data-id=\"69e9566\" data-element_type=\"container\" data-e-type=\"container\">\n\t\t\t\t<div class=\"elementor-element elementor-element-3065d95 elementor-widget elementor-widget-image\" data-id=\"3065d95\" data-element_type=\"widget\" data-e-type=\"widget\" data-widget_type=\"image.default\">\n\t\t\t\t<div class=\"elementor-widget-container\">\n\t\t\t\t\t\t\t\t\t\t\t\t\t\t\t<img decoding=\"async\" width=\"600\" height=\"400\" src=\"https:\/\/familienhoerbuch.de\/wp-content\/uploads\/2026\/02\/partnerschaft-bild.jpg\" class=\"attachment-large size-large wp-image-14079\" alt=\"\" srcset=\"https:\/\/familienhoerbuch.de\/wp-content\/uploads\/2026\/02\/partnerschaft-bild.jpg 600w, https:\/\/familienhoerbuch.de\/wp-content\/uploads\/2026\/02\/partnerschaft-bild-300x200.jpg 300w\" sizes=\"(max-width: 600px) 100vw, 600px\" \/>\t\t\t\t\t\t\t\t\t\t\t\t\t\t\t<\/div>\n\t\t\t\t<\/div>\n\t\t\t\t<\/div>\n\t\t\t\t\t<\/div>\n\t\t\t\t<\/div>\n\t\t<div class=\"elementor-element elementor-element-3309f59 e-flex e-con-boxed e-con e-parent\" data-id=\"3309f59\" data-element_type=\"container\" data-e-type=\"container\">\n\t\t\t\t\t<div class=\"e-con-inner\">\n\t\t<div class=\"elementor-element elementor-element-51bd3df e-con-full e-flex e-con e-child\" data-id=\"51bd3df\" data-element_type=\"container\" data-e-type=\"container\">\n\t\t\t\t<div class=\"elementor-element elementor-element-dfd15ed elementor-widget elementor-widget-heading\" data-id=\"dfd15ed\" data-element_type=\"widget\" data-e-type=\"widget\" data-widget_type=\"heading.default\">\n\t\t\t\t<div class=\"elementor-widget-container\">\n\t\t\t\t\t<h5 class=\"elementor-heading-title elementor-size-default\">Vores kvalitetsforening for forskning, uddannelse og tilsyn:<\/h5>\t\t\t\t<\/div>\n\t\t\t\t<\/div>\n\t\t\t\t<\/div>\n\t\t<div class=\"elementor-element elementor-element-c2698a8 e-grid e-con-full e-con e-child\" data-id=\"c2698a8\" data-element_type=\"container\" data-e-type=\"container\">\n\t\t\t\t<div class=\"elementor-element elementor-element-c9ad7c7 elementor-widget elementor-widget-image\" data-id=\"c9ad7c7\" data-element_type=\"widget\" data-e-type=\"widget\" data-widget_type=\"image.default\">\n\t\t\t\t<div class=\"elementor-widget-container\">\n\t\t\t\t\t\t\t\t\t\t\t\t\t\t\t<img decoding=\"async\" width=\"138\" height=\"137\" src=\"https:\/\/familienhoerbuch.de\/wp-content\/uploads\/2025\/09\/DtPalliativstiftung-Logo2.png\" class=\"attachment-large size-large wp-image-11850\" alt=\"\" \/>\t\t\t\t\t\t\t\t\t\t\t\t\t\t\t<\/div>\n\t\t\t\t<\/div>\n\t\t\t\t<div class=\"elementor-element elementor-element-e679e48 elementor-widget elementor-widget-image\" data-id=\"e679e48\" data-element_type=\"widget\" data-e-type=\"widget\" data-widget_type=\"image.default\">\n\t\t\t\t<div class=\"elementor-widget-container\">\n\t\t\t\t\t\t\t\t\t\t\t\t\t\t\t<img loading=\"lazy\" decoding=\"async\" width=\"514\" height=\"130\" src=\"https:\/\/familienhoerbuch.de\/wp-content\/uploads\/2026\/02\/nct24_logo_heidelberg.png\" class=\"attachment-large size-large wp-image-14148\" alt=\"\" srcset=\"https:\/\/familienhoerbuch.de\/wp-content\/uploads\/2026\/02\/nct24_logo_heidelberg.png 514w, https:\/\/familienhoerbuch.de\/wp-content\/uploads\/2026\/02\/nct24_logo_heidelberg-300x76.png 300w\" sizes=\"(max-width: 514px) 100vw, 514px\" \/>\t\t\t\t\t\t\t\t\t\t\t\t\t\t\t<\/div>\n\t\t\t\t<\/div>\n\t\t\t\t<div class=\"elementor-element elementor-element-da24516 elementor-widget elementor-widget-image\" data-id=\"da24516\" data-element_type=\"widget\" data-e-type=\"widget\" data-widget_type=\"image.default\">\n\t\t\t\t<div class=\"elementor-widget-container\">\n\t\t\t\t\t\t\t\t\t\t\t\t\t\t\t<img loading=\"lazy\" decoding=\"async\" width=\"281\" height=\"62\" src=\"https:\/\/familienhoerbuch.de\/wp-content\/uploads\/2025\/09\/UKB-logo-1.png\" class=\"attachment-large size-large wp-image-11852\" alt=\"\" \/>\t\t\t\t\t\t\t\t\t\t\t\t\t\t\t<\/div>\n\t\t\t\t<\/div>\n\t\t\t\t<div class=\"elementor-element elementor-element-88ee4ef elementor-widget elementor-widget-image\" data-id=\"88ee4ef\" data-element_type=\"widget\" data-e-type=\"widget\" data-widget_type=\"image.default\">\n\t\t\t\t<div class=\"elementor-widget-container\">\n\t\t\t\t\t\t\t\t\t\t\t\t\t\t\t<img loading=\"lazy\" decoding=\"async\" width=\"360\" height=\"63\" src=\"https:\/\/familienhoerbuch.de\/wp-content\/uploads\/2025\/09\/DGP-logo_360_63_2.png\" class=\"attachment-large size-large wp-image-11851\" alt=\"\" srcset=\"https:\/\/familienhoerbuch.de\/wp-content\/uploads\/2025\/09\/DGP-logo_360_63_2.png 360w, https:\/\/familienhoerbuch.de\/wp-content\/uploads\/2025\/09\/DGP-logo_360_63_2-300x53.png 300w\" sizes=\"(max-width: 360px) 100vw, 360px\" \/>\t\t\t\t\t\t\t\t\t\t\t\t\t\t\t<\/div>\n\t\t\t\t<\/div>\n\t\t\t\t<\/div>\n\t\t\t\t\t<\/div>\n\t\t\t\t<\/div>\n\t\t<div class=\"elementor-element elementor-element-89e3745 e-flex e-con-boxed e-con e-parent\" data-id=\"89e3745\" data-element_type=\"container\" data-e-type=\"container\" data-settings=\"{&quot;background_background&quot;:&quot;gradient&quot;}\">\n\t\t\t\t\t<div class=\"e-con-inner\">\n\t\t<div class=\"elementor-element elementor-element-f7ca486 e-con-full e-flex e-con e-child\" data-id=\"f7ca486\" data-element_type=\"container\" data-e-type=\"container\">\n\t\t\t\t<div class=\"elementor-element elementor-element-95e779b elementor-widget elementor-widget-text-editor\" data-id=\"95e779b\" data-element_type=\"widget\" data-e-type=\"widget\" data-widget_type=\"text-editor.default\">\n\t\t\t\t<div class=\"elementor-widget-container\">\n\t\t\t\t\t\t\t\t\t<div class=\"x_ms-outlook-mobile-reference-message x_skipProofing\"><b data-olk-copy-source=\"MessageBody\">refundrebel<\/b>\u00a0udvikler teknologier, der fremmer mobilitetsomstillingen, letter adgangen til b\u00e6redygtige mobilitetsl\u00f8sninger og g\u00f8r rejser til en positiv oplevelse igen. Visionen: lavere emissioner, lavere omkostninger og et klart skift fra flyrejser til milj\u00f8venlige tog.\u00a0<\/div><div class=\"x_ms-outlook-mobile-reference-message x_skipProofing\">\u00a0<\/div><div class=\"x_ms-outlook-mobile-reference-message x_skipProofing\">Opholder sig i business jernbane rejsestyring 97 % Kompensationen er ubrugt, fordi processen ofte er uklar eller kompliceret for virksomheder og rejsende.\u00a0<\/div><div class=\"x_ms-outlook-mobile-reference-message x_skipProofing\">\u00a0<\/div><div class=\"x_ms-outlook-mobile-reference-message x_skipProofing\">Togtjenester, der giver dig op til 22 om \u00e5ret % Spar p\u00e5 jernbaneomkostningerne!\u00a0<\/div><div class=\"x_ms-outlook-mobile-reference-message x_skipProofing\">\u00a0<\/div><div class=\"x_ms-outlook-mobile-reference-message x_skipProofing\"><b>Kompensation til jernbane:\u00a0<\/b><\/div><div class=\"x_ms-outlook-mobile-reference-message x_skipProofing\">F\u00e5 fuldautomatisk op til 6 % Returner dine togomkostninger p\u00e5 grund af togforsinkelser og aflysninger.<\/div><div class=\"x_ms-outlook-mobile-reference-message x_skipProofing\">\u00a0<\/div><div class=\"x_ms-outlook-mobile-reference-message x_skipProofing\"><b>BahnCard-forvaltning:\u00a0<\/b><\/div><div class=\"x_ms-outlook-mobile-reference-message x_skipProofing\">Spar op til 16 % Dit tog koster ved at forsyne dine rejsende med BahnCards helt automatisk og skr\u00e6ddersyet.<\/div><div class=\"x_ms-outlook-mobile-reference-message x_skipProofing\">\u00a0<\/div>\t\t\t\t\t\t\t\t<\/div>\n\t\t\t\t<\/div>\n\t\t\t\t<\/div>\n\t\t<div class=\"elementor-element elementor-element-e1bf880 e-con-full e-flex e-con e-child\" data-id=\"e1bf880\" data-element_type=\"container\" data-e-type=\"container\">\n\t\t\t\t<div class=\"elementor-element elementor-element-013b4ee elementor-widget elementor-widget-image\" data-id=\"013b4ee\" data-element_type=\"widget\" data-e-type=\"widget\" data-widget_type=\"image.default\">\n\t\t\t\t<div class=\"elementor-widget-container\">\n\t\t\t\t\t\t\t\t\t\t\t\t\t\t\t<img loading=\"lazy\" decoding=\"async\" width=\"800\" height=\"371\" src=\"https:\/\/familienhoerbuch.de\/wp-content\/uploads\/2026\/02\/service_zug_statt_flug_illustration.png\" class=\"attachment-large size-large wp-image-14197\" alt=\"\" srcset=\"https:\/\/familienhoerbuch.de\/wp-content\/uploads\/2026\/02\/service_zug_statt_flug_illustration.png 1023w, https:\/\/familienhoerbuch.de\/wp-content\/uploads\/2026\/02\/service_zug_statt_flug_illustration-300x139.png 300w, https:\/\/familienhoerbuch.de\/wp-content\/uploads\/2026\/02\/service_zug_statt_flug_illustration-768x357.png 768w\" sizes=\"(max-width: 800px) 100vw, 800px\" \/>\t\t\t\t\t\t\t\t\t\t\t\t\t\t\t<\/div>\n\t\t\t\t<\/div>\n\t\t\t\t<\/div>\n\t\t\t\t\t<\/div>\n\t\t\t\t<\/div>\n\t\t<div class=\"elementor-element elementor-element-4b312e8 e-flex e-con-boxed e-con e-parent\" data-id=\"4b312e8\" data-element_type=\"container\" data-e-type=\"container\" data-settings=\"{&quot;background_background&quot;:&quot;classic&quot;}\">\n\t\t\t\t\t<div class=\"e-con-inner\">\n\t\t<div class=\"elementor-element elementor-element-4713181 e-con-full e-flex e-con e-child\" data-id=\"4713181\" data-element_type=\"container\" data-e-type=\"container\">\n\t\t\t\t<div class=\"elementor-element elementor-element-b17e72d elementor-widget elementor-widget-heading\" data-id=\"b17e72d\" data-element_type=\"widget\" data-e-type=\"widget\" data-widget_type=\"heading.default\">\n\t\t\t\t<div class=\"elementor-widget-container\">\n\t\t\t\t\t<h4 class=\"elementor-heading-title elementor-size-default\">Processen - hvordan det virker<\/h4>\t\t\t\t<\/div>\n\t\t\t\t<\/div>\n\t\t<div class=\"elementor-element elementor-element-9a21696 e-grid e-con-full e-con e-child\" data-id=\"9a21696\" data-element_type=\"container\" data-e-type=\"container\">\n\t\t\t\t<div class=\"elementor-element elementor-element-6d09131 elementor-position-top elementor-widget elementor-widget-image-box\" data-id=\"6d09131\" data-element_type=\"widget\" data-e-type=\"widget\" data-widget_type=\"image-box.default\">\n\t\t\t\t<div class=\"elementor-widget-container\">\n\t\t\t\t\t<div class=\"elementor-image-box-wrapper\"><figure class=\"elementor-image-box-img\"><img loading=\"lazy\" decoding=\"async\" width=\"500\" height=\"500\" src=\"https:\/\/familienhoerbuch.de\/wp-content\/uploads\/2026\/02\/mega-creator-61.png\" class=\"attachment-full size-full wp-image-14189\" alt=\"\" srcset=\"https:\/\/familienhoerbuch.de\/wp-content\/uploads\/2026\/02\/mega-creator-61.png 500w, https:\/\/familienhoerbuch.de\/wp-content\/uploads\/2026\/02\/mega-creator-61-300x300.png 300w, https:\/\/familienhoerbuch.de\/wp-content\/uploads\/2026\/02\/mega-creator-61-150x150.png 150w\" sizes=\"(max-width: 500px) 100vw, 500px\" \/><\/figure><div class=\"elementor-image-box-content\"><h5 class=\"elementor-image-box-title\">Indsend jernbanedata<\/h5><p class=\"elementor-image-box-description\">Uanset om det er via en gr\u00e6nseflade til dit k\u00f8ret\u00f8jsudstyr eller via en manuelt genereret dataeksport - vi kan behandle dine jernbanedata fra en r\u00e6kke forskellige kilder. Vores system kontrollerer derefter dataene for forsinkelser og afg\u00f8r erstatningskrav. \n<\/p><\/div><\/div>\t\t\t\t<\/div>\n\t\t\t\t<\/div>\n\t\t\t\t<div class=\"elementor-element elementor-element-27737fa elementor-position-top elementor-widget elementor-widget-image-box\" data-id=\"27737fa\" data-element_type=\"widget\" data-e-type=\"widget\" data-widget_type=\"image-box.default\">\n\t\t\t\t<div class=\"elementor-widget-container\">\n\t\t\t\t\t<div class=\"elementor-image-box-wrapper\"><figure class=\"elementor-image-box-img\"><img loading=\"lazy\" decoding=\"async\" width=\"500\" height=\"500\" src=\"https:\/\/familienhoerbuch.de\/wp-content\/uploads\/2026\/02\/mega-creator-70.png\" class=\"attachment-full size-full wp-image-14190\" alt=\"\" srcset=\"https:\/\/familienhoerbuch.de\/wp-content\/uploads\/2026\/02\/mega-creator-70.png 500w, https:\/\/familienhoerbuch.de\/wp-content\/uploads\/2026\/02\/mega-creator-70-300x300.png 300w, https:\/\/familienhoerbuch.de\/wp-content\/uploads\/2026\/02\/mega-creator-70-150x150.png 150w\" sizes=\"(max-width: 500px) 100vw, 500px\" \/><\/figure><div class=\"elementor-image-box-content\"><h5 class=\"elementor-image-box-title\">Fordringer<\/h5><p class=\"elementor-image-box-description\">Vi anmoder om etablerede krav fra de ansvarlige jernbaneselskaber for dig. Uden indgriben fra rejsende eller rejsestyring \u2013 endda op til 365 dage med tilbagevirkende kraft!<\/p><\/div><\/div>\t\t\t\t<\/div>\n\t\t\t\t<\/div>\n\t\t\t\t<div class=\"elementor-element elementor-element-33efd0e elementor-position-top elementor-widget elementor-widget-image-box\" data-id=\"33efd0e\" data-element_type=\"widget\" data-e-type=\"widget\" data-widget_type=\"image-box.default\">\n\t\t\t\t<div class=\"elementor-widget-container\">\n\t\t\t\t\t<div class=\"elementor-image-box-wrapper\"><figure class=\"elementor-image-box-img\"><img loading=\"lazy\" decoding=\"async\" width=\"500\" height=\"500\" src=\"https:\/\/familienhoerbuch.de\/wp-content\/uploads\/2026\/02\/mega-creator-59.png\" class=\"attachment-full size-full wp-image-14187\" alt=\"\" srcset=\"https:\/\/familienhoerbuch.de\/wp-content\/uploads\/2026\/02\/mega-creator-59.png 500w, https:\/\/familienhoerbuch.de\/wp-content\/uploads\/2026\/02\/mega-creator-59-300x300.png 300w, https:\/\/familienhoerbuch.de\/wp-content\/uploads\/2026\/02\/mega-creator-59-150x150.png 150w\" sizes=\"(max-width: 500px) 100vw, 500px\" \/><\/figure><div class=\"elementor-image-box-content\"><h5 class=\"elementor-image-box-title\">Brug pengene fornuftigt<\/h5><p class=\"elementor-image-box-description\">Skabe merv\u00e6rdi gennem kompensationsbetalinger:<br><b>Dine minutter af forsinkelse bliver familie lydbog minutter. H\u00f8rbare minder, der ledsager b\u00f8rn, der har mistet en for\u00e6lder i et helt liv og skaber forbindelser.<\/b><br> Derudover vil du modtage en donationskvittering i begyndelsen af det f\u00f8lgende \u00e5r, som udsteder familiens lydbog som en non-profit organisation.\n<\/p><\/div><\/div>\t\t\t\t<\/div>\n\t\t\t\t<\/div>\n\t\t\t\t<\/div>\n\t\t\t\t<\/div>\n\t\t\t\t\t<\/div>\n\t\t\t\t<\/div>\n\t\t<div class=\"elementor-element elementor-element-fde0939 e-flex e-con-boxed e-con e-parent\" data-id=\"fde0939\" data-element_type=\"container\" data-e-type=\"container\" data-settings=\"{&quot;background_background&quot;:&quot;classic&quot;}\">\n\t\t\t\t\t<div class=\"e-con-inner\">\n\t\t<div class=\"elementor-element elementor-element-6c5523c e-con-full e-flex e-con e-child\" data-id=\"6c5523c\" data-element_type=\"container\" data-e-type=\"container\">\n\t\t\t\t<div class=\"elementor-element elementor-element-fbfa781 elementor-widget elementor-widget-image\" data-id=\"fbfa781\" data-element_type=\"widget\" data-e-type=\"widget\" data-widget_type=\"image.default\">\n\t\t\t\t<div class=\"elementor-widget-container\">\n\t\t\t\t\t\t\t\t\t\t\t\t\t\t\t<img loading=\"lazy\" decoding=\"async\" width=\"600\" height=\"400\" src=\"https:\/\/familienhoerbuch.de\/wp-content\/uploads\/2026\/02\/refrundrebelillu1.jpg\" class=\"attachment-large size-large wp-image-14167\" alt=\"\" srcset=\"https:\/\/familienhoerbuch.de\/wp-content\/uploads\/2026\/02\/refrundrebelillu1.jpg 600w, https:\/\/familienhoerbuch.de\/wp-content\/uploads\/2026\/02\/refrundrebelillu1-300x200.jpg 300w\" sizes=\"(max-width: 600px) 100vw, 600px\" \/>\t\t\t\t\t\t\t\t\t\t\t\t\t\t\t<\/div>\n\t\t\t\t<\/div>\n\t\t\t\t<\/div>\n\t\t<div class=\"elementor-element elementor-element-dbc0d95 e-con-full e-flex e-con e-child\" data-id=\"dbc0d95\" data-element_type=\"container\" data-e-type=\"container\">\n\t\t\t\t<div class=\"elementor-element elementor-element-fd94c4e elementor-widget elementor-widget-heading\" data-id=\"fd94c4e\" data-element_type=\"widget\" data-e-type=\"widget\" data-widget_type=\"heading.default\">\n\t\t\t\t<div class=\"elementor-widget-container\">\n\t\t\t\t\t<h4 class=\"elementor-heading-title elementor-size-default\">Familiens lydbog<\/h4>\t\t\t\t<\/div>\n\t\t\t\t<\/div>\n\t\t\t\t<div class=\"elementor-element elementor-element-3bf15fd elementor-widget elementor-widget-text-editor\" data-id=\"3bf15fd\" data-element_type=\"widget\" data-e-type=\"widget\" data-widget_type=\"text-editor.default\">\n\t\t\t\t<div class=\"elementor-widget-container\">\n\t\t\t\t\t\t\t\t\t<ul><li>blev grundlagt i 2019 som en nonprofitorganisation med f\u00f8lgende vedt\u00e6gtsm\u00e6ssige form\u00e5l:<ul><li>Fremme af videnskab og forskning (\u00a7 52, stk. 2, nr. 1, i AO)<\/li><li>Fremme af folkesundheden og den offentlige sundhedspleje (\u00a7 52, stk. 2, nr. 3, i AO)<\/li><li>velg\u00f8rende form\u00e5l som omhandlet i \u00a7 53, stk. 1, nr. 1, i AO<\/li><\/ul><\/li><li>Lukning af en eksisterende kl\u00f8ft i sundhedssystemet<\/li><li>St\u00f8tte til familier p\u00e5 vejen til at sige farvel<\/li><li>Skaber forbindelser ud over d\u00f8den<\/li><\/ul>\t\t\t\t\t\t\t\t<\/div>\n\t\t\t\t<\/div>\n\t\t\t\t<\/div>\n\t\t\t\t\t<\/div>\n\t\t\t\t<\/div>\n\t\t<div class=\"elementor-element elementor-element-3eb1f50 e-flex e-con-boxed e-con e-parent\" data-id=\"3eb1f50\" data-element_type=\"container\" data-e-type=\"container\">\n\t\t\t\t\t<div class=\"e-con-inner\">\n\t\t<div class=\"elementor-element elementor-element-a5aa28c e-grid e-con-full e-con e-child\" data-id=\"a5aa28c\" data-element_type=\"container\" data-e-type=\"container\">\n\t\t<div class=\"elementor-element elementor-element-ec9c6c0 e-con-full e-flex e-con e-child\" data-id=\"ec9c6c0\" data-element_type=\"container\" data-e-type=\"container\">\n\t\t\t\t<div class=\"elementor-element elementor-element-4b4110d elementor-widget elementor-widget-heading\" data-id=\"4b4110d\" data-element_type=\"widget\" data-e-type=\"widget\" data-widget_type=\"heading.default\">\n\t\t\t\t<div class=\"elementor-widget-container\">\n\t\t\t\t\t<h4 class=\"elementor-heading-title elementor-size-default\">Kontaktperson Familie lydbog<\/h4>\t\t\t\t<\/div>\n\t\t\t\t<\/div>\n\t\t\t\t<div class=\"elementor-element elementor-element-ab32c25 elementor-position-left elementor-vertical-align-top elementor-widget elementor-widget-image-box\" data-id=\"ab32c25\" data-element_type=\"widget\" data-e-type=\"widget\" data-widget_type=\"image-box.default\">\n\t\t\t\t<div class=\"elementor-widget-container\">\n\t\t\t\t\t<div class=\"elementor-image-box-wrapper\"><figure class=\"elementor-image-box-img\"><img loading=\"lazy\" decoding=\"async\" width=\"742\" height=\"742\" src=\"https:\/\/familienhoerbuch.de\/wp-content\/uploads\/2025\/09\/Download-modified.png\" class=\"attachment-full size-full wp-image-12136\" alt=\"\" srcset=\"https:\/\/familienhoerbuch.de\/wp-content\/uploads\/2025\/09\/Download-modified.png 742w, https:\/\/familienhoerbuch.de\/wp-content\/uploads\/2025\/09\/Download-modified-300x300.png 300w, https:\/\/familienhoerbuch.de\/wp-content\/uploads\/2025\/09\/Download-modified-150x150.png 150w\" sizes=\"(max-width: 742px) 100vw, 742px\" \/><\/figure><div class=\"elementor-image-box-content\"><h5 class=\"elementor-image-box-title\">Eva Clara Tenzler<\/h5><p class=\"elementor-image-box-description\">Vi er glade for, at du gerne vil st\u00f8tte vores mission som partner: At g\u00f8re det muligt for b\u00f8rn af alvorligt syge for\u00e6ldre at bruge familiens lydbog som en gave til fremtiden og som en sorghj\u00e6lp. Institut for Forfremmelse og Engagement r\u00e5dgiver og ledsager dig i dit samarbejde med refundrebel som et unikt donationsprojekt til din virksomhed.\n<br><br>\n<a href=\"mailto:spenden@familienhoerbuch.de\">spenden@familienhoerbuch.de<\/a><br>\n<a href=\"tel:+4917672096535\">+49 176 720 96 535<\/a><\/p><\/div><\/div>\t\t\t\t<\/div>\n\t\t\t\t<\/div>\n\t\t\t\t<\/div>\n\t\t<div class=\"elementor-element elementor-element-e20086c e-con-full e-flex e-con e-child\" data-id=\"e20086c\" data-element_type=\"container\" data-e-type=\"container\">\n\t\t\t\t<div class=\"elementor-element elementor-element-595c6d7 elementor-widget elementor-widget-heading\" data-id=\"595c6d7\" data-element_type=\"widget\" data-e-type=\"widget\" data-widget_type=\"heading.default\">\n\t\t\t\t<div class=\"elementor-widget-container\">\n\t\t\t\t\t<h4 class=\"elementor-heading-title elementor-size-default\">Kontaktperson refundrebel<\/h4>\t\t\t\t<\/div>\n\t\t\t\t<\/div>\n\t\t\t\t<div class=\"elementor-element elementor-element-6f64863 elementor-position-left elementor-vertical-align-top elementor-widget elementor-widget-image-box\" data-id=\"6f64863\" data-element_type=\"widget\" data-e-type=\"widget\" data-widget_type=\"image-box.default\">\n\t\t\t\t<div class=\"elementor-widget-container\">\n\t\t\t\t\t<div class=\"elementor-image-box-wrapper\"><figure class=\"elementor-image-box-img\"><img loading=\"lazy\" decoding=\"async\" width=\"267\" height=\"267\" src=\"https:\/\/familienhoerbuch.de\/wp-content\/uploads\/2026\/02\/steinkamp.png\" class=\"attachment-full size-full wp-image-14177\" alt=\"\" srcset=\"https:\/\/familienhoerbuch.de\/wp-content\/uploads\/2026\/02\/steinkamp.png 267w, https:\/\/familienhoerbuch.de\/wp-content\/uploads\/2026\/02\/steinkamp-150x150.png 150w\" sizes=\"(max-width: 267px) 100vw, 267px\" \/><\/figure><div class=\"elementor-image-box-content\"><h5 class=\"elementor-image-box-title\">Kim Steinkamp<\/h5><p class=\"elementor-image-box-description\">Kim og hendes team er altid til r\u00e5dighed for en uforpligtende indledende konsultation og vil med gl\u00e6de st\u00f8tte dig med eventuelle sp\u00f8rgsm\u00e5l, du m\u00e5tte have om den automatiserede kompensationsproces eller refundrebel BahnCard Management. H\u00f8ringen omfatter b\u00e5de de relevante rammebetingelser og den tekniske opbygning.<br><br>\n\n<a href=\"mailto:kim.steinkamp@refundrebel.com\">kim.steinkamp@refundrebel.com<\/a><br>\n<a href=\"tel:+4962115959666\">+49 621 159 59 666<\/a>\n<\/p><\/div><\/div>\t\t\t\t<\/div>\n\t\t\t\t<\/div>\n\t\t\t\t<\/div>\n\t\t\t\t<\/div>\n\t\t\t\t\t<\/div>\n\t\t\t\t<\/div>\n\t\t\t\t<\/div>","protected":false},"excerpt":{"rendered":"<p>Vores fremtidige gave k\u00e6rlighed til \u00f8rerne Vi giver alle mindre\u00e5rige b\u00f8rn af liv-forkortede syge for\u00e6ldre mulighed for at modtage en familie lydbog med mor eller fars stemme. Et personligt fortalt lydstykke fuld af k\u00e6rlighed, minder og livslange svar p\u00e5 sp\u00f8rgsm\u00e5let: \"Hvem var du, mor\/far? Familielydbogens gratis tilbud finansieres udelukkende af donationer og tilskud [\u2026]<\/p>","protected":false},"author":7,"featured_media":0,"parent":0,"menu_order":0,"comment_status":"closed","ping_status":"closed","template":"","meta":{"_acf_changed":false,"footnotes":""},"class_list":["post-14123","page","type-page","status-publish","hentry"],"acf":[],"_links":{"self":[{"href":"https:\/\/familienhoerbuch.de\/da\/wp-json\/wp\/v2\/pages\/14123","targetHints":{"allow":["GET"]}}],"collection":[{"href":"https:\/\/familienhoerbuch.de\/da\/wp-json\/wp\/v2\/pages"}],"about":[{"href":"https:\/\/familienhoerbuch.de\/da\/wp-json\/wp\/v2\/types\/page"}],"author":[{"embeddable":true,"href":"https:\/\/familienhoerbuch.de\/da\/wp-json\/wp\/v2\/users\/7"}],"replies":[{"embeddable":true,"href":"https:\/\/familienhoerbuch.de\/da\/wp-json\/wp\/v2\/comments?post=14123"}],"version-history":[{"count":0,"href":"https:\/\/familienhoerbuch.de\/da\/wp-json\/wp\/v2\/pages\/14123\/revisions"}],"wp:attachment":[{"href":"https:\/\/familienhoerbuch.de\/da\/wp-json\/wp\/v2\/media?parent=14123"}],"curies":[{"name":"wp","href":"https:\/\/api.w.org\/{rel}","templated":true}]}}